{"id":63728,"date":"2017-12-07T16:32:48","date_gmt":"2023-06-06T08:21:22","guid":{"rendered":"https:\/\/cardinal.pixel-tal.de\/klebebaender\/non class\u00e9\/3m-ruban-adhesif-double-face-9525\/"},"modified":"2023-06-06T10:21:22","modified_gmt":"2023-06-06T08:21:22","slug":"3m-9525-bande-adhesive-deux-faces-avec-support-tisse","status":"publish","type":"product","link":"https:\/\/cardinal-tapes.com\/fr\/rubans-adh\u00e9sifs\/rubans-adhesifs-double-face\/3m-9525-bande-adhesive-deux-faces-avec-support-tisse\/","title":{"rendered":"3M\u2122 Ruban adh\u00e9sif double face 9525"},"content":{"rendered":"<p>Le 3M\u2122 9525 est un ruban adh\u00e9sif double face destin\u00e9 \u00e0 un large \u00e9ventail d&#8217;applications, comme la construction de stands d&#8217;exposition, les tapis et le secteur publicitaire. Le ruban adh\u00e9sif dispose d&#8217;un support textile.<\/p>\n<p><strong>Caract\u00e9ristiques<\/strong><br \/>\nLe ruban 9525 se caract\u00e9rise par une adh\u00e9rence imm\u00e9diate \u00e9lev\u00e9e. L&#8217;\u00e9paisseur de la colle permet une bonne adh\u00e9rence, m\u00eame sur des surfaces rugueuses ou l\u00e9g\u00e8rement in\u00e9gales.<br \/>\nles surfaces. De plus, le ruban adh\u00e9sif 9525 pr\u00e9sente une tr\u00e8s bonne force de pelage sur les mat\u00e9riaux les plus divers tels que le m\u00e9tal, les mati\u00e8res plastiques, le papier, le bois, les textiles, le verre, etc.<\/p>\n<p><strong>Applications<\/strong><br \/>\n&#8211; Collage de moquettes et d&#8217;autres rev\u00eatements de sol<br \/>\n&#8211; Utilisable dans l&#8217;industrie, le secteur de la publicit\u00e9 et de la d\u00e9coration<br \/>\n&#8211; Assemblage, pour maintenir, fixer, faire des continuums et laminer<\/p>\n","protected":false},"excerpt":{"rendered":"<p>Le 3M\u2122 9525 est un ruban adh\u00e9sif double face destin\u00e9 \u00e0 un large \u00e9ventail d&#8217;applications, comme la construction de stands d&#8217;exposition, les tapis et le secteur publicitaire. Le ruban adh\u00e9sif dispose d&#8217;un support textile. Caract\u00e9ristiques Le ruban 9525 se caract\u00e9rise par une adh\u00e9rence imm\u00e9diate \u00e9lev\u00e9e. L&#8217;\u00e9paisseur de la colle permet une bonne adh\u00e9rence, m\u00eame sur [&hellip;]<\/p>\n","protected":false},"featured_media":24316,"template":"","meta":{"_acf_changed":false},"pwb-brand":[2167],"product_brand":[],"product_cat":[1834],"product_tag":[],"class_list":{"0":"post-63728","1":"product","2":"type-product","3":"status-publish","4":"has-post-thumbnail","6":"pwb-brand-3m-fr","7":"product_cat-rubans-adhesifs-double-face","9":"first","10":"instock","11":"taxable","12":"shipping-taxable","13":"purchasable","14":"product-type-variable"},"acf":[],"yoast_head":"<!-- This site is optimized with the Yoast SEO plugin v27.3 - https:\/\/yoast.com\/product\/yoast-seo-wordpress\/ -->\n<title>3M 9525 Ruban adh\u00e9sif double face avec support en tissu | Cardinal TAPES<\/title>\n<meta name=\"description\" content=\"Le ruban adh\u00e9sif double face 3M 9525 avec support en tissu a une adh\u00e9rence imm\u00e9diate tr\u00e8s \u00e9lev\u00e9e gr\u00e2ce \u00e0 son adh\u00e9sif en caoutchouc synth\u00e9tique souple. En savoir plus.\" \/>\n<meta name=\"robots\" content=\"index, follow, max-snippet:-1, max-image-preview:large, max-video-preview:-1\" \/>\n<link rel=\"canonical\" href=\"https:\/\/cardinal-tapes.com\/fr\/rubans-adh\u00e9sifs\/rubans-adhesifs-double-face\/3m-9525-bande-adhesive-deux-faces-avec-support-tisse\/\" \/>\n<meta property=\"og:locale\" content=\"fr_FR\" \/>\n<meta property=\"og:type\" content=\"article\" \/>\n<meta property=\"og:title\" content=\"3M 9525 Ruban adh\u00e9sif double face avec support en tissu | Cardinal TAPES\" \/>\n<meta property=\"og:description\" content=\"Le ruban adh\u00e9sif double face 3M 9525 avec support en tissu a une adh\u00e9rence imm\u00e9diate tr\u00e8s \u00e9lev\u00e9e gr\u00e2ce \u00e0 son adh\u00e9sif en caoutchouc synth\u00e9tique souple. En savoir plus.\" \/>\n<meta property=\"og:url\" content=\"https:\/\/cardinal-tapes.com\/fr\/rubans-adh\u00e9sifs\/rubans-adhesifs-double-face\/3m-9525-bande-adhesive-deux-faces-avec-support-tisse\/\" \/>\n<meta property=\"og:site_name\" content=\"cardinal TAPES\" \/>\n<meta property=\"og:image\" content=\"https:\/\/cardinal-tapes.com\/wp-content\/uploads\/3m_doppelseitig_papiervliestraeger_9525.jpg\" \/>\n\t<meta property=\"og:image:width\" content=\"600\" \/>\n\t<meta property=\"og:image:height\" content=\"600\" \/>\n\t<meta property=\"og:image:type\" content=\"image\/jpeg\" \/>\n<meta name=\"twitter:card\" content=\"summary_large_image\" \/>\n<meta name=\"twitter:label1\" content=\"Dur\u00e9e de lecture estim\u00e9e\" \/>\n\t<meta name=\"twitter:data1\" content=\"1 minute\" \/>\n<script type=\"application\/ld+json\" class=\"yoast-schema-graph\">{\"@context\":\"https:\\\/\\\/schema.org\",\"@graph\":[{\"@type\":\"WebPage\",\"@id\":\"https:\\\/\\\/cardinal-tapes.com\\\/fr\\\/rubans-adh\u00e9sifs\\\/rubans-adhesifs-double-face\\\/3m-9525-bande-adhesive-deux-faces-avec-support-tisse\\\/\",\"url\":\"https:\\\/\\\/cardinal-tapes.com\\\/fr\\\/rubans-adh\u00e9sifs\\\/rubans-adhesifs-double-face\\\/3m-9525-bande-adhesive-deux-faces-avec-support-tisse\\\/\",\"name\":\"3M 9525 Ruban adh\u00e9sif double face avec support en tissu | Cardinal TAPES\",\"isPartOf\":{\"@id\":\"https:\\\/\\\/cardinal-tapes.com\\\/#website\"},\"primaryImageOfPage\":{\"@id\":\"https:\\\/\\\/cardinal-tapes.com\\\/fr\\\/rubans-adh\u00e9sifs\\\/rubans-adhesifs-double-face\\\/3m-9525-bande-adhesive-deux-faces-avec-support-tisse\\\/#primaryimage\"},\"image\":{\"@id\":\"https:\\\/\\\/cardinal-tapes.com\\\/fr\\\/rubans-adh\u00e9sifs\\\/rubans-adhesifs-double-face\\\/3m-9525-bande-adhesive-deux-faces-avec-support-tisse\\\/#primaryimage\"},\"thumbnailUrl\":\"https:\\\/\\\/cardinal-tapes.com\\\/wp-content\\\/uploads\\\/3m_doppelseitig_papiervliestraeger_9525.jpg\",\"datePublished\":\"2023-06-06T08:21:22+00:00\",\"description\":\"Le ruban adh\u00e9sif double face 3M 9525 avec support en tissu a une adh\u00e9rence imm\u00e9diate tr\u00e8s \u00e9lev\u00e9e gr\u00e2ce \u00e0 son adh\u00e9sif en caoutchouc synth\u00e9tique souple. En savoir plus.\",\"breadcrumb\":{\"@id\":\"https:\\\/\\\/cardinal-tapes.com\\\/fr\\\/rubans-adh\u00e9sifs\\\/rubans-adhesifs-double-face\\\/3m-9525-bande-adhesive-deux-faces-avec-support-tisse\\\/#breadcrumb\"},\"inLanguage\":\"fr-FR\",\"potentialAction\":[{\"@type\":\"ReadAction\",\"target\":[\"https:\\\/\\\/cardinal-tapes.com\\\/fr\\\/rubans-adh\u00e9sifs\\\/rubans-adhesifs-double-face\\\/3m-9525-bande-adhesive-deux-faces-avec-support-tisse\\\/\"]}]},{\"@type\":\"ImageObject\",\"inLanguage\":\"fr-FR\",\"@id\":\"https:\\\/\\\/cardinal-tapes.com\\\/fr\\\/rubans-adh\u00e9sifs\\\/rubans-adhesifs-double-face\\\/3m-9525-bande-adhesive-deux-faces-avec-support-tisse\\\/#primaryimage\",\"url\":\"https:\\\/\\\/cardinal-tapes.com\\\/wp-content\\\/uploads\\\/3m_doppelseitig_papiervliestraeger_9525.jpg\",\"contentUrl\":\"https:\\\/\\\/cardinal-tapes.com\\\/wp-content\\\/uploads\\\/3m_doppelseitig_papiervliestraeger_9525.jpg\",\"width\":600,\"height\":600,\"caption\":\"Ruban adh\u00e9sif double face en papier 3M 9525\"},{\"@type\":\"BreadcrumbList\",\"@id\":\"https:\\\/\\\/cardinal-tapes.com\\\/fr\\\/rubans-adh\u00e9sifs\\\/rubans-adhesifs-double-face\\\/3m-9525-bande-adhesive-deux-faces-avec-support-tisse\\\/#breadcrumb\",\"itemListElement\":[{\"@type\":\"ListItem\",\"position\":1,\"name\":\"Startseite\",\"item\":\"https:\\\/\\\/cardinal-tapes.com\\\/fr\\\/accueil\\\/\"},{\"@type\":\"ListItem\",\"position\":2,\"name\":\"Rubans adh\u00e9sifs\",\"item\":\"https:\\\/\\\/cardinal-tapes.com\\\/fr\\\/rubans-adhesifs-fr\\\/\"},{\"@type\":\"ListItem\",\"position\":3,\"name\":\"Rubans adh\u00e9sifs double face\",\"item\":\"https:\\\/\\\/cardinal-tapes.com\\\/fr\\\/catgorie\\\/rubans-adhesifs-double-face\\\/\"},{\"@type\":\"ListItem\",\"position\":4,\"name\":\"3M\u2122 Ruban adh\u00e9sif double face 9525\"}]},{\"@type\":\"WebSite\",\"@id\":\"https:\\\/\\\/cardinal-tapes.com\\\/#website\",\"url\":\"https:\\\/\\\/cardinal-tapes.com\\\/\",\"name\":\"cardinal TAPES\",\"description\":\"Klebetechnik aus Wuppertal\",\"potentialAction\":[{\"@type\":\"SearchAction\",\"target\":{\"@type\":\"EntryPoint\",\"urlTemplate\":\"https:\\\/\\\/cardinal-tapes.com\\\/?s={search_term_string}\"},\"query-input\":{\"@type\":\"PropertyValueSpecification\",\"valueRequired\":true,\"valueName\":\"search_term_string\"}}],\"inLanguage\":\"fr-FR\"}]}<\/script>\n<!-- \/ Yoast SEO plugin. -->","yoast_head_json":{"title":"3M 9525 Ruban adh\u00e9sif double face avec support en tissu | Cardinal TAPES","description":"Le ruban adh\u00e9sif double face 3M 9525 avec support en tissu a une adh\u00e9rence imm\u00e9diate tr\u00e8s \u00e9lev\u00e9e gr\u00e2ce \u00e0 son adh\u00e9sif en caoutchouc synth\u00e9tique souple. En savoir plus.","robots":{"index":"index","follow":"follow","max-snippet":"max-snippet:-1","max-image-preview":"max-image-preview:large","max-video-preview":"max-video-preview:-1"},"canonical":"https:\/\/cardinal-tapes.com\/fr\/rubans-adh\u00e9sifs\/rubans-adhesifs-double-face\/3m-9525-bande-adhesive-deux-faces-avec-support-tisse\/","og_locale":"fr_FR","og_type":"article","og_title":"3M 9525 Ruban adh\u00e9sif double face avec support en tissu | Cardinal TAPES","og_description":"Le ruban adh\u00e9sif double face 3M 9525 avec support en tissu a une adh\u00e9rence imm\u00e9diate tr\u00e8s \u00e9lev\u00e9e gr\u00e2ce \u00e0 son adh\u00e9sif en caoutchouc synth\u00e9tique souple. En savoir plus.","og_url":"https:\/\/cardinal-tapes.com\/fr\/rubans-adh\u00e9sifs\/rubans-adhesifs-double-face\/3m-9525-bande-adhesive-deux-faces-avec-support-tisse\/","og_site_name":"cardinal TAPES","og_image":[{"width":600,"height":600,"url":"https:\/\/cardinal-tapes.com\/wp-content\/uploads\/3m_doppelseitig_papiervliestraeger_9525.jpg","type":"image\/jpeg"}],"twitter_card":"summary_large_image","twitter_misc":{"Dur\u00e9e de lecture estim\u00e9e":"1 minute"},"schema":{"@context":"https:\/\/schema.org","@graph":[{"@type":"WebPage","@id":"https:\/\/cardinal-tapes.com\/fr\/rubans-adh\u00e9sifs\/rubans-adhesifs-double-face\/3m-9525-bande-adhesive-deux-faces-avec-support-tisse\/","url":"https:\/\/cardinal-tapes.com\/fr\/rubans-adh\u00e9sifs\/rubans-adhesifs-double-face\/3m-9525-bande-adhesive-deux-faces-avec-support-tisse\/","name":"3M 9525 Ruban adh\u00e9sif double face avec support en tissu | Cardinal TAPES","isPartOf":{"@id":"https:\/\/cardinal-tapes.com\/#website"},"primaryImageOfPage":{"@id":"https:\/\/cardinal-tapes.com\/fr\/rubans-adh\u00e9sifs\/rubans-adhesifs-double-face\/3m-9525-bande-adhesive-deux-faces-avec-support-tisse\/#primaryimage"},"image":{"@id":"https:\/\/cardinal-tapes.com\/fr\/rubans-adh\u00e9sifs\/rubans-adhesifs-double-face\/3m-9525-bande-adhesive-deux-faces-avec-support-tisse\/#primaryimage"},"thumbnailUrl":"https:\/\/cardinal-tapes.com\/wp-content\/uploads\/3m_doppelseitig_papiervliestraeger_9525.jpg","datePublished":"2023-06-06T08:21:22+00:00","description":"Le ruban adh\u00e9sif double face 3M 9525 avec support en tissu a une adh\u00e9rence imm\u00e9diate tr\u00e8s \u00e9lev\u00e9e gr\u00e2ce \u00e0 son adh\u00e9sif en caoutchouc synth\u00e9tique souple. En savoir plus.","breadcrumb":{"@id":"https:\/\/cardinal-tapes.com\/fr\/rubans-adh\u00e9sifs\/rubans-adhesifs-double-face\/3m-9525-bande-adhesive-deux-faces-avec-support-tisse\/#breadcrumb"},"inLanguage":"fr-FR","potentialAction":[{"@type":"ReadAction","target":["https:\/\/cardinal-tapes.com\/fr\/rubans-adh\u00e9sifs\/rubans-adhesifs-double-face\/3m-9525-bande-adhesive-deux-faces-avec-support-tisse\/"]}]},{"@type":"ImageObject","inLanguage":"fr-FR","@id":"https:\/\/cardinal-tapes.com\/fr\/rubans-adh\u00e9sifs\/rubans-adhesifs-double-face\/3m-9525-bande-adhesive-deux-faces-avec-support-tisse\/#primaryimage","url":"https:\/\/cardinal-tapes.com\/wp-content\/uploads\/3m_doppelseitig_papiervliestraeger_9525.jpg","contentUrl":"https:\/\/cardinal-tapes.com\/wp-content\/uploads\/3m_doppelseitig_papiervliestraeger_9525.jpg","width":600,"height":600,"caption":"Ruban adh\u00e9sif double face en papier 3M 9525"},{"@type":"BreadcrumbList","@id":"https:\/\/cardinal-tapes.com\/fr\/rubans-adh\u00e9sifs\/rubans-adhesifs-double-face\/3m-9525-bande-adhesive-deux-faces-avec-support-tisse\/#breadcrumb","itemListElement":[{"@type":"ListItem","position":1,"name":"Startseite","item":"https:\/\/cardinal-tapes.com\/fr\/accueil\/"},{"@type":"ListItem","position":2,"name":"Rubans adh\u00e9sifs","item":"https:\/\/cardinal-tapes.com\/fr\/rubans-adhesifs-fr\/"},{"@type":"ListItem","position":3,"name":"Rubans adh\u00e9sifs double face","item":"https:\/\/cardinal-tapes.com\/fr\/catgorie\/rubans-adhesifs-double-face\/"},{"@type":"ListItem","position":4,"name":"3M\u2122 Ruban adh\u00e9sif double face 9525"}]},{"@type":"WebSite","@id":"https:\/\/cardinal-tapes.com\/#website","url":"https:\/\/cardinal-tapes.com\/","name":"cardinal TAPES","description":"Klebetechnik aus Wuppertal","potentialAction":[{"@type":"SearchAction","target":{"@type":"EntryPoint","urlTemplate":"https:\/\/cardinal-tapes.com\/?s={search_term_string}"},"query-input":{"@type":"PropertyValueSpecification","valueRequired":true,"valueName":"search_term_string"}}],"inLanguage":"fr-FR"}]}},"brands":[{"id":2167,"name":"3M","slug":"3m-fr"}],"_links":{"self":[{"href":"https:\/\/cardinal-tapes.com\/fr\/wp-json\/wp\/v2\/product\/63728","targetHints":{"allow":["GET"]}}],"collection":[{"href":"https:\/\/cardinal-tapes.com\/fr\/wp-json\/wp\/v2\/product"}],"about":[{"href":"https:\/\/cardinal-tapes.com\/fr\/wp-json\/wp\/v2\/types\/product"}],"wp:featuredmedia":[{"embeddable":true,"href":"https:\/\/cardinal-tapes.com\/fr\/wp-json\/wp\/v2\/media\/24316"}],"wp:attachment":[{"href":"https:\/\/cardinal-tapes.com\/fr\/wp-json\/wp\/v2\/media?parent=63728"}],"wp:term":[{"taxonomy":"pwb-brand","embeddable":true,"href":"https:\/\/cardinal-tapes.com\/fr\/wp-json\/wp\/v2\/pwb-brand?post=63728"},{"taxonomy":"product_brand","embeddable":true,"href":"https:\/\/cardinal-tapes.com\/fr\/wp-json\/wp\/v2\/product_brand?post=63728"},{"taxonomy":"product_cat","embeddable":true,"href":"https:\/\/cardinal-tapes.com\/fr\/wp-json\/wp\/v2\/product_cat?post=63728"},{"taxonomy":"product_tag","embeddable":true,"href":"https:\/\/cardinal-tapes.com\/fr\/wp-json\/wp\/v2\/product_tag?post=63728"}],"curies":[{"name":"wp","href":"https:\/\/api.w.org\/{rel}","templated":true}]}}