{"id":63279,"date":"2017-12-08T08:35:41","date_gmt":"2023-06-06T08:21:05","guid":{"rendered":"https:\/\/cardinal.pixel-tal.de\/klebebaender\/non%20class\u00e9\/3m-bande-detancheite-haute-performance-4412n\/"},"modified":"2025-07-10T13:19:14","modified_gmt":"2025-07-10T11:19:14","slug":"3m-ruban-detancheite-haute-performance-4412n","status":"publish","type":"product","link":"https:\/\/cardinal-tapes.com\/fr\/rubans-adh\u00e9sifs\/rubans-adhesifs-simple-face\/3m-ruban-detancheite-haute-performance-4412n\/","title":{"rendered":"3M\u2122 Bande d&#8217;\u00e9tanch\u00e9it\u00e9 haute performance 4412N"},"content":{"rendered":"<p>La bande d&#8217;\u00e9tanch\u00e9it\u00e9 haute performance 3M 4412N se compose d&#8217;une bande d&#8217;\u00e9tanch\u00e9it\u00e9 acrylique simple face avec un support ionom\u00e8re robuste et un adh\u00e9sif visco\u00e9lastique. Gr\u00e2ce \u00e0 ces composants, la bande d&#8217;\u00e9tanch\u00e9it\u00e9 est particuli\u00e8rement \u00e9tanche \u00e0 l&#8217;eau tout en \u00e9tant r\u00e9sistante \u00e0 la temp\u00e9rature et aux UV. C&#8217;est pourquoi le ruban d&#8217;\u00e9tanch\u00e9it\u00e9 haute performance 4412N est utilis\u00e9 pour sceller les t\u00eates de vis, les transitions et bien d&#8217;autres choses encore. En outre, la bande peut \u00eatre peinte, ce qui permet de r\u00e9pondre \u00e0 des exigences individuelles.<\/p>\n<p><strong>Caract\u00e9ristiques<\/strong><br \/>\nLe ruban adh\u00e9sif 4412N est un ruban d&#8217;\u00e9tanch\u00e9it\u00e9 acrylique simple face avec un support ionom\u00e8re robuste et un adh\u00e9sif visco\u00e9lastique qui assure une adh\u00e9rence, une flexibilit\u00e9 et une adaptabilit\u00e9 extr\u00eamement \u00e9lev\u00e9es. De plus, le ruban est r\u00e9sistant \u00e0 la temp\u00e9rature, aux intemp\u00e9ries et aux UV. En outre, il r\u00e9siste aux solvants, peut \u00eatre peint et est \u00e9tanche.<\/p>\n<p><strong>Applications<\/strong><br \/>\n&#8211; Scellements \u00e9tanches sur les contours, les bords, les transitions, les rivets et les t\u00eates de vis<br \/>\n&#8211; Applications d&#8217;\u00e9tanch\u00e9it\u00e9 et r\u00e9parations sur des mat\u00e9riaux \u00e0 haute \u00e9nergie tels que les m\u00e9taux, les surfaces peintes, le verre et de nombreux plastiques<br \/>\n&#8211; Pour l&#8217;int\u00e9rieur et l&#8217;ext\u00e9rieur<\/p>\n","protected":false},"excerpt":{"rendered":"<p>La bande d&#8217;\u00e9tanch\u00e9it\u00e9 haute performance 3M 4412N se compose d&#8217;une bande d&#8217;\u00e9tanch\u00e9it\u00e9 acrylique simple face avec un support ionom\u00e8re robuste et un adh\u00e9sif visco\u00e9lastique. Gr\u00e2ce \u00e0 ces composants, la bande d&#8217;\u00e9tanch\u00e9it\u00e9 est particuli\u00e8rement \u00e9tanche \u00e0 l&#8217;eau tout en \u00e9tant r\u00e9sistante \u00e0 la temp\u00e9rature et aux UV. C&#8217;est pourquoi le ruban d&#8217;\u00e9tanch\u00e9it\u00e9 haute performance 4412N est [&hellip;]<\/p>\n","protected":false},"featured_media":26768,"template":"","meta":{"_acf_changed":false},"pwb-brand":[2167],"product_brand":[],"product_cat":[1836],"product_tag":[],"class_list":{"0":"post-63279","1":"product","2":"type-product","3":"status-publish","4":"has-post-thumbnail","6":"pwb-brand-3m-fr","7":"product_cat-rubans-adhesifs-simple-face","9":"first","10":"instock","11":"taxable","12":"shipping-taxable","13":"purchasable","14":"product-type-variable"},"acf":[],"yoast_head":"<!-- This site is optimized with the Yoast SEO plugin v27.3 - https:\/\/yoast.com\/product\/yoast-seo-wordpress\/ -->\n<title>3M Bande d&#039;\u00e9tanch\u00e9it\u00e9 haute performance 4412N | Cardinal TAPES<\/title>\n<meta name=\"description\" content=\"La bande d&#039;\u00e9tanch\u00e9it\u00e9 haute performance 3M 4412N se compose d&#039;une bande d&#039;\u00e9tanch\u00e9it\u00e9 acrylique simple face avec un support ionom\u00e8re robuste et un adh\u00e9sif visco\u00e9lastique.\" \/>\n<meta name=\"robots\" content=\"index, follow, max-snippet:-1, max-image-preview:large, max-video-preview:-1\" \/>\n<link rel=\"canonical\" href=\"https:\/\/cardinal-tapes.com\/fr\/rubans-adh\u00e9sifs\/rubans-adhesifs-simple-face\/3m-ruban-detancheite-haute-performance-4412n\/\" \/>\n<meta property=\"og:locale\" content=\"fr_FR\" \/>\n<meta property=\"og:type\" content=\"article\" \/>\n<meta property=\"og:title\" content=\"3M Bande d&#039;\u00e9tanch\u00e9it\u00e9 haute performance 4412N | Cardinal TAPES\" \/>\n<meta property=\"og:description\" content=\"La bande d&#039;\u00e9tanch\u00e9it\u00e9 haute performance 3M 4412N se compose d&#039;une bande d&#039;\u00e9tanch\u00e9it\u00e9 acrylique simple face avec un support ionom\u00e8re robuste et un adh\u00e9sif visco\u00e9lastique.\" \/>\n<meta property=\"og:url\" content=\"https:\/\/cardinal-tapes.com\/fr\/rubans-adh\u00e9sifs\/rubans-adhesifs-simple-face\/3m-ruban-detancheite-haute-performance-4412n\/\" \/>\n<meta property=\"og:site_name\" content=\"cardinal TAPES\" \/>\n<meta property=\"article:modified_time\" content=\"2025-07-10T11:19:14+00:00\" \/>\n<meta property=\"og:image\" content=\"https:\/\/cardinal-tapes.com\/wp-content\/uploads\/4411g-4411b-4412n.jpg\" \/>\n\t<meta property=\"og:image:width\" content=\"236\" \/>\n\t<meta property=\"og:image:height\" content=\"167\" \/>\n\t<meta property=\"og:image:type\" content=\"image\/jpeg\" \/>\n<meta name=\"twitter:card\" content=\"summary_large_image\" \/>\n<meta name=\"twitter:label1\" content=\"Dur\u00e9e de lecture estim\u00e9e\" \/>\n\t<meta name=\"twitter:data1\" content=\"1 minute\" \/>\n<script type=\"application\/ld+json\" class=\"yoast-schema-graph\">{\"@context\":\"https:\\\/\\\/schema.org\",\"@graph\":[{\"@type\":\"WebPage\",\"@id\":\"https:\\\/\\\/cardinal-tapes.com\\\/fr\\\/rubans-adh\u00e9sifs\\\/rubans-adhesifs-simple-face\\\/3m-ruban-detancheite-haute-performance-4412n\\\/\",\"url\":\"https:\\\/\\\/cardinal-tapes.com\\\/fr\\\/rubans-adh\u00e9sifs\\\/rubans-adhesifs-simple-face\\\/3m-ruban-detancheite-haute-performance-4412n\\\/\",\"name\":\"3M Bande d'\u00e9tanch\u00e9it\u00e9 haute performance 4412N | Cardinal TAPES\",\"isPartOf\":{\"@id\":\"https:\\\/\\\/cardinal-tapes.com\\\/#website\"},\"primaryImageOfPage\":{\"@id\":\"https:\\\/\\\/cardinal-tapes.com\\\/fr\\\/rubans-adh\u00e9sifs\\\/rubans-adhesifs-simple-face\\\/3m-ruban-detancheite-haute-performance-4412n\\\/#primaryimage\"},\"image\":{\"@id\":\"https:\\\/\\\/cardinal-tapes.com\\\/fr\\\/rubans-adh\u00e9sifs\\\/rubans-adhesifs-simple-face\\\/3m-ruban-detancheite-haute-performance-4412n\\\/#primaryimage\"},\"thumbnailUrl\":\"https:\\\/\\\/cardinal-tapes.com\\\/wp-content\\\/uploads\\\/4411g-4411b-4412n.jpg\",\"datePublished\":\"2023-06-06T08:21:05+00:00\",\"dateModified\":\"2025-07-10T11:19:14+00:00\",\"description\":\"La bande d'\u00e9tanch\u00e9it\u00e9 haute performance 3M 4412N se compose d'une bande d'\u00e9tanch\u00e9it\u00e9 acrylique simple face avec un support ionom\u00e8re robuste et un adh\u00e9sif visco\u00e9lastique.\",\"breadcrumb\":{\"@id\":\"https:\\\/\\\/cardinal-tapes.com\\\/fr\\\/rubans-adh\u00e9sifs\\\/rubans-adhesifs-simple-face\\\/3m-ruban-detancheite-haute-performance-4412n\\\/#breadcrumb\"},\"inLanguage\":\"fr-FR\",\"potentialAction\":[{\"@type\":\"ReadAction\",\"target\":[\"https:\\\/\\\/cardinal-tapes.com\\\/fr\\\/rubans-adh\u00e9sifs\\\/rubans-adhesifs-simple-face\\\/3m-ruban-detancheite-haute-performance-4412n\\\/\"]}]},{\"@type\":\"ImageObject\",\"inLanguage\":\"fr-FR\",\"@id\":\"https:\\\/\\\/cardinal-tapes.com\\\/fr\\\/rubans-adh\u00e9sifs\\\/rubans-adhesifs-simple-face\\\/3m-ruban-detancheite-haute-performance-4412n\\\/#primaryimage\",\"url\":\"https:\\\/\\\/cardinal-tapes.com\\\/wp-content\\\/uploads\\\/4411g-4411b-4412n.jpg\",\"contentUrl\":\"https:\\\/\\\/cardinal-tapes.com\\\/wp-content\\\/uploads\\\/4411g-4411b-4412n.jpg\",\"width\":236,\"height\":167,\"caption\":\"4411g-4411b-4412n\"},{\"@type\":\"BreadcrumbList\",\"@id\":\"https:\\\/\\\/cardinal-tapes.com\\\/fr\\\/rubans-adh\u00e9sifs\\\/rubans-adhesifs-simple-face\\\/3m-ruban-detancheite-haute-performance-4412n\\\/#breadcrumb\",\"itemListElement\":[{\"@type\":\"ListItem\",\"position\":1,\"name\":\"Startseite\",\"item\":\"https:\\\/\\\/cardinal-tapes.com\\\/fr\\\/accueil\\\/\"},{\"@type\":\"ListItem\",\"position\":2,\"name\":\"Rubans adh\u00e9sifs\",\"item\":\"https:\\\/\\\/cardinal-tapes.com\\\/fr\\\/rubans-adhesifs-fr\\\/\"},{\"@type\":\"ListItem\",\"position\":3,\"name\":\"Rubans adh\u00e9sifs simple face\",\"item\":\"https:\\\/\\\/cardinal-tapes.com\\\/fr\\\/catgorie\\\/rubans-adhesifs-simple-face\\\/\"},{\"@type\":\"ListItem\",\"position\":4,\"name\":\"3M\u2122 Bande d&#8217;\u00e9tanch\u00e9it\u00e9 haute performance 4412N\"}]},{\"@type\":\"WebSite\",\"@id\":\"https:\\\/\\\/cardinal-tapes.com\\\/#website\",\"url\":\"https:\\\/\\\/cardinal-tapes.com\\\/\",\"name\":\"cardinal TAPES\",\"description\":\"Klebetechnik aus Wuppertal\",\"potentialAction\":[{\"@type\":\"SearchAction\",\"target\":{\"@type\":\"EntryPoint\",\"urlTemplate\":\"https:\\\/\\\/cardinal-tapes.com\\\/?s={search_term_string}\"},\"query-input\":{\"@type\":\"PropertyValueSpecification\",\"valueRequired\":true,\"valueName\":\"search_term_string\"}}],\"inLanguage\":\"fr-FR\"}]}<\/script>\n<!-- \/ Yoast SEO plugin. -->","yoast_head_json":{"title":"3M Bande d'\u00e9tanch\u00e9it\u00e9 haute performance 4412N | Cardinal TAPES","description":"La bande d'\u00e9tanch\u00e9it\u00e9 haute performance 3M 4412N se compose d'une bande d'\u00e9tanch\u00e9it\u00e9 acrylique simple face avec un support ionom\u00e8re robuste et un adh\u00e9sif visco\u00e9lastique.","robots":{"index":"index","follow":"follow","max-snippet":"max-snippet:-1","max-image-preview":"max-image-preview:large","max-video-preview":"max-video-preview:-1"},"canonical":"https:\/\/cardinal-tapes.com\/fr\/rubans-adh\u00e9sifs\/rubans-adhesifs-simple-face\/3m-ruban-detancheite-haute-performance-4412n\/","og_locale":"fr_FR","og_type":"article","og_title":"3M Bande d'\u00e9tanch\u00e9it\u00e9 haute performance 4412N | Cardinal TAPES","og_description":"La bande d'\u00e9tanch\u00e9it\u00e9 haute performance 3M 4412N se compose d'une bande d'\u00e9tanch\u00e9it\u00e9 acrylique simple face avec un support ionom\u00e8re robuste et un adh\u00e9sif visco\u00e9lastique.","og_url":"https:\/\/cardinal-tapes.com\/fr\/rubans-adh\u00e9sifs\/rubans-adhesifs-simple-face\/3m-ruban-detancheite-haute-performance-4412n\/","og_site_name":"cardinal TAPES","article_modified_time":"2025-07-10T11:19:14+00:00","og_image":[{"width":236,"height":167,"url":"https:\/\/cardinal-tapes.com\/wp-content\/uploads\/4411g-4411b-4412n.jpg","type":"image\/jpeg"}],"twitter_card":"summary_large_image","twitter_misc":{"Dur\u00e9e de lecture estim\u00e9e":"1 minute"},"schema":{"@context":"https:\/\/schema.org","@graph":[{"@type":"WebPage","@id":"https:\/\/cardinal-tapes.com\/fr\/rubans-adh\u00e9sifs\/rubans-adhesifs-simple-face\/3m-ruban-detancheite-haute-performance-4412n\/","url":"https:\/\/cardinal-tapes.com\/fr\/rubans-adh\u00e9sifs\/rubans-adhesifs-simple-face\/3m-ruban-detancheite-haute-performance-4412n\/","name":"3M Bande d'\u00e9tanch\u00e9it\u00e9 haute performance 4412N | Cardinal TAPES","isPartOf":{"@id":"https:\/\/cardinal-tapes.com\/#website"},"primaryImageOfPage":{"@id":"https:\/\/cardinal-tapes.com\/fr\/rubans-adh\u00e9sifs\/rubans-adhesifs-simple-face\/3m-ruban-detancheite-haute-performance-4412n\/#primaryimage"},"image":{"@id":"https:\/\/cardinal-tapes.com\/fr\/rubans-adh\u00e9sifs\/rubans-adhesifs-simple-face\/3m-ruban-detancheite-haute-performance-4412n\/#primaryimage"},"thumbnailUrl":"https:\/\/cardinal-tapes.com\/wp-content\/uploads\/4411g-4411b-4412n.jpg","datePublished":"2023-06-06T08:21:05+00:00","dateModified":"2025-07-10T11:19:14+00:00","description":"La bande d'\u00e9tanch\u00e9it\u00e9 haute performance 3M 4412N se compose d'une bande d'\u00e9tanch\u00e9it\u00e9 acrylique simple face avec un support ionom\u00e8re robuste et un adh\u00e9sif visco\u00e9lastique.","breadcrumb":{"@id":"https:\/\/cardinal-tapes.com\/fr\/rubans-adh\u00e9sifs\/rubans-adhesifs-simple-face\/3m-ruban-detancheite-haute-performance-4412n\/#breadcrumb"},"inLanguage":"fr-FR","potentialAction":[{"@type":"ReadAction","target":["https:\/\/cardinal-tapes.com\/fr\/rubans-adh\u00e9sifs\/rubans-adhesifs-simple-face\/3m-ruban-detancheite-haute-performance-4412n\/"]}]},{"@type":"ImageObject","inLanguage":"fr-FR","@id":"https:\/\/cardinal-tapes.com\/fr\/rubans-adh\u00e9sifs\/rubans-adhesifs-simple-face\/3m-ruban-detancheite-haute-performance-4412n\/#primaryimage","url":"https:\/\/cardinal-tapes.com\/wp-content\/uploads\/4411g-4411b-4412n.jpg","contentUrl":"https:\/\/cardinal-tapes.com\/wp-content\/uploads\/4411g-4411b-4412n.jpg","width":236,"height":167,"caption":"4411g-4411b-4412n"},{"@type":"BreadcrumbList","@id":"https:\/\/cardinal-tapes.com\/fr\/rubans-adh\u00e9sifs\/rubans-adhesifs-simple-face\/3m-ruban-detancheite-haute-performance-4412n\/#breadcrumb","itemListElement":[{"@type":"ListItem","position":1,"name":"Startseite","item":"https:\/\/cardinal-tapes.com\/fr\/accueil\/"},{"@type":"ListItem","position":2,"name":"Rubans adh\u00e9sifs","item":"https:\/\/cardinal-tapes.com\/fr\/rubans-adhesifs-fr\/"},{"@type":"ListItem","position":3,"name":"Rubans adh\u00e9sifs simple face","item":"https:\/\/cardinal-tapes.com\/fr\/catgorie\/rubans-adhesifs-simple-face\/"},{"@type":"ListItem","position":4,"name":"3M\u2122 Bande d&#8217;\u00e9tanch\u00e9it\u00e9 haute performance 4412N"}]},{"@type":"WebSite","@id":"https:\/\/cardinal-tapes.com\/#website","url":"https:\/\/cardinal-tapes.com\/","name":"cardinal TAPES","description":"Klebetechnik aus Wuppertal","potentialAction":[{"@type":"SearchAction","target":{"@type":"EntryPoint","urlTemplate":"https:\/\/cardinal-tapes.com\/?s={search_term_string}"},"query-input":{"@type":"PropertyValueSpecification","valueRequired":true,"valueName":"search_term_string"}}],"inLanguage":"fr-FR"}]}},"brands":[{"id":2167,"name":"3M","slug":"3m-fr"}],"_links":{"self":[{"href":"https:\/\/cardinal-tapes.com\/fr\/wp-json\/wp\/v2\/product\/63279","targetHints":{"allow":["GET"]}}],"collection":[{"href":"https:\/\/cardinal-tapes.com\/fr\/wp-json\/wp\/v2\/product"}],"about":[{"href":"https:\/\/cardinal-tapes.com\/fr\/wp-json\/wp\/v2\/types\/product"}],"wp:featuredmedia":[{"embeddable":true,"href":"https:\/\/cardinal-tapes.com\/fr\/wp-json\/wp\/v2\/media\/26768"}],"wp:attachment":[{"href":"https:\/\/cardinal-tapes.com\/fr\/wp-json\/wp\/v2\/media?parent=63279"}],"wp:term":[{"taxonomy":"pwb-brand","embeddable":true,"href":"https:\/\/cardinal-tapes.com\/fr\/wp-json\/wp\/v2\/pwb-brand?post=63279"},{"taxonomy":"product_brand","embeddable":true,"href":"https:\/\/cardinal-tapes.com\/fr\/wp-json\/wp\/v2\/product_brand?post=63279"},{"taxonomy":"product_cat","embeddable":true,"href":"https:\/\/cardinal-tapes.com\/fr\/wp-json\/wp\/v2\/product_cat?post=63279"},{"taxonomy":"product_tag","embeddable":true,"href":"https:\/\/cardinal-tapes.com\/fr\/wp-json\/wp\/v2\/product_tag?post=63279"}],"curies":[{"name":"wp","href":"https:\/\/api.w.org\/{rel}","templated":true}]}}