{"id":63250,"date":"2017-12-08T08:50:18","date_gmt":"2023-06-06T08:21:04","guid":{"rendered":"https:\/\/cardinal.pixel-tal.de\/klebebaender\/non%20class\u00e9\/3m-ruban-adhesif-en-aluminium-1436f\/"},"modified":"2025-07-11T09:07:49","modified_gmt":"2025-07-11T07:07:49","slug":"3m-1436-p-f-aluminium-klebeband","status":"publish","type":"product","link":"https:\/\/cardinal-tapes.com\/fr\/rubans-adh\u00e9sifs\/domaines-dapplication\/ruban-adhesif-en-aluminium\/3m-1436-p-f-aluminium-klebeband\/","title":{"rendered":"3M\u2122 Ruban adh\u00e9sif en aluminium 1436F"},"content":{"rendered":"<p>Le ruban adh\u00e9sif en aluminium 3M\u2122 1436F convient \u00e0 diff\u00e9rents usages et a une \u00e9paisseur de 0,075 mm. Le ruban adh\u00e9sif en aluminium souple avec un adh\u00e9sif caoutchouc-r\u00e9sine et un rev\u00eatement de protection facile \u00e0 retirer offre une bonne souplesse gr\u00e2ce au support fin. Ce ruban adh\u00e9sif convient pour des applications \u00e0 l&#8217;int\u00e9rieur et \u00e0 l&#8217;ext\u00e9rieur. Il adh\u00e8re aux surfaces les plus diverses, dont le bois, les m\u00e9taux et les mati\u00e8res plastiques, et r\u00e9pond \u00e0 la norme DIN4102B1 pour les substances difficilement inflammables.<\/p>\n<p><b>Caract\u00e9ristiques<\/b><\/p>\n<p>Il s&#8217;agit d&#8217;un ruban adh\u00e9sif en aluminium bon march\u00e9 pour des applications simples. Le ruban adh\u00e9sif 1436F est compos\u00e9 d&#8217;un adh\u00e9sif caoutchouc-r\u00e9sine offrant une bonne adh\u00e9rence sur les supports les plus divers et d&#8217;une protection qui permet de r\u00e9aliser des pi\u00e8ces d\u00e9coup\u00e9es. En outre, il offre une bonne souplesse gr\u00e2ce \u00e0 la finesse du mat\u00e9riau de support.<\/p>\n<p><b>Applications<br \/>\n<\/b>&#8211; Haute r\u00e9sistance \u00e0 la temp\u00e9rature<br \/>\n&#8211; Convient pour l&#8217;int\u00e9rieur et l&#8217;ext\u00e9rieur<\/p>\n","protected":false},"excerpt":{"rendered":"<p>Le ruban adh\u00e9sif en aluminium 3M\u2122 1436F convient \u00e0 diff\u00e9rents usages et a une \u00e9paisseur de 0,075 mm. Le ruban adh\u00e9sif en aluminium souple avec un adh\u00e9sif caoutchouc-r\u00e9sine et un rev\u00eatement de protection facile \u00e0 retirer offre une bonne souplesse gr\u00e2ce au support fin. Ce ruban adh\u00e9sif convient pour des applications \u00e0 l&#8217;int\u00e9rieur et \u00e0 [&hellip;]<\/p>\n","protected":false},"featured_media":24364,"template":"","meta":{"_acf_changed":false},"pwb-brand":[2167],"product_brand":[],"product_cat":[1666,1836],"product_tag":[],"class_list":{"0":"post-63250","1":"product","2":"type-product","3":"status-publish","4":"has-post-thumbnail","6":"pwb-brand-3m-fr","7":"product_cat-ruban-adhesif-en-aluminium","8":"product_cat-rubans-adhesifs-simple-face","10":"first","11":"instock","12":"taxable","13":"shipping-taxable","14":"purchasable","15":"product-type-variable"},"acf":[],"yoast_head":"<!-- This site is optimized with the Yoast SEO plugin v27.3 - https:\/\/yoast.com\/product\/yoast-seo-wordpress\/ -->\n<title>3M 1436F ruban adh\u00e9sif aluminium | Cardinal TAPES<\/title>\n<meta name=\"description\" content=\"Le ruban adh\u00e9sif 3M 1436 aluminium est principalement utilis\u00e9 pour prot\u00e9ger les \u00e9l\u00e9ments de construction contre les dommages caus\u00e9s par le feu, pour les syst\u00e8mes de climatisation et dans l&#039;industrie du b\u00e2timent.\" \/>\n<meta name=\"robots\" content=\"index, follow, max-snippet:-1, max-image-preview:large, max-video-preview:-1\" \/>\n<link rel=\"canonical\" href=\"https:\/\/cardinal-tapes.com\/fr\/rubans-adh\u00e9sifs\/domaines-dapplication\/ruban-adhesif-en-aluminium\/3m-1436-p-f-aluminium-klebeband\/\" \/>\n<meta property=\"og:locale\" content=\"fr_FR\" \/>\n<meta property=\"og:type\" content=\"article\" \/>\n<meta property=\"og:title\" content=\"3M 1436F ruban adh\u00e9sif aluminium | Cardinal TAPES\" \/>\n<meta property=\"og:description\" content=\"Le ruban adh\u00e9sif 3M 1436 aluminium est principalement utilis\u00e9 pour prot\u00e9ger les \u00e9l\u00e9ments de construction contre les dommages caus\u00e9s par le feu, pour les syst\u00e8mes de climatisation et dans l&#039;industrie du b\u00e2timent.\" \/>\n<meta property=\"og:url\" content=\"https:\/\/cardinal-tapes.com\/fr\/rubans-adh\u00e9sifs\/domaines-dapplication\/ruban-adhesif-en-aluminium\/3m-1436-p-f-aluminium-klebeband\/\" \/>\n<meta property=\"og:site_name\" content=\"cardinal TAPES\" \/>\n<meta property=\"article:modified_time\" content=\"2025-07-11T07:07:49+00:00\" \/>\n<meta property=\"og:image\" content=\"https:\/\/cardinal-tapes.com\/wp-content\/uploads\/3m_f1.jpg\" \/>\n\t<meta property=\"og:image:width\" content=\"600\" \/>\n\t<meta property=\"og:image:height\" content=\"600\" \/>\n\t<meta property=\"og:image:type\" content=\"image\/jpeg\" \/>\n<meta name=\"twitter:card\" content=\"summary_large_image\" \/>\n<meta name=\"twitter:label1\" content=\"Dur\u00e9e de lecture estim\u00e9e\" \/>\n\t<meta name=\"twitter:data1\" content=\"1 minute\" \/>\n<script type=\"application\/ld+json\" class=\"yoast-schema-graph\">{\"@context\":\"https:\\\/\\\/schema.org\",\"@graph\":[{\"@type\":\"WebPage\",\"@id\":\"https:\\\/\\\/cardinal-tapes.com\\\/fr\\\/rubans-adh\u00e9sifs\\\/domaines-dapplication\\\/ruban-adhesif-en-aluminium\\\/3m-1436-p-f-aluminium-klebeband\\\/\",\"url\":\"https:\\\/\\\/cardinal-tapes.com\\\/fr\\\/rubans-adh\u00e9sifs\\\/domaines-dapplication\\\/ruban-adhesif-en-aluminium\\\/3m-1436-p-f-aluminium-klebeband\\\/\",\"name\":\"3M 1436F ruban adh\u00e9sif aluminium | Cardinal TAPES\",\"isPartOf\":{\"@id\":\"https:\\\/\\\/cardinal-tapes.com\\\/#website\"},\"primaryImageOfPage\":{\"@id\":\"https:\\\/\\\/cardinal-tapes.com\\\/fr\\\/rubans-adh\u00e9sifs\\\/domaines-dapplication\\\/ruban-adhesif-en-aluminium\\\/3m-1436-p-f-aluminium-klebeband\\\/#primaryimage\"},\"image\":{\"@id\":\"https:\\\/\\\/cardinal-tapes.com\\\/fr\\\/rubans-adh\u00e9sifs\\\/domaines-dapplication\\\/ruban-adhesif-en-aluminium\\\/3m-1436-p-f-aluminium-klebeband\\\/#primaryimage\"},\"thumbnailUrl\":\"https:\\\/\\\/cardinal-tapes.com\\\/wp-content\\\/uploads\\\/3m_f1.jpg\",\"datePublished\":\"2023-06-06T08:21:04+00:00\",\"dateModified\":\"2025-07-11T07:07:49+00:00\",\"description\":\"Le ruban adh\u00e9sif 3M 1436 aluminium est principalement utilis\u00e9 pour prot\u00e9ger les \u00e9l\u00e9ments de construction contre les dommages caus\u00e9s par le feu, pour les syst\u00e8mes de climatisation et dans l'industrie du b\u00e2timent.\",\"breadcrumb\":{\"@id\":\"https:\\\/\\\/cardinal-tapes.com\\\/fr\\\/rubans-adh\u00e9sifs\\\/domaines-dapplication\\\/ruban-adhesif-en-aluminium\\\/3m-1436-p-f-aluminium-klebeband\\\/#breadcrumb\"},\"inLanguage\":\"fr-FR\",\"potentialAction\":[{\"@type\":\"ReadAction\",\"target\":[\"https:\\\/\\\/cardinal-tapes.com\\\/fr\\\/rubans-adh\u00e9sifs\\\/domaines-dapplication\\\/ruban-adhesif-en-aluminium\\\/3m-1436-p-f-aluminium-klebeband\\\/\"]}]},{\"@type\":\"ImageObject\",\"inLanguage\":\"fr-FR\",\"@id\":\"https:\\\/\\\/cardinal-tapes.com\\\/fr\\\/rubans-adh\u00e9sifs\\\/domaines-dapplication\\\/ruban-adhesif-en-aluminium\\\/3m-1436-p-f-aluminium-klebeband\\\/#primaryimage\",\"url\":\"https:\\\/\\\/cardinal-tapes.com\\\/wp-content\\\/uploads\\\/3m_f1.jpg\",\"contentUrl\":\"https:\\\/\\\/cardinal-tapes.com\\\/wp-content\\\/uploads\\\/3m_f1.jpg\",\"width\":600,\"height\":600},{\"@type\":\"BreadcrumbList\",\"@id\":\"https:\\\/\\\/cardinal-tapes.com\\\/fr\\\/rubans-adh\u00e9sifs\\\/domaines-dapplication\\\/ruban-adhesif-en-aluminium\\\/3m-1436-p-f-aluminium-klebeband\\\/#breadcrumb\",\"itemListElement\":[{\"@type\":\"ListItem\",\"position\":1,\"name\":\"Startseite\",\"item\":\"https:\\\/\\\/cardinal-tapes.com\\\/fr\\\/accueil\\\/\"},{\"@type\":\"ListItem\",\"position\":2,\"name\":\"Rubans adh\u00e9sifs\",\"item\":\"https:\\\/\\\/cardinal-tapes.com\\\/fr\\\/rubans-adhesifs-fr\\\/\"},{\"@type\":\"ListItem\",\"position\":3,\"name\":\"Domaines d&#039;application\",\"item\":\"https:\\\/\\\/cardinal-tapes.com\\\/fr\\\/catgorie\\\/domaines-dapplication\\\/\"},{\"@type\":\"ListItem\",\"position\":4,\"name\":\"Ruban adh\u00e9sif en aluminium\",\"item\":\"https:\\\/\\\/cardinal-tapes.com\\\/fr\\\/catgorie\\\/ruban-adhesif-en-aluminium\\\/\"},{\"@type\":\"ListItem\",\"position\":5,\"name\":\"3M\u2122 Ruban adh\u00e9sif en aluminium 1436F\"}]},{\"@type\":\"WebSite\",\"@id\":\"https:\\\/\\\/cardinal-tapes.com\\\/#website\",\"url\":\"https:\\\/\\\/cardinal-tapes.com\\\/\",\"name\":\"cardinal TAPES\",\"description\":\"Klebetechnik aus Wuppertal\",\"potentialAction\":[{\"@type\":\"SearchAction\",\"target\":{\"@type\":\"EntryPoint\",\"urlTemplate\":\"https:\\\/\\\/cardinal-tapes.com\\\/?s={search_term_string}\"},\"query-input\":{\"@type\":\"PropertyValueSpecification\",\"valueRequired\":true,\"valueName\":\"search_term_string\"}}],\"inLanguage\":\"fr-FR\"}]}<\/script>\n<!-- \/ Yoast SEO plugin. -->","yoast_head_json":{"title":"3M 1436F ruban adh\u00e9sif aluminium | Cardinal TAPES","description":"Le ruban adh\u00e9sif 3M 1436 aluminium est principalement utilis\u00e9 pour prot\u00e9ger les \u00e9l\u00e9ments de construction contre les dommages caus\u00e9s par le feu, pour les syst\u00e8mes de climatisation et dans l'industrie du b\u00e2timent.","robots":{"index":"index","follow":"follow","max-snippet":"max-snippet:-1","max-image-preview":"max-image-preview:large","max-video-preview":"max-video-preview:-1"},"canonical":"https:\/\/cardinal-tapes.com\/fr\/rubans-adh\u00e9sifs\/domaines-dapplication\/ruban-adhesif-en-aluminium\/3m-1436-p-f-aluminium-klebeband\/","og_locale":"fr_FR","og_type":"article","og_title":"3M 1436F ruban adh\u00e9sif aluminium | Cardinal TAPES","og_description":"Le ruban adh\u00e9sif 3M 1436 aluminium est principalement utilis\u00e9 pour prot\u00e9ger les \u00e9l\u00e9ments de construction contre les dommages caus\u00e9s par le feu, pour les syst\u00e8mes de climatisation et dans l'industrie du b\u00e2timent.","og_url":"https:\/\/cardinal-tapes.com\/fr\/rubans-adh\u00e9sifs\/domaines-dapplication\/ruban-adhesif-en-aluminium\/3m-1436-p-f-aluminium-klebeband\/","og_site_name":"cardinal TAPES","article_modified_time":"2025-07-11T07:07:49+00:00","og_image":[{"width":600,"height":600,"url":"https:\/\/cardinal-tapes.com\/wp-content\/uploads\/3m_f1.jpg","type":"image\/jpeg"}],"twitter_card":"summary_large_image","twitter_misc":{"Dur\u00e9e de lecture estim\u00e9e":"1 minute"},"schema":{"@context":"https:\/\/schema.org","@graph":[{"@type":"WebPage","@id":"https:\/\/cardinal-tapes.com\/fr\/rubans-adh\u00e9sifs\/domaines-dapplication\/ruban-adhesif-en-aluminium\/3m-1436-p-f-aluminium-klebeband\/","url":"https:\/\/cardinal-tapes.com\/fr\/rubans-adh\u00e9sifs\/domaines-dapplication\/ruban-adhesif-en-aluminium\/3m-1436-p-f-aluminium-klebeband\/","name":"3M 1436F ruban adh\u00e9sif aluminium | Cardinal TAPES","isPartOf":{"@id":"https:\/\/cardinal-tapes.com\/#website"},"primaryImageOfPage":{"@id":"https:\/\/cardinal-tapes.com\/fr\/rubans-adh\u00e9sifs\/domaines-dapplication\/ruban-adhesif-en-aluminium\/3m-1436-p-f-aluminium-klebeband\/#primaryimage"},"image":{"@id":"https:\/\/cardinal-tapes.com\/fr\/rubans-adh\u00e9sifs\/domaines-dapplication\/ruban-adhesif-en-aluminium\/3m-1436-p-f-aluminium-klebeband\/#primaryimage"},"thumbnailUrl":"https:\/\/cardinal-tapes.com\/wp-content\/uploads\/3m_f1.jpg","datePublished":"2023-06-06T08:21:04+00:00","dateModified":"2025-07-11T07:07:49+00:00","description":"Le ruban adh\u00e9sif 3M 1436 aluminium est principalement utilis\u00e9 pour prot\u00e9ger les \u00e9l\u00e9ments de construction contre les dommages caus\u00e9s par le feu, pour les syst\u00e8mes de climatisation et dans l'industrie du b\u00e2timent.","breadcrumb":{"@id":"https:\/\/cardinal-tapes.com\/fr\/rubans-adh\u00e9sifs\/domaines-dapplication\/ruban-adhesif-en-aluminium\/3m-1436-p-f-aluminium-klebeband\/#breadcrumb"},"inLanguage":"fr-FR","potentialAction":[{"@type":"ReadAction","target":["https:\/\/cardinal-tapes.com\/fr\/rubans-adh\u00e9sifs\/domaines-dapplication\/ruban-adhesif-en-aluminium\/3m-1436-p-f-aluminium-klebeband\/"]}]},{"@type":"ImageObject","inLanguage":"fr-FR","@id":"https:\/\/cardinal-tapes.com\/fr\/rubans-adh\u00e9sifs\/domaines-dapplication\/ruban-adhesif-en-aluminium\/3m-1436-p-f-aluminium-klebeband\/#primaryimage","url":"https:\/\/cardinal-tapes.com\/wp-content\/uploads\/3m_f1.jpg","contentUrl":"https:\/\/cardinal-tapes.com\/wp-content\/uploads\/3m_f1.jpg","width":600,"height":600},{"@type":"BreadcrumbList","@id":"https:\/\/cardinal-tapes.com\/fr\/rubans-adh\u00e9sifs\/domaines-dapplication\/ruban-adhesif-en-aluminium\/3m-1436-p-f-aluminium-klebeband\/#breadcrumb","itemListElement":[{"@type":"ListItem","position":1,"name":"Startseite","item":"https:\/\/cardinal-tapes.com\/fr\/accueil\/"},{"@type":"ListItem","position":2,"name":"Rubans adh\u00e9sifs","item":"https:\/\/cardinal-tapes.com\/fr\/rubans-adhesifs-fr\/"},{"@type":"ListItem","position":3,"name":"Domaines d&#039;application","item":"https:\/\/cardinal-tapes.com\/fr\/catgorie\/domaines-dapplication\/"},{"@type":"ListItem","position":4,"name":"Ruban adh\u00e9sif en aluminium","item":"https:\/\/cardinal-tapes.com\/fr\/catgorie\/ruban-adhesif-en-aluminium\/"},{"@type":"ListItem","position":5,"name":"3M\u2122 Ruban adh\u00e9sif en aluminium 1436F"}]},{"@type":"WebSite","@id":"https:\/\/cardinal-tapes.com\/#website","url":"https:\/\/cardinal-tapes.com\/","name":"cardinal TAPES","description":"Klebetechnik aus Wuppertal","potentialAction":[{"@type":"SearchAction","target":{"@type":"EntryPoint","urlTemplate":"https:\/\/cardinal-tapes.com\/?s={search_term_string}"},"query-input":{"@type":"PropertyValueSpecification","valueRequired":true,"valueName":"search_term_string"}}],"inLanguage":"fr-FR"}]}},"brands":[{"id":2167,"name":"3M","slug":"3m-fr"}],"_links":{"self":[{"href":"https:\/\/cardinal-tapes.com\/fr\/wp-json\/wp\/v2\/product\/63250","targetHints":{"allow":["GET"]}}],"collection":[{"href":"https:\/\/cardinal-tapes.com\/fr\/wp-json\/wp\/v2\/product"}],"about":[{"href":"https:\/\/cardinal-tapes.com\/fr\/wp-json\/wp\/v2\/types\/product"}],"wp:featuredmedia":[{"embeddable":true,"href":"https:\/\/cardinal-tapes.com\/fr\/wp-json\/wp\/v2\/media\/24364"}],"wp:attachment":[{"href":"https:\/\/cardinal-tapes.com\/fr\/wp-json\/wp\/v2\/media?parent=63250"}],"wp:term":[{"taxonomy":"pwb-brand","embeddable":true,"href":"https:\/\/cardinal-tapes.com\/fr\/wp-json\/wp\/v2\/pwb-brand?post=63250"},{"taxonomy":"product_brand","embeddable":true,"href":"https:\/\/cardinal-tapes.com\/fr\/wp-json\/wp\/v2\/product_brand?post=63250"},{"taxonomy":"product_cat","embeddable":true,"href":"https:\/\/cardinal-tapes.com\/fr\/wp-json\/wp\/v2\/product_cat?post=63250"},{"taxonomy":"product_tag","embeddable":true,"href":"https:\/\/cardinal-tapes.com\/fr\/wp-json\/wp\/v2\/product_tag?post=63250"}],"curies":[{"name":"wp","href":"https:\/\/api.w.org\/{rel}","templated":true}]}}