{"id":63246,"date":"2017-12-08T08:48:37","date_gmt":"2023-06-06T08:21:04","guid":{"rendered":"https:\/\/cardinal.pixel-tal.de\/klebebaender\/non%20class\u00e9\/3m-ruban-adhesif-en-aluminium-tisse-pour-verre-363\/"},"modified":"2025-07-11T09:03:26","modified_gmt":"2025-07-11T07:03:26","slug":"3m-363-aluminium-tissu-de-verre-ruban-adhesif","status":"publish","type":"product","link":"https:\/\/cardinal-tapes.com\/fr\/rubans-adh\u00e9sifs\/domaines-dapplication\/ruban-adhesif-en-aluminium\/3m-363-aluminium-tissu-de-verre-ruban-adhesif\/","title":{"rendered":"3M\u2122 Ruban adh\u00e9sif en aluminium tiss\u00e9 pour verre 363"},"content":{"rendered":"<p>Le ruban adh\u00e9sif 3M\u2122 aluminium-tissu de verre r\u00e9sistant \u00e0 la chaleur 363 est tr\u00e8s adh\u00e9rent, flexible et convient donc comme protection contre la chaleur pour les applications dans l&#8217;a\u00e9rospatiale, le secteur automobile et l&#8217;industrie de transformation en g\u00e9n\u00e9ral. Ce ruban adh\u00e9sif se compose d&#8217;un support en aluminium souple, enduit d&#8217;un adh\u00e9sif silicone dans lequel un tissu en fibres de verre a \u00e9t\u00e9 int\u00e9gr\u00e9.<\/p>\n<p><strong>Caract\u00e9ristiques<br \/>\n<\/strong>Le ruban adh\u00e9sif 363 est un tissu de verre r\u00e9sistant et anti-abrasif, lamin\u00e9 avec une feuille d&#8217;aluminium r\u00e9fl\u00e9chissant les rayons. Le ruban 363 utilise une colle silicone tr\u00e8s adh\u00e9sive et r\u00e9sistante \u00e0 la temp\u00e9rature, ce qui permet de l&#8217;utiliser dans des applications exigeantes. De plus, il est r\u00e9fl\u00e9chissant \u00e0 la lumi\u00e8re et \u00e0 la chaleur, ignifuge, r\u00e9sistant \u00e0 l&#8217;humidit\u00e9, aux intemp\u00e9ries et aux UV.<\/p>\n<p><b>Applications<\/b><br \/>\n&#8211; Couverture lors de la pulv\u00e9risation au plasma<br \/>\n&#8211; Protection de c\u00e2bles et d&#8217;instruments dans l&#8217;industrie a\u00e9ronautique et automobile<\/p>\n","protected":false},"excerpt":{"rendered":"<p>Le ruban adh\u00e9sif 3M\u2122 aluminium-tissu de verre r\u00e9sistant \u00e0 la chaleur 363 est tr\u00e8s adh\u00e9rent, flexible et convient donc comme protection contre la chaleur pour les applications dans l&#8217;a\u00e9rospatiale, le secteur automobile et l&#8217;industrie de transformation en g\u00e9n\u00e9ral. Ce ruban adh\u00e9sif se compose d&#8217;un support en aluminium souple, enduit d&#8217;un adh\u00e9sif silicone dans lequel un [&hellip;]<\/p>\n","protected":false},"featured_media":24368,"template":"","meta":{"_acf_changed":false},"pwb-brand":[2167],"product_brand":[],"product_cat":[1666,1836],"product_tag":[],"class_list":{"0":"post-63246","1":"product","2":"type-product","3":"status-publish","4":"has-post-thumbnail","6":"pwb-brand-3m-fr","7":"product_cat-ruban-adhesif-en-aluminium","8":"product_cat-rubans-adhesifs-simple-face","10":"first","11":"outofstock","12":"taxable","13":"shipping-taxable","14":"purchasable","15":"product-type-variable"},"acf":[],"yoast_head":"<!-- This site is optimized with the Yoast SEO plugin v27.3 - https:\/\/yoast.com\/product\/yoast-seo-wordpress\/ -->\n<title>3M 363 Bande adh\u00e9sive en aluminium tiss\u00e9 de verre | Cardinal TAPES<\/title>\n<meta name=\"description\" content=\"Le ruban adh\u00e9sif 3M 363 aluminium-tissu de verre est principalement utilis\u00e9 dans l&#039;industrie a\u00e9ronautique et automobile. En savoir plus sur le 3m 363.\" \/>\n<meta name=\"robots\" content=\"index, follow, max-snippet:-1, max-image-preview:large, max-video-preview:-1\" \/>\n<link rel=\"canonical\" href=\"https:\/\/cardinal-tapes.com\/fr\/rubans-adh\u00e9sifs\/domaines-dapplication\/ruban-adhesif-en-aluminium\/3m-363-aluminium-tissu-de-verre-ruban-adhesif\/\" \/>\n<meta property=\"og:locale\" content=\"fr_FR\" \/>\n<meta property=\"og:type\" content=\"article\" \/>\n<meta property=\"og:title\" content=\"3M 363 Bande adh\u00e9sive en aluminium tiss\u00e9 de verre | Cardinal TAPES\" \/>\n<meta property=\"og:description\" content=\"Le ruban adh\u00e9sif 3M 363 aluminium-tissu de verre est principalement utilis\u00e9 dans l&#039;industrie a\u00e9ronautique et automobile. En savoir plus sur le 3m 363.\" \/>\n<meta property=\"og:url\" content=\"https:\/\/cardinal-tapes.com\/fr\/rubans-adh\u00e9sifs\/domaines-dapplication\/ruban-adhesif-en-aluminium\/3m-363-aluminium-tissu-de-verre-ruban-adhesif\/\" \/>\n<meta property=\"og:site_name\" content=\"cardinal TAPES\" \/>\n<meta property=\"article:modified_time\" content=\"2025-07-11T07:03:26+00:00\" \/>\n<meta property=\"og:image\" content=\"https:\/\/cardinal-tapes.com\/wp-content\/uploads\/3m_aluminium_glasgewebe_363.jpg\" \/>\n\t<meta property=\"og:image:width\" content=\"600\" \/>\n\t<meta property=\"og:image:height\" content=\"600\" \/>\n\t<meta property=\"og:image:type\" content=\"image\/jpeg\" \/>\n<meta name=\"twitter:card\" content=\"summary_large_image\" \/>\n<meta name=\"twitter:label1\" content=\"Dur\u00e9e de lecture estim\u00e9e\" \/>\n\t<meta name=\"twitter:data1\" content=\"1 minute\" \/>\n<script type=\"application\/ld+json\" class=\"yoast-schema-graph\">{\"@context\":\"https:\\\/\\\/schema.org\",\"@graph\":[{\"@type\":\"WebPage\",\"@id\":\"https:\\\/\\\/cardinal-tapes.com\\\/fr\\\/rubans-adh\u00e9sifs\\\/domaines-dapplication\\\/ruban-adhesif-en-aluminium\\\/3m-363-aluminium-tissu-de-verre-ruban-adhesif\\\/\",\"url\":\"https:\\\/\\\/cardinal-tapes.com\\\/fr\\\/rubans-adh\u00e9sifs\\\/domaines-dapplication\\\/ruban-adhesif-en-aluminium\\\/3m-363-aluminium-tissu-de-verre-ruban-adhesif\\\/\",\"name\":\"3M 363 Bande adh\u00e9sive en aluminium tiss\u00e9 de verre | Cardinal TAPES\",\"isPartOf\":{\"@id\":\"https:\\\/\\\/cardinal-tapes.com\\\/#website\"},\"primaryImageOfPage\":{\"@id\":\"https:\\\/\\\/cardinal-tapes.com\\\/fr\\\/rubans-adh\u00e9sifs\\\/domaines-dapplication\\\/ruban-adhesif-en-aluminium\\\/3m-363-aluminium-tissu-de-verre-ruban-adhesif\\\/#primaryimage\"},\"image\":{\"@id\":\"https:\\\/\\\/cardinal-tapes.com\\\/fr\\\/rubans-adh\u00e9sifs\\\/domaines-dapplication\\\/ruban-adhesif-en-aluminium\\\/3m-363-aluminium-tissu-de-verre-ruban-adhesif\\\/#primaryimage\"},\"thumbnailUrl\":\"https:\\\/\\\/cardinal-tapes.com\\\/wp-content\\\/uploads\\\/3m_aluminium_glasgewebe_363.jpg\",\"datePublished\":\"2023-06-06T08:21:04+00:00\",\"dateModified\":\"2025-07-11T07:03:26+00:00\",\"description\":\"Le ruban adh\u00e9sif 3M 363 aluminium-tissu de verre est principalement utilis\u00e9 dans l'industrie a\u00e9ronautique et automobile. En savoir plus sur le 3m 363.\",\"breadcrumb\":{\"@id\":\"https:\\\/\\\/cardinal-tapes.com\\\/fr\\\/rubans-adh\u00e9sifs\\\/domaines-dapplication\\\/ruban-adhesif-en-aluminium\\\/3m-363-aluminium-tissu-de-verre-ruban-adhesif\\\/#breadcrumb\"},\"inLanguage\":\"fr-FR\",\"potentialAction\":[{\"@type\":\"ReadAction\",\"target\":[\"https:\\\/\\\/cardinal-tapes.com\\\/fr\\\/rubans-adh\u00e9sifs\\\/domaines-dapplication\\\/ruban-adhesif-en-aluminium\\\/3m-363-aluminium-tissu-de-verre-ruban-adhesif\\\/\"]}]},{\"@type\":\"ImageObject\",\"inLanguage\":\"fr-FR\",\"@id\":\"https:\\\/\\\/cardinal-tapes.com\\\/fr\\\/rubans-adh\u00e9sifs\\\/domaines-dapplication\\\/ruban-adhesif-en-aluminium\\\/3m-363-aluminium-tissu-de-verre-ruban-adhesif\\\/#primaryimage\",\"url\":\"https:\\\/\\\/cardinal-tapes.com\\\/wp-content\\\/uploads\\\/3m_aluminium_glasgewebe_363.jpg\",\"contentUrl\":\"https:\\\/\\\/cardinal-tapes.com\\\/wp-content\\\/uploads\\\/3m_aluminium_glasgewebe_363.jpg\",\"width\":600,\"height\":600,\"caption\":\"Ruban adh\u00e9sif 3M aluminium-tissu de verre 363\"},{\"@type\":\"BreadcrumbList\",\"@id\":\"https:\\\/\\\/cardinal-tapes.com\\\/fr\\\/rubans-adh\u00e9sifs\\\/domaines-dapplication\\\/ruban-adhesif-en-aluminium\\\/3m-363-aluminium-tissu-de-verre-ruban-adhesif\\\/#breadcrumb\",\"itemListElement\":[{\"@type\":\"ListItem\",\"position\":1,\"name\":\"Startseite\",\"item\":\"https:\\\/\\\/cardinal-tapes.com\\\/fr\\\/accueil\\\/\"},{\"@type\":\"ListItem\",\"position\":2,\"name\":\"Rubans adh\u00e9sifs\",\"item\":\"https:\\\/\\\/cardinal-tapes.com\\\/fr\\\/rubans-adhesifs-fr\\\/\"},{\"@type\":\"ListItem\",\"position\":3,\"name\":\"Domaines d&#039;application\",\"item\":\"https:\\\/\\\/cardinal-tapes.com\\\/fr\\\/catgorie\\\/domaines-dapplication\\\/\"},{\"@type\":\"ListItem\",\"position\":4,\"name\":\"Ruban adh\u00e9sif en aluminium\",\"item\":\"https:\\\/\\\/cardinal-tapes.com\\\/fr\\\/catgorie\\\/ruban-adhesif-en-aluminium\\\/\"},{\"@type\":\"ListItem\",\"position\":5,\"name\":\"3M\u2122 Ruban adh\u00e9sif en aluminium tiss\u00e9 pour verre 363\"}]},{\"@type\":\"WebSite\",\"@id\":\"https:\\\/\\\/cardinal-tapes.com\\\/#website\",\"url\":\"https:\\\/\\\/cardinal-tapes.com\\\/\",\"name\":\"cardinal TAPES\",\"description\":\"Klebetechnik aus Wuppertal\",\"potentialAction\":[{\"@type\":\"SearchAction\",\"target\":{\"@type\":\"EntryPoint\",\"urlTemplate\":\"https:\\\/\\\/cardinal-tapes.com\\\/?s={search_term_string}\"},\"query-input\":{\"@type\":\"PropertyValueSpecification\",\"valueRequired\":true,\"valueName\":\"search_term_string\"}}],\"inLanguage\":\"fr-FR\"}]}<\/script>\n<!-- \/ Yoast SEO plugin. -->","yoast_head_json":{"title":"3M 363 Bande adh\u00e9sive en aluminium tiss\u00e9 de verre | Cardinal TAPES","description":"Le ruban adh\u00e9sif 3M 363 aluminium-tissu de verre est principalement utilis\u00e9 dans l'industrie a\u00e9ronautique et automobile. En savoir plus sur le 3m 363.","robots":{"index":"index","follow":"follow","max-snippet":"max-snippet:-1","max-image-preview":"max-image-preview:large","max-video-preview":"max-video-preview:-1"},"canonical":"https:\/\/cardinal-tapes.com\/fr\/rubans-adh\u00e9sifs\/domaines-dapplication\/ruban-adhesif-en-aluminium\/3m-363-aluminium-tissu-de-verre-ruban-adhesif\/","og_locale":"fr_FR","og_type":"article","og_title":"3M 363 Bande adh\u00e9sive en aluminium tiss\u00e9 de verre | Cardinal TAPES","og_description":"Le ruban adh\u00e9sif 3M 363 aluminium-tissu de verre est principalement utilis\u00e9 dans l'industrie a\u00e9ronautique et automobile. En savoir plus sur le 3m 363.","og_url":"https:\/\/cardinal-tapes.com\/fr\/rubans-adh\u00e9sifs\/domaines-dapplication\/ruban-adhesif-en-aluminium\/3m-363-aluminium-tissu-de-verre-ruban-adhesif\/","og_site_name":"cardinal TAPES","article_modified_time":"2025-07-11T07:03:26+00:00","og_image":[{"width":600,"height":600,"url":"https:\/\/cardinal-tapes.com\/wp-content\/uploads\/3m_aluminium_glasgewebe_363.jpg","type":"image\/jpeg"}],"twitter_card":"summary_large_image","twitter_misc":{"Dur\u00e9e de lecture estim\u00e9e":"1 minute"},"schema":{"@context":"https:\/\/schema.org","@graph":[{"@type":"WebPage","@id":"https:\/\/cardinal-tapes.com\/fr\/rubans-adh\u00e9sifs\/domaines-dapplication\/ruban-adhesif-en-aluminium\/3m-363-aluminium-tissu-de-verre-ruban-adhesif\/","url":"https:\/\/cardinal-tapes.com\/fr\/rubans-adh\u00e9sifs\/domaines-dapplication\/ruban-adhesif-en-aluminium\/3m-363-aluminium-tissu-de-verre-ruban-adhesif\/","name":"3M 363 Bande adh\u00e9sive en aluminium tiss\u00e9 de verre | Cardinal TAPES","isPartOf":{"@id":"https:\/\/cardinal-tapes.com\/#website"},"primaryImageOfPage":{"@id":"https:\/\/cardinal-tapes.com\/fr\/rubans-adh\u00e9sifs\/domaines-dapplication\/ruban-adhesif-en-aluminium\/3m-363-aluminium-tissu-de-verre-ruban-adhesif\/#primaryimage"},"image":{"@id":"https:\/\/cardinal-tapes.com\/fr\/rubans-adh\u00e9sifs\/domaines-dapplication\/ruban-adhesif-en-aluminium\/3m-363-aluminium-tissu-de-verre-ruban-adhesif\/#primaryimage"},"thumbnailUrl":"https:\/\/cardinal-tapes.com\/wp-content\/uploads\/3m_aluminium_glasgewebe_363.jpg","datePublished":"2023-06-06T08:21:04+00:00","dateModified":"2025-07-11T07:03:26+00:00","description":"Le ruban adh\u00e9sif 3M 363 aluminium-tissu de verre est principalement utilis\u00e9 dans l'industrie a\u00e9ronautique et automobile. En savoir plus sur le 3m 363.","breadcrumb":{"@id":"https:\/\/cardinal-tapes.com\/fr\/rubans-adh\u00e9sifs\/domaines-dapplication\/ruban-adhesif-en-aluminium\/3m-363-aluminium-tissu-de-verre-ruban-adhesif\/#breadcrumb"},"inLanguage":"fr-FR","potentialAction":[{"@type":"ReadAction","target":["https:\/\/cardinal-tapes.com\/fr\/rubans-adh\u00e9sifs\/domaines-dapplication\/ruban-adhesif-en-aluminium\/3m-363-aluminium-tissu-de-verre-ruban-adhesif\/"]}]},{"@type":"ImageObject","inLanguage":"fr-FR","@id":"https:\/\/cardinal-tapes.com\/fr\/rubans-adh\u00e9sifs\/domaines-dapplication\/ruban-adhesif-en-aluminium\/3m-363-aluminium-tissu-de-verre-ruban-adhesif\/#primaryimage","url":"https:\/\/cardinal-tapes.com\/wp-content\/uploads\/3m_aluminium_glasgewebe_363.jpg","contentUrl":"https:\/\/cardinal-tapes.com\/wp-content\/uploads\/3m_aluminium_glasgewebe_363.jpg","width":600,"height":600,"caption":"Ruban adh\u00e9sif 3M aluminium-tissu de verre 363"},{"@type":"BreadcrumbList","@id":"https:\/\/cardinal-tapes.com\/fr\/rubans-adh\u00e9sifs\/domaines-dapplication\/ruban-adhesif-en-aluminium\/3m-363-aluminium-tissu-de-verre-ruban-adhesif\/#breadcrumb","itemListElement":[{"@type":"ListItem","position":1,"name":"Startseite","item":"https:\/\/cardinal-tapes.com\/fr\/accueil\/"},{"@type":"ListItem","position":2,"name":"Rubans adh\u00e9sifs","item":"https:\/\/cardinal-tapes.com\/fr\/rubans-adhesifs-fr\/"},{"@type":"ListItem","position":3,"name":"Domaines d&#039;application","item":"https:\/\/cardinal-tapes.com\/fr\/catgorie\/domaines-dapplication\/"},{"@type":"ListItem","position":4,"name":"Ruban adh\u00e9sif en aluminium","item":"https:\/\/cardinal-tapes.com\/fr\/catgorie\/ruban-adhesif-en-aluminium\/"},{"@type":"ListItem","position":5,"name":"3M\u2122 Ruban adh\u00e9sif en aluminium tiss\u00e9 pour verre 363"}]},{"@type":"WebSite","@id":"https:\/\/cardinal-tapes.com\/#website","url":"https:\/\/cardinal-tapes.com\/","name":"cardinal TAPES","description":"Klebetechnik aus Wuppertal","potentialAction":[{"@type":"SearchAction","target":{"@type":"EntryPoint","urlTemplate":"https:\/\/cardinal-tapes.com\/?s={search_term_string}"},"query-input":{"@type":"PropertyValueSpecification","valueRequired":true,"valueName":"search_term_string"}}],"inLanguage":"fr-FR"}]}},"brands":[{"id":2167,"name":"3M","slug":"3m-fr"}],"_links":{"self":[{"href":"https:\/\/cardinal-tapes.com\/fr\/wp-json\/wp\/v2\/product\/63246","targetHints":{"allow":["GET"]}}],"collection":[{"href":"https:\/\/cardinal-tapes.com\/fr\/wp-json\/wp\/v2\/product"}],"about":[{"href":"https:\/\/cardinal-tapes.com\/fr\/wp-json\/wp\/v2\/types\/product"}],"wp:featuredmedia":[{"embeddable":true,"href":"https:\/\/cardinal-tapes.com\/fr\/wp-json\/wp\/v2\/media\/24368"}],"wp:attachment":[{"href":"https:\/\/cardinal-tapes.com\/fr\/wp-json\/wp\/v2\/media?parent=63246"}],"wp:term":[{"taxonomy":"pwb-brand","embeddable":true,"href":"https:\/\/cardinal-tapes.com\/fr\/wp-json\/wp\/v2\/pwb-brand?post=63246"},{"taxonomy":"product_brand","embeddable":true,"href":"https:\/\/cardinal-tapes.com\/fr\/wp-json\/wp\/v2\/product_brand?post=63246"},{"taxonomy":"product_cat","embeddable":true,"href":"https:\/\/cardinal-tapes.com\/fr\/wp-json\/wp\/v2\/product_cat?post=63246"},{"taxonomy":"product_tag","embeddable":true,"href":"https:\/\/cardinal-tapes.com\/fr\/wp-json\/wp\/v2\/product_tag?post=63246"}],"curies":[{"name":"wp","href":"https:\/\/api.w.org\/{rel}","templated":true}]}}