{"id":63182,"date":"2017-12-08T08:38:13","date_gmt":"2023-06-06T08:21:02","guid":{"rendered":"https:\/\/cardinal.pixel-tal.de\/klebebaender\/non%20class\u00e9\/3m-ruban-adhesif-en-tissu-de-verre-365\/"},"modified":"2025-07-10T13:26:27","modified_gmt":"2025-07-10T11:26:27","slug":"ruban-adhesif-3m-365-en-tissu-de-verre","status":"publish","type":"product","link":"https:\/\/cardinal-tapes.com\/fr\/rubans-adh\u00e9sifs\/rubans-adhesifs-simple-face\/ruban-adhesif-3m-365-en-tissu-de-verre\/","title":{"rendered":"3M\u2122 Ruban adh\u00e9sif en tissu de verre 365"},"content":{"rendered":"<p>Le ruban adh\u00e9sif 3M\u2122 365 en tissu de verre est un ruban adh\u00e9sif qui pr\u00e9sente une tr\u00e8s grande r\u00e9sistance \u00e0 la d\u00e9chirure transversale et longitudinale. En outre, le ruban adh\u00e9sif pr\u00e9sente une tr\u00e8s grande r\u00e9sistance \u00e0 la corrosion et est donc surtout utilis\u00e9 pour l&#8217;enrobage de l&#8217;acier inoxydable, pour les conduits d&#8217;air chaud et partout o\u00f9 une grande r\u00e9sistance \u00e0 la d\u00e9chirure est n\u00e9cessaire. Ainsi, le ruban adh\u00e9sif 3M 365 en tissu de verre peut \u00eatre utilis\u00e9 de mani\u00e8re optimale dans diff\u00e9rents domaines.<\/p>\n<p><strong>Propri\u00e9t\u00e9s<\/strong><br \/>\n&#8211; Bonne r\u00e9sistance \u00e0 la temp\u00e9rature<br \/>\n&#8211; Adh\u00e9sif sp\u00e9cial activable par la chaleur<br \/>\n&#8211; Haute r\u00e9sistance \u00e0 la d\u00e9chirure<br \/>\n&#8211; Adh\u00e9sion s\u00fbre sur les surfaces les plus diverses<\/p>\n<p><strong>Applications<\/strong><br \/>\n&#8211; Applications n\u00e9cessitant une r\u00e9sistance \u00e9lev\u00e9e \u00e0 la rupture \u00e0 des temp\u00e9ratures \u00e9lev\u00e9es<br \/>\n&#8211; Pour une utilisation \u00e0 des temp\u00e9ratures \u00e9lev\u00e9es pour l&#8217;\u00e9pissure et l&#8217;isolation<br \/>\n&#8211; Protection contre la corrosion des gaines d&#8217;air chaud en acier inoxydable<br \/>\n&#8211; \u00c9pissure de fibres de verre ou de textiles<\/p>\n","protected":false},"excerpt":{"rendered":"<p>Le ruban adh\u00e9sif 3M\u2122 365 en tissu de verre est un ruban adh\u00e9sif qui pr\u00e9sente une tr\u00e8s grande r\u00e9sistance \u00e0 la d\u00e9chirure transversale et longitudinale. En outre, le ruban adh\u00e9sif pr\u00e9sente une tr\u00e8s grande r\u00e9sistance \u00e0 la corrosion et est donc surtout utilis\u00e9 pour l&#8217;enrobage de l&#8217;acier inoxydable, pour les conduits d&#8217;air chaud et partout [&hellip;]<\/p>\n","protected":false},"featured_media":24384,"template":"","meta":{"_acf_changed":false},"pwb-brand":[2167],"product_brand":[],"product_cat":[1836],"product_tag":[],"class_list":{"0":"post-63182","1":"product","2":"type-product","3":"status-publish","4":"has-post-thumbnail","6":"pwb-brand-3m-fr","7":"product_cat-rubans-adhesifs-simple-face","9":"first","10":"instock","11":"taxable","12":"shipping-taxable","13":"purchasable","14":"product-type-variable"},"acf":[],"yoast_head":"<!-- This site is optimized with the Yoast SEO plugin v27.3 - https:\/\/yoast.com\/product\/yoast-seo-wordpress\/ -->\n<title>3M\u2122 365 Bande adh\u00e9sive en tissu de verre | Cardinal TAPES<\/title>\n<meta name=\"description\" content=\"Le ruban adh\u00e9sif 3M\u2122 365 en tissu de verre est un ruban adh\u00e9sif qui pr\u00e9sente une tr\u00e8s grande r\u00e9sistance \u00e0 la d\u00e9chirure transversale et longitudinale. En savoir plus ici.\" \/>\n<meta name=\"robots\" content=\"index, follow, max-snippet:-1, max-image-preview:large, max-video-preview:-1\" \/>\n<link rel=\"canonical\" href=\"https:\/\/cardinal-tapes.com\/fr\/rubans-adh\u00e9sifs\/rubans-adhesifs-simple-face\/ruban-adhesif-3m-365-en-tissu-de-verre\/\" \/>\n<meta property=\"og:locale\" content=\"fr_FR\" \/>\n<meta property=\"og:type\" content=\"article\" \/>\n<meta property=\"og:title\" content=\"3M\u2122 365 Bande adh\u00e9sive en tissu de verre | Cardinal TAPES\" \/>\n<meta property=\"og:description\" content=\"Le ruban adh\u00e9sif 3M\u2122 365 en tissu de verre est un ruban adh\u00e9sif qui pr\u00e9sente une tr\u00e8s grande r\u00e9sistance \u00e0 la d\u00e9chirure transversale et longitudinale. En savoir plus ici.\" \/>\n<meta property=\"og:url\" content=\"https:\/\/cardinal-tapes.com\/fr\/rubans-adh\u00e9sifs\/rubans-adhesifs-simple-face\/ruban-adhesif-3m-365-en-tissu-de-verre\/\" \/>\n<meta property=\"og:site_name\" content=\"cardinal TAPES\" \/>\n<meta property=\"article:modified_time\" content=\"2025-07-10T11:26:27+00:00\" \/>\n<meta property=\"og:image\" content=\"https:\/\/cardinal-tapes.com\/wp-content\/uploads\/3m_glasgewebe_365.jpg\" \/>\n\t<meta property=\"og:image:width\" content=\"600\" \/>\n\t<meta property=\"og:image:height\" content=\"600\" \/>\n\t<meta property=\"og:image:type\" content=\"image\/jpeg\" \/>\n<meta name=\"twitter:card\" content=\"summary_large_image\" \/>\n<meta name=\"twitter:label1\" content=\"Dur\u00e9e de lecture estim\u00e9e\" \/>\n\t<meta name=\"twitter:data1\" content=\"1 minute\" \/>\n<script type=\"application\/ld+json\" class=\"yoast-schema-graph\">{\"@context\":\"https:\\\/\\\/schema.org\",\"@graph\":[{\"@type\":\"WebPage\",\"@id\":\"https:\\\/\\\/cardinal-tapes.com\\\/fr\\\/rubans-adh\u00e9sifs\\\/rubans-adhesifs-simple-face\\\/ruban-adhesif-3m-365-en-tissu-de-verre\\\/\",\"url\":\"https:\\\/\\\/cardinal-tapes.com\\\/fr\\\/rubans-adh\u00e9sifs\\\/rubans-adhesifs-simple-face\\\/ruban-adhesif-3m-365-en-tissu-de-verre\\\/\",\"name\":\"3M\u2122 365 Bande adh\u00e9sive en tissu de verre | Cardinal TAPES\",\"isPartOf\":{\"@id\":\"https:\\\/\\\/cardinal-tapes.com\\\/#website\"},\"primaryImageOfPage\":{\"@id\":\"https:\\\/\\\/cardinal-tapes.com\\\/fr\\\/rubans-adh\u00e9sifs\\\/rubans-adhesifs-simple-face\\\/ruban-adhesif-3m-365-en-tissu-de-verre\\\/#primaryimage\"},\"image\":{\"@id\":\"https:\\\/\\\/cardinal-tapes.com\\\/fr\\\/rubans-adh\u00e9sifs\\\/rubans-adhesifs-simple-face\\\/ruban-adhesif-3m-365-en-tissu-de-verre\\\/#primaryimage\"},\"thumbnailUrl\":\"https:\\\/\\\/cardinal-tapes.com\\\/wp-content\\\/uploads\\\/3m_glasgewebe_365.jpg\",\"datePublished\":\"2023-06-06T08:21:02+00:00\",\"dateModified\":\"2025-07-10T11:26:27+00:00\",\"description\":\"Le ruban adh\u00e9sif 3M\u2122 365 en tissu de verre est un ruban adh\u00e9sif qui pr\u00e9sente une tr\u00e8s grande r\u00e9sistance \u00e0 la d\u00e9chirure transversale et longitudinale. En savoir plus ici.\",\"breadcrumb\":{\"@id\":\"https:\\\/\\\/cardinal-tapes.com\\\/fr\\\/rubans-adh\u00e9sifs\\\/rubans-adhesifs-simple-face\\\/ruban-adhesif-3m-365-en-tissu-de-verre\\\/#breadcrumb\"},\"inLanguage\":\"fr-FR\",\"potentialAction\":[{\"@type\":\"ReadAction\",\"target\":[\"https:\\\/\\\/cardinal-tapes.com\\\/fr\\\/rubans-adh\u00e9sifs\\\/rubans-adhesifs-simple-face\\\/ruban-adhesif-3m-365-en-tissu-de-verre\\\/\"]}]},{\"@type\":\"ImageObject\",\"inLanguage\":\"fr-FR\",\"@id\":\"https:\\\/\\\/cardinal-tapes.com\\\/fr\\\/rubans-adh\u00e9sifs\\\/rubans-adhesifs-simple-face\\\/ruban-adhesif-3m-365-en-tissu-de-verre\\\/#primaryimage\",\"url\":\"https:\\\/\\\/cardinal-tapes.com\\\/wp-content\\\/uploads\\\/3m_glasgewebe_365.jpg\",\"contentUrl\":\"https:\\\/\\\/cardinal-tapes.com\\\/wp-content\\\/uploads\\\/3m_glasgewebe_365.jpg\",\"width\":600,\"height\":600,\"caption\":\"Tissu de verre 3M 365\"},{\"@type\":\"BreadcrumbList\",\"@id\":\"https:\\\/\\\/cardinal-tapes.com\\\/fr\\\/rubans-adh\u00e9sifs\\\/rubans-adhesifs-simple-face\\\/ruban-adhesif-3m-365-en-tissu-de-verre\\\/#breadcrumb\",\"itemListElement\":[{\"@type\":\"ListItem\",\"position\":1,\"name\":\"Startseite\",\"item\":\"https:\\\/\\\/cardinal-tapes.com\\\/fr\\\/accueil\\\/\"},{\"@type\":\"ListItem\",\"position\":2,\"name\":\"Rubans adh\u00e9sifs\",\"item\":\"https:\\\/\\\/cardinal-tapes.com\\\/fr\\\/rubans-adhesifs-fr\\\/\"},{\"@type\":\"ListItem\",\"position\":3,\"name\":\"Rubans adh\u00e9sifs simple face\",\"item\":\"https:\\\/\\\/cardinal-tapes.com\\\/fr\\\/catgorie\\\/rubans-adhesifs-simple-face\\\/\"},{\"@type\":\"ListItem\",\"position\":4,\"name\":\"3M\u2122 Ruban adh\u00e9sif en tissu de verre 365\"}]},{\"@type\":\"WebSite\",\"@id\":\"https:\\\/\\\/cardinal-tapes.com\\\/#website\",\"url\":\"https:\\\/\\\/cardinal-tapes.com\\\/\",\"name\":\"cardinal TAPES\",\"description\":\"Klebetechnik aus Wuppertal\",\"potentialAction\":[{\"@type\":\"SearchAction\",\"target\":{\"@type\":\"EntryPoint\",\"urlTemplate\":\"https:\\\/\\\/cardinal-tapes.com\\\/?s={search_term_string}\"},\"query-input\":{\"@type\":\"PropertyValueSpecification\",\"valueRequired\":true,\"valueName\":\"search_term_string\"}}],\"inLanguage\":\"fr-FR\"}]}<\/script>\n<!-- \/ Yoast SEO plugin. -->","yoast_head_json":{"title":"3M\u2122 365 Bande adh\u00e9sive en tissu de verre | Cardinal TAPES","description":"Le ruban adh\u00e9sif 3M\u2122 365 en tissu de verre est un ruban adh\u00e9sif qui pr\u00e9sente une tr\u00e8s grande r\u00e9sistance \u00e0 la d\u00e9chirure transversale et longitudinale. En savoir plus ici.","robots":{"index":"index","follow":"follow","max-snippet":"max-snippet:-1","max-image-preview":"max-image-preview:large","max-video-preview":"max-video-preview:-1"},"canonical":"https:\/\/cardinal-tapes.com\/fr\/rubans-adh\u00e9sifs\/rubans-adhesifs-simple-face\/ruban-adhesif-3m-365-en-tissu-de-verre\/","og_locale":"fr_FR","og_type":"article","og_title":"3M\u2122 365 Bande adh\u00e9sive en tissu de verre | Cardinal TAPES","og_description":"Le ruban adh\u00e9sif 3M\u2122 365 en tissu de verre est un ruban adh\u00e9sif qui pr\u00e9sente une tr\u00e8s grande r\u00e9sistance \u00e0 la d\u00e9chirure transversale et longitudinale. En savoir plus ici.","og_url":"https:\/\/cardinal-tapes.com\/fr\/rubans-adh\u00e9sifs\/rubans-adhesifs-simple-face\/ruban-adhesif-3m-365-en-tissu-de-verre\/","og_site_name":"cardinal TAPES","article_modified_time":"2025-07-10T11:26:27+00:00","og_image":[{"width":600,"height":600,"url":"https:\/\/cardinal-tapes.com\/wp-content\/uploads\/3m_glasgewebe_365.jpg","type":"image\/jpeg"}],"twitter_card":"summary_large_image","twitter_misc":{"Dur\u00e9e de lecture estim\u00e9e":"1 minute"},"schema":{"@context":"https:\/\/schema.org","@graph":[{"@type":"WebPage","@id":"https:\/\/cardinal-tapes.com\/fr\/rubans-adh\u00e9sifs\/rubans-adhesifs-simple-face\/ruban-adhesif-3m-365-en-tissu-de-verre\/","url":"https:\/\/cardinal-tapes.com\/fr\/rubans-adh\u00e9sifs\/rubans-adhesifs-simple-face\/ruban-adhesif-3m-365-en-tissu-de-verre\/","name":"3M\u2122 365 Bande adh\u00e9sive en tissu de verre | Cardinal TAPES","isPartOf":{"@id":"https:\/\/cardinal-tapes.com\/#website"},"primaryImageOfPage":{"@id":"https:\/\/cardinal-tapes.com\/fr\/rubans-adh\u00e9sifs\/rubans-adhesifs-simple-face\/ruban-adhesif-3m-365-en-tissu-de-verre\/#primaryimage"},"image":{"@id":"https:\/\/cardinal-tapes.com\/fr\/rubans-adh\u00e9sifs\/rubans-adhesifs-simple-face\/ruban-adhesif-3m-365-en-tissu-de-verre\/#primaryimage"},"thumbnailUrl":"https:\/\/cardinal-tapes.com\/wp-content\/uploads\/3m_glasgewebe_365.jpg","datePublished":"2023-06-06T08:21:02+00:00","dateModified":"2025-07-10T11:26:27+00:00","description":"Le ruban adh\u00e9sif 3M\u2122 365 en tissu de verre est un ruban adh\u00e9sif qui pr\u00e9sente une tr\u00e8s grande r\u00e9sistance \u00e0 la d\u00e9chirure transversale et longitudinale. En savoir plus ici.","breadcrumb":{"@id":"https:\/\/cardinal-tapes.com\/fr\/rubans-adh\u00e9sifs\/rubans-adhesifs-simple-face\/ruban-adhesif-3m-365-en-tissu-de-verre\/#breadcrumb"},"inLanguage":"fr-FR","potentialAction":[{"@type":"ReadAction","target":["https:\/\/cardinal-tapes.com\/fr\/rubans-adh\u00e9sifs\/rubans-adhesifs-simple-face\/ruban-adhesif-3m-365-en-tissu-de-verre\/"]}]},{"@type":"ImageObject","inLanguage":"fr-FR","@id":"https:\/\/cardinal-tapes.com\/fr\/rubans-adh\u00e9sifs\/rubans-adhesifs-simple-face\/ruban-adhesif-3m-365-en-tissu-de-verre\/#primaryimage","url":"https:\/\/cardinal-tapes.com\/wp-content\/uploads\/3m_glasgewebe_365.jpg","contentUrl":"https:\/\/cardinal-tapes.com\/wp-content\/uploads\/3m_glasgewebe_365.jpg","width":600,"height":600,"caption":"Tissu de verre 3M 365"},{"@type":"BreadcrumbList","@id":"https:\/\/cardinal-tapes.com\/fr\/rubans-adh\u00e9sifs\/rubans-adhesifs-simple-face\/ruban-adhesif-3m-365-en-tissu-de-verre\/#breadcrumb","itemListElement":[{"@type":"ListItem","position":1,"name":"Startseite","item":"https:\/\/cardinal-tapes.com\/fr\/accueil\/"},{"@type":"ListItem","position":2,"name":"Rubans adh\u00e9sifs","item":"https:\/\/cardinal-tapes.com\/fr\/rubans-adhesifs-fr\/"},{"@type":"ListItem","position":3,"name":"Rubans adh\u00e9sifs simple face","item":"https:\/\/cardinal-tapes.com\/fr\/catgorie\/rubans-adhesifs-simple-face\/"},{"@type":"ListItem","position":4,"name":"3M\u2122 Ruban adh\u00e9sif en tissu de verre 365"}]},{"@type":"WebSite","@id":"https:\/\/cardinal-tapes.com\/#website","url":"https:\/\/cardinal-tapes.com\/","name":"cardinal TAPES","description":"Klebetechnik aus Wuppertal","potentialAction":[{"@type":"SearchAction","target":{"@type":"EntryPoint","urlTemplate":"https:\/\/cardinal-tapes.com\/?s={search_term_string}"},"query-input":{"@type":"PropertyValueSpecification","valueRequired":true,"valueName":"search_term_string"}}],"inLanguage":"fr-FR"}]}},"brands":[{"id":2167,"name":"3M","slug":"3m-fr"}],"_links":{"self":[{"href":"https:\/\/cardinal-tapes.com\/fr\/wp-json\/wp\/v2\/product\/63182","targetHints":{"allow":["GET"]}}],"collection":[{"href":"https:\/\/cardinal-tapes.com\/fr\/wp-json\/wp\/v2\/product"}],"about":[{"href":"https:\/\/cardinal-tapes.com\/fr\/wp-json\/wp\/v2\/types\/product"}],"wp:featuredmedia":[{"embeddable":true,"href":"https:\/\/cardinal-tapes.com\/fr\/wp-json\/wp\/v2\/media\/24384"}],"wp:attachment":[{"href":"https:\/\/cardinal-tapes.com\/fr\/wp-json\/wp\/v2\/media?parent=63182"}],"wp:term":[{"taxonomy":"pwb-brand","embeddable":true,"href":"https:\/\/cardinal-tapes.com\/fr\/wp-json\/wp\/v2\/pwb-brand?post=63182"},{"taxonomy":"product_brand","embeddable":true,"href":"https:\/\/cardinal-tapes.com\/fr\/wp-json\/wp\/v2\/product_brand?post=63182"},{"taxonomy":"product_cat","embeddable":true,"href":"https:\/\/cardinal-tapes.com\/fr\/wp-json\/wp\/v2\/product_cat?post=63182"},{"taxonomy":"product_tag","embeddable":true,"href":"https:\/\/cardinal-tapes.com\/fr\/wp-json\/wp\/v2\/product_tag?post=63182"}],"curies":[{"name":"wp","href":"https:\/\/api.w.org\/{rel}","templated":true}]}}