{"id":63181,"date":"2017-12-08T08:37:19","date_gmt":"2023-06-06T08:21:02","guid":{"rendered":"https:\/\/cardinal.pixel-tal.de\/klebebaender\/non%20class\u00e9\/3m-ruban-adhesif-en-tissu-de-verre-361\/"},"modified":"2025-07-10T13:27:32","modified_gmt":"2025-07-10T11:27:32","slug":"3m-361-bande-adhesive-en-tissu-de-verre","status":"publish","type":"product","link":"https:\/\/cardinal-tapes.com\/fr\/rubans-adh\u00e9sifs\/rubans-adhesifs-simple-face\/3m-361-bande-adhesive-en-tissu-de-verre\/","title":{"rendered":"3M\u2122 Ruban adh\u00e9sif en tissu de verre 361"},"content":{"rendered":"<p>Le ruban adh\u00e9sif 3M\u2122 en tissu de verre 361 convient aux applications n\u00e9cessitant une r\u00e9sistance \u00e9lev\u00e9e \u00e0 la temp\u00e9rature. Ce ruban adh\u00e9sif poss\u00e8de un adh\u00e9sif silicone sensible \u00e0 la pression pour les applications qui n\u00e9cessitent une grande force d&#8217;adh\u00e9rence, une longue dur\u00e9e de vie, une bonne tenue et un retrait sans laisser de traces. Ce ruban adh\u00e9sif r\u00e9sistant \u00e0 l&#8217;abrasion convient pour l&#8217;\u00e9tanch\u00e9it\u00e9 des conduites et des chambres \u00e0 haute temp\u00e9rature, le masquage lors de la pulv\u00e9risation au plasma et pour d&#8217;autres applications n\u00e9cessitant une r\u00e9sistance \u00e9lev\u00e9e \u00e0 la d\u00e9chirure et \u00e0 la temp\u00e9rature.<\/p>\n<p><strong>Propri\u00e9t\u00e9s<br \/>\n<\/strong>Le ruban est compos\u00e9 d&#8217;un support en tissu de verre r\u00e9sistant \u00e0 l&#8217;abrasion et d&#8217;une colle au silicone tr\u00e8s adh\u00e9sive et r\u00e9sistante \u00e0 la temp\u00e9rature. De plus, le ruban adh\u00e9sif en tissu de verre r\u00e9siste \u00e0 la corrosion lors d&#8217;applications permanentes sur la plupart des surfaces m\u00e9talliques. De plus, il s&#8217;enl\u00e8ve sans laisser de traces, m\u00eame apr\u00e8s une forte exposition \u00e0 la chaleur.<\/p>\n<p><b>Applications<br \/>\n<\/b>&#8211; Applications \u00e0 haute temp\u00e9rature n\u00e9cessitant un bon pouvoir adh\u00e9sif, une r\u00e9sistance \u00e9lev\u00e9e \u00e0 la d\u00e9chirure et \u00e0 l&#8217;abrasion<br \/>\n&#8211; \u00c9tanch\u00e9it\u00e9 permanente, mise en faisceau, enrobage et identification de c\u00e2bles \u00e0 haute temp\u00e9rature<b><br \/>\n<\/b><\/p>\n","protected":false},"excerpt":{"rendered":"<p>Le ruban adh\u00e9sif 3M\u2122 en tissu de verre 361 convient aux applications n\u00e9cessitant une r\u00e9sistance \u00e9lev\u00e9e \u00e0 la temp\u00e9rature. Ce ruban adh\u00e9sif poss\u00e8de un adh\u00e9sif silicone sensible \u00e0 la pression pour les applications qui n\u00e9cessitent une grande force d&#8217;adh\u00e9rence, une longue dur\u00e9e de vie, une bonne tenue et un retrait sans laisser de traces. Ce [&hellip;]<\/p>\n","protected":false},"featured_media":24388,"template":"","meta":{"_acf_changed":false},"pwb-brand":[2167],"product_brand":[],"product_cat":[1836],"product_tag":[],"class_list":{"0":"post-63181","1":"product","2":"type-product","3":"status-publish","4":"has-post-thumbnail","6":"pwb-brand-3m-fr","7":"product_cat-rubans-adhesifs-simple-face","9":"first","10":"instock","11":"taxable","12":"shipping-taxable","13":"purchasable","14":"product-type-variable"},"acf":[],"yoast_head":"<!-- This site is optimized with the Yoast SEO plugin v27.3 - https:\/\/yoast.com\/product\/yoast-seo-wordpress\/ -->\n<title>3M\u2122 361 Bande adh\u00e9sive en tissu de verre | Cardinal TAPES<\/title>\n<meta name=\"description\" content=\"Le ruban n\u00b0 361 est compos\u00e9 d&#039;un support en tissu de verre r\u00e9sistant et r\u00e9sistant \u00e0 l&#039;abrasion et d&#039;une colle silicone tr\u00e8s adh\u00e9sive et r\u00e9sistante \u00e0 la temp\u00e9rature.\" \/>\n<meta name=\"robots\" content=\"index, follow, max-snippet:-1, max-image-preview:large, max-video-preview:-1\" \/>\n<link rel=\"canonical\" href=\"https:\/\/cardinal-tapes.com\/fr\/rubans-adh\u00e9sifs\/rubans-adhesifs-simple-face\/3m-361-bande-adhesive-en-tissu-de-verre\/\" \/>\n<meta property=\"og:locale\" content=\"fr_FR\" \/>\n<meta property=\"og:type\" content=\"article\" \/>\n<meta property=\"og:title\" content=\"3M\u2122 361 Bande adh\u00e9sive en tissu de verre | Cardinal TAPES\" \/>\n<meta property=\"og:description\" content=\"Le ruban n\u00b0 361 est compos\u00e9 d&#039;un support en tissu de verre r\u00e9sistant et r\u00e9sistant \u00e0 l&#039;abrasion et d&#039;une colle silicone tr\u00e8s adh\u00e9sive et r\u00e9sistante \u00e0 la temp\u00e9rature.\" \/>\n<meta property=\"og:url\" content=\"https:\/\/cardinal-tapes.com\/fr\/rubans-adh\u00e9sifs\/rubans-adhesifs-simple-face\/3m-361-bande-adhesive-en-tissu-de-verre\/\" \/>\n<meta property=\"og:site_name\" content=\"cardinal TAPES\" \/>\n<meta property=\"article:modified_time\" content=\"2025-07-10T11:27:32+00:00\" \/>\n<meta property=\"og:image\" content=\"https:\/\/cardinal-tapes.com\/wp-content\/uploads\/3m_glasgewebe_361.jpg\" \/>\n\t<meta property=\"og:image:width\" content=\"600\" \/>\n\t<meta property=\"og:image:height\" content=\"600\" \/>\n\t<meta property=\"og:image:type\" content=\"image\/jpeg\" \/>\n<meta name=\"twitter:card\" content=\"summary_large_image\" \/>\n<meta name=\"twitter:label1\" content=\"Dur\u00e9e de lecture estim\u00e9e\" \/>\n\t<meta name=\"twitter:data1\" content=\"1 minute\" \/>\n<script type=\"application\/ld+json\" class=\"yoast-schema-graph\">{\"@context\":\"https:\\\/\\\/schema.org\",\"@graph\":[{\"@type\":\"WebPage\",\"@id\":\"https:\\\/\\\/cardinal-tapes.com\\\/fr\\\/rubans-adh\u00e9sifs\\\/rubans-adhesifs-simple-face\\\/3m-361-bande-adhesive-en-tissu-de-verre\\\/\",\"url\":\"https:\\\/\\\/cardinal-tapes.com\\\/fr\\\/rubans-adh\u00e9sifs\\\/rubans-adhesifs-simple-face\\\/3m-361-bande-adhesive-en-tissu-de-verre\\\/\",\"name\":\"3M\u2122 361 Bande adh\u00e9sive en tissu de verre | Cardinal TAPES\",\"isPartOf\":{\"@id\":\"https:\\\/\\\/cardinal-tapes.com\\\/#website\"},\"primaryImageOfPage\":{\"@id\":\"https:\\\/\\\/cardinal-tapes.com\\\/fr\\\/rubans-adh\u00e9sifs\\\/rubans-adhesifs-simple-face\\\/3m-361-bande-adhesive-en-tissu-de-verre\\\/#primaryimage\"},\"image\":{\"@id\":\"https:\\\/\\\/cardinal-tapes.com\\\/fr\\\/rubans-adh\u00e9sifs\\\/rubans-adhesifs-simple-face\\\/3m-361-bande-adhesive-en-tissu-de-verre\\\/#primaryimage\"},\"thumbnailUrl\":\"https:\\\/\\\/cardinal-tapes.com\\\/wp-content\\\/uploads\\\/3m_glasgewebe_361.jpg\",\"datePublished\":\"2023-06-06T08:21:02+00:00\",\"dateModified\":\"2025-07-10T11:27:32+00:00\",\"description\":\"Le ruban n\u00b0 361 est compos\u00e9 d'un support en tissu de verre r\u00e9sistant et r\u00e9sistant \u00e0 l'abrasion et d'une colle silicone tr\u00e8s adh\u00e9sive et r\u00e9sistante \u00e0 la temp\u00e9rature.\",\"breadcrumb\":{\"@id\":\"https:\\\/\\\/cardinal-tapes.com\\\/fr\\\/rubans-adh\u00e9sifs\\\/rubans-adhesifs-simple-face\\\/3m-361-bande-adhesive-en-tissu-de-verre\\\/#breadcrumb\"},\"inLanguage\":\"fr-FR\",\"potentialAction\":[{\"@type\":\"ReadAction\",\"target\":[\"https:\\\/\\\/cardinal-tapes.com\\\/fr\\\/rubans-adh\u00e9sifs\\\/rubans-adhesifs-simple-face\\\/3m-361-bande-adhesive-en-tissu-de-verre\\\/\"]}]},{\"@type\":\"ImageObject\",\"inLanguage\":\"fr-FR\",\"@id\":\"https:\\\/\\\/cardinal-tapes.com\\\/fr\\\/rubans-adh\u00e9sifs\\\/rubans-adhesifs-simple-face\\\/3m-361-bande-adhesive-en-tissu-de-verre\\\/#primaryimage\",\"url\":\"https:\\\/\\\/cardinal-tapes.com\\\/wp-content\\\/uploads\\\/3m_glasgewebe_361.jpg\",\"contentUrl\":\"https:\\\/\\\/cardinal-tapes.com\\\/wp-content\\\/uploads\\\/3m_glasgewebe_361.jpg\",\"width\":600,\"height\":600,\"caption\":\"Tissu de verre 3M 361\"},{\"@type\":\"BreadcrumbList\",\"@id\":\"https:\\\/\\\/cardinal-tapes.com\\\/fr\\\/rubans-adh\u00e9sifs\\\/rubans-adhesifs-simple-face\\\/3m-361-bande-adhesive-en-tissu-de-verre\\\/#breadcrumb\",\"itemListElement\":[{\"@type\":\"ListItem\",\"position\":1,\"name\":\"Startseite\",\"item\":\"https:\\\/\\\/cardinal-tapes.com\\\/fr\\\/accueil\\\/\"},{\"@type\":\"ListItem\",\"position\":2,\"name\":\"Rubans adh\u00e9sifs\",\"item\":\"https:\\\/\\\/cardinal-tapes.com\\\/fr\\\/rubans-adhesifs-fr\\\/\"},{\"@type\":\"ListItem\",\"position\":3,\"name\":\"Rubans adh\u00e9sifs simple face\",\"item\":\"https:\\\/\\\/cardinal-tapes.com\\\/fr\\\/catgorie\\\/rubans-adhesifs-simple-face\\\/\"},{\"@type\":\"ListItem\",\"position\":4,\"name\":\"3M\u2122 Ruban adh\u00e9sif en tissu de verre 361\"}]},{\"@type\":\"WebSite\",\"@id\":\"https:\\\/\\\/cardinal-tapes.com\\\/#website\",\"url\":\"https:\\\/\\\/cardinal-tapes.com\\\/\",\"name\":\"cardinal TAPES\",\"description\":\"Klebetechnik aus Wuppertal\",\"potentialAction\":[{\"@type\":\"SearchAction\",\"target\":{\"@type\":\"EntryPoint\",\"urlTemplate\":\"https:\\\/\\\/cardinal-tapes.com\\\/?s={search_term_string}\"},\"query-input\":{\"@type\":\"PropertyValueSpecification\",\"valueRequired\":true,\"valueName\":\"search_term_string\"}}],\"inLanguage\":\"fr-FR\"}]}<\/script>\n<!-- \/ Yoast SEO plugin. -->","yoast_head_json":{"title":"3M\u2122 361 Bande adh\u00e9sive en tissu de verre | Cardinal TAPES","description":"Le ruban n\u00b0 361 est compos\u00e9 d'un support en tissu de verre r\u00e9sistant et r\u00e9sistant \u00e0 l'abrasion et d'une colle silicone tr\u00e8s adh\u00e9sive et r\u00e9sistante \u00e0 la temp\u00e9rature.","robots":{"index":"index","follow":"follow","max-snippet":"max-snippet:-1","max-image-preview":"max-image-preview:large","max-video-preview":"max-video-preview:-1"},"canonical":"https:\/\/cardinal-tapes.com\/fr\/rubans-adh\u00e9sifs\/rubans-adhesifs-simple-face\/3m-361-bande-adhesive-en-tissu-de-verre\/","og_locale":"fr_FR","og_type":"article","og_title":"3M\u2122 361 Bande adh\u00e9sive en tissu de verre | Cardinal TAPES","og_description":"Le ruban n\u00b0 361 est compos\u00e9 d'un support en tissu de verre r\u00e9sistant et r\u00e9sistant \u00e0 l'abrasion et d'une colle silicone tr\u00e8s adh\u00e9sive et r\u00e9sistante \u00e0 la temp\u00e9rature.","og_url":"https:\/\/cardinal-tapes.com\/fr\/rubans-adh\u00e9sifs\/rubans-adhesifs-simple-face\/3m-361-bande-adhesive-en-tissu-de-verre\/","og_site_name":"cardinal TAPES","article_modified_time":"2025-07-10T11:27:32+00:00","og_image":[{"width":600,"height":600,"url":"https:\/\/cardinal-tapes.com\/wp-content\/uploads\/3m_glasgewebe_361.jpg","type":"image\/jpeg"}],"twitter_card":"summary_large_image","twitter_misc":{"Dur\u00e9e de lecture estim\u00e9e":"1 minute"},"schema":{"@context":"https:\/\/schema.org","@graph":[{"@type":"WebPage","@id":"https:\/\/cardinal-tapes.com\/fr\/rubans-adh\u00e9sifs\/rubans-adhesifs-simple-face\/3m-361-bande-adhesive-en-tissu-de-verre\/","url":"https:\/\/cardinal-tapes.com\/fr\/rubans-adh\u00e9sifs\/rubans-adhesifs-simple-face\/3m-361-bande-adhesive-en-tissu-de-verre\/","name":"3M\u2122 361 Bande adh\u00e9sive en tissu de verre | Cardinal TAPES","isPartOf":{"@id":"https:\/\/cardinal-tapes.com\/#website"},"primaryImageOfPage":{"@id":"https:\/\/cardinal-tapes.com\/fr\/rubans-adh\u00e9sifs\/rubans-adhesifs-simple-face\/3m-361-bande-adhesive-en-tissu-de-verre\/#primaryimage"},"image":{"@id":"https:\/\/cardinal-tapes.com\/fr\/rubans-adh\u00e9sifs\/rubans-adhesifs-simple-face\/3m-361-bande-adhesive-en-tissu-de-verre\/#primaryimage"},"thumbnailUrl":"https:\/\/cardinal-tapes.com\/wp-content\/uploads\/3m_glasgewebe_361.jpg","datePublished":"2023-06-06T08:21:02+00:00","dateModified":"2025-07-10T11:27:32+00:00","description":"Le ruban n\u00b0 361 est compos\u00e9 d'un support en tissu de verre r\u00e9sistant et r\u00e9sistant \u00e0 l'abrasion et d'une colle silicone tr\u00e8s adh\u00e9sive et r\u00e9sistante \u00e0 la temp\u00e9rature.","breadcrumb":{"@id":"https:\/\/cardinal-tapes.com\/fr\/rubans-adh\u00e9sifs\/rubans-adhesifs-simple-face\/3m-361-bande-adhesive-en-tissu-de-verre\/#breadcrumb"},"inLanguage":"fr-FR","potentialAction":[{"@type":"ReadAction","target":["https:\/\/cardinal-tapes.com\/fr\/rubans-adh\u00e9sifs\/rubans-adhesifs-simple-face\/3m-361-bande-adhesive-en-tissu-de-verre\/"]}]},{"@type":"ImageObject","inLanguage":"fr-FR","@id":"https:\/\/cardinal-tapes.com\/fr\/rubans-adh\u00e9sifs\/rubans-adhesifs-simple-face\/3m-361-bande-adhesive-en-tissu-de-verre\/#primaryimage","url":"https:\/\/cardinal-tapes.com\/wp-content\/uploads\/3m_glasgewebe_361.jpg","contentUrl":"https:\/\/cardinal-tapes.com\/wp-content\/uploads\/3m_glasgewebe_361.jpg","width":600,"height":600,"caption":"Tissu de verre 3M 361"},{"@type":"BreadcrumbList","@id":"https:\/\/cardinal-tapes.com\/fr\/rubans-adh\u00e9sifs\/rubans-adhesifs-simple-face\/3m-361-bande-adhesive-en-tissu-de-verre\/#breadcrumb","itemListElement":[{"@type":"ListItem","position":1,"name":"Startseite","item":"https:\/\/cardinal-tapes.com\/fr\/accueil\/"},{"@type":"ListItem","position":2,"name":"Rubans adh\u00e9sifs","item":"https:\/\/cardinal-tapes.com\/fr\/rubans-adhesifs-fr\/"},{"@type":"ListItem","position":3,"name":"Rubans adh\u00e9sifs simple face","item":"https:\/\/cardinal-tapes.com\/fr\/catgorie\/rubans-adhesifs-simple-face\/"},{"@type":"ListItem","position":4,"name":"3M\u2122 Ruban adh\u00e9sif en tissu de verre 361"}]},{"@type":"WebSite","@id":"https:\/\/cardinal-tapes.com\/#website","url":"https:\/\/cardinal-tapes.com\/","name":"cardinal TAPES","description":"Klebetechnik aus Wuppertal","potentialAction":[{"@type":"SearchAction","target":{"@type":"EntryPoint","urlTemplate":"https:\/\/cardinal-tapes.com\/?s={search_term_string}"},"query-input":{"@type":"PropertyValueSpecification","valueRequired":true,"valueName":"search_term_string"}}],"inLanguage":"fr-FR"}]}},"brands":[{"id":2167,"name":"3M","slug":"3m-fr"}],"_links":{"self":[{"href":"https:\/\/cardinal-tapes.com\/fr\/wp-json\/wp\/v2\/product\/63181","targetHints":{"allow":["GET"]}}],"collection":[{"href":"https:\/\/cardinal-tapes.com\/fr\/wp-json\/wp\/v2\/product"}],"about":[{"href":"https:\/\/cardinal-tapes.com\/fr\/wp-json\/wp\/v2\/types\/product"}],"wp:featuredmedia":[{"embeddable":true,"href":"https:\/\/cardinal-tapes.com\/fr\/wp-json\/wp\/v2\/media\/24388"}],"wp:attachment":[{"href":"https:\/\/cardinal-tapes.com\/fr\/wp-json\/wp\/v2\/media?parent=63181"}],"wp:term":[{"taxonomy":"pwb-brand","embeddable":true,"href":"https:\/\/cardinal-tapes.com\/fr\/wp-json\/wp\/v2\/pwb-brand?post=63181"},{"taxonomy":"product_brand","embeddable":true,"href":"https:\/\/cardinal-tapes.com\/fr\/wp-json\/wp\/v2\/product_brand?post=63181"},{"taxonomy":"product_cat","embeddable":true,"href":"https:\/\/cardinal-tapes.com\/fr\/wp-json\/wp\/v2\/product_cat?post=63181"},{"taxonomy":"product_tag","embeddable":true,"href":"https:\/\/cardinal-tapes.com\/fr\/wp-json\/wp\/v2\/product_tag?post=63181"}],"curies":[{"name":"wp","href":"https:\/\/api.w.org\/{rel}","templated":true}]}}