{"id":63174,"date":"2017-12-08T08:42:10","date_gmt":"2023-06-06T08:21:02","guid":{"rendered":"https:\/\/cardinal.pixel-tal.de\/klebebaender\/non%20class\u00e9\/3m-ruban-adhesif-en-tissu-etanche-389\/"},"modified":"2025-07-11T09:03:21","modified_gmt":"2025-07-11T07:03:21","slug":"3m-389-bande-adhesive-en-tissu-colore-impermeable-a-leau","status":"publish","type":"product","link":"https:\/\/cardinal-tapes.com\/fr\/rubans-adh\u00e9sifs\/rubans-adhesifs-simple-face\/3m-389-bande-adhesive-en-tissu-colore-impermeable-a-leau\/","title":{"rendered":"3M\u2122 Ruban adh\u00e9sif en tissu \u00e9tanche 389"},"content":{"rendered":"<p>Le ruban adh\u00e9sif tiss\u00e9 3M 389 est disponible en plusieurs couleurs et convient \u00e0 de nombreuses applications diff\u00e9rentes. Les avantages particuliers de ce ruban adh\u00e9sif sont qu&#8217;il peut \u00eatre arrach\u00e9 \u00e0 la main, qu&#8217;il pr\u00e9sente une bonne capacit\u00e9 d&#8217;adaptation et qu&#8217;il a une grande force d&#8217;adh\u00e9rence. C&#8217;est pourquoi les domaines d&#8217;application du 3M 389 sont si vari\u00e9s. Le masquage, le bottelage, le renforcement et la r\u00e9paration, le collage et l&#8217;\u00e9pissage de moquettes ou le colmatage de joints en sont des exemples. Gr\u00e2ce aux diff\u00e9rentes couleurs, le ruban adh\u00e9sif tiss\u00e9 3M 389 s&#8217;int\u00e8gre \u00e9galement visuellement dans chaque tableau.<\/p>\n<p><strong>Propri\u00e9t\u00e9s<br \/>\n<\/strong>Le ruban adh\u00e9sif tiss\u00e9 a un comportement stable \u00e0 la d\u00e9formation, une bonne r\u00e9sistance \u00e0 l&#8217;eau ainsi qu&#8217;un allongement \u00e9lev\u00e9 \u00e0 la rupture. Le ruban adh\u00e9sif est disponible dans de nombreuses couleurs diff\u00e9rentes. En outre, il se caract\u00e9rise par une tr\u00e8s bonne adh\u00e9rence imm\u00e9diate, une bonne tenue dans le temps et un tr\u00e8s bon pouvoir adh\u00e9sif sur un grand nombre de surfaces.<\/p>\n<p><strong>Applications<br \/>\n<\/strong>&#8211; Raccordement et \u00e9tanch\u00e9it\u00e9 de films, de panneaux de construction de murs et de syst\u00e8mes de conduites m\u00e9talliques et plastiques<br \/>\n&#8211; \u00c9pissure d&#8217;isolations, de tubes et de rev\u00eatements (effet de charni\u00e8re)<br \/>\n&#8211; \u00c9pissure de films pour la protection lors du traitement ou de la d\u00e9contamination<br \/>\n&#8211; Enveloppement de r\u00e9cipients et de tubes<br \/>\n&#8211; Marquage, marquage ou \u00e9tiquetage par couleur<br \/>\n&#8211; \u00c9tanch\u00e9it\u00e9 de r\u00e9cipients et r\u00e9paration de b\u00e2ches<\/p>\n","protected":false},"excerpt":{"rendered":"<p>Le ruban adh\u00e9sif tiss\u00e9 3M 389 est disponible en plusieurs couleurs et convient \u00e0 de nombreuses applications diff\u00e9rentes. Les avantages particuliers de ce ruban adh\u00e9sif sont qu&#8217;il peut \u00eatre arrach\u00e9 \u00e0 la main, qu&#8217;il pr\u00e9sente une bonne capacit\u00e9 d&#8217;adaptation et qu&#8217;il a une grande force d&#8217;adh\u00e9rence. C&#8217;est pourquoi les domaines d&#8217;application du 3M 389 sont [&hellip;]<\/p>\n","protected":false},"featured_media":24380,"template":"","meta":{"_acf_changed":false},"pwb-brand":[2167],"product_brand":[],"product_cat":[1836],"product_tag":[],"class_list":{"0":"post-63174","1":"product","2":"type-product","3":"status-publish","4":"has-post-thumbnail","6":"pwb-brand-3m-fr","7":"product_cat-rubans-adhesifs-simple-face","9":"first","10":"instock","11":"taxable","12":"shipping-taxable","13":"purchasable","14":"product-type-variable"},"acf":[],"yoast_head":"<!-- This site is optimized with the Yoast SEO plugin v27.3 - https:\/\/yoast.com\/product\/yoast-seo-wordpress\/ -->\n<title>3M\u2122 389 Ruban adh\u00e9sif en tissu \u00e9tanche | Cardinal TAPES<\/title>\n<meta name=\"description\" content=\"Le ruban adh\u00e9sif tiss\u00e9 3M 389 est disponible en plusieurs couleurs et convient \u00e0 de nombreuses applications diff\u00e9rentes. En savoir plus.\" \/>\n<meta name=\"robots\" content=\"index, follow, max-snippet:-1, max-image-preview:large, max-video-preview:-1\" \/>\n<link rel=\"canonical\" href=\"https:\/\/cardinal-tapes.com\/fr\/rubans-adh\u00e9sifs\/rubans-adhesifs-simple-face\/3m-389-bande-adhesive-en-tissu-colore-impermeable-a-leau\/\" \/>\n<meta property=\"og:locale\" content=\"fr_FR\" \/>\n<meta property=\"og:type\" content=\"article\" \/>\n<meta property=\"og:title\" content=\"3M\u2122 389 Ruban adh\u00e9sif en tissu \u00e9tanche | Cardinal TAPES\" \/>\n<meta property=\"og:description\" content=\"Le ruban adh\u00e9sif tiss\u00e9 3M 389 est disponible en plusieurs couleurs et convient \u00e0 de nombreuses applications diff\u00e9rentes. En savoir plus.\" \/>\n<meta property=\"og:url\" content=\"https:\/\/cardinal-tapes.com\/fr\/rubans-adh\u00e9sifs\/rubans-adhesifs-simple-face\/3m-389-bande-adhesive-en-tissu-colore-impermeable-a-leau\/\" \/>\n<meta property=\"og:site_name\" content=\"cardinal TAPES\" \/>\n<meta property=\"article:modified_time\" content=\"2025-07-11T07:03:21+00:00\" \/>\n<meta property=\"og:image\" content=\"https:\/\/cardinal-tapes.com\/wp-content\/uploads\/3m_scotch_gewebeklebeband_389.jpg\" \/>\n\t<meta property=\"og:image:width\" content=\"600\" \/>\n\t<meta property=\"og:image:height\" content=\"600\" \/>\n\t<meta property=\"og:image:type\" content=\"image\/jpeg\" \/>\n<meta name=\"twitter:card\" content=\"summary_large_image\" \/>\n<meta name=\"twitter:label1\" content=\"Dur\u00e9e de lecture estim\u00e9e\" \/>\n\t<meta name=\"twitter:data1\" content=\"1 minute\" \/>\n<script type=\"application\/ld+json\" class=\"yoast-schema-graph\">{\"@context\":\"https:\\\/\\\/schema.org\",\"@graph\":[{\"@type\":\"WebPage\",\"@id\":\"https:\\\/\\\/cardinal-tapes.com\\\/fr\\\/rubans-adh\u00e9sifs\\\/rubans-adhesifs-simple-face\\\/3m-389-bande-adhesive-en-tissu-colore-impermeable-a-leau\\\/\",\"url\":\"https:\\\/\\\/cardinal-tapes.com\\\/fr\\\/rubans-adh\u00e9sifs\\\/rubans-adhesifs-simple-face\\\/3m-389-bande-adhesive-en-tissu-colore-impermeable-a-leau\\\/\",\"name\":\"3M\u2122 389 Ruban adh\u00e9sif en tissu \u00e9tanche | Cardinal TAPES\",\"isPartOf\":{\"@id\":\"https:\\\/\\\/cardinal-tapes.com\\\/#website\"},\"primaryImageOfPage\":{\"@id\":\"https:\\\/\\\/cardinal-tapes.com\\\/fr\\\/rubans-adh\u00e9sifs\\\/rubans-adhesifs-simple-face\\\/3m-389-bande-adhesive-en-tissu-colore-impermeable-a-leau\\\/#primaryimage\"},\"image\":{\"@id\":\"https:\\\/\\\/cardinal-tapes.com\\\/fr\\\/rubans-adh\u00e9sifs\\\/rubans-adhesifs-simple-face\\\/3m-389-bande-adhesive-en-tissu-colore-impermeable-a-leau\\\/#primaryimage\"},\"thumbnailUrl\":\"https:\\\/\\\/cardinal-tapes.com\\\/wp-content\\\/uploads\\\/3m_scotch_gewebeklebeband_389.jpg\",\"datePublished\":\"2023-06-06T08:21:02+00:00\",\"dateModified\":\"2025-07-11T07:03:21+00:00\",\"description\":\"Le ruban adh\u00e9sif tiss\u00e9 3M 389 est disponible en plusieurs couleurs et convient \u00e0 de nombreuses applications diff\u00e9rentes. En savoir plus.\",\"breadcrumb\":{\"@id\":\"https:\\\/\\\/cardinal-tapes.com\\\/fr\\\/rubans-adh\u00e9sifs\\\/rubans-adhesifs-simple-face\\\/3m-389-bande-adhesive-en-tissu-colore-impermeable-a-leau\\\/#breadcrumb\"},\"inLanguage\":\"fr-FR\",\"potentialAction\":[{\"@type\":\"ReadAction\",\"target\":[\"https:\\\/\\\/cardinal-tapes.com\\\/fr\\\/rubans-adh\u00e9sifs\\\/rubans-adhesifs-simple-face\\\/3m-389-bande-adhesive-en-tissu-colore-impermeable-a-leau\\\/\"]}]},{\"@type\":\"ImageObject\",\"inLanguage\":\"fr-FR\",\"@id\":\"https:\\\/\\\/cardinal-tapes.com\\\/fr\\\/rubans-adh\u00e9sifs\\\/rubans-adhesifs-simple-face\\\/3m-389-bande-adhesive-en-tissu-colore-impermeable-a-leau\\\/#primaryimage\",\"url\":\"https:\\\/\\\/cardinal-tapes.com\\\/wp-content\\\/uploads\\\/3m_scotch_gewebeklebeband_389.jpg\",\"contentUrl\":\"https:\\\/\\\/cardinal-tapes.com\\\/wp-content\\\/uploads\\\/3m_scotch_gewebeklebeband_389.jpg\",\"width\":600,\"height\":600,\"caption\":\"Ruban adh\u00e9sif tiss\u00e9 3M Scotch 389\"},{\"@type\":\"BreadcrumbList\",\"@id\":\"https:\\\/\\\/cardinal-tapes.com\\\/fr\\\/rubans-adh\u00e9sifs\\\/rubans-adhesifs-simple-face\\\/3m-389-bande-adhesive-en-tissu-colore-impermeable-a-leau\\\/#breadcrumb\",\"itemListElement\":[{\"@type\":\"ListItem\",\"position\":1,\"name\":\"Startseite\",\"item\":\"https:\\\/\\\/cardinal-tapes.com\\\/fr\\\/accueil\\\/\"},{\"@type\":\"ListItem\",\"position\":2,\"name\":\"Rubans adh\u00e9sifs\",\"item\":\"https:\\\/\\\/cardinal-tapes.com\\\/fr\\\/rubans-adhesifs-fr\\\/\"},{\"@type\":\"ListItem\",\"position\":3,\"name\":\"Rubans adh\u00e9sifs simple face\",\"item\":\"https:\\\/\\\/cardinal-tapes.com\\\/fr\\\/catgorie\\\/rubans-adhesifs-simple-face\\\/\"},{\"@type\":\"ListItem\",\"position\":4,\"name\":\"3M\u2122 Ruban adh\u00e9sif en tissu \u00e9tanche 389\"}]},{\"@type\":\"WebSite\",\"@id\":\"https:\\\/\\\/cardinal-tapes.com\\\/#website\",\"url\":\"https:\\\/\\\/cardinal-tapes.com\\\/\",\"name\":\"cardinal TAPES\",\"description\":\"Klebetechnik aus Wuppertal\",\"potentialAction\":[{\"@type\":\"SearchAction\",\"target\":{\"@type\":\"EntryPoint\",\"urlTemplate\":\"https:\\\/\\\/cardinal-tapes.com\\\/?s={search_term_string}\"},\"query-input\":{\"@type\":\"PropertyValueSpecification\",\"valueRequired\":true,\"valueName\":\"search_term_string\"}}],\"inLanguage\":\"fr-FR\"}]}<\/script>\n<!-- \/ Yoast SEO plugin. -->","yoast_head_json":{"title":"3M\u2122 389 Ruban adh\u00e9sif en tissu \u00e9tanche | Cardinal TAPES","description":"Le ruban adh\u00e9sif tiss\u00e9 3M 389 est disponible en plusieurs couleurs et convient \u00e0 de nombreuses applications diff\u00e9rentes. En savoir plus.","robots":{"index":"index","follow":"follow","max-snippet":"max-snippet:-1","max-image-preview":"max-image-preview:large","max-video-preview":"max-video-preview:-1"},"canonical":"https:\/\/cardinal-tapes.com\/fr\/rubans-adh\u00e9sifs\/rubans-adhesifs-simple-face\/3m-389-bande-adhesive-en-tissu-colore-impermeable-a-leau\/","og_locale":"fr_FR","og_type":"article","og_title":"3M\u2122 389 Ruban adh\u00e9sif en tissu \u00e9tanche | Cardinal TAPES","og_description":"Le ruban adh\u00e9sif tiss\u00e9 3M 389 est disponible en plusieurs couleurs et convient \u00e0 de nombreuses applications diff\u00e9rentes. En savoir plus.","og_url":"https:\/\/cardinal-tapes.com\/fr\/rubans-adh\u00e9sifs\/rubans-adhesifs-simple-face\/3m-389-bande-adhesive-en-tissu-colore-impermeable-a-leau\/","og_site_name":"cardinal TAPES","article_modified_time":"2025-07-11T07:03:21+00:00","og_image":[{"width":600,"height":600,"url":"https:\/\/cardinal-tapes.com\/wp-content\/uploads\/3m_scotch_gewebeklebeband_389.jpg","type":"image\/jpeg"}],"twitter_card":"summary_large_image","twitter_misc":{"Dur\u00e9e de lecture estim\u00e9e":"1 minute"},"schema":{"@context":"https:\/\/schema.org","@graph":[{"@type":"WebPage","@id":"https:\/\/cardinal-tapes.com\/fr\/rubans-adh\u00e9sifs\/rubans-adhesifs-simple-face\/3m-389-bande-adhesive-en-tissu-colore-impermeable-a-leau\/","url":"https:\/\/cardinal-tapes.com\/fr\/rubans-adh\u00e9sifs\/rubans-adhesifs-simple-face\/3m-389-bande-adhesive-en-tissu-colore-impermeable-a-leau\/","name":"3M\u2122 389 Ruban adh\u00e9sif en tissu \u00e9tanche | Cardinal TAPES","isPartOf":{"@id":"https:\/\/cardinal-tapes.com\/#website"},"primaryImageOfPage":{"@id":"https:\/\/cardinal-tapes.com\/fr\/rubans-adh\u00e9sifs\/rubans-adhesifs-simple-face\/3m-389-bande-adhesive-en-tissu-colore-impermeable-a-leau\/#primaryimage"},"image":{"@id":"https:\/\/cardinal-tapes.com\/fr\/rubans-adh\u00e9sifs\/rubans-adhesifs-simple-face\/3m-389-bande-adhesive-en-tissu-colore-impermeable-a-leau\/#primaryimage"},"thumbnailUrl":"https:\/\/cardinal-tapes.com\/wp-content\/uploads\/3m_scotch_gewebeklebeband_389.jpg","datePublished":"2023-06-06T08:21:02+00:00","dateModified":"2025-07-11T07:03:21+00:00","description":"Le ruban adh\u00e9sif tiss\u00e9 3M 389 est disponible en plusieurs couleurs et convient \u00e0 de nombreuses applications diff\u00e9rentes. En savoir plus.","breadcrumb":{"@id":"https:\/\/cardinal-tapes.com\/fr\/rubans-adh\u00e9sifs\/rubans-adhesifs-simple-face\/3m-389-bande-adhesive-en-tissu-colore-impermeable-a-leau\/#breadcrumb"},"inLanguage":"fr-FR","potentialAction":[{"@type":"ReadAction","target":["https:\/\/cardinal-tapes.com\/fr\/rubans-adh\u00e9sifs\/rubans-adhesifs-simple-face\/3m-389-bande-adhesive-en-tissu-colore-impermeable-a-leau\/"]}]},{"@type":"ImageObject","inLanguage":"fr-FR","@id":"https:\/\/cardinal-tapes.com\/fr\/rubans-adh\u00e9sifs\/rubans-adhesifs-simple-face\/3m-389-bande-adhesive-en-tissu-colore-impermeable-a-leau\/#primaryimage","url":"https:\/\/cardinal-tapes.com\/wp-content\/uploads\/3m_scotch_gewebeklebeband_389.jpg","contentUrl":"https:\/\/cardinal-tapes.com\/wp-content\/uploads\/3m_scotch_gewebeklebeband_389.jpg","width":600,"height":600,"caption":"Ruban adh\u00e9sif tiss\u00e9 3M Scotch 389"},{"@type":"BreadcrumbList","@id":"https:\/\/cardinal-tapes.com\/fr\/rubans-adh\u00e9sifs\/rubans-adhesifs-simple-face\/3m-389-bande-adhesive-en-tissu-colore-impermeable-a-leau\/#breadcrumb","itemListElement":[{"@type":"ListItem","position":1,"name":"Startseite","item":"https:\/\/cardinal-tapes.com\/fr\/accueil\/"},{"@type":"ListItem","position":2,"name":"Rubans adh\u00e9sifs","item":"https:\/\/cardinal-tapes.com\/fr\/rubans-adhesifs-fr\/"},{"@type":"ListItem","position":3,"name":"Rubans adh\u00e9sifs simple face","item":"https:\/\/cardinal-tapes.com\/fr\/catgorie\/rubans-adhesifs-simple-face\/"},{"@type":"ListItem","position":4,"name":"3M\u2122 Ruban adh\u00e9sif en tissu \u00e9tanche 389"}]},{"@type":"WebSite","@id":"https:\/\/cardinal-tapes.com\/#website","url":"https:\/\/cardinal-tapes.com\/","name":"cardinal TAPES","description":"Klebetechnik aus Wuppertal","potentialAction":[{"@type":"SearchAction","target":{"@type":"EntryPoint","urlTemplate":"https:\/\/cardinal-tapes.com\/?s={search_term_string}"},"query-input":{"@type":"PropertyValueSpecification","valueRequired":true,"valueName":"search_term_string"}}],"inLanguage":"fr-FR"}]}},"brands":[{"id":2167,"name":"3M","slug":"3m-fr"}],"_links":{"self":[{"href":"https:\/\/cardinal-tapes.com\/fr\/wp-json\/wp\/v2\/product\/63174","targetHints":{"allow":["GET"]}}],"collection":[{"href":"https:\/\/cardinal-tapes.com\/fr\/wp-json\/wp\/v2\/product"}],"about":[{"href":"https:\/\/cardinal-tapes.com\/fr\/wp-json\/wp\/v2\/types\/product"}],"wp:featuredmedia":[{"embeddable":true,"href":"https:\/\/cardinal-tapes.com\/fr\/wp-json\/wp\/v2\/media\/24380"}],"wp:attachment":[{"href":"https:\/\/cardinal-tapes.com\/fr\/wp-json\/wp\/v2\/media?parent=63174"}],"wp:term":[{"taxonomy":"pwb-brand","embeddable":true,"href":"https:\/\/cardinal-tapes.com\/fr\/wp-json\/wp\/v2\/pwb-brand?post=63174"},{"taxonomy":"product_brand","embeddable":true,"href":"https:\/\/cardinal-tapes.com\/fr\/wp-json\/wp\/v2\/product_brand?post=63174"},{"taxonomy":"product_cat","embeddable":true,"href":"https:\/\/cardinal-tapes.com\/fr\/wp-json\/wp\/v2\/product_cat?post=63174"},{"taxonomy":"product_tag","embeddable":true,"href":"https:\/\/cardinal-tapes.com\/fr\/wp-json\/wp\/v2\/product_tag?post=63174"}],"curies":[{"name":"wp","href":"https:\/\/api.w.org\/{rel}","templated":true}]}}