{"id":63131,"date":"2017-12-08T08:45:55","date_gmt":"2023-06-06T08:21:01","guid":{"rendered":"https:\/\/cardinal.pixel-tal.de\/klebebaender\/non%20class\u00e9\/3m-ruban-adhesif-tisse-resistant-aux-uv-8979\/"},"modified":"2025-07-11T09:03:26","modified_gmt":"2025-07-11T07:03:26","slug":"3m-8979-uv-bande-adhesive-tissu-resistante","status":"publish","type":"product","link":"https:\/\/cardinal-tapes.com\/fr\/rubans-adh\u00e9sifs\/rubans-adhesifs-simple-face\/3m-8979-uv-bande-adhesive-tissu-resistante\/","title":{"rendered":"3M\u2122 Ruban adh\u00e9sif tiss\u00e9 r\u00e9sistant aux UV 8979"},"content":{"rendered":"<p>Le ruban adh\u00e9sif tiss\u00e9 3M\u2122 8979 poss\u00e8de une structure unique pour les applications permanentes et temporaires \u00e0 l&#8217;int\u00e9rieur et \u00e0 l&#8217;ext\u00e9rieur. Il peut \u00eatre retir\u00e9 de la plupart des surfaces opaques sans laisser de traces d&#8217;adh\u00e9sif ou avec tr\u00e8s peu de traces d&#8217;adh\u00e9sif, jusqu&#8217;\u00e0 six mois apr\u00e8s le collage.<br \/>\nLe ruban adh\u00e9sif ne s&#8217;enroule pas \u00e0 nouveau lorsqu&#8217;il est d\u00e9roul\u00e9, ce qui le rend facile \u00e0 utiliser. C&#8217;est un excellent choix pour les applications o\u00f9 il peut \u00eatre utilis\u00e9 pour sceller des couvercles et fermer des manchons.<\/p>\n<p><strong>Caract\u00e9ristiques<\/strong><br \/>\nLe ruban adh\u00e9sif 8979 est compos\u00e9 d&#8217;un tissu lamin\u00e9 avec un film de poly\u00e9thyl\u00e8ne et enduit d&#8217;un adh\u00e9sif en caoutchouc qui s&#8217;adapte aux surfaces irr\u00e9guli\u00e8res et courbes. Gr\u00e2ce \u00e0 sa r\u00e9sistance aux UV, \u00e0 la lumi\u00e8re du soleil et aux intemp\u00e9ries, il adh\u00e8re jusqu&#8217;\u00e0 un an sans vieillir et peut en outre \u00eatre utilis\u00e9 \u00e0 des temp\u00e9ratures allant jusqu&#8217;\u00e0 93\u00b0C.<\/p>\n<p><strong>Applications<\/strong><br \/>\n&#8211; Pour relier et \u00e9tancher les films, les panneaux de construction de murs et les syst\u00e8mes de conduites m\u00e9talliques et plastiques<br \/>\n&#8211; Pour \u00e9pisser les isolations, les tuyaux et les rev\u00eatements (effet de charni\u00e8re)<br \/>\n&#8211; Pour \u00e9pisser les films afin de les prot\u00e9ger lors du traitement ou de la d\u00e9contamination<br \/>\n&#8211; Pour envelopper les r\u00e9cipients et les tuyaux<br \/>\n&#8211; Pour \u00e9tancher les r\u00e9cipients et r\u00e9parer les b\u00e2ches<\/p>\n","protected":false},"excerpt":{"rendered":"<p>Le ruban adh\u00e9sif tiss\u00e9 3M\u2122 8979 poss\u00e8de une structure unique pour les applications permanentes et temporaires \u00e0 l&#8217;int\u00e9rieur et \u00e0 l&#8217;ext\u00e9rieur. Il peut \u00eatre retir\u00e9 de la plupart des surfaces opaques sans laisser de traces d&#8217;adh\u00e9sif ou avec tr\u00e8s peu de traces d&#8217;adh\u00e9sif, jusqu&#8217;\u00e0 six mois apr\u00e8s le collage. Le ruban adh\u00e9sif ne s&#8217;enroule pas [&hellip;]<\/p>\n","protected":false},"featured_media":24372,"template":"","meta":{"_acf_changed":false},"pwb-brand":[2167],"product_brand":[],"product_cat":[1836],"product_tag":[],"class_list":{"0":"post-63131","1":"product","2":"type-product","3":"status-publish","4":"has-post-thumbnail","6":"pwb-brand-3m-fr","7":"product_cat-rubans-adhesifs-simple-face","9":"first","10":"instock","11":"taxable","12":"shipping-taxable","13":"purchasable","14":"product-type-simple"},"acf":[],"yoast_head":"<!-- This site is optimized with the Yoast SEO plugin v27.3 - https:\/\/yoast.com\/product\/yoast-seo-wordpress\/ -->\n<title>3M\u2122 8979 Ruban adh\u00e9sif tiss\u00e9 r\u00e9sistant aux UV | Cardinal TAPES<\/title>\n<meta name=\"description\" content=\"Le ruban adh\u00e9sif en tissu 3M r\u00e9sistant aux UV a la particularit\u00e9 de pouvoir \u00eatre utilis\u00e9 tr\u00e8s facilement \u00e0 l&#039;int\u00e9rieur comme \u00e0 l&#039;ext\u00e9rieur. En savoir plus.\" \/>\n<meta name=\"robots\" content=\"index, follow, max-snippet:-1, max-image-preview:large, max-video-preview:-1\" \/>\n<link rel=\"canonical\" href=\"https:\/\/cardinal-tapes.com\/fr\/rubans-adh\u00e9sifs\/rubans-adhesifs-simple-face\/3m-8979-uv-bande-adhesive-tissu-resistante\/\" \/>\n<meta property=\"og:locale\" content=\"fr_FR\" \/>\n<meta property=\"og:type\" content=\"article\" \/>\n<meta property=\"og:title\" content=\"3M\u2122 8979 Ruban adh\u00e9sif tiss\u00e9 r\u00e9sistant aux UV | Cardinal TAPES\" \/>\n<meta property=\"og:description\" content=\"Le ruban adh\u00e9sif en tissu 3M r\u00e9sistant aux UV a la particularit\u00e9 de pouvoir \u00eatre utilis\u00e9 tr\u00e8s facilement \u00e0 l&#039;int\u00e9rieur comme \u00e0 l&#039;ext\u00e9rieur. En savoir plus.\" \/>\n<meta property=\"og:url\" content=\"https:\/\/cardinal-tapes.com\/fr\/rubans-adh\u00e9sifs\/rubans-adhesifs-simple-face\/3m-8979-uv-bande-adhesive-tissu-resistante\/\" \/>\n<meta property=\"og:site_name\" content=\"cardinal TAPES\" \/>\n<meta property=\"article:modified_time\" content=\"2025-07-11T07:03:26+00:00\" \/>\n<meta property=\"og:image\" content=\"https:\/\/cardinal-tapes.com\/wp-content\/uploads\/3m_uvbestaendig_gewebeklebeband_8979.jpg\" \/>\n\t<meta property=\"og:image:width\" content=\"600\" \/>\n\t<meta property=\"og:image:height\" content=\"600\" \/>\n\t<meta property=\"og:image:type\" content=\"image\/jpeg\" \/>\n<meta name=\"twitter:card\" content=\"summary_large_image\" \/>\n<meta name=\"twitter:label1\" content=\"Dur\u00e9e de lecture estim\u00e9e\" \/>\n\t<meta name=\"twitter:data1\" content=\"1 minute\" \/>\n<script type=\"application\/ld+json\" class=\"yoast-schema-graph\">{\"@context\":\"https:\\\/\\\/schema.org\",\"@graph\":[{\"@type\":\"WebPage\",\"@id\":\"https:\\\/\\\/cardinal-tapes.com\\\/fr\\\/rubans-adh\u00e9sifs\\\/rubans-adhesifs-simple-face\\\/3m-8979-uv-bande-adhesive-tissu-resistante\\\/\",\"url\":\"https:\\\/\\\/cardinal-tapes.com\\\/fr\\\/rubans-adh\u00e9sifs\\\/rubans-adhesifs-simple-face\\\/3m-8979-uv-bande-adhesive-tissu-resistante\\\/\",\"name\":\"3M\u2122 8979 Ruban adh\u00e9sif tiss\u00e9 r\u00e9sistant aux UV | Cardinal TAPES\",\"isPartOf\":{\"@id\":\"https:\\\/\\\/cardinal-tapes.com\\\/#website\"},\"primaryImageOfPage\":{\"@id\":\"https:\\\/\\\/cardinal-tapes.com\\\/fr\\\/rubans-adh\u00e9sifs\\\/rubans-adhesifs-simple-face\\\/3m-8979-uv-bande-adhesive-tissu-resistante\\\/#primaryimage\"},\"image\":{\"@id\":\"https:\\\/\\\/cardinal-tapes.com\\\/fr\\\/rubans-adh\u00e9sifs\\\/rubans-adhesifs-simple-face\\\/3m-8979-uv-bande-adhesive-tissu-resistante\\\/#primaryimage\"},\"thumbnailUrl\":\"https:\\\/\\\/cardinal-tapes.com\\\/wp-content\\\/uploads\\\/3m_uvbestaendig_gewebeklebeband_8979.jpg\",\"datePublished\":\"2023-06-06T08:21:01+00:00\",\"dateModified\":\"2025-07-11T07:03:26+00:00\",\"description\":\"Le ruban adh\u00e9sif en tissu 3M r\u00e9sistant aux UV a la particularit\u00e9 de pouvoir \u00eatre utilis\u00e9 tr\u00e8s facilement \u00e0 l'int\u00e9rieur comme \u00e0 l'ext\u00e9rieur. En savoir plus.\",\"breadcrumb\":{\"@id\":\"https:\\\/\\\/cardinal-tapes.com\\\/fr\\\/rubans-adh\u00e9sifs\\\/rubans-adhesifs-simple-face\\\/3m-8979-uv-bande-adhesive-tissu-resistante\\\/#breadcrumb\"},\"inLanguage\":\"fr-FR\",\"potentialAction\":[{\"@type\":\"ReadAction\",\"target\":[\"https:\\\/\\\/cardinal-tapes.com\\\/fr\\\/rubans-adh\u00e9sifs\\\/rubans-adhesifs-simple-face\\\/3m-8979-uv-bande-adhesive-tissu-resistante\\\/\"]}]},{\"@type\":\"ImageObject\",\"inLanguage\":\"fr-FR\",\"@id\":\"https:\\\/\\\/cardinal-tapes.com\\\/fr\\\/rubans-adh\u00e9sifs\\\/rubans-adhesifs-simple-face\\\/3m-8979-uv-bande-adhesive-tissu-resistante\\\/#primaryimage\",\"url\":\"https:\\\/\\\/cardinal-tapes.com\\\/wp-content\\\/uploads\\\/3m_uvbestaendig_gewebeklebeband_8979.jpg\",\"contentUrl\":\"https:\\\/\\\/cardinal-tapes.com\\\/wp-content\\\/uploads\\\/3m_uvbestaendig_gewebeklebeband_8979.jpg\",\"width\":600,\"height\":600,\"caption\":\"Ruban adh\u00e9sif tiss\u00e9 3M r\u00e9sistant aux UV 8979\"},{\"@type\":\"BreadcrumbList\",\"@id\":\"https:\\\/\\\/cardinal-tapes.com\\\/fr\\\/rubans-adh\u00e9sifs\\\/rubans-adhesifs-simple-face\\\/3m-8979-uv-bande-adhesive-tissu-resistante\\\/#breadcrumb\",\"itemListElement\":[{\"@type\":\"ListItem\",\"position\":1,\"name\":\"Startseite\",\"item\":\"https:\\\/\\\/cardinal-tapes.com\\\/fr\\\/accueil\\\/\"},{\"@type\":\"ListItem\",\"position\":2,\"name\":\"Rubans adh\u00e9sifs\",\"item\":\"https:\\\/\\\/cardinal-tapes.com\\\/fr\\\/rubans-adhesifs-fr\\\/\"},{\"@type\":\"ListItem\",\"position\":3,\"name\":\"Rubans adh\u00e9sifs simple face\",\"item\":\"https:\\\/\\\/cardinal-tapes.com\\\/fr\\\/catgorie\\\/rubans-adhesifs-simple-face\\\/\"},{\"@type\":\"ListItem\",\"position\":4,\"name\":\"3M\u2122 Ruban adh\u00e9sif tiss\u00e9 r\u00e9sistant aux UV 8979\"}]},{\"@type\":\"WebSite\",\"@id\":\"https:\\\/\\\/cardinal-tapes.com\\\/#website\",\"url\":\"https:\\\/\\\/cardinal-tapes.com\\\/\",\"name\":\"cardinal TAPES\",\"description\":\"Klebetechnik aus Wuppertal\",\"potentialAction\":[{\"@type\":\"SearchAction\",\"target\":{\"@type\":\"EntryPoint\",\"urlTemplate\":\"https:\\\/\\\/cardinal-tapes.com\\\/?s={search_term_string}\"},\"query-input\":{\"@type\":\"PropertyValueSpecification\",\"valueRequired\":true,\"valueName\":\"search_term_string\"}}],\"inLanguage\":\"fr-FR\"}]}<\/script>\n<!-- \/ Yoast SEO plugin. -->","yoast_head_json":{"title":"3M\u2122 8979 Ruban adh\u00e9sif tiss\u00e9 r\u00e9sistant aux UV | Cardinal TAPES","description":"Le ruban adh\u00e9sif en tissu 3M r\u00e9sistant aux UV a la particularit\u00e9 de pouvoir \u00eatre utilis\u00e9 tr\u00e8s facilement \u00e0 l'int\u00e9rieur comme \u00e0 l'ext\u00e9rieur. En savoir plus.","robots":{"index":"index","follow":"follow","max-snippet":"max-snippet:-1","max-image-preview":"max-image-preview:large","max-video-preview":"max-video-preview:-1"},"canonical":"https:\/\/cardinal-tapes.com\/fr\/rubans-adh\u00e9sifs\/rubans-adhesifs-simple-face\/3m-8979-uv-bande-adhesive-tissu-resistante\/","og_locale":"fr_FR","og_type":"article","og_title":"3M\u2122 8979 Ruban adh\u00e9sif tiss\u00e9 r\u00e9sistant aux UV | Cardinal TAPES","og_description":"Le ruban adh\u00e9sif en tissu 3M r\u00e9sistant aux UV a la particularit\u00e9 de pouvoir \u00eatre utilis\u00e9 tr\u00e8s facilement \u00e0 l'int\u00e9rieur comme \u00e0 l'ext\u00e9rieur. En savoir plus.","og_url":"https:\/\/cardinal-tapes.com\/fr\/rubans-adh\u00e9sifs\/rubans-adhesifs-simple-face\/3m-8979-uv-bande-adhesive-tissu-resistante\/","og_site_name":"cardinal TAPES","article_modified_time":"2025-07-11T07:03:26+00:00","og_image":[{"width":600,"height":600,"url":"https:\/\/cardinal-tapes.com\/wp-content\/uploads\/3m_uvbestaendig_gewebeklebeband_8979.jpg","type":"image\/jpeg"}],"twitter_card":"summary_large_image","twitter_misc":{"Dur\u00e9e de lecture estim\u00e9e":"1 minute"},"schema":{"@context":"https:\/\/schema.org","@graph":[{"@type":"WebPage","@id":"https:\/\/cardinal-tapes.com\/fr\/rubans-adh\u00e9sifs\/rubans-adhesifs-simple-face\/3m-8979-uv-bande-adhesive-tissu-resistante\/","url":"https:\/\/cardinal-tapes.com\/fr\/rubans-adh\u00e9sifs\/rubans-adhesifs-simple-face\/3m-8979-uv-bande-adhesive-tissu-resistante\/","name":"3M\u2122 8979 Ruban adh\u00e9sif tiss\u00e9 r\u00e9sistant aux UV | Cardinal TAPES","isPartOf":{"@id":"https:\/\/cardinal-tapes.com\/#website"},"primaryImageOfPage":{"@id":"https:\/\/cardinal-tapes.com\/fr\/rubans-adh\u00e9sifs\/rubans-adhesifs-simple-face\/3m-8979-uv-bande-adhesive-tissu-resistante\/#primaryimage"},"image":{"@id":"https:\/\/cardinal-tapes.com\/fr\/rubans-adh\u00e9sifs\/rubans-adhesifs-simple-face\/3m-8979-uv-bande-adhesive-tissu-resistante\/#primaryimage"},"thumbnailUrl":"https:\/\/cardinal-tapes.com\/wp-content\/uploads\/3m_uvbestaendig_gewebeklebeband_8979.jpg","datePublished":"2023-06-06T08:21:01+00:00","dateModified":"2025-07-11T07:03:26+00:00","description":"Le ruban adh\u00e9sif en tissu 3M r\u00e9sistant aux UV a la particularit\u00e9 de pouvoir \u00eatre utilis\u00e9 tr\u00e8s facilement \u00e0 l'int\u00e9rieur comme \u00e0 l'ext\u00e9rieur. En savoir plus.","breadcrumb":{"@id":"https:\/\/cardinal-tapes.com\/fr\/rubans-adh\u00e9sifs\/rubans-adhesifs-simple-face\/3m-8979-uv-bande-adhesive-tissu-resistante\/#breadcrumb"},"inLanguage":"fr-FR","potentialAction":[{"@type":"ReadAction","target":["https:\/\/cardinal-tapes.com\/fr\/rubans-adh\u00e9sifs\/rubans-adhesifs-simple-face\/3m-8979-uv-bande-adhesive-tissu-resistante\/"]}]},{"@type":"ImageObject","inLanguage":"fr-FR","@id":"https:\/\/cardinal-tapes.com\/fr\/rubans-adh\u00e9sifs\/rubans-adhesifs-simple-face\/3m-8979-uv-bande-adhesive-tissu-resistante\/#primaryimage","url":"https:\/\/cardinal-tapes.com\/wp-content\/uploads\/3m_uvbestaendig_gewebeklebeband_8979.jpg","contentUrl":"https:\/\/cardinal-tapes.com\/wp-content\/uploads\/3m_uvbestaendig_gewebeklebeband_8979.jpg","width":600,"height":600,"caption":"Ruban adh\u00e9sif tiss\u00e9 3M r\u00e9sistant aux UV 8979"},{"@type":"BreadcrumbList","@id":"https:\/\/cardinal-tapes.com\/fr\/rubans-adh\u00e9sifs\/rubans-adhesifs-simple-face\/3m-8979-uv-bande-adhesive-tissu-resistante\/#breadcrumb","itemListElement":[{"@type":"ListItem","position":1,"name":"Startseite","item":"https:\/\/cardinal-tapes.com\/fr\/accueil\/"},{"@type":"ListItem","position":2,"name":"Rubans adh\u00e9sifs","item":"https:\/\/cardinal-tapes.com\/fr\/rubans-adhesifs-fr\/"},{"@type":"ListItem","position":3,"name":"Rubans adh\u00e9sifs simple face","item":"https:\/\/cardinal-tapes.com\/fr\/catgorie\/rubans-adhesifs-simple-face\/"},{"@type":"ListItem","position":4,"name":"3M\u2122 Ruban adh\u00e9sif tiss\u00e9 r\u00e9sistant aux UV 8979"}]},{"@type":"WebSite","@id":"https:\/\/cardinal-tapes.com\/#website","url":"https:\/\/cardinal-tapes.com\/","name":"cardinal TAPES","description":"Klebetechnik aus Wuppertal","potentialAction":[{"@type":"SearchAction","target":{"@type":"EntryPoint","urlTemplate":"https:\/\/cardinal-tapes.com\/?s={search_term_string}"},"query-input":{"@type":"PropertyValueSpecification","valueRequired":true,"valueName":"search_term_string"}}],"inLanguage":"fr-FR"}]}},"brands":[{"id":2167,"name":"3M","slug":"3m-fr"}],"_links":{"self":[{"href":"https:\/\/cardinal-tapes.com\/fr\/wp-json\/wp\/v2\/product\/63131","targetHints":{"allow":["GET"]}}],"collection":[{"href":"https:\/\/cardinal-tapes.com\/fr\/wp-json\/wp\/v2\/product"}],"about":[{"href":"https:\/\/cardinal-tapes.com\/fr\/wp-json\/wp\/v2\/types\/product"}],"wp:featuredmedia":[{"embeddable":true,"href":"https:\/\/cardinal-tapes.com\/fr\/wp-json\/wp\/v2\/media\/24372"}],"wp:attachment":[{"href":"https:\/\/cardinal-tapes.com\/fr\/wp-json\/wp\/v2\/media?parent=63131"}],"wp:term":[{"taxonomy":"pwb-brand","embeddable":true,"href":"https:\/\/cardinal-tapes.com\/fr\/wp-json\/wp\/v2\/pwb-brand?post=63131"},{"taxonomy":"product_brand","embeddable":true,"href":"https:\/\/cardinal-tapes.com\/fr\/wp-json\/wp\/v2\/product_brand?post=63131"},{"taxonomy":"product_cat","embeddable":true,"href":"https:\/\/cardinal-tapes.com\/fr\/wp-json\/wp\/v2\/product_cat?post=63131"},{"taxonomy":"product_tag","embeddable":true,"href":"https:\/\/cardinal-tapes.com\/fr\/wp-json\/wp\/v2\/product_tag?post=63131"}],"curies":[{"name":"wp","href":"https:\/\/api.w.org\/{rel}","templated":true}]}}