{"id":63099,"date":"2017-12-08T08:43:35","date_gmt":"2023-06-06T08:21:00","guid":{"rendered":"https:\/\/cardinal.pixel-tal.de\/klebebaender\/non%20class\u00e9\/3m-ruban-adhesif-tisse-1900\/"},"modified":"2025-07-11T09:02:18","modified_gmt":"2025-07-11T07:02:18","slug":"3m-1900-gewebeklebeband","status":"publish","type":"product","link":"https:\/\/cardinal-tapes.com\/fr\/rubans-adh\u00e9sifs\/rubans-adhesifs-simple-face\/3m-1900-gewebeklebeband\/","title":{"rendered":"3M\u2122 Ruban adh\u00e9sif tiss\u00e9 1900"},"content":{"rendered":"<p>Le ruban adh\u00e9sif tiss\u00e9 1900 de 3M\u2122 est id\u00e9al pour les applications g\u00e9n\u00e9rales, notamment l&#8217;\u00e9tanch\u00e9it\u00e9 l\u00e9g\u00e8re, le bottelage, le marquage et les r\u00e9parations provisoires. La colle en caoutchouc synth\u00e9tique adh\u00e8re d\u00e8s qu&#8217;elle entre en contact avec des surfaces lisses en m\u00e9tal, verre, plastique, b\u00e9ton scell\u00e9 et autres. Le rev\u00eatement en poly\u00e9thyl\u00e8ne r\u00e9sistant \u00e0 l&#8217;eau assure une bonne \u00e9tanch\u00e9it\u00e9, m\u00eame dans les environnements humides.<\/p>\n<p><b>Caract\u00e9ristiques<br \/>\n<\/b>Le ruban adh\u00e9sif 1900 est un ruban r\u00e9sistant \u00e0 l&#8217;eau, d\u00e9chirable \u00e0 la main, qui peut \u00eatre utilis\u00e9 de mani\u00e8re universelle et qui, gr\u00e2ce \u00e0 son adh\u00e9sif en caoutchouc synth\u00e9tique, s&#8217;adapte aux surfaces irr\u00e9guli\u00e8res sans se d\u00e9coller. De plus, il est recouvert de poly\u00e9thyl\u00e8ne r\u00e9sistant \u00e0 l&#8217;eau.<\/p>\n<p><b>Applications<br \/>\n<\/b>&#8211; Marquer, sceller, porter des poids l\u00e9gers et des paquets<br \/>\n&#8211; Renforcer ou \u00eatre utilis\u00e9 pour des r\u00e9parations provisoires<\/p>\n","protected":false},"excerpt":{"rendered":"<p>Le ruban adh\u00e9sif tiss\u00e9 1900 de 3M\u2122 est id\u00e9al pour les applications g\u00e9n\u00e9rales, notamment l&#8217;\u00e9tanch\u00e9it\u00e9 l\u00e9g\u00e8re, le bottelage, le marquage et les r\u00e9parations provisoires. La colle en caoutchouc synth\u00e9tique adh\u00e8re d\u00e8s qu&#8217;elle entre en contact avec des surfaces lisses en m\u00e9tal, verre, plastique, b\u00e9ton scell\u00e9 et autres. Le rev\u00eatement en poly\u00e9thyl\u00e8ne r\u00e9sistant \u00e0 l&#8217;eau assure [&hellip;]<\/p>\n","protected":false},"featured_media":24376,"template":"","meta":{"_acf_changed":false},"pwb-brand":[2167],"product_brand":[],"product_cat":[1836],"product_tag":[],"class_list":{"0":"post-63099","1":"product","2":"type-product","3":"status-publish","4":"has-post-thumbnail","6":"pwb-brand-3m-fr","7":"product_cat-rubans-adhesifs-simple-face","9":"first","10":"instock","11":"taxable","12":"shipping-taxable","13":"purchasable","14":"product-type-variable"},"acf":[],"yoast_head":"<!-- This site is optimized with the Yoast SEO plugin v27.3 - https:\/\/yoast.com\/product\/yoast-seo-wordpress\/ -->\n<title>3M\u2122 1900 Ruban adh\u00e9sif tiss\u00e9 au meilleur prix | Cardinal TAPES<\/title>\n<meta name=\"description\" content=\"Le ruban adh\u00e9sif tiss\u00e9 3M 1900 est principalement utilis\u00e9 pour l&#039;\u00e9tanch\u00e9it\u00e9, le marquage et le bottelage. Apprenez-en plus sur le ruban adh\u00e9sif ici.\" \/>\n<meta name=\"robots\" content=\"index, follow, max-snippet:-1, max-image-preview:large, max-video-preview:-1\" \/>\n<link rel=\"canonical\" href=\"https:\/\/cardinal-tapes.com\/fr\/rubans-adh\u00e9sifs\/rubans-adhesifs-simple-face\/3m-1900-gewebeklebeband\/\" \/>\n<meta property=\"og:locale\" content=\"fr_FR\" \/>\n<meta property=\"og:type\" content=\"article\" \/>\n<meta property=\"og:title\" content=\"3M\u2122 1900 Ruban adh\u00e9sif tiss\u00e9 au meilleur prix | Cardinal TAPES\" \/>\n<meta property=\"og:description\" content=\"Le ruban adh\u00e9sif tiss\u00e9 3M 1900 est principalement utilis\u00e9 pour l&#039;\u00e9tanch\u00e9it\u00e9, le marquage et le bottelage. Apprenez-en plus sur le ruban adh\u00e9sif ici.\" \/>\n<meta property=\"og:url\" content=\"https:\/\/cardinal-tapes.com\/fr\/rubans-adh\u00e9sifs\/rubans-adhesifs-simple-face\/3m-1900-gewebeklebeband\/\" \/>\n<meta property=\"og:site_name\" content=\"cardinal TAPES\" \/>\n<meta property=\"article:modified_time\" content=\"2025-07-11T07:02:18+00:00\" \/>\n<meta property=\"og:image\" content=\"https:\/\/cardinal-tapes.com\/wp-content\/uploads\/3m_gewebeklebeband_1900.jpg\" \/>\n\t<meta property=\"og:image:width\" content=\"600\" \/>\n\t<meta property=\"og:image:height\" content=\"600\" \/>\n\t<meta property=\"og:image:type\" content=\"image\/jpeg\" \/>\n<meta name=\"twitter:card\" content=\"summary_large_image\" \/>\n<meta name=\"twitter:label1\" content=\"Dur\u00e9e de lecture estim\u00e9e\" \/>\n\t<meta name=\"twitter:data1\" content=\"1 minute\" \/>\n<script type=\"application\/ld+json\" class=\"yoast-schema-graph\">{\"@context\":\"https:\\\/\\\/schema.org\",\"@graph\":[{\"@type\":\"WebPage\",\"@id\":\"https:\\\/\\\/cardinal-tapes.com\\\/fr\\\/rubans-adh\u00e9sifs\\\/rubans-adhesifs-simple-face\\\/3m-1900-gewebeklebeband\\\/\",\"url\":\"https:\\\/\\\/cardinal-tapes.com\\\/fr\\\/rubans-adh\u00e9sifs\\\/rubans-adhesifs-simple-face\\\/3m-1900-gewebeklebeband\\\/\",\"name\":\"3M\u2122 1900 Ruban adh\u00e9sif tiss\u00e9 au meilleur prix | Cardinal TAPES\",\"isPartOf\":{\"@id\":\"https:\\\/\\\/cardinal-tapes.com\\\/#website\"},\"primaryImageOfPage\":{\"@id\":\"https:\\\/\\\/cardinal-tapes.com\\\/fr\\\/rubans-adh\u00e9sifs\\\/rubans-adhesifs-simple-face\\\/3m-1900-gewebeklebeband\\\/#primaryimage\"},\"image\":{\"@id\":\"https:\\\/\\\/cardinal-tapes.com\\\/fr\\\/rubans-adh\u00e9sifs\\\/rubans-adhesifs-simple-face\\\/3m-1900-gewebeklebeband\\\/#primaryimage\"},\"thumbnailUrl\":\"https:\\\/\\\/cardinal-tapes.com\\\/wp-content\\\/uploads\\\/3m_gewebeklebeband_1900.jpg\",\"datePublished\":\"2023-06-06T08:21:00+00:00\",\"dateModified\":\"2025-07-11T07:02:18+00:00\",\"description\":\"Le ruban adh\u00e9sif tiss\u00e9 3M 1900 est principalement utilis\u00e9 pour l'\u00e9tanch\u00e9it\u00e9, le marquage et le bottelage. Apprenez-en plus sur le ruban adh\u00e9sif ici.\",\"breadcrumb\":{\"@id\":\"https:\\\/\\\/cardinal-tapes.com\\\/fr\\\/rubans-adh\u00e9sifs\\\/rubans-adhesifs-simple-face\\\/3m-1900-gewebeklebeband\\\/#breadcrumb\"},\"inLanguage\":\"fr-FR\",\"potentialAction\":[{\"@type\":\"ReadAction\",\"target\":[\"https:\\\/\\\/cardinal-tapes.com\\\/fr\\\/rubans-adh\u00e9sifs\\\/rubans-adhesifs-simple-face\\\/3m-1900-gewebeklebeband\\\/\"]}]},{\"@type\":\"ImageObject\",\"inLanguage\":\"fr-FR\",\"@id\":\"https:\\\/\\\/cardinal-tapes.com\\\/fr\\\/rubans-adh\u00e9sifs\\\/rubans-adhesifs-simple-face\\\/3m-1900-gewebeklebeband\\\/#primaryimage\",\"url\":\"https:\\\/\\\/cardinal-tapes.com\\\/wp-content\\\/uploads\\\/3m_gewebeklebeband_1900.jpg\",\"contentUrl\":\"https:\\\/\\\/cardinal-tapes.com\\\/wp-content\\\/uploads\\\/3m_gewebeklebeband_1900.jpg\",\"width\":600,\"height\":600,\"caption\":\"Ruban adh\u00e9sif tiss\u00e9 3M 1900\"},{\"@type\":\"BreadcrumbList\",\"@id\":\"https:\\\/\\\/cardinal-tapes.com\\\/fr\\\/rubans-adh\u00e9sifs\\\/rubans-adhesifs-simple-face\\\/3m-1900-gewebeklebeband\\\/#breadcrumb\",\"itemListElement\":[{\"@type\":\"ListItem\",\"position\":1,\"name\":\"Startseite\",\"item\":\"https:\\\/\\\/cardinal-tapes.com\\\/fr\\\/accueil\\\/\"},{\"@type\":\"ListItem\",\"position\":2,\"name\":\"Rubans adh\u00e9sifs\",\"item\":\"https:\\\/\\\/cardinal-tapes.com\\\/fr\\\/rubans-adhesifs-fr\\\/\"},{\"@type\":\"ListItem\",\"position\":3,\"name\":\"Rubans adh\u00e9sifs simple face\",\"item\":\"https:\\\/\\\/cardinal-tapes.com\\\/fr\\\/catgorie\\\/rubans-adhesifs-simple-face\\\/\"},{\"@type\":\"ListItem\",\"position\":4,\"name\":\"3M\u2122 Ruban adh\u00e9sif tiss\u00e9 1900\"}]},{\"@type\":\"WebSite\",\"@id\":\"https:\\\/\\\/cardinal-tapes.com\\\/#website\",\"url\":\"https:\\\/\\\/cardinal-tapes.com\\\/\",\"name\":\"cardinal TAPES\",\"description\":\"Klebetechnik aus Wuppertal\",\"potentialAction\":[{\"@type\":\"SearchAction\",\"target\":{\"@type\":\"EntryPoint\",\"urlTemplate\":\"https:\\\/\\\/cardinal-tapes.com\\\/?s={search_term_string}\"},\"query-input\":{\"@type\":\"PropertyValueSpecification\",\"valueRequired\":true,\"valueName\":\"search_term_string\"}}],\"inLanguage\":\"fr-FR\"}]}<\/script>\n<!-- \/ Yoast SEO plugin. -->","yoast_head_json":{"title":"3M\u2122 1900 Ruban adh\u00e9sif tiss\u00e9 au meilleur prix | Cardinal TAPES","description":"Le ruban adh\u00e9sif tiss\u00e9 3M 1900 est principalement utilis\u00e9 pour l'\u00e9tanch\u00e9it\u00e9, le marquage et le bottelage. Apprenez-en plus sur le ruban adh\u00e9sif ici.","robots":{"index":"index","follow":"follow","max-snippet":"max-snippet:-1","max-image-preview":"max-image-preview:large","max-video-preview":"max-video-preview:-1"},"canonical":"https:\/\/cardinal-tapes.com\/fr\/rubans-adh\u00e9sifs\/rubans-adhesifs-simple-face\/3m-1900-gewebeklebeband\/","og_locale":"fr_FR","og_type":"article","og_title":"3M\u2122 1900 Ruban adh\u00e9sif tiss\u00e9 au meilleur prix | Cardinal TAPES","og_description":"Le ruban adh\u00e9sif tiss\u00e9 3M 1900 est principalement utilis\u00e9 pour l'\u00e9tanch\u00e9it\u00e9, le marquage et le bottelage. Apprenez-en plus sur le ruban adh\u00e9sif ici.","og_url":"https:\/\/cardinal-tapes.com\/fr\/rubans-adh\u00e9sifs\/rubans-adhesifs-simple-face\/3m-1900-gewebeklebeband\/","og_site_name":"cardinal TAPES","article_modified_time":"2025-07-11T07:02:18+00:00","og_image":[{"width":600,"height":600,"url":"https:\/\/cardinal-tapes.com\/wp-content\/uploads\/3m_gewebeklebeband_1900.jpg","type":"image\/jpeg"}],"twitter_card":"summary_large_image","twitter_misc":{"Dur\u00e9e de lecture estim\u00e9e":"1 minute"},"schema":{"@context":"https:\/\/schema.org","@graph":[{"@type":"WebPage","@id":"https:\/\/cardinal-tapes.com\/fr\/rubans-adh\u00e9sifs\/rubans-adhesifs-simple-face\/3m-1900-gewebeklebeband\/","url":"https:\/\/cardinal-tapes.com\/fr\/rubans-adh\u00e9sifs\/rubans-adhesifs-simple-face\/3m-1900-gewebeklebeband\/","name":"3M\u2122 1900 Ruban adh\u00e9sif tiss\u00e9 au meilleur prix | Cardinal TAPES","isPartOf":{"@id":"https:\/\/cardinal-tapes.com\/#website"},"primaryImageOfPage":{"@id":"https:\/\/cardinal-tapes.com\/fr\/rubans-adh\u00e9sifs\/rubans-adhesifs-simple-face\/3m-1900-gewebeklebeband\/#primaryimage"},"image":{"@id":"https:\/\/cardinal-tapes.com\/fr\/rubans-adh\u00e9sifs\/rubans-adhesifs-simple-face\/3m-1900-gewebeklebeband\/#primaryimage"},"thumbnailUrl":"https:\/\/cardinal-tapes.com\/wp-content\/uploads\/3m_gewebeklebeband_1900.jpg","datePublished":"2023-06-06T08:21:00+00:00","dateModified":"2025-07-11T07:02:18+00:00","description":"Le ruban adh\u00e9sif tiss\u00e9 3M 1900 est principalement utilis\u00e9 pour l'\u00e9tanch\u00e9it\u00e9, le marquage et le bottelage. Apprenez-en plus sur le ruban adh\u00e9sif ici.","breadcrumb":{"@id":"https:\/\/cardinal-tapes.com\/fr\/rubans-adh\u00e9sifs\/rubans-adhesifs-simple-face\/3m-1900-gewebeklebeband\/#breadcrumb"},"inLanguage":"fr-FR","potentialAction":[{"@type":"ReadAction","target":["https:\/\/cardinal-tapes.com\/fr\/rubans-adh\u00e9sifs\/rubans-adhesifs-simple-face\/3m-1900-gewebeklebeband\/"]}]},{"@type":"ImageObject","inLanguage":"fr-FR","@id":"https:\/\/cardinal-tapes.com\/fr\/rubans-adh\u00e9sifs\/rubans-adhesifs-simple-face\/3m-1900-gewebeklebeband\/#primaryimage","url":"https:\/\/cardinal-tapes.com\/wp-content\/uploads\/3m_gewebeklebeband_1900.jpg","contentUrl":"https:\/\/cardinal-tapes.com\/wp-content\/uploads\/3m_gewebeklebeband_1900.jpg","width":600,"height":600,"caption":"Ruban adh\u00e9sif tiss\u00e9 3M 1900"},{"@type":"BreadcrumbList","@id":"https:\/\/cardinal-tapes.com\/fr\/rubans-adh\u00e9sifs\/rubans-adhesifs-simple-face\/3m-1900-gewebeklebeband\/#breadcrumb","itemListElement":[{"@type":"ListItem","position":1,"name":"Startseite","item":"https:\/\/cardinal-tapes.com\/fr\/accueil\/"},{"@type":"ListItem","position":2,"name":"Rubans adh\u00e9sifs","item":"https:\/\/cardinal-tapes.com\/fr\/rubans-adhesifs-fr\/"},{"@type":"ListItem","position":3,"name":"Rubans adh\u00e9sifs simple face","item":"https:\/\/cardinal-tapes.com\/fr\/catgorie\/rubans-adhesifs-simple-face\/"},{"@type":"ListItem","position":4,"name":"3M\u2122 Ruban adh\u00e9sif tiss\u00e9 1900"}]},{"@type":"WebSite","@id":"https:\/\/cardinal-tapes.com\/#website","url":"https:\/\/cardinal-tapes.com\/","name":"cardinal TAPES","description":"Klebetechnik aus Wuppertal","potentialAction":[{"@type":"SearchAction","target":{"@type":"EntryPoint","urlTemplate":"https:\/\/cardinal-tapes.com\/?s={search_term_string}"},"query-input":{"@type":"PropertyValueSpecification","valueRequired":true,"valueName":"search_term_string"}}],"inLanguage":"fr-FR"}]}},"brands":[{"id":2167,"name":"3M","slug":"3m-fr"}],"_links":{"self":[{"href":"https:\/\/cardinal-tapes.com\/fr\/wp-json\/wp\/v2\/product\/63099","targetHints":{"allow":["GET"]}}],"collection":[{"href":"https:\/\/cardinal-tapes.com\/fr\/wp-json\/wp\/v2\/product"}],"about":[{"href":"https:\/\/cardinal-tapes.com\/fr\/wp-json\/wp\/v2\/types\/product"}],"wp:featuredmedia":[{"embeddable":true,"href":"https:\/\/cardinal-tapes.com\/fr\/wp-json\/wp\/v2\/media\/24376"}],"wp:attachment":[{"href":"https:\/\/cardinal-tapes.com\/fr\/wp-json\/wp\/v2\/media?parent=63099"}],"wp:term":[{"taxonomy":"pwb-brand","embeddable":true,"href":"https:\/\/cardinal-tapes.com\/fr\/wp-json\/wp\/v2\/pwb-brand?post=63099"},{"taxonomy":"product_brand","embeddable":true,"href":"https:\/\/cardinal-tapes.com\/fr\/wp-json\/wp\/v2\/product_brand?post=63099"},{"taxonomy":"product_cat","embeddable":true,"href":"https:\/\/cardinal-tapes.com\/fr\/wp-json\/wp\/v2\/product_cat?post=63099"},{"taxonomy":"product_tag","embeddable":true,"href":"https:\/\/cardinal-tapes.com\/fr\/wp-json\/wp\/v2\/product_tag?post=63099"}],"curies":[{"name":"wp","href":"https:\/\/api.w.org\/{rel}","templated":true}]}}