{"id":62631,"date":"2017-12-08T08:57:20","date_gmt":"2023-06-06T08:20:42","guid":{"rendered":"https:\/\/cardinal.pixel-tal.de\/klebebaender\/non class\u00e9\/3m-ruban-adhesif-de-masquage-a-usage-general-101e\/"},"modified":"2023-06-06T10:20:42","modified_gmt":"2023-06-06T08:20:42","slug":"ruban-adhesif-de-masquage-3m-101e","status":"publish","type":"product","link":"https:\/\/cardinal-tapes.com\/fr\/rubans-adh\u00e9sifs\/domaines-dapplication\/ruban-adhesif-en-papier\/ruban-adhesif-de-masquage-3m-101e\/","title":{"rendered":"3M\u2122 Ruban adh\u00e9sif de masquage \u00e0 usage g\u00e9n\u00e9ral 101E"},"content":{"rendered":"<p>Le ruban adh\u00e9sif de masquage 3M\u2122 101E est un ruban adh\u00e9sif destin\u00e9 \u00e0 des fins g\u00e9n\u00e9rales de maintien \u00e0 temp\u00e9rature ambiante. Le support papier cr\u00eap\u00e9 assure une bonne tenue dans les courbes. Celui-ci permet en outre une manipulation ais\u00e9e et un d\u00e9chirement facile. Malgr\u00e9 cela, le 3M\u2122 101E est tr\u00e8s r\u00e9sistant \u00e0 la d\u00e9chirure. En outre, l&#8217;adh\u00e9sif sp\u00e9cial assure une bonne adh\u00e9rence imm\u00e9diate et r\u00e9duit le temps n\u00e9cessaire \u00e0 d&#8217;\u00e9ventuelles retouches. Ainsi, le 3M\u2122 101E est un tr\u00e8s bon assistant pour les situations quotidiennes.<\/p>\n<p><strong>Caract\u00e9ristiques<\/strong><br \/>\nGr\u00e2ce \u00e0 son adh\u00e9sif \u00e0 base de r\u00e9sine de caoutchouc, le 3M\u2122 101E se caract\u00e9rise par une bonne adh\u00e9rence imm\u00e9diate et une force de maintien durable. Le support papier sp\u00e9cial permet un d\u00e9chirement facile \u00e0 la main tout en r\u00e9sistant \u00e0 la d\u00e9chirure dans les applications.<\/p>\n<p><strong>Applications<\/strong><br \/>\n&#8211; Pour les travaux de peinture pr\u00e9liminaires g\u00e9n\u00e9raux \u00e0 temp\u00e9rature ambiante<br \/>\n&#8211; Pour les applications moins exigeantes<br \/>\n&#8211; Pour recouvrir lors de l&#8217;\u00e9tanch\u00e9it\u00e9 des joints<br \/>\n&#8211; Pour fixer ou retenir temporairement<br \/>\n&#8211; Marquage d&#8217;\u00e9tiquettes<\/p>\n","protected":false},"excerpt":{"rendered":"<p>Le ruban adh\u00e9sif de masquage 3M\u2122 101E est un ruban adh\u00e9sif destin\u00e9 \u00e0 des fins g\u00e9n\u00e9rales de maintien \u00e0 temp\u00e9rature ambiante. Le support papier cr\u00eap\u00e9 assure une bonne tenue dans les courbes. Celui-ci permet en outre une manipulation ais\u00e9e et un d\u00e9chirement facile. Malgr\u00e9 cela, le 3M\u2122 101E est tr\u00e8s r\u00e9sistant \u00e0 la d\u00e9chirure. En [&hellip;]<\/p>\n","protected":false},"featured_media":24352,"template":"","meta":{"_acf_changed":false},"pwb-brand":[2167],"product_brand":[],"product_cat":[1766,1836],"product_tag":[],"class_list":{"0":"post-62631","1":"product","2":"type-product","3":"status-publish","4":"has-post-thumbnail","6":"pwb-brand-3m-fr","7":"product_cat-ruban-adhesif-en-papier","8":"product_cat-rubans-adhesifs-simple-face","10":"first","11":"outofstock","12":"taxable","13":"shipping-taxable","14":"purchasable","15":"product-type-variable"},"acf":[],"yoast_head":"<!-- This site is optimized with the Yoast SEO plugin v27.3 - https:\/\/yoast.com\/product\/yoast-seo-wordpress\/ -->\n<title>3M\u2122 101E Adh\u00e9sif de masquage \u00e0 usage g\u00e9n\u00e9ral | Cardinal TAPES<\/title>\n<meta name=\"description\" content=\"Le ruban adh\u00e9sif de masquage3M\u2122 101E est un ruban adh\u00e9sif destin\u00e9 \u00e0 des fins g\u00e9n\u00e9rales de maintien \u00e0 temp\u00e9rature ambiante. Apprenez-en plus sur le 3M 101E ici.\" \/>\n<meta name=\"robots\" content=\"index, follow, max-snippet:-1, max-image-preview:large, max-video-preview:-1\" \/>\n<link rel=\"canonical\" href=\"https:\/\/cardinal-tapes.com\/fr\/rubans-adh\u00e9sifs\/ruban-adhesif-en-papier\/ruban-adhesif-de-masquage-3m-101e\/\" \/>\n<meta property=\"og:locale\" content=\"fr_FR\" \/>\n<meta property=\"og:type\" content=\"article\" \/>\n<meta property=\"og:title\" content=\"3M\u2122 101E Adh\u00e9sif de masquage \u00e0 usage g\u00e9n\u00e9ral | Cardinal TAPES\" \/>\n<meta property=\"og:description\" content=\"Le ruban adh\u00e9sif de masquage3M\u2122 101E est un ruban adh\u00e9sif destin\u00e9 \u00e0 des fins g\u00e9n\u00e9rales de maintien \u00e0 temp\u00e9rature ambiante. Apprenez-en plus sur le 3M 101E ici.\" \/>\n<meta property=\"og:url\" content=\"https:\/\/cardinal-tapes.com\/fr\/rubans-adh\u00e9sifs\/ruban-adhesif-en-papier\/ruban-adhesif-de-masquage-3m-101e\/\" \/>\n<meta property=\"og:site_name\" content=\"cardinal TAPES\" \/>\n<meta property=\"og:image\" content=\"https:\/\/cardinal-tapes.com\/wp-content\/uploads\/3m_kreppklebeband_101e.jpg\" \/>\n\t<meta property=\"og:image:width\" content=\"600\" \/>\n\t<meta property=\"og:image:height\" content=\"600\" \/>\n\t<meta property=\"og:image:type\" content=\"image\/jpeg\" \/>\n<meta name=\"twitter:card\" content=\"summary_large_image\" \/>\n<meta name=\"twitter:label1\" content=\"Dur\u00e9e de lecture estim\u00e9e\" \/>\n\t<meta name=\"twitter:data1\" content=\"1 minute\" \/>\n<script type=\"application\/ld+json\" class=\"yoast-schema-graph\">{\"@context\":\"https:\\\/\\\/schema.org\",\"@graph\":[{\"@type\":\"WebPage\",\"@id\":\"https:\\\/\\\/cardinal-tapes.com\\\/fr\\\/rubans-adh\u00e9sifs\\\/ruban-adhesif-en-papier\\\/ruban-adhesif-de-masquage-3m-101e\\\/\",\"url\":\"https:\\\/\\\/cardinal-tapes.com\\\/fr\\\/rubans-adh\u00e9sifs\\\/ruban-adhesif-en-papier\\\/ruban-adhesif-de-masquage-3m-101e\\\/\",\"name\":\"3M\u2122 101E Adh\u00e9sif de masquage \u00e0 usage g\u00e9n\u00e9ral | Cardinal TAPES\",\"isPartOf\":{\"@id\":\"https:\\\/\\\/cardinal-tapes.com\\\/#website\"},\"primaryImageOfPage\":{\"@id\":\"https:\\\/\\\/cardinal-tapes.com\\\/fr\\\/rubans-adh\u00e9sifs\\\/ruban-adhesif-en-papier\\\/ruban-adhesif-de-masquage-3m-101e\\\/#primaryimage\"},\"image\":{\"@id\":\"https:\\\/\\\/cardinal-tapes.com\\\/fr\\\/rubans-adh\u00e9sifs\\\/ruban-adhesif-en-papier\\\/ruban-adhesif-de-masquage-3m-101e\\\/#primaryimage\"},\"thumbnailUrl\":\"https:\\\/\\\/cardinal-tapes.com\\\/wp-content\\\/uploads\\\/3m_kreppklebeband_101e.jpg\",\"datePublished\":\"2023-06-06T08:20:42+00:00\",\"description\":\"Le ruban adh\u00e9sif de masquage3M\u2122 101E est un ruban adh\u00e9sif destin\u00e9 \u00e0 des fins g\u00e9n\u00e9rales de maintien \u00e0 temp\u00e9rature ambiante. Apprenez-en plus sur le 3M 101E ici.\",\"breadcrumb\":{\"@id\":\"https:\\\/\\\/cardinal-tapes.com\\\/fr\\\/rubans-adh\u00e9sifs\\\/ruban-adhesif-en-papier\\\/ruban-adhesif-de-masquage-3m-101e\\\/#breadcrumb\"},\"inLanguage\":\"fr-FR\",\"potentialAction\":[{\"@type\":\"ReadAction\",\"target\":[\"https:\\\/\\\/cardinal-tapes.com\\\/fr\\\/rubans-adh\u00e9sifs\\\/ruban-adhesif-en-papier\\\/ruban-adhesif-de-masquage-3m-101e\\\/\"]}]},{\"@type\":\"ImageObject\",\"inLanguage\":\"fr-FR\",\"@id\":\"https:\\\/\\\/cardinal-tapes.com\\\/fr\\\/rubans-adh\u00e9sifs\\\/ruban-adhesif-en-papier\\\/ruban-adhesif-de-masquage-3m-101e\\\/#primaryimage\",\"url\":\"https:\\\/\\\/cardinal-tapes.com\\\/wp-content\\\/uploads\\\/3m_kreppklebeband_101e.jpg\",\"contentUrl\":\"https:\\\/\\\/cardinal-tapes.com\\\/wp-content\\\/uploads\\\/3m_kreppklebeband_101e.jpg\",\"width\":600,\"height\":600,\"caption\":\"3M ruban adh\u00e9sif cr\u00eap\u00e9 101e\"},{\"@type\":\"BreadcrumbList\",\"@id\":\"https:\\\/\\\/cardinal-tapes.com\\\/fr\\\/rubans-adh\u00e9sifs\\\/ruban-adhesif-en-papier\\\/ruban-adhesif-de-masquage-3m-101e\\\/#breadcrumb\",\"itemListElement\":[{\"@type\":\"ListItem\",\"position\":1,\"name\":\"Startseite\",\"item\":\"https:\\\/\\\/cardinal-tapes.com\\\/fr\\\/accueil\\\/\"},{\"@type\":\"ListItem\",\"position\":2,\"name\":\"Rubans adh\u00e9sifs\",\"item\":\"https:\\\/\\\/cardinal-tapes.com\\\/fr\\\/rubans-adhesifs-fr\\\/\"},{\"@type\":\"ListItem\",\"position\":3,\"name\":\"Rubans adh\u00e9sifs simple face\",\"item\":\"https:\\\/\\\/cardinal-tapes.com\\\/fr\\\/catgorie\\\/rubans-adhesifs-simple-face\\\/\"},{\"@type\":\"ListItem\",\"position\":4,\"name\":\"3M\u2122 Ruban adh\u00e9sif de masquage \u00e0 usage g\u00e9n\u00e9ral 101E\"}]},{\"@type\":\"WebSite\",\"@id\":\"https:\\\/\\\/cardinal-tapes.com\\\/#website\",\"url\":\"https:\\\/\\\/cardinal-tapes.com\\\/\",\"name\":\"cardinal TAPES\",\"description\":\"Klebetechnik aus Wuppertal\",\"potentialAction\":[{\"@type\":\"SearchAction\",\"target\":{\"@type\":\"EntryPoint\",\"urlTemplate\":\"https:\\\/\\\/cardinal-tapes.com\\\/?s={search_term_string}\"},\"query-input\":{\"@type\":\"PropertyValueSpecification\",\"valueRequired\":true,\"valueName\":\"search_term_string\"}}],\"inLanguage\":\"fr-FR\"}]}<\/script>\n<!-- \/ Yoast SEO plugin. -->","yoast_head_json":{"title":"3M\u2122 101E Adh\u00e9sif de masquage \u00e0 usage g\u00e9n\u00e9ral | Cardinal TAPES","description":"Le ruban adh\u00e9sif de masquage3M\u2122 101E est un ruban adh\u00e9sif destin\u00e9 \u00e0 des fins g\u00e9n\u00e9rales de maintien \u00e0 temp\u00e9rature ambiante. Apprenez-en plus sur le 3M 101E ici.","robots":{"index":"index","follow":"follow","max-snippet":"max-snippet:-1","max-image-preview":"max-image-preview:large","max-video-preview":"max-video-preview:-1"},"canonical":"https:\/\/cardinal-tapes.com\/fr\/rubans-adh\u00e9sifs\/ruban-adhesif-en-papier\/ruban-adhesif-de-masquage-3m-101e\/","og_locale":"fr_FR","og_type":"article","og_title":"3M\u2122 101E Adh\u00e9sif de masquage \u00e0 usage g\u00e9n\u00e9ral | Cardinal TAPES","og_description":"Le ruban adh\u00e9sif de masquage3M\u2122 101E est un ruban adh\u00e9sif destin\u00e9 \u00e0 des fins g\u00e9n\u00e9rales de maintien \u00e0 temp\u00e9rature ambiante. Apprenez-en plus sur le 3M 101E ici.","og_url":"https:\/\/cardinal-tapes.com\/fr\/rubans-adh\u00e9sifs\/ruban-adhesif-en-papier\/ruban-adhesif-de-masquage-3m-101e\/","og_site_name":"cardinal TAPES","og_image":[{"width":600,"height":600,"url":"https:\/\/cardinal-tapes.com\/wp-content\/uploads\/3m_kreppklebeband_101e.jpg","type":"image\/jpeg"}],"twitter_card":"summary_large_image","twitter_misc":{"Dur\u00e9e de lecture estim\u00e9e":"1 minute"},"schema":{"@context":"https:\/\/schema.org","@graph":[{"@type":"WebPage","@id":"https:\/\/cardinal-tapes.com\/fr\/rubans-adh\u00e9sifs\/ruban-adhesif-en-papier\/ruban-adhesif-de-masquage-3m-101e\/","url":"https:\/\/cardinal-tapes.com\/fr\/rubans-adh\u00e9sifs\/ruban-adhesif-en-papier\/ruban-adhesif-de-masquage-3m-101e\/","name":"3M\u2122 101E Adh\u00e9sif de masquage \u00e0 usage g\u00e9n\u00e9ral | Cardinal TAPES","isPartOf":{"@id":"https:\/\/cardinal-tapes.com\/#website"},"primaryImageOfPage":{"@id":"https:\/\/cardinal-tapes.com\/fr\/rubans-adh\u00e9sifs\/ruban-adhesif-en-papier\/ruban-adhesif-de-masquage-3m-101e\/#primaryimage"},"image":{"@id":"https:\/\/cardinal-tapes.com\/fr\/rubans-adh\u00e9sifs\/ruban-adhesif-en-papier\/ruban-adhesif-de-masquage-3m-101e\/#primaryimage"},"thumbnailUrl":"https:\/\/cardinal-tapes.com\/wp-content\/uploads\/3m_kreppklebeband_101e.jpg","datePublished":"2023-06-06T08:20:42+00:00","description":"Le ruban adh\u00e9sif de masquage3M\u2122 101E est un ruban adh\u00e9sif destin\u00e9 \u00e0 des fins g\u00e9n\u00e9rales de maintien \u00e0 temp\u00e9rature ambiante. Apprenez-en plus sur le 3M 101E ici.","breadcrumb":{"@id":"https:\/\/cardinal-tapes.com\/fr\/rubans-adh\u00e9sifs\/ruban-adhesif-en-papier\/ruban-adhesif-de-masquage-3m-101e\/#breadcrumb"},"inLanguage":"fr-FR","potentialAction":[{"@type":"ReadAction","target":["https:\/\/cardinal-tapes.com\/fr\/rubans-adh\u00e9sifs\/ruban-adhesif-en-papier\/ruban-adhesif-de-masquage-3m-101e\/"]}]},{"@type":"ImageObject","inLanguage":"fr-FR","@id":"https:\/\/cardinal-tapes.com\/fr\/rubans-adh\u00e9sifs\/ruban-adhesif-en-papier\/ruban-adhesif-de-masquage-3m-101e\/#primaryimage","url":"https:\/\/cardinal-tapes.com\/wp-content\/uploads\/3m_kreppklebeband_101e.jpg","contentUrl":"https:\/\/cardinal-tapes.com\/wp-content\/uploads\/3m_kreppklebeband_101e.jpg","width":600,"height":600,"caption":"3M ruban adh\u00e9sif cr\u00eap\u00e9 101e"},{"@type":"BreadcrumbList","@id":"https:\/\/cardinal-tapes.com\/fr\/rubans-adh\u00e9sifs\/ruban-adhesif-en-papier\/ruban-adhesif-de-masquage-3m-101e\/#breadcrumb","itemListElement":[{"@type":"ListItem","position":1,"name":"Startseite","item":"https:\/\/cardinal-tapes.com\/fr\/accueil\/"},{"@type":"ListItem","position":2,"name":"Rubans adh\u00e9sifs","item":"https:\/\/cardinal-tapes.com\/fr\/rubans-adhesifs-fr\/"},{"@type":"ListItem","position":3,"name":"Rubans adh\u00e9sifs simple face","item":"https:\/\/cardinal-tapes.com\/fr\/catgorie\/rubans-adhesifs-simple-face\/"},{"@type":"ListItem","position":4,"name":"3M\u2122 Ruban adh\u00e9sif de masquage \u00e0 usage g\u00e9n\u00e9ral 101E"}]},{"@type":"WebSite","@id":"https:\/\/cardinal-tapes.com\/#website","url":"https:\/\/cardinal-tapes.com\/","name":"cardinal TAPES","description":"Klebetechnik aus Wuppertal","potentialAction":[{"@type":"SearchAction","target":{"@type":"EntryPoint","urlTemplate":"https:\/\/cardinal-tapes.com\/?s={search_term_string}"},"query-input":{"@type":"PropertyValueSpecification","valueRequired":true,"valueName":"search_term_string"}}],"inLanguage":"fr-FR"}]}},"brands":[{"id":2167,"name":"3M","slug":"3m-fr"}],"_links":{"self":[{"href":"https:\/\/cardinal-tapes.com\/fr\/wp-json\/wp\/v2\/product\/62631","targetHints":{"allow":["GET"]}}],"collection":[{"href":"https:\/\/cardinal-tapes.com\/fr\/wp-json\/wp\/v2\/product"}],"about":[{"href":"https:\/\/cardinal-tapes.com\/fr\/wp-json\/wp\/v2\/types\/product"}],"wp:featuredmedia":[{"embeddable":true,"href":"https:\/\/cardinal-tapes.com\/fr\/wp-json\/wp\/v2\/media\/24352"}],"wp:attachment":[{"href":"https:\/\/cardinal-tapes.com\/fr\/wp-json\/wp\/v2\/media?parent=62631"}],"wp:term":[{"taxonomy":"pwb-brand","embeddable":true,"href":"https:\/\/cardinal-tapes.com\/fr\/wp-json\/wp\/v2\/pwb-brand?post=62631"},{"taxonomy":"product_brand","embeddable":true,"href":"https:\/\/cardinal-tapes.com\/fr\/wp-json\/wp\/v2\/product_brand?post=62631"},{"taxonomy":"product_cat","embeddable":true,"href":"https:\/\/cardinal-tapes.com\/fr\/wp-json\/wp\/v2\/product_cat?post=62631"},{"taxonomy":"product_tag","embeddable":true,"href":"https:\/\/cardinal-tapes.com\/fr\/wp-json\/wp\/v2\/product_tag?post=62631"}],"curies":[{"name":"wp","href":"https:\/\/api.w.org\/{rel}","templated":true}]}}