{"id":62628,"date":"2017-12-08T09:02:45","date_gmt":"2023-06-06T08:20:42","guid":{"rendered":"https:\/\/cardinal.pixel-tal.de\/klebebaender\/non%20class\u00e9\/3m-ruban-adhesif-de-masquage-scotch-301e\/"},"modified":"2025-07-07T16:53:55","modified_gmt":"2025-07-07T14:53:55","slug":"ruban-adhesif-de-masquage-3m-301e","status":"publish","type":"product","link":"https:\/\/cardinal-tapes.com\/fr\/rubans-adh\u00e9sifs\/domaines-dapplication\/ruban-adhesif-en-papier\/ruban-adhesif-de-masquage-3m-301e\/","title":{"rendered":"3M\u2122 Ruban adh\u00e9sif de masquage Scotch\u00ae 301E"},"content":{"rendered":"<p>Le ruban adh\u00e9sif de masquage 3M\u2122 301E peut \u00eatre utilis\u00e9 de mani\u00e8re particuli\u00e8rement efficace pour les processus de s\u00e9chage au four de syst\u00e8mes de peinture \u00e0 une temp\u00e9rature allant jusqu&#8217;\u00e0 149\u00b0C. Le rev\u00eatement au verso assure un d\u00e9roulement contr\u00f4l\u00e9 et peut r\u00e9duire les d\u00e9chets.<\/p>\n<p><strong>Caract\u00e9ristiques<\/strong><br \/>\nLe ruban adh\u00e9sif 301E se caract\u00e9rise par une bonne r\u00e9sistance aux solvants et \u00e0 l&#8217;humidit\u00e9. Un avantage particulier de ce ruban adh\u00e9sif est en outre qu&#8217;il peut \u00e9galement \u00eatre utilis\u00e9 pour le s\u00e9chage infrarouge et UV. Cela rend le ruban adh\u00e9sif de masquage 301E particuli\u00e8rement pr\u00e9cieux pour des domaines d&#8217;application sp\u00e9cifiques.<\/p>\n<p><strong>Applications<br \/>\n<\/strong>&#8211; Ruban de masquage universel pour les travaux de peinture industrielle<br \/>\n&#8211; Pour le s\u00e9chage et le durcissement des peintures et des vernis \u00e0 l&#8217;air ou au four<br \/>\n&#8211; Pour botteler, maintenir ou marquer<\/p>\n","protected":false},"excerpt":{"rendered":"<p>Le ruban adh\u00e9sif de masquage 3M\u2122 301E peut \u00eatre utilis\u00e9 de mani\u00e8re particuli\u00e8rement efficace pour les processus de s\u00e9chage au four de syst\u00e8mes de peinture \u00e0 une temp\u00e9rature allant jusqu&#8217;\u00e0 149\u00b0C. Le rev\u00eatement au verso assure un d\u00e9roulement contr\u00f4l\u00e9 et peut r\u00e9duire les d\u00e9chets. Caract\u00e9ristiques Le ruban adh\u00e9sif 301E se caract\u00e9rise par une bonne r\u00e9sistance [&hellip;]<\/p>\n","protected":false},"featured_media":24336,"template":"","meta":{"_acf_changed":false},"pwb-brand":[2167],"product_brand":[],"product_cat":[1766,1836],"product_tag":[],"class_list":{"0":"post-62628","1":"product","2":"type-product","3":"status-publish","4":"has-post-thumbnail","6":"pwb-brand-3m-fr","7":"product_cat-ruban-adhesif-en-papier","8":"product_cat-rubans-adhesifs-simple-face","10":"first","11":"outofstock","12":"taxable","13":"shipping-taxable","14":"purchasable","15":"product-type-variable"},"acf":[],"yoast_head":"<!-- This site is optimized with the Yoast SEO plugin v27.3 - https:\/\/yoast.com\/product\/yoast-seo-wordpress\/ -->\n<title>3M\u2122 301E Scotch\u00ae Ruban adh\u00e9sif de masquage | Cardinal TAPES<\/title>\n<meta name=\"description\" content=\"Le ruban adh\u00e9sif de masquage 3M 301E est particuli\u00e8rement facile \u00e0 utiliser pour les processus de s\u00e9chage au four de syst\u00e8mes de peinture \u00e0 une temp\u00e9rature allant jusqu&#039;\u00e0 100 \u00b0C. Il peut \u00eatre utilis\u00e9 pour le masquage d&#039;objets en plastique ou en m\u00e9tal.\" \/>\n<meta name=\"robots\" content=\"index, follow, max-snippet:-1, max-image-preview:large, max-video-preview:-1\" \/>\n<link rel=\"canonical\" href=\"https:\/\/cardinal-tapes.com\/fr\/rubans-adh\u00e9sifs\/domaines-dapplication\/ruban-adhesif-en-papier\/ruban-adhesif-de-masquage-3m-301e\/\" \/>\n<meta property=\"og:locale\" content=\"fr_FR\" \/>\n<meta property=\"og:type\" content=\"article\" \/>\n<meta property=\"og:title\" content=\"3M\u2122 301E Scotch\u00ae Ruban adh\u00e9sif de masquage | Cardinal TAPES\" \/>\n<meta property=\"og:description\" content=\"Le ruban adh\u00e9sif de masquage 3M 301E est particuli\u00e8rement facile \u00e0 utiliser pour les processus de s\u00e9chage au four de syst\u00e8mes de peinture \u00e0 une temp\u00e9rature allant jusqu&#039;\u00e0 100 \u00b0C. Il peut \u00eatre utilis\u00e9 pour le masquage d&#039;objets en plastique ou en m\u00e9tal.\" \/>\n<meta property=\"og:url\" content=\"https:\/\/cardinal-tapes.com\/fr\/rubans-adh\u00e9sifs\/domaines-dapplication\/ruban-adhesif-en-papier\/ruban-adhesif-de-masquage-3m-301e\/\" \/>\n<meta property=\"og:site_name\" content=\"cardinal TAPES\" \/>\n<meta property=\"article:modified_time\" content=\"2025-07-07T14:53:55+00:00\" \/>\n<meta property=\"og:image\" content=\"https:\/\/cardinal-tapes.com\/wp-content\/uploads\/3m_kreppklebeband_301e.jpg\" \/>\n\t<meta property=\"og:image:width\" content=\"600\" \/>\n\t<meta property=\"og:image:height\" content=\"600\" \/>\n\t<meta property=\"og:image:type\" content=\"image\/jpeg\" \/>\n<meta name=\"twitter:card\" content=\"summary_large_image\" \/>\n<meta name=\"twitter:label1\" content=\"Dur\u00e9e de lecture estim\u00e9e\" \/>\n\t<meta name=\"twitter:data1\" content=\"1 minute\" \/>\n<script type=\"application\/ld+json\" class=\"yoast-schema-graph\">{\"@context\":\"https:\\\/\\\/schema.org\",\"@graph\":[{\"@type\":\"WebPage\",\"@id\":\"https:\\\/\\\/cardinal-tapes.com\\\/fr\\\/rubans-adh\u00e9sifs\\\/domaines-dapplication\\\/ruban-adhesif-en-papier\\\/ruban-adhesif-de-masquage-3m-301e\\\/\",\"url\":\"https:\\\/\\\/cardinal-tapes.com\\\/fr\\\/rubans-adh\u00e9sifs\\\/domaines-dapplication\\\/ruban-adhesif-en-papier\\\/ruban-adhesif-de-masquage-3m-301e\\\/\",\"name\":\"3M\u2122 301E Scotch\u00ae Ruban adh\u00e9sif de masquage | Cardinal TAPES\",\"isPartOf\":{\"@id\":\"https:\\\/\\\/cardinal-tapes.com\\\/#website\"},\"primaryImageOfPage\":{\"@id\":\"https:\\\/\\\/cardinal-tapes.com\\\/fr\\\/rubans-adh\u00e9sifs\\\/domaines-dapplication\\\/ruban-adhesif-en-papier\\\/ruban-adhesif-de-masquage-3m-301e\\\/#primaryimage\"},\"image\":{\"@id\":\"https:\\\/\\\/cardinal-tapes.com\\\/fr\\\/rubans-adh\u00e9sifs\\\/domaines-dapplication\\\/ruban-adhesif-en-papier\\\/ruban-adhesif-de-masquage-3m-301e\\\/#primaryimage\"},\"thumbnailUrl\":\"https:\\\/\\\/cardinal-tapes.com\\\/wp-content\\\/uploads\\\/3m_kreppklebeband_301e.jpg\",\"datePublished\":\"2023-06-06T08:20:42+00:00\",\"dateModified\":\"2025-07-07T14:53:55+00:00\",\"description\":\"Le ruban adh\u00e9sif de masquage 3M 301E est particuli\u00e8rement facile \u00e0 utiliser pour les processus de s\u00e9chage au four de syst\u00e8mes de peinture \u00e0 une temp\u00e9rature allant jusqu'\u00e0 100 \u00b0C. Il peut \u00eatre utilis\u00e9 pour le masquage d'objets en plastique ou en m\u00e9tal.\",\"breadcrumb\":{\"@id\":\"https:\\\/\\\/cardinal-tapes.com\\\/fr\\\/rubans-adh\u00e9sifs\\\/domaines-dapplication\\\/ruban-adhesif-en-papier\\\/ruban-adhesif-de-masquage-3m-301e\\\/#breadcrumb\"},\"inLanguage\":\"fr-FR\",\"potentialAction\":[{\"@type\":\"ReadAction\",\"target\":[\"https:\\\/\\\/cardinal-tapes.com\\\/fr\\\/rubans-adh\u00e9sifs\\\/domaines-dapplication\\\/ruban-adhesif-en-papier\\\/ruban-adhesif-de-masquage-3m-301e\\\/\"]}]},{\"@type\":\"ImageObject\",\"inLanguage\":\"fr-FR\",\"@id\":\"https:\\\/\\\/cardinal-tapes.com\\\/fr\\\/rubans-adh\u00e9sifs\\\/domaines-dapplication\\\/ruban-adhesif-en-papier\\\/ruban-adhesif-de-masquage-3m-301e\\\/#primaryimage\",\"url\":\"https:\\\/\\\/cardinal-tapes.com\\\/wp-content\\\/uploads\\\/3m_kreppklebeband_301e.jpg\",\"contentUrl\":\"https:\\\/\\\/cardinal-tapes.com\\\/wp-content\\\/uploads\\\/3m_kreppklebeband_301e.jpg\",\"width\":600,\"height\":600,\"caption\":\"3M ruban adh\u00e9sif cr\u00eap\u00e9 301e\"},{\"@type\":\"BreadcrumbList\",\"@id\":\"https:\\\/\\\/cardinal-tapes.com\\\/fr\\\/rubans-adh\u00e9sifs\\\/domaines-dapplication\\\/ruban-adhesif-en-papier\\\/ruban-adhesif-de-masquage-3m-301e\\\/#breadcrumb\",\"itemListElement\":[{\"@type\":\"ListItem\",\"position\":1,\"name\":\"Startseite\",\"item\":\"https:\\\/\\\/cardinal-tapes.com\\\/fr\\\/accueil\\\/\"},{\"@type\":\"ListItem\",\"position\":2,\"name\":\"Rubans adh\u00e9sifs\",\"item\":\"https:\\\/\\\/cardinal-tapes.com\\\/fr\\\/rubans-adhesifs-fr\\\/\"},{\"@type\":\"ListItem\",\"position\":3,\"name\":\"Domaines d&#039;application\",\"item\":\"https:\\\/\\\/cardinal-tapes.com\\\/fr\\\/catgorie\\\/domaines-dapplication\\\/\"},{\"@type\":\"ListItem\",\"position\":4,\"name\":\"Ruban adh\u00e9sif en papier\",\"item\":\"https:\\\/\\\/cardinal-tapes.com\\\/fr\\\/catgorie\\\/ruban-adhesif-en-papier\\\/\"},{\"@type\":\"ListItem\",\"position\":5,\"name\":\"3M\u2122 Ruban adh\u00e9sif de masquage Scotch\u00ae 301E\"}]},{\"@type\":\"WebSite\",\"@id\":\"https:\\\/\\\/cardinal-tapes.com\\\/#website\",\"url\":\"https:\\\/\\\/cardinal-tapes.com\\\/\",\"name\":\"cardinal TAPES\",\"description\":\"Klebetechnik aus Wuppertal\",\"potentialAction\":[{\"@type\":\"SearchAction\",\"target\":{\"@type\":\"EntryPoint\",\"urlTemplate\":\"https:\\\/\\\/cardinal-tapes.com\\\/?s={search_term_string}\"},\"query-input\":{\"@type\":\"PropertyValueSpecification\",\"valueRequired\":true,\"valueName\":\"search_term_string\"}}],\"inLanguage\":\"fr-FR\"}]}<\/script>\n<!-- \/ Yoast SEO plugin. -->","yoast_head_json":{"title":"3M\u2122 301E Scotch\u00ae Ruban adh\u00e9sif de masquage | Cardinal TAPES","description":"Le ruban adh\u00e9sif de masquage 3M 301E est particuli\u00e8rement facile \u00e0 utiliser pour les processus de s\u00e9chage au four de syst\u00e8mes de peinture \u00e0 une temp\u00e9rature allant jusqu'\u00e0 100 \u00b0C. Il peut \u00eatre utilis\u00e9 pour le masquage d'objets en plastique ou en m\u00e9tal.","robots":{"index":"index","follow":"follow","max-snippet":"max-snippet:-1","max-image-preview":"max-image-preview:large","max-video-preview":"max-video-preview:-1"},"canonical":"https:\/\/cardinal-tapes.com\/fr\/rubans-adh\u00e9sifs\/domaines-dapplication\/ruban-adhesif-en-papier\/ruban-adhesif-de-masquage-3m-301e\/","og_locale":"fr_FR","og_type":"article","og_title":"3M\u2122 301E Scotch\u00ae Ruban adh\u00e9sif de masquage | Cardinal TAPES","og_description":"Le ruban adh\u00e9sif de masquage 3M 301E est particuli\u00e8rement facile \u00e0 utiliser pour les processus de s\u00e9chage au four de syst\u00e8mes de peinture \u00e0 une temp\u00e9rature allant jusqu'\u00e0 100 \u00b0C. Il peut \u00eatre utilis\u00e9 pour le masquage d'objets en plastique ou en m\u00e9tal.","og_url":"https:\/\/cardinal-tapes.com\/fr\/rubans-adh\u00e9sifs\/domaines-dapplication\/ruban-adhesif-en-papier\/ruban-adhesif-de-masquage-3m-301e\/","og_site_name":"cardinal TAPES","article_modified_time":"2025-07-07T14:53:55+00:00","og_image":[{"width":600,"height":600,"url":"https:\/\/cardinal-tapes.com\/wp-content\/uploads\/3m_kreppklebeband_301e.jpg","type":"image\/jpeg"}],"twitter_card":"summary_large_image","twitter_misc":{"Dur\u00e9e de lecture estim\u00e9e":"1 minute"},"schema":{"@context":"https:\/\/schema.org","@graph":[{"@type":"WebPage","@id":"https:\/\/cardinal-tapes.com\/fr\/rubans-adh\u00e9sifs\/domaines-dapplication\/ruban-adhesif-en-papier\/ruban-adhesif-de-masquage-3m-301e\/","url":"https:\/\/cardinal-tapes.com\/fr\/rubans-adh\u00e9sifs\/domaines-dapplication\/ruban-adhesif-en-papier\/ruban-adhesif-de-masquage-3m-301e\/","name":"3M\u2122 301E Scotch\u00ae Ruban adh\u00e9sif de masquage | Cardinal TAPES","isPartOf":{"@id":"https:\/\/cardinal-tapes.com\/#website"},"primaryImageOfPage":{"@id":"https:\/\/cardinal-tapes.com\/fr\/rubans-adh\u00e9sifs\/domaines-dapplication\/ruban-adhesif-en-papier\/ruban-adhesif-de-masquage-3m-301e\/#primaryimage"},"image":{"@id":"https:\/\/cardinal-tapes.com\/fr\/rubans-adh\u00e9sifs\/domaines-dapplication\/ruban-adhesif-en-papier\/ruban-adhesif-de-masquage-3m-301e\/#primaryimage"},"thumbnailUrl":"https:\/\/cardinal-tapes.com\/wp-content\/uploads\/3m_kreppklebeband_301e.jpg","datePublished":"2023-06-06T08:20:42+00:00","dateModified":"2025-07-07T14:53:55+00:00","description":"Le ruban adh\u00e9sif de masquage 3M 301E est particuli\u00e8rement facile \u00e0 utiliser pour les processus de s\u00e9chage au four de syst\u00e8mes de peinture \u00e0 une temp\u00e9rature allant jusqu'\u00e0 100 \u00b0C. Il peut \u00eatre utilis\u00e9 pour le masquage d'objets en plastique ou en m\u00e9tal.","breadcrumb":{"@id":"https:\/\/cardinal-tapes.com\/fr\/rubans-adh\u00e9sifs\/domaines-dapplication\/ruban-adhesif-en-papier\/ruban-adhesif-de-masquage-3m-301e\/#breadcrumb"},"inLanguage":"fr-FR","potentialAction":[{"@type":"ReadAction","target":["https:\/\/cardinal-tapes.com\/fr\/rubans-adh\u00e9sifs\/domaines-dapplication\/ruban-adhesif-en-papier\/ruban-adhesif-de-masquage-3m-301e\/"]}]},{"@type":"ImageObject","inLanguage":"fr-FR","@id":"https:\/\/cardinal-tapes.com\/fr\/rubans-adh\u00e9sifs\/domaines-dapplication\/ruban-adhesif-en-papier\/ruban-adhesif-de-masquage-3m-301e\/#primaryimage","url":"https:\/\/cardinal-tapes.com\/wp-content\/uploads\/3m_kreppklebeband_301e.jpg","contentUrl":"https:\/\/cardinal-tapes.com\/wp-content\/uploads\/3m_kreppklebeband_301e.jpg","width":600,"height":600,"caption":"3M ruban adh\u00e9sif cr\u00eap\u00e9 301e"},{"@type":"BreadcrumbList","@id":"https:\/\/cardinal-tapes.com\/fr\/rubans-adh\u00e9sifs\/domaines-dapplication\/ruban-adhesif-en-papier\/ruban-adhesif-de-masquage-3m-301e\/#breadcrumb","itemListElement":[{"@type":"ListItem","position":1,"name":"Startseite","item":"https:\/\/cardinal-tapes.com\/fr\/accueil\/"},{"@type":"ListItem","position":2,"name":"Rubans adh\u00e9sifs","item":"https:\/\/cardinal-tapes.com\/fr\/rubans-adhesifs-fr\/"},{"@type":"ListItem","position":3,"name":"Domaines d&#039;application","item":"https:\/\/cardinal-tapes.com\/fr\/catgorie\/domaines-dapplication\/"},{"@type":"ListItem","position":4,"name":"Ruban adh\u00e9sif en papier","item":"https:\/\/cardinal-tapes.com\/fr\/catgorie\/ruban-adhesif-en-papier\/"},{"@type":"ListItem","position":5,"name":"3M\u2122 Ruban adh\u00e9sif de masquage Scotch\u00ae 301E"}]},{"@type":"WebSite","@id":"https:\/\/cardinal-tapes.com\/#website","url":"https:\/\/cardinal-tapes.com\/","name":"cardinal TAPES","description":"Klebetechnik aus Wuppertal","potentialAction":[{"@type":"SearchAction","target":{"@type":"EntryPoint","urlTemplate":"https:\/\/cardinal-tapes.com\/?s={search_term_string}"},"query-input":{"@type":"PropertyValueSpecification","valueRequired":true,"valueName":"search_term_string"}}],"inLanguage":"fr-FR"}]}},"brands":[{"id":2167,"name":"3M","slug":"3m-fr"}],"_links":{"self":[{"href":"https:\/\/cardinal-tapes.com\/fr\/wp-json\/wp\/v2\/product\/62628","targetHints":{"allow":["GET"]}}],"collection":[{"href":"https:\/\/cardinal-tapes.com\/fr\/wp-json\/wp\/v2\/product"}],"about":[{"href":"https:\/\/cardinal-tapes.com\/fr\/wp-json\/wp\/v2\/types\/product"}],"wp:featuredmedia":[{"embeddable":true,"href":"https:\/\/cardinal-tapes.com\/fr\/wp-json\/wp\/v2\/media\/24336"}],"wp:attachment":[{"href":"https:\/\/cardinal-tapes.com\/fr\/wp-json\/wp\/v2\/media?parent=62628"}],"wp:term":[{"taxonomy":"pwb-brand","embeddable":true,"href":"https:\/\/cardinal-tapes.com\/fr\/wp-json\/wp\/v2\/pwb-brand?post=62628"},{"taxonomy":"product_brand","embeddable":true,"href":"https:\/\/cardinal-tapes.com\/fr\/wp-json\/wp\/v2\/product_brand?post=62628"},{"taxonomy":"product_cat","embeddable":true,"href":"https:\/\/cardinal-tapes.com\/fr\/wp-json\/wp\/v2\/product_cat?post=62628"},{"taxonomy":"product_tag","embeddable":true,"href":"https:\/\/cardinal-tapes.com\/fr\/wp-json\/wp\/v2\/product_tag?post=62628"}],"curies":[{"name":"wp","href":"https:\/\/api.w.org\/{rel}","templated":true}]}}