{"id":62618,"date":"2017-12-08T09:05:07","date_gmt":"2023-06-06T08:20:42","guid":{"rendered":"https:\/\/cardinal.pixel-tal.de\/klebebaender\/non%20class\u00e9\/3m-ruban-adhesif-crepe-501e\/"},"modified":"2025-07-03T16:25:37","modified_gmt":"2025-07-03T14:25:37","slug":"ruban-adhesif-de-masquage-3m-501e","status":"publish","type":"product","link":"https:\/\/cardinal-tapes.com\/fr\/rubans-adh\u00e9sifs\/domaines-dapplication\/industrie-automobile\/ruban-adhesif-de-masquage-3m-501e\/","title":{"rendered":"3M\u2122 Ruban adh\u00e9sif cr\u00eap\u00e9 501E"},"content":{"rendered":"<p>Gr\u00e2ce \u00e0 ses propri\u00e9t\u00e9s particuli\u00e8res, le ruban adh\u00e9sif de masquage 3M\u2122 501E est parfaitement adapt\u00e9 aux processus de s\u00e9chage \u00e0 haute temp\u00e9rature. Le rev\u00eatement sp\u00e9cial au verso assure un d\u00e9roulement contr\u00f4l\u00e9 et peut vous aider \u00e0 r\u00e9duire les d\u00e9chets.<\/p>\n<p><strong>Caract\u00e9ristiques<\/strong><br \/>\nLe ruban adh\u00e9sif 501E est un ruban de masquage r\u00e9sistant aux infrarouges et aux UV, qui peut \u00eatre expos\u00e9 \u00e0 des temp\u00e9ratures \u00e9lev\u00e9es allant jusqu&#8217;\u00e0 160\u00b0C. Il peut \u00eatre utilis\u00e9 pour le masquage d&#8217;objets en plastique ou en m\u00e9tal. Cela fait du ruban adh\u00e9sif de masquage 3M\u2122 501E l&#8217;assistant parfait lorsqu&#8217;il s&#8217;agit d&#8217;applications \u00e0 forte chaleur. En outre, le support papier cr\u00eap\u00e9 du 3M\u2122 501E permet un d\u00e9chirement facile tout en offrant une bonne r\u00e9sistance \u00e0 la d\u00e9chirure.<\/p>\n<p><strong>Applications<\/strong><br \/>\n&#8211; Pour le masquage lors de travaux de peinture de haute qualit\u00e9 dans l&#8217;industrie automobile et autres<br \/>\n&#8211; Convient pour la polym\u00e9risation par infrarouge\/UV et pour les cycles de cuisson<br \/>\n&#8211; Pour les syst\u00e8mes de s\u00e9chage au four ainsi que pour les \u00e9metteurs infrarouges ou de chaleur<\/p>\n<p>&nbsp;<\/p>\n","protected":false},"excerpt":{"rendered":"<p>Gr\u00e2ce \u00e0 ses propri\u00e9t\u00e9s particuli\u00e8res, le ruban adh\u00e9sif de masquage 3M\u2122 501E est parfaitement adapt\u00e9 aux processus de s\u00e9chage \u00e0 haute temp\u00e9rature. Le rev\u00eatement sp\u00e9cial au verso assure un d\u00e9roulement contr\u00f4l\u00e9 et peut vous aider \u00e0 r\u00e9duire les d\u00e9chets. Caract\u00e9ristiques Le ruban adh\u00e9sif 501E est un ruban de masquage r\u00e9sistant aux infrarouges et aux UV, [&hellip;]<\/p>\n","protected":false},"featured_media":24328,"template":"","meta":{"_acf_changed":false},"pwb-brand":[2167],"product_brand":[],"product_cat":[1667,1766,1836],"product_tag":[],"class_list":{"0":"post-62618","1":"product","2":"type-product","3":"status-publish","4":"has-post-thumbnail","6":"pwb-brand-3m-fr","7":"product_cat-industrie-automobile","8":"product_cat-ruban-adhesif-en-papier","9":"product_cat-rubans-adhesifs-simple-face","11":"first","12":"instock","13":"taxable","14":"shipping-taxable","15":"purchasable","16":"product-type-variable"},"acf":[],"yoast_head":"<!-- This site is optimized with the Yoast SEO plugin v27.3 - https:\/\/yoast.com\/product\/yoast-seo-wordpress\/ -->\n<title>3M\u2122 501E Ruban adh\u00e9sif cr\u00eap\u00e9 | Cardinal TAPES<\/title>\n<meta name=\"description\" content=\"Gr\u00e2ce \u00e0 ses propri\u00e9t\u00e9s particuli\u00e8res, le ruban adh\u00e9sif de masquage 3M 501E est parfaitement adapt\u00e9 aux processus de s\u00e9chage \u00e0 haute temp\u00e9rature. En savoir plus.\" \/>\n<meta name=\"robots\" content=\"index, follow, max-snippet:-1, max-image-preview:large, max-video-preview:-1\" \/>\n<link rel=\"canonical\" href=\"https:\/\/cardinal-tapes.com\/fr\/rubans-adh\u00e9sifs\/domaines-dapplication\/industrie-automobile\/ruban-adhesif-de-masquage-3m-501e\/\" \/>\n<meta property=\"og:locale\" content=\"fr_FR\" \/>\n<meta property=\"og:type\" content=\"article\" \/>\n<meta property=\"og:title\" content=\"3M\u2122 501E Ruban adh\u00e9sif cr\u00eap\u00e9 | Cardinal TAPES\" \/>\n<meta property=\"og:description\" content=\"Gr\u00e2ce \u00e0 ses propri\u00e9t\u00e9s particuli\u00e8res, le ruban adh\u00e9sif de masquage 3M 501E est parfaitement adapt\u00e9 aux processus de s\u00e9chage \u00e0 haute temp\u00e9rature. En savoir plus.\" \/>\n<meta property=\"og:url\" content=\"https:\/\/cardinal-tapes.com\/fr\/rubans-adh\u00e9sifs\/domaines-dapplication\/industrie-automobile\/ruban-adhesif-de-masquage-3m-501e\/\" \/>\n<meta property=\"og:site_name\" content=\"cardinal TAPES\" \/>\n<meta property=\"article:modified_time\" content=\"2025-07-03T14:25:37+00:00\" \/>\n<meta property=\"og:image\" content=\"https:\/\/cardinal-tapes.com\/wp-content\/uploads\/3m_kreppklebeband_501e.jpg\" \/>\n\t<meta property=\"og:image:width\" content=\"600\" \/>\n\t<meta property=\"og:image:height\" content=\"600\" \/>\n\t<meta property=\"og:image:type\" content=\"image\/jpeg\" \/>\n<meta name=\"twitter:card\" content=\"summary_large_image\" \/>\n<meta name=\"twitter:label1\" content=\"Dur\u00e9e de lecture estim\u00e9e\" \/>\n\t<meta name=\"twitter:data1\" content=\"1 minute\" \/>\n<script type=\"application\/ld+json\" class=\"yoast-schema-graph\">{\"@context\":\"https:\\\/\\\/schema.org\",\"@graph\":[{\"@type\":\"WebPage\",\"@id\":\"https:\\\/\\\/cardinal-tapes.com\\\/fr\\\/rubans-adh\u00e9sifs\\\/domaines-dapplication\\\/industrie-automobile\\\/ruban-adhesif-de-masquage-3m-501e\\\/\",\"url\":\"https:\\\/\\\/cardinal-tapes.com\\\/fr\\\/rubans-adh\u00e9sifs\\\/domaines-dapplication\\\/industrie-automobile\\\/ruban-adhesif-de-masquage-3m-501e\\\/\",\"name\":\"3M\u2122 501E Ruban adh\u00e9sif cr\u00eap\u00e9 | Cardinal TAPES\",\"isPartOf\":{\"@id\":\"https:\\\/\\\/cardinal-tapes.com\\\/#website\"},\"primaryImageOfPage\":{\"@id\":\"https:\\\/\\\/cardinal-tapes.com\\\/fr\\\/rubans-adh\u00e9sifs\\\/domaines-dapplication\\\/industrie-automobile\\\/ruban-adhesif-de-masquage-3m-501e\\\/#primaryimage\"},\"image\":{\"@id\":\"https:\\\/\\\/cardinal-tapes.com\\\/fr\\\/rubans-adh\u00e9sifs\\\/domaines-dapplication\\\/industrie-automobile\\\/ruban-adhesif-de-masquage-3m-501e\\\/#primaryimage\"},\"thumbnailUrl\":\"https:\\\/\\\/cardinal-tapes.com\\\/wp-content\\\/uploads\\\/3m_kreppklebeband_501e.jpg\",\"datePublished\":\"2023-06-06T08:20:42+00:00\",\"dateModified\":\"2025-07-03T14:25:37+00:00\",\"description\":\"Gr\u00e2ce \u00e0 ses propri\u00e9t\u00e9s particuli\u00e8res, le ruban adh\u00e9sif de masquage 3M 501E est parfaitement adapt\u00e9 aux processus de s\u00e9chage \u00e0 haute temp\u00e9rature. En savoir plus.\",\"breadcrumb\":{\"@id\":\"https:\\\/\\\/cardinal-tapes.com\\\/fr\\\/rubans-adh\u00e9sifs\\\/domaines-dapplication\\\/industrie-automobile\\\/ruban-adhesif-de-masquage-3m-501e\\\/#breadcrumb\"},\"inLanguage\":\"fr-FR\",\"potentialAction\":[{\"@type\":\"ReadAction\",\"target\":[\"https:\\\/\\\/cardinal-tapes.com\\\/fr\\\/rubans-adh\u00e9sifs\\\/domaines-dapplication\\\/industrie-automobile\\\/ruban-adhesif-de-masquage-3m-501e\\\/\"]}]},{\"@type\":\"ImageObject\",\"inLanguage\":\"fr-FR\",\"@id\":\"https:\\\/\\\/cardinal-tapes.com\\\/fr\\\/rubans-adh\u00e9sifs\\\/domaines-dapplication\\\/industrie-automobile\\\/ruban-adhesif-de-masquage-3m-501e\\\/#primaryimage\",\"url\":\"https:\\\/\\\/cardinal-tapes.com\\\/wp-content\\\/uploads\\\/3m_kreppklebeband_501e.jpg\",\"contentUrl\":\"https:\\\/\\\/cardinal-tapes.com\\\/wp-content\\\/uploads\\\/3m_kreppklebeband_501e.jpg\",\"width\":600,\"height\":600,\"caption\":\"3M ruban adh\u00e9sif cr\u00eap\u00e9 501e\"},{\"@type\":\"BreadcrumbList\",\"@id\":\"https:\\\/\\\/cardinal-tapes.com\\\/fr\\\/rubans-adh\u00e9sifs\\\/domaines-dapplication\\\/industrie-automobile\\\/ruban-adhesif-de-masquage-3m-501e\\\/#breadcrumb\",\"itemListElement\":[{\"@type\":\"ListItem\",\"position\":1,\"name\":\"Startseite\",\"item\":\"https:\\\/\\\/cardinal-tapes.com\\\/fr\\\/accueil\\\/\"},{\"@type\":\"ListItem\",\"position\":2,\"name\":\"Rubans adh\u00e9sifs\",\"item\":\"https:\\\/\\\/cardinal-tapes.com\\\/fr\\\/rubans-adhesifs-fr\\\/\"},{\"@type\":\"ListItem\",\"position\":3,\"name\":\"Domaines d&#039;application\",\"item\":\"https:\\\/\\\/cardinal-tapes.com\\\/fr\\\/catgorie\\\/domaines-dapplication\\\/\"},{\"@type\":\"ListItem\",\"position\":4,\"name\":\"Industrie automobile\",\"item\":\"https:\\\/\\\/cardinal-tapes.com\\\/fr\\\/catgorie\\\/industrie-automobile\\\/\"},{\"@type\":\"ListItem\",\"position\":5,\"name\":\"3M\u2122 Ruban adh\u00e9sif cr\u00eap\u00e9 501E\"}]},{\"@type\":\"WebSite\",\"@id\":\"https:\\\/\\\/cardinal-tapes.com\\\/#website\",\"url\":\"https:\\\/\\\/cardinal-tapes.com\\\/\",\"name\":\"cardinal TAPES\",\"description\":\"Klebetechnik aus Wuppertal\",\"potentialAction\":[{\"@type\":\"SearchAction\",\"target\":{\"@type\":\"EntryPoint\",\"urlTemplate\":\"https:\\\/\\\/cardinal-tapes.com\\\/?s={search_term_string}\"},\"query-input\":{\"@type\":\"PropertyValueSpecification\",\"valueRequired\":true,\"valueName\":\"search_term_string\"}}],\"inLanguage\":\"fr-FR\"}]}<\/script>\n<!-- \/ Yoast SEO plugin. -->","yoast_head_json":{"title":"3M\u2122 501E Ruban adh\u00e9sif cr\u00eap\u00e9 | Cardinal TAPES","description":"Gr\u00e2ce \u00e0 ses propri\u00e9t\u00e9s particuli\u00e8res, le ruban adh\u00e9sif de masquage 3M 501E est parfaitement adapt\u00e9 aux processus de s\u00e9chage \u00e0 haute temp\u00e9rature. En savoir plus.","robots":{"index":"index","follow":"follow","max-snippet":"max-snippet:-1","max-image-preview":"max-image-preview:large","max-video-preview":"max-video-preview:-1"},"canonical":"https:\/\/cardinal-tapes.com\/fr\/rubans-adh\u00e9sifs\/domaines-dapplication\/industrie-automobile\/ruban-adhesif-de-masquage-3m-501e\/","og_locale":"fr_FR","og_type":"article","og_title":"3M\u2122 501E Ruban adh\u00e9sif cr\u00eap\u00e9 | Cardinal TAPES","og_description":"Gr\u00e2ce \u00e0 ses propri\u00e9t\u00e9s particuli\u00e8res, le ruban adh\u00e9sif de masquage 3M 501E est parfaitement adapt\u00e9 aux processus de s\u00e9chage \u00e0 haute temp\u00e9rature. En savoir plus.","og_url":"https:\/\/cardinal-tapes.com\/fr\/rubans-adh\u00e9sifs\/domaines-dapplication\/industrie-automobile\/ruban-adhesif-de-masquage-3m-501e\/","og_site_name":"cardinal TAPES","article_modified_time":"2025-07-03T14:25:37+00:00","og_image":[{"width":600,"height":600,"url":"https:\/\/cardinal-tapes.com\/wp-content\/uploads\/3m_kreppklebeband_501e.jpg","type":"image\/jpeg"}],"twitter_card":"summary_large_image","twitter_misc":{"Dur\u00e9e de lecture estim\u00e9e":"1 minute"},"schema":{"@context":"https:\/\/schema.org","@graph":[{"@type":"WebPage","@id":"https:\/\/cardinal-tapes.com\/fr\/rubans-adh\u00e9sifs\/domaines-dapplication\/industrie-automobile\/ruban-adhesif-de-masquage-3m-501e\/","url":"https:\/\/cardinal-tapes.com\/fr\/rubans-adh\u00e9sifs\/domaines-dapplication\/industrie-automobile\/ruban-adhesif-de-masquage-3m-501e\/","name":"3M\u2122 501E Ruban adh\u00e9sif cr\u00eap\u00e9 | Cardinal TAPES","isPartOf":{"@id":"https:\/\/cardinal-tapes.com\/#website"},"primaryImageOfPage":{"@id":"https:\/\/cardinal-tapes.com\/fr\/rubans-adh\u00e9sifs\/domaines-dapplication\/industrie-automobile\/ruban-adhesif-de-masquage-3m-501e\/#primaryimage"},"image":{"@id":"https:\/\/cardinal-tapes.com\/fr\/rubans-adh\u00e9sifs\/domaines-dapplication\/industrie-automobile\/ruban-adhesif-de-masquage-3m-501e\/#primaryimage"},"thumbnailUrl":"https:\/\/cardinal-tapes.com\/wp-content\/uploads\/3m_kreppklebeband_501e.jpg","datePublished":"2023-06-06T08:20:42+00:00","dateModified":"2025-07-03T14:25:37+00:00","description":"Gr\u00e2ce \u00e0 ses propri\u00e9t\u00e9s particuli\u00e8res, le ruban adh\u00e9sif de masquage 3M 501E est parfaitement adapt\u00e9 aux processus de s\u00e9chage \u00e0 haute temp\u00e9rature. En savoir plus.","breadcrumb":{"@id":"https:\/\/cardinal-tapes.com\/fr\/rubans-adh\u00e9sifs\/domaines-dapplication\/industrie-automobile\/ruban-adhesif-de-masquage-3m-501e\/#breadcrumb"},"inLanguage":"fr-FR","potentialAction":[{"@type":"ReadAction","target":["https:\/\/cardinal-tapes.com\/fr\/rubans-adh\u00e9sifs\/domaines-dapplication\/industrie-automobile\/ruban-adhesif-de-masquage-3m-501e\/"]}]},{"@type":"ImageObject","inLanguage":"fr-FR","@id":"https:\/\/cardinal-tapes.com\/fr\/rubans-adh\u00e9sifs\/domaines-dapplication\/industrie-automobile\/ruban-adhesif-de-masquage-3m-501e\/#primaryimage","url":"https:\/\/cardinal-tapes.com\/wp-content\/uploads\/3m_kreppklebeband_501e.jpg","contentUrl":"https:\/\/cardinal-tapes.com\/wp-content\/uploads\/3m_kreppklebeband_501e.jpg","width":600,"height":600,"caption":"3M ruban adh\u00e9sif cr\u00eap\u00e9 501e"},{"@type":"BreadcrumbList","@id":"https:\/\/cardinal-tapes.com\/fr\/rubans-adh\u00e9sifs\/domaines-dapplication\/industrie-automobile\/ruban-adhesif-de-masquage-3m-501e\/#breadcrumb","itemListElement":[{"@type":"ListItem","position":1,"name":"Startseite","item":"https:\/\/cardinal-tapes.com\/fr\/accueil\/"},{"@type":"ListItem","position":2,"name":"Rubans adh\u00e9sifs","item":"https:\/\/cardinal-tapes.com\/fr\/rubans-adhesifs-fr\/"},{"@type":"ListItem","position":3,"name":"Domaines d&#039;application","item":"https:\/\/cardinal-tapes.com\/fr\/catgorie\/domaines-dapplication\/"},{"@type":"ListItem","position":4,"name":"Industrie automobile","item":"https:\/\/cardinal-tapes.com\/fr\/catgorie\/industrie-automobile\/"},{"@type":"ListItem","position":5,"name":"3M\u2122 Ruban adh\u00e9sif cr\u00eap\u00e9 501E"}]},{"@type":"WebSite","@id":"https:\/\/cardinal-tapes.com\/#website","url":"https:\/\/cardinal-tapes.com\/","name":"cardinal TAPES","description":"Klebetechnik aus Wuppertal","potentialAction":[{"@type":"SearchAction","target":{"@type":"EntryPoint","urlTemplate":"https:\/\/cardinal-tapes.com\/?s={search_term_string}"},"query-input":{"@type":"PropertyValueSpecification","valueRequired":true,"valueName":"search_term_string"}}],"inLanguage":"fr-FR"}]}},"brands":[{"id":2167,"name":"3M","slug":"3m-fr"}],"_links":{"self":[{"href":"https:\/\/cardinal-tapes.com\/fr\/wp-json\/wp\/v2\/product\/62618","targetHints":{"allow":["GET"]}}],"collection":[{"href":"https:\/\/cardinal-tapes.com\/fr\/wp-json\/wp\/v2\/product"}],"about":[{"href":"https:\/\/cardinal-tapes.com\/fr\/wp-json\/wp\/v2\/types\/product"}],"wp:featuredmedia":[{"embeddable":true,"href":"https:\/\/cardinal-tapes.com\/fr\/wp-json\/wp\/v2\/media\/24328"}],"wp:attachment":[{"href":"https:\/\/cardinal-tapes.com\/fr\/wp-json\/wp\/v2\/media?parent=62618"}],"wp:term":[{"taxonomy":"pwb-brand","embeddable":true,"href":"https:\/\/cardinal-tapes.com\/fr\/wp-json\/wp\/v2\/pwb-brand?post=62618"},{"taxonomy":"product_brand","embeddable":true,"href":"https:\/\/cardinal-tapes.com\/fr\/wp-json\/wp\/v2\/product_brand?post=62618"},{"taxonomy":"product_cat","embeddable":true,"href":"https:\/\/cardinal-tapes.com\/fr\/wp-json\/wp\/v2\/product_cat?post=62618"},{"taxonomy":"product_tag","embeddable":true,"href":"https:\/\/cardinal-tapes.com\/fr\/wp-json\/wp\/v2\/product_tag?post=62618"}],"curies":[{"name":"wp","href":"https:\/\/api.w.org\/{rel}","templated":true}]}}