{"id":62617,"date":"2017-12-08T08:58:18","date_gmt":"2023-06-06T08:20:42","guid":{"rendered":"https:\/\/cardinal.pixel-tal.de\/klebebaender\/non class\u00e9\/3m-ruban-adhesif-de-masquage-201e\/"},"modified":"2023-06-06T10:20:42","modified_gmt":"2023-06-06T08:20:42","slug":"ruban-adhesif-de-masquage-3m-201e","status":"publish","type":"product","link":"https:\/\/cardinal-tapes.com\/fr\/rubans-adh\u00e9sifs\/domaines-dapplication\/ruban-adhesif-en-papier\/ruban-adhesif-de-masquage-3m-201e\/","title":{"rendered":"3M\u2122 Ruban adh\u00e9sif de masquage 201E"},"content":{"rendered":"<p class=\"SNAPS--pdpTabDes\">Le ruban adh\u00e9sif de masquage 3M\u2122 201E est un ruban adh\u00e9sif destin\u00e9 \u00e0 des fins g\u00e9n\u00e9rales de maintien \u00e0 temp\u00e9rature ambiante. Le support papier cr\u00eap\u00e9 assure une bonne tenue dans les courbes. Celui-ci permet en outre une manipulation ais\u00e9e et un d\u00e9chirement facile. Malgr\u00e9 cela, le 3M\u2122 201E est tr\u00e8s r\u00e9sistant \u00e0 la d\u00e9chirure. En outre, l&#8217;adh\u00e9sif sp\u00e9cial assure une bonne adh\u00e9rence imm\u00e9diate et r\u00e9duit le temps n\u00e9cessaire \u00e0 d&#8217;\u00e9ventuelles retouches. Ainsi, le 3M\u2122 201E est un tr\u00e8s bon assistant pour les situations quotidiennes<\/p>\n<p><strong>Caract\u00e9ristiques<\/strong><br \/>\nCe ruban adh\u00e9sif est con\u00e7u pour des applications g\u00e9n\u00e9rales, commerciales, dans lesquelles il existe un certain besoin de r\u00e9sistance \u00e0 la temp\u00e9rature et \u00e0 l&#8217;eau. Le ruban adh\u00e9sif 201E se distingue par sa bonne tenue dans le temps et sa facilit\u00e9 d&#8217;application.<\/p>\n<p><strong>Applications<br \/>\n<\/strong>&#8211; Convient pour les travaux de peinture pr\u00e9liminaires g\u00e9n\u00e9raux<br \/>\n&#8211; Pour recouvrir lors de l&#8217;\u00e9tanch\u00e9it\u00e9 des joints<br \/>\n&#8211; Pour fixer ou retenir temporairement<br \/>\n&#8211; Pour le marquage d&#8217;\u00e9tiquettes<\/p>\n<p>&nbsp;<\/p>\n<p>&nbsp;<\/p>\n","protected":false},"excerpt":{"rendered":"<p>Le ruban adh\u00e9sif de masquage 3M\u2122 201E est un ruban adh\u00e9sif destin\u00e9 \u00e0 des fins g\u00e9n\u00e9rales de maintien \u00e0 temp\u00e9rature ambiante. Le support papier cr\u00eap\u00e9 assure une bonne tenue dans les courbes. Celui-ci permet en outre une manipulation ais\u00e9e et un d\u00e9chirement facile. Malgr\u00e9 cela, le 3M\u2122 201E est tr\u00e8s r\u00e9sistant \u00e0 la d\u00e9chirure. En [&hellip;]<\/p>\n","protected":false},"featured_media":24348,"template":"","meta":{"_acf_changed":false},"pwb-brand":[2167],"product_brand":[],"product_cat":[1766,1836],"product_tag":[],"class_list":{"0":"post-62617","1":"product","2":"type-product","3":"status-publish","4":"has-post-thumbnail","6":"pwb-brand-3m-fr","7":"product_cat-ruban-adhesif-en-papier","8":"product_cat-rubans-adhesifs-simple-face","10":"first","11":"outofstock","12":"taxable","13":"shipping-taxable","14":"purchasable","15":"product-type-variable"},"acf":[],"yoast_head":"<!-- This site is optimized with the Yoast SEO plugin v27.3 - https:\/\/yoast.com\/product\/yoast-seo-wordpress\/ -->\n<title>3M 201E ruban adh\u00e9sif de masquage demander maintenant | Cardinal TAPES<\/title>\n<meta name=\"description\" content=\"Le ruban adh\u00e9sif de masquage 3M 201E a fait ses preuves dans des cycles de s\u00e9chage allant jusqu&#039;\u00e0 80 \u00b0C. Il a \u00e9t\u00e9 test\u00e9 dans des conditions extr\u00eames. De plus, il est extr\u00eamement flexible. Apprenez-en plus sur le 3M 201E ici.\" \/>\n<meta name=\"robots\" content=\"index, follow, max-snippet:-1, max-image-preview:large, max-video-preview:-1\" \/>\n<link rel=\"canonical\" href=\"https:\/\/cardinal-tapes.com\/fr\/rubans-adh\u00e9sifs\/ruban-adhesif-en-papier\/ruban-adhesif-de-masquage-3m-201e\/\" \/>\n<meta property=\"og:locale\" content=\"fr_FR\" \/>\n<meta property=\"og:type\" content=\"article\" \/>\n<meta property=\"og:title\" content=\"3M 201E ruban adh\u00e9sif de masquage demander maintenant | Cardinal TAPES\" \/>\n<meta property=\"og:description\" content=\"Le ruban adh\u00e9sif de masquage 3M 201E a fait ses preuves dans des cycles de s\u00e9chage allant jusqu&#039;\u00e0 80 \u00b0C. Il a \u00e9t\u00e9 test\u00e9 dans des conditions extr\u00eames. De plus, il est extr\u00eamement flexible. Apprenez-en plus sur le 3M 201E ici.\" \/>\n<meta property=\"og:url\" content=\"https:\/\/cardinal-tapes.com\/fr\/rubans-adh\u00e9sifs\/ruban-adhesif-en-papier\/ruban-adhesif-de-masquage-3m-201e\/\" \/>\n<meta property=\"og:site_name\" content=\"cardinal TAPES\" \/>\n<meta property=\"og:image\" content=\"https:\/\/cardinal-tapes.com\/wp-content\/uploads\/3m_kreppklebeband_201e.jpg\" \/>\n\t<meta property=\"og:image:width\" content=\"600\" \/>\n\t<meta property=\"og:image:height\" content=\"600\" \/>\n\t<meta property=\"og:image:type\" content=\"image\/jpeg\" \/>\n<meta name=\"twitter:card\" content=\"summary_large_image\" \/>\n<meta name=\"twitter:label1\" content=\"Dur\u00e9e de lecture estim\u00e9e\" \/>\n\t<meta name=\"twitter:data1\" content=\"1 minute\" \/>\n<script type=\"application\/ld+json\" class=\"yoast-schema-graph\">{\"@context\":\"https:\\\/\\\/schema.org\",\"@graph\":[{\"@type\":\"WebPage\",\"@id\":\"https:\\\/\\\/cardinal-tapes.com\\\/fr\\\/rubans-adh\u00e9sifs\\\/ruban-adhesif-en-papier\\\/ruban-adhesif-de-masquage-3m-201e\\\/\",\"url\":\"https:\\\/\\\/cardinal-tapes.com\\\/fr\\\/rubans-adh\u00e9sifs\\\/ruban-adhesif-en-papier\\\/ruban-adhesif-de-masquage-3m-201e\\\/\",\"name\":\"3M 201E ruban adh\u00e9sif de masquage demander maintenant | Cardinal TAPES\",\"isPartOf\":{\"@id\":\"https:\\\/\\\/cardinal-tapes.com\\\/#website\"},\"primaryImageOfPage\":{\"@id\":\"https:\\\/\\\/cardinal-tapes.com\\\/fr\\\/rubans-adh\u00e9sifs\\\/ruban-adhesif-en-papier\\\/ruban-adhesif-de-masquage-3m-201e\\\/#primaryimage\"},\"image\":{\"@id\":\"https:\\\/\\\/cardinal-tapes.com\\\/fr\\\/rubans-adh\u00e9sifs\\\/ruban-adhesif-en-papier\\\/ruban-adhesif-de-masquage-3m-201e\\\/#primaryimage\"},\"thumbnailUrl\":\"https:\\\/\\\/cardinal-tapes.com\\\/wp-content\\\/uploads\\\/3m_kreppklebeband_201e.jpg\",\"datePublished\":\"2023-06-06T08:20:42+00:00\",\"description\":\"Le ruban adh\u00e9sif de masquage 3M 201E a fait ses preuves dans des cycles de s\u00e9chage allant jusqu'\u00e0 80 \u00b0C. Il a \u00e9t\u00e9 test\u00e9 dans des conditions extr\u00eames. De plus, il est extr\u00eamement flexible. Apprenez-en plus sur le 3M 201E ici.\",\"breadcrumb\":{\"@id\":\"https:\\\/\\\/cardinal-tapes.com\\\/fr\\\/rubans-adh\u00e9sifs\\\/ruban-adhesif-en-papier\\\/ruban-adhesif-de-masquage-3m-201e\\\/#breadcrumb\"},\"inLanguage\":\"fr-FR\",\"potentialAction\":[{\"@type\":\"ReadAction\",\"target\":[\"https:\\\/\\\/cardinal-tapes.com\\\/fr\\\/rubans-adh\u00e9sifs\\\/ruban-adhesif-en-papier\\\/ruban-adhesif-de-masquage-3m-201e\\\/\"]}]},{\"@type\":\"ImageObject\",\"inLanguage\":\"fr-FR\",\"@id\":\"https:\\\/\\\/cardinal-tapes.com\\\/fr\\\/rubans-adh\u00e9sifs\\\/ruban-adhesif-en-papier\\\/ruban-adhesif-de-masquage-3m-201e\\\/#primaryimage\",\"url\":\"https:\\\/\\\/cardinal-tapes.com\\\/wp-content\\\/uploads\\\/3m_kreppklebeband_201e.jpg\",\"contentUrl\":\"https:\\\/\\\/cardinal-tapes.com\\\/wp-content\\\/uploads\\\/3m_kreppklebeband_201e.jpg\",\"width\":600,\"height\":600,\"caption\":\"3M ruban adh\u00e9sif cr\u00eap\u00e9 201e\"},{\"@type\":\"BreadcrumbList\",\"@id\":\"https:\\\/\\\/cardinal-tapes.com\\\/fr\\\/rubans-adh\u00e9sifs\\\/ruban-adhesif-en-papier\\\/ruban-adhesif-de-masquage-3m-201e\\\/#breadcrumb\",\"itemListElement\":[{\"@type\":\"ListItem\",\"position\":1,\"name\":\"Startseite\",\"item\":\"https:\\\/\\\/cardinal-tapes.com\\\/fr\\\/accueil\\\/\"},{\"@type\":\"ListItem\",\"position\":2,\"name\":\"Rubans adh\u00e9sifs\",\"item\":\"https:\\\/\\\/cardinal-tapes.com\\\/fr\\\/rubans-adhesifs-fr\\\/\"},{\"@type\":\"ListItem\",\"position\":3,\"name\":\"Ruban adh\u00e9sif en papier\",\"item\":\"https:\\\/\\\/cardinal-tapes.com\\\/fr\\\/catgorie\\\/ruban-adhesif-en-papier\\\/\"},{\"@type\":\"ListItem\",\"position\":4,\"name\":\"3M\u2122 Ruban adh\u00e9sif de masquage 201E\"}]},{\"@type\":\"WebSite\",\"@id\":\"https:\\\/\\\/cardinal-tapes.com\\\/#website\",\"url\":\"https:\\\/\\\/cardinal-tapes.com\\\/\",\"name\":\"cardinal TAPES\",\"description\":\"Klebetechnik aus Wuppertal\",\"potentialAction\":[{\"@type\":\"SearchAction\",\"target\":{\"@type\":\"EntryPoint\",\"urlTemplate\":\"https:\\\/\\\/cardinal-tapes.com\\\/?s={search_term_string}\"},\"query-input\":{\"@type\":\"PropertyValueSpecification\",\"valueRequired\":true,\"valueName\":\"search_term_string\"}}],\"inLanguage\":\"fr-FR\"}]}<\/script>\n<!-- \/ Yoast SEO plugin. -->","yoast_head_json":{"title":"3M 201E ruban adh\u00e9sif de masquage demander maintenant | Cardinal TAPES","description":"Le ruban adh\u00e9sif de masquage 3M 201E a fait ses preuves dans des cycles de s\u00e9chage allant jusqu'\u00e0 80 \u00b0C. Il a \u00e9t\u00e9 test\u00e9 dans des conditions extr\u00eames. De plus, il est extr\u00eamement flexible. Apprenez-en plus sur le 3M 201E ici.","robots":{"index":"index","follow":"follow","max-snippet":"max-snippet:-1","max-image-preview":"max-image-preview:large","max-video-preview":"max-video-preview:-1"},"canonical":"https:\/\/cardinal-tapes.com\/fr\/rubans-adh\u00e9sifs\/ruban-adhesif-en-papier\/ruban-adhesif-de-masquage-3m-201e\/","og_locale":"fr_FR","og_type":"article","og_title":"3M 201E ruban adh\u00e9sif de masquage demander maintenant | Cardinal TAPES","og_description":"Le ruban adh\u00e9sif de masquage 3M 201E a fait ses preuves dans des cycles de s\u00e9chage allant jusqu'\u00e0 80 \u00b0C. Il a \u00e9t\u00e9 test\u00e9 dans des conditions extr\u00eames. De plus, il est extr\u00eamement flexible. Apprenez-en plus sur le 3M 201E ici.","og_url":"https:\/\/cardinal-tapes.com\/fr\/rubans-adh\u00e9sifs\/ruban-adhesif-en-papier\/ruban-adhesif-de-masquage-3m-201e\/","og_site_name":"cardinal TAPES","og_image":[{"width":600,"height":600,"url":"https:\/\/cardinal-tapes.com\/wp-content\/uploads\/3m_kreppklebeband_201e.jpg","type":"image\/jpeg"}],"twitter_card":"summary_large_image","twitter_misc":{"Dur\u00e9e de lecture estim\u00e9e":"1 minute"},"schema":{"@context":"https:\/\/schema.org","@graph":[{"@type":"WebPage","@id":"https:\/\/cardinal-tapes.com\/fr\/rubans-adh\u00e9sifs\/ruban-adhesif-en-papier\/ruban-adhesif-de-masquage-3m-201e\/","url":"https:\/\/cardinal-tapes.com\/fr\/rubans-adh\u00e9sifs\/ruban-adhesif-en-papier\/ruban-adhesif-de-masquage-3m-201e\/","name":"3M 201E ruban adh\u00e9sif de masquage demander maintenant | Cardinal TAPES","isPartOf":{"@id":"https:\/\/cardinal-tapes.com\/#website"},"primaryImageOfPage":{"@id":"https:\/\/cardinal-tapes.com\/fr\/rubans-adh\u00e9sifs\/ruban-adhesif-en-papier\/ruban-adhesif-de-masquage-3m-201e\/#primaryimage"},"image":{"@id":"https:\/\/cardinal-tapes.com\/fr\/rubans-adh\u00e9sifs\/ruban-adhesif-en-papier\/ruban-adhesif-de-masquage-3m-201e\/#primaryimage"},"thumbnailUrl":"https:\/\/cardinal-tapes.com\/wp-content\/uploads\/3m_kreppklebeband_201e.jpg","datePublished":"2023-06-06T08:20:42+00:00","description":"Le ruban adh\u00e9sif de masquage 3M 201E a fait ses preuves dans des cycles de s\u00e9chage allant jusqu'\u00e0 80 \u00b0C. Il a \u00e9t\u00e9 test\u00e9 dans des conditions extr\u00eames. De plus, il est extr\u00eamement flexible. Apprenez-en plus sur le 3M 201E ici.","breadcrumb":{"@id":"https:\/\/cardinal-tapes.com\/fr\/rubans-adh\u00e9sifs\/ruban-adhesif-en-papier\/ruban-adhesif-de-masquage-3m-201e\/#breadcrumb"},"inLanguage":"fr-FR","potentialAction":[{"@type":"ReadAction","target":["https:\/\/cardinal-tapes.com\/fr\/rubans-adh\u00e9sifs\/ruban-adhesif-en-papier\/ruban-adhesif-de-masquage-3m-201e\/"]}]},{"@type":"ImageObject","inLanguage":"fr-FR","@id":"https:\/\/cardinal-tapes.com\/fr\/rubans-adh\u00e9sifs\/ruban-adhesif-en-papier\/ruban-adhesif-de-masquage-3m-201e\/#primaryimage","url":"https:\/\/cardinal-tapes.com\/wp-content\/uploads\/3m_kreppklebeband_201e.jpg","contentUrl":"https:\/\/cardinal-tapes.com\/wp-content\/uploads\/3m_kreppklebeband_201e.jpg","width":600,"height":600,"caption":"3M ruban adh\u00e9sif cr\u00eap\u00e9 201e"},{"@type":"BreadcrumbList","@id":"https:\/\/cardinal-tapes.com\/fr\/rubans-adh\u00e9sifs\/ruban-adhesif-en-papier\/ruban-adhesif-de-masquage-3m-201e\/#breadcrumb","itemListElement":[{"@type":"ListItem","position":1,"name":"Startseite","item":"https:\/\/cardinal-tapes.com\/fr\/accueil\/"},{"@type":"ListItem","position":2,"name":"Rubans adh\u00e9sifs","item":"https:\/\/cardinal-tapes.com\/fr\/rubans-adhesifs-fr\/"},{"@type":"ListItem","position":3,"name":"Ruban adh\u00e9sif en papier","item":"https:\/\/cardinal-tapes.com\/fr\/catgorie\/ruban-adhesif-en-papier\/"},{"@type":"ListItem","position":4,"name":"3M\u2122 Ruban adh\u00e9sif de masquage 201E"}]},{"@type":"WebSite","@id":"https:\/\/cardinal-tapes.com\/#website","url":"https:\/\/cardinal-tapes.com\/","name":"cardinal TAPES","description":"Klebetechnik aus Wuppertal","potentialAction":[{"@type":"SearchAction","target":{"@type":"EntryPoint","urlTemplate":"https:\/\/cardinal-tapes.com\/?s={search_term_string}"},"query-input":{"@type":"PropertyValueSpecification","valueRequired":true,"valueName":"search_term_string"}}],"inLanguage":"fr-FR"}]}},"brands":[{"id":2167,"name":"3M","slug":"3m-fr"}],"_links":{"self":[{"href":"https:\/\/cardinal-tapes.com\/fr\/wp-json\/wp\/v2\/product\/62617","targetHints":{"allow":["GET"]}}],"collection":[{"href":"https:\/\/cardinal-tapes.com\/fr\/wp-json\/wp\/v2\/product"}],"about":[{"href":"https:\/\/cardinal-tapes.com\/fr\/wp-json\/wp\/v2\/types\/product"}],"wp:featuredmedia":[{"embeddable":true,"href":"https:\/\/cardinal-tapes.com\/fr\/wp-json\/wp\/v2\/media\/24348"}],"wp:attachment":[{"href":"https:\/\/cardinal-tapes.com\/fr\/wp-json\/wp\/v2\/media?parent=62617"}],"wp:term":[{"taxonomy":"pwb-brand","embeddable":true,"href":"https:\/\/cardinal-tapes.com\/fr\/wp-json\/wp\/v2\/pwb-brand?post=62617"},{"taxonomy":"product_brand","embeddable":true,"href":"https:\/\/cardinal-tapes.com\/fr\/wp-json\/wp\/v2\/product_brand?post=62617"},{"taxonomy":"product_cat","embeddable":true,"href":"https:\/\/cardinal-tapes.com\/fr\/wp-json\/wp\/v2\/product_cat?post=62617"},{"taxonomy":"product_tag","embeddable":true,"href":"https:\/\/cardinal-tapes.com\/fr\/wp-json\/wp\/v2\/product_tag?post=62617"}],"curies":[{"name":"wp","href":"https:\/\/api.w.org\/{rel}","templated":true}]}}