{"id":62600,"date":"2017-12-08T09:01:32","date_gmt":"2023-06-06T08:20:41","guid":{"rendered":"https:\/\/cardinal.pixel-tal.de\/klebebaender\/non%20class\u00e9\/3m-ruban-adhesif-de-masquage-scotch-244\/"},"modified":"2025-07-03T16:22:34","modified_gmt":"2025-07-03T14:22:34","slug":"ruban-adhesif-de-masquage-3m-244","status":"publish","type":"product","link":"https:\/\/cardinal-tapes.com\/fr\/rubans-adh\u00e9sifs\/rubans-adhesifs-simple-face\/ruban-adhesif-de-masquage-3m-244\/","title":{"rendered":"3M\u2122 Ruban adh\u00e9sif de masquage Scotch\u00ae 244"},"content":{"rendered":"<p>Le ruban adh\u00e9sif de masquage 3M\u2122 244 Scotch\u00ae est un ruban adh\u00e9sif de masquage sp\u00e9cial de couleur dor\u00e9e avec un support papier fin. Gr\u00e2ce \u00e0 ses propri\u00e9t\u00e9s optimales en cas d&#8217;exposition au soleil, le ruban adh\u00e9sif de masquage est surtout utilis\u00e9 pour les travaux de masquage professionnels \u00e0 l&#8217;int\u00e9rieur et \u00e0 l&#8217;ext\u00e9rieur. En outre, le ruban adh\u00e9sif de masquage 3M\u2122 244 Scotch\u00ae est particuli\u00e8rement facile \u00e0 utiliser et extr\u00eamement r\u00e9sistant \u00e0 de nombreux facteurs environnementaux, ce qui le rend globalement utilisable dans de nombreux domaines d&#8217;application diff\u00e9rents.<\/p>\n<p><strong>Propri\u00e9t\u00e9s<\/strong><br \/>\nLe ruban adh\u00e9sif 244 r\u00e9siste au transfert d&#8217;adh\u00e9sif et \u00e0 des temp\u00e9ratures allant jusqu&#8217;\u00e0 100 \u00b0C. Il peut \u00eatre utilis\u00e9 dans des environnements difficiles. En outre, il r\u00e9siste aux intemp\u00e9ries, aux rayons UV, \u00e0 l&#8217;eau et au rayonnement solaire.<\/p>\n<p><strong>Applications<br \/>\n<\/strong>&#8211; Peindre et vernir en ext\u00e9rieur<br \/>\n&#8211; Couvrir avant les travaux de peinture dans le b\u00e2timent<br \/>\n&#8211; Peindre dans la construction m\u00e9tallique, en particulier pour les surfaces sensibles<br \/>\n&#8211; Couvrir lors de l&#8217;\u00e9tanch\u00e9ification des joints<\/p>\n","protected":false},"excerpt":{"rendered":"<p>Le ruban adh\u00e9sif de masquage 3M\u2122 244 Scotch\u00ae est un ruban adh\u00e9sif de masquage sp\u00e9cial de couleur dor\u00e9e avec un support papier fin. Gr\u00e2ce \u00e0 ses propri\u00e9t\u00e9s optimales en cas d&#8217;exposition au soleil, le ruban adh\u00e9sif de masquage est surtout utilis\u00e9 pour les travaux de masquage professionnels \u00e0 l&#8217;int\u00e9rieur et \u00e0 l&#8217;ext\u00e9rieur. En outre, le [&hellip;]<\/p>\n","protected":false},"featured_media":24340,"template":"","meta":{"_acf_changed":false},"pwb-brand":[2167],"product_brand":[],"product_cat":[1836],"product_tag":[],"class_list":{"0":"post-62600","1":"product","2":"type-product","3":"status-publish","4":"has-post-thumbnail","6":"pwb-brand-3m-fr","7":"product_cat-rubans-adhesifs-simple-face","9":"first","10":"instock","11":"taxable","12":"shipping-taxable","13":"purchasable","14":"product-type-variable"},"acf":[],"yoast_head":"<!-- This site is optimized with the Yoast SEO plugin v27.3 - https:\/\/yoast.com\/product\/yoast-seo-wordpress\/ -->\n<title>3M 244 Ruban adh\u00e9sif de masquage pour de meilleurs r\u00e9sultats | Cardinal TAPES<\/title>\n<meta name=\"description\" content=\"Le ruban adh\u00e9sif de masquage 3M\u2122 244 Scotch\u00ae est un ruban adh\u00e9sif de masquage sp\u00e9cial de couleur dor\u00e9e avec un support papier fin.\" \/>\n<meta name=\"robots\" content=\"index, follow, max-snippet:-1, max-image-preview:large, max-video-preview:-1\" \/>\n<link rel=\"canonical\" href=\"https:\/\/cardinal-tapes.com\/fr\/rubans-adh\u00e9sifs\/rubans-adhesifs-simple-face\/ruban-adhesif-de-masquage-3m-244\/\" \/>\n<meta property=\"og:locale\" content=\"fr_FR\" \/>\n<meta property=\"og:type\" content=\"article\" \/>\n<meta property=\"og:title\" content=\"3M 244 Ruban adh\u00e9sif de masquage pour de meilleurs r\u00e9sultats | Cardinal TAPES\" \/>\n<meta property=\"og:description\" content=\"Le ruban adh\u00e9sif de masquage 3M\u2122 244 Scotch\u00ae est un ruban adh\u00e9sif de masquage sp\u00e9cial de couleur dor\u00e9e avec un support papier fin.\" \/>\n<meta property=\"og:url\" content=\"https:\/\/cardinal-tapes.com\/fr\/rubans-adh\u00e9sifs\/rubans-adhesifs-simple-face\/ruban-adhesif-de-masquage-3m-244\/\" \/>\n<meta property=\"og:site_name\" content=\"cardinal TAPES\" \/>\n<meta property=\"article:modified_time\" content=\"2025-07-03T14:22:34+00:00\" \/>\n<meta property=\"og:image\" content=\"https:\/\/cardinal-tapes.com\/wp-content\/uploads\/3m_super_maler_abdeckband_244.jpg\" \/>\n\t<meta property=\"og:image:width\" content=\"600\" \/>\n\t<meta property=\"og:image:height\" content=\"600\" \/>\n\t<meta property=\"og:image:type\" content=\"image\/jpeg\" \/>\n<meta name=\"twitter:card\" content=\"summary_large_image\" \/>\n<meta name=\"twitter:label1\" content=\"Dur\u00e9e de lecture estim\u00e9e\" \/>\n\t<meta name=\"twitter:data1\" content=\"1 minute\" \/>\n<script type=\"application\/ld+json\" class=\"yoast-schema-graph\">{\"@context\":\"https:\\\/\\\/schema.org\",\"@graph\":[{\"@type\":\"WebPage\",\"@id\":\"https:\\\/\\\/cardinal-tapes.com\\\/fr\\\/rubans-adh\u00e9sifs\\\/rubans-adhesifs-simple-face\\\/ruban-adhesif-de-masquage-3m-244\\\/\",\"url\":\"https:\\\/\\\/cardinal-tapes.com\\\/fr\\\/rubans-adh\u00e9sifs\\\/rubans-adhesifs-simple-face\\\/ruban-adhesif-de-masquage-3m-244\\\/\",\"name\":\"3M 244 Ruban adh\u00e9sif de masquage pour de meilleurs r\u00e9sultats | Cardinal TAPES\",\"isPartOf\":{\"@id\":\"https:\\\/\\\/cardinal-tapes.com\\\/#website\"},\"primaryImageOfPage\":{\"@id\":\"https:\\\/\\\/cardinal-tapes.com\\\/fr\\\/rubans-adh\u00e9sifs\\\/rubans-adhesifs-simple-face\\\/ruban-adhesif-de-masquage-3m-244\\\/#primaryimage\"},\"image\":{\"@id\":\"https:\\\/\\\/cardinal-tapes.com\\\/fr\\\/rubans-adh\u00e9sifs\\\/rubans-adhesifs-simple-face\\\/ruban-adhesif-de-masquage-3m-244\\\/#primaryimage\"},\"thumbnailUrl\":\"https:\\\/\\\/cardinal-tapes.com\\\/wp-content\\\/uploads\\\/3m_super_maler_abdeckband_244.jpg\",\"datePublished\":\"2023-06-06T08:20:41+00:00\",\"dateModified\":\"2025-07-03T14:22:34+00:00\",\"description\":\"Le ruban adh\u00e9sif de masquage 3M\u2122 244 Scotch\u00ae est un ruban adh\u00e9sif de masquage sp\u00e9cial de couleur dor\u00e9e avec un support papier fin.\",\"breadcrumb\":{\"@id\":\"https:\\\/\\\/cardinal-tapes.com\\\/fr\\\/rubans-adh\u00e9sifs\\\/rubans-adhesifs-simple-face\\\/ruban-adhesif-de-masquage-3m-244\\\/#breadcrumb\"},\"inLanguage\":\"fr-FR\",\"potentialAction\":[{\"@type\":\"ReadAction\",\"target\":[\"https:\\\/\\\/cardinal-tapes.com\\\/fr\\\/rubans-adh\u00e9sifs\\\/rubans-adhesifs-simple-face\\\/ruban-adhesif-de-masquage-3m-244\\\/\"]}]},{\"@type\":\"ImageObject\",\"inLanguage\":\"fr-FR\",\"@id\":\"https:\\\/\\\/cardinal-tapes.com\\\/fr\\\/rubans-adh\u00e9sifs\\\/rubans-adhesifs-simple-face\\\/ruban-adhesif-de-masquage-3m-244\\\/#primaryimage\",\"url\":\"https:\\\/\\\/cardinal-tapes.com\\\/wp-content\\\/uploads\\\/3m_super_maler_abdeckband_244.jpg\",\"contentUrl\":\"https:\\\/\\\/cardinal-tapes.com\\\/wp-content\\\/uploads\\\/3m_super_maler_abdeckband_244.jpg\",\"width\":600,\"height\":600,\"caption\":\"3M ruban adh\u00e9sif de masquage 244\"},{\"@type\":\"BreadcrumbList\",\"@id\":\"https:\\\/\\\/cardinal-tapes.com\\\/fr\\\/rubans-adh\u00e9sifs\\\/rubans-adhesifs-simple-face\\\/ruban-adhesif-de-masquage-3m-244\\\/#breadcrumb\",\"itemListElement\":[{\"@type\":\"ListItem\",\"position\":1,\"name\":\"Startseite\",\"item\":\"https:\\\/\\\/cardinal-tapes.com\\\/fr\\\/accueil\\\/\"},{\"@type\":\"ListItem\",\"position\":2,\"name\":\"Rubans adh\u00e9sifs\",\"item\":\"https:\\\/\\\/cardinal-tapes.com\\\/fr\\\/rubans-adhesifs-fr\\\/\"},{\"@type\":\"ListItem\",\"position\":3,\"name\":\"Rubans adh\u00e9sifs simple face\",\"item\":\"https:\\\/\\\/cardinal-tapes.com\\\/fr\\\/catgorie\\\/rubans-adhesifs-simple-face\\\/\"},{\"@type\":\"ListItem\",\"position\":4,\"name\":\"3M\u2122 Ruban adh\u00e9sif de masquage Scotch\u00ae 244\"}]},{\"@type\":\"WebSite\",\"@id\":\"https:\\\/\\\/cardinal-tapes.com\\\/#website\",\"url\":\"https:\\\/\\\/cardinal-tapes.com\\\/\",\"name\":\"cardinal TAPES\",\"description\":\"Klebetechnik aus Wuppertal\",\"potentialAction\":[{\"@type\":\"SearchAction\",\"target\":{\"@type\":\"EntryPoint\",\"urlTemplate\":\"https:\\\/\\\/cardinal-tapes.com\\\/?s={search_term_string}\"},\"query-input\":{\"@type\":\"PropertyValueSpecification\",\"valueRequired\":true,\"valueName\":\"search_term_string\"}}],\"inLanguage\":\"fr-FR\"}]}<\/script>\n<!-- \/ Yoast SEO plugin. -->","yoast_head_json":{"title":"3M 244 Ruban adh\u00e9sif de masquage pour de meilleurs r\u00e9sultats | Cardinal TAPES","description":"Le ruban adh\u00e9sif de masquage 3M\u2122 244 Scotch\u00ae est un ruban adh\u00e9sif de masquage sp\u00e9cial de couleur dor\u00e9e avec un support papier fin.","robots":{"index":"index","follow":"follow","max-snippet":"max-snippet:-1","max-image-preview":"max-image-preview:large","max-video-preview":"max-video-preview:-1"},"canonical":"https:\/\/cardinal-tapes.com\/fr\/rubans-adh\u00e9sifs\/rubans-adhesifs-simple-face\/ruban-adhesif-de-masquage-3m-244\/","og_locale":"fr_FR","og_type":"article","og_title":"3M 244 Ruban adh\u00e9sif de masquage pour de meilleurs r\u00e9sultats | Cardinal TAPES","og_description":"Le ruban adh\u00e9sif de masquage 3M\u2122 244 Scotch\u00ae est un ruban adh\u00e9sif de masquage sp\u00e9cial de couleur dor\u00e9e avec un support papier fin.","og_url":"https:\/\/cardinal-tapes.com\/fr\/rubans-adh\u00e9sifs\/rubans-adhesifs-simple-face\/ruban-adhesif-de-masquage-3m-244\/","og_site_name":"cardinal TAPES","article_modified_time":"2025-07-03T14:22:34+00:00","og_image":[{"width":600,"height":600,"url":"https:\/\/cardinal-tapes.com\/wp-content\/uploads\/3m_super_maler_abdeckband_244.jpg","type":"image\/jpeg"}],"twitter_card":"summary_large_image","twitter_misc":{"Dur\u00e9e de lecture estim\u00e9e":"1 minute"},"schema":{"@context":"https:\/\/schema.org","@graph":[{"@type":"WebPage","@id":"https:\/\/cardinal-tapes.com\/fr\/rubans-adh\u00e9sifs\/rubans-adhesifs-simple-face\/ruban-adhesif-de-masquage-3m-244\/","url":"https:\/\/cardinal-tapes.com\/fr\/rubans-adh\u00e9sifs\/rubans-adhesifs-simple-face\/ruban-adhesif-de-masquage-3m-244\/","name":"3M 244 Ruban adh\u00e9sif de masquage pour de meilleurs r\u00e9sultats | Cardinal TAPES","isPartOf":{"@id":"https:\/\/cardinal-tapes.com\/#website"},"primaryImageOfPage":{"@id":"https:\/\/cardinal-tapes.com\/fr\/rubans-adh\u00e9sifs\/rubans-adhesifs-simple-face\/ruban-adhesif-de-masquage-3m-244\/#primaryimage"},"image":{"@id":"https:\/\/cardinal-tapes.com\/fr\/rubans-adh\u00e9sifs\/rubans-adhesifs-simple-face\/ruban-adhesif-de-masquage-3m-244\/#primaryimage"},"thumbnailUrl":"https:\/\/cardinal-tapes.com\/wp-content\/uploads\/3m_super_maler_abdeckband_244.jpg","datePublished":"2023-06-06T08:20:41+00:00","dateModified":"2025-07-03T14:22:34+00:00","description":"Le ruban adh\u00e9sif de masquage 3M\u2122 244 Scotch\u00ae est un ruban adh\u00e9sif de masquage sp\u00e9cial de couleur dor\u00e9e avec un support papier fin.","breadcrumb":{"@id":"https:\/\/cardinal-tapes.com\/fr\/rubans-adh\u00e9sifs\/rubans-adhesifs-simple-face\/ruban-adhesif-de-masquage-3m-244\/#breadcrumb"},"inLanguage":"fr-FR","potentialAction":[{"@type":"ReadAction","target":["https:\/\/cardinal-tapes.com\/fr\/rubans-adh\u00e9sifs\/rubans-adhesifs-simple-face\/ruban-adhesif-de-masquage-3m-244\/"]}]},{"@type":"ImageObject","inLanguage":"fr-FR","@id":"https:\/\/cardinal-tapes.com\/fr\/rubans-adh\u00e9sifs\/rubans-adhesifs-simple-face\/ruban-adhesif-de-masquage-3m-244\/#primaryimage","url":"https:\/\/cardinal-tapes.com\/wp-content\/uploads\/3m_super_maler_abdeckband_244.jpg","contentUrl":"https:\/\/cardinal-tapes.com\/wp-content\/uploads\/3m_super_maler_abdeckband_244.jpg","width":600,"height":600,"caption":"3M ruban adh\u00e9sif de masquage 244"},{"@type":"BreadcrumbList","@id":"https:\/\/cardinal-tapes.com\/fr\/rubans-adh\u00e9sifs\/rubans-adhesifs-simple-face\/ruban-adhesif-de-masquage-3m-244\/#breadcrumb","itemListElement":[{"@type":"ListItem","position":1,"name":"Startseite","item":"https:\/\/cardinal-tapes.com\/fr\/accueil\/"},{"@type":"ListItem","position":2,"name":"Rubans adh\u00e9sifs","item":"https:\/\/cardinal-tapes.com\/fr\/rubans-adhesifs-fr\/"},{"@type":"ListItem","position":3,"name":"Rubans adh\u00e9sifs simple face","item":"https:\/\/cardinal-tapes.com\/fr\/catgorie\/rubans-adhesifs-simple-face\/"},{"@type":"ListItem","position":4,"name":"3M\u2122 Ruban adh\u00e9sif de masquage Scotch\u00ae 244"}]},{"@type":"WebSite","@id":"https:\/\/cardinal-tapes.com\/#website","url":"https:\/\/cardinal-tapes.com\/","name":"cardinal TAPES","description":"Klebetechnik aus Wuppertal","potentialAction":[{"@type":"SearchAction","target":{"@type":"EntryPoint","urlTemplate":"https:\/\/cardinal-tapes.com\/?s={search_term_string}"},"query-input":{"@type":"PropertyValueSpecification","valueRequired":true,"valueName":"search_term_string"}}],"inLanguage":"fr-FR"}]}},"brands":[{"id":2167,"name":"3M","slug":"3m-fr"}],"_links":{"self":[{"href":"https:\/\/cardinal-tapes.com\/fr\/wp-json\/wp\/v2\/product\/62600","targetHints":{"allow":["GET"]}}],"collection":[{"href":"https:\/\/cardinal-tapes.com\/fr\/wp-json\/wp\/v2\/product"}],"about":[{"href":"https:\/\/cardinal-tapes.com\/fr\/wp-json\/wp\/v2\/types\/product"}],"wp:featuredmedia":[{"embeddable":true,"href":"https:\/\/cardinal-tapes.com\/fr\/wp-json\/wp\/v2\/media\/24340"}],"wp:attachment":[{"href":"https:\/\/cardinal-tapes.com\/fr\/wp-json\/wp\/v2\/media?parent=62600"}],"wp:term":[{"taxonomy":"pwb-brand","embeddable":true,"href":"https:\/\/cardinal-tapes.com\/fr\/wp-json\/wp\/v2\/pwb-brand?post=62600"},{"taxonomy":"product_brand","embeddable":true,"href":"https:\/\/cardinal-tapes.com\/fr\/wp-json\/wp\/v2\/product_brand?post=62600"},{"taxonomy":"product_cat","embeddable":true,"href":"https:\/\/cardinal-tapes.com\/fr\/wp-json\/wp\/v2\/product_cat?post=62600"},{"taxonomy":"product_tag","embeddable":true,"href":"https:\/\/cardinal-tapes.com\/fr\/wp-json\/wp\/v2\/product_tag?post=62600"}],"curies":[{"name":"wp","href":"https:\/\/api.w.org\/{rel}","templated":true}]}}