{"id":62582,"date":"2017-12-08T09:07:52","date_gmt":"2023-06-06T08:20:41","guid":{"rendered":"https:\/\/cardinal.pixel-tal.de\/klebebaender\/non%20class\u00e9\/3m-ruban-adhesif-crepe-2214\/"},"modified":"2025-07-03T16:27:55","modified_gmt":"2025-07-03T14:27:55","slug":"3m-kreppklebeband-2214","status":"publish","type":"product","link":"https:\/\/cardinal-tapes.com\/fr\/rubans-adh\u00e9sifs\/domaines-dapplication\/ruban-adhesif-en-papier\/3m-kreppklebeband-2214\/","title":{"rendered":"3M\u2122 Ruban adh\u00e9sif cr\u00eap\u00e9 2214"},"content":{"rendered":"<p><strong>D\u00e9sol\u00e9, ce produit n&#8217;est plus disponible. Nous nous ferons un plaisir de vous proposer une alternative adapt\u00e9e.<\/strong><\/p>\n<p>Le ruban adh\u00e9sif 3M\u2122 Highland 2214 utilise un adh\u00e9sif caoutchouc-r\u00e9sine sur un support papier finement cr\u00eap\u00e9. Ainsi, le ruban adh\u00e9sif adh\u00e8re imm\u00e9diatement et ne se d\u00e9colle pas des surfaces. De plus, il offre une grande adaptabilit\u00e9 et est particuli\u00e8rement fin. C&#8217;est pourquoi le ruban adh\u00e9sif cr\u00eap\u00e9 2214 est surtout utilis\u00e9 pour fixer des couvertures en papier, faire des paquets, fixer et maintenir. De plus, nous proposons le ruban adh\u00e9sif en diff\u00e9rentes largeurs, ce qui vous permet de choisir individuellement le produit adapt\u00e9 \u00e0 votre application.<\/p>\n<p><strong>Caract\u00e9ristiques<\/strong><br \/>\nLe ruban adh\u00e9sif cr\u00eap\u00e9 2214 est un ruban souple qui r\u00e9siste au pon\u00e7age humide et se caract\u00e9rise par une bonne aptitude \u00e0 l&#8217;enl\u00e8vement, m\u00eame sur des surfaces critiques. De plus, il r\u00e9siste bri\u00e8vement \u00e0 des temp\u00e9ratures allant jusqu&#8217;\u00e0 120\u00b0C (30 minutes).<\/p>\n<p><strong>Applications<\/strong><br \/>\n&#8211; Couvrir en peignant et en vernissant<\/p>\n","protected":false},"excerpt":{"rendered":"<p>D\u00e9sol\u00e9, ce produit n&#8217;est plus disponible. Nous nous ferons un plaisir de vous proposer une alternative adapt\u00e9e. Le ruban adh\u00e9sif 3M\u2122 Highland 2214 utilise un adh\u00e9sif caoutchouc-r\u00e9sine sur un support papier finement cr\u00eap\u00e9. Ainsi, le ruban adh\u00e9sif adh\u00e8re imm\u00e9diatement et ne se d\u00e9colle pas des surfaces. De plus, il offre une grande adaptabilit\u00e9 et est [&hellip;]<\/p>\n","protected":false},"featured_media":24468,"template":"","meta":{"_acf_changed":false},"pwb-brand":[2167],"product_brand":[],"product_cat":[1766,1836],"product_tag":[],"class_list":{"0":"post-62582","1":"product","2":"type-product","3":"status-publish","4":"has-post-thumbnail","6":"pwb-brand-3m-fr","7":"product_cat-ruban-adhesif-en-papier","8":"product_cat-rubans-adhesifs-simple-face","10":"first","11":"instock","12":"taxable","13":"shipping-taxable","14":"purchasable","15":"product-type-simple"},"acf":[],"yoast_head":"<!-- This site is optimized with the Yoast SEO plugin v27.3 - https:\/\/yoast.com\/product\/yoast-seo-wordpress\/ -->\n<title>3M ruban adh\u00e9sif cr\u00eap\u00e9 2214 | Cardinal TAPES<\/title>\n<meta name=\"description\" content=\"Le ruban adh\u00e9sif 3M Highland 2214 utilise un adh\u00e9sif caoutchouc-r\u00e9sine sur un support papier finement cr\u00eap\u00e9. En savoir plus ici.\" \/>\n<meta name=\"robots\" content=\"index, follow, max-snippet:-1, max-image-preview:large, max-video-preview:-1\" \/>\n<link rel=\"canonical\" href=\"https:\/\/cardinal-tapes.com\/fr\/rubans-adh\u00e9sifs\/domaines-dapplication\/ruban-adhesif-en-papier\/3m-kreppklebeband-2214\/\" \/>\n<meta property=\"og:locale\" content=\"fr_FR\" \/>\n<meta property=\"og:type\" content=\"article\" \/>\n<meta property=\"og:title\" content=\"3M ruban adh\u00e9sif cr\u00eap\u00e9 2214 | Cardinal TAPES\" \/>\n<meta property=\"og:description\" content=\"Le ruban adh\u00e9sif 3M Highland 2214 utilise un adh\u00e9sif caoutchouc-r\u00e9sine sur un support papier finement cr\u00eap\u00e9. En savoir plus ici.\" \/>\n<meta property=\"og:url\" content=\"https:\/\/cardinal-tapes.com\/fr\/rubans-adh\u00e9sifs\/domaines-dapplication\/ruban-adhesif-en-papier\/3m-kreppklebeband-2214\/\" \/>\n<meta property=\"og:site_name\" content=\"cardinal TAPES\" \/>\n<meta property=\"article:modified_time\" content=\"2025-07-03T14:27:55+00:00\" \/>\n<meta property=\"og:image\" content=\"https:\/\/cardinal-tapes.com\/wp-content\/uploads\/3m_highland_kreppklebeband_2214.jpg\" \/>\n\t<meta property=\"og:image:width\" content=\"600\" \/>\n\t<meta property=\"og:image:height\" content=\"600\" \/>\n\t<meta property=\"og:image:type\" content=\"image\/jpeg\" \/>\n<meta name=\"twitter:card\" content=\"summary_large_image\" \/>\n<meta name=\"twitter:label1\" content=\"Dur\u00e9e de lecture estim\u00e9e\" \/>\n\t<meta name=\"twitter:data1\" content=\"1 minute\" \/>\n<script type=\"application\/ld+json\" class=\"yoast-schema-graph\">{\"@context\":\"https:\\\/\\\/schema.org\",\"@graph\":[{\"@type\":\"WebPage\",\"@id\":\"https:\\\/\\\/cardinal-tapes.com\\\/fr\\\/rubans-adh\u00e9sifs\\\/domaines-dapplication\\\/ruban-adhesif-en-papier\\\/3m-kreppklebeband-2214\\\/\",\"url\":\"https:\\\/\\\/cardinal-tapes.com\\\/fr\\\/rubans-adh\u00e9sifs\\\/domaines-dapplication\\\/ruban-adhesif-en-papier\\\/3m-kreppklebeband-2214\\\/\",\"name\":\"3M ruban adh\u00e9sif cr\u00eap\u00e9 2214 | Cardinal TAPES\",\"isPartOf\":{\"@id\":\"https:\\\/\\\/cardinal-tapes.com\\\/#website\"},\"primaryImageOfPage\":{\"@id\":\"https:\\\/\\\/cardinal-tapes.com\\\/fr\\\/rubans-adh\u00e9sifs\\\/domaines-dapplication\\\/ruban-adhesif-en-papier\\\/3m-kreppklebeband-2214\\\/#primaryimage\"},\"image\":{\"@id\":\"https:\\\/\\\/cardinal-tapes.com\\\/fr\\\/rubans-adh\u00e9sifs\\\/domaines-dapplication\\\/ruban-adhesif-en-papier\\\/3m-kreppklebeband-2214\\\/#primaryimage\"},\"thumbnailUrl\":\"https:\\\/\\\/cardinal-tapes.com\\\/wp-content\\\/uploads\\\/3m_highland_kreppklebeband_2214.jpg\",\"datePublished\":\"2023-06-06T08:20:41+00:00\",\"dateModified\":\"2025-07-03T14:27:55+00:00\",\"description\":\"Le ruban adh\u00e9sif 3M Highland 2214 utilise un adh\u00e9sif caoutchouc-r\u00e9sine sur un support papier finement cr\u00eap\u00e9. En savoir plus ici.\",\"breadcrumb\":{\"@id\":\"https:\\\/\\\/cardinal-tapes.com\\\/fr\\\/rubans-adh\u00e9sifs\\\/domaines-dapplication\\\/ruban-adhesif-en-papier\\\/3m-kreppklebeband-2214\\\/#breadcrumb\"},\"inLanguage\":\"fr-FR\",\"potentialAction\":[{\"@type\":\"ReadAction\",\"target\":[\"https:\\\/\\\/cardinal-tapes.com\\\/fr\\\/rubans-adh\u00e9sifs\\\/domaines-dapplication\\\/ruban-adhesif-en-papier\\\/3m-kreppklebeband-2214\\\/\"]}]},{\"@type\":\"ImageObject\",\"inLanguage\":\"fr-FR\",\"@id\":\"https:\\\/\\\/cardinal-tapes.com\\\/fr\\\/rubans-adh\u00e9sifs\\\/domaines-dapplication\\\/ruban-adhesif-en-papier\\\/3m-kreppklebeband-2214\\\/#primaryimage\",\"url\":\"https:\\\/\\\/cardinal-tapes.com\\\/wp-content\\\/uploads\\\/3m_highland_kreppklebeband_2214.jpg\",\"contentUrl\":\"https:\\\/\\\/cardinal-tapes.com\\\/wp-content\\\/uploads\\\/3m_highland_kreppklebeband_2214.jpg\",\"width\":600,\"height\":600,\"caption\":\"Ruban adh\u00e9sif cr\u00eap\u00e9 3M 2214\"},{\"@type\":\"BreadcrumbList\",\"@id\":\"https:\\\/\\\/cardinal-tapes.com\\\/fr\\\/rubans-adh\u00e9sifs\\\/domaines-dapplication\\\/ruban-adhesif-en-papier\\\/3m-kreppklebeband-2214\\\/#breadcrumb\",\"itemListElement\":[{\"@type\":\"ListItem\",\"position\":1,\"name\":\"Startseite\",\"item\":\"https:\\\/\\\/cardinal-tapes.com\\\/fr\\\/accueil\\\/\"},{\"@type\":\"ListItem\",\"position\":2,\"name\":\"Rubans adh\u00e9sifs\",\"item\":\"https:\\\/\\\/cardinal-tapes.com\\\/fr\\\/rubans-adhesifs-fr\\\/\"},{\"@type\":\"ListItem\",\"position\":3,\"name\":\"Domaines d&#039;application\",\"item\":\"https:\\\/\\\/cardinal-tapes.com\\\/fr\\\/catgorie\\\/domaines-dapplication\\\/\"},{\"@type\":\"ListItem\",\"position\":4,\"name\":\"Ruban adh\u00e9sif en papier\",\"item\":\"https:\\\/\\\/cardinal-tapes.com\\\/fr\\\/catgorie\\\/ruban-adhesif-en-papier\\\/\"},{\"@type\":\"ListItem\",\"position\":5,\"name\":\"3M\u2122 Ruban adh\u00e9sif cr\u00eap\u00e9 2214\"}]},{\"@type\":\"WebSite\",\"@id\":\"https:\\\/\\\/cardinal-tapes.com\\\/#website\",\"url\":\"https:\\\/\\\/cardinal-tapes.com\\\/\",\"name\":\"cardinal TAPES\",\"description\":\"Klebetechnik aus Wuppertal\",\"potentialAction\":[{\"@type\":\"SearchAction\",\"target\":{\"@type\":\"EntryPoint\",\"urlTemplate\":\"https:\\\/\\\/cardinal-tapes.com\\\/?s={search_term_string}\"},\"query-input\":{\"@type\":\"PropertyValueSpecification\",\"valueRequired\":true,\"valueName\":\"search_term_string\"}}],\"inLanguage\":\"fr-FR\"}]}<\/script>\n<!-- \/ Yoast SEO plugin. -->","yoast_head_json":{"title":"3M ruban adh\u00e9sif cr\u00eap\u00e9 2214 | Cardinal TAPES","description":"Le ruban adh\u00e9sif 3M Highland 2214 utilise un adh\u00e9sif caoutchouc-r\u00e9sine sur un support papier finement cr\u00eap\u00e9. En savoir plus ici.","robots":{"index":"index","follow":"follow","max-snippet":"max-snippet:-1","max-image-preview":"max-image-preview:large","max-video-preview":"max-video-preview:-1"},"canonical":"https:\/\/cardinal-tapes.com\/fr\/rubans-adh\u00e9sifs\/domaines-dapplication\/ruban-adhesif-en-papier\/3m-kreppklebeband-2214\/","og_locale":"fr_FR","og_type":"article","og_title":"3M ruban adh\u00e9sif cr\u00eap\u00e9 2214 | Cardinal TAPES","og_description":"Le ruban adh\u00e9sif 3M Highland 2214 utilise un adh\u00e9sif caoutchouc-r\u00e9sine sur un support papier finement cr\u00eap\u00e9. En savoir plus ici.","og_url":"https:\/\/cardinal-tapes.com\/fr\/rubans-adh\u00e9sifs\/domaines-dapplication\/ruban-adhesif-en-papier\/3m-kreppklebeband-2214\/","og_site_name":"cardinal TAPES","article_modified_time":"2025-07-03T14:27:55+00:00","og_image":[{"width":600,"height":600,"url":"https:\/\/cardinal-tapes.com\/wp-content\/uploads\/3m_highland_kreppklebeband_2214.jpg","type":"image\/jpeg"}],"twitter_card":"summary_large_image","twitter_misc":{"Dur\u00e9e de lecture estim\u00e9e":"1 minute"},"schema":{"@context":"https:\/\/schema.org","@graph":[{"@type":"WebPage","@id":"https:\/\/cardinal-tapes.com\/fr\/rubans-adh\u00e9sifs\/domaines-dapplication\/ruban-adhesif-en-papier\/3m-kreppklebeband-2214\/","url":"https:\/\/cardinal-tapes.com\/fr\/rubans-adh\u00e9sifs\/domaines-dapplication\/ruban-adhesif-en-papier\/3m-kreppklebeband-2214\/","name":"3M ruban adh\u00e9sif cr\u00eap\u00e9 2214 | Cardinal TAPES","isPartOf":{"@id":"https:\/\/cardinal-tapes.com\/#website"},"primaryImageOfPage":{"@id":"https:\/\/cardinal-tapes.com\/fr\/rubans-adh\u00e9sifs\/domaines-dapplication\/ruban-adhesif-en-papier\/3m-kreppklebeband-2214\/#primaryimage"},"image":{"@id":"https:\/\/cardinal-tapes.com\/fr\/rubans-adh\u00e9sifs\/domaines-dapplication\/ruban-adhesif-en-papier\/3m-kreppklebeband-2214\/#primaryimage"},"thumbnailUrl":"https:\/\/cardinal-tapes.com\/wp-content\/uploads\/3m_highland_kreppklebeband_2214.jpg","datePublished":"2023-06-06T08:20:41+00:00","dateModified":"2025-07-03T14:27:55+00:00","description":"Le ruban adh\u00e9sif 3M Highland 2214 utilise un adh\u00e9sif caoutchouc-r\u00e9sine sur un support papier finement cr\u00eap\u00e9. En savoir plus ici.","breadcrumb":{"@id":"https:\/\/cardinal-tapes.com\/fr\/rubans-adh\u00e9sifs\/domaines-dapplication\/ruban-adhesif-en-papier\/3m-kreppklebeband-2214\/#breadcrumb"},"inLanguage":"fr-FR","potentialAction":[{"@type":"ReadAction","target":["https:\/\/cardinal-tapes.com\/fr\/rubans-adh\u00e9sifs\/domaines-dapplication\/ruban-adhesif-en-papier\/3m-kreppklebeband-2214\/"]}]},{"@type":"ImageObject","inLanguage":"fr-FR","@id":"https:\/\/cardinal-tapes.com\/fr\/rubans-adh\u00e9sifs\/domaines-dapplication\/ruban-adhesif-en-papier\/3m-kreppklebeband-2214\/#primaryimage","url":"https:\/\/cardinal-tapes.com\/wp-content\/uploads\/3m_highland_kreppklebeband_2214.jpg","contentUrl":"https:\/\/cardinal-tapes.com\/wp-content\/uploads\/3m_highland_kreppklebeband_2214.jpg","width":600,"height":600,"caption":"Ruban adh\u00e9sif cr\u00eap\u00e9 3M 2214"},{"@type":"BreadcrumbList","@id":"https:\/\/cardinal-tapes.com\/fr\/rubans-adh\u00e9sifs\/domaines-dapplication\/ruban-adhesif-en-papier\/3m-kreppklebeband-2214\/#breadcrumb","itemListElement":[{"@type":"ListItem","position":1,"name":"Startseite","item":"https:\/\/cardinal-tapes.com\/fr\/accueil\/"},{"@type":"ListItem","position":2,"name":"Rubans adh\u00e9sifs","item":"https:\/\/cardinal-tapes.com\/fr\/rubans-adhesifs-fr\/"},{"@type":"ListItem","position":3,"name":"Domaines d&#039;application","item":"https:\/\/cardinal-tapes.com\/fr\/catgorie\/domaines-dapplication\/"},{"@type":"ListItem","position":4,"name":"Ruban adh\u00e9sif en papier","item":"https:\/\/cardinal-tapes.com\/fr\/catgorie\/ruban-adhesif-en-papier\/"},{"@type":"ListItem","position":5,"name":"3M\u2122 Ruban adh\u00e9sif cr\u00eap\u00e9 2214"}]},{"@type":"WebSite","@id":"https:\/\/cardinal-tapes.com\/#website","url":"https:\/\/cardinal-tapes.com\/","name":"cardinal TAPES","description":"Klebetechnik aus Wuppertal","potentialAction":[{"@type":"SearchAction","target":{"@type":"EntryPoint","urlTemplate":"https:\/\/cardinal-tapes.com\/?s={search_term_string}"},"query-input":{"@type":"PropertyValueSpecification","valueRequired":true,"valueName":"search_term_string"}}],"inLanguage":"fr-FR"}]}},"brands":[{"id":2167,"name":"3M","slug":"3m-fr"}],"_links":{"self":[{"href":"https:\/\/cardinal-tapes.com\/fr\/wp-json\/wp\/v2\/product\/62582","targetHints":{"allow":["GET"]}}],"collection":[{"href":"https:\/\/cardinal-tapes.com\/fr\/wp-json\/wp\/v2\/product"}],"about":[{"href":"https:\/\/cardinal-tapes.com\/fr\/wp-json\/wp\/v2\/types\/product"}],"wp:featuredmedia":[{"embeddable":true,"href":"https:\/\/cardinal-tapes.com\/fr\/wp-json\/wp\/v2\/media\/24468"}],"wp:attachment":[{"href":"https:\/\/cardinal-tapes.com\/fr\/wp-json\/wp\/v2\/media?parent=62582"}],"wp:term":[{"taxonomy":"pwb-brand","embeddable":true,"href":"https:\/\/cardinal-tapes.com\/fr\/wp-json\/wp\/v2\/pwb-brand?post=62582"},{"taxonomy":"product_brand","embeddable":true,"href":"https:\/\/cardinal-tapes.com\/fr\/wp-json\/wp\/v2\/product_brand?post=62582"},{"taxonomy":"product_cat","embeddable":true,"href":"https:\/\/cardinal-tapes.com\/fr\/wp-json\/wp\/v2\/product_cat?post=62582"},{"taxonomy":"product_tag","embeddable":true,"href":"https:\/\/cardinal-tapes.com\/fr\/wp-json\/wp\/v2\/product_tag?post=62582"}],"curies":[{"name":"wp","href":"https:\/\/api.w.org\/{rel}","templated":true}]}}