{"id":62550,"date":"2017-12-08T09:00:37","date_gmt":"2023-06-06T08:20:40","guid":{"rendered":"https:\/\/cardinal.pixel-tal.de\/klebebaender\/non%20class\u00e9\/3m-ruban-adhesif-scotch-202\/"},"modified":"2025-07-10T13:15:52","modified_gmt":"2025-07-10T11:15:52","slug":"ruban-adhesif-scotch-202","status":"publish","type":"product","link":"https:\/\/cardinal-tapes.com\/fr\/rubans-adh\u00e9sifs\/domaines-dapplication\/ruban-adhesif-en-papier\/ruban-adhesif-scotch-202\/","title":{"rendered":"3M\u2122 Ruban adh\u00e9sif Scotch 202"},"content":{"rendered":"<p>Pour les travaux de collage g\u00e9n\u00e9raux, le ruban adh\u00e9sif 3M\u2122 Scotch 202 est parfaitement adapt\u00e9. Les avantages particuliers du ruban adh\u00e9sif en papier finement cr\u00eap\u00e9 sont avant tout la facilit\u00e9 de manipulation, une bonne r\u00e9sistance aux solvants, une bonne adh\u00e9rence imm\u00e9diate et une grande r\u00e9sistance \u00e0 la d\u00e9chirure. Cela permet un masquage facile dans les courbes. Diff\u00e9rentes largeurs de rouleaux sont disponibles sur demande.<\/p>\n<p><strong>Propri\u00e9t\u00e9s<\/strong><br \/>\nLe ruban adh\u00e9sif 202 est un ruban souple qui r\u00e9siste au pon\u00e7age humide et se caract\u00e9rise par une bonne aptitude \u00e0 l&#8217;enl\u00e8vement, m\u00eame sur des surfaces critiques comme les joints EPDM. De plus, il r\u00e9siste bri\u00e8vement \u00e0 des temp\u00e9ratures allant jusqu&#8217;\u00e0 120\u00b0C (30 minutes).<\/p>\n<p><strong>Applications<\/strong><br \/>\n&#8211; Couvrir en peignant et en vernissant<\/p>\n","protected":false},"excerpt":{"rendered":"<p>Pour les travaux de collage g\u00e9n\u00e9raux, le ruban adh\u00e9sif 3M\u2122 Scotch 202 est parfaitement adapt\u00e9. Les avantages particuliers du ruban adh\u00e9sif en papier finement cr\u00eap\u00e9 sont avant tout la facilit\u00e9 de manipulation, une bonne r\u00e9sistance aux solvants, une bonne adh\u00e9rence imm\u00e9diate et une grande r\u00e9sistance \u00e0 la d\u00e9chirure. Cela permet un masquage facile dans les [&hellip;]<\/p>\n","protected":false},"featured_media":24344,"template":"","meta":{"_acf_changed":false},"pwb-brand":[2167],"product_brand":[],"product_cat":[1766,1836],"product_tag":[],"class_list":{"0":"post-62550","1":"product","2":"type-product","3":"status-publish","4":"has-post-thumbnail","6":"pwb-brand-3m-fr","7":"product_cat-ruban-adhesif-en-papier","8":"product_cat-rubans-adhesifs-simple-face","10":"first","11":"instock","12":"taxable","13":"shipping-taxable","14":"purchasable","15":"product-type-variable"},"acf":[],"yoast_head":"<!-- This site is optimized with the Yoast SEO plugin v27.3 - https:\/\/yoast.com\/product\/yoast-seo-wordpress\/ -->\n<title>3M Scotch ruban adh\u00e9sif 202 | Cardinal TAPES<\/title>\n<meta name=\"description\" content=\"Pour les travaux de collage g\u00e9n\u00e9raux, le ruban adh\u00e9sif Scotch 202 convient parfaitement. Apprenez-en plus sur le ruban adh\u00e9sif de 3M ici.\" \/>\n<meta name=\"robots\" content=\"index, follow, max-snippet:-1, max-image-preview:large, max-video-preview:-1\" \/>\n<link rel=\"canonical\" href=\"https:\/\/cardinal-tapes.com\/fr\/rubans-adh\u00e9sifs\/domaines-dapplication\/ruban-adhesif-en-papier\/ruban-adhesif-scotch-202\/\" \/>\n<meta property=\"og:locale\" content=\"fr_FR\" \/>\n<meta property=\"og:type\" content=\"article\" \/>\n<meta property=\"og:title\" content=\"3M Scotch ruban adh\u00e9sif 202 | Cardinal TAPES\" \/>\n<meta property=\"og:description\" content=\"Pour les travaux de collage g\u00e9n\u00e9raux, le ruban adh\u00e9sif Scotch 202 convient parfaitement. Apprenez-en plus sur le ruban adh\u00e9sif de 3M ici.\" \/>\n<meta property=\"og:url\" content=\"https:\/\/cardinal-tapes.com\/fr\/rubans-adh\u00e9sifs\/domaines-dapplication\/ruban-adhesif-en-papier\/ruban-adhesif-scotch-202\/\" \/>\n<meta property=\"og:site_name\" content=\"cardinal TAPES\" \/>\n<meta property=\"article:modified_time\" content=\"2025-07-10T11:15:52+00:00\" \/>\n<meta property=\"og:image\" content=\"https:\/\/cardinal-tapes.com\/wp-content\/uploads\/3m_scotch_papierklebeband_202.jpg\" \/>\n\t<meta property=\"og:image:width\" content=\"600\" \/>\n\t<meta property=\"og:image:height\" content=\"600\" \/>\n\t<meta property=\"og:image:type\" content=\"image\/jpeg\" \/>\n<meta name=\"twitter:card\" content=\"summary_large_image\" \/>\n<meta name=\"twitter:label1\" content=\"Dur\u00e9e de lecture estim\u00e9e\" \/>\n\t<meta name=\"twitter:data1\" content=\"1 minute\" \/>\n<script type=\"application\/ld+json\" class=\"yoast-schema-graph\">{\"@context\":\"https:\\\/\\\/schema.org\",\"@graph\":[{\"@type\":\"WebPage\",\"@id\":\"https:\\\/\\\/cardinal-tapes.com\\\/fr\\\/rubans-adh\u00e9sifs\\\/domaines-dapplication\\\/ruban-adhesif-en-papier\\\/ruban-adhesif-scotch-202\\\/\",\"url\":\"https:\\\/\\\/cardinal-tapes.com\\\/fr\\\/rubans-adh\u00e9sifs\\\/domaines-dapplication\\\/ruban-adhesif-en-papier\\\/ruban-adhesif-scotch-202\\\/\",\"name\":\"3M Scotch ruban adh\u00e9sif 202 | Cardinal TAPES\",\"isPartOf\":{\"@id\":\"https:\\\/\\\/cardinal-tapes.com\\\/#website\"},\"primaryImageOfPage\":{\"@id\":\"https:\\\/\\\/cardinal-tapes.com\\\/fr\\\/rubans-adh\u00e9sifs\\\/domaines-dapplication\\\/ruban-adhesif-en-papier\\\/ruban-adhesif-scotch-202\\\/#primaryimage\"},\"image\":{\"@id\":\"https:\\\/\\\/cardinal-tapes.com\\\/fr\\\/rubans-adh\u00e9sifs\\\/domaines-dapplication\\\/ruban-adhesif-en-papier\\\/ruban-adhesif-scotch-202\\\/#primaryimage\"},\"thumbnailUrl\":\"https:\\\/\\\/cardinal-tapes.com\\\/wp-content\\\/uploads\\\/3m_scotch_papierklebeband_202.jpg\",\"datePublished\":\"2023-06-06T08:20:40+00:00\",\"dateModified\":\"2025-07-10T11:15:52+00:00\",\"description\":\"Pour les travaux de collage g\u00e9n\u00e9raux, le ruban adh\u00e9sif Scotch 202 convient parfaitement. Apprenez-en plus sur le ruban adh\u00e9sif de 3M ici.\",\"breadcrumb\":{\"@id\":\"https:\\\/\\\/cardinal-tapes.com\\\/fr\\\/rubans-adh\u00e9sifs\\\/domaines-dapplication\\\/ruban-adhesif-en-papier\\\/ruban-adhesif-scotch-202\\\/#breadcrumb\"},\"inLanguage\":\"fr-FR\",\"potentialAction\":[{\"@type\":\"ReadAction\",\"target\":[\"https:\\\/\\\/cardinal-tapes.com\\\/fr\\\/rubans-adh\u00e9sifs\\\/domaines-dapplication\\\/ruban-adhesif-en-papier\\\/ruban-adhesif-scotch-202\\\/\"]}]},{\"@type\":\"ImageObject\",\"inLanguage\":\"fr-FR\",\"@id\":\"https:\\\/\\\/cardinal-tapes.com\\\/fr\\\/rubans-adh\u00e9sifs\\\/domaines-dapplication\\\/ruban-adhesif-en-papier\\\/ruban-adhesif-scotch-202\\\/#primaryimage\",\"url\":\"https:\\\/\\\/cardinal-tapes.com\\\/wp-content\\\/uploads\\\/3m_scotch_papierklebeband_202.jpg\",\"contentUrl\":\"https:\\\/\\\/cardinal-tapes.com\\\/wp-content\\\/uploads\\\/3m_scotch_papierklebeband_202.jpg\",\"width\":600,\"height\":600,\"caption\":\"Ruban adh\u00e9sif papier 3M Scotch 202\"},{\"@type\":\"BreadcrumbList\",\"@id\":\"https:\\\/\\\/cardinal-tapes.com\\\/fr\\\/rubans-adh\u00e9sifs\\\/domaines-dapplication\\\/ruban-adhesif-en-papier\\\/ruban-adhesif-scotch-202\\\/#breadcrumb\",\"itemListElement\":[{\"@type\":\"ListItem\",\"position\":1,\"name\":\"Startseite\",\"item\":\"https:\\\/\\\/cardinal-tapes.com\\\/fr\\\/accueil\\\/\"},{\"@type\":\"ListItem\",\"position\":2,\"name\":\"Rubans adh\u00e9sifs\",\"item\":\"https:\\\/\\\/cardinal-tapes.com\\\/fr\\\/rubans-adhesifs-fr\\\/\"},{\"@type\":\"ListItem\",\"position\":3,\"name\":\"Domaines d&#039;application\",\"item\":\"https:\\\/\\\/cardinal-tapes.com\\\/fr\\\/catgorie\\\/domaines-dapplication\\\/\"},{\"@type\":\"ListItem\",\"position\":4,\"name\":\"Ruban adh\u00e9sif en papier\",\"item\":\"https:\\\/\\\/cardinal-tapes.com\\\/fr\\\/catgorie\\\/ruban-adhesif-en-papier\\\/\"},{\"@type\":\"ListItem\",\"position\":5,\"name\":\"3M\u2122 Ruban adh\u00e9sif Scotch 202\"}]},{\"@type\":\"WebSite\",\"@id\":\"https:\\\/\\\/cardinal-tapes.com\\\/#website\",\"url\":\"https:\\\/\\\/cardinal-tapes.com\\\/\",\"name\":\"cardinal TAPES\",\"description\":\"Klebetechnik aus Wuppertal\",\"potentialAction\":[{\"@type\":\"SearchAction\",\"target\":{\"@type\":\"EntryPoint\",\"urlTemplate\":\"https:\\\/\\\/cardinal-tapes.com\\\/?s={search_term_string}\"},\"query-input\":{\"@type\":\"PropertyValueSpecification\",\"valueRequired\":true,\"valueName\":\"search_term_string\"}}],\"inLanguage\":\"fr-FR\"}]}<\/script>\n<!-- \/ Yoast SEO plugin. -->","yoast_head_json":{"title":"3M Scotch ruban adh\u00e9sif 202 | Cardinal TAPES","description":"Pour les travaux de collage g\u00e9n\u00e9raux, le ruban adh\u00e9sif Scotch 202 convient parfaitement. Apprenez-en plus sur le ruban adh\u00e9sif de 3M ici.","robots":{"index":"index","follow":"follow","max-snippet":"max-snippet:-1","max-image-preview":"max-image-preview:large","max-video-preview":"max-video-preview:-1"},"canonical":"https:\/\/cardinal-tapes.com\/fr\/rubans-adh\u00e9sifs\/domaines-dapplication\/ruban-adhesif-en-papier\/ruban-adhesif-scotch-202\/","og_locale":"fr_FR","og_type":"article","og_title":"3M Scotch ruban adh\u00e9sif 202 | Cardinal TAPES","og_description":"Pour les travaux de collage g\u00e9n\u00e9raux, le ruban adh\u00e9sif Scotch 202 convient parfaitement. Apprenez-en plus sur le ruban adh\u00e9sif de 3M ici.","og_url":"https:\/\/cardinal-tapes.com\/fr\/rubans-adh\u00e9sifs\/domaines-dapplication\/ruban-adhesif-en-papier\/ruban-adhesif-scotch-202\/","og_site_name":"cardinal TAPES","article_modified_time":"2025-07-10T11:15:52+00:00","og_image":[{"width":600,"height":600,"url":"https:\/\/cardinal-tapes.com\/wp-content\/uploads\/3m_scotch_papierklebeband_202.jpg","type":"image\/jpeg"}],"twitter_card":"summary_large_image","twitter_misc":{"Dur\u00e9e de lecture estim\u00e9e":"1 minute"},"schema":{"@context":"https:\/\/schema.org","@graph":[{"@type":"WebPage","@id":"https:\/\/cardinal-tapes.com\/fr\/rubans-adh\u00e9sifs\/domaines-dapplication\/ruban-adhesif-en-papier\/ruban-adhesif-scotch-202\/","url":"https:\/\/cardinal-tapes.com\/fr\/rubans-adh\u00e9sifs\/domaines-dapplication\/ruban-adhesif-en-papier\/ruban-adhesif-scotch-202\/","name":"3M Scotch ruban adh\u00e9sif 202 | Cardinal TAPES","isPartOf":{"@id":"https:\/\/cardinal-tapes.com\/#website"},"primaryImageOfPage":{"@id":"https:\/\/cardinal-tapes.com\/fr\/rubans-adh\u00e9sifs\/domaines-dapplication\/ruban-adhesif-en-papier\/ruban-adhesif-scotch-202\/#primaryimage"},"image":{"@id":"https:\/\/cardinal-tapes.com\/fr\/rubans-adh\u00e9sifs\/domaines-dapplication\/ruban-adhesif-en-papier\/ruban-adhesif-scotch-202\/#primaryimage"},"thumbnailUrl":"https:\/\/cardinal-tapes.com\/wp-content\/uploads\/3m_scotch_papierklebeband_202.jpg","datePublished":"2023-06-06T08:20:40+00:00","dateModified":"2025-07-10T11:15:52+00:00","description":"Pour les travaux de collage g\u00e9n\u00e9raux, le ruban adh\u00e9sif Scotch 202 convient parfaitement. Apprenez-en plus sur le ruban adh\u00e9sif de 3M ici.","breadcrumb":{"@id":"https:\/\/cardinal-tapes.com\/fr\/rubans-adh\u00e9sifs\/domaines-dapplication\/ruban-adhesif-en-papier\/ruban-adhesif-scotch-202\/#breadcrumb"},"inLanguage":"fr-FR","potentialAction":[{"@type":"ReadAction","target":["https:\/\/cardinal-tapes.com\/fr\/rubans-adh\u00e9sifs\/domaines-dapplication\/ruban-adhesif-en-papier\/ruban-adhesif-scotch-202\/"]}]},{"@type":"ImageObject","inLanguage":"fr-FR","@id":"https:\/\/cardinal-tapes.com\/fr\/rubans-adh\u00e9sifs\/domaines-dapplication\/ruban-adhesif-en-papier\/ruban-adhesif-scotch-202\/#primaryimage","url":"https:\/\/cardinal-tapes.com\/wp-content\/uploads\/3m_scotch_papierklebeband_202.jpg","contentUrl":"https:\/\/cardinal-tapes.com\/wp-content\/uploads\/3m_scotch_papierklebeband_202.jpg","width":600,"height":600,"caption":"Ruban adh\u00e9sif papier 3M Scotch 202"},{"@type":"BreadcrumbList","@id":"https:\/\/cardinal-tapes.com\/fr\/rubans-adh\u00e9sifs\/domaines-dapplication\/ruban-adhesif-en-papier\/ruban-adhesif-scotch-202\/#breadcrumb","itemListElement":[{"@type":"ListItem","position":1,"name":"Startseite","item":"https:\/\/cardinal-tapes.com\/fr\/accueil\/"},{"@type":"ListItem","position":2,"name":"Rubans adh\u00e9sifs","item":"https:\/\/cardinal-tapes.com\/fr\/rubans-adhesifs-fr\/"},{"@type":"ListItem","position":3,"name":"Domaines d&#039;application","item":"https:\/\/cardinal-tapes.com\/fr\/catgorie\/domaines-dapplication\/"},{"@type":"ListItem","position":4,"name":"Ruban adh\u00e9sif en papier","item":"https:\/\/cardinal-tapes.com\/fr\/catgorie\/ruban-adhesif-en-papier\/"},{"@type":"ListItem","position":5,"name":"3M\u2122 Ruban adh\u00e9sif Scotch 202"}]},{"@type":"WebSite","@id":"https:\/\/cardinal-tapes.com\/#website","url":"https:\/\/cardinal-tapes.com\/","name":"cardinal TAPES","description":"Klebetechnik aus Wuppertal","potentialAction":[{"@type":"SearchAction","target":{"@type":"EntryPoint","urlTemplate":"https:\/\/cardinal-tapes.com\/?s={search_term_string}"},"query-input":{"@type":"PropertyValueSpecification","valueRequired":true,"valueName":"search_term_string"}}],"inLanguage":"fr-FR"}]}},"brands":[{"id":2167,"name":"3M","slug":"3m-fr"}],"_links":{"self":[{"href":"https:\/\/cardinal-tapes.com\/fr\/wp-json\/wp\/v2\/product\/62550","targetHints":{"allow":["GET"]}}],"collection":[{"href":"https:\/\/cardinal-tapes.com\/fr\/wp-json\/wp\/v2\/product"}],"about":[{"href":"https:\/\/cardinal-tapes.com\/fr\/wp-json\/wp\/v2\/types\/product"}],"wp:featuredmedia":[{"embeddable":true,"href":"https:\/\/cardinal-tapes.com\/fr\/wp-json\/wp\/v2\/media\/24344"}],"wp:attachment":[{"href":"https:\/\/cardinal-tapes.com\/fr\/wp-json\/wp\/v2\/media?parent=62550"}],"wp:term":[{"taxonomy":"pwb-brand","embeddable":true,"href":"https:\/\/cardinal-tapes.com\/fr\/wp-json\/wp\/v2\/pwb-brand?post=62550"},{"taxonomy":"product_brand","embeddable":true,"href":"https:\/\/cardinal-tapes.com\/fr\/wp-json\/wp\/v2\/product_brand?post=62550"},{"taxonomy":"product_cat","embeddable":true,"href":"https:\/\/cardinal-tapes.com\/fr\/wp-json\/wp\/v2\/product_cat?post=62550"},{"taxonomy":"product_tag","embeddable":true,"href":"https:\/\/cardinal-tapes.com\/fr\/wp-json\/wp\/v2\/product_tag?post=62550"}],"curies":[{"name":"wp","href":"https:\/\/api.w.org\/{rel}","templated":true}]}}