{"id":62527,"date":"2017-12-08T09:06:20","date_gmt":"2023-06-06T08:20:40","guid":{"rendered":"https:\/\/cardinal.pixel-tal.de\/klebebaender\/non%20class\u00e9\/3m-ruban-adhesif-1104\/"},"modified":"2025-07-03T16:25:31","modified_gmt":"2025-07-03T14:25:31","slug":"3m-bande-adhesive-1104","status":"publish","type":"product","link":"https:\/\/cardinal-tapes.com\/fr\/rubans-adh\u00e9sifs\/domaines-dapplication\/ruban-de-masquage-pour-peinture\/3m-bande-adhesive-1104\/","title":{"rendered":"3M\u2122 Ruban adh\u00e9sif 1104"},"content":{"rendered":"<p>Le ruban adh\u00e9sif 3M\u2122 Scotch 1104 est surtout utilis\u00e9 sur des mat\u00e9riaux sensibles, comme le titane, le m\u00e9tal anodis\u00e9 ou le bois trait\u00e9. C&#8217;est surtout le fait de pouvoir \u00eatre d\u00e9coll\u00e9 sans laisser de traces qui permet ces utilisations particuli\u00e8res. En m\u00eame temps, le ruban adh\u00e9sif est tr\u00e8s fin et pourtant r\u00e9sistant \u00e0 la d\u00e9chirure. La r\u00e9sistance \u00e0 la temp\u00e9rature jusqu&#8217;\u00e0 135 \u00b0C garantit en outre que le ruban adh\u00e9sif Scotch peut \u00eatre utilis\u00e9 dans des zones o\u00f9 r\u00e8gnent des temp\u00e9ratures \u00e9lev\u00e9es.<\/p>\n<p><strong>Caract\u00e9ristiques<\/strong><br \/>\nLe ruban adh\u00e9sif 1104 se caract\u00e9rise par une tr\u00e8s bonne adaptabilit\u00e9 et une bonne r\u00e9sistance aux solvants. De plus, il est tr\u00e8s r\u00e9sistant \u00e0 la temp\u00e9rature et, malgr\u00e9 la bonne adh\u00e9rence de l&#8217;adh\u00e9sif, il peut \u00eatre retir\u00e9 sans laisser de traces.<\/p>\n<p><strong>Applications<\/strong><br \/>\n&#8211; Convient pour une utilisation sur des mat\u00e9riaux sensibles, tels que les m\u00e9taux anodis\u00e9s\/anodis\u00e9s, le bois trait\u00e9 ou d&#8217;autres surfaces critiques<br \/>\n&#8211; Travaux de peinture en tout genre<\/p>\n<p>&nbsp;<\/p>\n","protected":false},"excerpt":{"rendered":"<p>Le ruban adh\u00e9sif 3M\u2122 Scotch 1104 est surtout utilis\u00e9 sur des mat\u00e9riaux sensibles, comme le titane, le m\u00e9tal anodis\u00e9 ou le bois trait\u00e9. C&#8217;est surtout le fait de pouvoir \u00eatre d\u00e9coll\u00e9 sans laisser de traces qui permet ces utilisations particuli\u00e8res. En m\u00eame temps, le ruban adh\u00e9sif est tr\u00e8s fin et pourtant r\u00e9sistant \u00e0 la d\u00e9chirure. [&hellip;]<\/p>\n","protected":false},"featured_media":24472,"template":"","meta":{"_acf_changed":false},"pwb-brand":[2167],"product_brand":[],"product_cat":[1739,1836],"product_tag":[],"class_list":{"0":"post-62527","1":"product","2":"type-product","3":"status-publish","4":"has-post-thumbnail","6":"pwb-brand-3m-fr","7":"product_cat-ruban-de-masquage-pour-peinture","8":"product_cat-rubans-adhesifs-simple-face","10":"first","11":"instock","12":"taxable","13":"shipping-taxable","14":"purchasable","15":"product-type-variable"},"acf":[],"yoast_head":"<!-- This site is optimized with the Yoast SEO plugin v27.3 - https:\/\/yoast.com\/product\/yoast-seo-wordpress\/ -->\n<title>3M ruban adh\u00e9sif 1104 | Cardinal TAPES<\/title>\n<meta name=\"description\" content=\"Le ruban adh\u00e9sif Scotch 1104 est surtout utilis\u00e9 sur des mat\u00e9riaux sensibles, comme le titane, le m\u00e9tal anodis\u00e9 ou le bois trait\u00e9. En savoir plus.\" \/>\n<meta name=\"robots\" content=\"index, follow, max-snippet:-1, max-image-preview:large, max-video-preview:-1\" \/>\n<link rel=\"canonical\" href=\"https:\/\/cardinal-tapes.com\/fr\/rubans-adh\u00e9sifs\/domaines-dapplication\/ruban-de-masquage-pour-peinture\/3m-bande-adhesive-1104\/\" \/>\n<meta property=\"og:locale\" content=\"fr_FR\" \/>\n<meta property=\"og:type\" content=\"article\" \/>\n<meta property=\"og:title\" content=\"3M ruban adh\u00e9sif 1104 | Cardinal TAPES\" \/>\n<meta property=\"og:description\" content=\"Le ruban adh\u00e9sif Scotch 1104 est surtout utilis\u00e9 sur des mat\u00e9riaux sensibles, comme le titane, le m\u00e9tal anodis\u00e9 ou le bois trait\u00e9. En savoir plus.\" \/>\n<meta property=\"og:url\" content=\"https:\/\/cardinal-tapes.com\/fr\/rubans-adh\u00e9sifs\/domaines-dapplication\/ruban-de-masquage-pour-peinture\/3m-bande-adhesive-1104\/\" \/>\n<meta property=\"og:site_name\" content=\"cardinal TAPES\" \/>\n<meta property=\"article:modified_time\" content=\"2025-07-03T14:25:31+00:00\" \/>\n<meta property=\"og:image\" content=\"https:\/\/cardinal-tapes.com\/wp-content\/uploads\/3m_scotch_spezial_lackier_abdeckband_1104.jpg\" \/>\n\t<meta property=\"og:image:width\" content=\"600\" \/>\n\t<meta property=\"og:image:height\" content=\"600\" \/>\n\t<meta property=\"og:image:type\" content=\"image\/jpeg\" \/>\n<meta name=\"twitter:card\" content=\"summary_large_image\" \/>\n<meta name=\"twitter:label1\" content=\"Dur\u00e9e de lecture estim\u00e9e\" \/>\n\t<meta name=\"twitter:data1\" content=\"1 minute\" \/>\n<script type=\"application\/ld+json\" class=\"yoast-schema-graph\">{\"@context\":\"https:\\\/\\\/schema.org\",\"@graph\":[{\"@type\":\"WebPage\",\"@id\":\"https:\\\/\\\/cardinal-tapes.com\\\/fr\\\/rubans-adh\u00e9sifs\\\/domaines-dapplication\\\/ruban-de-masquage-pour-peinture\\\/3m-bande-adhesive-1104\\\/\",\"url\":\"https:\\\/\\\/cardinal-tapes.com\\\/fr\\\/rubans-adh\u00e9sifs\\\/domaines-dapplication\\\/ruban-de-masquage-pour-peinture\\\/3m-bande-adhesive-1104\\\/\",\"name\":\"3M ruban adh\u00e9sif 1104 | Cardinal TAPES\",\"isPartOf\":{\"@id\":\"https:\\\/\\\/cardinal-tapes.com\\\/#website\"},\"primaryImageOfPage\":{\"@id\":\"https:\\\/\\\/cardinal-tapes.com\\\/fr\\\/rubans-adh\u00e9sifs\\\/domaines-dapplication\\\/ruban-de-masquage-pour-peinture\\\/3m-bande-adhesive-1104\\\/#primaryimage\"},\"image\":{\"@id\":\"https:\\\/\\\/cardinal-tapes.com\\\/fr\\\/rubans-adh\u00e9sifs\\\/domaines-dapplication\\\/ruban-de-masquage-pour-peinture\\\/3m-bande-adhesive-1104\\\/#primaryimage\"},\"thumbnailUrl\":\"https:\\\/\\\/cardinal-tapes.com\\\/wp-content\\\/uploads\\\/3m_scotch_spezial_lackier_abdeckband_1104.jpg\",\"datePublished\":\"2023-06-06T08:20:40+00:00\",\"dateModified\":\"2025-07-03T14:25:31+00:00\",\"description\":\"Le ruban adh\u00e9sif Scotch 1104 est surtout utilis\u00e9 sur des mat\u00e9riaux sensibles, comme le titane, le m\u00e9tal anodis\u00e9 ou le bois trait\u00e9. En savoir plus.\",\"breadcrumb\":{\"@id\":\"https:\\\/\\\/cardinal-tapes.com\\\/fr\\\/rubans-adh\u00e9sifs\\\/domaines-dapplication\\\/ruban-de-masquage-pour-peinture\\\/3m-bande-adhesive-1104\\\/#breadcrumb\"},\"inLanguage\":\"fr-FR\",\"potentialAction\":[{\"@type\":\"ReadAction\",\"target\":[\"https:\\\/\\\/cardinal-tapes.com\\\/fr\\\/rubans-adh\u00e9sifs\\\/domaines-dapplication\\\/ruban-de-masquage-pour-peinture\\\/3m-bande-adhesive-1104\\\/\"]}]},{\"@type\":\"ImageObject\",\"inLanguage\":\"fr-FR\",\"@id\":\"https:\\\/\\\/cardinal-tapes.com\\\/fr\\\/rubans-adh\u00e9sifs\\\/domaines-dapplication\\\/ruban-de-masquage-pour-peinture\\\/3m-bande-adhesive-1104\\\/#primaryimage\",\"url\":\"https:\\\/\\\/cardinal-tapes.com\\\/wp-content\\\/uploads\\\/3m_scotch_spezial_lackier_abdeckband_1104.jpg\",\"contentUrl\":\"https:\\\/\\\/cardinal-tapes.com\\\/wp-content\\\/uploads\\\/3m_scotch_spezial_lackier_abdeckband_1104.jpg\",\"width\":600,\"height\":600,\"caption\":\"Ruban adh\u00e9sif de masquage 3M Scotch\"},{\"@type\":\"BreadcrumbList\",\"@id\":\"https:\\\/\\\/cardinal-tapes.com\\\/fr\\\/rubans-adh\u00e9sifs\\\/domaines-dapplication\\\/ruban-de-masquage-pour-peinture\\\/3m-bande-adhesive-1104\\\/#breadcrumb\",\"itemListElement\":[{\"@type\":\"ListItem\",\"position\":1,\"name\":\"Startseite\",\"item\":\"https:\\\/\\\/cardinal-tapes.com\\\/fr\\\/accueil\\\/\"},{\"@type\":\"ListItem\",\"position\":2,\"name\":\"Rubans adh\u00e9sifs\",\"item\":\"https:\\\/\\\/cardinal-tapes.com\\\/fr\\\/rubans-adhesifs-fr\\\/\"},{\"@type\":\"ListItem\",\"position\":3,\"name\":\"Domaines d&#039;application\",\"item\":\"https:\\\/\\\/cardinal-tapes.com\\\/fr\\\/catgorie\\\/domaines-dapplication\\\/\"},{\"@type\":\"ListItem\",\"position\":4,\"name\":\"Ruban de masquage pour peinture\",\"item\":\"https:\\\/\\\/cardinal-tapes.com\\\/fr\\\/catgorie\\\/ruban-de-masquage-pour-peinture\\\/\"},{\"@type\":\"ListItem\",\"position\":5,\"name\":\"3M\u2122 Ruban adh\u00e9sif 1104\"}]},{\"@type\":\"WebSite\",\"@id\":\"https:\\\/\\\/cardinal-tapes.com\\\/#website\",\"url\":\"https:\\\/\\\/cardinal-tapes.com\\\/\",\"name\":\"cardinal TAPES\",\"description\":\"Klebetechnik aus Wuppertal\",\"potentialAction\":[{\"@type\":\"SearchAction\",\"target\":{\"@type\":\"EntryPoint\",\"urlTemplate\":\"https:\\\/\\\/cardinal-tapes.com\\\/?s={search_term_string}\"},\"query-input\":{\"@type\":\"PropertyValueSpecification\",\"valueRequired\":true,\"valueName\":\"search_term_string\"}}],\"inLanguage\":\"fr-FR\"}]}<\/script>\n<!-- \/ Yoast SEO plugin. -->","yoast_head_json":{"title":"3M ruban adh\u00e9sif 1104 | Cardinal TAPES","description":"Le ruban adh\u00e9sif Scotch 1104 est surtout utilis\u00e9 sur des mat\u00e9riaux sensibles, comme le titane, le m\u00e9tal anodis\u00e9 ou le bois trait\u00e9. En savoir plus.","robots":{"index":"index","follow":"follow","max-snippet":"max-snippet:-1","max-image-preview":"max-image-preview:large","max-video-preview":"max-video-preview:-1"},"canonical":"https:\/\/cardinal-tapes.com\/fr\/rubans-adh\u00e9sifs\/domaines-dapplication\/ruban-de-masquage-pour-peinture\/3m-bande-adhesive-1104\/","og_locale":"fr_FR","og_type":"article","og_title":"3M ruban adh\u00e9sif 1104 | Cardinal TAPES","og_description":"Le ruban adh\u00e9sif Scotch 1104 est surtout utilis\u00e9 sur des mat\u00e9riaux sensibles, comme le titane, le m\u00e9tal anodis\u00e9 ou le bois trait\u00e9. En savoir plus.","og_url":"https:\/\/cardinal-tapes.com\/fr\/rubans-adh\u00e9sifs\/domaines-dapplication\/ruban-de-masquage-pour-peinture\/3m-bande-adhesive-1104\/","og_site_name":"cardinal TAPES","article_modified_time":"2025-07-03T14:25:31+00:00","og_image":[{"width":600,"height":600,"url":"https:\/\/cardinal-tapes.com\/wp-content\/uploads\/3m_scotch_spezial_lackier_abdeckband_1104.jpg","type":"image\/jpeg"}],"twitter_card":"summary_large_image","twitter_misc":{"Dur\u00e9e de lecture estim\u00e9e":"1 minute"},"schema":{"@context":"https:\/\/schema.org","@graph":[{"@type":"WebPage","@id":"https:\/\/cardinal-tapes.com\/fr\/rubans-adh\u00e9sifs\/domaines-dapplication\/ruban-de-masquage-pour-peinture\/3m-bande-adhesive-1104\/","url":"https:\/\/cardinal-tapes.com\/fr\/rubans-adh\u00e9sifs\/domaines-dapplication\/ruban-de-masquage-pour-peinture\/3m-bande-adhesive-1104\/","name":"3M ruban adh\u00e9sif 1104 | Cardinal TAPES","isPartOf":{"@id":"https:\/\/cardinal-tapes.com\/#website"},"primaryImageOfPage":{"@id":"https:\/\/cardinal-tapes.com\/fr\/rubans-adh\u00e9sifs\/domaines-dapplication\/ruban-de-masquage-pour-peinture\/3m-bande-adhesive-1104\/#primaryimage"},"image":{"@id":"https:\/\/cardinal-tapes.com\/fr\/rubans-adh\u00e9sifs\/domaines-dapplication\/ruban-de-masquage-pour-peinture\/3m-bande-adhesive-1104\/#primaryimage"},"thumbnailUrl":"https:\/\/cardinal-tapes.com\/wp-content\/uploads\/3m_scotch_spezial_lackier_abdeckband_1104.jpg","datePublished":"2023-06-06T08:20:40+00:00","dateModified":"2025-07-03T14:25:31+00:00","description":"Le ruban adh\u00e9sif Scotch 1104 est surtout utilis\u00e9 sur des mat\u00e9riaux sensibles, comme le titane, le m\u00e9tal anodis\u00e9 ou le bois trait\u00e9. En savoir plus.","breadcrumb":{"@id":"https:\/\/cardinal-tapes.com\/fr\/rubans-adh\u00e9sifs\/domaines-dapplication\/ruban-de-masquage-pour-peinture\/3m-bande-adhesive-1104\/#breadcrumb"},"inLanguage":"fr-FR","potentialAction":[{"@type":"ReadAction","target":["https:\/\/cardinal-tapes.com\/fr\/rubans-adh\u00e9sifs\/domaines-dapplication\/ruban-de-masquage-pour-peinture\/3m-bande-adhesive-1104\/"]}]},{"@type":"ImageObject","inLanguage":"fr-FR","@id":"https:\/\/cardinal-tapes.com\/fr\/rubans-adh\u00e9sifs\/domaines-dapplication\/ruban-de-masquage-pour-peinture\/3m-bande-adhesive-1104\/#primaryimage","url":"https:\/\/cardinal-tapes.com\/wp-content\/uploads\/3m_scotch_spezial_lackier_abdeckband_1104.jpg","contentUrl":"https:\/\/cardinal-tapes.com\/wp-content\/uploads\/3m_scotch_spezial_lackier_abdeckband_1104.jpg","width":600,"height":600,"caption":"Ruban adh\u00e9sif de masquage 3M Scotch"},{"@type":"BreadcrumbList","@id":"https:\/\/cardinal-tapes.com\/fr\/rubans-adh\u00e9sifs\/domaines-dapplication\/ruban-de-masquage-pour-peinture\/3m-bande-adhesive-1104\/#breadcrumb","itemListElement":[{"@type":"ListItem","position":1,"name":"Startseite","item":"https:\/\/cardinal-tapes.com\/fr\/accueil\/"},{"@type":"ListItem","position":2,"name":"Rubans adh\u00e9sifs","item":"https:\/\/cardinal-tapes.com\/fr\/rubans-adhesifs-fr\/"},{"@type":"ListItem","position":3,"name":"Domaines d&#039;application","item":"https:\/\/cardinal-tapes.com\/fr\/catgorie\/domaines-dapplication\/"},{"@type":"ListItem","position":4,"name":"Ruban de masquage pour peinture","item":"https:\/\/cardinal-tapes.com\/fr\/catgorie\/ruban-de-masquage-pour-peinture\/"},{"@type":"ListItem","position":5,"name":"3M\u2122 Ruban adh\u00e9sif 1104"}]},{"@type":"WebSite","@id":"https:\/\/cardinal-tapes.com\/#website","url":"https:\/\/cardinal-tapes.com\/","name":"cardinal TAPES","description":"Klebetechnik aus Wuppertal","potentialAction":[{"@type":"SearchAction","target":{"@type":"EntryPoint","urlTemplate":"https:\/\/cardinal-tapes.com\/?s={search_term_string}"},"query-input":{"@type":"PropertyValueSpecification","valueRequired":true,"valueName":"search_term_string"}}],"inLanguage":"fr-FR"}]}},"brands":[{"id":2167,"name":"3M","slug":"3m-fr"}],"_links":{"self":[{"href":"https:\/\/cardinal-tapes.com\/fr\/wp-json\/wp\/v2\/product\/62527","targetHints":{"allow":["GET"]}}],"collection":[{"href":"https:\/\/cardinal-tapes.com\/fr\/wp-json\/wp\/v2\/product"}],"about":[{"href":"https:\/\/cardinal-tapes.com\/fr\/wp-json\/wp\/v2\/types\/product"}],"wp:featuredmedia":[{"embeddable":true,"href":"https:\/\/cardinal-tapes.com\/fr\/wp-json\/wp\/v2\/media\/24472"}],"wp:attachment":[{"href":"https:\/\/cardinal-tapes.com\/fr\/wp-json\/wp\/v2\/media?parent=62527"}],"wp:term":[{"taxonomy":"pwb-brand","embeddable":true,"href":"https:\/\/cardinal-tapes.com\/fr\/wp-json\/wp\/v2\/pwb-brand?post=62527"},{"taxonomy":"product_brand","embeddable":true,"href":"https:\/\/cardinal-tapes.com\/fr\/wp-json\/wp\/v2\/product_brand?post=62527"},{"taxonomy":"product_cat","embeddable":true,"href":"https:\/\/cardinal-tapes.com\/fr\/wp-json\/wp\/v2\/product_cat?post=62527"},{"taxonomy":"product_tag","embeddable":true,"href":"https:\/\/cardinal-tapes.com\/fr\/wp-json\/wp\/v2\/product_tag?post=62527"}],"curies":[{"name":"wp","href":"https:\/\/api.w.org\/{rel}","templated":true}]}}