{"id":61649,"date":"2017-12-08T09:39:00","date_gmt":"2023-06-06T08:19:51","guid":{"rendered":"https:\/\/cardinal.pixel-tal.de\/klebebaender\/non%20class\u00e9\/3m-ruban-adhesif-en-pvc-souple-471\/"},"modified":"2025-07-07T16:49:29","modified_gmt":"2025-07-07T14:49:29","slug":"3m-471f-weich-pvc-klebeband","status":"publish","type":"product","link":"https:\/\/cardinal-tapes.com\/fr\/rubans-adh\u00e9sifs\/rubans-adhesifs-simple-face\/film-pvc\/3m-471f-weich-pvc-klebeband\/","title":{"rendered":"3M\u2122 Ruban adh\u00e9sif en PVC souple 471"},"content":{"rendered":"<p>Le ruban adh\u00e9sif en PVC souple 3M\u2122 471 est souvent utilis\u00e9 pour marquer les zones dangereuses et les all\u00e9es, pour masquer les travaux de peinture ainsi que pour les marquages de couleur, les moulures d\u00e9coratives et bien plus encore. Ce ruban adh\u00e9sif polyvalent dispose d&#8217;un support en PVC souple avec un adh\u00e9sif caoutchouc-r\u00e9sine. Il r\u00e9siste aux rayures, \u00e0 l&#8217;abrasion, aux intemp\u00e9ries, ce qui lui conf\u00e8re une grande long\u00e9vit\u00e9.<\/p>\n<p><strong>Caract\u00e9ristiques<br \/>\n<\/strong>Le ruban adh\u00e9sif en PVC se caract\u00e9rise par un bon pouvoir adh\u00e9sif sur les surfaces peintes, le verre et le caoutchouc. En outre, il s&#8217;applique bien sur les syst\u00e8mes de peinture \u00e0 base d&#8217;eau et de solvants.<\/p>\n<p><strong>Applications<\/strong><br \/>\n&#8211; Pour le marquage au sol et les marquages de s\u00e9curit\u00e9<br \/>\n&#8211; Marquage d&#8217;appareils ou d&#8217;installations \u00e0 des fins d&#8217;avertissement<br \/>\n&#8211; Pour le marquage en couleur de tuyauteries, d&#8217;outils, d&#8217;appareils, etc.<br \/>\n&#8211; Protection de pi\u00e8ces, d&#8217;installations ou de produits contre l&#8217;abrasion<br \/>\n&#8211; Pour le collage, l&#8217;enrobage ou l&#8217;\u00e9tanch\u00e9it\u00e9 de nombreuses surfaces courbes ou de forme tridimensionnelle<\/p>\n","protected":false},"excerpt":{"rendered":"<p>Le ruban adh\u00e9sif en PVC souple 3M\u2122 471 est souvent utilis\u00e9 pour marquer les zones dangereuses et les all\u00e9es, pour masquer les travaux de peinture ainsi que pour les marquages de couleur, les moulures d\u00e9coratives et bien plus encore. Ce ruban adh\u00e9sif polyvalent dispose d&#8217;un support en PVC souple avec un adh\u00e9sif caoutchouc-r\u00e9sine. Il r\u00e9siste [&hellip;]<\/p>\n","protected":false},"featured_media":26800,"template":"","meta":{"_acf_changed":false},"pwb-brand":[2167],"product_brand":[],"product_cat":[1836,1841],"product_tag":[],"class_list":{"0":"post-61649","1":"product","2":"type-product","3":"status-publish","4":"has-post-thumbnail","6":"pwb-brand-3m-fr","7":"product_cat-rubans-adhesifs-simple-face","8":"product_cat-film-pvc","10":"first","11":"instock","12":"taxable","13":"shipping-taxable","14":"purchasable","15":"product-type-variable"},"acf":[],"yoast_head":"<!-- This site is optimized with the Yoast SEO plugin v27.3 - https:\/\/yoast.com\/product\/yoast-seo-wordpress\/ -->\n<title>3M 471F Ruban adh\u00e9sif en PVC souple | Cardinal TAPES<\/title>\n<meta name=\"description\" content=\"Le ruban adh\u00e9sif en PVC souple 3M\u2122 471 est souvent utilis\u00e9 pour marquer les zones dangereuses et les all\u00e9es, pour masquer lors de travaux de peinture ainsi que pour les marquages de couleur, les moulures d\u00e9coratives et bien plus encore.\" \/>\n<meta name=\"robots\" content=\"index, follow, max-snippet:-1, max-image-preview:large, max-video-preview:-1\" \/>\n<link rel=\"canonical\" href=\"https:\/\/cardinal-tapes.com\/fr\/rubans-adh\u00e9sifs\/rubans-adhesifs-simple-face\/film-pvc\/3m-471f-weich-pvc-klebeband\/\" \/>\n<meta property=\"og:locale\" content=\"fr_FR\" \/>\n<meta property=\"og:type\" content=\"article\" \/>\n<meta property=\"og:title\" content=\"3M 471F Ruban adh\u00e9sif en PVC souple | Cardinal TAPES\" \/>\n<meta property=\"og:description\" content=\"Le ruban adh\u00e9sif en PVC souple 3M\u2122 471 est souvent utilis\u00e9 pour marquer les zones dangereuses et les all\u00e9es, pour masquer lors de travaux de peinture ainsi que pour les marquages de couleur, les moulures d\u00e9coratives et bien plus encore.\" \/>\n<meta property=\"og:url\" content=\"https:\/\/cardinal-tapes.com\/fr\/rubans-adh\u00e9sifs\/rubans-adhesifs-simple-face\/film-pvc\/3m-471f-weich-pvc-klebeband\/\" \/>\n<meta property=\"og:site_name\" content=\"cardinal TAPES\" \/>\n<meta property=\"article:modified_time\" content=\"2025-07-07T14:49:29+00:00\" \/>\n<meta property=\"og:image\" content=\"https:\/\/cardinal-tapes.com\/wp-content\/uploads\/3m-vinyl-tape-471.jpg\" \/>\n\t<meta property=\"og:image:width\" content=\"400\" \/>\n\t<meta property=\"og:image:height\" content=\"400\" \/>\n\t<meta property=\"og:image:type\" content=\"image\/jpeg\" \/>\n<meta name=\"twitter:card\" content=\"summary_large_image\" \/>\n<meta name=\"twitter:label1\" content=\"Dur\u00e9e de lecture estim\u00e9e\" \/>\n\t<meta name=\"twitter:data1\" content=\"1 minute\" \/>\n<script type=\"application\/ld+json\" class=\"yoast-schema-graph\">{\"@context\":\"https:\\\/\\\/schema.org\",\"@graph\":[{\"@type\":\"WebPage\",\"@id\":\"https:\\\/\\\/cardinal-tapes.com\\\/fr\\\/rubans-adh\u00e9sifs\\\/rubans-adhesifs-simple-face\\\/film-pvc\\\/3m-471f-weich-pvc-klebeband\\\/\",\"url\":\"https:\\\/\\\/cardinal-tapes.com\\\/fr\\\/rubans-adh\u00e9sifs\\\/rubans-adhesifs-simple-face\\\/film-pvc\\\/3m-471f-weich-pvc-klebeband\\\/\",\"name\":\"3M 471F Ruban adh\u00e9sif en PVC souple | Cardinal TAPES\",\"isPartOf\":{\"@id\":\"https:\\\/\\\/cardinal-tapes.com\\\/#website\"},\"primaryImageOfPage\":{\"@id\":\"https:\\\/\\\/cardinal-tapes.com\\\/fr\\\/rubans-adh\u00e9sifs\\\/rubans-adhesifs-simple-face\\\/film-pvc\\\/3m-471f-weich-pvc-klebeband\\\/#primaryimage\"},\"image\":{\"@id\":\"https:\\\/\\\/cardinal-tapes.com\\\/fr\\\/rubans-adh\u00e9sifs\\\/rubans-adhesifs-simple-face\\\/film-pvc\\\/3m-471f-weich-pvc-klebeband\\\/#primaryimage\"},\"thumbnailUrl\":\"https:\\\/\\\/cardinal-tapes.com\\\/wp-content\\\/uploads\\\/3m-vinyl-tape-471.jpg\",\"datePublished\":\"2023-06-06T08:19:51+00:00\",\"dateModified\":\"2025-07-07T14:49:29+00:00\",\"description\":\"Le ruban adh\u00e9sif en PVC souple 3M\u2122 471 est souvent utilis\u00e9 pour marquer les zones dangereuses et les all\u00e9es, pour masquer lors de travaux de peinture ainsi que pour les marquages de couleur, les moulures d\u00e9coratives et bien plus encore.\",\"breadcrumb\":{\"@id\":\"https:\\\/\\\/cardinal-tapes.com\\\/fr\\\/rubans-adh\u00e9sifs\\\/rubans-adhesifs-simple-face\\\/film-pvc\\\/3m-471f-weich-pvc-klebeband\\\/#breadcrumb\"},\"inLanguage\":\"fr-FR\",\"potentialAction\":[{\"@type\":\"ReadAction\",\"target\":[\"https:\\\/\\\/cardinal-tapes.com\\\/fr\\\/rubans-adh\u00e9sifs\\\/rubans-adhesifs-simple-face\\\/film-pvc\\\/3m-471f-weich-pvc-klebeband\\\/\"]}]},{\"@type\":\"ImageObject\",\"inLanguage\":\"fr-FR\",\"@id\":\"https:\\\/\\\/cardinal-tapes.com\\\/fr\\\/rubans-adh\u00e9sifs\\\/rubans-adhesifs-simple-face\\\/film-pvc\\\/3m-471f-weich-pvc-klebeband\\\/#primaryimage\",\"url\":\"https:\\\/\\\/cardinal-tapes.com\\\/wp-content\\\/uploads\\\/3m-vinyl-tape-471.jpg\",\"contentUrl\":\"https:\\\/\\\/cardinal-tapes.com\\\/wp-content\\\/uploads\\\/3m-vinyl-tape-471.jpg\",\"width\":400,\"height\":400,\"caption\":\"3m-vinyl-tape-471\"},{\"@type\":\"BreadcrumbList\",\"@id\":\"https:\\\/\\\/cardinal-tapes.com\\\/fr\\\/rubans-adh\u00e9sifs\\\/rubans-adhesifs-simple-face\\\/film-pvc\\\/3m-471f-weich-pvc-klebeband\\\/#breadcrumb\",\"itemListElement\":[{\"@type\":\"ListItem\",\"position\":1,\"name\":\"Startseite\",\"item\":\"https:\\\/\\\/cardinal-tapes.com\\\/fr\\\/accueil\\\/\"},{\"@type\":\"ListItem\",\"position\":2,\"name\":\"Rubans adh\u00e9sifs\",\"item\":\"https:\\\/\\\/cardinal-tapes.com\\\/fr\\\/rubans-adhesifs-fr\\\/\"},{\"@type\":\"ListItem\",\"position\":3,\"name\":\"Rubans adh\u00e9sifs simple face\",\"item\":\"https:\\\/\\\/cardinal-tapes.com\\\/fr\\\/catgorie\\\/rubans-adhesifs-simple-face\\\/\"},{\"@type\":\"ListItem\",\"position\":4,\"name\":\"Film PVC\",\"item\":\"https:\\\/\\\/cardinal-tapes.com\\\/fr\\\/catgorie\\\/film-pvc\\\/\"},{\"@type\":\"ListItem\",\"position\":5,\"name\":\"3M\u2122 Ruban adh\u00e9sif en PVC souple 471\"}]},{\"@type\":\"WebSite\",\"@id\":\"https:\\\/\\\/cardinal-tapes.com\\\/#website\",\"url\":\"https:\\\/\\\/cardinal-tapes.com\\\/\",\"name\":\"cardinal TAPES\",\"description\":\"Klebetechnik aus Wuppertal\",\"potentialAction\":[{\"@type\":\"SearchAction\",\"target\":{\"@type\":\"EntryPoint\",\"urlTemplate\":\"https:\\\/\\\/cardinal-tapes.com\\\/?s={search_term_string}\"},\"query-input\":{\"@type\":\"PropertyValueSpecification\",\"valueRequired\":true,\"valueName\":\"search_term_string\"}}],\"inLanguage\":\"fr-FR\"}]}<\/script>\n<!-- \/ Yoast SEO plugin. -->","yoast_head_json":{"title":"3M 471F Ruban adh\u00e9sif en PVC souple | Cardinal TAPES","description":"Le ruban adh\u00e9sif en PVC souple 3M\u2122 471 est souvent utilis\u00e9 pour marquer les zones dangereuses et les all\u00e9es, pour masquer lors de travaux de peinture ainsi que pour les marquages de couleur, les moulures d\u00e9coratives et bien plus encore.","robots":{"index":"index","follow":"follow","max-snippet":"max-snippet:-1","max-image-preview":"max-image-preview:large","max-video-preview":"max-video-preview:-1"},"canonical":"https:\/\/cardinal-tapes.com\/fr\/rubans-adh\u00e9sifs\/rubans-adhesifs-simple-face\/film-pvc\/3m-471f-weich-pvc-klebeband\/","og_locale":"fr_FR","og_type":"article","og_title":"3M 471F Ruban adh\u00e9sif en PVC souple | Cardinal TAPES","og_description":"Le ruban adh\u00e9sif en PVC souple 3M\u2122 471 est souvent utilis\u00e9 pour marquer les zones dangereuses et les all\u00e9es, pour masquer lors de travaux de peinture ainsi que pour les marquages de couleur, les moulures d\u00e9coratives et bien plus encore.","og_url":"https:\/\/cardinal-tapes.com\/fr\/rubans-adh\u00e9sifs\/rubans-adhesifs-simple-face\/film-pvc\/3m-471f-weich-pvc-klebeband\/","og_site_name":"cardinal TAPES","article_modified_time":"2025-07-07T14:49:29+00:00","og_image":[{"width":400,"height":400,"url":"https:\/\/cardinal-tapes.com\/wp-content\/uploads\/3m-vinyl-tape-471.jpg","type":"image\/jpeg"}],"twitter_card":"summary_large_image","twitter_misc":{"Dur\u00e9e de lecture estim\u00e9e":"1 minute"},"schema":{"@context":"https:\/\/schema.org","@graph":[{"@type":"WebPage","@id":"https:\/\/cardinal-tapes.com\/fr\/rubans-adh\u00e9sifs\/rubans-adhesifs-simple-face\/film-pvc\/3m-471f-weich-pvc-klebeband\/","url":"https:\/\/cardinal-tapes.com\/fr\/rubans-adh\u00e9sifs\/rubans-adhesifs-simple-face\/film-pvc\/3m-471f-weich-pvc-klebeband\/","name":"3M 471F Ruban adh\u00e9sif en PVC souple | Cardinal TAPES","isPartOf":{"@id":"https:\/\/cardinal-tapes.com\/#website"},"primaryImageOfPage":{"@id":"https:\/\/cardinal-tapes.com\/fr\/rubans-adh\u00e9sifs\/rubans-adhesifs-simple-face\/film-pvc\/3m-471f-weich-pvc-klebeband\/#primaryimage"},"image":{"@id":"https:\/\/cardinal-tapes.com\/fr\/rubans-adh\u00e9sifs\/rubans-adhesifs-simple-face\/film-pvc\/3m-471f-weich-pvc-klebeband\/#primaryimage"},"thumbnailUrl":"https:\/\/cardinal-tapes.com\/wp-content\/uploads\/3m-vinyl-tape-471.jpg","datePublished":"2023-06-06T08:19:51+00:00","dateModified":"2025-07-07T14:49:29+00:00","description":"Le ruban adh\u00e9sif en PVC souple 3M\u2122 471 est souvent utilis\u00e9 pour marquer les zones dangereuses et les all\u00e9es, pour masquer lors de travaux de peinture ainsi que pour les marquages de couleur, les moulures d\u00e9coratives et bien plus encore.","breadcrumb":{"@id":"https:\/\/cardinal-tapes.com\/fr\/rubans-adh\u00e9sifs\/rubans-adhesifs-simple-face\/film-pvc\/3m-471f-weich-pvc-klebeband\/#breadcrumb"},"inLanguage":"fr-FR","potentialAction":[{"@type":"ReadAction","target":["https:\/\/cardinal-tapes.com\/fr\/rubans-adh\u00e9sifs\/rubans-adhesifs-simple-face\/film-pvc\/3m-471f-weich-pvc-klebeband\/"]}]},{"@type":"ImageObject","inLanguage":"fr-FR","@id":"https:\/\/cardinal-tapes.com\/fr\/rubans-adh\u00e9sifs\/rubans-adhesifs-simple-face\/film-pvc\/3m-471f-weich-pvc-klebeband\/#primaryimage","url":"https:\/\/cardinal-tapes.com\/wp-content\/uploads\/3m-vinyl-tape-471.jpg","contentUrl":"https:\/\/cardinal-tapes.com\/wp-content\/uploads\/3m-vinyl-tape-471.jpg","width":400,"height":400,"caption":"3m-vinyl-tape-471"},{"@type":"BreadcrumbList","@id":"https:\/\/cardinal-tapes.com\/fr\/rubans-adh\u00e9sifs\/rubans-adhesifs-simple-face\/film-pvc\/3m-471f-weich-pvc-klebeband\/#breadcrumb","itemListElement":[{"@type":"ListItem","position":1,"name":"Startseite","item":"https:\/\/cardinal-tapes.com\/fr\/accueil\/"},{"@type":"ListItem","position":2,"name":"Rubans adh\u00e9sifs","item":"https:\/\/cardinal-tapes.com\/fr\/rubans-adhesifs-fr\/"},{"@type":"ListItem","position":3,"name":"Rubans adh\u00e9sifs simple face","item":"https:\/\/cardinal-tapes.com\/fr\/catgorie\/rubans-adhesifs-simple-face\/"},{"@type":"ListItem","position":4,"name":"Film PVC","item":"https:\/\/cardinal-tapes.com\/fr\/catgorie\/film-pvc\/"},{"@type":"ListItem","position":5,"name":"3M\u2122 Ruban adh\u00e9sif en PVC souple 471"}]},{"@type":"WebSite","@id":"https:\/\/cardinal-tapes.com\/#website","url":"https:\/\/cardinal-tapes.com\/","name":"cardinal TAPES","description":"Klebetechnik aus Wuppertal","potentialAction":[{"@type":"SearchAction","target":{"@type":"EntryPoint","urlTemplate":"https:\/\/cardinal-tapes.com\/?s={search_term_string}"},"query-input":{"@type":"PropertyValueSpecification","valueRequired":true,"valueName":"search_term_string"}}],"inLanguage":"fr-FR"}]}},"brands":[{"id":2167,"name":"3M","slug":"3m-fr"}],"_links":{"self":[{"href":"https:\/\/cardinal-tapes.com\/fr\/wp-json\/wp\/v2\/product\/61649","targetHints":{"allow":["GET"]}}],"collection":[{"href":"https:\/\/cardinal-tapes.com\/fr\/wp-json\/wp\/v2\/product"}],"about":[{"href":"https:\/\/cardinal-tapes.com\/fr\/wp-json\/wp\/v2\/types\/product"}],"wp:featuredmedia":[{"embeddable":true,"href":"https:\/\/cardinal-tapes.com\/fr\/wp-json\/wp\/v2\/media\/26800"}],"wp:attachment":[{"href":"https:\/\/cardinal-tapes.com\/fr\/wp-json\/wp\/v2\/media?parent=61649"}],"wp:term":[{"taxonomy":"pwb-brand","embeddable":true,"href":"https:\/\/cardinal-tapes.com\/fr\/wp-json\/wp\/v2\/pwb-brand?post=61649"},{"taxonomy":"product_brand","embeddable":true,"href":"https:\/\/cardinal-tapes.com\/fr\/wp-json\/wp\/v2\/product_brand?post=61649"},{"taxonomy":"product_cat","embeddable":true,"href":"https:\/\/cardinal-tapes.com\/fr\/wp-json\/wp\/v2\/product_cat?post=61649"},{"taxonomy":"product_tag","embeddable":true,"href":"https:\/\/cardinal-tapes.com\/fr\/wp-json\/wp\/v2\/product_tag?post=61649"}],"curies":[{"name":"wp","href":"https:\/\/api.w.org\/{rel}","templated":true}]}}