{"id":61406,"date":"2017-12-08T09:28:30","date_gmt":"2023-06-06T08:19:42","guid":{"rendered":"https:\/\/cardinal.pixel-tal.de\/klebebaender\/non%20class\u00e9\/ruban-adhesif-en-polyester-3m-8402\/"},"modified":"2025-07-07T12:08:14","modified_gmt":"2025-07-07T10:08:14","slug":"3m-396-8422-853-850-8402-polyester-klebebaender","status":"publish","type":"product","link":"https:\/\/cardinal-tapes.com\/fr\/rubans-adh\u00e9sifs\/rubans-adhesifs-simple-face\/3m-396-8422-853-850-8402-polyester-klebebaender\/","title":{"rendered":"Ruban adh\u00e9sif en polyester 3M\u2122 8402"},"content":{"rendered":"<p>Le ruban polyester 3M\u2122 8402 est un ruban polyester fin et adaptable, id\u00e9al pour le masquage \u00e0 haute temp\u00e9rature et qui adh\u00e8re bien aux surfaces enduites de silicone. La bande est compos\u00e9e d&#8217;un adh\u00e9sif en silicone qui convient bien pour le masquage et qui peut \u00eatre retir\u00e9 proprement en un seul morceau de la plupart des surfaces.<\/p>\n<p><strong>Caract\u00e9ristiques<\/strong><br \/>\nCe ruban se caract\u00e9rise \u00e9galement par des \u00e9pissures permanentes sur des rev\u00eatements en silicone, des papiers et des films expos\u00e9s \u00e0 des temp\u00e9ratures \u00e9lev\u00e9es. Avec une r\u00e9sistance chimique exceptionnelle, cette bande fonctionne efficacement dans certaines des conditions de travail les plus exigeantes, comme l&#8217;anodisation. En outre, le ruban adh\u00e9sif se caract\u00e9rise par une grande r\u00e9sistance au vieillissement et une large plage de temp\u00e9ratures utilisables.<\/p>\n<p><strong>Applications<br \/>\n<\/strong>&#8211; Couverture lors des processus de gravure et d&#8217;anodisation<br \/>\n&#8211; Rev\u00eatement \u00e9lectrique par poudre<br \/>\n&#8211; \u00c9pissure de papiers de protection silicon\u00e9s<br \/>\n&#8211; \u00c9tamage au rouleau de circuits imprim\u00e9s<\/p>\n","protected":false},"excerpt":{"rendered":"<p>Le ruban polyester 3M\u2122 8402 est un ruban polyester fin et adaptable, id\u00e9al pour le masquage \u00e0 haute temp\u00e9rature et qui adh\u00e8re bien aux surfaces enduites de silicone. La bande est compos\u00e9e d&#8217;un adh\u00e9sif en silicone qui convient bien pour le masquage et qui peut \u00eatre retir\u00e9 proprement en un seul morceau de la plupart [&hellip;]<\/p>\n","protected":false},"featured_media":27224,"template":"","meta":{"_acf_changed":false},"pwb-brand":[2167],"product_brand":[],"product_cat":[1836],"product_tag":[],"class_list":{"0":"post-61406","1":"product","2":"type-product","3":"status-publish","4":"has-post-thumbnail","6":"pwb-brand-3m-fr","7":"product_cat-rubans-adhesifs-simple-face","9":"first","10":"instock","11":"taxable","12":"shipping-taxable","13":"purchasable","14":"product-type-variable"},"acf":[],"yoast_head":"<!-- This site is optimized with the Yoast SEO plugin v27.3 - https:\/\/yoast.com\/product\/yoast-seo-wordpress\/ -->\n<title>3M\u2122 8402 Bande adh\u00e9sive en polyester | Cardinal TAPES<\/title>\n<meta name=\"description\" content=\"Le ruban polyester 3M\u2122 8402 est un ruban polyester fin et adaptable, id\u00e9al pour le masquage \u00e0 haute temp\u00e9rature et qui adh\u00e8re bien aux surfaces enduites de silicone.\" \/>\n<meta name=\"robots\" content=\"index, follow, max-snippet:-1, max-image-preview:large, max-video-preview:-1\" \/>\n<link rel=\"canonical\" href=\"https:\/\/cardinal-tapes.com\/fr\/rubans-adh\u00e9sifs\/rubans-adhesifs-simple-face\/3m-396-8422-853-850-8402-polyester-klebebaender\/\" \/>\n<meta property=\"og:locale\" content=\"fr_FR\" \/>\n<meta property=\"og:type\" content=\"article\" \/>\n<meta property=\"og:title\" content=\"3M\u2122 8402 Bande adh\u00e9sive en polyester | Cardinal TAPES\" \/>\n<meta property=\"og:description\" content=\"Le ruban polyester 3M\u2122 8402 est un ruban polyester fin et adaptable, id\u00e9al pour le masquage \u00e0 haute temp\u00e9rature et qui adh\u00e8re bien aux surfaces enduites de silicone.\" \/>\n<meta property=\"og:url\" content=\"https:\/\/cardinal-tapes.com\/fr\/rubans-adh\u00e9sifs\/rubans-adhesifs-simple-face\/3m-396-8422-853-850-8402-polyester-klebebaender\/\" \/>\n<meta property=\"og:site_name\" content=\"cardinal TAPES\" \/>\n<meta property=\"article:modified_time\" content=\"2025-07-07T10:08:14+00:00\" \/>\n<meta property=\"og:image\" content=\"https:\/\/cardinal-tapes.com\/wp-content\/uploads\/3m-8402-polyesterklebeband-scaled.jpg\" \/>\n\t<meta property=\"og:image:width\" content=\"2560\" \/>\n\t<meta property=\"og:image:height\" content=\"2147\" \/>\n\t<meta property=\"og:image:type\" content=\"image\/jpeg\" \/>\n<meta name=\"twitter:card\" content=\"summary_large_image\" \/>\n<meta name=\"twitter:label1\" content=\"Dur\u00e9e de lecture estim\u00e9e\" \/>\n\t<meta name=\"twitter:data1\" content=\"1 minute\" \/>\n<script type=\"application\/ld+json\" class=\"yoast-schema-graph\">{\"@context\":\"https:\\\/\\\/schema.org\",\"@graph\":[{\"@type\":\"WebPage\",\"@id\":\"https:\\\/\\\/cardinal-tapes.com\\\/fr\\\/rubans-adh\u00e9sifs\\\/rubans-adhesifs-simple-face\\\/3m-396-8422-853-850-8402-polyester-klebebaender\\\/\",\"url\":\"https:\\\/\\\/cardinal-tapes.com\\\/fr\\\/rubans-adh\u00e9sifs\\\/rubans-adhesifs-simple-face\\\/3m-396-8422-853-850-8402-polyester-klebebaender\\\/\",\"name\":\"3M\u2122 8402 Bande adh\u00e9sive en polyester | Cardinal TAPES\",\"isPartOf\":{\"@id\":\"https:\\\/\\\/cardinal-tapes.com\\\/#website\"},\"primaryImageOfPage\":{\"@id\":\"https:\\\/\\\/cardinal-tapes.com\\\/fr\\\/rubans-adh\u00e9sifs\\\/rubans-adhesifs-simple-face\\\/3m-396-8422-853-850-8402-polyester-klebebaender\\\/#primaryimage\"},\"image\":{\"@id\":\"https:\\\/\\\/cardinal-tapes.com\\\/fr\\\/rubans-adh\u00e9sifs\\\/rubans-adhesifs-simple-face\\\/3m-396-8422-853-850-8402-polyester-klebebaender\\\/#primaryimage\"},\"thumbnailUrl\":\"https:\\\/\\\/cardinal-tapes.com\\\/wp-content\\\/uploads\\\/3m-8402-polyesterklebeband-scaled.jpg\",\"datePublished\":\"2023-06-06T08:19:42+00:00\",\"dateModified\":\"2025-07-07T10:08:14+00:00\",\"description\":\"Le ruban polyester 3M\u2122 8402 est un ruban polyester fin et adaptable, id\u00e9al pour le masquage \u00e0 haute temp\u00e9rature et qui adh\u00e8re bien aux surfaces enduites de silicone.\",\"breadcrumb\":{\"@id\":\"https:\\\/\\\/cardinal-tapes.com\\\/fr\\\/rubans-adh\u00e9sifs\\\/rubans-adhesifs-simple-face\\\/3m-396-8422-853-850-8402-polyester-klebebaender\\\/#breadcrumb\"},\"inLanguage\":\"fr-FR\",\"potentialAction\":[{\"@type\":\"ReadAction\",\"target\":[\"https:\\\/\\\/cardinal-tapes.com\\\/fr\\\/rubans-adh\u00e9sifs\\\/rubans-adhesifs-simple-face\\\/3m-396-8422-853-850-8402-polyester-klebebaender\\\/\"]}]},{\"@type\":\"ImageObject\",\"inLanguage\":\"fr-FR\",\"@id\":\"https:\\\/\\\/cardinal-tapes.com\\\/fr\\\/rubans-adh\u00e9sifs\\\/rubans-adhesifs-simple-face\\\/3m-396-8422-853-850-8402-polyester-klebebaender\\\/#primaryimage\",\"url\":\"https:\\\/\\\/cardinal-tapes.com\\\/wp-content\\\/uploads\\\/3m-8402-polyesterklebeband-scaled.jpg\",\"contentUrl\":\"https:\\\/\\\/cardinal-tapes.com\\\/wp-content\\\/uploads\\\/3m-8402-polyesterklebeband-scaled.jpg\",\"width\":2560,\"height\":2147,\"caption\":\"Ruban adh\u00e9sif en polyester 3M 8402\"},{\"@type\":\"BreadcrumbList\",\"@id\":\"https:\\\/\\\/cardinal-tapes.com\\\/fr\\\/rubans-adh\u00e9sifs\\\/rubans-adhesifs-simple-face\\\/3m-396-8422-853-850-8402-polyester-klebebaender\\\/#breadcrumb\",\"itemListElement\":[{\"@type\":\"ListItem\",\"position\":1,\"name\":\"Startseite\",\"item\":\"https:\\\/\\\/cardinal-tapes.com\\\/fr\\\/accueil\\\/\"},{\"@type\":\"ListItem\",\"position\":2,\"name\":\"Rubans adh\u00e9sifs\",\"item\":\"https:\\\/\\\/cardinal-tapes.com\\\/fr\\\/rubans-adhesifs-fr\\\/\"},{\"@type\":\"ListItem\",\"position\":3,\"name\":\"Rubans adh\u00e9sifs simple face\",\"item\":\"https:\\\/\\\/cardinal-tapes.com\\\/fr\\\/catgorie\\\/rubans-adhesifs-simple-face\\\/\"},{\"@type\":\"ListItem\",\"position\":4,\"name\":\"Ruban adh\u00e9sif en polyester 3M\u2122 8402\"}]},{\"@type\":\"WebSite\",\"@id\":\"https:\\\/\\\/cardinal-tapes.com\\\/#website\",\"url\":\"https:\\\/\\\/cardinal-tapes.com\\\/\",\"name\":\"cardinal TAPES\",\"description\":\"Klebetechnik aus Wuppertal\",\"potentialAction\":[{\"@type\":\"SearchAction\",\"target\":{\"@type\":\"EntryPoint\",\"urlTemplate\":\"https:\\\/\\\/cardinal-tapes.com\\\/?s={search_term_string}\"},\"query-input\":{\"@type\":\"PropertyValueSpecification\",\"valueRequired\":true,\"valueName\":\"search_term_string\"}}],\"inLanguage\":\"fr-FR\"}]}<\/script>\n<!-- \/ Yoast SEO plugin. -->","yoast_head_json":{"title":"3M\u2122 8402 Bande adh\u00e9sive en polyester | Cardinal TAPES","description":"Le ruban polyester 3M\u2122 8402 est un ruban polyester fin et adaptable, id\u00e9al pour le masquage \u00e0 haute temp\u00e9rature et qui adh\u00e8re bien aux surfaces enduites de silicone.","robots":{"index":"index","follow":"follow","max-snippet":"max-snippet:-1","max-image-preview":"max-image-preview:large","max-video-preview":"max-video-preview:-1"},"canonical":"https:\/\/cardinal-tapes.com\/fr\/rubans-adh\u00e9sifs\/rubans-adhesifs-simple-face\/3m-396-8422-853-850-8402-polyester-klebebaender\/","og_locale":"fr_FR","og_type":"article","og_title":"3M\u2122 8402 Bande adh\u00e9sive en polyester | Cardinal TAPES","og_description":"Le ruban polyester 3M\u2122 8402 est un ruban polyester fin et adaptable, id\u00e9al pour le masquage \u00e0 haute temp\u00e9rature et qui adh\u00e8re bien aux surfaces enduites de silicone.","og_url":"https:\/\/cardinal-tapes.com\/fr\/rubans-adh\u00e9sifs\/rubans-adhesifs-simple-face\/3m-396-8422-853-850-8402-polyester-klebebaender\/","og_site_name":"cardinal TAPES","article_modified_time":"2025-07-07T10:08:14+00:00","og_image":[{"width":2560,"height":2147,"url":"https:\/\/cardinal-tapes.com\/wp-content\/uploads\/3m-8402-polyesterklebeband-scaled.jpg","type":"image\/jpeg"}],"twitter_card":"summary_large_image","twitter_misc":{"Dur\u00e9e de lecture estim\u00e9e":"1 minute"},"schema":{"@context":"https:\/\/schema.org","@graph":[{"@type":"WebPage","@id":"https:\/\/cardinal-tapes.com\/fr\/rubans-adh\u00e9sifs\/rubans-adhesifs-simple-face\/3m-396-8422-853-850-8402-polyester-klebebaender\/","url":"https:\/\/cardinal-tapes.com\/fr\/rubans-adh\u00e9sifs\/rubans-adhesifs-simple-face\/3m-396-8422-853-850-8402-polyester-klebebaender\/","name":"3M\u2122 8402 Bande adh\u00e9sive en polyester | Cardinal TAPES","isPartOf":{"@id":"https:\/\/cardinal-tapes.com\/#website"},"primaryImageOfPage":{"@id":"https:\/\/cardinal-tapes.com\/fr\/rubans-adh\u00e9sifs\/rubans-adhesifs-simple-face\/3m-396-8422-853-850-8402-polyester-klebebaender\/#primaryimage"},"image":{"@id":"https:\/\/cardinal-tapes.com\/fr\/rubans-adh\u00e9sifs\/rubans-adhesifs-simple-face\/3m-396-8422-853-850-8402-polyester-klebebaender\/#primaryimage"},"thumbnailUrl":"https:\/\/cardinal-tapes.com\/wp-content\/uploads\/3m-8402-polyesterklebeband-scaled.jpg","datePublished":"2023-06-06T08:19:42+00:00","dateModified":"2025-07-07T10:08:14+00:00","description":"Le ruban polyester 3M\u2122 8402 est un ruban polyester fin et adaptable, id\u00e9al pour le masquage \u00e0 haute temp\u00e9rature et qui adh\u00e8re bien aux surfaces enduites de silicone.","breadcrumb":{"@id":"https:\/\/cardinal-tapes.com\/fr\/rubans-adh\u00e9sifs\/rubans-adhesifs-simple-face\/3m-396-8422-853-850-8402-polyester-klebebaender\/#breadcrumb"},"inLanguage":"fr-FR","potentialAction":[{"@type":"ReadAction","target":["https:\/\/cardinal-tapes.com\/fr\/rubans-adh\u00e9sifs\/rubans-adhesifs-simple-face\/3m-396-8422-853-850-8402-polyester-klebebaender\/"]}]},{"@type":"ImageObject","inLanguage":"fr-FR","@id":"https:\/\/cardinal-tapes.com\/fr\/rubans-adh\u00e9sifs\/rubans-adhesifs-simple-face\/3m-396-8422-853-850-8402-polyester-klebebaender\/#primaryimage","url":"https:\/\/cardinal-tapes.com\/wp-content\/uploads\/3m-8402-polyesterklebeband-scaled.jpg","contentUrl":"https:\/\/cardinal-tapes.com\/wp-content\/uploads\/3m-8402-polyesterklebeband-scaled.jpg","width":2560,"height":2147,"caption":"Ruban adh\u00e9sif en polyester 3M 8402"},{"@type":"BreadcrumbList","@id":"https:\/\/cardinal-tapes.com\/fr\/rubans-adh\u00e9sifs\/rubans-adhesifs-simple-face\/3m-396-8422-853-850-8402-polyester-klebebaender\/#breadcrumb","itemListElement":[{"@type":"ListItem","position":1,"name":"Startseite","item":"https:\/\/cardinal-tapes.com\/fr\/accueil\/"},{"@type":"ListItem","position":2,"name":"Rubans adh\u00e9sifs","item":"https:\/\/cardinal-tapes.com\/fr\/rubans-adhesifs-fr\/"},{"@type":"ListItem","position":3,"name":"Rubans adh\u00e9sifs simple face","item":"https:\/\/cardinal-tapes.com\/fr\/catgorie\/rubans-adhesifs-simple-face\/"},{"@type":"ListItem","position":4,"name":"Ruban adh\u00e9sif en polyester 3M\u2122 8402"}]},{"@type":"WebSite","@id":"https:\/\/cardinal-tapes.com\/#website","url":"https:\/\/cardinal-tapes.com\/","name":"cardinal TAPES","description":"Klebetechnik aus Wuppertal","potentialAction":[{"@type":"SearchAction","target":{"@type":"EntryPoint","urlTemplate":"https:\/\/cardinal-tapes.com\/?s={search_term_string}"},"query-input":{"@type":"PropertyValueSpecification","valueRequired":true,"valueName":"search_term_string"}}],"inLanguage":"fr-FR"}]}},"brands":[{"id":2167,"name":"3M","slug":"3m-fr"}],"_links":{"self":[{"href":"https:\/\/cardinal-tapes.com\/fr\/wp-json\/wp\/v2\/product\/61406","targetHints":{"allow":["GET"]}}],"collection":[{"href":"https:\/\/cardinal-tapes.com\/fr\/wp-json\/wp\/v2\/product"}],"about":[{"href":"https:\/\/cardinal-tapes.com\/fr\/wp-json\/wp\/v2\/types\/product"}],"wp:featuredmedia":[{"embeddable":true,"href":"https:\/\/cardinal-tapes.com\/fr\/wp-json\/wp\/v2\/media\/27224"}],"wp:attachment":[{"href":"https:\/\/cardinal-tapes.com\/fr\/wp-json\/wp\/v2\/media?parent=61406"}],"wp:term":[{"taxonomy":"pwb-brand","embeddable":true,"href":"https:\/\/cardinal-tapes.com\/fr\/wp-json\/wp\/v2\/pwb-brand?post=61406"},{"taxonomy":"product_brand","embeddable":true,"href":"https:\/\/cardinal-tapes.com\/fr\/wp-json\/wp\/v2\/product_brand?post=61406"},{"taxonomy":"product_cat","embeddable":true,"href":"https:\/\/cardinal-tapes.com\/fr\/wp-json\/wp\/v2\/product_cat?post=61406"},{"taxonomy":"product_tag","embeddable":true,"href":"https:\/\/cardinal-tapes.com\/fr\/wp-json\/wp\/v2\/product_tag?post=61406"}],"curies":[{"name":"wp","href":"https:\/\/api.w.org\/{rel}","templated":true}]}}