{"id":61381,"date":"2017-12-08T09:11:34","date_gmt":"2023-06-06T08:19:41","guid":{"rendered":"https:\/\/cardinal.pixel-tal.de\/klebebaender\/non%20class\u00e9\/3m-ruban-de-masquage-2328\/"},"modified":"2025-07-07T11:07:34","modified_gmt":"2025-07-07T09:07:34","slug":"ruban-de-masquage-3m-2328","status":"publish","type":"product","link":"https:\/\/cardinal-tapes.com\/fr\/rubans-adh\u00e9sifs\/rubans-adhesifs-simple-face\/ruban-de-masquage-3m-2328\/","title":{"rendered":"3M\u2122 Ruban de masquage 2328"},"content":{"rendered":"<p>Le ruban de masquage Scotch 3M\u2122 2328 est surtout utilis\u00e9 pour des travaux de masquage s\u00fbrs et efficaces dans la r\u00e9paration automobile. L&#8217;adh\u00e9sif du ruban de masquage est un adh\u00e9sif caoutchouc-r\u00e9sine r\u00e9ticul\u00e9 et le support est un support papier cr\u00eap\u00e9. L&#8217;avantage du 3M\u2122 2328 est que la manipulation est particuli\u00e8rement simple, que l&#8217;adh\u00e9rence est tr\u00e8s bonne et que les particules de peinture ne s&#8217;\u00e9caillent pas lors de l&#8217;application. Le ruban de masquage 2328 est disponible en six largeurs diff\u00e9rentes afin de r\u00e9pondre \u00e0 tous les besoins en mati\u00e8re de r\u00e9paration automobile.<\/p>\n<p><strong>Caract\u00e9ristiques<\/strong><br \/>\nLe ruban adh\u00e9sif 2328 se caract\u00e9rise par une bonne r\u00e9sistance aux solvants, un d\u00e9chirement facile \u00e0 la main et une bonne adh\u00e9rence \u00e0 la peinture. En outre, il est tr\u00e8s maniable, permet de l&#8217;enlever sans laisser de traces et pr\u00e9sente une excellente nettet\u00e9 des bords.<strong><br \/>\n<\/strong><\/p>\n<p><strong>Applications<\/strong><br \/>\n&#8211; Convient pour le masquage de zones courbes<br \/>\n&#8211; Retouche g\u00e9n\u00e9rale de v\u00e9hicules<\/p>\n","protected":false},"excerpt":{"rendered":"<p>Le ruban de masquage Scotch 3M\u2122 2328 est surtout utilis\u00e9 pour des travaux de masquage s\u00fbrs et efficaces dans la r\u00e9paration automobile. L&#8217;adh\u00e9sif du ruban de masquage est un adh\u00e9sif caoutchouc-r\u00e9sine r\u00e9ticul\u00e9 et le support est un support papier cr\u00eap\u00e9. L&#8217;avantage du 3M\u2122 2328 est que la manipulation est particuli\u00e8rement simple, que l&#8217;adh\u00e9rence est tr\u00e8s [&hellip;]<\/p>\n","protected":false},"featured_media":24464,"template":"","meta":{"_acf_changed":false},"pwb-brand":[2167],"product_brand":[],"product_cat":[1836],"product_tag":[],"class_list":{"0":"post-61381","1":"product","2":"type-product","3":"status-publish","4":"has-post-thumbnail","6":"pwb-brand-3m-fr","7":"product_cat-rubans-adhesifs-simple-face","9":"first","10":"instock","11":"taxable","12":"shipping-taxable","13":"purchasable","14":"product-type-simple"},"acf":[],"yoast_head":"<!-- This site is optimized with the Yoast SEO plugin v27.3 - https:\/\/yoast.com\/product\/yoast-seo-wordpress\/ -->\n<title>Le ruban de masquage efficace 3M 2328 | Cardinal TAPES<\/title>\n<meta name=\"description\" content=\"Le 3M 2328 est surtout utilis\u00e9 pour des travaux de masquage s\u00fbrs et efficaces dans la r\u00e9paration automobile. En savoir plus sur le 3M 2328.\" \/>\n<meta name=\"robots\" content=\"index, follow, max-snippet:-1, max-image-preview:large, max-video-preview:-1\" \/>\n<link rel=\"canonical\" href=\"https:\/\/cardinal-tapes.com\/fr\/rubans-adh\u00e9sifs\/rubans-adhesifs-simple-face\/ruban-de-masquage-3m-2328\/\" \/>\n<meta property=\"og:locale\" content=\"fr_FR\" \/>\n<meta property=\"og:type\" content=\"article\" \/>\n<meta property=\"og:title\" content=\"Le ruban de masquage efficace 3M 2328 | Cardinal TAPES\" \/>\n<meta property=\"og:description\" content=\"Le 3M 2328 est surtout utilis\u00e9 pour des travaux de masquage s\u00fbrs et efficaces dans la r\u00e9paration automobile. En savoir plus sur le 3M 2328.\" \/>\n<meta property=\"og:url\" content=\"https:\/\/cardinal-tapes.com\/fr\/rubans-adh\u00e9sifs\/rubans-adhesifs-simple-face\/ruban-de-masquage-3m-2328\/\" \/>\n<meta property=\"og:site_name\" content=\"cardinal TAPES\" \/>\n<meta property=\"article:modified_time\" content=\"2025-07-07T09:07:34+00:00\" \/>\n<meta property=\"og:image\" content=\"https:\/\/cardinal-tapes.com\/wp-content\/uploads\/3m_scotch_universal_abdeckband_2328.jpg\" \/>\n\t<meta property=\"og:image:width\" content=\"600\" \/>\n\t<meta property=\"og:image:height\" content=\"600\" \/>\n\t<meta property=\"og:image:type\" content=\"image\/jpeg\" \/>\n<meta name=\"twitter:card\" content=\"summary_large_image\" \/>\n<meta name=\"twitter:label1\" content=\"Dur\u00e9e de lecture estim\u00e9e\" \/>\n\t<meta name=\"twitter:data1\" content=\"1 minute\" \/>\n<script type=\"application\/ld+json\" class=\"yoast-schema-graph\">{\"@context\":\"https:\\\/\\\/schema.org\",\"@graph\":[{\"@type\":\"WebPage\",\"@id\":\"https:\\\/\\\/cardinal-tapes.com\\\/fr\\\/rubans-adh\u00e9sifs\\\/rubans-adhesifs-simple-face\\\/ruban-de-masquage-3m-2328\\\/\",\"url\":\"https:\\\/\\\/cardinal-tapes.com\\\/fr\\\/rubans-adh\u00e9sifs\\\/rubans-adhesifs-simple-face\\\/ruban-de-masquage-3m-2328\\\/\",\"name\":\"Le ruban de masquage efficace 3M 2328 | Cardinal TAPES\",\"isPartOf\":{\"@id\":\"https:\\\/\\\/cardinal-tapes.com\\\/#website\"},\"primaryImageOfPage\":{\"@id\":\"https:\\\/\\\/cardinal-tapes.com\\\/fr\\\/rubans-adh\u00e9sifs\\\/rubans-adhesifs-simple-face\\\/ruban-de-masquage-3m-2328\\\/#primaryimage\"},\"image\":{\"@id\":\"https:\\\/\\\/cardinal-tapes.com\\\/fr\\\/rubans-adh\u00e9sifs\\\/rubans-adhesifs-simple-face\\\/ruban-de-masquage-3m-2328\\\/#primaryimage\"},\"thumbnailUrl\":\"https:\\\/\\\/cardinal-tapes.com\\\/wp-content\\\/uploads\\\/3m_scotch_universal_abdeckband_2328.jpg\",\"datePublished\":\"2023-06-06T08:19:41+00:00\",\"dateModified\":\"2025-07-07T09:07:34+00:00\",\"description\":\"Le 3M 2328 est surtout utilis\u00e9 pour des travaux de masquage s\u00fbrs et efficaces dans la r\u00e9paration automobile. En savoir plus sur le 3M 2328.\",\"breadcrumb\":{\"@id\":\"https:\\\/\\\/cardinal-tapes.com\\\/fr\\\/rubans-adh\u00e9sifs\\\/rubans-adhesifs-simple-face\\\/ruban-de-masquage-3m-2328\\\/#breadcrumb\"},\"inLanguage\":\"fr-FR\",\"potentialAction\":[{\"@type\":\"ReadAction\",\"target\":[\"https:\\\/\\\/cardinal-tapes.com\\\/fr\\\/rubans-adh\u00e9sifs\\\/rubans-adhesifs-simple-face\\\/ruban-de-masquage-3m-2328\\\/\"]}]},{\"@type\":\"ImageObject\",\"inLanguage\":\"fr-FR\",\"@id\":\"https:\\\/\\\/cardinal-tapes.com\\\/fr\\\/rubans-adh\u00e9sifs\\\/rubans-adhesifs-simple-face\\\/ruban-de-masquage-3m-2328\\\/#primaryimage\",\"url\":\"https:\\\/\\\/cardinal-tapes.com\\\/wp-content\\\/uploads\\\/3m_scotch_universal_abdeckband_2328.jpg\",\"contentUrl\":\"https:\\\/\\\/cardinal-tapes.com\\\/wp-content\\\/uploads\\\/3m_scotch_universal_abdeckband_2328.jpg\",\"width\":600,\"height\":600,\"caption\":\"Ruban adh\u00e9sif de masquage 3M Scotch 2328\"},{\"@type\":\"BreadcrumbList\",\"@id\":\"https:\\\/\\\/cardinal-tapes.com\\\/fr\\\/rubans-adh\u00e9sifs\\\/rubans-adhesifs-simple-face\\\/ruban-de-masquage-3m-2328\\\/#breadcrumb\",\"itemListElement\":[{\"@type\":\"ListItem\",\"position\":1,\"name\":\"Startseite\",\"item\":\"https:\\\/\\\/cardinal-tapes.com\\\/fr\\\/accueil\\\/\"},{\"@type\":\"ListItem\",\"position\":2,\"name\":\"Rubans adh\u00e9sifs\",\"item\":\"https:\\\/\\\/cardinal-tapes.com\\\/fr\\\/rubans-adhesifs-fr\\\/\"},{\"@type\":\"ListItem\",\"position\":3,\"name\":\"Rubans adh\u00e9sifs simple face\",\"item\":\"https:\\\/\\\/cardinal-tapes.com\\\/fr\\\/catgorie\\\/rubans-adhesifs-simple-face\\\/\"},{\"@type\":\"ListItem\",\"position\":4,\"name\":\"3M\u2122 Ruban de masquage 2328\"}]},{\"@type\":\"WebSite\",\"@id\":\"https:\\\/\\\/cardinal-tapes.com\\\/#website\",\"url\":\"https:\\\/\\\/cardinal-tapes.com\\\/\",\"name\":\"cardinal TAPES\",\"description\":\"Klebetechnik aus Wuppertal\",\"potentialAction\":[{\"@type\":\"SearchAction\",\"target\":{\"@type\":\"EntryPoint\",\"urlTemplate\":\"https:\\\/\\\/cardinal-tapes.com\\\/?s={search_term_string}\"},\"query-input\":{\"@type\":\"PropertyValueSpecification\",\"valueRequired\":true,\"valueName\":\"search_term_string\"}}],\"inLanguage\":\"fr-FR\"}]}<\/script>\n<!-- \/ Yoast SEO plugin. -->","yoast_head_json":{"title":"Le ruban de masquage efficace 3M 2328 | Cardinal TAPES","description":"Le 3M 2328 est surtout utilis\u00e9 pour des travaux de masquage s\u00fbrs et efficaces dans la r\u00e9paration automobile. En savoir plus sur le 3M 2328.","robots":{"index":"index","follow":"follow","max-snippet":"max-snippet:-1","max-image-preview":"max-image-preview:large","max-video-preview":"max-video-preview:-1"},"canonical":"https:\/\/cardinal-tapes.com\/fr\/rubans-adh\u00e9sifs\/rubans-adhesifs-simple-face\/ruban-de-masquage-3m-2328\/","og_locale":"fr_FR","og_type":"article","og_title":"Le ruban de masquage efficace 3M 2328 | Cardinal TAPES","og_description":"Le 3M 2328 est surtout utilis\u00e9 pour des travaux de masquage s\u00fbrs et efficaces dans la r\u00e9paration automobile. En savoir plus sur le 3M 2328.","og_url":"https:\/\/cardinal-tapes.com\/fr\/rubans-adh\u00e9sifs\/rubans-adhesifs-simple-face\/ruban-de-masquage-3m-2328\/","og_site_name":"cardinal TAPES","article_modified_time":"2025-07-07T09:07:34+00:00","og_image":[{"width":600,"height":600,"url":"https:\/\/cardinal-tapes.com\/wp-content\/uploads\/3m_scotch_universal_abdeckband_2328.jpg","type":"image\/jpeg"}],"twitter_card":"summary_large_image","twitter_misc":{"Dur\u00e9e de lecture estim\u00e9e":"1 minute"},"schema":{"@context":"https:\/\/schema.org","@graph":[{"@type":"WebPage","@id":"https:\/\/cardinal-tapes.com\/fr\/rubans-adh\u00e9sifs\/rubans-adhesifs-simple-face\/ruban-de-masquage-3m-2328\/","url":"https:\/\/cardinal-tapes.com\/fr\/rubans-adh\u00e9sifs\/rubans-adhesifs-simple-face\/ruban-de-masquage-3m-2328\/","name":"Le ruban de masquage efficace 3M 2328 | Cardinal TAPES","isPartOf":{"@id":"https:\/\/cardinal-tapes.com\/#website"},"primaryImageOfPage":{"@id":"https:\/\/cardinal-tapes.com\/fr\/rubans-adh\u00e9sifs\/rubans-adhesifs-simple-face\/ruban-de-masquage-3m-2328\/#primaryimage"},"image":{"@id":"https:\/\/cardinal-tapes.com\/fr\/rubans-adh\u00e9sifs\/rubans-adhesifs-simple-face\/ruban-de-masquage-3m-2328\/#primaryimage"},"thumbnailUrl":"https:\/\/cardinal-tapes.com\/wp-content\/uploads\/3m_scotch_universal_abdeckband_2328.jpg","datePublished":"2023-06-06T08:19:41+00:00","dateModified":"2025-07-07T09:07:34+00:00","description":"Le 3M 2328 est surtout utilis\u00e9 pour des travaux de masquage s\u00fbrs et efficaces dans la r\u00e9paration automobile. En savoir plus sur le 3M 2328.","breadcrumb":{"@id":"https:\/\/cardinal-tapes.com\/fr\/rubans-adh\u00e9sifs\/rubans-adhesifs-simple-face\/ruban-de-masquage-3m-2328\/#breadcrumb"},"inLanguage":"fr-FR","potentialAction":[{"@type":"ReadAction","target":["https:\/\/cardinal-tapes.com\/fr\/rubans-adh\u00e9sifs\/rubans-adhesifs-simple-face\/ruban-de-masquage-3m-2328\/"]}]},{"@type":"ImageObject","inLanguage":"fr-FR","@id":"https:\/\/cardinal-tapes.com\/fr\/rubans-adh\u00e9sifs\/rubans-adhesifs-simple-face\/ruban-de-masquage-3m-2328\/#primaryimage","url":"https:\/\/cardinal-tapes.com\/wp-content\/uploads\/3m_scotch_universal_abdeckband_2328.jpg","contentUrl":"https:\/\/cardinal-tapes.com\/wp-content\/uploads\/3m_scotch_universal_abdeckband_2328.jpg","width":600,"height":600,"caption":"Ruban adh\u00e9sif de masquage 3M Scotch 2328"},{"@type":"BreadcrumbList","@id":"https:\/\/cardinal-tapes.com\/fr\/rubans-adh\u00e9sifs\/rubans-adhesifs-simple-face\/ruban-de-masquage-3m-2328\/#breadcrumb","itemListElement":[{"@type":"ListItem","position":1,"name":"Startseite","item":"https:\/\/cardinal-tapes.com\/fr\/accueil\/"},{"@type":"ListItem","position":2,"name":"Rubans adh\u00e9sifs","item":"https:\/\/cardinal-tapes.com\/fr\/rubans-adhesifs-fr\/"},{"@type":"ListItem","position":3,"name":"Rubans adh\u00e9sifs simple face","item":"https:\/\/cardinal-tapes.com\/fr\/catgorie\/rubans-adhesifs-simple-face\/"},{"@type":"ListItem","position":4,"name":"3M\u2122 Ruban de masquage 2328"}]},{"@type":"WebSite","@id":"https:\/\/cardinal-tapes.com\/#website","url":"https:\/\/cardinal-tapes.com\/","name":"cardinal TAPES","description":"Klebetechnik aus Wuppertal","potentialAction":[{"@type":"SearchAction","target":{"@type":"EntryPoint","urlTemplate":"https:\/\/cardinal-tapes.com\/?s={search_term_string}"},"query-input":{"@type":"PropertyValueSpecification","valueRequired":true,"valueName":"search_term_string"}}],"inLanguage":"fr-FR"}]}},"brands":[{"id":2167,"name":"3M","slug":"3m-fr"}],"_links":{"self":[{"href":"https:\/\/cardinal-tapes.com\/fr\/wp-json\/wp\/v2\/product\/61381","targetHints":{"allow":["GET"]}}],"collection":[{"href":"https:\/\/cardinal-tapes.com\/fr\/wp-json\/wp\/v2\/product"}],"about":[{"href":"https:\/\/cardinal-tapes.com\/fr\/wp-json\/wp\/v2\/types\/product"}],"wp:featuredmedia":[{"embeddable":true,"href":"https:\/\/cardinal-tapes.com\/fr\/wp-json\/wp\/v2\/media\/24464"}],"wp:attachment":[{"href":"https:\/\/cardinal-tapes.com\/fr\/wp-json\/wp\/v2\/media?parent=61381"}],"wp:term":[{"taxonomy":"pwb-brand","embeddable":true,"href":"https:\/\/cardinal-tapes.com\/fr\/wp-json\/wp\/v2\/pwb-brand?post=61381"},{"taxonomy":"product_brand","embeddable":true,"href":"https:\/\/cardinal-tapes.com\/fr\/wp-json\/wp\/v2\/product_brand?post=61381"},{"taxonomy":"product_cat","embeddable":true,"href":"https:\/\/cardinal-tapes.com\/fr\/wp-json\/wp\/v2\/product_cat?post=61381"},{"taxonomy":"product_tag","embeddable":true,"href":"https:\/\/cardinal-tapes.com\/fr\/wp-json\/wp\/v2\/product_tag?post=61381"}],"curies":[{"name":"wp","href":"https:\/\/api.w.org\/{rel}","templated":true}]}}