{"id":61379,"date":"2017-12-08T09:17:56","date_gmt":"2017-12-08T08:17:56","guid":{"rendered":"https:\/\/cardinal.pixel-tal.de\/klebebaender\/non%20class\u00e9\/3m-ruban-adhesif-2836\/"},"modified":"2025-07-07T12:08:09","modified_gmt":"2025-07-07T10:08:09","slug":"3m-bande-adhesive-2836","status":"publish","type":"product","link":"https:\/\/cardinal-tapes.com\/fr\/rubans-adh\u00e9sifs\/domaines-dapplication\/ruban-adhesif-en-papier\/3m-bande-adhesive-2836\/","title":{"rendered":"3M\u2122 Ruban adh\u00e9sif 2836"},"content":{"rendered":"<p>Le ruban adh\u00e9sif 3M\u2122 Scotch 2836 est principalement utilis\u00e9 dans l&#8217;industrie automobile et dans les processus de peinture \u00e0 des temp\u00e9ratures \u00e9lev\u00e9es. Cela s&#8217;explique principalement par sa r\u00e9sistance \u00e0 la temp\u00e9rature \u00e9lev\u00e9e de 140 \u00b0C. En outre, le ruban adh\u00e9sif 2836 pr\u00e9sente un certain nombre d&#8217;autres avantages. Il s&#8217;agit notamment de la facilit\u00e9 de manipulation, de la haute r\u00e9sistance \u00e0 la d\u00e9chirure, de la bonne r\u00e9sistance \u00e0 l&#8217;eau et de la bonne r\u00e9sistance aux solvants. Gr\u00e2ce \u00e0 ces caract\u00e9ristiques, le ruban adh\u00e9sif peut \u00e9galement \u00eatre utilis\u00e9 de mani\u00e8re tr\u00e8s individuelle. La largeur des rouleaux peut \u00eatre command\u00e9e individuellement sur demande.<\/p>\n<p><strong>Caract\u00e9ristiques<\/strong><br \/>\nLe ruban adh\u00e9sif cr\u00eap\u00e92836est un ruban souple qui r\u00e9siste au pon\u00e7age humide et se caract\u00e9rise par une bonne aptitude \u00e0 l&#8217;enl\u00e8vement, m\u00eame sur des surfaces critiques. De plus, il r\u00e9siste bri\u00e8vement \u00e0 des temp\u00e9ratures allant jusqu&#8217;\u00e0 140\u00b0C et aux solvants.<\/p>\n<p><strong>Applications<\/strong><br \/>\n&#8211; Couvrir en peignant et en vernissant<\/p>\n","protected":false},"excerpt":{"rendered":"<p>Le ruban adh\u00e9sif 3M\u2122 Scotch 2836 est principalement utilis\u00e9 dans l&#8217;industrie automobile et dans les processus de peinture \u00e0 des temp\u00e9ratures \u00e9lev\u00e9es. Cela s&#8217;explique principalement par sa r\u00e9sistance \u00e0 la temp\u00e9rature \u00e9lev\u00e9e de 140 \u00b0C. En outre, le ruban adh\u00e9sif 2836 pr\u00e9sente un certain nombre d&#8217;autres avantages. Il s&#8217;agit notamment de la facilit\u00e9 de manipulation, [&hellip;]<\/p>\n","protected":false},"featured_media":24444,"template":"","meta":{"_acf_changed":false},"pwb-brand":[2167],"product_brand":[],"product_cat":[1766,1836],"product_tag":[],"class_list":{"0":"post-61379","1":"product","2":"type-product","3":"status-publish","4":"has-post-thumbnail","6":"pwb-brand-3m-fr","7":"product_cat-ruban-adhesif-en-papier","8":"product_cat-rubans-adhesifs-simple-face","10":"first","11":"instock","12":"taxable","13":"shipping-taxable","14":"purchasable","15":"product-type-simple"},"acf":[],"yoast_head":"<!-- This site is optimized with the Yoast SEO plugin v27.3 - https:\/\/yoast.com\/product\/yoast-seo-wordpress\/ -->\n<title>3M ruban adh\u00e9sif 2836 | Cardinal TAPES<\/title>\n<meta name=\"description\" content=\"Le ruban adh\u00e9sif Scotch 2836 est principalement utilis\u00e9 dans l&#039;industrie automobile et dans les processus de peinture \u00e0 des temp\u00e9ratures \u00e9lev\u00e9es. En savoir plus.\" \/>\n<meta name=\"robots\" content=\"index, follow, max-snippet:-1, max-image-preview:large, max-video-preview:-1\" \/>\n<link rel=\"canonical\" href=\"https:\/\/cardinal-tapes.com\/fr\/rubans-adh\u00e9sifs\/domaines-dapplication\/ruban-adhesif-en-papier\/3m-bande-adhesive-2836\/\" \/>\n<meta property=\"og:locale\" content=\"fr_FR\" \/>\n<meta property=\"og:type\" content=\"article\" \/>\n<meta property=\"og:title\" content=\"3M ruban adh\u00e9sif 2836 | Cardinal TAPES\" \/>\n<meta property=\"og:description\" content=\"Le ruban adh\u00e9sif Scotch 2836 est principalement utilis\u00e9 dans l&#039;industrie automobile et dans les processus de peinture \u00e0 des temp\u00e9ratures \u00e9lev\u00e9es. En savoir plus.\" \/>\n<meta property=\"og:url\" content=\"https:\/\/cardinal-tapes.com\/fr\/rubans-adh\u00e9sifs\/domaines-dapplication\/ruban-adhesif-en-papier\/3m-bande-adhesive-2836\/\" \/>\n<meta property=\"og:site_name\" content=\"cardinal TAPES\" \/>\n<meta property=\"article:modified_time\" content=\"2025-07-07T10:08:09+00:00\" \/>\n<meta property=\"og:image\" content=\"https:\/\/cardinal-tapes.com\/wp-content\/uploads\/3m_scotch_papierklebeband_2836.jpg\" \/>\n\t<meta property=\"og:image:width\" content=\"600\" \/>\n\t<meta property=\"og:image:height\" content=\"600\" \/>\n\t<meta property=\"og:image:type\" content=\"image\/jpeg\" \/>\n<meta name=\"twitter:card\" content=\"summary_large_image\" \/>\n<meta name=\"twitter:label1\" content=\"Dur\u00e9e de lecture estim\u00e9e\" \/>\n\t<meta name=\"twitter:data1\" content=\"1 minute\" \/>\n<script type=\"application\/ld+json\" class=\"yoast-schema-graph\">{\"@context\":\"https:\\\/\\\/schema.org\",\"@graph\":[{\"@type\":\"WebPage\",\"@id\":\"https:\\\/\\\/cardinal-tapes.com\\\/fr\\\/rubans-adh\u00e9sifs\\\/domaines-dapplication\\\/ruban-adhesif-en-papier\\\/3m-bande-adhesive-2836\\\/\",\"url\":\"https:\\\/\\\/cardinal-tapes.com\\\/fr\\\/rubans-adh\u00e9sifs\\\/domaines-dapplication\\\/ruban-adhesif-en-papier\\\/3m-bande-adhesive-2836\\\/\",\"name\":\"3M ruban adh\u00e9sif 2836 | Cardinal TAPES\",\"isPartOf\":{\"@id\":\"https:\\\/\\\/cardinal-tapes.com\\\/#website\"},\"primaryImageOfPage\":{\"@id\":\"https:\\\/\\\/cardinal-tapes.com\\\/fr\\\/rubans-adh\u00e9sifs\\\/domaines-dapplication\\\/ruban-adhesif-en-papier\\\/3m-bande-adhesive-2836\\\/#primaryimage\"},\"image\":{\"@id\":\"https:\\\/\\\/cardinal-tapes.com\\\/fr\\\/rubans-adh\u00e9sifs\\\/domaines-dapplication\\\/ruban-adhesif-en-papier\\\/3m-bande-adhesive-2836\\\/#primaryimage\"},\"thumbnailUrl\":\"https:\\\/\\\/cardinal-tapes.com\\\/wp-content\\\/uploads\\\/3m_scotch_papierklebeband_2836.jpg\",\"datePublished\":\"2017-12-08T08:17:56+00:00\",\"dateModified\":\"2025-07-07T10:08:09+00:00\",\"description\":\"Le ruban adh\u00e9sif Scotch 2836 est principalement utilis\u00e9 dans l'industrie automobile et dans les processus de peinture \u00e0 des temp\u00e9ratures \u00e9lev\u00e9es. En savoir plus.\",\"breadcrumb\":{\"@id\":\"https:\\\/\\\/cardinal-tapes.com\\\/fr\\\/rubans-adh\u00e9sifs\\\/domaines-dapplication\\\/ruban-adhesif-en-papier\\\/3m-bande-adhesive-2836\\\/#breadcrumb\"},\"inLanguage\":\"fr-FR\",\"potentialAction\":[{\"@type\":\"ReadAction\",\"target\":[\"https:\\\/\\\/cardinal-tapes.com\\\/fr\\\/rubans-adh\u00e9sifs\\\/domaines-dapplication\\\/ruban-adhesif-en-papier\\\/3m-bande-adhesive-2836\\\/\"]}]},{\"@type\":\"ImageObject\",\"inLanguage\":\"fr-FR\",\"@id\":\"https:\\\/\\\/cardinal-tapes.com\\\/fr\\\/rubans-adh\u00e9sifs\\\/domaines-dapplication\\\/ruban-adhesif-en-papier\\\/3m-bande-adhesive-2836\\\/#primaryimage\",\"url\":\"https:\\\/\\\/cardinal-tapes.com\\\/wp-content\\\/uploads\\\/3m_scotch_papierklebeband_2836.jpg\",\"contentUrl\":\"https:\\\/\\\/cardinal-tapes.com\\\/wp-content\\\/uploads\\\/3m_scotch_papierklebeband_2836.jpg\",\"width\":600,\"height\":600,\"caption\":\"Ruban adh\u00e9sif papier 3M Scotch 2836\"},{\"@type\":\"BreadcrumbList\",\"@id\":\"https:\\\/\\\/cardinal-tapes.com\\\/fr\\\/rubans-adh\u00e9sifs\\\/domaines-dapplication\\\/ruban-adhesif-en-papier\\\/3m-bande-adhesive-2836\\\/#breadcrumb\",\"itemListElement\":[{\"@type\":\"ListItem\",\"position\":1,\"name\":\"Startseite\",\"item\":\"https:\\\/\\\/cardinal-tapes.com\\\/fr\\\/accueil\\\/\"},{\"@type\":\"ListItem\",\"position\":2,\"name\":\"Rubans adh\u00e9sifs\",\"item\":\"https:\\\/\\\/cardinal-tapes.com\\\/fr\\\/rubans-adhesifs-fr\\\/\"},{\"@type\":\"ListItem\",\"position\":3,\"name\":\"Einseitige Klebeb\u00e4nder\",\"item\":\"https:\\\/\\\/cardinal-tapes.com\\\/kategorie\\\/einseitige-klebebaender\\\/\"},{\"@type\":\"ListItem\",\"position\":4,\"name\":\"3M\u2122 Ruban adh\u00e9sif 2836\"}]},{\"@type\":\"WebSite\",\"@id\":\"https:\\\/\\\/cardinal-tapes.com\\\/#website\",\"url\":\"https:\\\/\\\/cardinal-tapes.com\\\/\",\"name\":\"cardinal TAPES\",\"description\":\"Klebetechnik aus Wuppertal\",\"potentialAction\":[{\"@type\":\"SearchAction\",\"target\":{\"@type\":\"EntryPoint\",\"urlTemplate\":\"https:\\\/\\\/cardinal-tapes.com\\\/?s={search_term_string}\"},\"query-input\":{\"@type\":\"PropertyValueSpecification\",\"valueRequired\":true,\"valueName\":\"search_term_string\"}}],\"inLanguage\":\"fr-FR\"}]}<\/script>\n<!-- \/ Yoast SEO plugin. -->","yoast_head_json":{"title":"3M ruban adh\u00e9sif 2836 | Cardinal TAPES","description":"Le ruban adh\u00e9sif Scotch 2836 est principalement utilis\u00e9 dans l'industrie automobile et dans les processus de peinture \u00e0 des temp\u00e9ratures \u00e9lev\u00e9es. En savoir plus.","robots":{"index":"index","follow":"follow","max-snippet":"max-snippet:-1","max-image-preview":"max-image-preview:large","max-video-preview":"max-video-preview:-1"},"canonical":"https:\/\/cardinal-tapes.com\/fr\/rubans-adh\u00e9sifs\/domaines-dapplication\/ruban-adhesif-en-papier\/3m-bande-adhesive-2836\/","og_locale":"fr_FR","og_type":"article","og_title":"3M ruban adh\u00e9sif 2836 | Cardinal TAPES","og_description":"Le ruban adh\u00e9sif Scotch 2836 est principalement utilis\u00e9 dans l'industrie automobile et dans les processus de peinture \u00e0 des temp\u00e9ratures \u00e9lev\u00e9es. En savoir plus.","og_url":"https:\/\/cardinal-tapes.com\/fr\/rubans-adh\u00e9sifs\/domaines-dapplication\/ruban-adhesif-en-papier\/3m-bande-adhesive-2836\/","og_site_name":"cardinal TAPES","article_modified_time":"2025-07-07T10:08:09+00:00","og_image":[{"width":600,"height":600,"url":"https:\/\/cardinal-tapes.com\/wp-content\/uploads\/3m_scotch_papierklebeband_2836.jpg","type":"image\/jpeg"}],"twitter_card":"summary_large_image","twitter_misc":{"Dur\u00e9e de lecture estim\u00e9e":"1 minute"},"schema":{"@context":"https:\/\/schema.org","@graph":[{"@type":"WebPage","@id":"https:\/\/cardinal-tapes.com\/fr\/rubans-adh\u00e9sifs\/domaines-dapplication\/ruban-adhesif-en-papier\/3m-bande-adhesive-2836\/","url":"https:\/\/cardinal-tapes.com\/fr\/rubans-adh\u00e9sifs\/domaines-dapplication\/ruban-adhesif-en-papier\/3m-bande-adhesive-2836\/","name":"3M ruban adh\u00e9sif 2836 | Cardinal TAPES","isPartOf":{"@id":"https:\/\/cardinal-tapes.com\/#website"},"primaryImageOfPage":{"@id":"https:\/\/cardinal-tapes.com\/fr\/rubans-adh\u00e9sifs\/domaines-dapplication\/ruban-adhesif-en-papier\/3m-bande-adhesive-2836\/#primaryimage"},"image":{"@id":"https:\/\/cardinal-tapes.com\/fr\/rubans-adh\u00e9sifs\/domaines-dapplication\/ruban-adhesif-en-papier\/3m-bande-adhesive-2836\/#primaryimage"},"thumbnailUrl":"https:\/\/cardinal-tapes.com\/wp-content\/uploads\/3m_scotch_papierklebeband_2836.jpg","datePublished":"2017-12-08T08:17:56+00:00","dateModified":"2025-07-07T10:08:09+00:00","description":"Le ruban adh\u00e9sif Scotch 2836 est principalement utilis\u00e9 dans l'industrie automobile et dans les processus de peinture \u00e0 des temp\u00e9ratures \u00e9lev\u00e9es. En savoir plus.","breadcrumb":{"@id":"https:\/\/cardinal-tapes.com\/fr\/rubans-adh\u00e9sifs\/domaines-dapplication\/ruban-adhesif-en-papier\/3m-bande-adhesive-2836\/#breadcrumb"},"inLanguage":"fr-FR","potentialAction":[{"@type":"ReadAction","target":["https:\/\/cardinal-tapes.com\/fr\/rubans-adh\u00e9sifs\/domaines-dapplication\/ruban-adhesif-en-papier\/3m-bande-adhesive-2836\/"]}]},{"@type":"ImageObject","inLanguage":"fr-FR","@id":"https:\/\/cardinal-tapes.com\/fr\/rubans-adh\u00e9sifs\/domaines-dapplication\/ruban-adhesif-en-papier\/3m-bande-adhesive-2836\/#primaryimage","url":"https:\/\/cardinal-tapes.com\/wp-content\/uploads\/3m_scotch_papierklebeband_2836.jpg","contentUrl":"https:\/\/cardinal-tapes.com\/wp-content\/uploads\/3m_scotch_papierklebeband_2836.jpg","width":600,"height":600,"caption":"Ruban adh\u00e9sif papier 3M Scotch 2836"},{"@type":"BreadcrumbList","@id":"https:\/\/cardinal-tapes.com\/fr\/rubans-adh\u00e9sifs\/domaines-dapplication\/ruban-adhesif-en-papier\/3m-bande-adhesive-2836\/#breadcrumb","itemListElement":[{"@type":"ListItem","position":1,"name":"Startseite","item":"https:\/\/cardinal-tapes.com\/fr\/accueil\/"},{"@type":"ListItem","position":2,"name":"Rubans adh\u00e9sifs","item":"https:\/\/cardinal-tapes.com\/fr\/rubans-adhesifs-fr\/"},{"@type":"ListItem","position":3,"name":"Einseitige Klebeb\u00e4nder","item":"https:\/\/cardinal-tapes.com\/kategorie\/einseitige-klebebaender\/"},{"@type":"ListItem","position":4,"name":"3M\u2122 Ruban adh\u00e9sif 2836"}]},{"@type":"WebSite","@id":"https:\/\/cardinal-tapes.com\/#website","url":"https:\/\/cardinal-tapes.com\/","name":"cardinal TAPES","description":"Klebetechnik aus Wuppertal","potentialAction":[{"@type":"SearchAction","target":{"@type":"EntryPoint","urlTemplate":"https:\/\/cardinal-tapes.com\/?s={search_term_string}"},"query-input":{"@type":"PropertyValueSpecification","valueRequired":true,"valueName":"search_term_string"}}],"inLanguage":"fr-FR"}]}},"brands":[{"id":2167,"name":"3M","slug":"3m-fr"}],"_links":{"self":[{"href":"https:\/\/cardinal-tapes.com\/fr\/wp-json\/wp\/v2\/product\/61379","targetHints":{"allow":["GET"]}}],"collection":[{"href":"https:\/\/cardinal-tapes.com\/fr\/wp-json\/wp\/v2\/product"}],"about":[{"href":"https:\/\/cardinal-tapes.com\/fr\/wp-json\/wp\/v2\/types\/product"}],"wp:featuredmedia":[{"embeddable":true,"href":"https:\/\/cardinal-tapes.com\/fr\/wp-json\/wp\/v2\/media\/24444"}],"wp:attachment":[{"href":"https:\/\/cardinal-tapes.com\/fr\/wp-json\/wp\/v2\/media?parent=61379"}],"wp:term":[{"taxonomy":"pwb-brand","embeddable":true,"href":"https:\/\/cardinal-tapes.com\/fr\/wp-json\/wp\/v2\/pwb-brand?post=61379"},{"taxonomy":"product_brand","embeddable":true,"href":"https:\/\/cardinal-tapes.com\/fr\/wp-json\/wp\/v2\/product_brand?post=61379"},{"taxonomy":"product_cat","embeddable":true,"href":"https:\/\/cardinal-tapes.com\/fr\/wp-json\/wp\/v2\/product_cat?post=61379"},{"taxonomy":"product_tag","embeddable":true,"href":"https:\/\/cardinal-tapes.com\/fr\/wp-json\/wp\/v2\/product_tag?post=61379"}],"curies":[{"name":"wp","href":"https:\/\/api.w.org\/{rel}","templated":true}]}}