{"id":61378,"date":"2017-12-08T09:15:51","date_gmt":"2023-06-06T08:19:41","guid":{"rendered":"https:\/\/cardinal.pixel-tal.de\/klebebaender\/non class\u00e9\/3m-ruban-adhesif-crepe-2525\/"},"modified":"2023-06-06T10:19:41","modified_gmt":"2023-06-06T08:19:41","slug":"3m-2525-abdeckklebeband","status":"publish","type":"product","link":"https:\/\/cardinal-tapes.com\/fr\/rubans-adh\u00e9sifs\/rubans-adhesifs-simple-face\/3m-2525-abdeckklebeband\/","title":{"rendered":"3M\u2122 Ruban adh\u00e9sif cr\u00eap\u00e9 2525"},"content":{"rendered":"<p>Le ruban adh\u00e9sif de masquage 3M\u2122 2525 est un ruban adh\u00e9sif en papier \u00e9pais pour les applications int\u00e9rieures qui n\u00e9cessitent une bonne r\u00e9sistance \u00e0 la temp\u00e9rature et un papier support solide.<\/p>\n<p><strong>Caract\u00e9ristiques<\/strong><br \/>\nLe ruban adh\u00e9sif 2525 se caract\u00e9rise par une bonne r\u00e9sistance aux temp\u00e9ratures \u00e9lev\u00e9es. De plus, il est particuli\u00e8rement r\u00e9sistant \u00e0 la traction, ce qui permet de l&#8217;utiliser dans de nombreux domaines d&#8217;application.<\/p>\n<p><b>Applications<br \/>\n<\/b>&#8211; Couvrir en peignant et en vernissant<br \/>\n&#8211; Convient aux processus impliquant le pon\u00e7age de la bande adh\u00e9sive<\/p>\n","protected":false},"excerpt":{"rendered":"<p>Le ruban adh\u00e9sif de masquage 3M\u2122 2525 est un ruban adh\u00e9sif en papier \u00e9pais pour les applications int\u00e9rieures qui n\u00e9cessitent une bonne r\u00e9sistance \u00e0 la temp\u00e9rature et un papier support solide. Caract\u00e9ristiques Le ruban adh\u00e9sif 2525 se caract\u00e9rise par une bonne r\u00e9sistance aux temp\u00e9ratures \u00e9lev\u00e9es. De plus, il est particuli\u00e8rement r\u00e9sistant \u00e0 la traction, ce [&hellip;]<\/p>\n","protected":false},"featured_media":24452,"template":"","meta":{"_acf_changed":false},"pwb-brand":[2167],"product_brand":[],"product_cat":[1836],"product_tag":[],"class_list":{"0":"post-61378","1":"product","2":"type-product","3":"status-publish","4":"has-post-thumbnail","6":"pwb-brand-3m-fr","7":"product_cat-rubans-adhesifs-simple-face","9":"first","10":"outofstock","11":"taxable","12":"shipping-taxable","13":"purchasable","14":"product-type-variable"},"acf":[],"yoast_head":"<!-- This site is optimized with the Yoast SEO plugin v27.3 - https:\/\/yoast.com\/product\/yoast-seo-wordpress\/ -->\n<title>Les avantages du ruban adh\u00e9sif cr\u00eap\u00e9 3M\u2122 2525 | Cardinal TAPES<\/title>\n<meta name=\"description\" content=\"Le ruban adh\u00e9sif de masquage 3M\u2122 2525 est un ruban adh\u00e9sif en papier \u00e9pais destin\u00e9 aux applications n\u00e9cessitant une force d&#039;adh\u00e9rence \u00e9lev\u00e9e, une bonne r\u00e9sistance \u00e0 la temp\u00e9rature et un papier support solide.\" \/>\n<meta name=\"robots\" content=\"index, follow, max-snippet:-1, max-image-preview:large, max-video-preview:-1\" \/>\n<link rel=\"canonical\" href=\"https:\/\/cardinal-tapes.com\/fr\/rubans-adh\u00e9sifs\/rubans-adhesifs-simple-face\/3m-2525-abdeckklebeband\/\" \/>\n<meta property=\"og:locale\" content=\"fr_FR\" \/>\n<meta property=\"og:type\" content=\"article\" \/>\n<meta property=\"og:title\" content=\"Les avantages du ruban adh\u00e9sif cr\u00eap\u00e9 3M\u2122 2525 | Cardinal TAPES\" \/>\n<meta property=\"og:description\" content=\"Le ruban adh\u00e9sif de masquage 3M\u2122 2525 est un ruban adh\u00e9sif en papier \u00e9pais destin\u00e9 aux applications n\u00e9cessitant une force d&#039;adh\u00e9rence \u00e9lev\u00e9e, une bonne r\u00e9sistance \u00e0 la temp\u00e9rature et un papier support solide.\" \/>\n<meta property=\"og:url\" content=\"https:\/\/cardinal-tapes.com\/fr\/rubans-adh\u00e9sifs\/rubans-adhesifs-simple-face\/3m-2525-abdeckklebeband\/\" \/>\n<meta property=\"og:site_name\" content=\"cardinal TAPES\" \/>\n<meta property=\"og:image\" content=\"https:\/\/cardinal-tapes.com\/wp-content\/uploads\/3m_kreppklebeband_2525.jpg\" \/>\n\t<meta property=\"og:image:width\" content=\"600\" \/>\n\t<meta property=\"og:image:height\" content=\"600\" \/>\n\t<meta property=\"og:image:type\" content=\"image\/jpeg\" \/>\n<meta name=\"twitter:card\" content=\"summary_large_image\" \/>\n<script type=\"application\/ld+json\" class=\"yoast-schema-graph\">{\"@context\":\"https:\\\/\\\/schema.org\",\"@graph\":[{\"@type\":\"WebPage\",\"@id\":\"https:\\\/\\\/cardinal-tapes.com\\\/fr\\\/rubans-adh\u00e9sifs\\\/rubans-adhesifs-simple-face\\\/3m-2525-abdeckklebeband\\\/\",\"url\":\"https:\\\/\\\/cardinal-tapes.com\\\/fr\\\/rubans-adh\u00e9sifs\\\/rubans-adhesifs-simple-face\\\/3m-2525-abdeckklebeband\\\/\",\"name\":\"Les avantages du ruban adh\u00e9sif cr\u00eap\u00e9 3M\u2122 2525 | Cardinal TAPES\",\"isPartOf\":{\"@id\":\"https:\\\/\\\/cardinal-tapes.com\\\/#website\"},\"primaryImageOfPage\":{\"@id\":\"https:\\\/\\\/cardinal-tapes.com\\\/fr\\\/rubans-adh\u00e9sifs\\\/rubans-adhesifs-simple-face\\\/3m-2525-abdeckklebeband\\\/#primaryimage\"},\"image\":{\"@id\":\"https:\\\/\\\/cardinal-tapes.com\\\/fr\\\/rubans-adh\u00e9sifs\\\/rubans-adhesifs-simple-face\\\/3m-2525-abdeckklebeband\\\/#primaryimage\"},\"thumbnailUrl\":\"https:\\\/\\\/cardinal-tapes.com\\\/wp-content\\\/uploads\\\/3m_kreppklebeband_2525.jpg\",\"datePublished\":\"2023-06-06T08:19:41+00:00\",\"description\":\"Le ruban adh\u00e9sif de masquage 3M\u2122 2525 est un ruban adh\u00e9sif en papier \u00e9pais destin\u00e9 aux applications n\u00e9cessitant une force d'adh\u00e9rence \u00e9lev\u00e9e, une bonne r\u00e9sistance \u00e0 la temp\u00e9rature et un papier support solide.\",\"breadcrumb\":{\"@id\":\"https:\\\/\\\/cardinal-tapes.com\\\/fr\\\/rubans-adh\u00e9sifs\\\/rubans-adhesifs-simple-face\\\/3m-2525-abdeckklebeband\\\/#breadcrumb\"},\"inLanguage\":\"fr-FR\",\"potentialAction\":[{\"@type\":\"ReadAction\",\"target\":[\"https:\\\/\\\/cardinal-tapes.com\\\/fr\\\/rubans-adh\u00e9sifs\\\/rubans-adhesifs-simple-face\\\/3m-2525-abdeckklebeband\\\/\"]}]},{\"@type\":\"ImageObject\",\"inLanguage\":\"fr-FR\",\"@id\":\"https:\\\/\\\/cardinal-tapes.com\\\/fr\\\/rubans-adh\u00e9sifs\\\/rubans-adhesifs-simple-face\\\/3m-2525-abdeckklebeband\\\/#primaryimage\",\"url\":\"https:\\\/\\\/cardinal-tapes.com\\\/wp-content\\\/uploads\\\/3m_kreppklebeband_2525.jpg\",\"contentUrl\":\"https:\\\/\\\/cardinal-tapes.com\\\/wp-content\\\/uploads\\\/3m_kreppklebeband_2525.jpg\",\"width\":600,\"height\":600,\"caption\":\"3M ruban adh\u00e9sif cr\u00eap\u00e9 2525\"},{\"@type\":\"BreadcrumbList\",\"@id\":\"https:\\\/\\\/cardinal-tapes.com\\\/fr\\\/rubans-adh\u00e9sifs\\\/rubans-adhesifs-simple-face\\\/3m-2525-abdeckklebeband\\\/#breadcrumb\",\"itemListElement\":[{\"@type\":\"ListItem\",\"position\":1,\"name\":\"Startseite\",\"item\":\"https:\\\/\\\/cardinal-tapes.com\\\/fr\\\/accueil\\\/\"},{\"@type\":\"ListItem\",\"position\":2,\"name\":\"Rubans adh\u00e9sifs\",\"item\":\"https:\\\/\\\/cardinal-tapes.com\\\/fr\\\/rubans-adhesifs-fr\\\/\"},{\"@type\":\"ListItem\",\"position\":3,\"name\":\"Rubans adh\u00e9sifs simple face\",\"item\":\"https:\\\/\\\/cardinal-tapes.com\\\/fr\\\/catgorie\\\/rubans-adhesifs-simple-face\\\/\"},{\"@type\":\"ListItem\",\"position\":4,\"name\":\"3M\u2122 Ruban adh\u00e9sif cr\u00eap\u00e9 2525\"}]},{\"@type\":\"WebSite\",\"@id\":\"https:\\\/\\\/cardinal-tapes.com\\\/#website\",\"url\":\"https:\\\/\\\/cardinal-tapes.com\\\/\",\"name\":\"cardinal TAPES\",\"description\":\"Klebetechnik aus Wuppertal\",\"potentialAction\":[{\"@type\":\"SearchAction\",\"target\":{\"@type\":\"EntryPoint\",\"urlTemplate\":\"https:\\\/\\\/cardinal-tapes.com\\\/?s={search_term_string}\"},\"query-input\":{\"@type\":\"PropertyValueSpecification\",\"valueRequired\":true,\"valueName\":\"search_term_string\"}}],\"inLanguage\":\"fr-FR\"}]}<\/script>\n<!-- \/ Yoast SEO plugin. -->","yoast_head_json":{"title":"Les avantages du ruban adh\u00e9sif cr\u00eap\u00e9 3M\u2122 2525 | Cardinal TAPES","description":"Le ruban adh\u00e9sif de masquage 3M\u2122 2525 est un ruban adh\u00e9sif en papier \u00e9pais destin\u00e9 aux applications n\u00e9cessitant une force d'adh\u00e9rence \u00e9lev\u00e9e, une bonne r\u00e9sistance \u00e0 la temp\u00e9rature et un papier support solide.","robots":{"index":"index","follow":"follow","max-snippet":"max-snippet:-1","max-image-preview":"max-image-preview:large","max-video-preview":"max-video-preview:-1"},"canonical":"https:\/\/cardinal-tapes.com\/fr\/rubans-adh\u00e9sifs\/rubans-adhesifs-simple-face\/3m-2525-abdeckklebeband\/","og_locale":"fr_FR","og_type":"article","og_title":"Les avantages du ruban adh\u00e9sif cr\u00eap\u00e9 3M\u2122 2525 | Cardinal TAPES","og_description":"Le ruban adh\u00e9sif de masquage 3M\u2122 2525 est un ruban adh\u00e9sif en papier \u00e9pais destin\u00e9 aux applications n\u00e9cessitant une force d'adh\u00e9rence \u00e9lev\u00e9e, une bonne r\u00e9sistance \u00e0 la temp\u00e9rature et un papier support solide.","og_url":"https:\/\/cardinal-tapes.com\/fr\/rubans-adh\u00e9sifs\/rubans-adhesifs-simple-face\/3m-2525-abdeckklebeband\/","og_site_name":"cardinal TAPES","og_image":[{"width":600,"height":600,"url":"https:\/\/cardinal-tapes.com\/wp-content\/uploads\/3m_kreppklebeband_2525.jpg","type":"image\/jpeg"}],"twitter_card":"summary_large_image","schema":{"@context":"https:\/\/schema.org","@graph":[{"@type":"WebPage","@id":"https:\/\/cardinal-tapes.com\/fr\/rubans-adh\u00e9sifs\/rubans-adhesifs-simple-face\/3m-2525-abdeckklebeband\/","url":"https:\/\/cardinal-tapes.com\/fr\/rubans-adh\u00e9sifs\/rubans-adhesifs-simple-face\/3m-2525-abdeckklebeband\/","name":"Les avantages du ruban adh\u00e9sif cr\u00eap\u00e9 3M\u2122 2525 | Cardinal TAPES","isPartOf":{"@id":"https:\/\/cardinal-tapes.com\/#website"},"primaryImageOfPage":{"@id":"https:\/\/cardinal-tapes.com\/fr\/rubans-adh\u00e9sifs\/rubans-adhesifs-simple-face\/3m-2525-abdeckklebeband\/#primaryimage"},"image":{"@id":"https:\/\/cardinal-tapes.com\/fr\/rubans-adh\u00e9sifs\/rubans-adhesifs-simple-face\/3m-2525-abdeckklebeband\/#primaryimage"},"thumbnailUrl":"https:\/\/cardinal-tapes.com\/wp-content\/uploads\/3m_kreppklebeband_2525.jpg","datePublished":"2023-06-06T08:19:41+00:00","description":"Le ruban adh\u00e9sif de masquage 3M\u2122 2525 est un ruban adh\u00e9sif en papier \u00e9pais destin\u00e9 aux applications n\u00e9cessitant une force d'adh\u00e9rence \u00e9lev\u00e9e, une bonne r\u00e9sistance \u00e0 la temp\u00e9rature et un papier support solide.","breadcrumb":{"@id":"https:\/\/cardinal-tapes.com\/fr\/rubans-adh\u00e9sifs\/rubans-adhesifs-simple-face\/3m-2525-abdeckklebeband\/#breadcrumb"},"inLanguage":"fr-FR","potentialAction":[{"@type":"ReadAction","target":["https:\/\/cardinal-tapes.com\/fr\/rubans-adh\u00e9sifs\/rubans-adhesifs-simple-face\/3m-2525-abdeckklebeband\/"]}]},{"@type":"ImageObject","inLanguage":"fr-FR","@id":"https:\/\/cardinal-tapes.com\/fr\/rubans-adh\u00e9sifs\/rubans-adhesifs-simple-face\/3m-2525-abdeckklebeband\/#primaryimage","url":"https:\/\/cardinal-tapes.com\/wp-content\/uploads\/3m_kreppklebeband_2525.jpg","contentUrl":"https:\/\/cardinal-tapes.com\/wp-content\/uploads\/3m_kreppklebeband_2525.jpg","width":600,"height":600,"caption":"3M ruban adh\u00e9sif cr\u00eap\u00e9 2525"},{"@type":"BreadcrumbList","@id":"https:\/\/cardinal-tapes.com\/fr\/rubans-adh\u00e9sifs\/rubans-adhesifs-simple-face\/3m-2525-abdeckklebeband\/#breadcrumb","itemListElement":[{"@type":"ListItem","position":1,"name":"Startseite","item":"https:\/\/cardinal-tapes.com\/fr\/accueil\/"},{"@type":"ListItem","position":2,"name":"Rubans adh\u00e9sifs","item":"https:\/\/cardinal-tapes.com\/fr\/rubans-adhesifs-fr\/"},{"@type":"ListItem","position":3,"name":"Rubans adh\u00e9sifs simple face","item":"https:\/\/cardinal-tapes.com\/fr\/catgorie\/rubans-adhesifs-simple-face\/"},{"@type":"ListItem","position":4,"name":"3M\u2122 Ruban adh\u00e9sif cr\u00eap\u00e9 2525"}]},{"@type":"WebSite","@id":"https:\/\/cardinal-tapes.com\/#website","url":"https:\/\/cardinal-tapes.com\/","name":"cardinal TAPES","description":"Klebetechnik aus Wuppertal","potentialAction":[{"@type":"SearchAction","target":{"@type":"EntryPoint","urlTemplate":"https:\/\/cardinal-tapes.com\/?s={search_term_string}"},"query-input":{"@type":"PropertyValueSpecification","valueRequired":true,"valueName":"search_term_string"}}],"inLanguage":"fr-FR"}]}},"brands":[{"id":2167,"name":"3M","slug":"3m-fr"}],"_links":{"self":[{"href":"https:\/\/cardinal-tapes.com\/fr\/wp-json\/wp\/v2\/product\/61378","targetHints":{"allow":["GET"]}}],"collection":[{"href":"https:\/\/cardinal-tapes.com\/fr\/wp-json\/wp\/v2\/product"}],"about":[{"href":"https:\/\/cardinal-tapes.com\/fr\/wp-json\/wp\/v2\/types\/product"}],"wp:featuredmedia":[{"embeddable":true,"href":"https:\/\/cardinal-tapes.com\/fr\/wp-json\/wp\/v2\/media\/24452"}],"wp:attachment":[{"href":"https:\/\/cardinal-tapes.com\/fr\/wp-json\/wp\/v2\/media?parent=61378"}],"wp:term":[{"taxonomy":"pwb-brand","embeddable":true,"href":"https:\/\/cardinal-tapes.com\/fr\/wp-json\/wp\/v2\/pwb-brand?post=61378"},{"taxonomy":"product_brand","embeddable":true,"href":"https:\/\/cardinal-tapes.com\/fr\/wp-json\/wp\/v2\/product_brand?post=61378"},{"taxonomy":"product_cat","embeddable":true,"href":"https:\/\/cardinal-tapes.com\/fr\/wp-json\/wp\/v2\/product_cat?post=61378"},{"taxonomy":"product_tag","embeddable":true,"href":"https:\/\/cardinal-tapes.com\/fr\/wp-json\/wp\/v2\/product_tag?post=61378"}],"curies":[{"name":"wp","href":"https:\/\/api.w.org\/{rel}","templated":true}]}}