{"id":61335,"date":"2017-12-08T09:44:32","date_gmt":"2023-06-06T08:19:39","guid":{"rendered":"https:\/\/cardinal.pixel-tal.de\/klebebaender\/non%20class\u00e9\/3m-ruban-adhesif-en-pvc-souple-472\/"},"modified":"2025-07-07T16:49:29","modified_gmt":"2025-07-07T14:49:29","slug":"3m-472-weich-pvc-klebeband","status":"publish","type":"product","link":"https:\/\/cardinal-tapes.com\/fr\/rubans-adh\u00e9sifs\/rubans-adhesifs-simple-face\/film-pvc\/3m-472-weich-pvc-klebeband\/","title":{"rendered":"3M\u2122 Ruban adh\u00e9sif en PVC souple 472"},"content":{"rendered":"<p>Le ruban adh\u00e9sif en PVC souple 3M\u2122 472 a \u00e9t\u00e9 con\u00e7u avec des propri\u00e9t\u00e9s d&#8217;\u00e9tirement uniques et s&#8217;adapte aux surfaces de forme tridimensionnelle, incurv\u00e9es et convexes, tout en restant \u00e9tir\u00e9 et sans \u00eatre soulev\u00e9 apr\u00e8s l&#8217;application. La combinaison du support et des propri\u00e9t\u00e9s de l&#8217;adh\u00e9sif contribue \u00e0 ce que le ruban adh\u00e9sif reste bien en place, m\u00eame dans des conditions difficiles et \u00e0 l&#8217;ext\u00e9rieur.<\/p>\n<p><strong>Caract\u00e9ristiques<br \/>\n<\/strong>Le ruban adh\u00e9sif en PVC souple est un ruban r\u00e9sistant au vieillissement et aux intemp\u00e9ries qui, gr\u00e2ce \u00e0 son adh\u00e9sif caoutchouc-r\u00e9sine, adh\u00e8re de mani\u00e8re agressive \u00e0 une grande vari\u00e9t\u00e9 de surfaces, ce qui permet de l&#8217;utiliser pour des applications \u00e0 long terme, jusqu&#8217;\u00e0 3 ans, \u00e0 l&#8217;int\u00e9rieur comme \u00e0 l&#8217;ext\u00e9rieur. De plus, le ruban adh\u00e9sif 472 r\u00e9siste aux solvants les plus courants.<\/p>\n<p><b>Applications<br \/>\n<\/b>&#8211; Protection, \u00e9pissure et fermeture exigeantes<br \/>\n&#8211; Barri\u00e8re contre la corrosion entre les m\u00e9taux<\/p>\n","protected":false},"excerpt":{"rendered":"<p>Le ruban adh\u00e9sif en PVC souple 3M\u2122 472 a \u00e9t\u00e9 con\u00e7u avec des propri\u00e9t\u00e9s d&#8217;\u00e9tirement uniques et s&#8217;adapte aux surfaces de forme tridimensionnelle, incurv\u00e9es et convexes, tout en restant \u00e9tir\u00e9 et sans \u00eatre soulev\u00e9 apr\u00e8s l&#8217;application. La combinaison du support et des propri\u00e9t\u00e9s de l&#8217;adh\u00e9sif contribue \u00e0 ce que le ruban adh\u00e9sif reste bien en [&hellip;]<\/p>\n","protected":false},"featured_media":24416,"template":"","meta":{"_acf_changed":false},"pwb-brand":[2167],"product_brand":[],"product_cat":[1836,1841],"product_tag":[],"class_list":{"0":"post-61335","1":"product","2":"type-product","3":"status-publish","4":"has-post-thumbnail","6":"pwb-brand-3m-fr","7":"product_cat-rubans-adhesifs-simple-face","8":"product_cat-film-pvc","10":"first","11":"instock","12":"taxable","13":"shipping-taxable","14":"purchasable","15":"product-type-variable"},"acf":[],"yoast_head":"<!-- This site is optimized with the Yoast SEO plugin v27.3 - https:\/\/yoast.com\/product\/yoast-seo-wordpress\/ -->\n<title>3M\u2122 472 Ruban adh\u00e9sif en PVC souple | Cardinal TAPES<\/title>\n<meta name=\"description\" content=\"Le ruban adh\u00e9sif en PVC souple 3M\u2122 472a \u00e9t\u00e9 con\u00e7u avec des propri\u00e9t\u00e9s d&#039;\u00e9tirement uniques et s&#039;adapte aux surfaces de forme tridimensionnelle, incurv\u00e9es et convexes, tout en restant \u00e9tir\u00e9 et sans \u00eatre soulev\u00e9 apr\u00e8s l&#039;application.\" \/>\n<meta name=\"robots\" content=\"index, follow, max-snippet:-1, max-image-preview:large, max-video-preview:-1\" \/>\n<link rel=\"canonical\" href=\"https:\/\/cardinal-tapes.com\/fr\/rubans-adh\u00e9sifs\/rubans-adhesifs-simple-face\/film-pvc\/3m-472-weich-pvc-klebeband\/\" \/>\n<meta property=\"og:locale\" content=\"fr_FR\" \/>\n<meta property=\"og:type\" content=\"article\" \/>\n<meta property=\"og:title\" content=\"3M\u2122 472 Ruban adh\u00e9sif en PVC souple | Cardinal TAPES\" \/>\n<meta property=\"og:description\" content=\"Le ruban adh\u00e9sif en PVC souple 3M\u2122 472a \u00e9t\u00e9 con\u00e7u avec des propri\u00e9t\u00e9s d&#039;\u00e9tirement uniques et s&#039;adapte aux surfaces de forme tridimensionnelle, incurv\u00e9es et convexes, tout en restant \u00e9tir\u00e9 et sans \u00eatre soulev\u00e9 apr\u00e8s l&#039;application.\" \/>\n<meta property=\"og:url\" content=\"https:\/\/cardinal-tapes.com\/fr\/rubans-adh\u00e9sifs\/rubans-adhesifs-simple-face\/film-pvc\/3m-472-weich-pvc-klebeband\/\" \/>\n<meta property=\"og:site_name\" content=\"cardinal TAPES\" \/>\n<meta property=\"article:modified_time\" content=\"2025-07-07T14:49:29+00:00\" \/>\n<meta property=\"og:image\" content=\"https:\/\/cardinal-tapes.com\/wp-content\/uploads\/3m_weich_pvc_472.jpg\" \/>\n\t<meta property=\"og:image:width\" content=\"600\" \/>\n\t<meta property=\"og:image:height\" content=\"600\" \/>\n\t<meta property=\"og:image:type\" content=\"image\/jpeg\" \/>\n<meta name=\"twitter:card\" content=\"summary_large_image\" \/>\n<meta name=\"twitter:label1\" content=\"Dur\u00e9e de lecture estim\u00e9e\" \/>\n\t<meta name=\"twitter:data1\" content=\"1 minute\" \/>\n<script type=\"application\/ld+json\" class=\"yoast-schema-graph\">{\"@context\":\"https:\\\/\\\/schema.org\",\"@graph\":[{\"@type\":\"WebPage\",\"@id\":\"https:\\\/\\\/cardinal-tapes.com\\\/fr\\\/rubans-adh\u00e9sifs\\\/rubans-adhesifs-simple-face\\\/film-pvc\\\/3m-472-weich-pvc-klebeband\\\/\",\"url\":\"https:\\\/\\\/cardinal-tapes.com\\\/fr\\\/rubans-adh\u00e9sifs\\\/rubans-adhesifs-simple-face\\\/film-pvc\\\/3m-472-weich-pvc-klebeband\\\/\",\"name\":\"3M\u2122 472 Ruban adh\u00e9sif en PVC souple | Cardinal TAPES\",\"isPartOf\":{\"@id\":\"https:\\\/\\\/cardinal-tapes.com\\\/#website\"},\"primaryImageOfPage\":{\"@id\":\"https:\\\/\\\/cardinal-tapes.com\\\/fr\\\/rubans-adh\u00e9sifs\\\/rubans-adhesifs-simple-face\\\/film-pvc\\\/3m-472-weich-pvc-klebeband\\\/#primaryimage\"},\"image\":{\"@id\":\"https:\\\/\\\/cardinal-tapes.com\\\/fr\\\/rubans-adh\u00e9sifs\\\/rubans-adhesifs-simple-face\\\/film-pvc\\\/3m-472-weich-pvc-klebeband\\\/#primaryimage\"},\"thumbnailUrl\":\"https:\\\/\\\/cardinal-tapes.com\\\/wp-content\\\/uploads\\\/3m_weich_pvc_472.jpg\",\"datePublished\":\"2023-06-06T08:19:39+00:00\",\"dateModified\":\"2025-07-07T14:49:29+00:00\",\"description\":\"Le ruban adh\u00e9sif en PVC souple 3M\u2122 472a \u00e9t\u00e9 con\u00e7u avec des propri\u00e9t\u00e9s d'\u00e9tirement uniques et s'adapte aux surfaces de forme tridimensionnelle, incurv\u00e9es et convexes, tout en restant \u00e9tir\u00e9 et sans \u00eatre soulev\u00e9 apr\u00e8s l'application.\",\"breadcrumb\":{\"@id\":\"https:\\\/\\\/cardinal-tapes.com\\\/fr\\\/rubans-adh\u00e9sifs\\\/rubans-adhesifs-simple-face\\\/film-pvc\\\/3m-472-weich-pvc-klebeband\\\/#breadcrumb\"},\"inLanguage\":\"fr-FR\",\"potentialAction\":[{\"@type\":\"ReadAction\",\"target\":[\"https:\\\/\\\/cardinal-tapes.com\\\/fr\\\/rubans-adh\u00e9sifs\\\/rubans-adhesifs-simple-face\\\/film-pvc\\\/3m-472-weich-pvc-klebeband\\\/\"]}]},{\"@type\":\"ImageObject\",\"inLanguage\":\"fr-FR\",\"@id\":\"https:\\\/\\\/cardinal-tapes.com\\\/fr\\\/rubans-adh\u00e9sifs\\\/rubans-adhesifs-simple-face\\\/film-pvc\\\/3m-472-weich-pvc-klebeband\\\/#primaryimage\",\"url\":\"https:\\\/\\\/cardinal-tapes.com\\\/wp-content\\\/uploads\\\/3m_weich_pvc_472.jpg\",\"contentUrl\":\"https:\\\/\\\/cardinal-tapes.com\\\/wp-content\\\/uploads\\\/3m_weich_pvc_472.jpg\",\"width\":600,\"height\":600,\"caption\":\"Ruban adh\u00e9sif 3M PVC 472\"},{\"@type\":\"BreadcrumbList\",\"@id\":\"https:\\\/\\\/cardinal-tapes.com\\\/fr\\\/rubans-adh\u00e9sifs\\\/rubans-adhesifs-simple-face\\\/film-pvc\\\/3m-472-weich-pvc-klebeband\\\/#breadcrumb\",\"itemListElement\":[{\"@type\":\"ListItem\",\"position\":1,\"name\":\"Startseite\",\"item\":\"https:\\\/\\\/cardinal-tapes.com\\\/fr\\\/accueil\\\/\"},{\"@type\":\"ListItem\",\"position\":2,\"name\":\"Rubans adh\u00e9sifs\",\"item\":\"https:\\\/\\\/cardinal-tapes.com\\\/fr\\\/rubans-adhesifs-fr\\\/\"},{\"@type\":\"ListItem\",\"position\":3,\"name\":\"Rubans adh\u00e9sifs simple face\",\"item\":\"https:\\\/\\\/cardinal-tapes.com\\\/fr\\\/catgorie\\\/rubans-adhesifs-simple-face\\\/\"},{\"@type\":\"ListItem\",\"position\":4,\"name\":\"Film PVC\",\"item\":\"https:\\\/\\\/cardinal-tapes.com\\\/fr\\\/catgorie\\\/film-pvc\\\/\"},{\"@type\":\"ListItem\",\"position\":5,\"name\":\"3M\u2122 Ruban adh\u00e9sif en PVC souple 472\"}]},{\"@type\":\"WebSite\",\"@id\":\"https:\\\/\\\/cardinal-tapes.com\\\/#website\",\"url\":\"https:\\\/\\\/cardinal-tapes.com\\\/\",\"name\":\"cardinal TAPES\",\"description\":\"Klebetechnik aus Wuppertal\",\"potentialAction\":[{\"@type\":\"SearchAction\",\"target\":{\"@type\":\"EntryPoint\",\"urlTemplate\":\"https:\\\/\\\/cardinal-tapes.com\\\/?s={search_term_string}\"},\"query-input\":{\"@type\":\"PropertyValueSpecification\",\"valueRequired\":true,\"valueName\":\"search_term_string\"}}],\"inLanguage\":\"fr-FR\"}]}<\/script>\n<!-- \/ Yoast SEO plugin. -->","yoast_head_json":{"title":"3M\u2122 472 Ruban adh\u00e9sif en PVC souple | Cardinal TAPES","description":"Le ruban adh\u00e9sif en PVC souple 3M\u2122 472a \u00e9t\u00e9 con\u00e7u avec des propri\u00e9t\u00e9s d'\u00e9tirement uniques et s'adapte aux surfaces de forme tridimensionnelle, incurv\u00e9es et convexes, tout en restant \u00e9tir\u00e9 et sans \u00eatre soulev\u00e9 apr\u00e8s l'application.","robots":{"index":"index","follow":"follow","max-snippet":"max-snippet:-1","max-image-preview":"max-image-preview:large","max-video-preview":"max-video-preview:-1"},"canonical":"https:\/\/cardinal-tapes.com\/fr\/rubans-adh\u00e9sifs\/rubans-adhesifs-simple-face\/film-pvc\/3m-472-weich-pvc-klebeband\/","og_locale":"fr_FR","og_type":"article","og_title":"3M\u2122 472 Ruban adh\u00e9sif en PVC souple | Cardinal TAPES","og_description":"Le ruban adh\u00e9sif en PVC souple 3M\u2122 472a \u00e9t\u00e9 con\u00e7u avec des propri\u00e9t\u00e9s d'\u00e9tirement uniques et s'adapte aux surfaces de forme tridimensionnelle, incurv\u00e9es et convexes, tout en restant \u00e9tir\u00e9 et sans \u00eatre soulev\u00e9 apr\u00e8s l'application.","og_url":"https:\/\/cardinal-tapes.com\/fr\/rubans-adh\u00e9sifs\/rubans-adhesifs-simple-face\/film-pvc\/3m-472-weich-pvc-klebeband\/","og_site_name":"cardinal TAPES","article_modified_time":"2025-07-07T14:49:29+00:00","og_image":[{"width":600,"height":600,"url":"https:\/\/cardinal-tapes.com\/wp-content\/uploads\/3m_weich_pvc_472.jpg","type":"image\/jpeg"}],"twitter_card":"summary_large_image","twitter_misc":{"Dur\u00e9e de lecture estim\u00e9e":"1 minute"},"schema":{"@context":"https:\/\/schema.org","@graph":[{"@type":"WebPage","@id":"https:\/\/cardinal-tapes.com\/fr\/rubans-adh\u00e9sifs\/rubans-adhesifs-simple-face\/film-pvc\/3m-472-weich-pvc-klebeband\/","url":"https:\/\/cardinal-tapes.com\/fr\/rubans-adh\u00e9sifs\/rubans-adhesifs-simple-face\/film-pvc\/3m-472-weich-pvc-klebeband\/","name":"3M\u2122 472 Ruban adh\u00e9sif en PVC souple | Cardinal TAPES","isPartOf":{"@id":"https:\/\/cardinal-tapes.com\/#website"},"primaryImageOfPage":{"@id":"https:\/\/cardinal-tapes.com\/fr\/rubans-adh\u00e9sifs\/rubans-adhesifs-simple-face\/film-pvc\/3m-472-weich-pvc-klebeband\/#primaryimage"},"image":{"@id":"https:\/\/cardinal-tapes.com\/fr\/rubans-adh\u00e9sifs\/rubans-adhesifs-simple-face\/film-pvc\/3m-472-weich-pvc-klebeband\/#primaryimage"},"thumbnailUrl":"https:\/\/cardinal-tapes.com\/wp-content\/uploads\/3m_weich_pvc_472.jpg","datePublished":"2023-06-06T08:19:39+00:00","dateModified":"2025-07-07T14:49:29+00:00","description":"Le ruban adh\u00e9sif en PVC souple 3M\u2122 472a \u00e9t\u00e9 con\u00e7u avec des propri\u00e9t\u00e9s d'\u00e9tirement uniques et s'adapte aux surfaces de forme tridimensionnelle, incurv\u00e9es et convexes, tout en restant \u00e9tir\u00e9 et sans \u00eatre soulev\u00e9 apr\u00e8s l'application.","breadcrumb":{"@id":"https:\/\/cardinal-tapes.com\/fr\/rubans-adh\u00e9sifs\/rubans-adhesifs-simple-face\/film-pvc\/3m-472-weich-pvc-klebeband\/#breadcrumb"},"inLanguage":"fr-FR","potentialAction":[{"@type":"ReadAction","target":["https:\/\/cardinal-tapes.com\/fr\/rubans-adh\u00e9sifs\/rubans-adhesifs-simple-face\/film-pvc\/3m-472-weich-pvc-klebeband\/"]}]},{"@type":"ImageObject","inLanguage":"fr-FR","@id":"https:\/\/cardinal-tapes.com\/fr\/rubans-adh\u00e9sifs\/rubans-adhesifs-simple-face\/film-pvc\/3m-472-weich-pvc-klebeband\/#primaryimage","url":"https:\/\/cardinal-tapes.com\/wp-content\/uploads\/3m_weich_pvc_472.jpg","contentUrl":"https:\/\/cardinal-tapes.com\/wp-content\/uploads\/3m_weich_pvc_472.jpg","width":600,"height":600,"caption":"Ruban adh\u00e9sif 3M PVC 472"},{"@type":"BreadcrumbList","@id":"https:\/\/cardinal-tapes.com\/fr\/rubans-adh\u00e9sifs\/rubans-adhesifs-simple-face\/film-pvc\/3m-472-weich-pvc-klebeband\/#breadcrumb","itemListElement":[{"@type":"ListItem","position":1,"name":"Startseite","item":"https:\/\/cardinal-tapes.com\/fr\/accueil\/"},{"@type":"ListItem","position":2,"name":"Rubans adh\u00e9sifs","item":"https:\/\/cardinal-tapes.com\/fr\/rubans-adhesifs-fr\/"},{"@type":"ListItem","position":3,"name":"Rubans adh\u00e9sifs simple face","item":"https:\/\/cardinal-tapes.com\/fr\/catgorie\/rubans-adhesifs-simple-face\/"},{"@type":"ListItem","position":4,"name":"Film PVC","item":"https:\/\/cardinal-tapes.com\/fr\/catgorie\/film-pvc\/"},{"@type":"ListItem","position":5,"name":"3M\u2122 Ruban adh\u00e9sif en PVC souple 472"}]},{"@type":"WebSite","@id":"https:\/\/cardinal-tapes.com\/#website","url":"https:\/\/cardinal-tapes.com\/","name":"cardinal TAPES","description":"Klebetechnik aus Wuppertal","potentialAction":[{"@type":"SearchAction","target":{"@type":"EntryPoint","urlTemplate":"https:\/\/cardinal-tapes.com\/?s={search_term_string}"},"query-input":{"@type":"PropertyValueSpecification","valueRequired":true,"valueName":"search_term_string"}}],"inLanguage":"fr-FR"}]}},"brands":[{"id":2167,"name":"3M","slug":"3m-fr"}],"_links":{"self":[{"href":"https:\/\/cardinal-tapes.com\/fr\/wp-json\/wp\/v2\/product\/61335","targetHints":{"allow":["GET"]}}],"collection":[{"href":"https:\/\/cardinal-tapes.com\/fr\/wp-json\/wp\/v2\/product"}],"about":[{"href":"https:\/\/cardinal-tapes.com\/fr\/wp-json\/wp\/v2\/types\/product"}],"wp:featuredmedia":[{"embeddable":true,"href":"https:\/\/cardinal-tapes.com\/fr\/wp-json\/wp\/v2\/media\/24416"}],"wp:attachment":[{"href":"https:\/\/cardinal-tapes.com\/fr\/wp-json\/wp\/v2\/media?parent=61335"}],"wp:term":[{"taxonomy":"pwb-brand","embeddable":true,"href":"https:\/\/cardinal-tapes.com\/fr\/wp-json\/wp\/v2\/pwb-brand?post=61335"},{"taxonomy":"product_brand","embeddable":true,"href":"https:\/\/cardinal-tapes.com\/fr\/wp-json\/wp\/v2\/product_brand?post=61335"},{"taxonomy":"product_cat","embeddable":true,"href":"https:\/\/cardinal-tapes.com\/fr\/wp-json\/wp\/v2\/product_cat?post=61335"},{"taxonomy":"product_tag","embeddable":true,"href":"https:\/\/cardinal-tapes.com\/fr\/wp-json\/wp\/v2\/product_tag?post=61335"}],"curies":[{"name":"wp","href":"https:\/\/api.w.org\/{rel}","templated":true}]}}