{"id":60882,"date":"2017-12-08T09:45:53","date_gmt":"2023-06-06T08:09:52","guid":{"rendered":"https:\/\/cardinal.pixel-tal.de\/klebebaender\/non%20class\u00e9\/3m-ruban-adhesif-en-pvc-a-usage-general-764\/"},"modified":"2025-07-03T16:10:35","modified_gmt":"2025-07-03T14:10:35","slug":"ruban-adhesif-3m-764-pvc","status":"publish","type":"product","link":"https:\/\/cardinal-tapes.com\/fr\/rubans-adh\u00e9sifs\/rubans-adhesifs-simple-face\/film-pvc\/ruban-adhesif-3m-764-pvc\/","title":{"rendered":"3M\u2122 Ruban adh\u00e9sif en PVC \u00e0 usage g\u00e9n\u00e9ral 764"},"content":{"rendered":"<p>Le ruban adh\u00e9sif en PVC souple 3M\u2122 est adapt\u00e9 \u00e0 toutes les applications non critiques. Utilisez ce ruban adh\u00e9sif, par exemple, pour de simples marquages de couleur, pour faire des paquets, pour marquer temporairement des pi\u00e8ces ou des machines et pour bien d&#8217;autres usages. Ils peuvent \u00e9galement l&#8217;utiliser pour prot\u00e9ger des composants, des appareils et des produits contre l&#8217;abrasion.<\/p>\n<p><strong>Caract\u00e9ristiques<\/strong><br \/>\nLe ruban adh\u00e9sif en PVC souple se caract\u00e9rise par une bonne r\u00e9sistance \u00e0 la corrosion et est en outre flexible, r\u00e9sistant \u00e0 l&#8217;abrasion et souple. De plus, il r\u00e9siste aux solvants et \u00e0 l&#8217;humidit\u00e9.<\/p>\n<p><strong>Applications<br \/>\n<\/strong>&#8211; Marquage de zones \u00e0 faible sollicitation quotidienne ainsi que de murs et de canalisations<br \/>\n&#8211; Fixation et mise en faisceau g\u00e9n\u00e9rales<br \/>\n&#8211; Marquage de pi\u00e8ces ou de machines<br \/>\n&#8211; Protection de pi\u00e8ces, d&#8217;installations ou de produits contre l&#8217;abrasion<br \/>\n&#8211; Collage, enrobage ou \u00e9tanch\u00e9it\u00e9 de nombreuses surfaces courbes ou de forme tridimensionnelle<\/p>\n","protected":false},"excerpt":{"rendered":"<p>Le ruban adh\u00e9sif en PVC souple 3M\u2122 est adapt\u00e9 \u00e0 toutes les applications non critiques. Utilisez ce ruban adh\u00e9sif, par exemple, pour de simples marquages de couleur, pour faire des paquets, pour marquer temporairement des pi\u00e8ces ou des machines et pour bien d&#8217;autres usages. Ils peuvent \u00e9galement l&#8217;utiliser pour prot\u00e9ger des composants, des appareils et [&hellip;]<\/p>\n","protected":false},"featured_media":24408,"template":"","meta":{"_acf_changed":false},"pwb-brand":[2167],"product_brand":[],"product_cat":[1836,1841],"product_tag":[],"class_list":{"0":"post-60882","1":"product","2":"type-product","3":"status-publish","4":"has-post-thumbnail","6":"pwb-brand-3m-fr","7":"product_cat-rubans-adhesifs-simple-face","8":"product_cat-film-pvc","10":"first","11":"instock","12":"taxable","13":"shipping-taxable","14":"purchasable","15":"product-type-variable"},"acf":[],"yoast_head":"<!-- This site is optimized with the Yoast SEO plugin v27.3 - https:\/\/yoast.com\/product\/yoast-seo-wordpress\/ -->\n<title>3M\u2122 764 Ruban adh\u00e9sif en PVC \u00e0 usage g\u00e9n\u00e9ral | Cardinal TAPES<\/title>\n<meta name=\"description\" content=\"Le ruban adh\u00e9sif en PVC souple 3M offre une solution \u00e9conomique pour marquer, regrouper et sceller diff\u00e9rents mat\u00e9riaux et surfaces. En savoir plus.\" \/>\n<meta name=\"robots\" content=\"index, follow, max-snippet:-1, max-image-preview:large, max-video-preview:-1\" \/>\n<link rel=\"canonical\" href=\"https:\/\/cardinal-tapes.com\/fr\/rubans-adh\u00e9sifs\/rubans-adhesifs-simple-face\/film-pvc\/ruban-adhesif-3m-764-pvc\/\" \/>\n<meta property=\"og:locale\" content=\"fr_FR\" \/>\n<meta property=\"og:type\" content=\"article\" \/>\n<meta property=\"og:title\" content=\"3M\u2122 764 Ruban adh\u00e9sif en PVC \u00e0 usage g\u00e9n\u00e9ral | Cardinal TAPES\" \/>\n<meta property=\"og:description\" content=\"Le ruban adh\u00e9sif en PVC souple 3M offre une solution \u00e9conomique pour marquer, regrouper et sceller diff\u00e9rents mat\u00e9riaux et surfaces. En savoir plus.\" \/>\n<meta property=\"og:url\" content=\"https:\/\/cardinal-tapes.com\/fr\/rubans-adh\u00e9sifs\/rubans-adhesifs-simple-face\/film-pvc\/ruban-adhesif-3m-764-pvc\/\" \/>\n<meta property=\"og:site_name\" content=\"cardinal TAPES\" \/>\n<meta property=\"article:modified_time\" content=\"2025-07-03T14:10:35+00:00\" \/>\n<meta property=\"og:image\" content=\"https:\/\/cardinal-tapes.com\/wp-content\/uploads\/3m_scotch_allzweck_weich_pvc_764.jpg\" \/>\n\t<meta property=\"og:image:width\" content=\"600\" \/>\n\t<meta property=\"og:image:height\" content=\"600\" \/>\n\t<meta property=\"og:image:type\" content=\"image\/jpeg\" \/>\n<meta name=\"twitter:card\" content=\"summary_large_image\" \/>\n<meta name=\"twitter:label1\" content=\"Dur\u00e9e de lecture estim\u00e9e\" \/>\n\t<meta name=\"twitter:data1\" content=\"1 minute\" \/>\n<script type=\"application\/ld+json\" class=\"yoast-schema-graph\">{\"@context\":\"https:\\\/\\\/schema.org\",\"@graph\":[{\"@type\":\"WebPage\",\"@id\":\"https:\\\/\\\/cardinal-tapes.com\\\/fr\\\/rubans-adh\u00e9sifs\\\/rubans-adhesifs-simple-face\\\/film-pvc\\\/ruban-adhesif-3m-764-pvc\\\/\",\"url\":\"https:\\\/\\\/cardinal-tapes.com\\\/fr\\\/rubans-adh\u00e9sifs\\\/rubans-adhesifs-simple-face\\\/film-pvc\\\/ruban-adhesif-3m-764-pvc\\\/\",\"name\":\"3M\u2122 764 Ruban adh\u00e9sif en PVC \u00e0 usage g\u00e9n\u00e9ral | Cardinal TAPES\",\"isPartOf\":{\"@id\":\"https:\\\/\\\/cardinal-tapes.com\\\/#website\"},\"primaryImageOfPage\":{\"@id\":\"https:\\\/\\\/cardinal-tapes.com\\\/fr\\\/rubans-adh\u00e9sifs\\\/rubans-adhesifs-simple-face\\\/film-pvc\\\/ruban-adhesif-3m-764-pvc\\\/#primaryimage\"},\"image\":{\"@id\":\"https:\\\/\\\/cardinal-tapes.com\\\/fr\\\/rubans-adh\u00e9sifs\\\/rubans-adhesifs-simple-face\\\/film-pvc\\\/ruban-adhesif-3m-764-pvc\\\/#primaryimage\"},\"thumbnailUrl\":\"https:\\\/\\\/cardinal-tapes.com\\\/wp-content\\\/uploads\\\/3m_scotch_allzweck_weich_pvc_764.jpg\",\"datePublished\":\"2023-06-06T08:09:52+00:00\",\"dateModified\":\"2025-07-03T14:10:35+00:00\",\"description\":\"Le ruban adh\u00e9sif en PVC souple 3M offre une solution \u00e9conomique pour marquer, regrouper et sceller diff\u00e9rents mat\u00e9riaux et surfaces. En savoir plus.\",\"breadcrumb\":{\"@id\":\"https:\\\/\\\/cardinal-tapes.com\\\/fr\\\/rubans-adh\u00e9sifs\\\/rubans-adhesifs-simple-face\\\/film-pvc\\\/ruban-adhesif-3m-764-pvc\\\/#breadcrumb\"},\"inLanguage\":\"fr-FR\",\"potentialAction\":[{\"@type\":\"ReadAction\",\"target\":[\"https:\\\/\\\/cardinal-tapes.com\\\/fr\\\/rubans-adh\u00e9sifs\\\/rubans-adhesifs-simple-face\\\/film-pvc\\\/ruban-adhesif-3m-764-pvc\\\/\"]}]},{\"@type\":\"ImageObject\",\"inLanguage\":\"fr-FR\",\"@id\":\"https:\\\/\\\/cardinal-tapes.com\\\/fr\\\/rubans-adh\u00e9sifs\\\/rubans-adhesifs-simple-face\\\/film-pvc\\\/ruban-adhesif-3m-764-pvc\\\/#primaryimage\",\"url\":\"https:\\\/\\\/cardinal-tapes.com\\\/wp-content\\\/uploads\\\/3m_scotch_allzweck_weich_pvc_764.jpg\",\"contentUrl\":\"https:\\\/\\\/cardinal-tapes.com\\\/wp-content\\\/uploads\\\/3m_scotch_allzweck_weich_pvc_764.jpg\",\"width\":600,\"height\":600,\"caption\":\"Ruban adh\u00e9sif 3M Scotch en PVC 764\"},{\"@type\":\"BreadcrumbList\",\"@id\":\"https:\\\/\\\/cardinal-tapes.com\\\/fr\\\/rubans-adh\u00e9sifs\\\/rubans-adhesifs-simple-face\\\/film-pvc\\\/ruban-adhesif-3m-764-pvc\\\/#breadcrumb\",\"itemListElement\":[{\"@type\":\"ListItem\",\"position\":1,\"name\":\"Startseite\",\"item\":\"https:\\\/\\\/cardinal-tapes.com\\\/fr\\\/accueil\\\/\"},{\"@type\":\"ListItem\",\"position\":2,\"name\":\"Rubans adh\u00e9sifs\",\"item\":\"https:\\\/\\\/cardinal-tapes.com\\\/fr\\\/rubans-adhesifs-fr\\\/\"},{\"@type\":\"ListItem\",\"position\":3,\"name\":\"Rubans adh\u00e9sifs simple face\",\"item\":\"https:\\\/\\\/cardinal-tapes.com\\\/fr\\\/catgorie\\\/rubans-adhesifs-simple-face\\\/\"},{\"@type\":\"ListItem\",\"position\":4,\"name\":\"Film PVC\",\"item\":\"https:\\\/\\\/cardinal-tapes.com\\\/fr\\\/catgorie\\\/film-pvc\\\/\"},{\"@type\":\"ListItem\",\"position\":5,\"name\":\"3M\u2122 Ruban adh\u00e9sif en PVC \u00e0 usage g\u00e9n\u00e9ral 764\"}]},{\"@type\":\"WebSite\",\"@id\":\"https:\\\/\\\/cardinal-tapes.com\\\/#website\",\"url\":\"https:\\\/\\\/cardinal-tapes.com\\\/\",\"name\":\"cardinal TAPES\",\"description\":\"Klebetechnik aus Wuppertal\",\"potentialAction\":[{\"@type\":\"SearchAction\",\"target\":{\"@type\":\"EntryPoint\",\"urlTemplate\":\"https:\\\/\\\/cardinal-tapes.com\\\/?s={search_term_string}\"},\"query-input\":{\"@type\":\"PropertyValueSpecification\",\"valueRequired\":true,\"valueName\":\"search_term_string\"}}],\"inLanguage\":\"fr-FR\"}]}<\/script>\n<!-- \/ Yoast SEO plugin. -->","yoast_head_json":{"title":"3M\u2122 764 Ruban adh\u00e9sif en PVC \u00e0 usage g\u00e9n\u00e9ral | Cardinal TAPES","description":"Le ruban adh\u00e9sif en PVC souple 3M offre une solution \u00e9conomique pour marquer, regrouper et sceller diff\u00e9rents mat\u00e9riaux et surfaces. En savoir plus.","robots":{"index":"index","follow":"follow","max-snippet":"max-snippet:-1","max-image-preview":"max-image-preview:large","max-video-preview":"max-video-preview:-1"},"canonical":"https:\/\/cardinal-tapes.com\/fr\/rubans-adh\u00e9sifs\/rubans-adhesifs-simple-face\/film-pvc\/ruban-adhesif-3m-764-pvc\/","og_locale":"fr_FR","og_type":"article","og_title":"3M\u2122 764 Ruban adh\u00e9sif en PVC \u00e0 usage g\u00e9n\u00e9ral | Cardinal TAPES","og_description":"Le ruban adh\u00e9sif en PVC souple 3M offre une solution \u00e9conomique pour marquer, regrouper et sceller diff\u00e9rents mat\u00e9riaux et surfaces. En savoir plus.","og_url":"https:\/\/cardinal-tapes.com\/fr\/rubans-adh\u00e9sifs\/rubans-adhesifs-simple-face\/film-pvc\/ruban-adhesif-3m-764-pvc\/","og_site_name":"cardinal TAPES","article_modified_time":"2025-07-03T14:10:35+00:00","og_image":[{"width":600,"height":600,"url":"https:\/\/cardinal-tapes.com\/wp-content\/uploads\/3m_scotch_allzweck_weich_pvc_764.jpg","type":"image\/jpeg"}],"twitter_card":"summary_large_image","twitter_misc":{"Dur\u00e9e de lecture estim\u00e9e":"1 minute"},"schema":{"@context":"https:\/\/schema.org","@graph":[{"@type":"WebPage","@id":"https:\/\/cardinal-tapes.com\/fr\/rubans-adh\u00e9sifs\/rubans-adhesifs-simple-face\/film-pvc\/ruban-adhesif-3m-764-pvc\/","url":"https:\/\/cardinal-tapes.com\/fr\/rubans-adh\u00e9sifs\/rubans-adhesifs-simple-face\/film-pvc\/ruban-adhesif-3m-764-pvc\/","name":"3M\u2122 764 Ruban adh\u00e9sif en PVC \u00e0 usage g\u00e9n\u00e9ral | Cardinal TAPES","isPartOf":{"@id":"https:\/\/cardinal-tapes.com\/#website"},"primaryImageOfPage":{"@id":"https:\/\/cardinal-tapes.com\/fr\/rubans-adh\u00e9sifs\/rubans-adhesifs-simple-face\/film-pvc\/ruban-adhesif-3m-764-pvc\/#primaryimage"},"image":{"@id":"https:\/\/cardinal-tapes.com\/fr\/rubans-adh\u00e9sifs\/rubans-adhesifs-simple-face\/film-pvc\/ruban-adhesif-3m-764-pvc\/#primaryimage"},"thumbnailUrl":"https:\/\/cardinal-tapes.com\/wp-content\/uploads\/3m_scotch_allzweck_weich_pvc_764.jpg","datePublished":"2023-06-06T08:09:52+00:00","dateModified":"2025-07-03T14:10:35+00:00","description":"Le ruban adh\u00e9sif en PVC souple 3M offre une solution \u00e9conomique pour marquer, regrouper et sceller diff\u00e9rents mat\u00e9riaux et surfaces. En savoir plus.","breadcrumb":{"@id":"https:\/\/cardinal-tapes.com\/fr\/rubans-adh\u00e9sifs\/rubans-adhesifs-simple-face\/film-pvc\/ruban-adhesif-3m-764-pvc\/#breadcrumb"},"inLanguage":"fr-FR","potentialAction":[{"@type":"ReadAction","target":["https:\/\/cardinal-tapes.com\/fr\/rubans-adh\u00e9sifs\/rubans-adhesifs-simple-face\/film-pvc\/ruban-adhesif-3m-764-pvc\/"]}]},{"@type":"ImageObject","inLanguage":"fr-FR","@id":"https:\/\/cardinal-tapes.com\/fr\/rubans-adh\u00e9sifs\/rubans-adhesifs-simple-face\/film-pvc\/ruban-adhesif-3m-764-pvc\/#primaryimage","url":"https:\/\/cardinal-tapes.com\/wp-content\/uploads\/3m_scotch_allzweck_weich_pvc_764.jpg","contentUrl":"https:\/\/cardinal-tapes.com\/wp-content\/uploads\/3m_scotch_allzweck_weich_pvc_764.jpg","width":600,"height":600,"caption":"Ruban adh\u00e9sif 3M Scotch en PVC 764"},{"@type":"BreadcrumbList","@id":"https:\/\/cardinal-tapes.com\/fr\/rubans-adh\u00e9sifs\/rubans-adhesifs-simple-face\/film-pvc\/ruban-adhesif-3m-764-pvc\/#breadcrumb","itemListElement":[{"@type":"ListItem","position":1,"name":"Startseite","item":"https:\/\/cardinal-tapes.com\/fr\/accueil\/"},{"@type":"ListItem","position":2,"name":"Rubans adh\u00e9sifs","item":"https:\/\/cardinal-tapes.com\/fr\/rubans-adhesifs-fr\/"},{"@type":"ListItem","position":3,"name":"Rubans adh\u00e9sifs simple face","item":"https:\/\/cardinal-tapes.com\/fr\/catgorie\/rubans-adhesifs-simple-face\/"},{"@type":"ListItem","position":4,"name":"Film PVC","item":"https:\/\/cardinal-tapes.com\/fr\/catgorie\/film-pvc\/"},{"@type":"ListItem","position":5,"name":"3M\u2122 Ruban adh\u00e9sif en PVC \u00e0 usage g\u00e9n\u00e9ral 764"}]},{"@type":"WebSite","@id":"https:\/\/cardinal-tapes.com\/#website","url":"https:\/\/cardinal-tapes.com\/","name":"cardinal TAPES","description":"Klebetechnik aus Wuppertal","potentialAction":[{"@type":"SearchAction","target":{"@type":"EntryPoint","urlTemplate":"https:\/\/cardinal-tapes.com\/?s={search_term_string}"},"query-input":{"@type":"PropertyValueSpecification","valueRequired":true,"valueName":"search_term_string"}}],"inLanguage":"fr-FR"}]}},"brands":[{"id":2167,"name":"3M","slug":"3m-fr"}],"_links":{"self":[{"href":"https:\/\/cardinal-tapes.com\/fr\/wp-json\/wp\/v2\/product\/60882","targetHints":{"allow":["GET"]}}],"collection":[{"href":"https:\/\/cardinal-tapes.com\/fr\/wp-json\/wp\/v2\/product"}],"about":[{"href":"https:\/\/cardinal-tapes.com\/fr\/wp-json\/wp\/v2\/types\/product"}],"wp:featuredmedia":[{"embeddable":true,"href":"https:\/\/cardinal-tapes.com\/fr\/wp-json\/wp\/v2\/media\/24408"}],"wp:attachment":[{"href":"https:\/\/cardinal-tapes.com\/fr\/wp-json\/wp\/v2\/media?parent=60882"}],"wp:term":[{"taxonomy":"pwb-brand","embeddable":true,"href":"https:\/\/cardinal-tapes.com\/fr\/wp-json\/wp\/v2\/pwb-brand?post=60882"},{"taxonomy":"product_brand","embeddable":true,"href":"https:\/\/cardinal-tapes.com\/fr\/wp-json\/wp\/v2\/product_brand?post=60882"},{"taxonomy":"product_cat","embeddable":true,"href":"https:\/\/cardinal-tapes.com\/fr\/wp-json\/wp\/v2\/product_cat?post=60882"},{"taxonomy":"product_tag","embeddable":true,"href":"https:\/\/cardinal-tapes.com\/fr\/wp-json\/wp\/v2\/product_tag?post=60882"}],"curies":[{"name":"wp","href":"https:\/\/api.w.org\/{rel}","templated":true}]}}