{"id":60865,"date":"2017-12-08T09:52:03","date_gmt":"2023-06-06T08:09:52","guid":{"rendered":"https:\/\/cardinal.pixel-tal.de\/klebebaender\/non class\u00e9\/3m-3739-ruban-adhesif-demballage\/"},"modified":"2023-06-06T10:09:52","modified_gmt":"2023-06-06T08:09:52","slug":"3m-3739-bande-adhesive-demballage","status":"publish","type":"product","link":"https:\/\/cardinal-tapes.com\/fr\/rubans-adh\u00e9sifs\/domaines-dapplication\/secteur-du-transport\/3m-3739-bande-adhesive-demballage\/","title":{"rendered":"3M\u2122 3739 Ruban adh\u00e9sif d&#8217;emballage"},"content":{"rendered":"<p>Le ruban adh\u00e9sif d&#8217;emballage 3M\u2122 3739 est compos\u00e9 d&#8217;un film de polypropyl\u00e8ne \u00e9tir\u00e9 bi-axialement et d&#8217;un adh\u00e9sif en caoutchouc synth\u00e9tique. Le ruban adh\u00e9sif est ainsi particuli\u00e8rement r\u00e9sistant au cisaillement et pr\u00e9sente une adh\u00e9rence initiale tr\u00e8s \u00e9lev\u00e9e. Le ruban adh\u00e9sif d&#8217;emballage peut \u00eatre facilement utilis\u00e9 \u00e0 temp\u00e9rature ambiante avec un d\u00e9rouleur manuel.<\/p>\n<p><strong>Caract\u00e9ristiques<\/strong><br \/>\nLe ruban adh\u00e9sif conserve sa fonctionnalit\u00e9 aux temp\u00e9ratures habituelles, y compris dans la zone de cong\u00e9lation.<\/p>\n<p><strong>Applications<br \/>\n<\/strong>&#8211; Pour la fermeture de cartons en panneaux de fibres<strong><br \/>\n<\/strong>&#8211; Il peut \u00e9galement \u00eatre utilis\u00e9 pour des fermetures r\u00e9p\u00e9t\u00e9es.<\/p>\n<p>&nbsp;<\/p>\n","protected":false},"excerpt":{"rendered":"<p>Le ruban adh\u00e9sif d&#8217;emballage 3M\u2122 3739 est compos\u00e9 d&#8217;un film de polypropyl\u00e8ne \u00e9tir\u00e9 bi-axialement et d&#8217;un adh\u00e9sif en caoutchouc synth\u00e9tique. Le ruban adh\u00e9sif est ainsi particuli\u00e8rement r\u00e9sistant au cisaillement et pr\u00e9sente une adh\u00e9rence initiale tr\u00e8s \u00e9lev\u00e9e. Le ruban adh\u00e9sif d&#8217;emballage peut \u00eatre facilement utilis\u00e9 \u00e0 temp\u00e9rature ambiante avec un d\u00e9rouleur manuel. Caract\u00e9ristiques Le ruban adh\u00e9sif [&hellip;]<\/p>\n","protected":false},"featured_media":24496,"template":"","meta":{"_acf_changed":false},"pwb-brand":[2167],"product_brand":[],"product_cat":[1772,1859],"product_tag":[],"class_list":{"0":"post-60865","1":"product","2":"type-product","3":"status-publish","4":"has-post-thumbnail","6":"pwb-brand-3m-fr","7":"product_cat-secteur-du-transport","8":"product_cat-systemes-demballage","10":"first","11":"instock","12":"taxable","13":"shipping-taxable","14":"purchasable","15":"product-type-variable"},"acf":[],"yoast_head":"<!-- This site is optimized with the Yoast SEO plugin v27.3 - https:\/\/yoast.com\/product\/yoast-seo-wordpress\/ -->\n<title>3M 3739 Ruban adh\u00e9sif d&#039;emballage | Cardinal TAPES<\/title>\n<meta name=\"description\" content=\"Le ruban adh\u00e9sif d&#039;emballage 3M 3739 est compos\u00e9 d&#039;un film de polypropyl\u00e8ne \u00e9tir\u00e9 bi-axialement et d&#039;un adh\u00e9sif en caoutchouc synth\u00e9tique. En savoir plus.\" \/>\n<meta name=\"robots\" content=\"index, follow, max-snippet:-1, max-image-preview:large, max-video-preview:-1\" \/>\n<link rel=\"canonical\" href=\"https:\/\/cardinal-tapes.com\/fr\/rubans-adh\u00e9sifs\/secteur-du-transport\/3m-3739-bande-adhesive-demballage\/\" \/>\n<meta property=\"og:locale\" content=\"fr_FR\" \/>\n<meta property=\"og:type\" content=\"article\" \/>\n<meta property=\"og:title\" content=\"3M 3739 Ruban adh\u00e9sif d&#039;emballage | Cardinal TAPES\" \/>\n<meta property=\"og:description\" content=\"Le ruban adh\u00e9sif d&#039;emballage 3M 3739 est compos\u00e9 d&#039;un film de polypropyl\u00e8ne \u00e9tir\u00e9 bi-axialement et d&#039;un adh\u00e9sif en caoutchouc synth\u00e9tique. En savoir plus.\" \/>\n<meta property=\"og:url\" content=\"https:\/\/cardinal-tapes.com\/fr\/rubans-adh\u00e9sifs\/secteur-du-transport\/3m-3739-bande-adhesive-demballage\/\" \/>\n<meta property=\"og:site_name\" content=\"cardinal TAPES\" \/>\n<meta property=\"og:image\" content=\"https:\/\/cardinal-tapes.com\/wp-content\/uploads\/3m_scotch_verpackungsklebeband_3739.jpg\" \/>\n\t<meta property=\"og:image:width\" content=\"600\" \/>\n\t<meta property=\"og:image:height\" content=\"600\" \/>\n\t<meta property=\"og:image:type\" content=\"image\/jpeg\" \/>\n<meta name=\"twitter:card\" content=\"summary_large_image\" \/>\n<meta name=\"twitter:label1\" content=\"Dur\u00e9e de lecture estim\u00e9e\" \/>\n\t<meta name=\"twitter:data1\" content=\"1 minute\" \/>\n<script type=\"application\/ld+json\" class=\"yoast-schema-graph\">{\"@context\":\"https:\\\/\\\/schema.org\",\"@graph\":[{\"@type\":\"WebPage\",\"@id\":\"https:\\\/\\\/cardinal-tapes.com\\\/fr\\\/rubans-adh\u00e9sifs\\\/secteur-du-transport\\\/3m-3739-bande-adhesive-demballage\\\/\",\"url\":\"https:\\\/\\\/cardinal-tapes.com\\\/fr\\\/rubans-adh\u00e9sifs\\\/secteur-du-transport\\\/3m-3739-bande-adhesive-demballage\\\/\",\"name\":\"3M 3739 Ruban adh\u00e9sif d'emballage | Cardinal TAPES\",\"isPartOf\":{\"@id\":\"https:\\\/\\\/cardinal-tapes.com\\\/#website\"},\"primaryImageOfPage\":{\"@id\":\"https:\\\/\\\/cardinal-tapes.com\\\/fr\\\/rubans-adh\u00e9sifs\\\/secteur-du-transport\\\/3m-3739-bande-adhesive-demballage\\\/#primaryimage\"},\"image\":{\"@id\":\"https:\\\/\\\/cardinal-tapes.com\\\/fr\\\/rubans-adh\u00e9sifs\\\/secteur-du-transport\\\/3m-3739-bande-adhesive-demballage\\\/#primaryimage\"},\"thumbnailUrl\":\"https:\\\/\\\/cardinal-tapes.com\\\/wp-content\\\/uploads\\\/3m_scotch_verpackungsklebeband_3739.jpg\",\"datePublished\":\"2023-06-06T08:09:52+00:00\",\"description\":\"Le ruban adh\u00e9sif d'emballage 3M 3739 est compos\u00e9 d'un film de polypropyl\u00e8ne \u00e9tir\u00e9 bi-axialement et d'un adh\u00e9sif en caoutchouc synth\u00e9tique. En savoir plus.\",\"breadcrumb\":{\"@id\":\"https:\\\/\\\/cardinal-tapes.com\\\/fr\\\/rubans-adh\u00e9sifs\\\/secteur-du-transport\\\/3m-3739-bande-adhesive-demballage\\\/#breadcrumb\"},\"inLanguage\":\"fr-FR\",\"potentialAction\":[{\"@type\":\"ReadAction\",\"target\":[\"https:\\\/\\\/cardinal-tapes.com\\\/fr\\\/rubans-adh\u00e9sifs\\\/secteur-du-transport\\\/3m-3739-bande-adhesive-demballage\\\/\"]}]},{\"@type\":\"ImageObject\",\"inLanguage\":\"fr-FR\",\"@id\":\"https:\\\/\\\/cardinal-tapes.com\\\/fr\\\/rubans-adh\u00e9sifs\\\/secteur-du-transport\\\/3m-3739-bande-adhesive-demballage\\\/#primaryimage\",\"url\":\"https:\\\/\\\/cardinal-tapes.com\\\/wp-content\\\/uploads\\\/3m_scotch_verpackungsklebeband_3739.jpg\",\"contentUrl\":\"https:\\\/\\\/cardinal-tapes.com\\\/wp-content\\\/uploads\\\/3m_scotch_verpackungsklebeband_3739.jpg\",\"width\":600,\"height\":600,\"caption\":\"Ruban adh\u00e9sif d'emballage 3M Scotch 3739\"},{\"@type\":\"BreadcrumbList\",\"@id\":\"https:\\\/\\\/cardinal-tapes.com\\\/fr\\\/rubans-adh\u00e9sifs\\\/secteur-du-transport\\\/3m-3739-bande-adhesive-demballage\\\/#breadcrumb\",\"itemListElement\":[{\"@type\":\"ListItem\",\"position\":1,\"name\":\"Startseite\",\"item\":\"https:\\\/\\\/cardinal-tapes.com\\\/fr\\\/accueil\\\/\"},{\"@type\":\"ListItem\",\"position\":2,\"name\":\"Rubans adh\u00e9sifs\",\"item\":\"https:\\\/\\\/cardinal-tapes.com\\\/fr\\\/rubans-adhesifs-fr\\\/\"},{\"@type\":\"ListItem\",\"position\":3,\"name\":\"Secteur du transport\",\"item\":\"https:\\\/\\\/cardinal-tapes.com\\\/fr\\\/catgorie\\\/secteur-du-transport\\\/\"},{\"@type\":\"ListItem\",\"position\":4,\"name\":\"3M\u2122 3739 Ruban adh\u00e9sif d&#8217;emballage\"}]},{\"@type\":\"WebSite\",\"@id\":\"https:\\\/\\\/cardinal-tapes.com\\\/#website\",\"url\":\"https:\\\/\\\/cardinal-tapes.com\\\/\",\"name\":\"cardinal TAPES\",\"description\":\"Klebetechnik aus Wuppertal\",\"potentialAction\":[{\"@type\":\"SearchAction\",\"target\":{\"@type\":\"EntryPoint\",\"urlTemplate\":\"https:\\\/\\\/cardinal-tapes.com\\\/?s={search_term_string}\"},\"query-input\":{\"@type\":\"PropertyValueSpecification\",\"valueRequired\":true,\"valueName\":\"search_term_string\"}}],\"inLanguage\":\"fr-FR\"}]}<\/script>\n<!-- \/ Yoast SEO plugin. -->","yoast_head_json":{"title":"3M 3739 Ruban adh\u00e9sif d'emballage | Cardinal TAPES","description":"Le ruban adh\u00e9sif d'emballage 3M 3739 est compos\u00e9 d'un film de polypropyl\u00e8ne \u00e9tir\u00e9 bi-axialement et d'un adh\u00e9sif en caoutchouc synth\u00e9tique. En savoir plus.","robots":{"index":"index","follow":"follow","max-snippet":"max-snippet:-1","max-image-preview":"max-image-preview:large","max-video-preview":"max-video-preview:-1"},"canonical":"https:\/\/cardinal-tapes.com\/fr\/rubans-adh\u00e9sifs\/secteur-du-transport\/3m-3739-bande-adhesive-demballage\/","og_locale":"fr_FR","og_type":"article","og_title":"3M 3739 Ruban adh\u00e9sif d'emballage | Cardinal TAPES","og_description":"Le ruban adh\u00e9sif d'emballage 3M 3739 est compos\u00e9 d'un film de polypropyl\u00e8ne \u00e9tir\u00e9 bi-axialement et d'un adh\u00e9sif en caoutchouc synth\u00e9tique. En savoir plus.","og_url":"https:\/\/cardinal-tapes.com\/fr\/rubans-adh\u00e9sifs\/secteur-du-transport\/3m-3739-bande-adhesive-demballage\/","og_site_name":"cardinal TAPES","og_image":[{"width":600,"height":600,"url":"https:\/\/cardinal-tapes.com\/wp-content\/uploads\/3m_scotch_verpackungsklebeband_3739.jpg","type":"image\/jpeg"}],"twitter_card":"summary_large_image","twitter_misc":{"Dur\u00e9e de lecture estim\u00e9e":"1 minute"},"schema":{"@context":"https:\/\/schema.org","@graph":[{"@type":"WebPage","@id":"https:\/\/cardinal-tapes.com\/fr\/rubans-adh\u00e9sifs\/secteur-du-transport\/3m-3739-bande-adhesive-demballage\/","url":"https:\/\/cardinal-tapes.com\/fr\/rubans-adh\u00e9sifs\/secteur-du-transport\/3m-3739-bande-adhesive-demballage\/","name":"3M 3739 Ruban adh\u00e9sif d'emballage | Cardinal TAPES","isPartOf":{"@id":"https:\/\/cardinal-tapes.com\/#website"},"primaryImageOfPage":{"@id":"https:\/\/cardinal-tapes.com\/fr\/rubans-adh\u00e9sifs\/secteur-du-transport\/3m-3739-bande-adhesive-demballage\/#primaryimage"},"image":{"@id":"https:\/\/cardinal-tapes.com\/fr\/rubans-adh\u00e9sifs\/secteur-du-transport\/3m-3739-bande-adhesive-demballage\/#primaryimage"},"thumbnailUrl":"https:\/\/cardinal-tapes.com\/wp-content\/uploads\/3m_scotch_verpackungsklebeband_3739.jpg","datePublished":"2023-06-06T08:09:52+00:00","description":"Le ruban adh\u00e9sif d'emballage 3M 3739 est compos\u00e9 d'un film de polypropyl\u00e8ne \u00e9tir\u00e9 bi-axialement et d'un adh\u00e9sif en caoutchouc synth\u00e9tique. En savoir plus.","breadcrumb":{"@id":"https:\/\/cardinal-tapes.com\/fr\/rubans-adh\u00e9sifs\/secteur-du-transport\/3m-3739-bande-adhesive-demballage\/#breadcrumb"},"inLanguage":"fr-FR","potentialAction":[{"@type":"ReadAction","target":["https:\/\/cardinal-tapes.com\/fr\/rubans-adh\u00e9sifs\/secteur-du-transport\/3m-3739-bande-adhesive-demballage\/"]}]},{"@type":"ImageObject","inLanguage":"fr-FR","@id":"https:\/\/cardinal-tapes.com\/fr\/rubans-adh\u00e9sifs\/secteur-du-transport\/3m-3739-bande-adhesive-demballage\/#primaryimage","url":"https:\/\/cardinal-tapes.com\/wp-content\/uploads\/3m_scotch_verpackungsklebeband_3739.jpg","contentUrl":"https:\/\/cardinal-tapes.com\/wp-content\/uploads\/3m_scotch_verpackungsklebeband_3739.jpg","width":600,"height":600,"caption":"Ruban adh\u00e9sif d'emballage 3M Scotch 3739"},{"@type":"BreadcrumbList","@id":"https:\/\/cardinal-tapes.com\/fr\/rubans-adh\u00e9sifs\/secteur-du-transport\/3m-3739-bande-adhesive-demballage\/#breadcrumb","itemListElement":[{"@type":"ListItem","position":1,"name":"Startseite","item":"https:\/\/cardinal-tapes.com\/fr\/accueil\/"},{"@type":"ListItem","position":2,"name":"Rubans adh\u00e9sifs","item":"https:\/\/cardinal-tapes.com\/fr\/rubans-adhesifs-fr\/"},{"@type":"ListItem","position":3,"name":"Secteur du transport","item":"https:\/\/cardinal-tapes.com\/fr\/catgorie\/secteur-du-transport\/"},{"@type":"ListItem","position":4,"name":"3M\u2122 3739 Ruban adh\u00e9sif d&#8217;emballage"}]},{"@type":"WebSite","@id":"https:\/\/cardinal-tapes.com\/#website","url":"https:\/\/cardinal-tapes.com\/","name":"cardinal TAPES","description":"Klebetechnik aus Wuppertal","potentialAction":[{"@type":"SearchAction","target":{"@type":"EntryPoint","urlTemplate":"https:\/\/cardinal-tapes.com\/?s={search_term_string}"},"query-input":{"@type":"PropertyValueSpecification","valueRequired":true,"valueName":"search_term_string"}}],"inLanguage":"fr-FR"}]}},"brands":[{"id":2167,"name":"3M","slug":"3m-fr"}],"_links":{"self":[{"href":"https:\/\/cardinal-tapes.com\/fr\/wp-json\/wp\/v2\/product\/60865","targetHints":{"allow":["GET"]}}],"collection":[{"href":"https:\/\/cardinal-tapes.com\/fr\/wp-json\/wp\/v2\/product"}],"about":[{"href":"https:\/\/cardinal-tapes.com\/fr\/wp-json\/wp\/v2\/types\/product"}],"wp:featuredmedia":[{"embeddable":true,"href":"https:\/\/cardinal-tapes.com\/fr\/wp-json\/wp\/v2\/media\/24496"}],"wp:attachment":[{"href":"https:\/\/cardinal-tapes.com\/fr\/wp-json\/wp\/v2\/media?parent=60865"}],"wp:term":[{"taxonomy":"pwb-brand","embeddable":true,"href":"https:\/\/cardinal-tapes.com\/fr\/wp-json\/wp\/v2\/pwb-brand?post=60865"},{"taxonomy":"product_brand","embeddable":true,"href":"https:\/\/cardinal-tapes.com\/fr\/wp-json\/wp\/v2\/product_brand?post=60865"},{"taxonomy":"product_cat","embeddable":true,"href":"https:\/\/cardinal-tapes.com\/fr\/wp-json\/wp\/v2\/product_cat?post=60865"},{"taxonomy":"product_tag","embeddable":true,"href":"https:\/\/cardinal-tapes.com\/fr\/wp-json\/wp\/v2\/product_tag?post=60865"}],"curies":[{"name":"wp","href":"https:\/\/api.w.org\/{rel}","templated":true}]}}