{"id":60859,"date":"2017-12-08T09:53:37","date_gmt":"2023-06-06T08:09:51","guid":{"rendered":"https:\/\/cardinal.pixel-tal.de\/klebebaender\/non class\u00e9\/3m-6890-ruban-adhesif-demballage-en-pvc\/"},"modified":"2023-06-06T10:09:51","modified_gmt":"2023-06-06T08:09:51","slug":"3m-6890-ruban-adhesif-demballage-en-pvc","status":"publish","type":"product","link":"https:\/\/cardinal-tapes.com\/fr\/rubans-adh\u00e9sifs\/systemes-demballage\/3m-6890-ruban-adhesif-demballage-en-pvc\/","title":{"rendered":"3M\u2122 6890 Ruban adh\u00e9sif d&#8217;emballage en PVC"},"content":{"rendered":"<p>Le ruban adh\u00e9sif d&#8217;emballage en PVC 3M\u2122 est principalement utilis\u00e9 dans le domaine du transport. Les avantages suppl\u00e9mentaires du ruban adh\u00e9sif sont qu&#8217;il est facile \u00e0 d\u00e9chirer \u00e0 la main et qu&#8217;il est tr\u00e8s silencieux lorsqu&#8217;on le d\u00e9roule. En outre, la colle se caract\u00e9rise par une adh\u00e9rence initiale et une r\u00e9sistance au cisaillement \u00e9lev\u00e9es sur les cartons.<\/p>\n<p><strong>Caract\u00e9ristiques<\/strong><br \/>\nLa particularit\u00e9 du 3M\u2122 3444 est que le ruban adh\u00e9sif conserve son adh\u00e9rence \u00e0 toutes les temp\u00e9ratures auxquelles un colis est g\u00e9n\u00e9ralement expos\u00e9. Cela vaut \u00e9galement pour le secteur des produits surgel\u00e9s. Le support en PVC r\u00e9siste \u00e0 l&#8217;humidit\u00e9 et aux produits chimiques, se d\u00e9chire \u00e0 la main et assure un d\u00e9roulement silencieux.<\/p>\n<p><strong>Applications<\/strong><br \/>\n&#8211; Pour fermer des emballages, combiner, fixer, renforcer, sceller par thermor\u00e9traction et botteler des emballages l\u00e9gers<\/p>\n","protected":false},"excerpt":{"rendered":"<p>Le ruban adh\u00e9sif d&#8217;emballage en PVC 3M\u2122 est principalement utilis\u00e9 dans le domaine du transport. Les avantages suppl\u00e9mentaires du ruban adh\u00e9sif sont qu&#8217;il est facile \u00e0 d\u00e9chirer \u00e0 la main et qu&#8217;il est tr\u00e8s silencieux lorsqu&#8217;on le d\u00e9roule. En outre, la colle se caract\u00e9rise par une adh\u00e9rence initiale et une r\u00e9sistance au cisaillement \u00e9lev\u00e9es sur [&hellip;]<\/p>\n","protected":false},"featured_media":24504,"template":"","meta":{"_acf_changed":false},"pwb-brand":[2167],"product_brand":[],"product_cat":[1859],"product_tag":[],"class_list":{"0":"post-60859","1":"product","2":"type-product","3":"status-publish","4":"has-post-thumbnail","6":"pwb-brand-3m-fr","7":"product_cat-systemes-demballage","9":"first","10":"instock","11":"taxable","12":"shipping-taxable","13":"purchasable","14":"product-type-variable"},"acf":[],"yoast_head":"<!-- This site is optimized with the Yoast SEO plugin v27.3 - https:\/\/yoast.com\/product\/yoast-seo-wordpress\/ -->\n<title>3M 6890 Ruban adh\u00e9sif d&#039;emballage en PVC | Cardinal TAPES<\/title>\n<meta name=\"description\" content=\"Le ruban adh\u00e9sif d&#039;emballage en PVC 3M est surtout utilis\u00e9 dans le domaine du transport. Apprenez-en plus sur le ruban adh\u00e9sif ici.\" \/>\n<meta name=\"robots\" content=\"index, follow, max-snippet:-1, max-image-preview:large, max-video-preview:-1\" \/>\n<link rel=\"canonical\" href=\"https:\/\/cardinal-tapes.com\/fr\/rubans-adh\u00e9sifs\/systemes-demballage\/3m-6890-ruban-adhesif-demballage-en-pvc\/\" \/>\n<meta property=\"og:locale\" content=\"fr_FR\" \/>\n<meta property=\"og:type\" content=\"article\" \/>\n<meta property=\"og:title\" content=\"3M 6890 Ruban adh\u00e9sif d&#039;emballage en PVC | Cardinal TAPES\" \/>\n<meta property=\"og:description\" content=\"Le ruban adh\u00e9sif d&#039;emballage en PVC 3M est surtout utilis\u00e9 dans le domaine du transport. Apprenez-en plus sur le ruban adh\u00e9sif ici.\" \/>\n<meta property=\"og:url\" content=\"https:\/\/cardinal-tapes.com\/fr\/rubans-adh\u00e9sifs\/systemes-demballage\/3m-6890-ruban-adhesif-demballage-en-pvc\/\" \/>\n<meta property=\"og:site_name\" content=\"cardinal TAPES\" \/>\n<meta property=\"og:image\" content=\"https:\/\/cardinal-tapes.com\/wp-content\/uploads\/3m_scotch_verpackungsklebeband_6890.jpg\" \/>\n\t<meta property=\"og:image:width\" content=\"600\" \/>\n\t<meta property=\"og:image:height\" content=\"600\" \/>\n\t<meta property=\"og:image:type\" content=\"image\/jpeg\" \/>\n<meta name=\"twitter:card\" content=\"summary_large_image\" \/>\n<meta name=\"twitter:label1\" content=\"Dur\u00e9e de lecture estim\u00e9e\" \/>\n\t<meta name=\"twitter:data1\" content=\"1 minute\" \/>\n<script type=\"application\/ld+json\" class=\"yoast-schema-graph\">{\"@context\":\"https:\\\/\\\/schema.org\",\"@graph\":[{\"@type\":\"WebPage\",\"@id\":\"https:\\\/\\\/cardinal-tapes.com\\\/fr\\\/rubans-adh\u00e9sifs\\\/systemes-demballage\\\/3m-6890-ruban-adhesif-demballage-en-pvc\\\/\",\"url\":\"https:\\\/\\\/cardinal-tapes.com\\\/fr\\\/rubans-adh\u00e9sifs\\\/systemes-demballage\\\/3m-6890-ruban-adhesif-demballage-en-pvc\\\/\",\"name\":\"3M 6890 Ruban adh\u00e9sif d'emballage en PVC | Cardinal TAPES\",\"isPartOf\":{\"@id\":\"https:\\\/\\\/cardinal-tapes.com\\\/#website\"},\"primaryImageOfPage\":{\"@id\":\"https:\\\/\\\/cardinal-tapes.com\\\/fr\\\/rubans-adh\u00e9sifs\\\/systemes-demballage\\\/3m-6890-ruban-adhesif-demballage-en-pvc\\\/#primaryimage\"},\"image\":{\"@id\":\"https:\\\/\\\/cardinal-tapes.com\\\/fr\\\/rubans-adh\u00e9sifs\\\/systemes-demballage\\\/3m-6890-ruban-adhesif-demballage-en-pvc\\\/#primaryimage\"},\"thumbnailUrl\":\"https:\\\/\\\/cardinal-tapes.com\\\/wp-content\\\/uploads\\\/3m_scotch_verpackungsklebeband_6890.jpg\",\"datePublished\":\"2023-06-06T08:09:51+00:00\",\"description\":\"Le ruban adh\u00e9sif d'emballage en PVC 3M est surtout utilis\u00e9 dans le domaine du transport. Apprenez-en plus sur le ruban adh\u00e9sif ici.\",\"breadcrumb\":{\"@id\":\"https:\\\/\\\/cardinal-tapes.com\\\/fr\\\/rubans-adh\u00e9sifs\\\/systemes-demballage\\\/3m-6890-ruban-adhesif-demballage-en-pvc\\\/#breadcrumb\"},\"inLanguage\":\"fr-FR\",\"potentialAction\":[{\"@type\":\"ReadAction\",\"target\":[\"https:\\\/\\\/cardinal-tapes.com\\\/fr\\\/rubans-adh\u00e9sifs\\\/systemes-demballage\\\/3m-6890-ruban-adhesif-demballage-en-pvc\\\/\"]}]},{\"@type\":\"ImageObject\",\"inLanguage\":\"fr-FR\",\"@id\":\"https:\\\/\\\/cardinal-tapes.com\\\/fr\\\/rubans-adh\u00e9sifs\\\/systemes-demballage\\\/3m-6890-ruban-adhesif-demballage-en-pvc\\\/#primaryimage\",\"url\":\"https:\\\/\\\/cardinal-tapes.com\\\/wp-content\\\/uploads\\\/3m_scotch_verpackungsklebeband_6890.jpg\",\"contentUrl\":\"https:\\\/\\\/cardinal-tapes.com\\\/wp-content\\\/uploads\\\/3m_scotch_verpackungsklebeband_6890.jpg\",\"width\":600,\"height\":600,\"caption\":\"Ruban adh\u00e9sif d'emballage 3M Scotch 6890\"},{\"@type\":\"BreadcrumbList\",\"@id\":\"https:\\\/\\\/cardinal-tapes.com\\\/fr\\\/rubans-adh\u00e9sifs\\\/systemes-demballage\\\/3m-6890-ruban-adhesif-demballage-en-pvc\\\/#breadcrumb\",\"itemListElement\":[{\"@type\":\"ListItem\",\"position\":1,\"name\":\"Startseite\",\"item\":\"https:\\\/\\\/cardinal-tapes.com\\\/fr\\\/accueil\\\/\"},{\"@type\":\"ListItem\",\"position\":2,\"name\":\"Rubans adh\u00e9sifs\",\"item\":\"https:\\\/\\\/cardinal-tapes.com\\\/fr\\\/rubans-adhesifs-fr\\\/\"},{\"@type\":\"ListItem\",\"position\":3,\"name\":\"Syst\u00e8mes d&#039;emballage\",\"item\":\"https:\\\/\\\/cardinal-tapes.com\\\/fr\\\/catgorie\\\/systemes-demballage\\\/\"},{\"@type\":\"ListItem\",\"position\":4,\"name\":\"3M\u2122 6890 Ruban adh\u00e9sif d&#8217;emballage en PVC\"}]},{\"@type\":\"WebSite\",\"@id\":\"https:\\\/\\\/cardinal-tapes.com\\\/#website\",\"url\":\"https:\\\/\\\/cardinal-tapes.com\\\/\",\"name\":\"cardinal TAPES\",\"description\":\"Klebetechnik aus Wuppertal\",\"potentialAction\":[{\"@type\":\"SearchAction\",\"target\":{\"@type\":\"EntryPoint\",\"urlTemplate\":\"https:\\\/\\\/cardinal-tapes.com\\\/?s={search_term_string}\"},\"query-input\":{\"@type\":\"PropertyValueSpecification\",\"valueRequired\":true,\"valueName\":\"search_term_string\"}}],\"inLanguage\":\"fr-FR\"}]}<\/script>\n<!-- \/ Yoast SEO plugin. -->","yoast_head_json":{"title":"3M 6890 Ruban adh\u00e9sif d'emballage en PVC | Cardinal TAPES","description":"Le ruban adh\u00e9sif d'emballage en PVC 3M est surtout utilis\u00e9 dans le domaine du transport. Apprenez-en plus sur le ruban adh\u00e9sif ici.","robots":{"index":"index","follow":"follow","max-snippet":"max-snippet:-1","max-image-preview":"max-image-preview:large","max-video-preview":"max-video-preview:-1"},"canonical":"https:\/\/cardinal-tapes.com\/fr\/rubans-adh\u00e9sifs\/systemes-demballage\/3m-6890-ruban-adhesif-demballage-en-pvc\/","og_locale":"fr_FR","og_type":"article","og_title":"3M 6890 Ruban adh\u00e9sif d'emballage en PVC | Cardinal TAPES","og_description":"Le ruban adh\u00e9sif d'emballage en PVC 3M est surtout utilis\u00e9 dans le domaine du transport. Apprenez-en plus sur le ruban adh\u00e9sif ici.","og_url":"https:\/\/cardinal-tapes.com\/fr\/rubans-adh\u00e9sifs\/systemes-demballage\/3m-6890-ruban-adhesif-demballage-en-pvc\/","og_site_name":"cardinal TAPES","og_image":[{"width":600,"height":600,"url":"https:\/\/cardinal-tapes.com\/wp-content\/uploads\/3m_scotch_verpackungsklebeband_6890.jpg","type":"image\/jpeg"}],"twitter_card":"summary_large_image","twitter_misc":{"Dur\u00e9e de lecture estim\u00e9e":"1 minute"},"schema":{"@context":"https:\/\/schema.org","@graph":[{"@type":"WebPage","@id":"https:\/\/cardinal-tapes.com\/fr\/rubans-adh\u00e9sifs\/systemes-demballage\/3m-6890-ruban-adhesif-demballage-en-pvc\/","url":"https:\/\/cardinal-tapes.com\/fr\/rubans-adh\u00e9sifs\/systemes-demballage\/3m-6890-ruban-adhesif-demballage-en-pvc\/","name":"3M 6890 Ruban adh\u00e9sif d'emballage en PVC | Cardinal TAPES","isPartOf":{"@id":"https:\/\/cardinal-tapes.com\/#website"},"primaryImageOfPage":{"@id":"https:\/\/cardinal-tapes.com\/fr\/rubans-adh\u00e9sifs\/systemes-demballage\/3m-6890-ruban-adhesif-demballage-en-pvc\/#primaryimage"},"image":{"@id":"https:\/\/cardinal-tapes.com\/fr\/rubans-adh\u00e9sifs\/systemes-demballage\/3m-6890-ruban-adhesif-demballage-en-pvc\/#primaryimage"},"thumbnailUrl":"https:\/\/cardinal-tapes.com\/wp-content\/uploads\/3m_scotch_verpackungsklebeband_6890.jpg","datePublished":"2023-06-06T08:09:51+00:00","description":"Le ruban adh\u00e9sif d'emballage en PVC 3M est surtout utilis\u00e9 dans le domaine du transport. Apprenez-en plus sur le ruban adh\u00e9sif ici.","breadcrumb":{"@id":"https:\/\/cardinal-tapes.com\/fr\/rubans-adh\u00e9sifs\/systemes-demballage\/3m-6890-ruban-adhesif-demballage-en-pvc\/#breadcrumb"},"inLanguage":"fr-FR","potentialAction":[{"@type":"ReadAction","target":["https:\/\/cardinal-tapes.com\/fr\/rubans-adh\u00e9sifs\/systemes-demballage\/3m-6890-ruban-adhesif-demballage-en-pvc\/"]}]},{"@type":"ImageObject","inLanguage":"fr-FR","@id":"https:\/\/cardinal-tapes.com\/fr\/rubans-adh\u00e9sifs\/systemes-demballage\/3m-6890-ruban-adhesif-demballage-en-pvc\/#primaryimage","url":"https:\/\/cardinal-tapes.com\/wp-content\/uploads\/3m_scotch_verpackungsklebeband_6890.jpg","contentUrl":"https:\/\/cardinal-tapes.com\/wp-content\/uploads\/3m_scotch_verpackungsklebeband_6890.jpg","width":600,"height":600,"caption":"Ruban adh\u00e9sif d'emballage 3M Scotch 6890"},{"@type":"BreadcrumbList","@id":"https:\/\/cardinal-tapes.com\/fr\/rubans-adh\u00e9sifs\/systemes-demballage\/3m-6890-ruban-adhesif-demballage-en-pvc\/#breadcrumb","itemListElement":[{"@type":"ListItem","position":1,"name":"Startseite","item":"https:\/\/cardinal-tapes.com\/fr\/accueil\/"},{"@type":"ListItem","position":2,"name":"Rubans adh\u00e9sifs","item":"https:\/\/cardinal-tapes.com\/fr\/rubans-adhesifs-fr\/"},{"@type":"ListItem","position":3,"name":"Syst\u00e8mes d&#039;emballage","item":"https:\/\/cardinal-tapes.com\/fr\/catgorie\/systemes-demballage\/"},{"@type":"ListItem","position":4,"name":"3M\u2122 6890 Ruban adh\u00e9sif d&#8217;emballage en PVC"}]},{"@type":"WebSite","@id":"https:\/\/cardinal-tapes.com\/#website","url":"https:\/\/cardinal-tapes.com\/","name":"cardinal TAPES","description":"Klebetechnik aus Wuppertal","potentialAction":[{"@type":"SearchAction","target":{"@type":"EntryPoint","urlTemplate":"https:\/\/cardinal-tapes.com\/?s={search_term_string}"},"query-input":{"@type":"PropertyValueSpecification","valueRequired":true,"valueName":"search_term_string"}}],"inLanguage":"fr-FR"}]}},"brands":[{"id":2167,"name":"3M","slug":"3m-fr"}],"_links":{"self":[{"href":"https:\/\/cardinal-tapes.com\/fr\/wp-json\/wp\/v2\/product\/60859","targetHints":{"allow":["GET"]}}],"collection":[{"href":"https:\/\/cardinal-tapes.com\/fr\/wp-json\/wp\/v2\/product"}],"about":[{"href":"https:\/\/cardinal-tapes.com\/fr\/wp-json\/wp\/v2\/types\/product"}],"wp:featuredmedia":[{"embeddable":true,"href":"https:\/\/cardinal-tapes.com\/fr\/wp-json\/wp\/v2\/media\/24504"}],"wp:attachment":[{"href":"https:\/\/cardinal-tapes.com\/fr\/wp-json\/wp\/v2\/media?parent=60859"}],"wp:term":[{"taxonomy":"pwb-brand","embeddable":true,"href":"https:\/\/cardinal-tapes.com\/fr\/wp-json\/wp\/v2\/pwb-brand?post=60859"},{"taxonomy":"product_brand","embeddable":true,"href":"https:\/\/cardinal-tapes.com\/fr\/wp-json\/wp\/v2\/product_brand?post=60859"},{"taxonomy":"product_cat","embeddable":true,"href":"https:\/\/cardinal-tapes.com\/fr\/wp-json\/wp\/v2\/product_cat?post=60859"},{"taxonomy":"product_tag","embeddable":true,"href":"https:\/\/cardinal-tapes.com\/fr\/wp-json\/wp\/v2\/product_tag?post=60859"}],"curies":[{"name":"wp","href":"https:\/\/api.w.org\/{rel}","templated":true}]}}