{"id":60858,"date":"2017-12-08T09:45:13","date_gmt":"2023-06-06T08:09:51","guid":{"rendered":"https:\/\/cardinal.pixel-tal.de\/klebebaender\/non%20class\u00e9\/3m-adhesif-lithographique-616\/"},"modified":"2025-07-07T16:53:55","modified_gmt":"2025-07-07T14:53:55","slug":"3m-616-bande-adhesive-lithographique","status":"publish","type":"product","link":"https:\/\/cardinal-tapes.com\/fr\/rubans-adh\u00e9sifs\/rubans-adhesifs-simple-face\/3m-616-bande-adhesive-lithographique\/","title":{"rendered":"3M\u2122 Adh\u00e9sif lithographique 616"},"content":{"rendered":"<p>3M\u2122 Ruban adh\u00e9sif lithographique 616 est un ruban adh\u00e9sif en polychlorure de vinyle (UPVC) rouge rubis non plastifi\u00e9 avec un adh\u00e9sif \u00e0 base de r\u00e9sine de caoutchouc. Le support color\u00e9 sans trou de stylo permet un positionnement pr\u00e9cis tout en minimisant le ghosting et en offrant une r\u00e9solution plus nette avec une opacit\u00e9 continue pour minimiser les retouches.<\/p>\n<p><strong>Propri\u00e9t\u00e9s<br \/>\n<\/strong>En raison de sa transparence optique, il permet un positionnement pr\u00e9cis et l&#8217;adh\u00e9sif solide r\u00e9duit le risque de contamination de l&#8217;adh\u00e9sif sur les films. En outre, le ruban adh\u00e9sif 616 pr\u00e9sente une bonne r\u00e9sistance aux variations d&#8217;humidit\u00e9.<\/p>\n<p><strong>Applications<br \/>\n<\/strong>&#8211; Applications lithographiques<br \/>\n&#8211; Couverture opaque<br \/>\n&#8211; Epissure du papier<br \/>\n&#8211; Tirage de bandes<br \/>\n&#8211; Protection des films et des plaques photosensibles<\/p>\n","protected":false},"excerpt":{"rendered":"<p>3M\u2122 Ruban adh\u00e9sif lithographique 616 est un ruban adh\u00e9sif en polychlorure de vinyle (UPVC) rouge rubis non plastifi\u00e9 avec un adh\u00e9sif \u00e0 base de r\u00e9sine de caoutchouc. Le support color\u00e9 sans trou de stylo permet un positionnement pr\u00e9cis tout en minimisant le ghosting et en offrant une r\u00e9solution plus nette avec une opacit\u00e9 continue pour [&hellip;]<\/p>\n","protected":false},"featured_media":24412,"template":"","meta":{"_acf_changed":false},"pwb-brand":[2167],"product_brand":[],"product_cat":[1836],"product_tag":[],"class_list":{"0":"post-60858","1":"product","2":"type-product","3":"status-publish","4":"has-post-thumbnail","6":"pwb-brand-3m-fr","7":"product_cat-rubans-adhesifs-simple-face","9":"first","10":"instock","11":"taxable","12":"shipping-taxable","13":"purchasable","14":"product-type-variable"},"acf":[],"yoast_head":"<!-- This site is optimized with the Yoast SEO plugin v27.3 - https:\/\/yoast.com\/product\/yoast-seo-wordpress\/ -->\n<title>3M\u2122 616 Adh\u00e9sif lithographique | Cardinal TAPES<\/title>\n<meta name=\"description\" content=\"3M\u2122 Ruban adh\u00e9sif lithographique 616 est un ruban adh\u00e9sif en polychlorure de vinyle (UPVC) rouge rubis non plastifi\u00e9 avec un adh\u00e9sif \u00e0 base de r\u00e9sine de caoutchouc.\" \/>\n<meta name=\"robots\" content=\"index, follow, max-snippet:-1, max-image-preview:large, max-video-preview:-1\" \/>\n<link rel=\"canonical\" href=\"https:\/\/cardinal-tapes.com\/fr\/rubans-adh\u00e9sifs\/rubans-adhesifs-simple-face\/3m-616-bande-adhesive-lithographique\/\" \/>\n<meta property=\"og:locale\" content=\"fr_FR\" \/>\n<meta property=\"og:type\" content=\"article\" \/>\n<meta property=\"og:title\" content=\"3M\u2122 616 Adh\u00e9sif lithographique | Cardinal TAPES\" \/>\n<meta property=\"og:description\" content=\"3M\u2122 Ruban adh\u00e9sif lithographique 616 est un ruban adh\u00e9sif en polychlorure de vinyle (UPVC) rouge rubis non plastifi\u00e9 avec un adh\u00e9sif \u00e0 base de r\u00e9sine de caoutchouc.\" \/>\n<meta property=\"og:url\" content=\"https:\/\/cardinal-tapes.com\/fr\/rubans-adh\u00e9sifs\/rubans-adhesifs-simple-face\/3m-616-bande-adhesive-lithographique\/\" \/>\n<meta property=\"og:site_name\" content=\"cardinal TAPES\" \/>\n<meta property=\"article:modified_time\" content=\"2025-07-07T14:53:55+00:00\" \/>\n<meta property=\"og:image\" content=\"https:\/\/cardinal-tapes.com\/wp-content\/uploads\/3m_lithografisches_klebeband_616.jpg\" \/>\n\t<meta property=\"og:image:width\" content=\"600\" \/>\n\t<meta property=\"og:image:height\" content=\"600\" \/>\n\t<meta property=\"og:image:type\" content=\"image\/jpeg\" \/>\n<meta name=\"twitter:card\" content=\"summary_large_image\" \/>\n<meta name=\"twitter:label1\" content=\"Dur\u00e9e de lecture estim\u00e9e\" \/>\n\t<meta name=\"twitter:data1\" content=\"1 minute\" \/>\n<script type=\"application\/ld+json\" class=\"yoast-schema-graph\">{\"@context\":\"https:\\\/\\\/schema.org\",\"@graph\":[{\"@type\":\"WebPage\",\"@id\":\"https:\\\/\\\/cardinal-tapes.com\\\/fr\\\/rubans-adh\u00e9sifs\\\/rubans-adhesifs-simple-face\\\/3m-616-bande-adhesive-lithographique\\\/\",\"url\":\"https:\\\/\\\/cardinal-tapes.com\\\/fr\\\/rubans-adh\u00e9sifs\\\/rubans-adhesifs-simple-face\\\/3m-616-bande-adhesive-lithographique\\\/\",\"name\":\"3M\u2122 616 Adh\u00e9sif lithographique | Cardinal TAPES\",\"isPartOf\":{\"@id\":\"https:\\\/\\\/cardinal-tapes.com\\\/#website\"},\"primaryImageOfPage\":{\"@id\":\"https:\\\/\\\/cardinal-tapes.com\\\/fr\\\/rubans-adh\u00e9sifs\\\/rubans-adhesifs-simple-face\\\/3m-616-bande-adhesive-lithographique\\\/#primaryimage\"},\"image\":{\"@id\":\"https:\\\/\\\/cardinal-tapes.com\\\/fr\\\/rubans-adh\u00e9sifs\\\/rubans-adhesifs-simple-face\\\/3m-616-bande-adhesive-lithographique\\\/#primaryimage\"},\"thumbnailUrl\":\"https:\\\/\\\/cardinal-tapes.com\\\/wp-content\\\/uploads\\\/3m_lithografisches_klebeband_616.jpg\",\"datePublished\":\"2023-06-06T08:09:51+00:00\",\"dateModified\":\"2025-07-07T14:53:55+00:00\",\"description\":\"3M\u2122 Ruban adh\u00e9sif lithographique 616 est un ruban adh\u00e9sif en polychlorure de vinyle (UPVC) rouge rubis non plastifi\u00e9 avec un adh\u00e9sif \u00e0 base de r\u00e9sine de caoutchouc.\",\"breadcrumb\":{\"@id\":\"https:\\\/\\\/cardinal-tapes.com\\\/fr\\\/rubans-adh\u00e9sifs\\\/rubans-adhesifs-simple-face\\\/3m-616-bande-adhesive-lithographique\\\/#breadcrumb\"},\"inLanguage\":\"fr-FR\",\"potentialAction\":[{\"@type\":\"ReadAction\",\"target\":[\"https:\\\/\\\/cardinal-tapes.com\\\/fr\\\/rubans-adh\u00e9sifs\\\/rubans-adhesifs-simple-face\\\/3m-616-bande-adhesive-lithographique\\\/\"]}]},{\"@type\":\"ImageObject\",\"inLanguage\":\"fr-FR\",\"@id\":\"https:\\\/\\\/cardinal-tapes.com\\\/fr\\\/rubans-adh\u00e9sifs\\\/rubans-adhesifs-simple-face\\\/3m-616-bande-adhesive-lithographique\\\/#primaryimage\",\"url\":\"https:\\\/\\\/cardinal-tapes.com\\\/wp-content\\\/uploads\\\/3m_lithografisches_klebeband_616.jpg\",\"contentUrl\":\"https:\\\/\\\/cardinal-tapes.com\\\/wp-content\\\/uploads\\\/3m_lithografisches_klebeband_616.jpg\",\"width\":600,\"height\":600,\"caption\":\"Ruban adh\u00e9sif lithographique 3M 616\"},{\"@type\":\"BreadcrumbList\",\"@id\":\"https:\\\/\\\/cardinal-tapes.com\\\/fr\\\/rubans-adh\u00e9sifs\\\/rubans-adhesifs-simple-face\\\/3m-616-bande-adhesive-lithographique\\\/#breadcrumb\",\"itemListElement\":[{\"@type\":\"ListItem\",\"position\":1,\"name\":\"Startseite\",\"item\":\"https:\\\/\\\/cardinal-tapes.com\\\/fr\\\/accueil\\\/\"},{\"@type\":\"ListItem\",\"position\":2,\"name\":\"Rubans adh\u00e9sifs\",\"item\":\"https:\\\/\\\/cardinal-tapes.com\\\/fr\\\/rubans-adhesifs-fr\\\/\"},{\"@type\":\"ListItem\",\"position\":3,\"name\":\"Rubans adh\u00e9sifs simple face\",\"item\":\"https:\\\/\\\/cardinal-tapes.com\\\/fr\\\/catgorie\\\/rubans-adhesifs-simple-face\\\/\"},{\"@type\":\"ListItem\",\"position\":4,\"name\":\"3M\u2122 Adh\u00e9sif lithographique 616\"}]},{\"@type\":\"WebSite\",\"@id\":\"https:\\\/\\\/cardinal-tapes.com\\\/#website\",\"url\":\"https:\\\/\\\/cardinal-tapes.com\\\/\",\"name\":\"cardinal TAPES\",\"description\":\"Klebetechnik aus Wuppertal\",\"potentialAction\":[{\"@type\":\"SearchAction\",\"target\":{\"@type\":\"EntryPoint\",\"urlTemplate\":\"https:\\\/\\\/cardinal-tapes.com\\\/?s={search_term_string}\"},\"query-input\":{\"@type\":\"PropertyValueSpecification\",\"valueRequired\":true,\"valueName\":\"search_term_string\"}}],\"inLanguage\":\"fr-FR\"}]}<\/script>\n<!-- \/ Yoast SEO plugin. -->","yoast_head_json":{"title":"3M\u2122 616 Adh\u00e9sif lithographique | Cardinal TAPES","description":"3M\u2122 Ruban adh\u00e9sif lithographique 616 est un ruban adh\u00e9sif en polychlorure de vinyle (UPVC) rouge rubis non plastifi\u00e9 avec un adh\u00e9sif \u00e0 base de r\u00e9sine de caoutchouc.","robots":{"index":"index","follow":"follow","max-snippet":"max-snippet:-1","max-image-preview":"max-image-preview:large","max-video-preview":"max-video-preview:-1"},"canonical":"https:\/\/cardinal-tapes.com\/fr\/rubans-adh\u00e9sifs\/rubans-adhesifs-simple-face\/3m-616-bande-adhesive-lithographique\/","og_locale":"fr_FR","og_type":"article","og_title":"3M\u2122 616 Adh\u00e9sif lithographique | Cardinal TAPES","og_description":"3M\u2122 Ruban adh\u00e9sif lithographique 616 est un ruban adh\u00e9sif en polychlorure de vinyle (UPVC) rouge rubis non plastifi\u00e9 avec un adh\u00e9sif \u00e0 base de r\u00e9sine de caoutchouc.","og_url":"https:\/\/cardinal-tapes.com\/fr\/rubans-adh\u00e9sifs\/rubans-adhesifs-simple-face\/3m-616-bande-adhesive-lithographique\/","og_site_name":"cardinal TAPES","article_modified_time":"2025-07-07T14:53:55+00:00","og_image":[{"width":600,"height":600,"url":"https:\/\/cardinal-tapes.com\/wp-content\/uploads\/3m_lithografisches_klebeband_616.jpg","type":"image\/jpeg"}],"twitter_card":"summary_large_image","twitter_misc":{"Dur\u00e9e de lecture estim\u00e9e":"1 minute"},"schema":{"@context":"https:\/\/schema.org","@graph":[{"@type":"WebPage","@id":"https:\/\/cardinal-tapes.com\/fr\/rubans-adh\u00e9sifs\/rubans-adhesifs-simple-face\/3m-616-bande-adhesive-lithographique\/","url":"https:\/\/cardinal-tapes.com\/fr\/rubans-adh\u00e9sifs\/rubans-adhesifs-simple-face\/3m-616-bande-adhesive-lithographique\/","name":"3M\u2122 616 Adh\u00e9sif lithographique | Cardinal TAPES","isPartOf":{"@id":"https:\/\/cardinal-tapes.com\/#website"},"primaryImageOfPage":{"@id":"https:\/\/cardinal-tapes.com\/fr\/rubans-adh\u00e9sifs\/rubans-adhesifs-simple-face\/3m-616-bande-adhesive-lithographique\/#primaryimage"},"image":{"@id":"https:\/\/cardinal-tapes.com\/fr\/rubans-adh\u00e9sifs\/rubans-adhesifs-simple-face\/3m-616-bande-adhesive-lithographique\/#primaryimage"},"thumbnailUrl":"https:\/\/cardinal-tapes.com\/wp-content\/uploads\/3m_lithografisches_klebeband_616.jpg","datePublished":"2023-06-06T08:09:51+00:00","dateModified":"2025-07-07T14:53:55+00:00","description":"3M\u2122 Ruban adh\u00e9sif lithographique 616 est un ruban adh\u00e9sif en polychlorure de vinyle (UPVC) rouge rubis non plastifi\u00e9 avec un adh\u00e9sif \u00e0 base de r\u00e9sine de caoutchouc.","breadcrumb":{"@id":"https:\/\/cardinal-tapes.com\/fr\/rubans-adh\u00e9sifs\/rubans-adhesifs-simple-face\/3m-616-bande-adhesive-lithographique\/#breadcrumb"},"inLanguage":"fr-FR","potentialAction":[{"@type":"ReadAction","target":["https:\/\/cardinal-tapes.com\/fr\/rubans-adh\u00e9sifs\/rubans-adhesifs-simple-face\/3m-616-bande-adhesive-lithographique\/"]}]},{"@type":"ImageObject","inLanguage":"fr-FR","@id":"https:\/\/cardinal-tapes.com\/fr\/rubans-adh\u00e9sifs\/rubans-adhesifs-simple-face\/3m-616-bande-adhesive-lithographique\/#primaryimage","url":"https:\/\/cardinal-tapes.com\/wp-content\/uploads\/3m_lithografisches_klebeband_616.jpg","contentUrl":"https:\/\/cardinal-tapes.com\/wp-content\/uploads\/3m_lithografisches_klebeband_616.jpg","width":600,"height":600,"caption":"Ruban adh\u00e9sif lithographique 3M 616"},{"@type":"BreadcrumbList","@id":"https:\/\/cardinal-tapes.com\/fr\/rubans-adh\u00e9sifs\/rubans-adhesifs-simple-face\/3m-616-bande-adhesive-lithographique\/#breadcrumb","itemListElement":[{"@type":"ListItem","position":1,"name":"Startseite","item":"https:\/\/cardinal-tapes.com\/fr\/accueil\/"},{"@type":"ListItem","position":2,"name":"Rubans adh\u00e9sifs","item":"https:\/\/cardinal-tapes.com\/fr\/rubans-adhesifs-fr\/"},{"@type":"ListItem","position":3,"name":"Rubans adh\u00e9sifs simple face","item":"https:\/\/cardinal-tapes.com\/fr\/catgorie\/rubans-adhesifs-simple-face\/"},{"@type":"ListItem","position":4,"name":"3M\u2122 Adh\u00e9sif lithographique 616"}]},{"@type":"WebSite","@id":"https:\/\/cardinal-tapes.com\/#website","url":"https:\/\/cardinal-tapes.com\/","name":"cardinal TAPES","description":"Klebetechnik aus Wuppertal","potentialAction":[{"@type":"SearchAction","target":{"@type":"EntryPoint","urlTemplate":"https:\/\/cardinal-tapes.com\/?s={search_term_string}"},"query-input":{"@type":"PropertyValueSpecification","valueRequired":true,"valueName":"search_term_string"}}],"inLanguage":"fr-FR"}]}},"brands":[{"id":2167,"name":"3M","slug":"3m-fr"}],"_links":{"self":[{"href":"https:\/\/cardinal-tapes.com\/fr\/wp-json\/wp\/v2\/product\/60858","targetHints":{"allow":["GET"]}}],"collection":[{"href":"https:\/\/cardinal-tapes.com\/fr\/wp-json\/wp\/v2\/product"}],"about":[{"href":"https:\/\/cardinal-tapes.com\/fr\/wp-json\/wp\/v2\/types\/product"}],"wp:featuredmedia":[{"embeddable":true,"href":"https:\/\/cardinal-tapes.com\/fr\/wp-json\/wp\/v2\/media\/24412"}],"wp:attachment":[{"href":"https:\/\/cardinal-tapes.com\/fr\/wp-json\/wp\/v2\/media?parent=60858"}],"wp:term":[{"taxonomy":"pwb-brand","embeddable":true,"href":"https:\/\/cardinal-tapes.com\/fr\/wp-json\/wp\/v2\/pwb-brand?post=60858"},{"taxonomy":"product_brand","embeddable":true,"href":"https:\/\/cardinal-tapes.com\/fr\/wp-json\/wp\/v2\/product_brand?post=60858"},{"taxonomy":"product_cat","embeddable":true,"href":"https:\/\/cardinal-tapes.com\/fr\/wp-json\/wp\/v2\/product_cat?post=60858"},{"taxonomy":"product_tag","embeddable":true,"href":"https:\/\/cardinal-tapes.com\/fr\/wp-json\/wp\/v2\/product_tag?post=60858"}],"curies":[{"name":"wp","href":"https:\/\/api.w.org\/{rel}","templated":true}]}}