{"id":60839,"date":"2017-12-08T09:50:38","date_gmt":"2023-06-06T08:09:51","guid":{"rendered":"https:\/\/cardinal.pixel-tal.de\/klebebaender\/non class\u00e9\/3m-3444-ruban-adhesif-demballage\/"},"modified":"2023-06-06T10:09:51","modified_gmt":"2023-06-06T08:09:51","slug":"3m-3444-bande-adhesive-demballage","status":"publish","type":"product","link":"https:\/\/cardinal-tapes.com\/fr\/rubans-adh\u00e9sifs\/domaines-dapplication\/secteur-du-transport\/3m-3444-bande-adhesive-demballage\/","title":{"rendered":"3M\u2122 3444 Ruban adh\u00e9sif d&#8217;emballage"},"content":{"rendered":"<p>Le ruban adh\u00e9sif pour emballage papier 3M\u2122 3444 s&#8217;applique sur des surfaces de carton s\u00e8ches et exemptes de poussi\u00e8re. Il se distingue en particulier par sa bonne force de maintien et son adh\u00e9rence \u00e0 long terme sur le papier-carton. Ce ruban adh\u00e9sif constitue donc une tr\u00e8s bonne alternative aux rubans adh\u00e9sifs classiques pour films.<\/p>\n<p><strong>Caract\u00e9ristiques<\/strong><br \/>\nLa particularit\u00e9 du 3M\u2122 3444 est que le ruban adh\u00e9sif conserve son adh\u00e9rence \u00e0 toutes les temp\u00e9ratures auxquelles un colis est g\u00e9n\u00e9ralement expos\u00e9. Cela vaut \u00e9galement pour le secteur des produits surgel\u00e9s.<\/p>\n<p><strong>Applications<\/strong><br \/>\n&#8211; Pour la fermeture des cartons<br \/>\n&#8211; Convient pour la fermeture de cartons l\u00e9gers, d&#8217;emballages r\u00e9par\u00e9s ou autres avec une seule bande.<\/p>\n<p>&nbsp;<\/p>\n","protected":false},"excerpt":{"rendered":"<p>Le ruban adh\u00e9sif pour emballage papier 3M\u2122 3444 s&#8217;applique sur des surfaces de carton s\u00e8ches et exemptes de poussi\u00e8re. Il se distingue en particulier par sa bonne force de maintien et son adh\u00e9rence \u00e0 long terme sur le papier-carton. Ce ruban adh\u00e9sif constitue donc une tr\u00e8s bonne alternative aux rubans adh\u00e9sifs classiques pour films. Caract\u00e9ristiques [&hellip;]<\/p>\n","protected":false},"featured_media":24488,"template":"","meta":{"_acf_changed":false},"pwb-brand":[2167],"product_brand":[],"product_cat":[1772,1836,1859],"product_tag":[],"class_list":{"0":"post-60839","1":"product","2":"type-product","3":"status-publish","4":"has-post-thumbnail","6":"pwb-brand-3m-fr","7":"product_cat-secteur-du-transport","8":"product_cat-rubans-adhesifs-simple-face","9":"product_cat-systemes-demballage","11":"first","12":"instock","13":"taxable","14":"shipping-taxable","15":"purchasable","16":"product-type-simple"},"acf":[],"yoast_head":"<!-- This site is optimized with the Yoast SEO plugin v27.3 - https:\/\/yoast.com\/product\/yoast-seo-wordpress\/ -->\n<title>3M 3444 Ruban adh\u00e9sif d&#039;emballage | Cardinal TAPES<\/title>\n<meta name=\"description\" content=\"Le ruban adh\u00e9sif pour emballage papier 3M 3444 s&#039;applique sur des surfaces de carton s\u00e8ches et exemptes de poussi\u00e8re. En savoir plus ici.\" \/>\n<meta name=\"robots\" content=\"index, follow, max-snippet:-1, max-image-preview:large, max-video-preview:-1\" \/>\n<link rel=\"canonical\" href=\"https:\/\/cardinal-tapes.com\/fr\/rubans-adh\u00e9sifs\/secteur-du-transport\/3m-3444-bande-adhesive-demballage\/\" \/>\n<meta property=\"og:locale\" content=\"fr_FR\" \/>\n<meta property=\"og:type\" content=\"article\" \/>\n<meta property=\"og:title\" content=\"3M 3444 Ruban adh\u00e9sif d&#039;emballage | Cardinal TAPES\" \/>\n<meta property=\"og:description\" content=\"Le ruban adh\u00e9sif pour emballage papier 3M 3444 s&#039;applique sur des surfaces de carton s\u00e8ches et exemptes de poussi\u00e8re. En savoir plus ici.\" \/>\n<meta property=\"og:url\" content=\"https:\/\/cardinal-tapes.com\/fr\/rubans-adh\u00e9sifs\/secteur-du-transport\/3m-3444-bande-adhesive-demballage\/\" \/>\n<meta property=\"og:site_name\" content=\"cardinal TAPES\" \/>\n<meta property=\"og:image\" content=\"https:\/\/cardinal-tapes.com\/wp-content\/uploads\/3m_scotch_verpackungsklebeband_3444.jpg\" \/>\n\t<meta property=\"og:image:width\" content=\"600\" \/>\n\t<meta property=\"og:image:height\" content=\"600\" \/>\n\t<meta property=\"og:image:type\" content=\"image\/jpeg\" \/>\n<meta name=\"twitter:card\" content=\"summary_large_image\" \/>\n<meta name=\"twitter:label1\" content=\"Dur\u00e9e de lecture estim\u00e9e\" \/>\n\t<meta name=\"twitter:data1\" content=\"1 minute\" \/>\n<script type=\"application\/ld+json\" class=\"yoast-schema-graph\">{\"@context\":\"https:\\\/\\\/schema.org\",\"@graph\":[{\"@type\":\"WebPage\",\"@id\":\"https:\\\/\\\/cardinal-tapes.com\\\/fr\\\/rubans-adh\u00e9sifs\\\/secteur-du-transport\\\/3m-3444-bande-adhesive-demballage\\\/\",\"url\":\"https:\\\/\\\/cardinal-tapes.com\\\/fr\\\/rubans-adh\u00e9sifs\\\/secteur-du-transport\\\/3m-3444-bande-adhesive-demballage\\\/\",\"name\":\"3M 3444 Ruban adh\u00e9sif d'emballage | Cardinal TAPES\",\"isPartOf\":{\"@id\":\"https:\\\/\\\/cardinal-tapes.com\\\/#website\"},\"primaryImageOfPage\":{\"@id\":\"https:\\\/\\\/cardinal-tapes.com\\\/fr\\\/rubans-adh\u00e9sifs\\\/secteur-du-transport\\\/3m-3444-bande-adhesive-demballage\\\/#primaryimage\"},\"image\":{\"@id\":\"https:\\\/\\\/cardinal-tapes.com\\\/fr\\\/rubans-adh\u00e9sifs\\\/secteur-du-transport\\\/3m-3444-bande-adhesive-demballage\\\/#primaryimage\"},\"thumbnailUrl\":\"https:\\\/\\\/cardinal-tapes.com\\\/wp-content\\\/uploads\\\/3m_scotch_verpackungsklebeband_3444.jpg\",\"datePublished\":\"2023-06-06T08:09:51+00:00\",\"description\":\"Le ruban adh\u00e9sif pour emballage papier 3M 3444 s'applique sur des surfaces de carton s\u00e8ches et exemptes de poussi\u00e8re. En savoir plus ici.\",\"breadcrumb\":{\"@id\":\"https:\\\/\\\/cardinal-tapes.com\\\/fr\\\/rubans-adh\u00e9sifs\\\/secteur-du-transport\\\/3m-3444-bande-adhesive-demballage\\\/#breadcrumb\"},\"inLanguage\":\"fr-FR\",\"potentialAction\":[{\"@type\":\"ReadAction\",\"target\":[\"https:\\\/\\\/cardinal-tapes.com\\\/fr\\\/rubans-adh\u00e9sifs\\\/secteur-du-transport\\\/3m-3444-bande-adhesive-demballage\\\/\"]}]},{\"@type\":\"ImageObject\",\"inLanguage\":\"fr-FR\",\"@id\":\"https:\\\/\\\/cardinal-tapes.com\\\/fr\\\/rubans-adh\u00e9sifs\\\/secteur-du-transport\\\/3m-3444-bande-adhesive-demballage\\\/#primaryimage\",\"url\":\"https:\\\/\\\/cardinal-tapes.com\\\/wp-content\\\/uploads\\\/3m_scotch_verpackungsklebeband_3444.jpg\",\"contentUrl\":\"https:\\\/\\\/cardinal-tapes.com\\\/wp-content\\\/uploads\\\/3m_scotch_verpackungsklebeband_3444.jpg\",\"width\":600,\"height\":600,\"caption\":\"Ruban adh\u00e9sif d'emballage 3M Scotch 3444\"},{\"@type\":\"BreadcrumbList\",\"@id\":\"https:\\\/\\\/cardinal-tapes.com\\\/fr\\\/rubans-adh\u00e9sifs\\\/secteur-du-transport\\\/3m-3444-bande-adhesive-demballage\\\/#breadcrumb\",\"itemListElement\":[{\"@type\":\"ListItem\",\"position\":1,\"name\":\"Startseite\",\"item\":\"https:\\\/\\\/cardinal-tapes.com\\\/fr\\\/accueil\\\/\"},{\"@type\":\"ListItem\",\"position\":2,\"name\":\"Rubans adh\u00e9sifs\",\"item\":\"https:\\\/\\\/cardinal-tapes.com\\\/fr\\\/rubans-adhesifs-fr\\\/\"},{\"@type\":\"ListItem\",\"position\":3,\"name\":\"Secteur du transport\",\"item\":\"https:\\\/\\\/cardinal-tapes.com\\\/fr\\\/catgorie\\\/secteur-du-transport\\\/\"},{\"@type\":\"ListItem\",\"position\":4,\"name\":\"3M\u2122 3444 Ruban adh\u00e9sif d&#8217;emballage\"}]},{\"@type\":\"WebSite\",\"@id\":\"https:\\\/\\\/cardinal-tapes.com\\\/#website\",\"url\":\"https:\\\/\\\/cardinal-tapes.com\\\/\",\"name\":\"cardinal TAPES\",\"description\":\"Klebetechnik aus Wuppertal\",\"potentialAction\":[{\"@type\":\"SearchAction\",\"target\":{\"@type\":\"EntryPoint\",\"urlTemplate\":\"https:\\\/\\\/cardinal-tapes.com\\\/?s={search_term_string}\"},\"query-input\":{\"@type\":\"PropertyValueSpecification\",\"valueRequired\":true,\"valueName\":\"search_term_string\"}}],\"inLanguage\":\"fr-FR\"}]}<\/script>\n<!-- \/ Yoast SEO plugin. -->","yoast_head_json":{"title":"3M 3444 Ruban adh\u00e9sif d'emballage | Cardinal TAPES","description":"Le ruban adh\u00e9sif pour emballage papier 3M 3444 s'applique sur des surfaces de carton s\u00e8ches et exemptes de poussi\u00e8re. En savoir plus ici.","robots":{"index":"index","follow":"follow","max-snippet":"max-snippet:-1","max-image-preview":"max-image-preview:large","max-video-preview":"max-video-preview:-1"},"canonical":"https:\/\/cardinal-tapes.com\/fr\/rubans-adh\u00e9sifs\/secteur-du-transport\/3m-3444-bande-adhesive-demballage\/","og_locale":"fr_FR","og_type":"article","og_title":"3M 3444 Ruban adh\u00e9sif d'emballage | Cardinal TAPES","og_description":"Le ruban adh\u00e9sif pour emballage papier 3M 3444 s'applique sur des surfaces de carton s\u00e8ches et exemptes de poussi\u00e8re. En savoir plus ici.","og_url":"https:\/\/cardinal-tapes.com\/fr\/rubans-adh\u00e9sifs\/secteur-du-transport\/3m-3444-bande-adhesive-demballage\/","og_site_name":"cardinal TAPES","og_image":[{"width":600,"height":600,"url":"https:\/\/cardinal-tapes.com\/wp-content\/uploads\/3m_scotch_verpackungsklebeband_3444.jpg","type":"image\/jpeg"}],"twitter_card":"summary_large_image","twitter_misc":{"Dur\u00e9e de lecture estim\u00e9e":"1 minute"},"schema":{"@context":"https:\/\/schema.org","@graph":[{"@type":"WebPage","@id":"https:\/\/cardinal-tapes.com\/fr\/rubans-adh\u00e9sifs\/secteur-du-transport\/3m-3444-bande-adhesive-demballage\/","url":"https:\/\/cardinal-tapes.com\/fr\/rubans-adh\u00e9sifs\/secteur-du-transport\/3m-3444-bande-adhesive-demballage\/","name":"3M 3444 Ruban adh\u00e9sif d'emballage | Cardinal TAPES","isPartOf":{"@id":"https:\/\/cardinal-tapes.com\/#website"},"primaryImageOfPage":{"@id":"https:\/\/cardinal-tapes.com\/fr\/rubans-adh\u00e9sifs\/secteur-du-transport\/3m-3444-bande-adhesive-demballage\/#primaryimage"},"image":{"@id":"https:\/\/cardinal-tapes.com\/fr\/rubans-adh\u00e9sifs\/secteur-du-transport\/3m-3444-bande-adhesive-demballage\/#primaryimage"},"thumbnailUrl":"https:\/\/cardinal-tapes.com\/wp-content\/uploads\/3m_scotch_verpackungsklebeband_3444.jpg","datePublished":"2023-06-06T08:09:51+00:00","description":"Le ruban adh\u00e9sif pour emballage papier 3M 3444 s'applique sur des surfaces de carton s\u00e8ches et exemptes de poussi\u00e8re. En savoir plus ici.","breadcrumb":{"@id":"https:\/\/cardinal-tapes.com\/fr\/rubans-adh\u00e9sifs\/secteur-du-transport\/3m-3444-bande-adhesive-demballage\/#breadcrumb"},"inLanguage":"fr-FR","potentialAction":[{"@type":"ReadAction","target":["https:\/\/cardinal-tapes.com\/fr\/rubans-adh\u00e9sifs\/secteur-du-transport\/3m-3444-bande-adhesive-demballage\/"]}]},{"@type":"ImageObject","inLanguage":"fr-FR","@id":"https:\/\/cardinal-tapes.com\/fr\/rubans-adh\u00e9sifs\/secteur-du-transport\/3m-3444-bande-adhesive-demballage\/#primaryimage","url":"https:\/\/cardinal-tapes.com\/wp-content\/uploads\/3m_scotch_verpackungsklebeband_3444.jpg","contentUrl":"https:\/\/cardinal-tapes.com\/wp-content\/uploads\/3m_scotch_verpackungsklebeband_3444.jpg","width":600,"height":600,"caption":"Ruban adh\u00e9sif d'emballage 3M Scotch 3444"},{"@type":"BreadcrumbList","@id":"https:\/\/cardinal-tapes.com\/fr\/rubans-adh\u00e9sifs\/secteur-du-transport\/3m-3444-bande-adhesive-demballage\/#breadcrumb","itemListElement":[{"@type":"ListItem","position":1,"name":"Startseite","item":"https:\/\/cardinal-tapes.com\/fr\/accueil\/"},{"@type":"ListItem","position":2,"name":"Rubans adh\u00e9sifs","item":"https:\/\/cardinal-tapes.com\/fr\/rubans-adhesifs-fr\/"},{"@type":"ListItem","position":3,"name":"Secteur du transport","item":"https:\/\/cardinal-tapes.com\/fr\/catgorie\/secteur-du-transport\/"},{"@type":"ListItem","position":4,"name":"3M\u2122 3444 Ruban adh\u00e9sif d&#8217;emballage"}]},{"@type":"WebSite","@id":"https:\/\/cardinal-tapes.com\/#website","url":"https:\/\/cardinal-tapes.com\/","name":"cardinal TAPES","description":"Klebetechnik aus Wuppertal","potentialAction":[{"@type":"SearchAction","target":{"@type":"EntryPoint","urlTemplate":"https:\/\/cardinal-tapes.com\/?s={search_term_string}"},"query-input":{"@type":"PropertyValueSpecification","valueRequired":true,"valueName":"search_term_string"}}],"inLanguage":"fr-FR"}]}},"brands":[{"id":2167,"name":"3M","slug":"3m-fr"}],"_links":{"self":[{"href":"https:\/\/cardinal-tapes.com\/fr\/wp-json\/wp\/v2\/product\/60839","targetHints":{"allow":["GET"]}}],"collection":[{"href":"https:\/\/cardinal-tapes.com\/fr\/wp-json\/wp\/v2\/product"}],"about":[{"href":"https:\/\/cardinal-tapes.com\/fr\/wp-json\/wp\/v2\/types\/product"}],"wp:featuredmedia":[{"embeddable":true,"href":"https:\/\/cardinal-tapes.com\/fr\/wp-json\/wp\/v2\/media\/24488"}],"wp:attachment":[{"href":"https:\/\/cardinal-tapes.com\/fr\/wp-json\/wp\/v2\/media?parent=60839"}],"wp:term":[{"taxonomy":"pwb-brand","embeddable":true,"href":"https:\/\/cardinal-tapes.com\/fr\/wp-json\/wp\/v2\/pwb-brand?post=60839"},{"taxonomy":"product_brand","embeddable":true,"href":"https:\/\/cardinal-tapes.com\/fr\/wp-json\/wp\/v2\/product_brand?post=60839"},{"taxonomy":"product_cat","embeddable":true,"href":"https:\/\/cardinal-tapes.com\/fr\/wp-json\/wp\/v2\/product_cat?post=60839"},{"taxonomy":"product_tag","embeddable":true,"href":"https:\/\/cardinal-tapes.com\/fr\/wp-json\/wp\/v2\/product_tag?post=60839"}],"curies":[{"name":"wp","href":"https:\/\/api.w.org\/{rel}","templated":true}]}}