{"id":60695,"date":"2017-12-20T14:18:40","date_gmt":"2023-06-06T08:07:17","guid":{"rendered":"https:\/\/cardinal.pixel-tal.de\/klebebaender\/non%20class\u00e9\/3m-ruban-adhesif-double-face-9088-200\/"},"modified":"2025-07-03T16:18:43","modified_gmt":"2025-07-03T14:18:43","slug":"3m-9088-200-doppelseitiges-klebeband","status":"publish","type":"product","link":"https:\/\/cardinal-tapes.com\/fr\/rubans-adh\u00e9sifs\/rubans-adhesifs-double-face\/3m-9088-200-doppelseitiges-klebeband\/","title":{"rendered":"3M\u2122 Ruban adh\u00e9sif double face 9088-200"},"content":{"rendered":"<p>Le ruban adh\u00e9sif double face haute performance 3M\u2122 9088-200 est un ruban universel destin\u00e9 \u00e0 une multitude d&#8217;applications. De l&#8217;industrie de la signal\u00e9tique \u00e0 l&#8217;industrie automobile et \u00e9lectronique, en passant par la fabrication d&#8217;appareils, vous pouvez compter sur 3M pour renforcer et prot\u00e9ger votre marque.<\/p>\n<p><strong>Propri\u00e9t\u00e9s<\/strong><br \/>\nL&#8217;avantage particulier du ruban adh\u00e9sif 9088-200 est sa grande r\u00e9sistance aux UV et \u00e0 la temp\u00e9rature ainsi que sa grande transparence. De plus, la mise en \u0153uvre du 3M 9088-200 est tr\u00e8s simple et facile. Son pouvoir adh\u00e9sif \u00e9lev\u00e9 \u00e0 long terme en fait un excellent choix pour les pr\u00e9sentoirs POP\/POS, les caissons lumineux, la signal\u00e9tique, les applications de transformation des m\u00e9taux, la d\u00e9coration int\u00e9rieure ainsi que pour le collage de papier, d&#8217;emballages et bien d&#8217;autres choses encore.<\/p>\n<p><strong>Applications<\/strong><br \/>\n&#8211; Montage et fixation de pr\u00e9sentoirs de vente et de panneaux publicitaires<br \/>\n&#8211; Fixation et fixation de baguettes d\u00e9coratives et d&#8217;embl\u00e8mes<br \/>\n&#8211; Etanch\u00e9it\u00e9 de profil\u00e9s et de chemins de c\u00e2bles<br \/>\n&#8211; Pour \u00e9pissure<\/p>\n","protected":false},"excerpt":{"rendered":"<p>Le ruban adh\u00e9sif double face haute performance 3M\u2122 9088-200 est un ruban universel destin\u00e9 \u00e0 une multitude d&#8217;applications. De l&#8217;industrie de la signal\u00e9tique \u00e0 l&#8217;industrie automobile et \u00e9lectronique, en passant par la fabrication d&#8217;appareils, vous pouvez compter sur 3M pour renforcer et prot\u00e9ger votre marque. Propri\u00e9t\u00e9s L&#8217;avantage particulier du ruban adh\u00e9sif 9088-200 est sa grande [&hellip;]<\/p>\n","protected":false},"featured_media":26764,"template":"","meta":{"_acf_changed":false},"pwb-brand":[2167],"product_brand":[],"product_cat":[1834],"product_tag":[],"class_list":{"0":"post-60695","1":"product","2":"type-product","3":"status-publish","4":"has-post-thumbnail","6":"pwb-brand-3m-fr","7":"product_cat-rubans-adhesifs-double-face","9":"first","10":"outofstock","11":"taxable","12":"shipping-taxable","13":"purchasable","14":"product-type-variable"},"acf":[],"yoast_head":"<!-- This site is optimized with the Yoast SEO plugin v27.3 - https:\/\/yoast.com\/product\/yoast-seo-wordpress\/ -->\n<title>3M 9088-200 Ruban adh\u00e9sif double face | Cardinal TAPES<\/title>\n<meta name=\"description\" content=\"Le ruban adh\u00e9sif double face 3M 9088-200 est utilis\u00e9 pour fixer des moulures, des panneaux publicitaires &amp; des \u00e9l\u00e9ments d\u00e9coratifs. En savoir plus sur le 3M 9088-200.\" \/>\n<meta name=\"robots\" content=\"index, follow, max-snippet:-1, max-image-preview:large, max-video-preview:-1\" \/>\n<link rel=\"canonical\" href=\"https:\/\/cardinal-tapes.com\/fr\/rubans-adh\u00e9sifs\/rubans-adhesifs-double-face\/3m-9088-200-doppelseitiges-klebeband\/\" \/>\n<meta property=\"og:locale\" content=\"fr_FR\" \/>\n<meta property=\"og:type\" content=\"article\" \/>\n<meta property=\"og:title\" content=\"3M 9088-200 Ruban adh\u00e9sif double face | Cardinal TAPES\" \/>\n<meta property=\"og:description\" content=\"Le ruban adh\u00e9sif double face 3M 9088-200 est utilis\u00e9 pour fixer des moulures, des panneaux publicitaires &amp; des \u00e9l\u00e9ments d\u00e9coratifs. En savoir plus sur le 3M 9088-200.\" \/>\n<meta property=\"og:url\" content=\"https:\/\/cardinal-tapes.com\/fr\/rubans-adh\u00e9sifs\/rubans-adhesifs-double-face\/3m-9088-200-doppelseitiges-klebeband\/\" \/>\n<meta property=\"og:site_name\" content=\"cardinal TAPES\" \/>\n<meta property=\"article:modified_time\" content=\"2025-07-03T14:18:43+00:00\" \/>\n<meta property=\"og:image\" content=\"https:\/\/cardinal-tapes.com\/wp-content\/uploads\/3mtm-double-coated-tapes-9088fl.jpg\" \/>\n\t<meta property=\"og:image:width\" content=\"374\" \/>\n\t<meta property=\"og:image:height\" content=\"400\" \/>\n\t<meta property=\"og:image:type\" content=\"image\/jpeg\" \/>\n<meta name=\"twitter:card\" content=\"summary_large_image\" \/>\n<meta name=\"twitter:label1\" content=\"Dur\u00e9e de lecture estim\u00e9e\" \/>\n\t<meta name=\"twitter:data1\" content=\"1 minute\" \/>\n<script type=\"application\/ld+json\" class=\"yoast-schema-graph\">{\"@context\":\"https:\\\/\\\/schema.org\",\"@graph\":[{\"@type\":\"WebPage\",\"@id\":\"https:\\\/\\\/cardinal-tapes.com\\\/fr\\\/rubans-adh\u00e9sifs\\\/rubans-adhesifs-double-face\\\/3m-9088-200-doppelseitiges-klebeband\\\/\",\"url\":\"https:\\\/\\\/cardinal-tapes.com\\\/fr\\\/rubans-adh\u00e9sifs\\\/rubans-adhesifs-double-face\\\/3m-9088-200-doppelseitiges-klebeband\\\/\",\"name\":\"3M 9088-200 Ruban adh\u00e9sif double face | Cardinal TAPES\",\"isPartOf\":{\"@id\":\"https:\\\/\\\/cardinal-tapes.com\\\/#website\"},\"primaryImageOfPage\":{\"@id\":\"https:\\\/\\\/cardinal-tapes.com\\\/fr\\\/rubans-adh\u00e9sifs\\\/rubans-adhesifs-double-face\\\/3m-9088-200-doppelseitiges-klebeband\\\/#primaryimage\"},\"image\":{\"@id\":\"https:\\\/\\\/cardinal-tapes.com\\\/fr\\\/rubans-adh\u00e9sifs\\\/rubans-adhesifs-double-face\\\/3m-9088-200-doppelseitiges-klebeband\\\/#primaryimage\"},\"thumbnailUrl\":\"https:\\\/\\\/cardinal-tapes.com\\\/wp-content\\\/uploads\\\/3mtm-double-coated-tapes-9088fl.jpg\",\"datePublished\":\"2023-06-06T08:07:17+00:00\",\"dateModified\":\"2025-07-03T14:18:43+00:00\",\"description\":\"Le ruban adh\u00e9sif double face 3M 9088-200 est utilis\u00e9 pour fixer des moulures, des panneaux publicitaires & des \u00e9l\u00e9ments d\u00e9coratifs. En savoir plus sur le 3M 9088-200.\",\"breadcrumb\":{\"@id\":\"https:\\\/\\\/cardinal-tapes.com\\\/fr\\\/rubans-adh\u00e9sifs\\\/rubans-adhesifs-double-face\\\/3m-9088-200-doppelseitiges-klebeband\\\/#breadcrumb\"},\"inLanguage\":\"fr-FR\",\"potentialAction\":[{\"@type\":\"ReadAction\",\"target\":[\"https:\\\/\\\/cardinal-tapes.com\\\/fr\\\/rubans-adh\u00e9sifs\\\/rubans-adhesifs-double-face\\\/3m-9088-200-doppelseitiges-klebeband\\\/\"]}]},{\"@type\":\"ImageObject\",\"inLanguage\":\"fr-FR\",\"@id\":\"https:\\\/\\\/cardinal-tapes.com\\\/fr\\\/rubans-adh\u00e9sifs\\\/rubans-adhesifs-double-face\\\/3m-9088-200-doppelseitiges-klebeband\\\/#primaryimage\",\"url\":\"https:\\\/\\\/cardinal-tapes.com\\\/wp-content\\\/uploads\\\/3mtm-double-coated-tapes-9088fl.jpg\",\"contentUrl\":\"https:\\\/\\\/cardinal-tapes.com\\\/wp-content\\\/uploads\\\/3mtm-double-coated-tapes-9088fl.jpg\",\"width\":374,\"height\":400,\"caption\":\"3mtmn double coated tapes 9088fl\"},{\"@type\":\"BreadcrumbList\",\"@id\":\"https:\\\/\\\/cardinal-tapes.com\\\/fr\\\/rubans-adh\u00e9sifs\\\/rubans-adhesifs-double-face\\\/3m-9088-200-doppelseitiges-klebeband\\\/#breadcrumb\",\"itemListElement\":[{\"@type\":\"ListItem\",\"position\":1,\"name\":\"Startseite\",\"item\":\"https:\\\/\\\/cardinal-tapes.com\\\/fr\\\/accueil\\\/\"},{\"@type\":\"ListItem\",\"position\":2,\"name\":\"Rubans adh\u00e9sifs\",\"item\":\"https:\\\/\\\/cardinal-tapes.com\\\/fr\\\/rubans-adhesifs-fr\\\/\"},{\"@type\":\"ListItem\",\"position\":3,\"name\":\"Rubans adh\u00e9sifs double face\",\"item\":\"https:\\\/\\\/cardinal-tapes.com\\\/fr\\\/catgorie\\\/rubans-adhesifs-double-face\\\/\"},{\"@type\":\"ListItem\",\"position\":4,\"name\":\"3M\u2122 Ruban adh\u00e9sif double face 9088-200\"}]},{\"@type\":\"WebSite\",\"@id\":\"https:\\\/\\\/cardinal-tapes.com\\\/#website\",\"url\":\"https:\\\/\\\/cardinal-tapes.com\\\/\",\"name\":\"cardinal TAPES\",\"description\":\"Klebetechnik aus Wuppertal\",\"potentialAction\":[{\"@type\":\"SearchAction\",\"target\":{\"@type\":\"EntryPoint\",\"urlTemplate\":\"https:\\\/\\\/cardinal-tapes.com\\\/?s={search_term_string}\"},\"query-input\":{\"@type\":\"PropertyValueSpecification\",\"valueRequired\":true,\"valueName\":\"search_term_string\"}}],\"inLanguage\":\"fr-FR\"}]}<\/script>\n<!-- \/ Yoast SEO plugin. -->","yoast_head_json":{"title":"3M 9088-200 Ruban adh\u00e9sif double face | Cardinal TAPES","description":"Le ruban adh\u00e9sif double face 3M 9088-200 est utilis\u00e9 pour fixer des moulures, des panneaux publicitaires & des \u00e9l\u00e9ments d\u00e9coratifs. En savoir plus sur le 3M 9088-200.","robots":{"index":"index","follow":"follow","max-snippet":"max-snippet:-1","max-image-preview":"max-image-preview:large","max-video-preview":"max-video-preview:-1"},"canonical":"https:\/\/cardinal-tapes.com\/fr\/rubans-adh\u00e9sifs\/rubans-adhesifs-double-face\/3m-9088-200-doppelseitiges-klebeband\/","og_locale":"fr_FR","og_type":"article","og_title":"3M 9088-200 Ruban adh\u00e9sif double face | Cardinal TAPES","og_description":"Le ruban adh\u00e9sif double face 3M 9088-200 est utilis\u00e9 pour fixer des moulures, des panneaux publicitaires & des \u00e9l\u00e9ments d\u00e9coratifs. En savoir plus sur le 3M 9088-200.","og_url":"https:\/\/cardinal-tapes.com\/fr\/rubans-adh\u00e9sifs\/rubans-adhesifs-double-face\/3m-9088-200-doppelseitiges-klebeband\/","og_site_name":"cardinal TAPES","article_modified_time":"2025-07-03T14:18:43+00:00","og_image":[{"width":374,"height":400,"url":"https:\/\/cardinal-tapes.com\/wp-content\/uploads\/3mtm-double-coated-tapes-9088fl.jpg","type":"image\/jpeg"}],"twitter_card":"summary_large_image","twitter_misc":{"Dur\u00e9e de lecture estim\u00e9e":"1 minute"},"schema":{"@context":"https:\/\/schema.org","@graph":[{"@type":"WebPage","@id":"https:\/\/cardinal-tapes.com\/fr\/rubans-adh\u00e9sifs\/rubans-adhesifs-double-face\/3m-9088-200-doppelseitiges-klebeband\/","url":"https:\/\/cardinal-tapes.com\/fr\/rubans-adh\u00e9sifs\/rubans-adhesifs-double-face\/3m-9088-200-doppelseitiges-klebeband\/","name":"3M 9088-200 Ruban adh\u00e9sif double face | Cardinal TAPES","isPartOf":{"@id":"https:\/\/cardinal-tapes.com\/#website"},"primaryImageOfPage":{"@id":"https:\/\/cardinal-tapes.com\/fr\/rubans-adh\u00e9sifs\/rubans-adhesifs-double-face\/3m-9088-200-doppelseitiges-klebeband\/#primaryimage"},"image":{"@id":"https:\/\/cardinal-tapes.com\/fr\/rubans-adh\u00e9sifs\/rubans-adhesifs-double-face\/3m-9088-200-doppelseitiges-klebeband\/#primaryimage"},"thumbnailUrl":"https:\/\/cardinal-tapes.com\/wp-content\/uploads\/3mtm-double-coated-tapes-9088fl.jpg","datePublished":"2023-06-06T08:07:17+00:00","dateModified":"2025-07-03T14:18:43+00:00","description":"Le ruban adh\u00e9sif double face 3M 9088-200 est utilis\u00e9 pour fixer des moulures, des panneaux publicitaires & des \u00e9l\u00e9ments d\u00e9coratifs. En savoir plus sur le 3M 9088-200.","breadcrumb":{"@id":"https:\/\/cardinal-tapes.com\/fr\/rubans-adh\u00e9sifs\/rubans-adhesifs-double-face\/3m-9088-200-doppelseitiges-klebeband\/#breadcrumb"},"inLanguage":"fr-FR","potentialAction":[{"@type":"ReadAction","target":["https:\/\/cardinal-tapes.com\/fr\/rubans-adh\u00e9sifs\/rubans-adhesifs-double-face\/3m-9088-200-doppelseitiges-klebeband\/"]}]},{"@type":"ImageObject","inLanguage":"fr-FR","@id":"https:\/\/cardinal-tapes.com\/fr\/rubans-adh\u00e9sifs\/rubans-adhesifs-double-face\/3m-9088-200-doppelseitiges-klebeband\/#primaryimage","url":"https:\/\/cardinal-tapes.com\/wp-content\/uploads\/3mtm-double-coated-tapes-9088fl.jpg","contentUrl":"https:\/\/cardinal-tapes.com\/wp-content\/uploads\/3mtm-double-coated-tapes-9088fl.jpg","width":374,"height":400,"caption":"3mtmn double coated tapes 9088fl"},{"@type":"BreadcrumbList","@id":"https:\/\/cardinal-tapes.com\/fr\/rubans-adh\u00e9sifs\/rubans-adhesifs-double-face\/3m-9088-200-doppelseitiges-klebeband\/#breadcrumb","itemListElement":[{"@type":"ListItem","position":1,"name":"Startseite","item":"https:\/\/cardinal-tapes.com\/fr\/accueil\/"},{"@type":"ListItem","position":2,"name":"Rubans adh\u00e9sifs","item":"https:\/\/cardinal-tapes.com\/fr\/rubans-adhesifs-fr\/"},{"@type":"ListItem","position":3,"name":"Rubans adh\u00e9sifs double face","item":"https:\/\/cardinal-tapes.com\/fr\/catgorie\/rubans-adhesifs-double-face\/"},{"@type":"ListItem","position":4,"name":"3M\u2122 Ruban adh\u00e9sif double face 9088-200"}]},{"@type":"WebSite","@id":"https:\/\/cardinal-tapes.com\/#website","url":"https:\/\/cardinal-tapes.com\/","name":"cardinal TAPES","description":"Klebetechnik aus Wuppertal","potentialAction":[{"@type":"SearchAction","target":{"@type":"EntryPoint","urlTemplate":"https:\/\/cardinal-tapes.com\/?s={search_term_string}"},"query-input":{"@type":"PropertyValueSpecification","valueRequired":true,"valueName":"search_term_string"}}],"inLanguage":"fr-FR"}]}},"brands":[{"id":2167,"name":"3M","slug":"3m-fr"}],"_links":{"self":[{"href":"https:\/\/cardinal-tapes.com\/fr\/wp-json\/wp\/v2\/product\/60695","targetHints":{"allow":["GET"]}}],"collection":[{"href":"https:\/\/cardinal-tapes.com\/fr\/wp-json\/wp\/v2\/product"}],"about":[{"href":"https:\/\/cardinal-tapes.com\/fr\/wp-json\/wp\/v2\/types\/product"}],"wp:featuredmedia":[{"embeddable":true,"href":"https:\/\/cardinal-tapes.com\/fr\/wp-json\/wp\/v2\/media\/26764"}],"wp:attachment":[{"href":"https:\/\/cardinal-tapes.com\/fr\/wp-json\/wp\/v2\/media?parent=60695"}],"wp:term":[{"taxonomy":"pwb-brand","embeddable":true,"href":"https:\/\/cardinal-tapes.com\/fr\/wp-json\/wp\/v2\/pwb-brand?post=60695"},{"taxonomy":"product_brand","embeddable":true,"href":"https:\/\/cardinal-tapes.com\/fr\/wp-json\/wp\/v2\/product_brand?post=60695"},{"taxonomy":"product_cat","embeddable":true,"href":"https:\/\/cardinal-tapes.com\/fr\/wp-json\/wp\/v2\/product_cat?post=60695"},{"taxonomy":"product_tag","embeddable":true,"href":"https:\/\/cardinal-tapes.com\/fr\/wp-json\/wp\/v2\/product_tag?post=60695"}],"curies":[{"name":"wp","href":"https:\/\/api.w.org\/{rel}","templated":true}]}}