{"id":60666,"date":"2017-12-08T10:01:02","date_gmt":"2023-06-06T08:07:15","guid":{"rendered":"https:\/\/cardinal.pixel-tal.de\/klebebaender\/non class\u00e9\/3m-2214-adhesif-de-construction-monocomposant\/"},"modified":"2023-06-06T10:07:15","modified_gmt":"2023-06-06T08:07:15","slug":"3m-2214-adhesif-de-construction-monocomposant","status":"publish","type":"product","link":"https:\/\/cardinal-tapes.com\/fr\/rubans-adh\u00e9sifs\/non-categorise\/3m-2214-adhesif-de-construction-monocomposant\/","title":{"rendered":"3M\u2122 2214 Adh\u00e9sif de construction monocomposant"},"content":{"rendered":"<p>L&#8217;adh\u00e9sif de construction monocomposant 3M\u2122 2214 a \u00e9t\u00e9 con\u00e7u pour coller l&#8217;aluminium, l&#8217;acier, les plastiques et les alliages de titane. L&#8217;adh\u00e9sif est un adh\u00e9sif de construction \u00e0 charge m\u00e9tallique, thermodurcissable, \u00e0 base de r\u00e9sines \u00e9poxydes modifi\u00e9es. Les propri\u00e9t\u00e9s particuli\u00e8res de l&#8217;adh\u00e9sif 3M\u2122 2214 sont une bonne r\u00e9sistance au vieillissement, une solidit\u00e9 dans diff\u00e9rentes plages de temp\u00e9rature et l&#8217;absence de fluage lors du durcissement. Nos experts se feront un plaisir de r\u00e9pondre \u00e0 vos questions sur ce produit.<\/p>\n","protected":false},"excerpt":{"rendered":"<p>L&#8217;adh\u00e9sif de construction monocomposant 3M\u2122 2214 a \u00e9t\u00e9 con\u00e7u pour coller l&#8217;aluminium, l&#8217;acier, les plastiques et les alliages de titane. L&#8217;adh\u00e9sif est un adh\u00e9sif de construction \u00e0 charge m\u00e9tallique, thermodurcissable, \u00e0 base de r\u00e9sines \u00e9poxydes modifi\u00e9es. Les propri\u00e9t\u00e9s particuli\u00e8res de l&#8217;adh\u00e9sif 3M\u2122 2214 sont une bonne r\u00e9sistance au vieillissement, une solidit\u00e9 dans diff\u00e9rentes plages de [&hellip;]<\/p>\n","protected":false},"featured_media":24528,"template":"","meta":{"_acf_changed":false},"pwb-brand":[2167],"product_brand":[],"product_cat":[1858],"product_tag":[],"class_list":{"0":"post-60666","1":"product","2":"type-product","3":"status-publish","4":"has-post-thumbnail","6":"pwb-brand-3m-fr","7":"product_cat-non-categorise","9":"first","10":"instock","11":"taxable","12":"shipping-taxable","13":"purchasable","14":"product-type-simple"},"acf":[],"yoast_head":"<!-- This site is optimized with the Yoast SEO plugin v27.3 - https:\/\/yoast.com\/product\/yoast-seo-wordpress\/ -->\n<title>3M 2214 Adh\u00e9sif de construction monocomposant | Cardinal TAPES<\/title>\n<meta name=\"description\" content=\"L&#039;adh\u00e9sif de construction monocomposant 3M 2214 convient pour le collage de l&#039;aluminium, de l&#039;acier, des mati\u00e8res plastiques et des alliages de titane. En savoir plus sur le 3M 2214.\" \/>\n<meta name=\"robots\" content=\"index, follow, max-snippet:-1, max-image-preview:large, max-video-preview:-1\" \/>\n<link rel=\"canonical\" href=\"https:\/\/cardinal-tapes.com\/fr\/rubans-adh\u00e9sifs\/non-categorise\/3m-2214-adhesif-de-construction-monocomposant\/\" \/>\n<meta property=\"og:locale\" content=\"fr_FR\" \/>\n<meta property=\"og:type\" content=\"article\" \/>\n<meta property=\"og:title\" content=\"3M 2214 Adh\u00e9sif de construction monocomposant | Cardinal TAPES\" \/>\n<meta property=\"og:description\" content=\"L&#039;adh\u00e9sif de construction monocomposant 3M 2214 convient pour le collage de l&#039;aluminium, de l&#039;acier, des mati\u00e8res plastiques et des alliages de titane. En savoir plus sur le 3M 2214.\" \/>\n<meta property=\"og:url\" content=\"https:\/\/cardinal-tapes.com\/fr\/rubans-adh\u00e9sifs\/non-categorise\/3m-2214-adhesif-de-construction-monocomposant\/\" \/>\n<meta property=\"og:site_name\" content=\"cardinal TAPES\" \/>\n<meta property=\"og:image\" content=\"https:\/\/cardinal-tapes.com\/wp-content\/uploads\/3m_scotch_schmelzklebstoff_2214.jpg\" \/>\n\t<meta property=\"og:image:width\" content=\"600\" \/>\n\t<meta property=\"og:image:height\" content=\"600\" \/>\n\t<meta property=\"og:image:type\" content=\"image\/jpeg\" \/>\n<meta name=\"twitter:card\" content=\"summary_large_image\" \/>\n<script type=\"application\/ld+json\" class=\"yoast-schema-graph\">{\"@context\":\"https:\\\/\\\/schema.org\",\"@graph\":[{\"@type\":\"WebPage\",\"@id\":\"https:\\\/\\\/cardinal-tapes.com\\\/fr\\\/rubans-adh\u00e9sifs\\\/non-categorise\\\/3m-2214-adhesif-de-construction-monocomposant\\\/\",\"url\":\"https:\\\/\\\/cardinal-tapes.com\\\/fr\\\/rubans-adh\u00e9sifs\\\/non-categorise\\\/3m-2214-adhesif-de-construction-monocomposant\\\/\",\"name\":\"3M 2214 Adh\u00e9sif de construction monocomposant | Cardinal TAPES\",\"isPartOf\":{\"@id\":\"https:\\\/\\\/cardinal-tapes.com\\\/#website\"},\"primaryImageOfPage\":{\"@id\":\"https:\\\/\\\/cardinal-tapes.com\\\/fr\\\/rubans-adh\u00e9sifs\\\/non-categorise\\\/3m-2214-adhesif-de-construction-monocomposant\\\/#primaryimage\"},\"image\":{\"@id\":\"https:\\\/\\\/cardinal-tapes.com\\\/fr\\\/rubans-adh\u00e9sifs\\\/non-categorise\\\/3m-2214-adhesif-de-construction-monocomposant\\\/#primaryimage\"},\"thumbnailUrl\":\"https:\\\/\\\/cardinal-tapes.com\\\/wp-content\\\/uploads\\\/3m_scotch_schmelzklebstoff_2214.jpg\",\"datePublished\":\"2023-06-06T08:07:15+00:00\",\"description\":\"L'adh\u00e9sif de construction monocomposant 3M 2214 convient pour le collage de l'aluminium, de l'acier, des mati\u00e8res plastiques et des alliages de titane. En savoir plus sur le 3M 2214.\",\"breadcrumb\":{\"@id\":\"https:\\\/\\\/cardinal-tapes.com\\\/fr\\\/rubans-adh\u00e9sifs\\\/non-categorise\\\/3m-2214-adhesif-de-construction-monocomposant\\\/#breadcrumb\"},\"inLanguage\":\"fr-FR\",\"potentialAction\":[{\"@type\":\"ReadAction\",\"target\":[\"https:\\\/\\\/cardinal-tapes.com\\\/fr\\\/rubans-adh\u00e9sifs\\\/non-categorise\\\/3m-2214-adhesif-de-construction-monocomposant\\\/\"]}]},{\"@type\":\"ImageObject\",\"inLanguage\":\"fr-FR\",\"@id\":\"https:\\\/\\\/cardinal-tapes.com\\\/fr\\\/rubans-adh\u00e9sifs\\\/non-categorise\\\/3m-2214-adhesif-de-construction-monocomposant\\\/#primaryimage\",\"url\":\"https:\\\/\\\/cardinal-tapes.com\\\/wp-content\\\/uploads\\\/3m_scotch_schmelzklebstoff_2214.jpg\",\"contentUrl\":\"https:\\\/\\\/cardinal-tapes.com\\\/wp-content\\\/uploads\\\/3m_scotch_schmelzklebstoff_2214.jpg\",\"width\":600,\"height\":600,\"caption\":\"Colle thermofusible 3M Scotch 2214\"},{\"@type\":\"BreadcrumbList\",\"@id\":\"https:\\\/\\\/cardinal-tapes.com\\\/fr\\\/rubans-adh\u00e9sifs\\\/non-categorise\\\/3m-2214-adhesif-de-construction-monocomposant\\\/#breadcrumb\",\"itemListElement\":[{\"@type\":\"ListItem\",\"position\":1,\"name\":\"Startseite\",\"item\":\"https:\\\/\\\/cardinal-tapes.com\\\/fr\\\/accueil\\\/\"},{\"@type\":\"ListItem\",\"position\":2,\"name\":\"Rubans adh\u00e9sifs\",\"item\":\"https:\\\/\\\/cardinal-tapes.com\\\/fr\\\/rubans-adhesifs-fr\\\/\"},{\"@type\":\"ListItem\",\"position\":3,\"name\":\"Non cat\u00e9goris\u00e9\",\"item\":\"https:\\\/\\\/cardinal-tapes.com\\\/fr\\\/catgorie\\\/non-categorise\\\/\"},{\"@type\":\"ListItem\",\"position\":4,\"name\":\"3M\u2122 2214 Adh\u00e9sif de construction monocomposant\"}]},{\"@type\":\"WebSite\",\"@id\":\"https:\\\/\\\/cardinal-tapes.com\\\/#website\",\"url\":\"https:\\\/\\\/cardinal-tapes.com\\\/\",\"name\":\"cardinal TAPES\",\"description\":\"Klebetechnik aus Wuppertal\",\"potentialAction\":[{\"@type\":\"SearchAction\",\"target\":{\"@type\":\"EntryPoint\",\"urlTemplate\":\"https:\\\/\\\/cardinal-tapes.com\\\/?s={search_term_string}\"},\"query-input\":{\"@type\":\"PropertyValueSpecification\",\"valueRequired\":true,\"valueName\":\"search_term_string\"}}],\"inLanguage\":\"fr-FR\"}]}<\/script>\n<!-- \/ Yoast SEO plugin. -->","yoast_head_json":{"title":"3M 2214 Adh\u00e9sif de construction monocomposant | Cardinal TAPES","description":"L'adh\u00e9sif de construction monocomposant 3M 2214 convient pour le collage de l'aluminium, de l'acier, des mati\u00e8res plastiques et des alliages de titane. En savoir plus sur le 3M 2214.","robots":{"index":"index","follow":"follow","max-snippet":"max-snippet:-1","max-image-preview":"max-image-preview:large","max-video-preview":"max-video-preview:-1"},"canonical":"https:\/\/cardinal-tapes.com\/fr\/rubans-adh\u00e9sifs\/non-categorise\/3m-2214-adhesif-de-construction-monocomposant\/","og_locale":"fr_FR","og_type":"article","og_title":"3M 2214 Adh\u00e9sif de construction monocomposant | Cardinal TAPES","og_description":"L'adh\u00e9sif de construction monocomposant 3M 2214 convient pour le collage de l'aluminium, de l'acier, des mati\u00e8res plastiques et des alliages de titane. En savoir plus sur le 3M 2214.","og_url":"https:\/\/cardinal-tapes.com\/fr\/rubans-adh\u00e9sifs\/non-categorise\/3m-2214-adhesif-de-construction-monocomposant\/","og_site_name":"cardinal TAPES","og_image":[{"width":600,"height":600,"url":"https:\/\/cardinal-tapes.com\/wp-content\/uploads\/3m_scotch_schmelzklebstoff_2214.jpg","type":"image\/jpeg"}],"twitter_card":"summary_large_image","schema":{"@context":"https:\/\/schema.org","@graph":[{"@type":"WebPage","@id":"https:\/\/cardinal-tapes.com\/fr\/rubans-adh\u00e9sifs\/non-categorise\/3m-2214-adhesif-de-construction-monocomposant\/","url":"https:\/\/cardinal-tapes.com\/fr\/rubans-adh\u00e9sifs\/non-categorise\/3m-2214-adhesif-de-construction-monocomposant\/","name":"3M 2214 Adh\u00e9sif de construction monocomposant | Cardinal TAPES","isPartOf":{"@id":"https:\/\/cardinal-tapes.com\/#website"},"primaryImageOfPage":{"@id":"https:\/\/cardinal-tapes.com\/fr\/rubans-adh\u00e9sifs\/non-categorise\/3m-2214-adhesif-de-construction-monocomposant\/#primaryimage"},"image":{"@id":"https:\/\/cardinal-tapes.com\/fr\/rubans-adh\u00e9sifs\/non-categorise\/3m-2214-adhesif-de-construction-monocomposant\/#primaryimage"},"thumbnailUrl":"https:\/\/cardinal-tapes.com\/wp-content\/uploads\/3m_scotch_schmelzklebstoff_2214.jpg","datePublished":"2023-06-06T08:07:15+00:00","description":"L'adh\u00e9sif de construction monocomposant 3M 2214 convient pour le collage de l'aluminium, de l'acier, des mati\u00e8res plastiques et des alliages de titane. En savoir plus sur le 3M 2214.","breadcrumb":{"@id":"https:\/\/cardinal-tapes.com\/fr\/rubans-adh\u00e9sifs\/non-categorise\/3m-2214-adhesif-de-construction-monocomposant\/#breadcrumb"},"inLanguage":"fr-FR","potentialAction":[{"@type":"ReadAction","target":["https:\/\/cardinal-tapes.com\/fr\/rubans-adh\u00e9sifs\/non-categorise\/3m-2214-adhesif-de-construction-monocomposant\/"]}]},{"@type":"ImageObject","inLanguage":"fr-FR","@id":"https:\/\/cardinal-tapes.com\/fr\/rubans-adh\u00e9sifs\/non-categorise\/3m-2214-adhesif-de-construction-monocomposant\/#primaryimage","url":"https:\/\/cardinal-tapes.com\/wp-content\/uploads\/3m_scotch_schmelzklebstoff_2214.jpg","contentUrl":"https:\/\/cardinal-tapes.com\/wp-content\/uploads\/3m_scotch_schmelzklebstoff_2214.jpg","width":600,"height":600,"caption":"Colle thermofusible 3M Scotch 2214"},{"@type":"BreadcrumbList","@id":"https:\/\/cardinal-tapes.com\/fr\/rubans-adh\u00e9sifs\/non-categorise\/3m-2214-adhesif-de-construction-monocomposant\/#breadcrumb","itemListElement":[{"@type":"ListItem","position":1,"name":"Startseite","item":"https:\/\/cardinal-tapes.com\/fr\/accueil\/"},{"@type":"ListItem","position":2,"name":"Rubans adh\u00e9sifs","item":"https:\/\/cardinal-tapes.com\/fr\/rubans-adhesifs-fr\/"},{"@type":"ListItem","position":3,"name":"Non cat\u00e9goris\u00e9","item":"https:\/\/cardinal-tapes.com\/fr\/catgorie\/non-categorise\/"},{"@type":"ListItem","position":4,"name":"3M\u2122 2214 Adh\u00e9sif de construction monocomposant"}]},{"@type":"WebSite","@id":"https:\/\/cardinal-tapes.com\/#website","url":"https:\/\/cardinal-tapes.com\/","name":"cardinal TAPES","description":"Klebetechnik aus Wuppertal","potentialAction":[{"@type":"SearchAction","target":{"@type":"EntryPoint","urlTemplate":"https:\/\/cardinal-tapes.com\/?s={search_term_string}"},"query-input":{"@type":"PropertyValueSpecification","valueRequired":true,"valueName":"search_term_string"}}],"inLanguage":"fr-FR"}]}},"brands":[{"id":2167,"name":"3M","slug":"3m-fr"}],"_links":{"self":[{"href":"https:\/\/cardinal-tapes.com\/fr\/wp-json\/wp\/v2\/product\/60666","targetHints":{"allow":["GET"]}}],"collection":[{"href":"https:\/\/cardinal-tapes.com\/fr\/wp-json\/wp\/v2\/product"}],"about":[{"href":"https:\/\/cardinal-tapes.com\/fr\/wp-json\/wp\/v2\/types\/product"}],"wp:featuredmedia":[{"embeddable":true,"href":"https:\/\/cardinal-tapes.com\/fr\/wp-json\/wp\/v2\/media\/24528"}],"wp:attachment":[{"href":"https:\/\/cardinal-tapes.com\/fr\/wp-json\/wp\/v2\/media?parent=60666"}],"wp:term":[{"taxonomy":"pwb-brand","embeddable":true,"href":"https:\/\/cardinal-tapes.com\/fr\/wp-json\/wp\/v2\/pwb-brand?post=60666"},{"taxonomy":"product_brand","embeddable":true,"href":"https:\/\/cardinal-tapes.com\/fr\/wp-json\/wp\/v2\/product_brand?post=60666"},{"taxonomy":"product_cat","embeddable":true,"href":"https:\/\/cardinal-tapes.com\/fr\/wp-json\/wp\/v2\/product_cat?post=60666"},{"taxonomy":"product_tag","embeddable":true,"href":"https:\/\/cardinal-tapes.com\/fr\/wp-json\/wp\/v2\/product_tag?post=60666"}],"curies":[{"name":"wp","href":"https:\/\/api.w.org\/{rel}","templated":true}]}}