{"id":60665,"date":"2017-12-08T10:03:03","date_gmt":"2023-06-06T08:07:15","guid":{"rendered":"https:\/\/cardinal.pixel-tal.de\/klebebaender\/non%20class\u00e9\/3m-te-031-adhesif-thermofusible-polyurethane-reactif\/"},"modified":"2023-06-06T10:09:07","modified_gmt":"2023-06-06T08:09:07","slug":"3m-te-031-adhesif-thermofusible-polyurethane-reactif","status":"publish","type":"product","link":"https:\/\/cardinal-tapes.com\/fr\/rubans-adh\u00e9sifs\/colle-liquide\/adhesifs\/3m-te-031-adhesif-thermofusible-polyurethane-reactif\/","title":{"rendered":"3M\u2122 TE 031 Adh\u00e9sif thermofusible polyur\u00e9thane r\u00e9actif"},"content":{"rendered":"<p>La colle thermofusible polyur\u00e9thane r\u00e9active 3M\u2122 TE 031 convient parfaitement pour le collage des mati\u00e8res plastiques, mais peut \u00e9galement tr\u00e8s bien \u00eatre utilis\u00e9e pour le bois, le verre et les textiles. Les avantages particuliers de cette colle thermofusible sont sa bonne r\u00e9sistance au vieillissement, sa grande solidit\u00e9 et sa courte dur\u00e9e de collage. De plus, le traitement est tr\u00e8s simple et partiellement automatis\u00e9.<\/p>\n","protected":false},"excerpt":{"rendered":"<p>La colle thermofusible polyur\u00e9thane r\u00e9active 3M\u2122 TE 031 convient parfaitement pour le collage des mati\u00e8res plastiques, mais peut \u00e9galement tr\u00e8s bien \u00eatre utilis\u00e9e pour le bois, le verre et les textiles. Les avantages particuliers de cette colle thermofusible sont sa bonne r\u00e9sistance au vieillissement, sa grande solidit\u00e9 et sa courte dur\u00e9e de collage. De plus, [&hellip;]<\/p>\n","protected":false},"featured_media":24536,"template":"","meta":{"_acf_changed":false},"pwb-brand":[2167],"product_brand":[],"product_cat":[1857],"product_tag":[],"class_list":{"0":"post-60665","1":"product","2":"type-product","3":"status-publish","4":"has-post-thumbnail","6":"pwb-brand-3m-fr","7":"product_cat-adhesifs","9":"first","10":"instock","11":"taxable","12":"shipping-taxable","13":"purchasable","14":"product-type-simple"},"acf":[],"yoast_head":"<!-- This site is optimized with the Yoast SEO plugin v27.3 - https:\/\/yoast.com\/product\/yoast-seo-wordpress\/ -->\n<title>3M TE 031 Adh\u00e9sif thermofusible polyur\u00e9thane r\u00e9actif | Cardinal TAPES<\/title>\n<meta name=\"description\" content=\"La colle thermofusible polyur\u00e9thane r\u00e9active 3M TE 031 convient parfaitement au collage des mati\u00e8res plastiques, mais peut \u00e9galement tr\u00e8s bien \u00eatre utilis\u00e9e pour le bois, le verre et les textiles.\" \/>\n<meta name=\"robots\" content=\"index, follow, max-snippet:-1, max-image-preview:large, max-video-preview:-1\" \/>\n<link rel=\"canonical\" href=\"https:\/\/cardinal-tapes.com\/fr\/rubans-adh\u00e9sifs\/adhesifs\/3m-te-031-adhesif-thermofusible-polyurethane-reactif\/\" \/>\n<meta property=\"og:locale\" content=\"fr_FR\" \/>\n<meta property=\"og:type\" content=\"article\" \/>\n<meta property=\"og:title\" content=\"3M TE 031 Adh\u00e9sif thermofusible polyur\u00e9thane r\u00e9actif | Cardinal TAPES\" \/>\n<meta property=\"og:description\" content=\"La colle thermofusible polyur\u00e9thane r\u00e9active 3M TE 031 convient parfaitement au collage des mati\u00e8res plastiques, mais peut \u00e9galement tr\u00e8s bien \u00eatre utilis\u00e9e pour le bois, le verre et les textiles.\" \/>\n<meta property=\"og:url\" content=\"https:\/\/cardinal-tapes.com\/fr\/rubans-adh\u00e9sifs\/adhesifs\/3m-te-031-adhesif-thermofusible-polyurethane-reactif\/\" \/>\n<meta property=\"og:site_name\" content=\"cardinal TAPES\" \/>\n<meta property=\"article:modified_time\" content=\"2023-06-06T08:09:07+00:00\" \/>\n<meta property=\"og:image\" content=\"https:\/\/cardinal-tapes.com\/wp-content\/uploads\/3m_scotch_schmelzklebstoff_te031.jpg\" \/>\n\t<meta property=\"og:image:width\" content=\"600\" \/>\n\t<meta property=\"og:image:height\" content=\"600\" \/>\n\t<meta property=\"og:image:type\" content=\"image\/jpeg\" \/>\n<meta name=\"twitter:card\" content=\"summary_large_image\" \/>\n<script type=\"application\/ld+json\" class=\"yoast-schema-graph\">{\"@context\":\"https:\\\/\\\/schema.org\",\"@graph\":[{\"@type\":\"WebPage\",\"@id\":\"https:\\\/\\\/cardinal-tapes.com\\\/fr\\\/rubans-adh\u00e9sifs\\\/adhesifs\\\/3m-te-031-adhesif-thermofusible-polyurethane-reactif\\\/\",\"url\":\"https:\\\/\\\/cardinal-tapes.com\\\/fr\\\/rubans-adh\u00e9sifs\\\/adhesifs\\\/3m-te-031-adhesif-thermofusible-polyurethane-reactif\\\/\",\"name\":\"3M TE 031 Adh\u00e9sif thermofusible polyur\u00e9thane r\u00e9actif | Cardinal TAPES\",\"isPartOf\":{\"@id\":\"https:\\\/\\\/cardinal-tapes.com\\\/#website\"},\"primaryImageOfPage\":{\"@id\":\"https:\\\/\\\/cardinal-tapes.com\\\/fr\\\/rubans-adh\u00e9sifs\\\/adhesifs\\\/3m-te-031-adhesif-thermofusible-polyurethane-reactif\\\/#primaryimage\"},\"image\":{\"@id\":\"https:\\\/\\\/cardinal-tapes.com\\\/fr\\\/rubans-adh\u00e9sifs\\\/adhesifs\\\/3m-te-031-adhesif-thermofusible-polyurethane-reactif\\\/#primaryimage\"},\"thumbnailUrl\":\"https:\\\/\\\/cardinal-tapes.com\\\/wp-content\\\/uploads\\\/3m_scotch_schmelzklebstoff_te031.jpg\",\"datePublished\":\"2023-06-06T08:07:15+00:00\",\"dateModified\":\"2023-06-06T08:09:07+00:00\",\"description\":\"La colle thermofusible polyur\u00e9thane r\u00e9active 3M TE 031 convient parfaitement au collage des mati\u00e8res plastiques, mais peut \u00e9galement tr\u00e8s bien \u00eatre utilis\u00e9e pour le bois, le verre et les textiles.\",\"breadcrumb\":{\"@id\":\"https:\\\/\\\/cardinal-tapes.com\\\/fr\\\/rubans-adh\u00e9sifs\\\/adhesifs\\\/3m-te-031-adhesif-thermofusible-polyurethane-reactif\\\/#breadcrumb\"},\"inLanguage\":\"fr-FR\",\"potentialAction\":[{\"@type\":\"ReadAction\",\"target\":[\"https:\\\/\\\/cardinal-tapes.com\\\/fr\\\/rubans-adh\u00e9sifs\\\/adhesifs\\\/3m-te-031-adhesif-thermofusible-polyurethane-reactif\\\/\"]}]},{\"@type\":\"ImageObject\",\"inLanguage\":\"fr-FR\",\"@id\":\"https:\\\/\\\/cardinal-tapes.com\\\/fr\\\/rubans-adh\u00e9sifs\\\/adhesifs\\\/3m-te-031-adhesif-thermofusible-polyurethane-reactif\\\/#primaryimage\",\"url\":\"https:\\\/\\\/cardinal-tapes.com\\\/wp-content\\\/uploads\\\/3m_scotch_schmelzklebstoff_te031.jpg\",\"contentUrl\":\"https:\\\/\\\/cardinal-tapes.com\\\/wp-content\\\/uploads\\\/3m_scotch_schmelzklebstoff_te031.jpg\",\"width\":600,\"height\":600,\"caption\":\"Colle thermofusible 3M Scotch TE031\"},{\"@type\":\"BreadcrumbList\",\"@id\":\"https:\\\/\\\/cardinal-tapes.com\\\/fr\\\/rubans-adh\u00e9sifs\\\/adhesifs\\\/3m-te-031-adhesif-thermofusible-polyurethane-reactif\\\/#breadcrumb\",\"itemListElement\":[{\"@type\":\"ListItem\",\"position\":1,\"name\":\"Startseite\",\"item\":\"https:\\\/\\\/cardinal-tapes.com\\\/fr\\\/accueil\\\/\"},{\"@type\":\"ListItem\",\"position\":2,\"name\":\"Rubans adh\u00e9sifs\",\"item\":\"https:\\\/\\\/cardinal-tapes.com\\\/fr\\\/rubans-adhesifs-fr\\\/\"},{\"@type\":\"ListItem\",\"position\":3,\"name\":\"Adh\u00e9sifs\",\"item\":\"https:\\\/\\\/cardinal-tapes.com\\\/fr\\\/catgorie\\\/adhesifs\\\/\"},{\"@type\":\"ListItem\",\"position\":4,\"name\":\"3M\u2122 TE 031 Adh\u00e9sif thermofusible polyur\u00e9thane r\u00e9actif\"}]},{\"@type\":\"WebSite\",\"@id\":\"https:\\\/\\\/cardinal-tapes.com\\\/#website\",\"url\":\"https:\\\/\\\/cardinal-tapes.com\\\/\",\"name\":\"cardinal TAPES\",\"description\":\"Klebetechnik aus Wuppertal\",\"potentialAction\":[{\"@type\":\"SearchAction\",\"target\":{\"@type\":\"EntryPoint\",\"urlTemplate\":\"https:\\\/\\\/cardinal-tapes.com\\\/?s={search_term_string}\"},\"query-input\":{\"@type\":\"PropertyValueSpecification\",\"valueRequired\":true,\"valueName\":\"search_term_string\"}}],\"inLanguage\":\"fr-FR\"}]}<\/script>\n<!-- \/ Yoast SEO plugin. -->","yoast_head_json":{"title":"3M TE 031 Adh\u00e9sif thermofusible polyur\u00e9thane r\u00e9actif | Cardinal TAPES","description":"La colle thermofusible polyur\u00e9thane r\u00e9active 3M TE 031 convient parfaitement au collage des mati\u00e8res plastiques, mais peut \u00e9galement tr\u00e8s bien \u00eatre utilis\u00e9e pour le bois, le verre et les textiles.","robots":{"index":"index","follow":"follow","max-snippet":"max-snippet:-1","max-image-preview":"max-image-preview:large","max-video-preview":"max-video-preview:-1"},"canonical":"https:\/\/cardinal-tapes.com\/fr\/rubans-adh\u00e9sifs\/adhesifs\/3m-te-031-adhesif-thermofusible-polyurethane-reactif\/","og_locale":"fr_FR","og_type":"article","og_title":"3M TE 031 Adh\u00e9sif thermofusible polyur\u00e9thane r\u00e9actif | Cardinal TAPES","og_description":"La colle thermofusible polyur\u00e9thane r\u00e9active 3M TE 031 convient parfaitement au collage des mati\u00e8res plastiques, mais peut \u00e9galement tr\u00e8s bien \u00eatre utilis\u00e9e pour le bois, le verre et les textiles.","og_url":"https:\/\/cardinal-tapes.com\/fr\/rubans-adh\u00e9sifs\/adhesifs\/3m-te-031-adhesif-thermofusible-polyurethane-reactif\/","og_site_name":"cardinal TAPES","article_modified_time":"2023-06-06T08:09:07+00:00","og_image":[{"width":600,"height":600,"url":"https:\/\/cardinal-tapes.com\/wp-content\/uploads\/3m_scotch_schmelzklebstoff_te031.jpg","type":"image\/jpeg"}],"twitter_card":"summary_large_image","schema":{"@context":"https:\/\/schema.org","@graph":[{"@type":"WebPage","@id":"https:\/\/cardinal-tapes.com\/fr\/rubans-adh\u00e9sifs\/adhesifs\/3m-te-031-adhesif-thermofusible-polyurethane-reactif\/","url":"https:\/\/cardinal-tapes.com\/fr\/rubans-adh\u00e9sifs\/adhesifs\/3m-te-031-adhesif-thermofusible-polyurethane-reactif\/","name":"3M TE 031 Adh\u00e9sif thermofusible polyur\u00e9thane r\u00e9actif | Cardinal TAPES","isPartOf":{"@id":"https:\/\/cardinal-tapes.com\/#website"},"primaryImageOfPage":{"@id":"https:\/\/cardinal-tapes.com\/fr\/rubans-adh\u00e9sifs\/adhesifs\/3m-te-031-adhesif-thermofusible-polyurethane-reactif\/#primaryimage"},"image":{"@id":"https:\/\/cardinal-tapes.com\/fr\/rubans-adh\u00e9sifs\/adhesifs\/3m-te-031-adhesif-thermofusible-polyurethane-reactif\/#primaryimage"},"thumbnailUrl":"https:\/\/cardinal-tapes.com\/wp-content\/uploads\/3m_scotch_schmelzklebstoff_te031.jpg","datePublished":"2023-06-06T08:07:15+00:00","dateModified":"2023-06-06T08:09:07+00:00","description":"La colle thermofusible polyur\u00e9thane r\u00e9active 3M TE 031 convient parfaitement au collage des mati\u00e8res plastiques, mais peut \u00e9galement tr\u00e8s bien \u00eatre utilis\u00e9e pour le bois, le verre et les textiles.","breadcrumb":{"@id":"https:\/\/cardinal-tapes.com\/fr\/rubans-adh\u00e9sifs\/adhesifs\/3m-te-031-adhesif-thermofusible-polyurethane-reactif\/#breadcrumb"},"inLanguage":"fr-FR","potentialAction":[{"@type":"ReadAction","target":["https:\/\/cardinal-tapes.com\/fr\/rubans-adh\u00e9sifs\/adhesifs\/3m-te-031-adhesif-thermofusible-polyurethane-reactif\/"]}]},{"@type":"ImageObject","inLanguage":"fr-FR","@id":"https:\/\/cardinal-tapes.com\/fr\/rubans-adh\u00e9sifs\/adhesifs\/3m-te-031-adhesif-thermofusible-polyurethane-reactif\/#primaryimage","url":"https:\/\/cardinal-tapes.com\/wp-content\/uploads\/3m_scotch_schmelzklebstoff_te031.jpg","contentUrl":"https:\/\/cardinal-tapes.com\/wp-content\/uploads\/3m_scotch_schmelzklebstoff_te031.jpg","width":600,"height":600,"caption":"Colle thermofusible 3M Scotch TE031"},{"@type":"BreadcrumbList","@id":"https:\/\/cardinal-tapes.com\/fr\/rubans-adh\u00e9sifs\/adhesifs\/3m-te-031-adhesif-thermofusible-polyurethane-reactif\/#breadcrumb","itemListElement":[{"@type":"ListItem","position":1,"name":"Startseite","item":"https:\/\/cardinal-tapes.com\/fr\/accueil\/"},{"@type":"ListItem","position":2,"name":"Rubans adh\u00e9sifs","item":"https:\/\/cardinal-tapes.com\/fr\/rubans-adhesifs-fr\/"},{"@type":"ListItem","position":3,"name":"Adh\u00e9sifs","item":"https:\/\/cardinal-tapes.com\/fr\/catgorie\/adhesifs\/"},{"@type":"ListItem","position":4,"name":"3M\u2122 TE 031 Adh\u00e9sif thermofusible polyur\u00e9thane r\u00e9actif"}]},{"@type":"WebSite","@id":"https:\/\/cardinal-tapes.com\/#website","url":"https:\/\/cardinal-tapes.com\/","name":"cardinal TAPES","description":"Klebetechnik aus Wuppertal","potentialAction":[{"@type":"SearchAction","target":{"@type":"EntryPoint","urlTemplate":"https:\/\/cardinal-tapes.com\/?s={search_term_string}"},"query-input":{"@type":"PropertyValueSpecification","valueRequired":true,"valueName":"search_term_string"}}],"inLanguage":"fr-FR"}]}},"brands":[{"id":2167,"name":"3M","slug":"3m-fr"}],"_links":{"self":[{"href":"https:\/\/cardinal-tapes.com\/fr\/wp-json\/wp\/v2\/product\/60665","targetHints":{"allow":["GET"]}}],"collection":[{"href":"https:\/\/cardinal-tapes.com\/fr\/wp-json\/wp\/v2\/product"}],"about":[{"href":"https:\/\/cardinal-tapes.com\/fr\/wp-json\/wp\/v2\/types\/product"}],"wp:featuredmedia":[{"embeddable":true,"href":"https:\/\/cardinal-tapes.com\/fr\/wp-json\/wp\/v2\/media\/24536"}],"wp:attachment":[{"href":"https:\/\/cardinal-tapes.com\/fr\/wp-json\/wp\/v2\/media?parent=60665"}],"wp:term":[{"taxonomy":"pwb-brand","embeddable":true,"href":"https:\/\/cardinal-tapes.com\/fr\/wp-json\/wp\/v2\/pwb-brand?post=60665"},{"taxonomy":"product_brand","embeddable":true,"href":"https:\/\/cardinal-tapes.com\/fr\/wp-json\/wp\/v2\/product_brand?post=60665"},{"taxonomy":"product_cat","embeddable":true,"href":"https:\/\/cardinal-tapes.com\/fr\/wp-json\/wp\/v2\/product_cat?post=60665"},{"taxonomy":"product_tag","embeddable":true,"href":"https:\/\/cardinal-tapes.com\/fr\/wp-json\/wp\/v2\/product_tag?post=60665"}],"curies":[{"name":"wp","href":"https:\/\/api.w.org\/{rel}","templated":true}]}}