{"id":60661,"date":"2017-12-08T10:01:53","date_gmt":"2017-12-08T09:01:53","guid":{"rendered":"https:\/\/cardinal.pixel-tal.de\/klebebaender\/non%20class\u00e9\/3m-7231-adhesif-bi-composant-pour-sols\/"},"modified":"2025-07-03T16:13:08","modified_gmt":"2025-07-03T14:13:08","slug":"3m-7231-7231-adhesif-pour-sol-a-deux-composants","status":"publish","type":"product","link":"https:\/\/cardinal-tapes.com\/fr\/rubans-adh\u00e9sifs\/non-categorise\/3m-7231-7231-adhesif-pour-sol-a-deux-composants\/","title":{"rendered":"3M\u2122 7231 Adh\u00e9sif bi-composant pour sols"},"content":{"rendered":"<p>La colle pour sols \u00e0 deux composants 3M\u2122 7231 a \u00e9t\u00e9 sp\u00e9cialement con\u00e7ue pour le montage de rev\u00eatements de sol en plastique et en caoutchouc sur le march\u00e9 automobile. La colle se distingue en particulier par sa bonne adh\u00e9rence initiale, sa faible viscosit\u00e9 et sa facilit\u00e9 de mise en \u0153uvre. Un autre avantage est sa grande r\u00e9sistance aux influences environnementales. La colle pour sol durcit \u00e0 temp\u00e9rature ambiante, s&#8217;\u00e9coule bien et s&#8217;\u00e9tale facilement avec une spatule dent\u00e9e.<\/p>\n","protected":false},"excerpt":{"rendered":"<p>La colle pour sols \u00e0 deux composants 3M\u2122 7231 a \u00e9t\u00e9 sp\u00e9cialement con\u00e7ue pour le montage de rev\u00eatements de sol en plastique et en caoutchouc sur le march\u00e9 automobile. La colle se distingue en particulier par sa bonne adh\u00e9rence initiale, sa faible viscosit\u00e9 et sa facilit\u00e9 de mise en \u0153uvre. Un autre avantage est sa [&hellip;]<\/p>\n","protected":false},"featured_media":24532,"template":"","meta":{"_acf_changed":false},"pwb-brand":[2167],"product_brand":[],"product_cat":[1858],"product_tag":[],"class_list":{"0":"post-60661","1":"product","2":"type-product","3":"status-publish","4":"has-post-thumbnail","6":"pwb-brand-3m-fr","7":"product_cat-non-categorise","9":"first","10":"instock","11":"taxable","12":"shipping-taxable","13":"purchasable","14":"product-type-simple"},"acf":[],"yoast_head":"<!-- This site is optimized with the Yoast SEO plugin v27.3 - https:\/\/yoast.com\/product\/yoast-seo-wordpress\/ -->\n<title>3M 7231 Adh\u00e9sif bi-composant pour sols | Cardinal TAPES<\/title>\n<meta name=\"description\" content=\"La colle pour sols \u00e0 deux composants 3M 7231 a \u00e9t\u00e9 sp\u00e9cialement con\u00e7ue pour le montage de rev\u00eatements de sol en plastique et en caoutchouc dans le march\u00e9 automobile. En savoir plus.\" \/>\n<meta name=\"robots\" content=\"index, follow, max-snippet:-1, max-image-preview:large, max-video-preview:-1\" \/>\n<link rel=\"canonical\" href=\"https:\/\/cardinal-tapes.com\/fr\/rubans-adh\u00e9sifs\/non-categorise\/3m-7231-7231-adhesif-pour-sol-a-deux-composants\/\" \/>\n<meta property=\"og:locale\" content=\"fr_FR\" \/>\n<meta property=\"og:type\" content=\"article\" \/>\n<meta property=\"og:title\" content=\"3M 7231 Adh\u00e9sif bi-composant pour sols | Cardinal TAPES\" \/>\n<meta property=\"og:description\" content=\"La colle pour sols \u00e0 deux composants 3M 7231 a \u00e9t\u00e9 sp\u00e9cialement con\u00e7ue pour le montage de rev\u00eatements de sol en plastique et en caoutchouc dans le march\u00e9 automobile. En savoir plus.\" \/>\n<meta property=\"og:url\" content=\"https:\/\/cardinal-tapes.com\/fr\/rubans-adh\u00e9sifs\/non-categorise\/3m-7231-7231-adhesif-pour-sol-a-deux-composants\/\" \/>\n<meta property=\"og:site_name\" content=\"cardinal TAPES\" \/>\n<meta property=\"article:modified_time\" content=\"2025-07-03T14:13:08+00:00\" \/>\n<meta property=\"og:image\" content=\"https:\/\/cardinal-tapes.com\/wp-content\/uploads\/3m_scotch_schmelzklebstoff_7231.jpg\" \/>\n\t<meta property=\"og:image:width\" content=\"600\" \/>\n\t<meta property=\"og:image:height\" content=\"600\" \/>\n\t<meta property=\"og:image:type\" content=\"image\/jpeg\" \/>\n<meta name=\"twitter:card\" content=\"summary_large_image\" \/>\n<script type=\"application\/ld+json\" class=\"yoast-schema-graph\">{\"@context\":\"https:\\\/\\\/schema.org\",\"@graph\":[{\"@type\":\"WebPage\",\"@id\":\"https:\\\/\\\/cardinal-tapes.com\\\/fr\\\/rubans-adh\u00e9sifs\\\/non-categorise\\\/3m-7231-7231-adhesif-pour-sol-a-deux-composants\\\/\",\"url\":\"https:\\\/\\\/cardinal-tapes.com\\\/fr\\\/rubans-adh\u00e9sifs\\\/non-categorise\\\/3m-7231-7231-adhesif-pour-sol-a-deux-composants\\\/\",\"name\":\"3M 7231 Adh\u00e9sif bi-composant pour sols | Cardinal TAPES\",\"isPartOf\":{\"@id\":\"https:\\\/\\\/cardinal-tapes.com\\\/#website\"},\"primaryImageOfPage\":{\"@id\":\"https:\\\/\\\/cardinal-tapes.com\\\/fr\\\/rubans-adh\u00e9sifs\\\/non-categorise\\\/3m-7231-7231-adhesif-pour-sol-a-deux-composants\\\/#primaryimage\"},\"image\":{\"@id\":\"https:\\\/\\\/cardinal-tapes.com\\\/fr\\\/rubans-adh\u00e9sifs\\\/non-categorise\\\/3m-7231-7231-adhesif-pour-sol-a-deux-composants\\\/#primaryimage\"},\"thumbnailUrl\":\"https:\\\/\\\/cardinal-tapes.com\\\/wp-content\\\/uploads\\\/3m_scotch_schmelzklebstoff_7231.jpg\",\"datePublished\":\"2017-12-08T09:01:53+00:00\",\"dateModified\":\"2025-07-03T14:13:08+00:00\",\"description\":\"La colle pour sols \u00e0 deux composants 3M 7231 a \u00e9t\u00e9 sp\u00e9cialement con\u00e7ue pour le montage de rev\u00eatements de sol en plastique et en caoutchouc dans le march\u00e9 automobile. En savoir plus.\",\"breadcrumb\":{\"@id\":\"https:\\\/\\\/cardinal-tapes.com\\\/fr\\\/rubans-adh\u00e9sifs\\\/non-categorise\\\/3m-7231-7231-adhesif-pour-sol-a-deux-composants\\\/#breadcrumb\"},\"inLanguage\":\"fr-FR\",\"potentialAction\":[{\"@type\":\"ReadAction\",\"target\":[\"https:\\\/\\\/cardinal-tapes.com\\\/fr\\\/rubans-adh\u00e9sifs\\\/non-categorise\\\/3m-7231-7231-adhesif-pour-sol-a-deux-composants\\\/\"]}]},{\"@type\":\"ImageObject\",\"inLanguage\":\"fr-FR\",\"@id\":\"https:\\\/\\\/cardinal-tapes.com\\\/fr\\\/rubans-adh\u00e9sifs\\\/non-categorise\\\/3m-7231-7231-adhesif-pour-sol-a-deux-composants\\\/#primaryimage\",\"url\":\"https:\\\/\\\/cardinal-tapes.com\\\/wp-content\\\/uploads\\\/3m_scotch_schmelzklebstoff_7231.jpg\",\"contentUrl\":\"https:\\\/\\\/cardinal-tapes.com\\\/wp-content\\\/uploads\\\/3m_scotch_schmelzklebstoff_7231.jpg\",\"width\":600,\"height\":600,\"caption\":\"3M Scotch colle thermofusible 7231\"},{\"@type\":\"BreadcrumbList\",\"@id\":\"https:\\\/\\\/cardinal-tapes.com\\\/fr\\\/rubans-adh\u00e9sifs\\\/non-categorise\\\/3m-7231-7231-adhesif-pour-sol-a-deux-composants\\\/#breadcrumb\",\"itemListElement\":[{\"@type\":\"ListItem\",\"position\":1,\"name\":\"Startseite\",\"item\":\"https:\\\/\\\/cardinal-tapes.com\\\/fr\\\/accueil\\\/\"},{\"@type\":\"ListItem\",\"position\":2,\"name\":\"Rubans adh\u00e9sifs\",\"item\":\"https:\\\/\\\/cardinal-tapes.com\\\/fr\\\/rubans-adhesifs-fr\\\/\"},{\"@type\":\"ListItem\",\"position\":3,\"name\":\"Non cat\u00e9goris\u00e9\",\"item\":\"https:\\\/\\\/cardinal-tapes.com\\\/fr\\\/catgorie\\\/non-categorise\\\/\"},{\"@type\":\"ListItem\",\"position\":4,\"name\":\"3M\u2122 7231 Adh\u00e9sif bi-composant pour sols\"}]},{\"@type\":\"WebSite\",\"@id\":\"https:\\\/\\\/cardinal-tapes.com\\\/#website\",\"url\":\"https:\\\/\\\/cardinal-tapes.com\\\/\",\"name\":\"cardinal TAPES\",\"description\":\"Klebetechnik aus Wuppertal\",\"potentialAction\":[{\"@type\":\"SearchAction\",\"target\":{\"@type\":\"EntryPoint\",\"urlTemplate\":\"https:\\\/\\\/cardinal-tapes.com\\\/?s={search_term_string}\"},\"query-input\":{\"@type\":\"PropertyValueSpecification\",\"valueRequired\":true,\"valueName\":\"search_term_string\"}}],\"inLanguage\":\"fr-FR\"}]}<\/script>\n<!-- \/ Yoast SEO plugin. -->","yoast_head_json":{"title":"3M 7231 Adh\u00e9sif bi-composant pour sols | Cardinal TAPES","description":"La colle pour sols \u00e0 deux composants 3M 7231 a \u00e9t\u00e9 sp\u00e9cialement con\u00e7ue pour le montage de rev\u00eatements de sol en plastique et en caoutchouc dans le march\u00e9 automobile. En savoir plus.","robots":{"index":"index","follow":"follow","max-snippet":"max-snippet:-1","max-image-preview":"max-image-preview:large","max-video-preview":"max-video-preview:-1"},"canonical":"https:\/\/cardinal-tapes.com\/fr\/rubans-adh\u00e9sifs\/non-categorise\/3m-7231-7231-adhesif-pour-sol-a-deux-composants\/","og_locale":"fr_FR","og_type":"article","og_title":"3M 7231 Adh\u00e9sif bi-composant pour sols | Cardinal TAPES","og_description":"La colle pour sols \u00e0 deux composants 3M 7231 a \u00e9t\u00e9 sp\u00e9cialement con\u00e7ue pour le montage de rev\u00eatements de sol en plastique et en caoutchouc dans le march\u00e9 automobile. En savoir plus.","og_url":"https:\/\/cardinal-tapes.com\/fr\/rubans-adh\u00e9sifs\/non-categorise\/3m-7231-7231-adhesif-pour-sol-a-deux-composants\/","og_site_name":"cardinal TAPES","article_modified_time":"2025-07-03T14:13:08+00:00","og_image":[{"width":600,"height":600,"url":"https:\/\/cardinal-tapes.com\/wp-content\/uploads\/3m_scotch_schmelzklebstoff_7231.jpg","type":"image\/jpeg"}],"twitter_card":"summary_large_image","schema":{"@context":"https:\/\/schema.org","@graph":[{"@type":"WebPage","@id":"https:\/\/cardinal-tapes.com\/fr\/rubans-adh\u00e9sifs\/non-categorise\/3m-7231-7231-adhesif-pour-sol-a-deux-composants\/","url":"https:\/\/cardinal-tapes.com\/fr\/rubans-adh\u00e9sifs\/non-categorise\/3m-7231-7231-adhesif-pour-sol-a-deux-composants\/","name":"3M 7231 Adh\u00e9sif bi-composant pour sols | Cardinal TAPES","isPartOf":{"@id":"https:\/\/cardinal-tapes.com\/#website"},"primaryImageOfPage":{"@id":"https:\/\/cardinal-tapes.com\/fr\/rubans-adh\u00e9sifs\/non-categorise\/3m-7231-7231-adhesif-pour-sol-a-deux-composants\/#primaryimage"},"image":{"@id":"https:\/\/cardinal-tapes.com\/fr\/rubans-adh\u00e9sifs\/non-categorise\/3m-7231-7231-adhesif-pour-sol-a-deux-composants\/#primaryimage"},"thumbnailUrl":"https:\/\/cardinal-tapes.com\/wp-content\/uploads\/3m_scotch_schmelzklebstoff_7231.jpg","datePublished":"2017-12-08T09:01:53+00:00","dateModified":"2025-07-03T14:13:08+00:00","description":"La colle pour sols \u00e0 deux composants 3M 7231 a \u00e9t\u00e9 sp\u00e9cialement con\u00e7ue pour le montage de rev\u00eatements de sol en plastique et en caoutchouc dans le march\u00e9 automobile. En savoir plus.","breadcrumb":{"@id":"https:\/\/cardinal-tapes.com\/fr\/rubans-adh\u00e9sifs\/non-categorise\/3m-7231-7231-adhesif-pour-sol-a-deux-composants\/#breadcrumb"},"inLanguage":"fr-FR","potentialAction":[{"@type":"ReadAction","target":["https:\/\/cardinal-tapes.com\/fr\/rubans-adh\u00e9sifs\/non-categorise\/3m-7231-7231-adhesif-pour-sol-a-deux-composants\/"]}]},{"@type":"ImageObject","inLanguage":"fr-FR","@id":"https:\/\/cardinal-tapes.com\/fr\/rubans-adh\u00e9sifs\/non-categorise\/3m-7231-7231-adhesif-pour-sol-a-deux-composants\/#primaryimage","url":"https:\/\/cardinal-tapes.com\/wp-content\/uploads\/3m_scotch_schmelzklebstoff_7231.jpg","contentUrl":"https:\/\/cardinal-tapes.com\/wp-content\/uploads\/3m_scotch_schmelzklebstoff_7231.jpg","width":600,"height":600,"caption":"3M Scotch colle thermofusible 7231"},{"@type":"BreadcrumbList","@id":"https:\/\/cardinal-tapes.com\/fr\/rubans-adh\u00e9sifs\/non-categorise\/3m-7231-7231-adhesif-pour-sol-a-deux-composants\/#breadcrumb","itemListElement":[{"@type":"ListItem","position":1,"name":"Startseite","item":"https:\/\/cardinal-tapes.com\/fr\/accueil\/"},{"@type":"ListItem","position":2,"name":"Rubans adh\u00e9sifs","item":"https:\/\/cardinal-tapes.com\/fr\/rubans-adhesifs-fr\/"},{"@type":"ListItem","position":3,"name":"Non cat\u00e9goris\u00e9","item":"https:\/\/cardinal-tapes.com\/fr\/catgorie\/non-categorise\/"},{"@type":"ListItem","position":4,"name":"3M\u2122 7231 Adh\u00e9sif bi-composant pour sols"}]},{"@type":"WebSite","@id":"https:\/\/cardinal-tapes.com\/#website","url":"https:\/\/cardinal-tapes.com\/","name":"cardinal TAPES","description":"Klebetechnik aus Wuppertal","potentialAction":[{"@type":"SearchAction","target":{"@type":"EntryPoint","urlTemplate":"https:\/\/cardinal-tapes.com\/?s={search_term_string}"},"query-input":{"@type":"PropertyValueSpecification","valueRequired":true,"valueName":"search_term_string"}}],"inLanguage":"fr-FR"}]}},"brands":[{"id":2167,"name":"3M","slug":"3m-fr"}],"_links":{"self":[{"href":"https:\/\/cardinal-tapes.com\/fr\/wp-json\/wp\/v2\/product\/60661","targetHints":{"allow":["GET"]}}],"collection":[{"href":"https:\/\/cardinal-tapes.com\/fr\/wp-json\/wp\/v2\/product"}],"about":[{"href":"https:\/\/cardinal-tapes.com\/fr\/wp-json\/wp\/v2\/types\/product"}],"wp:featuredmedia":[{"embeddable":true,"href":"https:\/\/cardinal-tapes.com\/fr\/wp-json\/wp\/v2\/media\/24532"}],"wp:attachment":[{"href":"https:\/\/cardinal-tapes.com\/fr\/wp-json\/wp\/v2\/media?parent=60661"}],"wp:term":[{"taxonomy":"pwb-brand","embeddable":true,"href":"https:\/\/cardinal-tapes.com\/fr\/wp-json\/wp\/v2\/pwb-brand?post=60661"},{"taxonomy":"product_brand","embeddable":true,"href":"https:\/\/cardinal-tapes.com\/fr\/wp-json\/wp\/v2\/product_brand?post=60661"},{"taxonomy":"product_cat","embeddable":true,"href":"https:\/\/cardinal-tapes.com\/fr\/wp-json\/wp\/v2\/product_cat?post=60661"},{"taxonomy":"product_tag","embeddable":true,"href":"https:\/\/cardinal-tapes.com\/fr\/wp-json\/wp\/v2\/product_tag?post=60661"}],"curies":[{"name":"wp","href":"https:\/\/api.w.org\/{rel}","templated":true}]}}