{"id":60512,"date":"2017-12-22T09:11:33","date_gmt":"2023-06-06T08:06:29","guid":{"rendered":"https:\/\/cardinal.pixel-tal.de\/klebebaender\/non%20class\u00e9\/3m-ruban-adhesif-double-face-415\/"},"modified":"2025-07-04T15:38:27","modified_gmt":"2025-07-04T13:38:27","slug":"3m-415-bande-adhesive-deux-faces-avec-porteur","status":"publish","type":"product","link":"https:\/\/cardinal-tapes.com\/fr\/rubans-adh\u00e9sifs\/rubans-adhesifs-simple-face\/film-pet\/3m-415-bande-adhesive-deux-faces-avec-porteur\/","title":{"rendered":"3M\u2122 Ruban adh\u00e9sif double face 415"},"content":{"rendered":"<p>Le ruban adh\u00e9sif double face 3M\u2122 avec support polyester 415 de la s\u00e9rie d&#8217;adh\u00e9sifs 400 convainc par ses excellentes propri\u00e9t\u00e9s adh\u00e9sives. L&#8217;avantage particulier de ce ruban adh\u00e9sif est que sa force d&#8217;adh\u00e9rence sur la plupart des mat\u00e9riaux augmente avec le temps de s\u00e9jour.<\/p>\n<p><strong>Propri\u00e9t\u00e9s<\/strong><br \/>\nLa colle acrylique pure adh\u00e8re \u00e0 des surfaces aussi diverses que le m\u00e9tal, la peinture et la plupart des mati\u00e8res plastiques, mais aussi au papier, au verre et au bois. Le ruban adh\u00e9sif est extr\u00eamement r\u00e9sistant \u00e0 la lumi\u00e8re UV et se caract\u00e9rise \u00e9galement par une bonne r\u00e9sistance \u00e0 la temp\u00e9rature et \u00e0 l&#8217;humidit\u00e9. M\u00eame apr\u00e8s une longue p\u00e9riode d&#8217;utilisation, il ne pr\u00e9sente pratiquement pas de d\u00e9coloration ou de signes de vieillissement. En outre, le ruban adh\u00e9sif double face pr\u00e9sente une adh\u00e9rence imm\u00e9diate \u00e9lev\u00e9e et une bonne force de cisaillement.<\/p>\n<p><strong>Applications<\/strong><br \/>\n&#8211; collage de mat\u00e9riaux \u00e0 haute ou basse \u00e9nergie de surface et de m\u00e9taux<br \/>\n&#8211; fixation de mat\u00e9riaux fins et l\u00e9gers comme le papier ou le carton<\/p>\n","protected":false},"excerpt":{"rendered":"<p>Le ruban adh\u00e9sif double face 3M\u2122 avec support polyester 415 de la s\u00e9rie d&#8217;adh\u00e9sifs 400 convainc par ses excellentes propri\u00e9t\u00e9s adh\u00e9sives. L&#8217;avantage particulier de ce ruban adh\u00e9sif est que sa force d&#8217;adh\u00e9rence sur la plupart des mat\u00e9riaux augmente avec le temps de s\u00e9jour. Propri\u00e9t\u00e9s La colle acrylique pure adh\u00e8re \u00e0 des surfaces aussi diverses que [&hellip;]<\/p>\n","protected":false},"featured_media":25456,"template":"","meta":{"_acf_changed":false},"pwb-brand":[2167],"product_brand":[],"product_cat":[1834,1839],"product_tag":[],"class_list":{"0":"post-60512","1":"product","2":"type-product","3":"status-publish","4":"has-post-thumbnail","6":"pwb-brand-3m-fr","7":"product_cat-rubans-adhesifs-double-face","8":"product_cat-film-pet","10":"first","11":"instock","12":"taxable","13":"shipping-taxable","14":"purchasable","15":"product-type-variable"},"acf":[],"yoast_head":"<!-- This site is optimized with the Yoast SEO plugin v27.3 - https:\/\/yoast.com\/product\/yoast-seo-wordpress\/ -->\n<title>3M 415 Ruban adh\u00e9sif double face avec support | Cardinal TAPES<\/title>\n<meta name=\"description\" content=\"Le ruban adh\u00e9sif double face 3M 415 est recouvert des deux c\u00f4t\u00e9s d&#039;un adh\u00e9sif acrylique. En savoir plus ici.\" \/>\n<meta name=\"robots\" content=\"index, follow, max-snippet:-1, max-image-preview:large, max-video-preview:-1\" \/>\n<link rel=\"canonical\" href=\"https:\/\/cardinal-tapes.com\/fr\/rubans-adh\u00e9sifs\/rubans-adhesifs-simple-face\/film-pet\/3m-415-bande-adhesive-deux-faces-avec-porteur\/\" \/>\n<meta property=\"og:locale\" content=\"fr_FR\" \/>\n<meta property=\"og:type\" content=\"article\" \/>\n<meta property=\"og:title\" content=\"3M 415 Ruban adh\u00e9sif double face avec support | Cardinal TAPES\" \/>\n<meta property=\"og:description\" content=\"Le ruban adh\u00e9sif double face 3M 415 est recouvert des deux c\u00f4t\u00e9s d&#039;un adh\u00e9sif acrylique. En savoir plus ici.\" \/>\n<meta property=\"og:url\" content=\"https:\/\/cardinal-tapes.com\/fr\/rubans-adh\u00e9sifs\/rubans-adhesifs-simple-face\/film-pet\/3m-415-bande-adhesive-deux-faces-avec-porteur\/\" \/>\n<meta property=\"og:site_name\" content=\"cardinal TAPES\" \/>\n<meta property=\"article:modified_time\" content=\"2025-07-04T13:38:27+00:00\" \/>\n<meta property=\"og:image\" content=\"https:\/\/cardinal-tapes.com\/wp-content\/uploads\/3m_doppelseitig_klebeband_traeger_415.jpg\" \/>\n\t<meta property=\"og:image:width\" content=\"600\" \/>\n\t<meta property=\"og:image:height\" content=\"600\" \/>\n\t<meta property=\"og:image:type\" content=\"image\/jpeg\" \/>\n<meta name=\"twitter:card\" content=\"summary_large_image\" \/>\n<meta name=\"twitter:label1\" content=\"Dur\u00e9e de lecture estim\u00e9e\" \/>\n\t<meta name=\"twitter:data1\" content=\"1 minute\" \/>\n<script type=\"application\/ld+json\" class=\"yoast-schema-graph\">{\"@context\":\"https:\\\/\\\/schema.org\",\"@graph\":[{\"@type\":\"WebPage\",\"@id\":\"https:\\\/\\\/cardinal-tapes.com\\\/fr\\\/rubans-adh\u00e9sifs\\\/rubans-adhesifs-simple-face\\\/film-pet\\\/3m-415-bande-adhesive-deux-faces-avec-porteur\\\/\",\"url\":\"https:\\\/\\\/cardinal-tapes.com\\\/fr\\\/rubans-adh\u00e9sifs\\\/rubans-adhesifs-simple-face\\\/film-pet\\\/3m-415-bande-adhesive-deux-faces-avec-porteur\\\/\",\"name\":\"3M 415 Ruban adh\u00e9sif double face avec support | Cardinal TAPES\",\"isPartOf\":{\"@id\":\"https:\\\/\\\/cardinal-tapes.com\\\/#website\"},\"primaryImageOfPage\":{\"@id\":\"https:\\\/\\\/cardinal-tapes.com\\\/fr\\\/rubans-adh\u00e9sifs\\\/rubans-adhesifs-simple-face\\\/film-pet\\\/3m-415-bande-adhesive-deux-faces-avec-porteur\\\/#primaryimage\"},\"image\":{\"@id\":\"https:\\\/\\\/cardinal-tapes.com\\\/fr\\\/rubans-adh\u00e9sifs\\\/rubans-adhesifs-simple-face\\\/film-pet\\\/3m-415-bande-adhesive-deux-faces-avec-porteur\\\/#primaryimage\"},\"thumbnailUrl\":\"https:\\\/\\\/cardinal-tapes.com\\\/wp-content\\\/uploads\\\/3m_doppelseitig_klebeband_traeger_415.jpg\",\"datePublished\":\"2023-06-06T08:06:29+00:00\",\"dateModified\":\"2025-07-04T13:38:27+00:00\",\"description\":\"Le ruban adh\u00e9sif double face 3M 415 est recouvert des deux c\u00f4t\u00e9s d'un adh\u00e9sif acrylique. En savoir plus ici.\",\"breadcrumb\":{\"@id\":\"https:\\\/\\\/cardinal-tapes.com\\\/fr\\\/rubans-adh\u00e9sifs\\\/rubans-adhesifs-simple-face\\\/film-pet\\\/3m-415-bande-adhesive-deux-faces-avec-porteur\\\/#breadcrumb\"},\"inLanguage\":\"fr-FR\",\"potentialAction\":[{\"@type\":\"ReadAction\",\"target\":[\"https:\\\/\\\/cardinal-tapes.com\\\/fr\\\/rubans-adh\u00e9sifs\\\/rubans-adhesifs-simple-face\\\/film-pet\\\/3m-415-bande-adhesive-deux-faces-avec-porteur\\\/\"]}]},{\"@type\":\"ImageObject\",\"inLanguage\":\"fr-FR\",\"@id\":\"https:\\\/\\\/cardinal-tapes.com\\\/fr\\\/rubans-adh\u00e9sifs\\\/rubans-adhesifs-simple-face\\\/film-pet\\\/3m-415-bande-adhesive-deux-faces-avec-porteur\\\/#primaryimage\",\"url\":\"https:\\\/\\\/cardinal-tapes.com\\\/wp-content\\\/uploads\\\/3m_doppelseitig_klebeband_traeger_415.jpg\",\"contentUrl\":\"https:\\\/\\\/cardinal-tapes.com\\\/wp-content\\\/uploads\\\/3m_doppelseitig_klebeband_traeger_415.jpg\",\"width\":600,\"height\":600,\"caption\":\"Ruban adh\u00e9sif double face 3M avec support 415\"},{\"@type\":\"BreadcrumbList\",\"@id\":\"https:\\\/\\\/cardinal-tapes.com\\\/fr\\\/rubans-adh\u00e9sifs\\\/rubans-adhesifs-simple-face\\\/film-pet\\\/3m-415-bande-adhesive-deux-faces-avec-porteur\\\/#breadcrumb\",\"itemListElement\":[{\"@type\":\"ListItem\",\"position\":1,\"name\":\"Startseite\",\"item\":\"https:\\\/\\\/cardinal-tapes.com\\\/fr\\\/accueil\\\/\"},{\"@type\":\"ListItem\",\"position\":2,\"name\":\"Rubans adh\u00e9sifs\",\"item\":\"https:\\\/\\\/cardinal-tapes.com\\\/fr\\\/rubans-adhesifs-fr\\\/\"},{\"@type\":\"ListItem\",\"position\":3,\"name\":\"Rubans adh\u00e9sifs simple face\",\"item\":\"https:\\\/\\\/cardinal-tapes.com\\\/fr\\\/catgorie\\\/rubans-adhesifs-simple-face\\\/\"},{\"@type\":\"ListItem\",\"position\":4,\"name\":\"Film PET\",\"item\":\"https:\\\/\\\/cardinal-tapes.com\\\/fr\\\/catgorie\\\/film-pet\\\/\"},{\"@type\":\"ListItem\",\"position\":5,\"name\":\"3M\u2122 Ruban adh\u00e9sif double face 415\"}]},{\"@type\":\"WebSite\",\"@id\":\"https:\\\/\\\/cardinal-tapes.com\\\/#website\",\"url\":\"https:\\\/\\\/cardinal-tapes.com\\\/\",\"name\":\"cardinal TAPES\",\"description\":\"Klebetechnik aus Wuppertal\",\"potentialAction\":[{\"@type\":\"SearchAction\",\"target\":{\"@type\":\"EntryPoint\",\"urlTemplate\":\"https:\\\/\\\/cardinal-tapes.com\\\/?s={search_term_string}\"},\"query-input\":{\"@type\":\"PropertyValueSpecification\",\"valueRequired\":true,\"valueName\":\"search_term_string\"}}],\"inLanguage\":\"fr-FR\"}]}<\/script>\n<!-- \/ Yoast SEO plugin. -->","yoast_head_json":{"title":"3M 415 Ruban adh\u00e9sif double face avec support | Cardinal TAPES","description":"Le ruban adh\u00e9sif double face 3M 415 est recouvert des deux c\u00f4t\u00e9s d'un adh\u00e9sif acrylique. En savoir plus ici.","robots":{"index":"index","follow":"follow","max-snippet":"max-snippet:-1","max-image-preview":"max-image-preview:large","max-video-preview":"max-video-preview:-1"},"canonical":"https:\/\/cardinal-tapes.com\/fr\/rubans-adh\u00e9sifs\/rubans-adhesifs-simple-face\/film-pet\/3m-415-bande-adhesive-deux-faces-avec-porteur\/","og_locale":"fr_FR","og_type":"article","og_title":"3M 415 Ruban adh\u00e9sif double face avec support | Cardinal TAPES","og_description":"Le ruban adh\u00e9sif double face 3M 415 est recouvert des deux c\u00f4t\u00e9s d'un adh\u00e9sif acrylique. En savoir plus ici.","og_url":"https:\/\/cardinal-tapes.com\/fr\/rubans-adh\u00e9sifs\/rubans-adhesifs-simple-face\/film-pet\/3m-415-bande-adhesive-deux-faces-avec-porteur\/","og_site_name":"cardinal TAPES","article_modified_time":"2025-07-04T13:38:27+00:00","og_image":[{"width":600,"height":600,"url":"https:\/\/cardinal-tapes.com\/wp-content\/uploads\/3m_doppelseitig_klebeband_traeger_415.jpg","type":"image\/jpeg"}],"twitter_card":"summary_large_image","twitter_misc":{"Dur\u00e9e de lecture estim\u00e9e":"1 minute"},"schema":{"@context":"https:\/\/schema.org","@graph":[{"@type":"WebPage","@id":"https:\/\/cardinal-tapes.com\/fr\/rubans-adh\u00e9sifs\/rubans-adhesifs-simple-face\/film-pet\/3m-415-bande-adhesive-deux-faces-avec-porteur\/","url":"https:\/\/cardinal-tapes.com\/fr\/rubans-adh\u00e9sifs\/rubans-adhesifs-simple-face\/film-pet\/3m-415-bande-adhesive-deux-faces-avec-porteur\/","name":"3M 415 Ruban adh\u00e9sif double face avec support | Cardinal TAPES","isPartOf":{"@id":"https:\/\/cardinal-tapes.com\/#website"},"primaryImageOfPage":{"@id":"https:\/\/cardinal-tapes.com\/fr\/rubans-adh\u00e9sifs\/rubans-adhesifs-simple-face\/film-pet\/3m-415-bande-adhesive-deux-faces-avec-porteur\/#primaryimage"},"image":{"@id":"https:\/\/cardinal-tapes.com\/fr\/rubans-adh\u00e9sifs\/rubans-adhesifs-simple-face\/film-pet\/3m-415-bande-adhesive-deux-faces-avec-porteur\/#primaryimage"},"thumbnailUrl":"https:\/\/cardinal-tapes.com\/wp-content\/uploads\/3m_doppelseitig_klebeband_traeger_415.jpg","datePublished":"2023-06-06T08:06:29+00:00","dateModified":"2025-07-04T13:38:27+00:00","description":"Le ruban adh\u00e9sif double face 3M 415 est recouvert des deux c\u00f4t\u00e9s d'un adh\u00e9sif acrylique. En savoir plus ici.","breadcrumb":{"@id":"https:\/\/cardinal-tapes.com\/fr\/rubans-adh\u00e9sifs\/rubans-adhesifs-simple-face\/film-pet\/3m-415-bande-adhesive-deux-faces-avec-porteur\/#breadcrumb"},"inLanguage":"fr-FR","potentialAction":[{"@type":"ReadAction","target":["https:\/\/cardinal-tapes.com\/fr\/rubans-adh\u00e9sifs\/rubans-adhesifs-simple-face\/film-pet\/3m-415-bande-adhesive-deux-faces-avec-porteur\/"]}]},{"@type":"ImageObject","inLanguage":"fr-FR","@id":"https:\/\/cardinal-tapes.com\/fr\/rubans-adh\u00e9sifs\/rubans-adhesifs-simple-face\/film-pet\/3m-415-bande-adhesive-deux-faces-avec-porteur\/#primaryimage","url":"https:\/\/cardinal-tapes.com\/wp-content\/uploads\/3m_doppelseitig_klebeband_traeger_415.jpg","contentUrl":"https:\/\/cardinal-tapes.com\/wp-content\/uploads\/3m_doppelseitig_klebeband_traeger_415.jpg","width":600,"height":600,"caption":"Ruban adh\u00e9sif double face 3M avec support 415"},{"@type":"BreadcrumbList","@id":"https:\/\/cardinal-tapes.com\/fr\/rubans-adh\u00e9sifs\/rubans-adhesifs-simple-face\/film-pet\/3m-415-bande-adhesive-deux-faces-avec-porteur\/#breadcrumb","itemListElement":[{"@type":"ListItem","position":1,"name":"Startseite","item":"https:\/\/cardinal-tapes.com\/fr\/accueil\/"},{"@type":"ListItem","position":2,"name":"Rubans adh\u00e9sifs","item":"https:\/\/cardinal-tapes.com\/fr\/rubans-adhesifs-fr\/"},{"@type":"ListItem","position":3,"name":"Rubans adh\u00e9sifs simple face","item":"https:\/\/cardinal-tapes.com\/fr\/catgorie\/rubans-adhesifs-simple-face\/"},{"@type":"ListItem","position":4,"name":"Film PET","item":"https:\/\/cardinal-tapes.com\/fr\/catgorie\/film-pet\/"},{"@type":"ListItem","position":5,"name":"3M\u2122 Ruban adh\u00e9sif double face 415"}]},{"@type":"WebSite","@id":"https:\/\/cardinal-tapes.com\/#website","url":"https:\/\/cardinal-tapes.com\/","name":"cardinal TAPES","description":"Klebetechnik aus Wuppertal","potentialAction":[{"@type":"SearchAction","target":{"@type":"EntryPoint","urlTemplate":"https:\/\/cardinal-tapes.com\/?s={search_term_string}"},"query-input":{"@type":"PropertyValueSpecification","valueRequired":true,"valueName":"search_term_string"}}],"inLanguage":"fr-FR"}]}},"brands":[{"id":2167,"name":"3M","slug":"3m-fr"}],"_links":{"self":[{"href":"https:\/\/cardinal-tapes.com\/fr\/wp-json\/wp\/v2\/product\/60512","targetHints":{"allow":["GET"]}}],"collection":[{"href":"https:\/\/cardinal-tapes.com\/fr\/wp-json\/wp\/v2\/product"}],"about":[{"href":"https:\/\/cardinal-tapes.com\/fr\/wp-json\/wp\/v2\/types\/product"}],"wp:featuredmedia":[{"embeddable":true,"href":"https:\/\/cardinal-tapes.com\/fr\/wp-json\/wp\/v2\/media\/25456"}],"wp:attachment":[{"href":"https:\/\/cardinal-tapes.com\/fr\/wp-json\/wp\/v2\/media?parent=60512"}],"wp:term":[{"taxonomy":"pwb-brand","embeddable":true,"href":"https:\/\/cardinal-tapes.com\/fr\/wp-json\/wp\/v2\/pwb-brand?post=60512"},{"taxonomy":"product_brand","embeddable":true,"href":"https:\/\/cardinal-tapes.com\/fr\/wp-json\/wp\/v2\/product_brand?post=60512"},{"taxonomy":"product_cat","embeddable":true,"href":"https:\/\/cardinal-tapes.com\/fr\/wp-json\/wp\/v2\/product_cat?post=60512"},{"taxonomy":"product_tag","embeddable":true,"href":"https:\/\/cardinal-tapes.com\/fr\/wp-json\/wp\/v2\/product_tag?post=60512"}],"curies":[{"name":"wp","href":"https:\/\/api.w.org\/{rel}","templated":true}]}}