{"id":60507,"date":"2017-12-22T09:14:57","date_gmt":"2023-06-06T08:06:28","guid":{"rendered":"https:\/\/cardinal.pixel-tal.de\/klebebaender\/non%20class\u00e9\/3m-ruban-adhesif-double-face-9731\/"},"modified":"2025-07-04T15:38:13","modified_gmt":"2025-07-04T13:38:13","slug":"3m-9731-bande-adhesive-double-face-avec-adhesif-silicone-acrylate","status":"publish","type":"product","link":"https:\/\/cardinal-tapes.com\/fr\/rubans-adh\u00e9sifs\/rubans-adhesifs-simple-face\/film-pet\/3m-9731-bande-adhesive-double-face-avec-adhesif-silicone-acrylate\/","title":{"rendered":"3M\u2122 Ruban adh\u00e9sif double face 9731"},"content":{"rendered":"<p>Ces rubans adh\u00e9sifs sont enduits sur une face de l&#8217;adh\u00e9sif silicone 3M\u2122 et sur l&#8217;autre de l&#8217;adh\u00e9sif acrylique haute performance 3M\u2122 s\u00e9rie 350. Il est recouvert des deux c\u00f4t\u00e9s d&#8217;une couverture de protection (film polyester de 100 \u00b5m, papier de protection rev\u00eatu de PE de 127 \u00b5m).<\/p>\n<p><strong>Propri\u00e9t\u00e9s<\/strong><br \/>\nL&#8217;adh\u00e9sif 300LSE\/silicone pr\u00e9sente une excellente r\u00e9sistance aux solvants et un excellent pouvoir adh\u00e9sif sur les mat\u00e9riaux \u00e0 faible \u00e9nergie. L&#8217;adh\u00e9sif silicone adh\u00e8re au silicone et aux substrats \u00e0 faible \u00e9nergie sans traitement pr\u00e9alable de la surface avec un appr\u00eat. Le ruban adh\u00e9sif se caract\u00e9rise \u00e9galement par une bonne r\u00e9sistance \u00e0 la temp\u00e9rature, une bonne adh\u00e9rence imm\u00e9diate et finale, une bonne r\u00e9sistance au cisaillement.<\/p>\n<p><strong>Applications<\/strong><br \/>\n&#8211; face silicone avec une bonne adh\u00e9rence, par exemple sur le caoutchouc silicone et le papier silicon\u00e9<br \/>\n&#8211; face acrylate avec un pouvoir adh\u00e9sif tr\u00e8s \u00e9lev\u00e9 sur la plupart des mat\u00e9riaux, y compris les supports \u00e0 faible \u00e9nergie<\/p>\n<p>&nbsp;<\/p>\n","protected":false},"excerpt":{"rendered":"<p>Ces rubans adh\u00e9sifs sont enduits sur une face de l&#8217;adh\u00e9sif silicone 3M\u2122 et sur l&#8217;autre de l&#8217;adh\u00e9sif acrylique haute performance 3M\u2122 s\u00e9rie 350. Il est recouvert des deux c\u00f4t\u00e9s d&#8217;une couverture de protection (film polyester de 100 \u00b5m, papier de protection rev\u00eatu de PE de 127 \u00b5m). Propri\u00e9t\u00e9s L&#8217;adh\u00e9sif 300LSE\/silicone pr\u00e9sente une excellente r\u00e9sistance aux [&hellip;]<\/p>\n","protected":false},"featured_media":25448,"template":"","meta":{"_acf_changed":false},"pwb-brand":[2167],"product_brand":[],"product_cat":[1834,1839],"product_tag":[],"class_list":{"0":"post-60507","1":"product","2":"type-product","3":"status-publish","4":"has-post-thumbnail","6":"pwb-brand-3m-fr","7":"product_cat-rubans-adhesifs-double-face","8":"product_cat-film-pet","10":"first","11":"instock","12":"taxable","13":"shipping-taxable","14":"purchasable","15":"product-type-variable"},"acf":[],"yoast_head":"<!-- This site is optimized with the Yoast SEO plugin v27.3 - https:\/\/yoast.com\/product\/yoast-seo-wordpress\/ -->\n<title>3M 9731 Ruban adh\u00e9sif double face avec adh\u00e9sif silicone\/acrylate<\/title>\n<meta name=\"description\" content=\"Le ruban adh\u00e9sif double face 3M 9731 est dot\u00e9 d&#039;un adh\u00e9sif acrylique modifi\u00e9 sur une face et d&#039;un adh\u00e9sif silicone sur l&#039;autre.\" \/>\n<meta name=\"robots\" content=\"index, follow, max-snippet:-1, max-image-preview:large, max-video-preview:-1\" \/>\n<link rel=\"canonical\" href=\"https:\/\/cardinal-tapes.com\/fr\/rubans-adh\u00e9sifs\/rubans-adhesifs-simple-face\/film-pet\/3m-9731-bande-adhesive-double-face-avec-adhesif-silicone-acrylate\/\" \/>\n<meta property=\"og:locale\" content=\"fr_FR\" \/>\n<meta property=\"og:type\" content=\"article\" \/>\n<meta property=\"og:title\" content=\"3M 9731 Ruban adh\u00e9sif double face avec adh\u00e9sif silicone\/acrylate\" \/>\n<meta property=\"og:description\" content=\"Le ruban adh\u00e9sif double face 3M 9731 est dot\u00e9 d&#039;un adh\u00e9sif acrylique modifi\u00e9 sur une face et d&#039;un adh\u00e9sif silicone sur l&#039;autre.\" \/>\n<meta property=\"og:url\" content=\"https:\/\/cardinal-tapes.com\/fr\/rubans-adh\u00e9sifs\/rubans-adhesifs-simple-face\/film-pet\/3m-9731-bande-adhesive-double-face-avec-adhesif-silicone-acrylate\/\" \/>\n<meta property=\"og:site_name\" content=\"cardinal TAPES\" \/>\n<meta property=\"article:modified_time\" content=\"2025-07-04T13:38:13+00:00\" \/>\n<meta property=\"og:image\" content=\"https:\/\/cardinal-tapes.com\/wp-content\/uploads\/3m_doppelseitig_klebeband_silikon_9731.jpg\" \/>\n\t<meta property=\"og:image:width\" content=\"600\" \/>\n\t<meta property=\"og:image:height\" content=\"600\" \/>\n\t<meta property=\"og:image:type\" content=\"image\/jpeg\" \/>\n<meta name=\"twitter:card\" content=\"summary_large_image\" \/>\n<meta name=\"twitter:label1\" content=\"Dur\u00e9e de lecture estim\u00e9e\" \/>\n\t<meta name=\"twitter:data1\" content=\"1 minute\" \/>\n<script type=\"application\/ld+json\" class=\"yoast-schema-graph\">{\"@context\":\"https:\\\/\\\/schema.org\",\"@graph\":[{\"@type\":\"WebPage\",\"@id\":\"https:\\\/\\\/cardinal-tapes.com\\\/fr\\\/rubans-adh\u00e9sifs\\\/rubans-adhesifs-simple-face\\\/film-pet\\\/3m-9731-bande-adhesive-double-face-avec-adhesif-silicone-acrylate\\\/\",\"url\":\"https:\\\/\\\/cardinal-tapes.com\\\/fr\\\/rubans-adh\u00e9sifs\\\/rubans-adhesifs-simple-face\\\/film-pet\\\/3m-9731-bande-adhesive-double-face-avec-adhesif-silicone-acrylate\\\/\",\"name\":\"3M 9731 Ruban adh\u00e9sif double face avec adh\u00e9sif silicone\\\/acrylate\",\"isPartOf\":{\"@id\":\"https:\\\/\\\/cardinal-tapes.com\\\/#website\"},\"primaryImageOfPage\":{\"@id\":\"https:\\\/\\\/cardinal-tapes.com\\\/fr\\\/rubans-adh\u00e9sifs\\\/rubans-adhesifs-simple-face\\\/film-pet\\\/3m-9731-bande-adhesive-double-face-avec-adhesif-silicone-acrylate\\\/#primaryimage\"},\"image\":{\"@id\":\"https:\\\/\\\/cardinal-tapes.com\\\/fr\\\/rubans-adh\u00e9sifs\\\/rubans-adhesifs-simple-face\\\/film-pet\\\/3m-9731-bande-adhesive-double-face-avec-adhesif-silicone-acrylate\\\/#primaryimage\"},\"thumbnailUrl\":\"https:\\\/\\\/cardinal-tapes.com\\\/wp-content\\\/uploads\\\/3m_doppelseitig_klebeband_silikon_9731.jpg\",\"datePublished\":\"2023-06-06T08:06:28+00:00\",\"dateModified\":\"2025-07-04T13:38:13+00:00\",\"description\":\"Le ruban adh\u00e9sif double face 3M 9731 est dot\u00e9 d'un adh\u00e9sif acrylique modifi\u00e9 sur une face et d'un adh\u00e9sif silicone sur l'autre.\",\"breadcrumb\":{\"@id\":\"https:\\\/\\\/cardinal-tapes.com\\\/fr\\\/rubans-adh\u00e9sifs\\\/rubans-adhesifs-simple-face\\\/film-pet\\\/3m-9731-bande-adhesive-double-face-avec-adhesif-silicone-acrylate\\\/#breadcrumb\"},\"inLanguage\":\"fr-FR\",\"potentialAction\":[{\"@type\":\"ReadAction\",\"target\":[\"https:\\\/\\\/cardinal-tapes.com\\\/fr\\\/rubans-adh\u00e9sifs\\\/rubans-adhesifs-simple-face\\\/film-pet\\\/3m-9731-bande-adhesive-double-face-avec-adhesif-silicone-acrylate\\\/\"]}]},{\"@type\":\"ImageObject\",\"inLanguage\":\"fr-FR\",\"@id\":\"https:\\\/\\\/cardinal-tapes.com\\\/fr\\\/rubans-adh\u00e9sifs\\\/rubans-adhesifs-simple-face\\\/film-pet\\\/3m-9731-bande-adhesive-double-face-avec-adhesif-silicone-acrylate\\\/#primaryimage\",\"url\":\"https:\\\/\\\/cardinal-tapes.com\\\/wp-content\\\/uploads\\\/3m_doppelseitig_klebeband_silikon_9731.jpg\",\"contentUrl\":\"https:\\\/\\\/cardinal-tapes.com\\\/wp-content\\\/uploads\\\/3m_doppelseitig_klebeband_silikon_9731.jpg\",\"width\":600,\"height\":600,\"caption\":\"Ruban adh\u00e9sif double face en silicone 3M 9731\"},{\"@type\":\"BreadcrumbList\",\"@id\":\"https:\\\/\\\/cardinal-tapes.com\\\/fr\\\/rubans-adh\u00e9sifs\\\/rubans-adhesifs-simple-face\\\/film-pet\\\/3m-9731-bande-adhesive-double-face-avec-adhesif-silicone-acrylate\\\/#breadcrumb\",\"itemListElement\":[{\"@type\":\"ListItem\",\"position\":1,\"name\":\"Startseite\",\"item\":\"https:\\\/\\\/cardinal-tapes.com\\\/fr\\\/accueil\\\/\"},{\"@type\":\"ListItem\",\"position\":2,\"name\":\"Rubans adh\u00e9sifs\",\"item\":\"https:\\\/\\\/cardinal-tapes.com\\\/fr\\\/rubans-adhesifs-fr\\\/\"},{\"@type\":\"ListItem\",\"position\":3,\"name\":\"Rubans adh\u00e9sifs simple face\",\"item\":\"https:\\\/\\\/cardinal-tapes.com\\\/fr\\\/catgorie\\\/rubans-adhesifs-simple-face\\\/\"},{\"@type\":\"ListItem\",\"position\":4,\"name\":\"Film PET\",\"item\":\"https:\\\/\\\/cardinal-tapes.com\\\/fr\\\/catgorie\\\/film-pet\\\/\"},{\"@type\":\"ListItem\",\"position\":5,\"name\":\"3M\u2122 Ruban adh\u00e9sif double face 9731\"}]},{\"@type\":\"WebSite\",\"@id\":\"https:\\\/\\\/cardinal-tapes.com\\\/#website\",\"url\":\"https:\\\/\\\/cardinal-tapes.com\\\/\",\"name\":\"cardinal TAPES\",\"description\":\"Klebetechnik aus Wuppertal\",\"potentialAction\":[{\"@type\":\"SearchAction\",\"target\":{\"@type\":\"EntryPoint\",\"urlTemplate\":\"https:\\\/\\\/cardinal-tapes.com\\\/?s={search_term_string}\"},\"query-input\":{\"@type\":\"PropertyValueSpecification\",\"valueRequired\":true,\"valueName\":\"search_term_string\"}}],\"inLanguage\":\"fr-FR\"}]}<\/script>\n<!-- \/ Yoast SEO plugin. -->","yoast_head_json":{"title":"3M 9731 Ruban adh\u00e9sif double face avec adh\u00e9sif silicone\/acrylate","description":"Le ruban adh\u00e9sif double face 3M 9731 est dot\u00e9 d'un adh\u00e9sif acrylique modifi\u00e9 sur une face et d'un adh\u00e9sif silicone sur l'autre.","robots":{"index":"index","follow":"follow","max-snippet":"max-snippet:-1","max-image-preview":"max-image-preview:large","max-video-preview":"max-video-preview:-1"},"canonical":"https:\/\/cardinal-tapes.com\/fr\/rubans-adh\u00e9sifs\/rubans-adhesifs-simple-face\/film-pet\/3m-9731-bande-adhesive-double-face-avec-adhesif-silicone-acrylate\/","og_locale":"fr_FR","og_type":"article","og_title":"3M 9731 Ruban adh\u00e9sif double face avec adh\u00e9sif silicone\/acrylate","og_description":"Le ruban adh\u00e9sif double face 3M 9731 est dot\u00e9 d'un adh\u00e9sif acrylique modifi\u00e9 sur une face et d'un adh\u00e9sif silicone sur l'autre.","og_url":"https:\/\/cardinal-tapes.com\/fr\/rubans-adh\u00e9sifs\/rubans-adhesifs-simple-face\/film-pet\/3m-9731-bande-adhesive-double-face-avec-adhesif-silicone-acrylate\/","og_site_name":"cardinal TAPES","article_modified_time":"2025-07-04T13:38:13+00:00","og_image":[{"width":600,"height":600,"url":"https:\/\/cardinal-tapes.com\/wp-content\/uploads\/3m_doppelseitig_klebeband_silikon_9731.jpg","type":"image\/jpeg"}],"twitter_card":"summary_large_image","twitter_misc":{"Dur\u00e9e de lecture estim\u00e9e":"1 minute"},"schema":{"@context":"https:\/\/schema.org","@graph":[{"@type":"WebPage","@id":"https:\/\/cardinal-tapes.com\/fr\/rubans-adh\u00e9sifs\/rubans-adhesifs-simple-face\/film-pet\/3m-9731-bande-adhesive-double-face-avec-adhesif-silicone-acrylate\/","url":"https:\/\/cardinal-tapes.com\/fr\/rubans-adh\u00e9sifs\/rubans-adhesifs-simple-face\/film-pet\/3m-9731-bande-adhesive-double-face-avec-adhesif-silicone-acrylate\/","name":"3M 9731 Ruban adh\u00e9sif double face avec adh\u00e9sif silicone\/acrylate","isPartOf":{"@id":"https:\/\/cardinal-tapes.com\/#website"},"primaryImageOfPage":{"@id":"https:\/\/cardinal-tapes.com\/fr\/rubans-adh\u00e9sifs\/rubans-adhesifs-simple-face\/film-pet\/3m-9731-bande-adhesive-double-face-avec-adhesif-silicone-acrylate\/#primaryimage"},"image":{"@id":"https:\/\/cardinal-tapes.com\/fr\/rubans-adh\u00e9sifs\/rubans-adhesifs-simple-face\/film-pet\/3m-9731-bande-adhesive-double-face-avec-adhesif-silicone-acrylate\/#primaryimage"},"thumbnailUrl":"https:\/\/cardinal-tapes.com\/wp-content\/uploads\/3m_doppelseitig_klebeband_silikon_9731.jpg","datePublished":"2023-06-06T08:06:28+00:00","dateModified":"2025-07-04T13:38:13+00:00","description":"Le ruban adh\u00e9sif double face 3M 9731 est dot\u00e9 d'un adh\u00e9sif acrylique modifi\u00e9 sur une face et d'un adh\u00e9sif silicone sur l'autre.","breadcrumb":{"@id":"https:\/\/cardinal-tapes.com\/fr\/rubans-adh\u00e9sifs\/rubans-adhesifs-simple-face\/film-pet\/3m-9731-bande-adhesive-double-face-avec-adhesif-silicone-acrylate\/#breadcrumb"},"inLanguage":"fr-FR","potentialAction":[{"@type":"ReadAction","target":["https:\/\/cardinal-tapes.com\/fr\/rubans-adh\u00e9sifs\/rubans-adhesifs-simple-face\/film-pet\/3m-9731-bande-adhesive-double-face-avec-adhesif-silicone-acrylate\/"]}]},{"@type":"ImageObject","inLanguage":"fr-FR","@id":"https:\/\/cardinal-tapes.com\/fr\/rubans-adh\u00e9sifs\/rubans-adhesifs-simple-face\/film-pet\/3m-9731-bande-adhesive-double-face-avec-adhesif-silicone-acrylate\/#primaryimage","url":"https:\/\/cardinal-tapes.com\/wp-content\/uploads\/3m_doppelseitig_klebeband_silikon_9731.jpg","contentUrl":"https:\/\/cardinal-tapes.com\/wp-content\/uploads\/3m_doppelseitig_klebeband_silikon_9731.jpg","width":600,"height":600,"caption":"Ruban adh\u00e9sif double face en silicone 3M 9731"},{"@type":"BreadcrumbList","@id":"https:\/\/cardinal-tapes.com\/fr\/rubans-adh\u00e9sifs\/rubans-adhesifs-simple-face\/film-pet\/3m-9731-bande-adhesive-double-face-avec-adhesif-silicone-acrylate\/#breadcrumb","itemListElement":[{"@type":"ListItem","position":1,"name":"Startseite","item":"https:\/\/cardinal-tapes.com\/fr\/accueil\/"},{"@type":"ListItem","position":2,"name":"Rubans adh\u00e9sifs","item":"https:\/\/cardinal-tapes.com\/fr\/rubans-adhesifs-fr\/"},{"@type":"ListItem","position":3,"name":"Rubans adh\u00e9sifs simple face","item":"https:\/\/cardinal-tapes.com\/fr\/catgorie\/rubans-adhesifs-simple-face\/"},{"@type":"ListItem","position":4,"name":"Film PET","item":"https:\/\/cardinal-tapes.com\/fr\/catgorie\/film-pet\/"},{"@type":"ListItem","position":5,"name":"3M\u2122 Ruban adh\u00e9sif double face 9731"}]},{"@type":"WebSite","@id":"https:\/\/cardinal-tapes.com\/#website","url":"https:\/\/cardinal-tapes.com\/","name":"cardinal TAPES","description":"Klebetechnik aus Wuppertal","potentialAction":[{"@type":"SearchAction","target":{"@type":"EntryPoint","urlTemplate":"https:\/\/cardinal-tapes.com\/?s={search_term_string}"},"query-input":{"@type":"PropertyValueSpecification","valueRequired":true,"valueName":"search_term_string"}}],"inLanguage":"fr-FR"}]}},"brands":[{"id":2167,"name":"3M","slug":"3m-fr"}],"_links":{"self":[{"href":"https:\/\/cardinal-tapes.com\/fr\/wp-json\/wp\/v2\/product\/60507","targetHints":{"allow":["GET"]}}],"collection":[{"href":"https:\/\/cardinal-tapes.com\/fr\/wp-json\/wp\/v2\/product"}],"about":[{"href":"https:\/\/cardinal-tapes.com\/fr\/wp-json\/wp\/v2\/types\/product"}],"wp:featuredmedia":[{"embeddable":true,"href":"https:\/\/cardinal-tapes.com\/fr\/wp-json\/wp\/v2\/media\/25448"}],"wp:attachment":[{"href":"https:\/\/cardinal-tapes.com\/fr\/wp-json\/wp\/v2\/media?parent=60507"}],"wp:term":[{"taxonomy":"pwb-brand","embeddable":true,"href":"https:\/\/cardinal-tapes.com\/fr\/wp-json\/wp\/v2\/pwb-brand?post=60507"},{"taxonomy":"product_brand","embeddable":true,"href":"https:\/\/cardinal-tapes.com\/fr\/wp-json\/wp\/v2\/product_brand?post=60507"},{"taxonomy":"product_cat","embeddable":true,"href":"https:\/\/cardinal-tapes.com\/fr\/wp-json\/wp\/v2\/product_cat?post=60507"},{"taxonomy":"product_tag","embeddable":true,"href":"https:\/\/cardinal-tapes.com\/fr\/wp-json\/wp\/v2\/product_tag?post=60507"}],"curies":[{"name":"wp","href":"https:\/\/api.w.org\/{rel}","templated":true}]}}