{"id":60496,"date":"2017-12-22T09:31:44","date_gmt":"2017-12-22T08:31:44","guid":{"rendered":"https:\/\/cardinal.pixel-tal.de\/klebebaender\/non%20class\u00e9\/3m-dp-8010-colle-de-construction-a-deux-composants-a-base-dacrylate\/"},"modified":"2025-07-03T12:33:00","modified_gmt":"2025-07-03T10:33:00","slug":"3m-dp-8010-adhesif-de-construction-a-deux-composants-a-base-dacrylate","status":"publish","type":"product","link":"https:\/\/cardinal-tapes.com\/fr\/rubans-adh\u00e9sifs\/colle-liquide\/adhesifs\/3m-dp-8010-adhesif-de-construction-a-deux-composants-a-base-dacrylate\/","title":{"rendered":"3M\u2122 DP 8010 Colle de construction \u00e0 deux composants \u00e0 base d&#8217;acrylate"},"content":{"rendered":"<p>3M\u2122 Scotch-Weld\u2122 DP 8005 est un adh\u00e9sif de construction bi-composant visco\u00e9lastique \u00e0 base d&#8217;acrylate avec un rapport de m\u00e9lange de 10:1. Collage de mati\u00e8res plastiques \u00e0 faible \u00e9nergie comme le PE, le PP et le TPE (\u00e9lastom\u00e8res thermoplastiques) sans pr\u00e9traitement des surfaces. <\/p>\n<p><strong>Caract\u00e9ristiques<\/strong><\/p>\n<ul>\n<li>Collage tr\u00e8s r\u00e9sistant et rapide<\/li>\n<li>Haute r\u00e9sistance au cisaillement<\/li>\n<li>Utilisation simple et pratique<\/li>\n<\/ul>\n<p><strong>Application<\/strong><\/p>\n<ul>\n<li>Pour assembler des plastiques avec des m\u00e9taux<\/li>\n<li class=\"sps2-pdp_details--highlights_item mds-font_paragraph\">Collage composite r\u00e9sistant aux chocs<\/li>\n<li>Pour le collage des plastiques \u00e0 faible \u00e9nergie de surface<\/li>\n<\/ul>\n","protected":false},"excerpt":{"rendered":"<p>3M\u2122 Scotch-Weld\u2122 DP 8005 est un adh\u00e9sif de construction bi-composant visco\u00e9lastique \u00e0 base d&#8217;acrylate avec un rapport de m\u00e9lange de 10:1. Collage de mati\u00e8res plastiques \u00e0 faible \u00e9nergie comme le PE, le PP et le TPE (\u00e9lastom\u00e8res thermoplastiques) sans pr\u00e9traitement des surfaces. Caract\u00e9ristiques Collage tr\u00e8s r\u00e9sistant et rapide Haute r\u00e9sistance au cisaillement Utilisation simple et [&hellip;]<\/p>\n","protected":false},"featured_media":25596,"template":"","meta":{"_acf_changed":false},"pwb-brand":[2167],"product_brand":[],"product_cat":[1857],"product_tag":[],"class_list":{"0":"post-60496","1":"product","2":"type-product","3":"status-publish","4":"has-post-thumbnail","6":"pwb-brand-3m-fr","7":"product_cat-adhesifs","9":"first","10":"instock","11":"taxable","12":"shipping-taxable","13":"purchasable","14":"product-type-simple"},"acf":[],"yoast_head":"<!-- This site is optimized with the Yoast SEO plugin v27.3 - https:\/\/yoast.com\/product\/yoast-seo-wordpress\/ -->\n<title>3M DP 8010 Colle de construction \u00e0 deux composants \u00e0 base d&#039;acrylate<\/title>\n<meta name=\"description\" content=\"La colle de construction \u00e0 2 composants 3M DP 8010 \u00e0 base d&#039;acrylate est exempte de solvants. Le temps de traitement est de 10 minutes. En savoir plus sur le 3M DP 8010.\" \/>\n<meta name=\"robots\" content=\"index, follow, max-snippet:-1, max-image-preview:large, max-video-preview:-1\" \/>\n<link rel=\"canonical\" href=\"https:\/\/cardinal-tapes.com\/fr\/rubans-adh\u00e9sifs\/colle-liquide\/adhesifs\/3m-dp-8010-adhesif-de-construction-a-deux-composants-a-base-dacrylate\/\" \/>\n<meta property=\"og:locale\" content=\"fr_FR\" \/>\n<meta property=\"og:type\" content=\"article\" \/>\n<meta property=\"og:title\" content=\"3M DP 8010 Colle de construction \u00e0 deux composants \u00e0 base d&#039;acrylate\" \/>\n<meta property=\"og:description\" content=\"La colle de construction \u00e0 2 composants 3M DP 8010 \u00e0 base d&#039;acrylate est exempte de solvants. Le temps de traitement est de 10 minutes. En savoir plus sur le 3M DP 8010.\" \/>\n<meta property=\"og:url\" content=\"https:\/\/cardinal-tapes.com\/fr\/rubans-adh\u00e9sifs\/colle-liquide\/adhesifs\/3m-dp-8010-adhesif-de-construction-a-deux-composants-a-base-dacrylate\/\" \/>\n<meta property=\"og:site_name\" content=\"cardinal TAPES\" \/>\n<meta property=\"article:modified_time\" content=\"2025-07-03T10:33:00+00:00\" \/>\n<meta property=\"og:image\" content=\"https:\/\/cardinal-tapes.com\/wp-content\/uploads\/3m_zk-konstruktionsklebestoff_dp8010.jpg\" \/>\n\t<meta property=\"og:image:width\" content=\"600\" \/>\n\t<meta property=\"og:image:height\" content=\"600\" \/>\n\t<meta property=\"og:image:type\" content=\"image\/jpeg\" \/>\n<meta name=\"twitter:card\" content=\"summary_large_image\" \/>\n<script type=\"application\/ld+json\" class=\"yoast-schema-graph\">{\"@context\":\"https:\\\/\\\/schema.org\",\"@graph\":[{\"@type\":\"WebPage\",\"@id\":\"https:\\\/\\\/cardinal-tapes.com\\\/fr\\\/rubans-adh\u00e9sifs\\\/colle-liquide\\\/adhesifs\\\/3m-dp-8010-adhesif-de-construction-a-deux-composants-a-base-dacrylate\\\/\",\"url\":\"https:\\\/\\\/cardinal-tapes.com\\\/fr\\\/rubans-adh\u00e9sifs\\\/colle-liquide\\\/adhesifs\\\/3m-dp-8010-adhesif-de-construction-a-deux-composants-a-base-dacrylate\\\/\",\"name\":\"3M DP 8010 Colle de construction \u00e0 deux composants \u00e0 base d'acrylate\",\"isPartOf\":{\"@id\":\"https:\\\/\\\/cardinal-tapes.com\\\/#website\"},\"primaryImageOfPage\":{\"@id\":\"https:\\\/\\\/cardinal-tapes.com\\\/fr\\\/rubans-adh\u00e9sifs\\\/colle-liquide\\\/adhesifs\\\/3m-dp-8010-adhesif-de-construction-a-deux-composants-a-base-dacrylate\\\/#primaryimage\"},\"image\":{\"@id\":\"https:\\\/\\\/cardinal-tapes.com\\\/fr\\\/rubans-adh\u00e9sifs\\\/colle-liquide\\\/adhesifs\\\/3m-dp-8010-adhesif-de-construction-a-deux-composants-a-base-dacrylate\\\/#primaryimage\"},\"thumbnailUrl\":\"https:\\\/\\\/cardinal-tapes.com\\\/wp-content\\\/uploads\\\/3m_zk-konstruktionsklebestoff_dp8010.jpg\",\"datePublished\":\"2017-12-22T08:31:44+00:00\",\"dateModified\":\"2025-07-03T10:33:00+00:00\",\"description\":\"La colle de construction \u00e0 2 composants 3M DP 8010 \u00e0 base d'acrylate est exempte de solvants. Le temps de traitement est de 10 minutes. En savoir plus sur le 3M DP 8010.\",\"breadcrumb\":{\"@id\":\"https:\\\/\\\/cardinal-tapes.com\\\/fr\\\/rubans-adh\u00e9sifs\\\/colle-liquide\\\/adhesifs\\\/3m-dp-8010-adhesif-de-construction-a-deux-composants-a-base-dacrylate\\\/#breadcrumb\"},\"inLanguage\":\"fr-FR\",\"potentialAction\":[{\"@type\":\"ReadAction\",\"target\":[\"https:\\\/\\\/cardinal-tapes.com\\\/fr\\\/rubans-adh\u00e9sifs\\\/colle-liquide\\\/adhesifs\\\/3m-dp-8010-adhesif-de-construction-a-deux-composants-a-base-dacrylate\\\/\"]}]},{\"@type\":\"ImageObject\",\"inLanguage\":\"fr-FR\",\"@id\":\"https:\\\/\\\/cardinal-tapes.com\\\/fr\\\/rubans-adh\u00e9sifs\\\/colle-liquide\\\/adhesifs\\\/3m-dp-8010-adhesif-de-construction-a-deux-composants-a-base-dacrylate\\\/#primaryimage\",\"url\":\"https:\\\/\\\/cardinal-tapes.com\\\/wp-content\\\/uploads\\\/3m_zk-konstruktionsklebestoff_dp8010.jpg\",\"contentUrl\":\"https:\\\/\\\/cardinal-tapes.com\\\/wp-content\\\/uploads\\\/3m_zk-konstruktionsklebestoff_dp8010.jpg\",\"width\":600,\"height\":600,\"caption\":\"Colle de construction 3M DP8010\"},{\"@type\":\"BreadcrumbList\",\"@id\":\"https:\\\/\\\/cardinal-tapes.com\\\/fr\\\/rubans-adh\u00e9sifs\\\/colle-liquide\\\/adhesifs\\\/3m-dp-8010-adhesif-de-construction-a-deux-composants-a-base-dacrylate\\\/#breadcrumb\",\"itemListElement\":[{\"@type\":\"ListItem\",\"position\":1,\"name\":\"Startseite\",\"item\":\"https:\\\/\\\/cardinal-tapes.com\\\/fr\\\/accueil\\\/\"},{\"@type\":\"ListItem\",\"position\":2,\"name\":\"Rubans adh\u00e9sifs\",\"item\":\"https:\\\/\\\/cardinal-tapes.com\\\/fr\\\/rubans-adhesifs-fr\\\/\"},{\"@type\":\"ListItem\",\"position\":3,\"name\":\"Colle liquide\",\"item\":\"https:\\\/\\\/cardinal-tapes.com\\\/fr\\\/catgorie\\\/colle-liquide\\\/\"},{\"@type\":\"ListItem\",\"position\":4,\"name\":\"Adh\u00e9sifs\",\"item\":\"https:\\\/\\\/cardinal-tapes.com\\\/fr\\\/catgorie\\\/adhesifs\\\/\"},{\"@type\":\"ListItem\",\"position\":5,\"name\":\"3M\u2122 DP 8010 Colle de construction \u00e0 deux composants \u00e0 base d&#8217;acrylate\"}]},{\"@type\":\"WebSite\",\"@id\":\"https:\\\/\\\/cardinal-tapes.com\\\/#website\",\"url\":\"https:\\\/\\\/cardinal-tapes.com\\\/\",\"name\":\"cardinal TAPES\",\"description\":\"Klebetechnik aus Wuppertal\",\"potentialAction\":[{\"@type\":\"SearchAction\",\"target\":{\"@type\":\"EntryPoint\",\"urlTemplate\":\"https:\\\/\\\/cardinal-tapes.com\\\/?s={search_term_string}\"},\"query-input\":{\"@type\":\"PropertyValueSpecification\",\"valueRequired\":true,\"valueName\":\"search_term_string\"}}],\"inLanguage\":\"fr-FR\"}]}<\/script>\n<!-- \/ Yoast SEO plugin. -->","yoast_head_json":{"title":"3M DP 8010 Colle de construction \u00e0 deux composants \u00e0 base d'acrylate","description":"La colle de construction \u00e0 2 composants 3M DP 8010 \u00e0 base d'acrylate est exempte de solvants. Le temps de traitement est de 10 minutes. En savoir plus sur le 3M DP 8010.","robots":{"index":"index","follow":"follow","max-snippet":"max-snippet:-1","max-image-preview":"max-image-preview:large","max-video-preview":"max-video-preview:-1"},"canonical":"https:\/\/cardinal-tapes.com\/fr\/rubans-adh\u00e9sifs\/colle-liquide\/adhesifs\/3m-dp-8010-adhesif-de-construction-a-deux-composants-a-base-dacrylate\/","og_locale":"fr_FR","og_type":"article","og_title":"3M DP 8010 Colle de construction \u00e0 deux composants \u00e0 base d'acrylate","og_description":"La colle de construction \u00e0 2 composants 3M DP 8010 \u00e0 base d'acrylate est exempte de solvants. Le temps de traitement est de 10 minutes. En savoir plus sur le 3M DP 8010.","og_url":"https:\/\/cardinal-tapes.com\/fr\/rubans-adh\u00e9sifs\/colle-liquide\/adhesifs\/3m-dp-8010-adhesif-de-construction-a-deux-composants-a-base-dacrylate\/","og_site_name":"cardinal TAPES","article_modified_time":"2025-07-03T10:33:00+00:00","og_image":[{"width":600,"height":600,"url":"https:\/\/cardinal-tapes.com\/wp-content\/uploads\/3m_zk-konstruktionsklebestoff_dp8010.jpg","type":"image\/jpeg"}],"twitter_card":"summary_large_image","schema":{"@context":"https:\/\/schema.org","@graph":[{"@type":"WebPage","@id":"https:\/\/cardinal-tapes.com\/fr\/rubans-adh\u00e9sifs\/colle-liquide\/adhesifs\/3m-dp-8010-adhesif-de-construction-a-deux-composants-a-base-dacrylate\/","url":"https:\/\/cardinal-tapes.com\/fr\/rubans-adh\u00e9sifs\/colle-liquide\/adhesifs\/3m-dp-8010-adhesif-de-construction-a-deux-composants-a-base-dacrylate\/","name":"3M DP 8010 Colle de construction \u00e0 deux composants \u00e0 base d'acrylate","isPartOf":{"@id":"https:\/\/cardinal-tapes.com\/#website"},"primaryImageOfPage":{"@id":"https:\/\/cardinal-tapes.com\/fr\/rubans-adh\u00e9sifs\/colle-liquide\/adhesifs\/3m-dp-8010-adhesif-de-construction-a-deux-composants-a-base-dacrylate\/#primaryimage"},"image":{"@id":"https:\/\/cardinal-tapes.com\/fr\/rubans-adh\u00e9sifs\/colle-liquide\/adhesifs\/3m-dp-8010-adhesif-de-construction-a-deux-composants-a-base-dacrylate\/#primaryimage"},"thumbnailUrl":"https:\/\/cardinal-tapes.com\/wp-content\/uploads\/3m_zk-konstruktionsklebestoff_dp8010.jpg","datePublished":"2017-12-22T08:31:44+00:00","dateModified":"2025-07-03T10:33:00+00:00","description":"La colle de construction \u00e0 2 composants 3M DP 8010 \u00e0 base d'acrylate est exempte de solvants. Le temps de traitement est de 10 minutes. En savoir plus sur le 3M DP 8010.","breadcrumb":{"@id":"https:\/\/cardinal-tapes.com\/fr\/rubans-adh\u00e9sifs\/colle-liquide\/adhesifs\/3m-dp-8010-adhesif-de-construction-a-deux-composants-a-base-dacrylate\/#breadcrumb"},"inLanguage":"fr-FR","potentialAction":[{"@type":"ReadAction","target":["https:\/\/cardinal-tapes.com\/fr\/rubans-adh\u00e9sifs\/colle-liquide\/adhesifs\/3m-dp-8010-adhesif-de-construction-a-deux-composants-a-base-dacrylate\/"]}]},{"@type":"ImageObject","inLanguage":"fr-FR","@id":"https:\/\/cardinal-tapes.com\/fr\/rubans-adh\u00e9sifs\/colle-liquide\/adhesifs\/3m-dp-8010-adhesif-de-construction-a-deux-composants-a-base-dacrylate\/#primaryimage","url":"https:\/\/cardinal-tapes.com\/wp-content\/uploads\/3m_zk-konstruktionsklebestoff_dp8010.jpg","contentUrl":"https:\/\/cardinal-tapes.com\/wp-content\/uploads\/3m_zk-konstruktionsklebestoff_dp8010.jpg","width":600,"height":600,"caption":"Colle de construction 3M DP8010"},{"@type":"BreadcrumbList","@id":"https:\/\/cardinal-tapes.com\/fr\/rubans-adh\u00e9sifs\/colle-liquide\/adhesifs\/3m-dp-8010-adhesif-de-construction-a-deux-composants-a-base-dacrylate\/#breadcrumb","itemListElement":[{"@type":"ListItem","position":1,"name":"Startseite","item":"https:\/\/cardinal-tapes.com\/fr\/accueil\/"},{"@type":"ListItem","position":2,"name":"Rubans adh\u00e9sifs","item":"https:\/\/cardinal-tapes.com\/fr\/rubans-adhesifs-fr\/"},{"@type":"ListItem","position":3,"name":"Colle liquide","item":"https:\/\/cardinal-tapes.com\/fr\/catgorie\/colle-liquide\/"},{"@type":"ListItem","position":4,"name":"Adh\u00e9sifs","item":"https:\/\/cardinal-tapes.com\/fr\/catgorie\/adhesifs\/"},{"@type":"ListItem","position":5,"name":"3M\u2122 DP 8010 Colle de construction \u00e0 deux composants \u00e0 base d&#8217;acrylate"}]},{"@type":"WebSite","@id":"https:\/\/cardinal-tapes.com\/#website","url":"https:\/\/cardinal-tapes.com\/","name":"cardinal TAPES","description":"Klebetechnik aus Wuppertal","potentialAction":[{"@type":"SearchAction","target":{"@type":"EntryPoint","urlTemplate":"https:\/\/cardinal-tapes.com\/?s={search_term_string}"},"query-input":{"@type":"PropertyValueSpecification","valueRequired":true,"valueName":"search_term_string"}}],"inLanguage":"fr-FR"}]}},"brands":[{"id":2167,"name":"3M","slug":"3m-fr"}],"_links":{"self":[{"href":"https:\/\/cardinal-tapes.com\/fr\/wp-json\/wp\/v2\/product\/60496","targetHints":{"allow":["GET"]}}],"collection":[{"href":"https:\/\/cardinal-tapes.com\/fr\/wp-json\/wp\/v2\/product"}],"about":[{"href":"https:\/\/cardinal-tapes.com\/fr\/wp-json\/wp\/v2\/types\/product"}],"wp:featuredmedia":[{"embeddable":true,"href":"https:\/\/cardinal-tapes.com\/fr\/wp-json\/wp\/v2\/media\/25596"}],"wp:attachment":[{"href":"https:\/\/cardinal-tapes.com\/fr\/wp-json\/wp\/v2\/media?parent=60496"}],"wp:term":[{"taxonomy":"pwb-brand","embeddable":true,"href":"https:\/\/cardinal-tapes.com\/fr\/wp-json\/wp\/v2\/pwb-brand?post=60496"},{"taxonomy":"product_brand","embeddable":true,"href":"https:\/\/cardinal-tapes.com\/fr\/wp-json\/wp\/v2\/product_brand?post=60496"},{"taxonomy":"product_cat","embeddable":true,"href":"https:\/\/cardinal-tapes.com\/fr\/wp-json\/wp\/v2\/product_cat?post=60496"},{"taxonomy":"product_tag","embeddable":true,"href":"https:\/\/cardinal-tapes.com\/fr\/wp-json\/wp\/v2\/product_tag?post=60496"}],"curies":[{"name":"wp","href":"https:\/\/api.w.org\/{rel}","templated":true}]}}