{"id":60482,"date":"2017-12-22T09:25:39","date_gmt":"2023-06-06T08:06:27","guid":{"rendered":"https:\/\/cardinal.pixel-tal.de\/klebebaender\/non class\u00e9\/3m-tl-43-adhesif-anaerobie-pour-le-freinage-des-vis\/"},"modified":"2023-06-06T10:06:27","modified_gmt":"2023-06-06T08:06:27","slug":"3m-tl-43-adhesif-anaerober-pour-securiser-les-vis-2","status":"publish","type":"product","link":"https:\/\/cardinal-tapes.com\/fr\/rubans-adh\u00e9sifs\/colle-liquide\/adhesifs\/3m-tl-43-adhesif-anaerober-pour-securiser-les-vis-2\/","title":{"rendered":"3M\u2122 TL 43 Adh\u00e9sif ana\u00e9robie pour le freinage des vis"},"content":{"rendered":"<p>L&#8217;adh\u00e9sif ana\u00e9robie 3M\u2122 TL 43 pour le freinage des vis durcit lorsqu&#8217;il est appliqu\u00e9 entre des surfaces m\u00e9talliques \u00e9troitement ajust\u00e9es. La colle prot\u00e8ge les vis et les boulons de toutes sortes contre le desserrage et les fuites. De plus, la colle pr\u00e9vient la corrosion du filetage. La colle en dehors du joint ne durcit pas et peut donc \u00eatre retir\u00e9e rapidement et facilement.<\/p>\n","protected":false},"excerpt":{"rendered":"<p>L&#8217;adh\u00e9sif ana\u00e9robie 3M\u2122 TL 43 pour le freinage des vis durcit lorsqu&#8217;il est appliqu\u00e9 entre des surfaces m\u00e9talliques \u00e9troitement ajust\u00e9es. La colle prot\u00e8ge les vis et les boulons de toutes sortes contre le desserrage et les fuites. De plus, la colle pr\u00e9vient la corrosion du filetage. La colle en dehors du joint ne durcit pas [&hellip;]<\/p>\n","protected":false},"featured_media":25608,"template":"","meta":{"_acf_changed":false},"pwb-brand":[2167],"product_brand":[],"product_cat":[1857],"product_tag":[],"class_list":{"0":"post-60482","1":"product","2":"type-product","3":"status-publish","4":"has-post-thumbnail","6":"pwb-brand-3m-fr","7":"product_cat-adhesifs","9":"first","10":"instock","11":"taxable","12":"shipping-taxable","13":"purchasable","14":"product-type-simple"},"acf":[],"yoast_head":"<!-- This site is optimized with the Yoast SEO plugin v27.3 - https:\/\/yoast.com\/product\/yoast-seo-wordpress\/ -->\n<title>3M TL 43 Adh\u00e9sif ana\u00e9robie pour le freinage des vis | Cardinal TAPES<\/title>\n<meta name=\"description\" content=\"L&#039;adh\u00e9sif ana\u00e9robie 3M TL 43 pour le freinage des vis durcit lorsqu&#039;il est appliqu\u00e9 entre des surfaces m\u00e9talliques \u00e9troitement ajust\u00e9es. En savoir plus.\" \/>\n<meta name=\"robots\" content=\"index, follow, max-snippet:-1, max-image-preview:large, max-video-preview:-1\" \/>\n<link rel=\"canonical\" href=\"https:\/\/cardinal-tapes.com\/fr\/rubans-adh\u00e9sifs\/adhesifs\/3m-tl-43-adhesif-anaerober-pour-securiser-les-vis-2\/\" \/>\n<meta property=\"og:locale\" content=\"fr_FR\" \/>\n<meta property=\"og:type\" content=\"article\" \/>\n<meta property=\"og:title\" content=\"3M TL 43 Adh\u00e9sif ana\u00e9robie pour le freinage des vis | Cardinal TAPES\" \/>\n<meta property=\"og:description\" content=\"L&#039;adh\u00e9sif ana\u00e9robie 3M TL 43 pour le freinage des vis durcit lorsqu&#039;il est appliqu\u00e9 entre des surfaces m\u00e9talliques \u00e9troitement ajust\u00e9es. En savoir plus.\" \/>\n<meta property=\"og:url\" content=\"https:\/\/cardinal-tapes.com\/fr\/rubans-adh\u00e9sifs\/adhesifs\/3m-tl-43-adhesif-anaerober-pour-securiser-les-vis-2\/\" \/>\n<meta property=\"og:site_name\" content=\"cardinal TAPES\" \/>\n<meta property=\"og:image\" content=\"https:\/\/cardinal-tapes.com\/wp-content\/uploads\/3m_anaerober_klebstoff_schraubensicherung_tl43.jpg\" \/>\n\t<meta property=\"og:image:width\" content=\"600\" \/>\n\t<meta property=\"og:image:height\" content=\"600\" \/>\n\t<meta property=\"og:image:type\" content=\"image\/jpeg\" \/>\n<meta name=\"twitter:card\" content=\"summary_large_image\" \/>\n<script type=\"application\/ld+json\" class=\"yoast-schema-graph\">{\"@context\":\"https:\\\/\\\/schema.org\",\"@graph\":[{\"@type\":\"WebPage\",\"@id\":\"https:\\\/\\\/cardinal-tapes.com\\\/fr\\\/rubans-adh\u00e9sifs\\\/adhesifs\\\/3m-tl-43-adhesif-anaerober-pour-securiser-les-vis-2\\\/\",\"url\":\"https:\\\/\\\/cardinal-tapes.com\\\/fr\\\/rubans-adh\u00e9sifs\\\/adhesifs\\\/3m-tl-43-adhesif-anaerober-pour-securiser-les-vis-2\\\/\",\"name\":\"3M TL 43 Adh\u00e9sif ana\u00e9robie pour le freinage des vis | Cardinal TAPES\",\"isPartOf\":{\"@id\":\"https:\\\/\\\/cardinal-tapes.com\\\/#website\"},\"primaryImageOfPage\":{\"@id\":\"https:\\\/\\\/cardinal-tapes.com\\\/fr\\\/rubans-adh\u00e9sifs\\\/adhesifs\\\/3m-tl-43-adhesif-anaerober-pour-securiser-les-vis-2\\\/#primaryimage\"},\"image\":{\"@id\":\"https:\\\/\\\/cardinal-tapes.com\\\/fr\\\/rubans-adh\u00e9sifs\\\/adhesifs\\\/3m-tl-43-adhesif-anaerober-pour-securiser-les-vis-2\\\/#primaryimage\"},\"thumbnailUrl\":\"https:\\\/\\\/cardinal-tapes.com\\\/wp-content\\\/uploads\\\/3m_anaerober_klebstoff_schraubensicherung_tl43.jpg\",\"datePublished\":\"2023-06-06T08:06:27+00:00\",\"description\":\"L'adh\u00e9sif ana\u00e9robie 3M TL 43 pour le freinage des vis durcit lorsqu'il est appliqu\u00e9 entre des surfaces m\u00e9talliques \u00e9troitement ajust\u00e9es. En savoir plus.\",\"breadcrumb\":{\"@id\":\"https:\\\/\\\/cardinal-tapes.com\\\/fr\\\/rubans-adh\u00e9sifs\\\/adhesifs\\\/3m-tl-43-adhesif-anaerober-pour-securiser-les-vis-2\\\/#breadcrumb\"},\"inLanguage\":\"fr-FR\",\"potentialAction\":[{\"@type\":\"ReadAction\",\"target\":[\"https:\\\/\\\/cardinal-tapes.com\\\/fr\\\/rubans-adh\u00e9sifs\\\/adhesifs\\\/3m-tl-43-adhesif-anaerober-pour-securiser-les-vis-2\\\/\"]}]},{\"@type\":\"ImageObject\",\"inLanguage\":\"fr-FR\",\"@id\":\"https:\\\/\\\/cardinal-tapes.com\\\/fr\\\/rubans-adh\u00e9sifs\\\/adhesifs\\\/3m-tl-43-adhesif-anaerober-pour-securiser-les-vis-2\\\/#primaryimage\",\"url\":\"https:\\\/\\\/cardinal-tapes.com\\\/wp-content\\\/uploads\\\/3m_anaerober_klebstoff_schraubensicherung_tl43.jpg\",\"contentUrl\":\"https:\\\/\\\/cardinal-tapes.com\\\/wp-content\\\/uploads\\\/3m_anaerober_klebstoff_schraubensicherung_tl43.jpg\",\"width\":600,\"height\":600,\"caption\":\"Colle ana\u00e9robie 3M pour le freinage des vis TL43\"},{\"@type\":\"BreadcrumbList\",\"@id\":\"https:\\\/\\\/cardinal-tapes.com\\\/fr\\\/rubans-adh\u00e9sifs\\\/adhesifs\\\/3m-tl-43-adhesif-anaerober-pour-securiser-les-vis-2\\\/#breadcrumb\",\"itemListElement\":[{\"@type\":\"ListItem\",\"position\":1,\"name\":\"Startseite\",\"item\":\"https:\\\/\\\/cardinal-tapes.com\\\/fr\\\/accueil\\\/\"},{\"@type\":\"ListItem\",\"position\":2,\"name\":\"Rubans adh\u00e9sifs\",\"item\":\"https:\\\/\\\/cardinal-tapes.com\\\/fr\\\/rubans-adhesifs-fr\\\/\"},{\"@type\":\"ListItem\",\"position\":3,\"name\":\"Adh\u00e9sifs\",\"item\":\"https:\\\/\\\/cardinal-tapes.com\\\/fr\\\/catgorie\\\/adhesifs\\\/\"},{\"@type\":\"ListItem\",\"position\":4,\"name\":\"3M\u2122 TL 43 Adh\u00e9sif ana\u00e9robie pour le freinage des vis\"}]},{\"@type\":\"WebSite\",\"@id\":\"https:\\\/\\\/cardinal-tapes.com\\\/#website\",\"url\":\"https:\\\/\\\/cardinal-tapes.com\\\/\",\"name\":\"cardinal TAPES\",\"description\":\"Klebetechnik aus Wuppertal\",\"potentialAction\":[{\"@type\":\"SearchAction\",\"target\":{\"@type\":\"EntryPoint\",\"urlTemplate\":\"https:\\\/\\\/cardinal-tapes.com\\\/?s={search_term_string}\"},\"query-input\":{\"@type\":\"PropertyValueSpecification\",\"valueRequired\":true,\"valueName\":\"search_term_string\"}}],\"inLanguage\":\"fr-FR\"}]}<\/script>\n<!-- \/ Yoast SEO plugin. -->","yoast_head_json":{"title":"3M TL 43 Adh\u00e9sif ana\u00e9robie pour le freinage des vis | Cardinal TAPES","description":"L'adh\u00e9sif ana\u00e9robie 3M TL 43 pour le freinage des vis durcit lorsqu'il est appliqu\u00e9 entre des surfaces m\u00e9talliques \u00e9troitement ajust\u00e9es. En savoir plus.","robots":{"index":"index","follow":"follow","max-snippet":"max-snippet:-1","max-image-preview":"max-image-preview:large","max-video-preview":"max-video-preview:-1"},"canonical":"https:\/\/cardinal-tapes.com\/fr\/rubans-adh\u00e9sifs\/adhesifs\/3m-tl-43-adhesif-anaerober-pour-securiser-les-vis-2\/","og_locale":"fr_FR","og_type":"article","og_title":"3M TL 43 Adh\u00e9sif ana\u00e9robie pour le freinage des vis | Cardinal TAPES","og_description":"L'adh\u00e9sif ana\u00e9robie 3M TL 43 pour le freinage des vis durcit lorsqu'il est appliqu\u00e9 entre des surfaces m\u00e9talliques \u00e9troitement ajust\u00e9es. En savoir plus.","og_url":"https:\/\/cardinal-tapes.com\/fr\/rubans-adh\u00e9sifs\/adhesifs\/3m-tl-43-adhesif-anaerober-pour-securiser-les-vis-2\/","og_site_name":"cardinal TAPES","og_image":[{"width":600,"height":600,"url":"https:\/\/cardinal-tapes.com\/wp-content\/uploads\/3m_anaerober_klebstoff_schraubensicherung_tl43.jpg","type":"image\/jpeg"}],"twitter_card":"summary_large_image","schema":{"@context":"https:\/\/schema.org","@graph":[{"@type":"WebPage","@id":"https:\/\/cardinal-tapes.com\/fr\/rubans-adh\u00e9sifs\/adhesifs\/3m-tl-43-adhesif-anaerober-pour-securiser-les-vis-2\/","url":"https:\/\/cardinal-tapes.com\/fr\/rubans-adh\u00e9sifs\/adhesifs\/3m-tl-43-adhesif-anaerober-pour-securiser-les-vis-2\/","name":"3M TL 43 Adh\u00e9sif ana\u00e9robie pour le freinage des vis | Cardinal TAPES","isPartOf":{"@id":"https:\/\/cardinal-tapes.com\/#website"},"primaryImageOfPage":{"@id":"https:\/\/cardinal-tapes.com\/fr\/rubans-adh\u00e9sifs\/adhesifs\/3m-tl-43-adhesif-anaerober-pour-securiser-les-vis-2\/#primaryimage"},"image":{"@id":"https:\/\/cardinal-tapes.com\/fr\/rubans-adh\u00e9sifs\/adhesifs\/3m-tl-43-adhesif-anaerober-pour-securiser-les-vis-2\/#primaryimage"},"thumbnailUrl":"https:\/\/cardinal-tapes.com\/wp-content\/uploads\/3m_anaerober_klebstoff_schraubensicherung_tl43.jpg","datePublished":"2023-06-06T08:06:27+00:00","description":"L'adh\u00e9sif ana\u00e9robie 3M TL 43 pour le freinage des vis durcit lorsqu'il est appliqu\u00e9 entre des surfaces m\u00e9talliques \u00e9troitement ajust\u00e9es. En savoir plus.","breadcrumb":{"@id":"https:\/\/cardinal-tapes.com\/fr\/rubans-adh\u00e9sifs\/adhesifs\/3m-tl-43-adhesif-anaerober-pour-securiser-les-vis-2\/#breadcrumb"},"inLanguage":"fr-FR","potentialAction":[{"@type":"ReadAction","target":["https:\/\/cardinal-tapes.com\/fr\/rubans-adh\u00e9sifs\/adhesifs\/3m-tl-43-adhesif-anaerober-pour-securiser-les-vis-2\/"]}]},{"@type":"ImageObject","inLanguage":"fr-FR","@id":"https:\/\/cardinal-tapes.com\/fr\/rubans-adh\u00e9sifs\/adhesifs\/3m-tl-43-adhesif-anaerober-pour-securiser-les-vis-2\/#primaryimage","url":"https:\/\/cardinal-tapes.com\/wp-content\/uploads\/3m_anaerober_klebstoff_schraubensicherung_tl43.jpg","contentUrl":"https:\/\/cardinal-tapes.com\/wp-content\/uploads\/3m_anaerober_klebstoff_schraubensicherung_tl43.jpg","width":600,"height":600,"caption":"Colle ana\u00e9robie 3M pour le freinage des vis TL43"},{"@type":"BreadcrumbList","@id":"https:\/\/cardinal-tapes.com\/fr\/rubans-adh\u00e9sifs\/adhesifs\/3m-tl-43-adhesif-anaerober-pour-securiser-les-vis-2\/#breadcrumb","itemListElement":[{"@type":"ListItem","position":1,"name":"Startseite","item":"https:\/\/cardinal-tapes.com\/fr\/accueil\/"},{"@type":"ListItem","position":2,"name":"Rubans adh\u00e9sifs","item":"https:\/\/cardinal-tapes.com\/fr\/rubans-adhesifs-fr\/"},{"@type":"ListItem","position":3,"name":"Adh\u00e9sifs","item":"https:\/\/cardinal-tapes.com\/fr\/catgorie\/adhesifs\/"},{"@type":"ListItem","position":4,"name":"3M\u2122 TL 43 Adh\u00e9sif ana\u00e9robie pour le freinage des vis"}]},{"@type":"WebSite","@id":"https:\/\/cardinal-tapes.com\/#website","url":"https:\/\/cardinal-tapes.com\/","name":"cardinal TAPES","description":"Klebetechnik aus Wuppertal","potentialAction":[{"@type":"SearchAction","target":{"@type":"EntryPoint","urlTemplate":"https:\/\/cardinal-tapes.com\/?s={search_term_string}"},"query-input":{"@type":"PropertyValueSpecification","valueRequired":true,"valueName":"search_term_string"}}],"inLanguage":"fr-FR"}]}},"brands":[{"id":2167,"name":"3M","slug":"3m-fr"}],"_links":{"self":[{"href":"https:\/\/cardinal-tapes.com\/fr\/wp-json\/wp\/v2\/product\/60482","targetHints":{"allow":["GET"]}}],"collection":[{"href":"https:\/\/cardinal-tapes.com\/fr\/wp-json\/wp\/v2\/product"}],"about":[{"href":"https:\/\/cardinal-tapes.com\/fr\/wp-json\/wp\/v2\/types\/product"}],"wp:featuredmedia":[{"embeddable":true,"href":"https:\/\/cardinal-tapes.com\/fr\/wp-json\/wp\/v2\/media\/25608"}],"wp:attachment":[{"href":"https:\/\/cardinal-tapes.com\/fr\/wp-json\/wp\/v2\/media?parent=60482"}],"wp:term":[{"taxonomy":"pwb-brand","embeddable":true,"href":"https:\/\/cardinal-tapes.com\/fr\/wp-json\/wp\/v2\/pwb-brand?post=60482"},{"taxonomy":"product_brand","embeddable":true,"href":"https:\/\/cardinal-tapes.com\/fr\/wp-json\/wp\/v2\/product_brand?post=60482"},{"taxonomy":"product_cat","embeddable":true,"href":"https:\/\/cardinal-tapes.com\/fr\/wp-json\/wp\/v2\/product_cat?post=60482"},{"taxonomy":"product_tag","embeddable":true,"href":"https:\/\/cardinal-tapes.com\/fr\/wp-json\/wp\/v2\/product_tag?post=60482"}],"curies":[{"name":"wp","href":"https:\/\/api.w.org\/{rel}","templated":true}]}}