{"id":60429,"date":"2017-12-22T09:36:39","date_gmt":"2017-12-22T08:36:39","guid":{"rendered":"https:\/\/cardinal.pixel-tal.de\/klebebaender\/non%20class\u00e9\/3m-dp-760-colle-de-construction-a-deux-composants-a-base-de-resine-epoxyde\/"},"modified":"2025-07-03T12:40:27","modified_gmt":"2025-07-03T10:40:27","slug":"3m-dp-760-colle-de-construction-bi-composant-a-base-de-resine-epoxy","status":"publish","type":"product","link":"https:\/\/cardinal-tapes.com\/fr\/rubans-adh\u00e9sifs\/colle-liquide\/adhesifs\/3m-dp-760-colle-de-construction-bi-composant-a-base-de-resine-epoxy\/","title":{"rendered":"3M\u2122 DP 760 Colle de construction \u00e0 deux composants \u00e0 base de r\u00e9sine \u00e9poxyde"},"content":{"rendered":"<p class=\"mds-font_paragraph MMM--gapBottom\">3M\u2122 Scotch-Weld\u2122 DP 760 est une colle de construction dure \u00e0 2 composants \u00e0 base de r\u00e9sine \u00e9poxy avec un rapport de m\u00e9lange de 2:1.<\/p>\n<p class=\"mds-font_paragraph\"><b>Caract\u00e9ristiques<\/b><\/p>\n<ul>\n<li>Haute r\u00e9sistance \u00e0 la temp\u00e9rature jusqu&#8217;\u00e0 230 \u00b0C<\/li>\n<li class=\"sps2-pdp_details--highlights_item mds-font_paragraph\">Temps de traitement \u00e0 temp\u00e9rature ambiante 45 \u00e0 60 minutes<\/li>\n<li class=\"sps2-pdp_details--highlights_item mds-font_paragraph\">R\u00e9sistance \u00e0 la main apr\u00e8s 4 \u00e0 6 heures<\/li>\n<li class=\"sps2-pdp_details--highlights_item mds-font_paragraph\">Le DP 760 n&#8217;est pas r\u00e9gl\u00e9 de mani\u00e8re fluide<\/li>\n<\/ul>\n<p><strong>Applications<\/strong><\/p>\n<ul>\n<li>Collage de m\u00e9taux dans des applications soumises \u00e0 des contraintes de poids et de temp\u00e9rature tr\u00e8s \u00e9lev\u00e9es<\/li>\n<\/ul>\n<p>&nbsp;<\/p>\n","protected":false},"excerpt":{"rendered":"<p>3M\u2122 Scotch-Weld\u2122 DP 760 est une colle de construction dure \u00e0 2 composants \u00e0 base de r\u00e9sine \u00e9poxy avec un rapport de m\u00e9lange de 2:1. Caract\u00e9ristiques Haute r\u00e9sistance \u00e0 la temp\u00e9rature jusqu&#8217;\u00e0 230 \u00b0C Temps de traitement \u00e0 temp\u00e9rature ambiante 45 \u00e0 60 minutes R\u00e9sistance \u00e0 la main apr\u00e8s 4 \u00e0 6 heures Le DP [&hellip;]<\/p>\n","protected":false},"featured_media":25580,"template":"","meta":{"_acf_changed":false},"pwb-brand":[2167],"product_brand":[],"product_cat":[1857],"product_tag":[],"class_list":{"0":"post-60429","1":"product","2":"type-product","3":"status-publish","4":"has-post-thumbnail","6":"pwb-brand-3m-fr","7":"product_cat-adhesifs","9":"first","10":"instock","11":"taxable","12":"shipping-taxable","13":"purchasable","14":"product-type-simple"},"acf":[],"yoast_head":"<!-- This site is optimized with the Yoast SEO plugin v27.3 - https:\/\/yoast.com\/product\/yoast-seo-wordpress\/ -->\n<title>3M DP 760 Colle de construction \u00e0 deux composants \u00e0 base de r\u00e9sine \u00e9poxyde<\/title>\n<meta name=\"description\" content=\"Le 3M DP 760 est sp\u00e9cialement con\u00e7u pour les m\u00e9taux et les temp\u00e9ratures \u00e9lev\u00e9es, jusqu&#039;\u00e0 230 degr\u00e9s. Apprenez-en plus sur le 3M dp 760 ici.\" \/>\n<meta name=\"robots\" content=\"index, follow, max-snippet:-1, max-image-preview:large, max-video-preview:-1\" \/>\n<link rel=\"canonical\" href=\"https:\/\/cardinal-tapes.com\/fr\/rubans-adh\u00e9sifs\/colle-liquide\/adhesifs\/3m-dp-760-colle-de-construction-bi-composant-a-base-de-resine-epoxy\/\" \/>\n<meta property=\"og:locale\" content=\"fr_FR\" \/>\n<meta property=\"og:type\" content=\"article\" \/>\n<meta property=\"og:title\" content=\"3M DP 760 Colle de construction \u00e0 deux composants \u00e0 base de r\u00e9sine \u00e9poxyde\" \/>\n<meta property=\"og:description\" content=\"Le 3M DP 760 est sp\u00e9cialement con\u00e7u pour les m\u00e9taux et les temp\u00e9ratures \u00e9lev\u00e9es, jusqu&#039;\u00e0 230 degr\u00e9s. Apprenez-en plus sur le 3M dp 760 ici.\" \/>\n<meta property=\"og:url\" content=\"https:\/\/cardinal-tapes.com\/fr\/rubans-adh\u00e9sifs\/colle-liquide\/adhesifs\/3m-dp-760-colle-de-construction-bi-composant-a-base-de-resine-epoxy\/\" \/>\n<meta property=\"og:site_name\" content=\"cardinal TAPES\" \/>\n<meta property=\"article:modified_time\" content=\"2025-07-03T10:40:27+00:00\" \/>\n<meta property=\"og:image\" content=\"https:\/\/cardinal-tapes.com\/wp-content\/uploads\/3m_zk-konstruktionsklebestoff_dp760.jpg\" \/>\n\t<meta property=\"og:image:width\" content=\"600\" \/>\n\t<meta property=\"og:image:height\" content=\"600\" \/>\n\t<meta property=\"og:image:type\" content=\"image\/jpeg\" \/>\n<meta name=\"twitter:card\" content=\"summary_large_image\" \/>\n<script type=\"application\/ld+json\" class=\"yoast-schema-graph\">{\"@context\":\"https:\\\/\\\/schema.org\",\"@graph\":[{\"@type\":\"WebPage\",\"@id\":\"https:\\\/\\\/cardinal-tapes.com\\\/fr\\\/rubans-adh\u00e9sifs\\\/colle-liquide\\\/adhesifs\\\/3m-dp-760-colle-de-construction-bi-composant-a-base-de-resine-epoxy\\\/\",\"url\":\"https:\\\/\\\/cardinal-tapes.com\\\/fr\\\/rubans-adh\u00e9sifs\\\/colle-liquide\\\/adhesifs\\\/3m-dp-760-colle-de-construction-bi-composant-a-base-de-resine-epoxy\\\/\",\"name\":\"3M DP 760 Colle de construction \u00e0 deux composants \u00e0 base de r\u00e9sine \u00e9poxyde\",\"isPartOf\":{\"@id\":\"https:\\\/\\\/cardinal-tapes.com\\\/#website\"},\"primaryImageOfPage\":{\"@id\":\"https:\\\/\\\/cardinal-tapes.com\\\/fr\\\/rubans-adh\u00e9sifs\\\/colle-liquide\\\/adhesifs\\\/3m-dp-760-colle-de-construction-bi-composant-a-base-de-resine-epoxy\\\/#primaryimage\"},\"image\":{\"@id\":\"https:\\\/\\\/cardinal-tapes.com\\\/fr\\\/rubans-adh\u00e9sifs\\\/colle-liquide\\\/adhesifs\\\/3m-dp-760-colle-de-construction-bi-composant-a-base-de-resine-epoxy\\\/#primaryimage\"},\"thumbnailUrl\":\"https:\\\/\\\/cardinal-tapes.com\\\/wp-content\\\/uploads\\\/3m_zk-konstruktionsklebestoff_dp760.jpg\",\"datePublished\":\"2017-12-22T08:36:39+00:00\",\"dateModified\":\"2025-07-03T10:40:27+00:00\",\"description\":\"Le 3M DP 760 est sp\u00e9cialement con\u00e7u pour les m\u00e9taux et les temp\u00e9ratures \u00e9lev\u00e9es, jusqu'\u00e0 230 degr\u00e9s. Apprenez-en plus sur le 3M dp 760 ici.\",\"breadcrumb\":{\"@id\":\"https:\\\/\\\/cardinal-tapes.com\\\/fr\\\/rubans-adh\u00e9sifs\\\/colle-liquide\\\/adhesifs\\\/3m-dp-760-colle-de-construction-bi-composant-a-base-de-resine-epoxy\\\/#breadcrumb\"},\"inLanguage\":\"fr-FR\",\"potentialAction\":[{\"@type\":\"ReadAction\",\"target\":[\"https:\\\/\\\/cardinal-tapes.com\\\/fr\\\/rubans-adh\u00e9sifs\\\/colle-liquide\\\/adhesifs\\\/3m-dp-760-colle-de-construction-bi-composant-a-base-de-resine-epoxy\\\/\"]}]},{\"@type\":\"ImageObject\",\"inLanguage\":\"fr-FR\",\"@id\":\"https:\\\/\\\/cardinal-tapes.com\\\/fr\\\/rubans-adh\u00e9sifs\\\/colle-liquide\\\/adhesifs\\\/3m-dp-760-colle-de-construction-bi-composant-a-base-de-resine-epoxy\\\/#primaryimage\",\"url\":\"https:\\\/\\\/cardinal-tapes.com\\\/wp-content\\\/uploads\\\/3m_zk-konstruktionsklebestoff_dp760.jpg\",\"contentUrl\":\"https:\\\/\\\/cardinal-tapes.com\\\/wp-content\\\/uploads\\\/3m_zk-konstruktionsklebestoff_dp760.jpg\",\"width\":600,\"height\":600,\"caption\":\"Colle de construction 3M DP760\"},{\"@type\":\"BreadcrumbList\",\"@id\":\"https:\\\/\\\/cardinal-tapes.com\\\/fr\\\/rubans-adh\u00e9sifs\\\/colle-liquide\\\/adhesifs\\\/3m-dp-760-colle-de-construction-bi-composant-a-base-de-resine-epoxy\\\/#breadcrumb\",\"itemListElement\":[{\"@type\":\"ListItem\",\"position\":1,\"name\":\"Startseite\",\"item\":\"https:\\\/\\\/cardinal-tapes.com\\\/fr\\\/accueil\\\/\"},{\"@type\":\"ListItem\",\"position\":2,\"name\":\"Rubans adh\u00e9sifs\",\"item\":\"https:\\\/\\\/cardinal-tapes.com\\\/fr\\\/rubans-adhesifs-fr\\\/\"},{\"@type\":\"ListItem\",\"position\":3,\"name\":\"Colle liquide\",\"item\":\"https:\\\/\\\/cardinal-tapes.com\\\/fr\\\/catgorie\\\/colle-liquide\\\/\"},{\"@type\":\"ListItem\",\"position\":4,\"name\":\"Adh\u00e9sifs\",\"item\":\"https:\\\/\\\/cardinal-tapes.com\\\/fr\\\/catgorie\\\/adhesifs\\\/\"},{\"@type\":\"ListItem\",\"position\":5,\"name\":\"3M\u2122 DP 760 Colle de construction \u00e0 deux composants \u00e0 base de r\u00e9sine \u00e9poxyde\"}]},{\"@type\":\"WebSite\",\"@id\":\"https:\\\/\\\/cardinal-tapes.com\\\/#website\",\"url\":\"https:\\\/\\\/cardinal-tapes.com\\\/\",\"name\":\"cardinal TAPES\",\"description\":\"Klebetechnik aus Wuppertal\",\"potentialAction\":[{\"@type\":\"SearchAction\",\"target\":{\"@type\":\"EntryPoint\",\"urlTemplate\":\"https:\\\/\\\/cardinal-tapes.com\\\/?s={search_term_string}\"},\"query-input\":{\"@type\":\"PropertyValueSpecification\",\"valueRequired\":true,\"valueName\":\"search_term_string\"}}],\"inLanguage\":\"fr-FR\"}]}<\/script>\n<!-- \/ Yoast SEO plugin. -->","yoast_head_json":{"title":"3M DP 760 Colle de construction \u00e0 deux composants \u00e0 base de r\u00e9sine \u00e9poxyde","description":"Le 3M DP 760 est sp\u00e9cialement con\u00e7u pour les m\u00e9taux et les temp\u00e9ratures \u00e9lev\u00e9es, jusqu'\u00e0 230 degr\u00e9s. Apprenez-en plus sur le 3M dp 760 ici.","robots":{"index":"index","follow":"follow","max-snippet":"max-snippet:-1","max-image-preview":"max-image-preview:large","max-video-preview":"max-video-preview:-1"},"canonical":"https:\/\/cardinal-tapes.com\/fr\/rubans-adh\u00e9sifs\/colle-liquide\/adhesifs\/3m-dp-760-colle-de-construction-bi-composant-a-base-de-resine-epoxy\/","og_locale":"fr_FR","og_type":"article","og_title":"3M DP 760 Colle de construction \u00e0 deux composants \u00e0 base de r\u00e9sine \u00e9poxyde","og_description":"Le 3M DP 760 est sp\u00e9cialement con\u00e7u pour les m\u00e9taux et les temp\u00e9ratures \u00e9lev\u00e9es, jusqu'\u00e0 230 degr\u00e9s. Apprenez-en plus sur le 3M dp 760 ici.","og_url":"https:\/\/cardinal-tapes.com\/fr\/rubans-adh\u00e9sifs\/colle-liquide\/adhesifs\/3m-dp-760-colle-de-construction-bi-composant-a-base-de-resine-epoxy\/","og_site_name":"cardinal TAPES","article_modified_time":"2025-07-03T10:40:27+00:00","og_image":[{"width":600,"height":600,"url":"https:\/\/cardinal-tapes.com\/wp-content\/uploads\/3m_zk-konstruktionsklebestoff_dp760.jpg","type":"image\/jpeg"}],"twitter_card":"summary_large_image","schema":{"@context":"https:\/\/schema.org","@graph":[{"@type":"WebPage","@id":"https:\/\/cardinal-tapes.com\/fr\/rubans-adh\u00e9sifs\/colle-liquide\/adhesifs\/3m-dp-760-colle-de-construction-bi-composant-a-base-de-resine-epoxy\/","url":"https:\/\/cardinal-tapes.com\/fr\/rubans-adh\u00e9sifs\/colle-liquide\/adhesifs\/3m-dp-760-colle-de-construction-bi-composant-a-base-de-resine-epoxy\/","name":"3M DP 760 Colle de construction \u00e0 deux composants \u00e0 base de r\u00e9sine \u00e9poxyde","isPartOf":{"@id":"https:\/\/cardinal-tapes.com\/#website"},"primaryImageOfPage":{"@id":"https:\/\/cardinal-tapes.com\/fr\/rubans-adh\u00e9sifs\/colle-liquide\/adhesifs\/3m-dp-760-colle-de-construction-bi-composant-a-base-de-resine-epoxy\/#primaryimage"},"image":{"@id":"https:\/\/cardinal-tapes.com\/fr\/rubans-adh\u00e9sifs\/colle-liquide\/adhesifs\/3m-dp-760-colle-de-construction-bi-composant-a-base-de-resine-epoxy\/#primaryimage"},"thumbnailUrl":"https:\/\/cardinal-tapes.com\/wp-content\/uploads\/3m_zk-konstruktionsklebestoff_dp760.jpg","datePublished":"2017-12-22T08:36:39+00:00","dateModified":"2025-07-03T10:40:27+00:00","description":"Le 3M DP 760 est sp\u00e9cialement con\u00e7u pour les m\u00e9taux et les temp\u00e9ratures \u00e9lev\u00e9es, jusqu'\u00e0 230 degr\u00e9s. Apprenez-en plus sur le 3M dp 760 ici.","breadcrumb":{"@id":"https:\/\/cardinal-tapes.com\/fr\/rubans-adh\u00e9sifs\/colle-liquide\/adhesifs\/3m-dp-760-colle-de-construction-bi-composant-a-base-de-resine-epoxy\/#breadcrumb"},"inLanguage":"fr-FR","potentialAction":[{"@type":"ReadAction","target":["https:\/\/cardinal-tapes.com\/fr\/rubans-adh\u00e9sifs\/colle-liquide\/adhesifs\/3m-dp-760-colle-de-construction-bi-composant-a-base-de-resine-epoxy\/"]}]},{"@type":"ImageObject","inLanguage":"fr-FR","@id":"https:\/\/cardinal-tapes.com\/fr\/rubans-adh\u00e9sifs\/colle-liquide\/adhesifs\/3m-dp-760-colle-de-construction-bi-composant-a-base-de-resine-epoxy\/#primaryimage","url":"https:\/\/cardinal-tapes.com\/wp-content\/uploads\/3m_zk-konstruktionsklebestoff_dp760.jpg","contentUrl":"https:\/\/cardinal-tapes.com\/wp-content\/uploads\/3m_zk-konstruktionsklebestoff_dp760.jpg","width":600,"height":600,"caption":"Colle de construction 3M DP760"},{"@type":"BreadcrumbList","@id":"https:\/\/cardinal-tapes.com\/fr\/rubans-adh\u00e9sifs\/colle-liquide\/adhesifs\/3m-dp-760-colle-de-construction-bi-composant-a-base-de-resine-epoxy\/#breadcrumb","itemListElement":[{"@type":"ListItem","position":1,"name":"Startseite","item":"https:\/\/cardinal-tapes.com\/fr\/accueil\/"},{"@type":"ListItem","position":2,"name":"Rubans adh\u00e9sifs","item":"https:\/\/cardinal-tapes.com\/fr\/rubans-adhesifs-fr\/"},{"@type":"ListItem","position":3,"name":"Colle liquide","item":"https:\/\/cardinal-tapes.com\/fr\/catgorie\/colle-liquide\/"},{"@type":"ListItem","position":4,"name":"Adh\u00e9sifs","item":"https:\/\/cardinal-tapes.com\/fr\/catgorie\/adhesifs\/"},{"@type":"ListItem","position":5,"name":"3M\u2122 DP 760 Colle de construction \u00e0 deux composants \u00e0 base de r\u00e9sine \u00e9poxyde"}]},{"@type":"WebSite","@id":"https:\/\/cardinal-tapes.com\/#website","url":"https:\/\/cardinal-tapes.com\/","name":"cardinal TAPES","description":"Klebetechnik aus Wuppertal","potentialAction":[{"@type":"SearchAction","target":{"@type":"EntryPoint","urlTemplate":"https:\/\/cardinal-tapes.com\/?s={search_term_string}"},"query-input":{"@type":"PropertyValueSpecification","valueRequired":true,"valueName":"search_term_string"}}],"inLanguage":"fr-FR"}]}},"brands":[{"id":2167,"name":"3M","slug":"3m-fr"}],"_links":{"self":[{"href":"https:\/\/cardinal-tapes.com\/fr\/wp-json\/wp\/v2\/product\/60429","targetHints":{"allow":["GET"]}}],"collection":[{"href":"https:\/\/cardinal-tapes.com\/fr\/wp-json\/wp\/v2\/product"}],"about":[{"href":"https:\/\/cardinal-tapes.com\/fr\/wp-json\/wp\/v2\/types\/product"}],"wp:featuredmedia":[{"embeddable":true,"href":"https:\/\/cardinal-tapes.com\/fr\/wp-json\/wp\/v2\/media\/25580"}],"wp:attachment":[{"href":"https:\/\/cardinal-tapes.com\/fr\/wp-json\/wp\/v2\/media?parent=60429"}],"wp:term":[{"taxonomy":"pwb-brand","embeddable":true,"href":"https:\/\/cardinal-tapes.com\/fr\/wp-json\/wp\/v2\/pwb-brand?post=60429"},{"taxonomy":"product_brand","embeddable":true,"href":"https:\/\/cardinal-tapes.com\/fr\/wp-json\/wp\/v2\/product_brand?post=60429"},{"taxonomy":"product_cat","embeddable":true,"href":"https:\/\/cardinal-tapes.com\/fr\/wp-json\/wp\/v2\/product_cat?post=60429"},{"taxonomy":"product_tag","embeddable":true,"href":"https:\/\/cardinal-tapes.com\/fr\/wp-json\/wp\/v2\/product_tag?post=60429"}],"curies":[{"name":"wp","href":"https:\/\/api.w.org\/{rel}","templated":true}]}}