{"id":60428,"date":"2017-12-22T10:15:37","date_gmt":"2017-12-22T09:15:37","guid":{"rendered":"https:\/\/cardinal.pixel-tal.de\/klebebaender\/non%20class\u00e9\/3m-dp-610-colle-de-construction-a-deux-composants-a-base-de-polyurethane\/"},"modified":"2025-07-03T12:48:03","modified_gmt":"2025-07-03T10:48:03","slug":"3m-dp-610-adhesif-de-construction-a-deux-composants-a-base-de-polyurethane","status":"publish","type":"product","link":"https:\/\/cardinal-tapes.com\/fr\/rubans-adh\u00e9sifs\/colle-liquide\/adhesifs\/3m-dp-610-adhesif-de-construction-a-deux-composants-a-base-de-polyurethane\/","title":{"rendered":"3M\u2122 DP 610 Colle de construction \u00e0 deux composants \u00e0 base de polyur\u00e9thane"},"content":{"rendered":"<p>3M\u2122 Scotch-Weld\u2122 DP 610 convient pour le collage constructif de mati\u00e8res plastiques, de m\u00e9taux, de verre, etc.<\/p>\n<p><strong>Caract\u00e9ristiques<\/strong><\/p>\n<ul>\n<li class=\"sps2-pdp_details--highlights_item mds-font_paragraph\">ne jaunit pas<\/li>\n<li class=\"sps2-pdp_details--highlights_item mds-font_paragraph\">flexible<\/li>\n<li>R\u00e9sistant aux UV<\/li>\n<li>Temps de traitement \u00e0 temp\u00e9rature ambiante 10 minutes<\/li>\n<\/ul>\n<p><strong>Applications<\/strong><\/p>\n<ul>\n<li>Pour les applications qui n\u00e9cessitent une transparence totale et une bonne optique<\/li>\n<li>DP 610 permet \u00e9galement d&#8217;assembler tr\u00e8s solidement le verre, les plastiques transparents et de nombreux autres mat\u00e9riaux diff\u00e9rents.<\/li>\n<\/ul>\n","protected":false},"excerpt":{"rendered":"<p>3M\u2122 Scotch-Weld\u2122 DP 610 convient pour le collage constructif de mati\u00e8res plastiques, de m\u00e9taux, de verre, etc. Caract\u00e9ristiques ne jaunit pas flexible R\u00e9sistant aux UV Temps de traitement \u00e0 temp\u00e9rature ambiante 10 minutes Applications Pour les applications qui n\u00e9cessitent une transparence totale et une bonne optique DP 610 permet \u00e9galement d&#8217;assembler tr\u00e8s solidement le verre, [&hellip;]<\/p>\n","protected":false},"featured_media":25572,"template":"","meta":{"_acf_changed":false},"pwb-brand":[2167],"product_brand":[],"product_cat":[1857],"product_tag":[],"class_list":{"0":"post-60428","1":"product","2":"type-product","3":"status-publish","4":"has-post-thumbnail","6":"pwb-brand-3m-fr","7":"product_cat-adhesifs","9":"first","10":"instock","11":"taxable","12":"shipping-taxable","13":"purchasable","14":"product-type-simple"},"acf":[],"yoast_head":"<!-- This site is optimized with the Yoast SEO plugin v27.3 - https:\/\/yoast.com\/product\/yoast-seo-wordpress\/ -->\n<title>3M DP 610 Colle de construction \u00e0 deux composants \u00e0 base de polyur\u00e9thane<\/title>\n<meta name=\"description\" content=\"La colle de construction \u00e0 deux composants 3M DP 610 est utilis\u00e9e pour le collage du verre, des mati\u00e8res plastiques, des m\u00e9taux peints &amp; d&#039;autres mat\u00e9riaux.\" \/>\n<meta name=\"robots\" content=\"index, follow, max-snippet:-1, max-image-preview:large, max-video-preview:-1\" \/>\n<link rel=\"canonical\" href=\"https:\/\/cardinal-tapes.com\/fr\/rubans-adh\u00e9sifs\/colle-liquide\/adhesifs\/3m-dp-610-adhesif-de-construction-a-deux-composants-a-base-de-polyurethane\/\" \/>\n<meta property=\"og:locale\" content=\"fr_FR\" \/>\n<meta property=\"og:type\" content=\"article\" \/>\n<meta property=\"og:title\" content=\"3M DP 610 Colle de construction \u00e0 deux composants \u00e0 base de polyur\u00e9thane\" \/>\n<meta property=\"og:description\" content=\"La colle de construction \u00e0 deux composants 3M DP 610 est utilis\u00e9e pour le collage du verre, des mati\u00e8res plastiques, des m\u00e9taux peints &amp; d&#039;autres mat\u00e9riaux.\" \/>\n<meta property=\"og:url\" content=\"https:\/\/cardinal-tapes.com\/fr\/rubans-adh\u00e9sifs\/colle-liquide\/adhesifs\/3m-dp-610-adhesif-de-construction-a-deux-composants-a-base-de-polyurethane\/\" \/>\n<meta property=\"og:site_name\" content=\"cardinal TAPES\" \/>\n<meta property=\"article:modified_time\" content=\"2025-07-03T10:48:03+00:00\" \/>\n<meta property=\"og:image\" content=\"https:\/\/cardinal-tapes.com\/wp-content\/uploads\/3m_zk-konstruktionsklebestoff_dp610.jpg\" \/>\n\t<meta property=\"og:image:width\" content=\"600\" \/>\n\t<meta property=\"og:image:height\" content=\"600\" \/>\n\t<meta property=\"og:image:type\" content=\"image\/jpeg\" \/>\n<meta name=\"twitter:card\" content=\"summary_large_image\" \/>\n<script type=\"application\/ld+json\" class=\"yoast-schema-graph\">{\"@context\":\"https:\\\/\\\/schema.org\",\"@graph\":[{\"@type\":\"WebPage\",\"@id\":\"https:\\\/\\\/cardinal-tapes.com\\\/fr\\\/rubans-adh\u00e9sifs\\\/colle-liquide\\\/adhesifs\\\/3m-dp-610-adhesif-de-construction-a-deux-composants-a-base-de-polyurethane\\\/\",\"url\":\"https:\\\/\\\/cardinal-tapes.com\\\/fr\\\/rubans-adh\u00e9sifs\\\/colle-liquide\\\/adhesifs\\\/3m-dp-610-adhesif-de-construction-a-deux-composants-a-base-de-polyurethane\\\/\",\"name\":\"3M DP 610 Colle de construction \u00e0 deux composants \u00e0 base de polyur\u00e9thane\",\"isPartOf\":{\"@id\":\"https:\\\/\\\/cardinal-tapes.com\\\/#website\"},\"primaryImageOfPage\":{\"@id\":\"https:\\\/\\\/cardinal-tapes.com\\\/fr\\\/rubans-adh\u00e9sifs\\\/colle-liquide\\\/adhesifs\\\/3m-dp-610-adhesif-de-construction-a-deux-composants-a-base-de-polyurethane\\\/#primaryimage\"},\"image\":{\"@id\":\"https:\\\/\\\/cardinal-tapes.com\\\/fr\\\/rubans-adh\u00e9sifs\\\/colle-liquide\\\/adhesifs\\\/3m-dp-610-adhesif-de-construction-a-deux-composants-a-base-de-polyurethane\\\/#primaryimage\"},\"thumbnailUrl\":\"https:\\\/\\\/cardinal-tapes.com\\\/wp-content\\\/uploads\\\/3m_zk-konstruktionsklebestoff_dp610.jpg\",\"datePublished\":\"2017-12-22T09:15:37+00:00\",\"dateModified\":\"2025-07-03T10:48:03+00:00\",\"description\":\"La colle de construction \u00e0 deux composants 3M DP 610 est utilis\u00e9e pour le collage du verre, des mati\u00e8res plastiques, des m\u00e9taux peints & d'autres mat\u00e9riaux.\",\"breadcrumb\":{\"@id\":\"https:\\\/\\\/cardinal-tapes.com\\\/fr\\\/rubans-adh\u00e9sifs\\\/colle-liquide\\\/adhesifs\\\/3m-dp-610-adhesif-de-construction-a-deux-composants-a-base-de-polyurethane\\\/#breadcrumb\"},\"inLanguage\":\"fr-FR\",\"potentialAction\":[{\"@type\":\"ReadAction\",\"target\":[\"https:\\\/\\\/cardinal-tapes.com\\\/fr\\\/rubans-adh\u00e9sifs\\\/colle-liquide\\\/adhesifs\\\/3m-dp-610-adhesif-de-construction-a-deux-composants-a-base-de-polyurethane\\\/\"]}]},{\"@type\":\"ImageObject\",\"inLanguage\":\"fr-FR\",\"@id\":\"https:\\\/\\\/cardinal-tapes.com\\\/fr\\\/rubans-adh\u00e9sifs\\\/colle-liquide\\\/adhesifs\\\/3m-dp-610-adhesif-de-construction-a-deux-composants-a-base-de-polyurethane\\\/#primaryimage\",\"url\":\"https:\\\/\\\/cardinal-tapes.com\\\/wp-content\\\/uploads\\\/3m_zk-konstruktionsklebestoff_dp610.jpg\",\"contentUrl\":\"https:\\\/\\\/cardinal-tapes.com\\\/wp-content\\\/uploads\\\/3m_zk-konstruktionsklebestoff_dp610.jpg\",\"width\":600,\"height\":600,\"caption\":\"Colle de construction 3M DP610\"},{\"@type\":\"BreadcrumbList\",\"@id\":\"https:\\\/\\\/cardinal-tapes.com\\\/fr\\\/rubans-adh\u00e9sifs\\\/colle-liquide\\\/adhesifs\\\/3m-dp-610-adhesif-de-construction-a-deux-composants-a-base-de-polyurethane\\\/#breadcrumb\",\"itemListElement\":[{\"@type\":\"ListItem\",\"position\":1,\"name\":\"Startseite\",\"item\":\"https:\\\/\\\/cardinal-tapes.com\\\/fr\\\/accueil\\\/\"},{\"@type\":\"ListItem\",\"position\":2,\"name\":\"Rubans adh\u00e9sifs\",\"item\":\"https:\\\/\\\/cardinal-tapes.com\\\/fr\\\/rubans-adhesifs-fr\\\/\"},{\"@type\":\"ListItem\",\"position\":3,\"name\":\"Colle liquide\",\"item\":\"https:\\\/\\\/cardinal-tapes.com\\\/fr\\\/catgorie\\\/colle-liquide\\\/\"},{\"@type\":\"ListItem\",\"position\":4,\"name\":\"Adh\u00e9sifs\",\"item\":\"https:\\\/\\\/cardinal-tapes.com\\\/fr\\\/catgorie\\\/adhesifs\\\/\"},{\"@type\":\"ListItem\",\"position\":5,\"name\":\"3M\u2122 DP 610 Colle de construction \u00e0 deux composants \u00e0 base de polyur\u00e9thane\"}]},{\"@type\":\"WebSite\",\"@id\":\"https:\\\/\\\/cardinal-tapes.com\\\/#website\",\"url\":\"https:\\\/\\\/cardinal-tapes.com\\\/\",\"name\":\"cardinal TAPES\",\"description\":\"Klebetechnik aus Wuppertal\",\"potentialAction\":[{\"@type\":\"SearchAction\",\"target\":{\"@type\":\"EntryPoint\",\"urlTemplate\":\"https:\\\/\\\/cardinal-tapes.com\\\/?s={search_term_string}\"},\"query-input\":{\"@type\":\"PropertyValueSpecification\",\"valueRequired\":true,\"valueName\":\"search_term_string\"}}],\"inLanguage\":\"fr-FR\"}]}<\/script>\n<!-- \/ Yoast SEO plugin. -->","yoast_head_json":{"title":"3M DP 610 Colle de construction \u00e0 deux composants \u00e0 base de polyur\u00e9thane","description":"La colle de construction \u00e0 deux composants 3M DP 610 est utilis\u00e9e pour le collage du verre, des mati\u00e8res plastiques, des m\u00e9taux peints & d'autres mat\u00e9riaux.","robots":{"index":"index","follow":"follow","max-snippet":"max-snippet:-1","max-image-preview":"max-image-preview:large","max-video-preview":"max-video-preview:-1"},"canonical":"https:\/\/cardinal-tapes.com\/fr\/rubans-adh\u00e9sifs\/colle-liquide\/adhesifs\/3m-dp-610-adhesif-de-construction-a-deux-composants-a-base-de-polyurethane\/","og_locale":"fr_FR","og_type":"article","og_title":"3M DP 610 Colle de construction \u00e0 deux composants \u00e0 base de polyur\u00e9thane","og_description":"La colle de construction \u00e0 deux composants 3M DP 610 est utilis\u00e9e pour le collage du verre, des mati\u00e8res plastiques, des m\u00e9taux peints & d'autres mat\u00e9riaux.","og_url":"https:\/\/cardinal-tapes.com\/fr\/rubans-adh\u00e9sifs\/colle-liquide\/adhesifs\/3m-dp-610-adhesif-de-construction-a-deux-composants-a-base-de-polyurethane\/","og_site_name":"cardinal TAPES","article_modified_time":"2025-07-03T10:48:03+00:00","og_image":[{"width":600,"height":600,"url":"https:\/\/cardinal-tapes.com\/wp-content\/uploads\/3m_zk-konstruktionsklebestoff_dp610.jpg","type":"image\/jpeg"}],"twitter_card":"summary_large_image","schema":{"@context":"https:\/\/schema.org","@graph":[{"@type":"WebPage","@id":"https:\/\/cardinal-tapes.com\/fr\/rubans-adh\u00e9sifs\/colle-liquide\/adhesifs\/3m-dp-610-adhesif-de-construction-a-deux-composants-a-base-de-polyurethane\/","url":"https:\/\/cardinal-tapes.com\/fr\/rubans-adh\u00e9sifs\/colle-liquide\/adhesifs\/3m-dp-610-adhesif-de-construction-a-deux-composants-a-base-de-polyurethane\/","name":"3M DP 610 Colle de construction \u00e0 deux composants \u00e0 base de polyur\u00e9thane","isPartOf":{"@id":"https:\/\/cardinal-tapes.com\/#website"},"primaryImageOfPage":{"@id":"https:\/\/cardinal-tapes.com\/fr\/rubans-adh\u00e9sifs\/colle-liquide\/adhesifs\/3m-dp-610-adhesif-de-construction-a-deux-composants-a-base-de-polyurethane\/#primaryimage"},"image":{"@id":"https:\/\/cardinal-tapes.com\/fr\/rubans-adh\u00e9sifs\/colle-liquide\/adhesifs\/3m-dp-610-adhesif-de-construction-a-deux-composants-a-base-de-polyurethane\/#primaryimage"},"thumbnailUrl":"https:\/\/cardinal-tapes.com\/wp-content\/uploads\/3m_zk-konstruktionsklebestoff_dp610.jpg","datePublished":"2017-12-22T09:15:37+00:00","dateModified":"2025-07-03T10:48:03+00:00","description":"La colle de construction \u00e0 deux composants 3M DP 610 est utilis\u00e9e pour le collage du verre, des mati\u00e8res plastiques, des m\u00e9taux peints & d'autres mat\u00e9riaux.","breadcrumb":{"@id":"https:\/\/cardinal-tapes.com\/fr\/rubans-adh\u00e9sifs\/colle-liquide\/adhesifs\/3m-dp-610-adhesif-de-construction-a-deux-composants-a-base-de-polyurethane\/#breadcrumb"},"inLanguage":"fr-FR","potentialAction":[{"@type":"ReadAction","target":["https:\/\/cardinal-tapes.com\/fr\/rubans-adh\u00e9sifs\/colle-liquide\/adhesifs\/3m-dp-610-adhesif-de-construction-a-deux-composants-a-base-de-polyurethane\/"]}]},{"@type":"ImageObject","inLanguage":"fr-FR","@id":"https:\/\/cardinal-tapes.com\/fr\/rubans-adh\u00e9sifs\/colle-liquide\/adhesifs\/3m-dp-610-adhesif-de-construction-a-deux-composants-a-base-de-polyurethane\/#primaryimage","url":"https:\/\/cardinal-tapes.com\/wp-content\/uploads\/3m_zk-konstruktionsklebestoff_dp610.jpg","contentUrl":"https:\/\/cardinal-tapes.com\/wp-content\/uploads\/3m_zk-konstruktionsklebestoff_dp610.jpg","width":600,"height":600,"caption":"Colle de construction 3M DP610"},{"@type":"BreadcrumbList","@id":"https:\/\/cardinal-tapes.com\/fr\/rubans-adh\u00e9sifs\/colle-liquide\/adhesifs\/3m-dp-610-adhesif-de-construction-a-deux-composants-a-base-de-polyurethane\/#breadcrumb","itemListElement":[{"@type":"ListItem","position":1,"name":"Startseite","item":"https:\/\/cardinal-tapes.com\/fr\/accueil\/"},{"@type":"ListItem","position":2,"name":"Rubans adh\u00e9sifs","item":"https:\/\/cardinal-tapes.com\/fr\/rubans-adhesifs-fr\/"},{"@type":"ListItem","position":3,"name":"Colle liquide","item":"https:\/\/cardinal-tapes.com\/fr\/catgorie\/colle-liquide\/"},{"@type":"ListItem","position":4,"name":"Adh\u00e9sifs","item":"https:\/\/cardinal-tapes.com\/fr\/catgorie\/adhesifs\/"},{"@type":"ListItem","position":5,"name":"3M\u2122 DP 610 Colle de construction \u00e0 deux composants \u00e0 base de polyur\u00e9thane"}]},{"@type":"WebSite","@id":"https:\/\/cardinal-tapes.com\/#website","url":"https:\/\/cardinal-tapes.com\/","name":"cardinal TAPES","description":"Klebetechnik aus Wuppertal","potentialAction":[{"@type":"SearchAction","target":{"@type":"EntryPoint","urlTemplate":"https:\/\/cardinal-tapes.com\/?s={search_term_string}"},"query-input":{"@type":"PropertyValueSpecification","valueRequired":true,"valueName":"search_term_string"}}],"inLanguage":"fr-FR"}]}},"brands":[{"id":2167,"name":"3M","slug":"3m-fr"}],"_links":{"self":[{"href":"https:\/\/cardinal-tapes.com\/fr\/wp-json\/wp\/v2\/product\/60428","targetHints":{"allow":["GET"]}}],"collection":[{"href":"https:\/\/cardinal-tapes.com\/fr\/wp-json\/wp\/v2\/product"}],"about":[{"href":"https:\/\/cardinal-tapes.com\/fr\/wp-json\/wp\/v2\/types\/product"}],"wp:featuredmedia":[{"embeddable":true,"href":"https:\/\/cardinal-tapes.com\/fr\/wp-json\/wp\/v2\/media\/25572"}],"wp:attachment":[{"href":"https:\/\/cardinal-tapes.com\/fr\/wp-json\/wp\/v2\/media?parent=60428"}],"wp:term":[{"taxonomy":"pwb-brand","embeddable":true,"href":"https:\/\/cardinal-tapes.com\/fr\/wp-json\/wp\/v2\/pwb-brand?post=60428"},{"taxonomy":"product_brand","embeddable":true,"href":"https:\/\/cardinal-tapes.com\/fr\/wp-json\/wp\/v2\/product_brand?post=60428"},{"taxonomy":"product_cat","embeddable":true,"href":"https:\/\/cardinal-tapes.com\/fr\/wp-json\/wp\/v2\/product_cat?post=60428"},{"taxonomy":"product_tag","embeddable":true,"href":"https:\/\/cardinal-tapes.com\/fr\/wp-json\/wp\/v2\/product_tag?post=60428"}],"curies":[{"name":"wp","href":"https:\/\/api.w.org\/{rel}","templated":true}]}}