{"id":60425,"date":"2017-12-22T09:37:50","date_gmt":"2017-12-22T08:37:50","guid":{"rendered":"https:\/\/cardinal.pixel-tal.de\/klebebaender\/non%20class\u00e9\/3m-dp-620-colle-de-construction-a-deux-composants-a-base-de-polyurethane\/"},"modified":"2025-07-03T12:40:27","modified_gmt":"2025-07-03T10:40:27","slug":"3m-dp-620-adhesif-de-construction-a-deux-composants-a-base-de-polyurethane","status":"publish","type":"product","link":"https:\/\/cardinal-tapes.com\/fr\/rubans-adh\u00e9sifs\/colle-liquide\/adhesifs\/3m-dp-620-adhesif-de-construction-a-deux-composants-a-base-de-polyurethane\/","title":{"rendered":"3M\u2122 DP 620 NS Colle de construction \u00e0 deux composants \u00e0 base de polyur\u00e9thane"},"content":{"rendered":"<p>3M\u2122 Scotch-Weld\u2122 DP 620 NS est un adh\u00e9sif de construction flexible \u00e0 2 composants \u00e0 base de polyur\u00e9thane DP 620 NS colle de nombreuses mati\u00e8res plastiques, le caoutchouc, les m\u00e9taux peints et appr\u00eat\u00e9s, les mat\u00e9riaux composites \u00e0 base de fibres, le bois, la c\u00e9ramique, le verre, etc.<\/p>\n<p><strong>Caract\u00e9ristiques<\/strong><\/p>\n<ul>\n<li class=\"sps2-pdp_details--highlights_item mds-font_paragraph\">r\u00e9siste \u00e0 de fortes charges dynamiques<\/li>\n<li class=\"sps2-pdp_details--highlights_item mds-font_paragraph\">robuste et dot\u00e9 d&#8217;un temps de traitement court<\/li>\n<li>Pas de coulure de la colle de construction<\/li>\n<\/ul>\n<p><strong>Utilisation<\/strong><\/p>\n<ul>\n<li>Collage de diff\u00e9rents mat\u00e9riaux dans la production industrielle<\/li>\n<li>Collage de m\u00e9taux<\/li>\n<\/ul>\n","protected":false},"excerpt":{"rendered":"<p>3M\u2122 Scotch-Weld\u2122 DP 620 NS est un adh\u00e9sif de construction flexible \u00e0 2 composants \u00e0 base de polyur\u00e9thane DP 620 NS colle de nombreuses mati\u00e8res plastiques, le caoutchouc, les m\u00e9taux peints et appr\u00eat\u00e9s, les mat\u00e9riaux composites \u00e0 base de fibres, le bois, la c\u00e9ramique, le verre, etc. Caract\u00e9ristiques r\u00e9siste \u00e0 de fortes charges dynamiques robuste [&hellip;]<\/p>\n","protected":false},"featured_media":25576,"template":"","meta":{"_acf_changed":false},"pwb-brand":[2167],"product_brand":[],"product_cat":[1857],"product_tag":[],"class_list":{"0":"post-60425","1":"product","2":"type-product","3":"status-publish","4":"has-post-thumbnail","6":"pwb-brand-3m-fr","7":"product_cat-adhesifs","9":"first","10":"instock","11":"taxable","12":"shipping-taxable","13":"purchasable","14":"product-type-simple"},"acf":[],"yoast_head":"<!-- This site is optimized with the Yoast SEO plugin v27.3 - https:\/\/yoast.com\/product\/yoast-seo-wordpress\/ -->\n<title>3M DP 620 Colle de construction \u00e0 deux composants \u00e0 base de polyur\u00e9thane<\/title>\n<meta name=\"description\" content=\"La colle de construction \u00e0 deux composants 3M DP 620 \u00e0 base de polyur\u00e9thane ne coule pas tout en \u00e9tant particuli\u00e8rement flexible. En savoir plus.\" \/>\n<meta name=\"robots\" content=\"index, follow, max-snippet:-1, max-image-preview:large, max-video-preview:-1\" \/>\n<link rel=\"canonical\" href=\"https:\/\/cardinal-tapes.com\/fr\/rubans-adh\u00e9sifs\/colle-liquide\/adhesifs\/3m-dp-620-adhesif-de-construction-a-deux-composants-a-base-de-polyurethane\/\" \/>\n<meta property=\"og:locale\" content=\"fr_FR\" \/>\n<meta property=\"og:type\" content=\"article\" \/>\n<meta property=\"og:title\" content=\"3M DP 620 Colle de construction \u00e0 deux composants \u00e0 base de polyur\u00e9thane\" \/>\n<meta property=\"og:description\" content=\"La colle de construction \u00e0 deux composants 3M DP 620 \u00e0 base de polyur\u00e9thane ne coule pas tout en \u00e9tant particuli\u00e8rement flexible. En savoir plus.\" \/>\n<meta property=\"og:url\" content=\"https:\/\/cardinal-tapes.com\/fr\/rubans-adh\u00e9sifs\/colle-liquide\/adhesifs\/3m-dp-620-adhesif-de-construction-a-deux-composants-a-base-de-polyurethane\/\" \/>\n<meta property=\"og:site_name\" content=\"cardinal TAPES\" \/>\n<meta property=\"article:modified_time\" content=\"2025-07-03T10:40:27+00:00\" \/>\n<meta property=\"og:image\" content=\"https:\/\/cardinal-tapes.com\/wp-content\/uploads\/3m_zk-konstruktionsklebestoff_dp620.jpg\" \/>\n\t<meta property=\"og:image:width\" content=\"600\" \/>\n\t<meta property=\"og:image:height\" content=\"600\" \/>\n\t<meta property=\"og:image:type\" content=\"image\/jpeg\" \/>\n<meta name=\"twitter:card\" content=\"summary_large_image\" \/>\n<script type=\"application\/ld+json\" class=\"yoast-schema-graph\">{\"@context\":\"https:\\\/\\\/schema.org\",\"@graph\":[{\"@type\":\"WebPage\",\"@id\":\"https:\\\/\\\/cardinal-tapes.com\\\/fr\\\/rubans-adh\u00e9sifs\\\/colle-liquide\\\/adhesifs\\\/3m-dp-620-adhesif-de-construction-a-deux-composants-a-base-de-polyurethane\\\/\",\"url\":\"https:\\\/\\\/cardinal-tapes.com\\\/fr\\\/rubans-adh\u00e9sifs\\\/colle-liquide\\\/adhesifs\\\/3m-dp-620-adhesif-de-construction-a-deux-composants-a-base-de-polyurethane\\\/\",\"name\":\"3M DP 620 Colle de construction \u00e0 deux composants \u00e0 base de polyur\u00e9thane\",\"isPartOf\":{\"@id\":\"https:\\\/\\\/cardinal-tapes.com\\\/#website\"},\"primaryImageOfPage\":{\"@id\":\"https:\\\/\\\/cardinal-tapes.com\\\/fr\\\/rubans-adh\u00e9sifs\\\/colle-liquide\\\/adhesifs\\\/3m-dp-620-adhesif-de-construction-a-deux-composants-a-base-de-polyurethane\\\/#primaryimage\"},\"image\":{\"@id\":\"https:\\\/\\\/cardinal-tapes.com\\\/fr\\\/rubans-adh\u00e9sifs\\\/colle-liquide\\\/adhesifs\\\/3m-dp-620-adhesif-de-construction-a-deux-composants-a-base-de-polyurethane\\\/#primaryimage\"},\"thumbnailUrl\":\"https:\\\/\\\/cardinal-tapes.com\\\/wp-content\\\/uploads\\\/3m_zk-konstruktionsklebestoff_dp620.jpg\",\"datePublished\":\"2017-12-22T08:37:50+00:00\",\"dateModified\":\"2025-07-03T10:40:27+00:00\",\"description\":\"La colle de construction \u00e0 deux composants 3M DP 620 \u00e0 base de polyur\u00e9thane ne coule pas tout en \u00e9tant particuli\u00e8rement flexible. En savoir plus.\",\"breadcrumb\":{\"@id\":\"https:\\\/\\\/cardinal-tapes.com\\\/fr\\\/rubans-adh\u00e9sifs\\\/colle-liquide\\\/adhesifs\\\/3m-dp-620-adhesif-de-construction-a-deux-composants-a-base-de-polyurethane\\\/#breadcrumb\"},\"inLanguage\":\"fr-FR\",\"potentialAction\":[{\"@type\":\"ReadAction\",\"target\":[\"https:\\\/\\\/cardinal-tapes.com\\\/fr\\\/rubans-adh\u00e9sifs\\\/colle-liquide\\\/adhesifs\\\/3m-dp-620-adhesif-de-construction-a-deux-composants-a-base-de-polyurethane\\\/\"]}]},{\"@type\":\"ImageObject\",\"inLanguage\":\"fr-FR\",\"@id\":\"https:\\\/\\\/cardinal-tapes.com\\\/fr\\\/rubans-adh\u00e9sifs\\\/colle-liquide\\\/adhesifs\\\/3m-dp-620-adhesif-de-construction-a-deux-composants-a-base-de-polyurethane\\\/#primaryimage\",\"url\":\"https:\\\/\\\/cardinal-tapes.com\\\/wp-content\\\/uploads\\\/3m_zk-konstruktionsklebestoff_dp620.jpg\",\"contentUrl\":\"https:\\\/\\\/cardinal-tapes.com\\\/wp-content\\\/uploads\\\/3m_zk-konstruktionsklebestoff_dp620.jpg\",\"width\":600,\"height\":600,\"caption\":\"Colle de construction 3M DP620\"},{\"@type\":\"BreadcrumbList\",\"@id\":\"https:\\\/\\\/cardinal-tapes.com\\\/fr\\\/rubans-adh\u00e9sifs\\\/colle-liquide\\\/adhesifs\\\/3m-dp-620-adhesif-de-construction-a-deux-composants-a-base-de-polyurethane\\\/#breadcrumb\",\"itemListElement\":[{\"@type\":\"ListItem\",\"position\":1,\"name\":\"Startseite\",\"item\":\"https:\\\/\\\/cardinal-tapes.com\\\/fr\\\/accueil\\\/\"},{\"@type\":\"ListItem\",\"position\":2,\"name\":\"Rubans adh\u00e9sifs\",\"item\":\"https:\\\/\\\/cardinal-tapes.com\\\/fr\\\/rubans-adhesifs-fr\\\/\"},{\"@type\":\"ListItem\",\"position\":3,\"name\":\"Colle liquide\",\"item\":\"https:\\\/\\\/cardinal-tapes.com\\\/fr\\\/catgorie\\\/colle-liquide\\\/\"},{\"@type\":\"ListItem\",\"position\":4,\"name\":\"Adh\u00e9sifs\",\"item\":\"https:\\\/\\\/cardinal-tapes.com\\\/fr\\\/catgorie\\\/adhesifs\\\/\"},{\"@type\":\"ListItem\",\"position\":5,\"name\":\"3M\u2122 DP 620 NS Colle de construction \u00e0 deux composants \u00e0 base de polyur\u00e9thane\"}]},{\"@type\":\"WebSite\",\"@id\":\"https:\\\/\\\/cardinal-tapes.com\\\/#website\",\"url\":\"https:\\\/\\\/cardinal-tapes.com\\\/\",\"name\":\"cardinal TAPES\",\"description\":\"Klebetechnik aus Wuppertal\",\"potentialAction\":[{\"@type\":\"SearchAction\",\"target\":{\"@type\":\"EntryPoint\",\"urlTemplate\":\"https:\\\/\\\/cardinal-tapes.com\\\/?s={search_term_string}\"},\"query-input\":{\"@type\":\"PropertyValueSpecification\",\"valueRequired\":true,\"valueName\":\"search_term_string\"}}],\"inLanguage\":\"fr-FR\"}]}<\/script>\n<!-- \/ Yoast SEO plugin. -->","yoast_head_json":{"title":"3M DP 620 Colle de construction \u00e0 deux composants \u00e0 base de polyur\u00e9thane","description":"La colle de construction \u00e0 deux composants 3M DP 620 \u00e0 base de polyur\u00e9thane ne coule pas tout en \u00e9tant particuli\u00e8rement flexible. En savoir plus.","robots":{"index":"index","follow":"follow","max-snippet":"max-snippet:-1","max-image-preview":"max-image-preview:large","max-video-preview":"max-video-preview:-1"},"canonical":"https:\/\/cardinal-tapes.com\/fr\/rubans-adh\u00e9sifs\/colle-liquide\/adhesifs\/3m-dp-620-adhesif-de-construction-a-deux-composants-a-base-de-polyurethane\/","og_locale":"fr_FR","og_type":"article","og_title":"3M DP 620 Colle de construction \u00e0 deux composants \u00e0 base de polyur\u00e9thane","og_description":"La colle de construction \u00e0 deux composants 3M DP 620 \u00e0 base de polyur\u00e9thane ne coule pas tout en \u00e9tant particuli\u00e8rement flexible. En savoir plus.","og_url":"https:\/\/cardinal-tapes.com\/fr\/rubans-adh\u00e9sifs\/colle-liquide\/adhesifs\/3m-dp-620-adhesif-de-construction-a-deux-composants-a-base-de-polyurethane\/","og_site_name":"cardinal TAPES","article_modified_time":"2025-07-03T10:40:27+00:00","og_image":[{"width":600,"height":600,"url":"https:\/\/cardinal-tapes.com\/wp-content\/uploads\/3m_zk-konstruktionsklebestoff_dp620.jpg","type":"image\/jpeg"}],"twitter_card":"summary_large_image","schema":{"@context":"https:\/\/schema.org","@graph":[{"@type":"WebPage","@id":"https:\/\/cardinal-tapes.com\/fr\/rubans-adh\u00e9sifs\/colle-liquide\/adhesifs\/3m-dp-620-adhesif-de-construction-a-deux-composants-a-base-de-polyurethane\/","url":"https:\/\/cardinal-tapes.com\/fr\/rubans-adh\u00e9sifs\/colle-liquide\/adhesifs\/3m-dp-620-adhesif-de-construction-a-deux-composants-a-base-de-polyurethane\/","name":"3M DP 620 Colle de construction \u00e0 deux composants \u00e0 base de polyur\u00e9thane","isPartOf":{"@id":"https:\/\/cardinal-tapes.com\/#website"},"primaryImageOfPage":{"@id":"https:\/\/cardinal-tapes.com\/fr\/rubans-adh\u00e9sifs\/colle-liquide\/adhesifs\/3m-dp-620-adhesif-de-construction-a-deux-composants-a-base-de-polyurethane\/#primaryimage"},"image":{"@id":"https:\/\/cardinal-tapes.com\/fr\/rubans-adh\u00e9sifs\/colle-liquide\/adhesifs\/3m-dp-620-adhesif-de-construction-a-deux-composants-a-base-de-polyurethane\/#primaryimage"},"thumbnailUrl":"https:\/\/cardinal-tapes.com\/wp-content\/uploads\/3m_zk-konstruktionsklebestoff_dp620.jpg","datePublished":"2017-12-22T08:37:50+00:00","dateModified":"2025-07-03T10:40:27+00:00","description":"La colle de construction \u00e0 deux composants 3M DP 620 \u00e0 base de polyur\u00e9thane ne coule pas tout en \u00e9tant particuli\u00e8rement flexible. En savoir plus.","breadcrumb":{"@id":"https:\/\/cardinal-tapes.com\/fr\/rubans-adh\u00e9sifs\/colle-liquide\/adhesifs\/3m-dp-620-adhesif-de-construction-a-deux-composants-a-base-de-polyurethane\/#breadcrumb"},"inLanguage":"fr-FR","potentialAction":[{"@type":"ReadAction","target":["https:\/\/cardinal-tapes.com\/fr\/rubans-adh\u00e9sifs\/colle-liquide\/adhesifs\/3m-dp-620-adhesif-de-construction-a-deux-composants-a-base-de-polyurethane\/"]}]},{"@type":"ImageObject","inLanguage":"fr-FR","@id":"https:\/\/cardinal-tapes.com\/fr\/rubans-adh\u00e9sifs\/colle-liquide\/adhesifs\/3m-dp-620-adhesif-de-construction-a-deux-composants-a-base-de-polyurethane\/#primaryimage","url":"https:\/\/cardinal-tapes.com\/wp-content\/uploads\/3m_zk-konstruktionsklebestoff_dp620.jpg","contentUrl":"https:\/\/cardinal-tapes.com\/wp-content\/uploads\/3m_zk-konstruktionsklebestoff_dp620.jpg","width":600,"height":600,"caption":"Colle de construction 3M DP620"},{"@type":"BreadcrumbList","@id":"https:\/\/cardinal-tapes.com\/fr\/rubans-adh\u00e9sifs\/colle-liquide\/adhesifs\/3m-dp-620-adhesif-de-construction-a-deux-composants-a-base-de-polyurethane\/#breadcrumb","itemListElement":[{"@type":"ListItem","position":1,"name":"Startseite","item":"https:\/\/cardinal-tapes.com\/fr\/accueil\/"},{"@type":"ListItem","position":2,"name":"Rubans adh\u00e9sifs","item":"https:\/\/cardinal-tapes.com\/fr\/rubans-adhesifs-fr\/"},{"@type":"ListItem","position":3,"name":"Colle liquide","item":"https:\/\/cardinal-tapes.com\/fr\/catgorie\/colle-liquide\/"},{"@type":"ListItem","position":4,"name":"Adh\u00e9sifs","item":"https:\/\/cardinal-tapes.com\/fr\/catgorie\/adhesifs\/"},{"@type":"ListItem","position":5,"name":"3M\u2122 DP 620 NS Colle de construction \u00e0 deux composants \u00e0 base de polyur\u00e9thane"}]},{"@type":"WebSite","@id":"https:\/\/cardinal-tapes.com\/#website","url":"https:\/\/cardinal-tapes.com\/","name":"cardinal TAPES","description":"Klebetechnik aus Wuppertal","potentialAction":[{"@type":"SearchAction","target":{"@type":"EntryPoint","urlTemplate":"https:\/\/cardinal-tapes.com\/?s={search_term_string}"},"query-input":{"@type":"PropertyValueSpecification","valueRequired":true,"valueName":"search_term_string"}}],"inLanguage":"fr-FR"}]}},"brands":[{"id":2167,"name":"3M","slug":"3m-fr"}],"_links":{"self":[{"href":"https:\/\/cardinal-tapes.com\/fr\/wp-json\/wp\/v2\/product\/60425","targetHints":{"allow":["GET"]}}],"collection":[{"href":"https:\/\/cardinal-tapes.com\/fr\/wp-json\/wp\/v2\/product"}],"about":[{"href":"https:\/\/cardinal-tapes.com\/fr\/wp-json\/wp\/v2\/types\/product"}],"wp:featuredmedia":[{"embeddable":true,"href":"https:\/\/cardinal-tapes.com\/fr\/wp-json\/wp\/v2\/media\/25576"}],"wp:attachment":[{"href":"https:\/\/cardinal-tapes.com\/fr\/wp-json\/wp\/v2\/media?parent=60425"}],"wp:term":[{"taxonomy":"pwb-brand","embeddable":true,"href":"https:\/\/cardinal-tapes.com\/fr\/wp-json\/wp\/v2\/pwb-brand?post=60425"},{"taxonomy":"product_brand","embeddable":true,"href":"https:\/\/cardinal-tapes.com\/fr\/wp-json\/wp\/v2\/product_brand?post=60425"},{"taxonomy":"product_cat","embeddable":true,"href":"https:\/\/cardinal-tapes.com\/fr\/wp-json\/wp\/v2\/product_cat?post=60425"},{"taxonomy":"product_tag","embeddable":true,"href":"https:\/\/cardinal-tapes.com\/fr\/wp-json\/wp\/v2\/product_tag?post=60425"}],"curies":[{"name":"wp","href":"https:\/\/api.w.org\/{rel}","templated":true}]}}