{"id":60424,"date":"2017-12-22T15:32:14","date_gmt":"2017-12-22T14:32:14","guid":{"rendered":"https:\/\/cardinal.pixel-tal.de\/klebebaender\/non%20class\u00e9\/3m-dp-609-colle-de-construction-a-deux-composants-a-base-de-polyurethane\/"},"modified":"2025-07-03T12:48:03","modified_gmt":"2025-07-03T10:48:03","slug":"3m-dp-609-adhesif-de-construction-a-deux-composants-a-base-de-polyurethane","status":"publish","type":"product","link":"https:\/\/cardinal-tapes.com\/fr\/rubans-adh\u00e9sifs\/colle-liquide\/adhesifs\/3m-dp-609-adhesif-de-construction-a-deux-composants-a-base-de-polyurethane\/","title":{"rendered":"3M\u2122 DP 609 Colle de construction \u00e0 deux composants \u00e0 base de polyur\u00e9thane"},"content":{"rendered":"<p>La colle de construction \u00e0 deux composants 3M\u2122 DP 609 \u00e0 base de polyur\u00e9thane durcit rapidement \u00e0 temp\u00e9rature ambiante et a \u00e9t\u00e9 con\u00e7ue pour le collage de mati\u00e8res plastiques, de m\u00e9taux peints et de nombreux autres mat\u00e9riaux.<\/p>\n<p><strong>Caract\u00e9ristiques<\/strong><\/p>\n<ul>\n<li class=\"sps2-pdp_details--highlights_item mds-font_paragraph\">flexible m\u00eame sous pression<\/li>\n<li class=\"sps2-pdp_details--highlights_item mds-font_paragraph\">Formule avec propri\u00e9t\u00e9s ignifuges<\/li>\n<li class=\"sps2-pdp_details--highlights_item mds-font_paragraph\">R\u00e9sistance \u00e0 la main apr\u00e8s 30 \u00e0 45 minutes<\/li>\n<\/ul>\n<p><strong>Applications<\/strong><\/p>\n<ul>\n<li class=\"sps2-pdp_details--highlights_item mds-font_paragraph\">Pour le collage du plastique, du bois et du m\u00e9tal peint ou appr\u00eat\u00e9<\/li>\n<\/ul>\n","protected":false},"excerpt":{"rendered":"<p>La colle de construction \u00e0 deux composants 3M\u2122 DP 609 \u00e0 base de polyur\u00e9thane durcit rapidement \u00e0 temp\u00e9rature ambiante et a \u00e9t\u00e9 con\u00e7ue pour le collage de mati\u00e8res plastiques, de m\u00e9taux peints et de nombreux autres mat\u00e9riaux. Caract\u00e9ristiques flexible m\u00eame sous pression Formule avec propri\u00e9t\u00e9s ignifuges R\u00e9sistance \u00e0 la main apr\u00e8s 30 \u00e0 45 minutes [&hellip;]<\/p>\n","protected":false},"featured_media":25568,"template":"","meta":{"_acf_changed":false},"pwb-brand":[2167],"product_brand":[],"product_cat":[1857],"product_tag":[],"class_list":{"0":"post-60424","1":"product","2":"type-product","3":"status-publish","4":"has-post-thumbnail","6":"pwb-brand-3m-fr","7":"product_cat-adhesifs","9":"first","10":"instock","11":"taxable","12":"shipping-taxable","13":"purchasable","14":"product-type-simple"},"acf":[],"yoast_head":"<!-- This site is optimized with the Yoast SEO plugin v27.3 - https:\/\/yoast.com\/product\/yoast-seo-wordpress\/ -->\n<title>3M DP 609 Colle de construction \u00e0 deux composants \u00e0 base de polyur\u00e9thane<\/title>\n<meta name=\"description\" content=\"La colle de construction \u00e0 deux composants 3M DP 609 durcit rapidement \u00e0 temp\u00e9rature ambiante &amp; a \u00e9t\u00e9 d\u00e9velopp\u00e9e pour le collage des mati\u00e8res plastiques.\" \/>\n<meta name=\"robots\" content=\"index, follow, max-snippet:-1, max-image-preview:large, max-video-preview:-1\" \/>\n<link rel=\"canonical\" href=\"https:\/\/cardinal-tapes.com\/fr\/rubans-adh\u00e9sifs\/colle-liquide\/adhesifs\/3m-dp-609-adhesif-de-construction-a-deux-composants-a-base-de-polyurethane\/\" \/>\n<meta property=\"og:locale\" content=\"fr_FR\" \/>\n<meta property=\"og:type\" content=\"article\" \/>\n<meta property=\"og:title\" content=\"3M DP 609 Colle de construction \u00e0 deux composants \u00e0 base de polyur\u00e9thane\" \/>\n<meta property=\"og:description\" content=\"La colle de construction \u00e0 deux composants 3M DP 609 durcit rapidement \u00e0 temp\u00e9rature ambiante &amp; a \u00e9t\u00e9 d\u00e9velopp\u00e9e pour le collage des mati\u00e8res plastiques.\" \/>\n<meta property=\"og:url\" content=\"https:\/\/cardinal-tapes.com\/fr\/rubans-adh\u00e9sifs\/colle-liquide\/adhesifs\/3m-dp-609-adhesif-de-construction-a-deux-composants-a-base-de-polyurethane\/\" \/>\n<meta property=\"og:site_name\" content=\"cardinal TAPES\" \/>\n<meta property=\"article:modified_time\" content=\"2025-07-03T10:48:03+00:00\" \/>\n<meta property=\"og:image\" content=\"https:\/\/cardinal-tapes.com\/wp-content\/uploads\/3m_zk-konstruktionsklebestoff_dp609.jpg\" \/>\n\t<meta property=\"og:image:width\" content=\"600\" \/>\n\t<meta property=\"og:image:height\" content=\"600\" \/>\n\t<meta property=\"og:image:type\" content=\"image\/jpeg\" \/>\n<meta name=\"twitter:card\" content=\"summary_large_image\" \/>\n<script type=\"application\/ld+json\" class=\"yoast-schema-graph\">{\"@context\":\"https:\\\/\\\/schema.org\",\"@graph\":[{\"@type\":\"WebPage\",\"@id\":\"https:\\\/\\\/cardinal-tapes.com\\\/fr\\\/rubans-adh\u00e9sifs\\\/colle-liquide\\\/adhesifs\\\/3m-dp-609-adhesif-de-construction-a-deux-composants-a-base-de-polyurethane\\\/\",\"url\":\"https:\\\/\\\/cardinal-tapes.com\\\/fr\\\/rubans-adh\u00e9sifs\\\/colle-liquide\\\/adhesifs\\\/3m-dp-609-adhesif-de-construction-a-deux-composants-a-base-de-polyurethane\\\/\",\"name\":\"3M DP 609 Colle de construction \u00e0 deux composants \u00e0 base de polyur\u00e9thane\",\"isPartOf\":{\"@id\":\"https:\\\/\\\/cardinal-tapes.com\\\/#website\"},\"primaryImageOfPage\":{\"@id\":\"https:\\\/\\\/cardinal-tapes.com\\\/fr\\\/rubans-adh\u00e9sifs\\\/colle-liquide\\\/adhesifs\\\/3m-dp-609-adhesif-de-construction-a-deux-composants-a-base-de-polyurethane\\\/#primaryimage\"},\"image\":{\"@id\":\"https:\\\/\\\/cardinal-tapes.com\\\/fr\\\/rubans-adh\u00e9sifs\\\/colle-liquide\\\/adhesifs\\\/3m-dp-609-adhesif-de-construction-a-deux-composants-a-base-de-polyurethane\\\/#primaryimage\"},\"thumbnailUrl\":\"https:\\\/\\\/cardinal-tapes.com\\\/wp-content\\\/uploads\\\/3m_zk-konstruktionsklebestoff_dp609.jpg\",\"datePublished\":\"2017-12-22T14:32:14+00:00\",\"dateModified\":\"2025-07-03T10:48:03+00:00\",\"description\":\"La colle de construction \u00e0 deux composants 3M DP 609 durcit rapidement \u00e0 temp\u00e9rature ambiante & a \u00e9t\u00e9 d\u00e9velopp\u00e9e pour le collage des mati\u00e8res plastiques.\",\"breadcrumb\":{\"@id\":\"https:\\\/\\\/cardinal-tapes.com\\\/fr\\\/rubans-adh\u00e9sifs\\\/colle-liquide\\\/adhesifs\\\/3m-dp-609-adhesif-de-construction-a-deux-composants-a-base-de-polyurethane\\\/#breadcrumb\"},\"inLanguage\":\"fr-FR\",\"potentialAction\":[{\"@type\":\"ReadAction\",\"target\":[\"https:\\\/\\\/cardinal-tapes.com\\\/fr\\\/rubans-adh\u00e9sifs\\\/colle-liquide\\\/adhesifs\\\/3m-dp-609-adhesif-de-construction-a-deux-composants-a-base-de-polyurethane\\\/\"]}]},{\"@type\":\"ImageObject\",\"inLanguage\":\"fr-FR\",\"@id\":\"https:\\\/\\\/cardinal-tapes.com\\\/fr\\\/rubans-adh\u00e9sifs\\\/colle-liquide\\\/adhesifs\\\/3m-dp-609-adhesif-de-construction-a-deux-composants-a-base-de-polyurethane\\\/#primaryimage\",\"url\":\"https:\\\/\\\/cardinal-tapes.com\\\/wp-content\\\/uploads\\\/3m_zk-konstruktionsklebestoff_dp609.jpg\",\"contentUrl\":\"https:\\\/\\\/cardinal-tapes.com\\\/wp-content\\\/uploads\\\/3m_zk-konstruktionsklebestoff_dp609.jpg\",\"width\":600,\"height\":600,\"caption\":\"Colle de construction 3M DP609\"},{\"@type\":\"BreadcrumbList\",\"@id\":\"https:\\\/\\\/cardinal-tapes.com\\\/fr\\\/rubans-adh\u00e9sifs\\\/colle-liquide\\\/adhesifs\\\/3m-dp-609-adhesif-de-construction-a-deux-composants-a-base-de-polyurethane\\\/#breadcrumb\",\"itemListElement\":[{\"@type\":\"ListItem\",\"position\":1,\"name\":\"Startseite\",\"item\":\"https:\\\/\\\/cardinal-tapes.com\\\/fr\\\/accueil\\\/\"},{\"@type\":\"ListItem\",\"position\":2,\"name\":\"Rubans adh\u00e9sifs\",\"item\":\"https:\\\/\\\/cardinal-tapes.com\\\/fr\\\/rubans-adhesifs-fr\\\/\"},{\"@type\":\"ListItem\",\"position\":3,\"name\":\"Colle liquide\",\"item\":\"https:\\\/\\\/cardinal-tapes.com\\\/fr\\\/catgorie\\\/colle-liquide\\\/\"},{\"@type\":\"ListItem\",\"position\":4,\"name\":\"Adh\u00e9sifs\",\"item\":\"https:\\\/\\\/cardinal-tapes.com\\\/fr\\\/catgorie\\\/adhesifs\\\/\"},{\"@type\":\"ListItem\",\"position\":5,\"name\":\"3M\u2122 DP 609 Colle de construction \u00e0 deux composants \u00e0 base de polyur\u00e9thane\"}]},{\"@type\":\"WebSite\",\"@id\":\"https:\\\/\\\/cardinal-tapes.com\\\/#website\",\"url\":\"https:\\\/\\\/cardinal-tapes.com\\\/\",\"name\":\"cardinal TAPES\",\"description\":\"Klebetechnik aus Wuppertal\",\"potentialAction\":[{\"@type\":\"SearchAction\",\"target\":{\"@type\":\"EntryPoint\",\"urlTemplate\":\"https:\\\/\\\/cardinal-tapes.com\\\/?s={search_term_string}\"},\"query-input\":{\"@type\":\"PropertyValueSpecification\",\"valueRequired\":true,\"valueName\":\"search_term_string\"}}],\"inLanguage\":\"fr-FR\"}]}<\/script>\n<!-- \/ Yoast SEO plugin. -->","yoast_head_json":{"title":"3M DP 609 Colle de construction \u00e0 deux composants \u00e0 base de polyur\u00e9thane","description":"La colle de construction \u00e0 deux composants 3M DP 609 durcit rapidement \u00e0 temp\u00e9rature ambiante & a \u00e9t\u00e9 d\u00e9velopp\u00e9e pour le collage des mati\u00e8res plastiques.","robots":{"index":"index","follow":"follow","max-snippet":"max-snippet:-1","max-image-preview":"max-image-preview:large","max-video-preview":"max-video-preview:-1"},"canonical":"https:\/\/cardinal-tapes.com\/fr\/rubans-adh\u00e9sifs\/colle-liquide\/adhesifs\/3m-dp-609-adhesif-de-construction-a-deux-composants-a-base-de-polyurethane\/","og_locale":"fr_FR","og_type":"article","og_title":"3M DP 609 Colle de construction \u00e0 deux composants \u00e0 base de polyur\u00e9thane","og_description":"La colle de construction \u00e0 deux composants 3M DP 609 durcit rapidement \u00e0 temp\u00e9rature ambiante & a \u00e9t\u00e9 d\u00e9velopp\u00e9e pour le collage des mati\u00e8res plastiques.","og_url":"https:\/\/cardinal-tapes.com\/fr\/rubans-adh\u00e9sifs\/colle-liquide\/adhesifs\/3m-dp-609-adhesif-de-construction-a-deux-composants-a-base-de-polyurethane\/","og_site_name":"cardinal TAPES","article_modified_time":"2025-07-03T10:48:03+00:00","og_image":[{"width":600,"height":600,"url":"https:\/\/cardinal-tapes.com\/wp-content\/uploads\/3m_zk-konstruktionsklebestoff_dp609.jpg","type":"image\/jpeg"}],"twitter_card":"summary_large_image","schema":{"@context":"https:\/\/schema.org","@graph":[{"@type":"WebPage","@id":"https:\/\/cardinal-tapes.com\/fr\/rubans-adh\u00e9sifs\/colle-liquide\/adhesifs\/3m-dp-609-adhesif-de-construction-a-deux-composants-a-base-de-polyurethane\/","url":"https:\/\/cardinal-tapes.com\/fr\/rubans-adh\u00e9sifs\/colle-liquide\/adhesifs\/3m-dp-609-adhesif-de-construction-a-deux-composants-a-base-de-polyurethane\/","name":"3M DP 609 Colle de construction \u00e0 deux composants \u00e0 base de polyur\u00e9thane","isPartOf":{"@id":"https:\/\/cardinal-tapes.com\/#website"},"primaryImageOfPage":{"@id":"https:\/\/cardinal-tapes.com\/fr\/rubans-adh\u00e9sifs\/colle-liquide\/adhesifs\/3m-dp-609-adhesif-de-construction-a-deux-composants-a-base-de-polyurethane\/#primaryimage"},"image":{"@id":"https:\/\/cardinal-tapes.com\/fr\/rubans-adh\u00e9sifs\/colle-liquide\/adhesifs\/3m-dp-609-adhesif-de-construction-a-deux-composants-a-base-de-polyurethane\/#primaryimage"},"thumbnailUrl":"https:\/\/cardinal-tapes.com\/wp-content\/uploads\/3m_zk-konstruktionsklebestoff_dp609.jpg","datePublished":"2017-12-22T14:32:14+00:00","dateModified":"2025-07-03T10:48:03+00:00","description":"La colle de construction \u00e0 deux composants 3M DP 609 durcit rapidement \u00e0 temp\u00e9rature ambiante & a \u00e9t\u00e9 d\u00e9velopp\u00e9e pour le collage des mati\u00e8res plastiques.","breadcrumb":{"@id":"https:\/\/cardinal-tapes.com\/fr\/rubans-adh\u00e9sifs\/colle-liquide\/adhesifs\/3m-dp-609-adhesif-de-construction-a-deux-composants-a-base-de-polyurethane\/#breadcrumb"},"inLanguage":"fr-FR","potentialAction":[{"@type":"ReadAction","target":["https:\/\/cardinal-tapes.com\/fr\/rubans-adh\u00e9sifs\/colle-liquide\/adhesifs\/3m-dp-609-adhesif-de-construction-a-deux-composants-a-base-de-polyurethane\/"]}]},{"@type":"ImageObject","inLanguage":"fr-FR","@id":"https:\/\/cardinal-tapes.com\/fr\/rubans-adh\u00e9sifs\/colle-liquide\/adhesifs\/3m-dp-609-adhesif-de-construction-a-deux-composants-a-base-de-polyurethane\/#primaryimage","url":"https:\/\/cardinal-tapes.com\/wp-content\/uploads\/3m_zk-konstruktionsklebestoff_dp609.jpg","contentUrl":"https:\/\/cardinal-tapes.com\/wp-content\/uploads\/3m_zk-konstruktionsklebestoff_dp609.jpg","width":600,"height":600,"caption":"Colle de construction 3M DP609"},{"@type":"BreadcrumbList","@id":"https:\/\/cardinal-tapes.com\/fr\/rubans-adh\u00e9sifs\/colle-liquide\/adhesifs\/3m-dp-609-adhesif-de-construction-a-deux-composants-a-base-de-polyurethane\/#breadcrumb","itemListElement":[{"@type":"ListItem","position":1,"name":"Startseite","item":"https:\/\/cardinal-tapes.com\/fr\/accueil\/"},{"@type":"ListItem","position":2,"name":"Rubans adh\u00e9sifs","item":"https:\/\/cardinal-tapes.com\/fr\/rubans-adhesifs-fr\/"},{"@type":"ListItem","position":3,"name":"Colle liquide","item":"https:\/\/cardinal-tapes.com\/fr\/catgorie\/colle-liquide\/"},{"@type":"ListItem","position":4,"name":"Adh\u00e9sifs","item":"https:\/\/cardinal-tapes.com\/fr\/catgorie\/adhesifs\/"},{"@type":"ListItem","position":5,"name":"3M\u2122 DP 609 Colle de construction \u00e0 deux composants \u00e0 base de polyur\u00e9thane"}]},{"@type":"WebSite","@id":"https:\/\/cardinal-tapes.com\/#website","url":"https:\/\/cardinal-tapes.com\/","name":"cardinal TAPES","description":"Klebetechnik aus Wuppertal","potentialAction":[{"@type":"SearchAction","target":{"@type":"EntryPoint","urlTemplate":"https:\/\/cardinal-tapes.com\/?s={search_term_string}"},"query-input":{"@type":"PropertyValueSpecification","valueRequired":true,"valueName":"search_term_string"}}],"inLanguage":"fr-FR"}]}},"brands":[{"id":2167,"name":"3M","slug":"3m-fr"}],"_links":{"self":[{"href":"https:\/\/cardinal-tapes.com\/fr\/wp-json\/wp\/v2\/product\/60424","targetHints":{"allow":["GET"]}}],"collection":[{"href":"https:\/\/cardinal-tapes.com\/fr\/wp-json\/wp\/v2\/product"}],"about":[{"href":"https:\/\/cardinal-tapes.com\/fr\/wp-json\/wp\/v2\/types\/product"}],"wp:featuredmedia":[{"embeddable":true,"href":"https:\/\/cardinal-tapes.com\/fr\/wp-json\/wp\/v2\/media\/25568"}],"wp:attachment":[{"href":"https:\/\/cardinal-tapes.com\/fr\/wp-json\/wp\/v2\/media?parent=60424"}],"wp:term":[{"taxonomy":"pwb-brand","embeddable":true,"href":"https:\/\/cardinal-tapes.com\/fr\/wp-json\/wp\/v2\/pwb-brand?post=60424"},{"taxonomy":"product_brand","embeddable":true,"href":"https:\/\/cardinal-tapes.com\/fr\/wp-json\/wp\/v2\/product_brand?post=60424"},{"taxonomy":"product_cat","embeddable":true,"href":"https:\/\/cardinal-tapes.com\/fr\/wp-json\/wp\/v2\/product_cat?post=60424"},{"taxonomy":"product_tag","embeddable":true,"href":"https:\/\/cardinal-tapes.com\/fr\/wp-json\/wp\/v2\/product_tag?post=60424"}],"curies":[{"name":"wp","href":"https:\/\/api.w.org\/{rel}","templated":true}]}}