{"id":60379,"date":"2017-12-22T15:51:41","date_gmt":"2023-06-06T08:04:36","guid":{"rendered":"https:\/\/cardinal.pixel-tal.de\/klebebaender\/non class\u00e9\/3m-ec-1500-adhesif-cyanoacrylate\/"},"modified":"2023-06-06T10:04:36","modified_gmt":"2023-06-06T08:04:36","slug":"colle-cyanoacrylate-3m-ec-1500","status":"publish","type":"product","link":"https:\/\/cardinal-tapes.com\/fr\/rubans-adh\u00e9sifs\/colle-liquide\/adhesifs\/colle-cyanoacrylate-3m-ec-1500\/","title":{"rendered":"3M\u2122 EC 1500 Adh\u00e9sif cyanoacrylate"},"content":{"rendered":"<p>La colle cyanoacrylate 3M\u2122 EC 1500 est une colle \u00e0 base de cyanoacrylates d&#8217;\u00e9thyle. Cette colle convient pour le collage \u00e0 haute r\u00e9sistance des plastiques, des m\u00e9taux, du verre et de nombreux autres mat\u00e9riaux. La colle est utilis\u00e9e sur des surfaces rugueuses et poreuses et sur des joints de collage avec un espace plus important. Le produit peut \u00eatre facilement appliqu\u00e9 \u00e0 la main, ce qui permet une utilisation flexible.<\/p>\n","protected":false},"excerpt":{"rendered":"<p>La colle cyanoacrylate 3M\u2122 EC 1500 est une colle \u00e0 base de cyanoacrylates d&#8217;\u00e9thyle. Cette colle convient pour le collage \u00e0 haute r\u00e9sistance des plastiques, des m\u00e9taux, du verre et de nombreux autres mat\u00e9riaux. La colle est utilis\u00e9e sur des surfaces rugueuses et poreuses et sur des joints de collage avec un espace plus important. [&hellip;]<\/p>\n","protected":false},"featured_media":25516,"template":"","meta":{"_acf_changed":false},"pwb-brand":[2167],"product_brand":[],"product_cat":[1857],"product_tag":[],"class_list":{"0":"post-60379","1":"product","2":"type-product","3":"status-publish","4":"has-post-thumbnail","6":"pwb-brand-3m-fr","7":"product_cat-adhesifs","9":"first","10":"instock","11":"taxable","12":"shipping-taxable","13":"purchasable","14":"product-type-simple"},"acf":[],"yoast_head":"<!-- This site is optimized with the Yoast SEO plugin v27.3 - https:\/\/yoast.com\/product\/yoast-seo-wordpress\/ -->\n<title>3M EC 1500 Adh\u00e9sif cyanoacrylate | Cardinal TAPES<\/title>\n<meta name=\"description\" content=\"La colle cyanoacrylate 3M EC 1500 est une colle \u00e0 base de cyanoacrylates d&#039;\u00e9thyle. Apprenez-en plus sur cette colle ici.\" \/>\n<meta name=\"robots\" content=\"index, follow, max-snippet:-1, max-image-preview:large, max-video-preview:-1\" \/>\n<link rel=\"canonical\" href=\"https:\/\/cardinal-tapes.com\/fr\/rubans-adh\u00e9sifs\/adhesifs\/colle-cyanoacrylate-3m-ec-1500\/\" \/>\n<meta property=\"og:locale\" content=\"fr_FR\" \/>\n<meta property=\"og:type\" content=\"article\" \/>\n<meta property=\"og:title\" content=\"3M EC 1500 Adh\u00e9sif cyanoacrylate | Cardinal TAPES\" \/>\n<meta property=\"og:description\" content=\"La colle cyanoacrylate 3M EC 1500 est une colle \u00e0 base de cyanoacrylates d&#039;\u00e9thyle. Apprenez-en plus sur cette colle ici.\" \/>\n<meta property=\"og:url\" content=\"https:\/\/cardinal-tapes.com\/fr\/rubans-adh\u00e9sifs\/adhesifs\/colle-cyanoacrylate-3m-ec-1500\/\" \/>\n<meta property=\"og:site_name\" content=\"cardinal TAPES\" \/>\n<meta property=\"og:image\" content=\"https:\/\/cardinal-tapes.com\/wp-content\/uploads\/3m_cyanacrylat-klebstoff_ec1500.jpg\" \/>\n\t<meta property=\"og:image:width\" content=\"600\" \/>\n\t<meta property=\"og:image:height\" content=\"600\" \/>\n\t<meta property=\"og:image:type\" content=\"image\/jpeg\" \/>\n<meta name=\"twitter:card\" content=\"summary_large_image\" \/>\n<script type=\"application\/ld+json\" class=\"yoast-schema-graph\">{\"@context\":\"https:\\\/\\\/schema.org\",\"@graph\":[{\"@type\":\"WebPage\",\"@id\":\"https:\\\/\\\/cardinal-tapes.com\\\/fr\\\/rubans-adh\u00e9sifs\\\/adhesifs\\\/colle-cyanoacrylate-3m-ec-1500\\\/\",\"url\":\"https:\\\/\\\/cardinal-tapes.com\\\/fr\\\/rubans-adh\u00e9sifs\\\/adhesifs\\\/colle-cyanoacrylate-3m-ec-1500\\\/\",\"name\":\"3M EC 1500 Adh\u00e9sif cyanoacrylate | Cardinal TAPES\",\"isPartOf\":{\"@id\":\"https:\\\/\\\/cardinal-tapes.com\\\/#website\"},\"primaryImageOfPage\":{\"@id\":\"https:\\\/\\\/cardinal-tapes.com\\\/fr\\\/rubans-adh\u00e9sifs\\\/adhesifs\\\/colle-cyanoacrylate-3m-ec-1500\\\/#primaryimage\"},\"image\":{\"@id\":\"https:\\\/\\\/cardinal-tapes.com\\\/fr\\\/rubans-adh\u00e9sifs\\\/adhesifs\\\/colle-cyanoacrylate-3m-ec-1500\\\/#primaryimage\"},\"thumbnailUrl\":\"https:\\\/\\\/cardinal-tapes.com\\\/wp-content\\\/uploads\\\/3m_cyanacrylat-klebstoff_ec1500.jpg\",\"datePublished\":\"2023-06-06T08:04:36+00:00\",\"description\":\"La colle cyanoacrylate 3M EC 1500 est une colle \u00e0 base de cyanoacrylates d'\u00e9thyle. Apprenez-en plus sur cette colle ici.\",\"breadcrumb\":{\"@id\":\"https:\\\/\\\/cardinal-tapes.com\\\/fr\\\/rubans-adh\u00e9sifs\\\/adhesifs\\\/colle-cyanoacrylate-3m-ec-1500\\\/#breadcrumb\"},\"inLanguage\":\"fr-FR\",\"potentialAction\":[{\"@type\":\"ReadAction\",\"target\":[\"https:\\\/\\\/cardinal-tapes.com\\\/fr\\\/rubans-adh\u00e9sifs\\\/adhesifs\\\/colle-cyanoacrylate-3m-ec-1500\\\/\"]}]},{\"@type\":\"ImageObject\",\"inLanguage\":\"fr-FR\",\"@id\":\"https:\\\/\\\/cardinal-tapes.com\\\/fr\\\/rubans-adh\u00e9sifs\\\/adhesifs\\\/colle-cyanoacrylate-3m-ec-1500\\\/#primaryimage\",\"url\":\"https:\\\/\\\/cardinal-tapes.com\\\/wp-content\\\/uploads\\\/3m_cyanacrylat-klebstoff_ec1500.jpg\",\"contentUrl\":\"https:\\\/\\\/cardinal-tapes.com\\\/wp-content\\\/uploads\\\/3m_cyanacrylat-klebstoff_ec1500.jpg\",\"width\":600,\"height\":600,\"caption\":\"Colle cyanoacrylate 3M EC1500\"},{\"@type\":\"BreadcrumbList\",\"@id\":\"https:\\\/\\\/cardinal-tapes.com\\\/fr\\\/rubans-adh\u00e9sifs\\\/adhesifs\\\/colle-cyanoacrylate-3m-ec-1500\\\/#breadcrumb\",\"itemListElement\":[{\"@type\":\"ListItem\",\"position\":1,\"name\":\"Startseite\",\"item\":\"https:\\\/\\\/cardinal-tapes.com\\\/fr\\\/accueil\\\/\"},{\"@type\":\"ListItem\",\"position\":2,\"name\":\"Rubans adh\u00e9sifs\",\"item\":\"https:\\\/\\\/cardinal-tapes.com\\\/fr\\\/rubans-adhesifs-fr\\\/\"},{\"@type\":\"ListItem\",\"position\":3,\"name\":\"Adh\u00e9sifs\",\"item\":\"https:\\\/\\\/cardinal-tapes.com\\\/fr\\\/catgorie\\\/adhesifs\\\/\"},{\"@type\":\"ListItem\",\"position\":4,\"name\":\"3M\u2122 EC 1500 Adh\u00e9sif cyanoacrylate\"}]},{\"@type\":\"WebSite\",\"@id\":\"https:\\\/\\\/cardinal-tapes.com\\\/#website\",\"url\":\"https:\\\/\\\/cardinal-tapes.com\\\/\",\"name\":\"cardinal TAPES\",\"description\":\"Klebetechnik aus Wuppertal\",\"potentialAction\":[{\"@type\":\"SearchAction\",\"target\":{\"@type\":\"EntryPoint\",\"urlTemplate\":\"https:\\\/\\\/cardinal-tapes.com\\\/?s={search_term_string}\"},\"query-input\":{\"@type\":\"PropertyValueSpecification\",\"valueRequired\":true,\"valueName\":\"search_term_string\"}}],\"inLanguage\":\"fr-FR\"}]}<\/script>\n<!-- \/ Yoast SEO plugin. -->","yoast_head_json":{"title":"3M EC 1500 Adh\u00e9sif cyanoacrylate | Cardinal TAPES","description":"La colle cyanoacrylate 3M EC 1500 est une colle \u00e0 base de cyanoacrylates d'\u00e9thyle. Apprenez-en plus sur cette colle ici.","robots":{"index":"index","follow":"follow","max-snippet":"max-snippet:-1","max-image-preview":"max-image-preview:large","max-video-preview":"max-video-preview:-1"},"canonical":"https:\/\/cardinal-tapes.com\/fr\/rubans-adh\u00e9sifs\/adhesifs\/colle-cyanoacrylate-3m-ec-1500\/","og_locale":"fr_FR","og_type":"article","og_title":"3M EC 1500 Adh\u00e9sif cyanoacrylate | Cardinal TAPES","og_description":"La colle cyanoacrylate 3M EC 1500 est une colle \u00e0 base de cyanoacrylates d'\u00e9thyle. Apprenez-en plus sur cette colle ici.","og_url":"https:\/\/cardinal-tapes.com\/fr\/rubans-adh\u00e9sifs\/adhesifs\/colle-cyanoacrylate-3m-ec-1500\/","og_site_name":"cardinal TAPES","og_image":[{"width":600,"height":600,"url":"https:\/\/cardinal-tapes.com\/wp-content\/uploads\/3m_cyanacrylat-klebstoff_ec1500.jpg","type":"image\/jpeg"}],"twitter_card":"summary_large_image","schema":{"@context":"https:\/\/schema.org","@graph":[{"@type":"WebPage","@id":"https:\/\/cardinal-tapes.com\/fr\/rubans-adh\u00e9sifs\/adhesifs\/colle-cyanoacrylate-3m-ec-1500\/","url":"https:\/\/cardinal-tapes.com\/fr\/rubans-adh\u00e9sifs\/adhesifs\/colle-cyanoacrylate-3m-ec-1500\/","name":"3M EC 1500 Adh\u00e9sif cyanoacrylate | Cardinal TAPES","isPartOf":{"@id":"https:\/\/cardinal-tapes.com\/#website"},"primaryImageOfPage":{"@id":"https:\/\/cardinal-tapes.com\/fr\/rubans-adh\u00e9sifs\/adhesifs\/colle-cyanoacrylate-3m-ec-1500\/#primaryimage"},"image":{"@id":"https:\/\/cardinal-tapes.com\/fr\/rubans-adh\u00e9sifs\/adhesifs\/colle-cyanoacrylate-3m-ec-1500\/#primaryimage"},"thumbnailUrl":"https:\/\/cardinal-tapes.com\/wp-content\/uploads\/3m_cyanacrylat-klebstoff_ec1500.jpg","datePublished":"2023-06-06T08:04:36+00:00","description":"La colle cyanoacrylate 3M EC 1500 est une colle \u00e0 base de cyanoacrylates d'\u00e9thyle. Apprenez-en plus sur cette colle ici.","breadcrumb":{"@id":"https:\/\/cardinal-tapes.com\/fr\/rubans-adh\u00e9sifs\/adhesifs\/colle-cyanoacrylate-3m-ec-1500\/#breadcrumb"},"inLanguage":"fr-FR","potentialAction":[{"@type":"ReadAction","target":["https:\/\/cardinal-tapes.com\/fr\/rubans-adh\u00e9sifs\/adhesifs\/colle-cyanoacrylate-3m-ec-1500\/"]}]},{"@type":"ImageObject","inLanguage":"fr-FR","@id":"https:\/\/cardinal-tapes.com\/fr\/rubans-adh\u00e9sifs\/adhesifs\/colle-cyanoacrylate-3m-ec-1500\/#primaryimage","url":"https:\/\/cardinal-tapes.com\/wp-content\/uploads\/3m_cyanacrylat-klebstoff_ec1500.jpg","contentUrl":"https:\/\/cardinal-tapes.com\/wp-content\/uploads\/3m_cyanacrylat-klebstoff_ec1500.jpg","width":600,"height":600,"caption":"Colle cyanoacrylate 3M EC1500"},{"@type":"BreadcrumbList","@id":"https:\/\/cardinal-tapes.com\/fr\/rubans-adh\u00e9sifs\/adhesifs\/colle-cyanoacrylate-3m-ec-1500\/#breadcrumb","itemListElement":[{"@type":"ListItem","position":1,"name":"Startseite","item":"https:\/\/cardinal-tapes.com\/fr\/accueil\/"},{"@type":"ListItem","position":2,"name":"Rubans adh\u00e9sifs","item":"https:\/\/cardinal-tapes.com\/fr\/rubans-adhesifs-fr\/"},{"@type":"ListItem","position":3,"name":"Adh\u00e9sifs","item":"https:\/\/cardinal-tapes.com\/fr\/catgorie\/adhesifs\/"},{"@type":"ListItem","position":4,"name":"3M\u2122 EC 1500 Adh\u00e9sif cyanoacrylate"}]},{"@type":"WebSite","@id":"https:\/\/cardinal-tapes.com\/#website","url":"https:\/\/cardinal-tapes.com\/","name":"cardinal TAPES","description":"Klebetechnik aus Wuppertal","potentialAction":[{"@type":"SearchAction","target":{"@type":"EntryPoint","urlTemplate":"https:\/\/cardinal-tapes.com\/?s={search_term_string}"},"query-input":{"@type":"PropertyValueSpecification","valueRequired":true,"valueName":"search_term_string"}}],"inLanguage":"fr-FR"}]}},"brands":[{"id":2167,"name":"3M","slug":"3m-fr"}],"_links":{"self":[{"href":"https:\/\/cardinal-tapes.com\/fr\/wp-json\/wp\/v2\/product\/60379","targetHints":{"allow":["GET"]}}],"collection":[{"href":"https:\/\/cardinal-tapes.com\/fr\/wp-json\/wp\/v2\/product"}],"about":[{"href":"https:\/\/cardinal-tapes.com\/fr\/wp-json\/wp\/v2\/types\/product"}],"wp:featuredmedia":[{"embeddable":true,"href":"https:\/\/cardinal-tapes.com\/fr\/wp-json\/wp\/v2\/media\/25516"}],"wp:attachment":[{"href":"https:\/\/cardinal-tapes.com\/fr\/wp-json\/wp\/v2\/media?parent=60379"}],"wp:term":[{"taxonomy":"pwb-brand","embeddable":true,"href":"https:\/\/cardinal-tapes.com\/fr\/wp-json\/wp\/v2\/pwb-brand?post=60379"},{"taxonomy":"product_brand","embeddable":true,"href":"https:\/\/cardinal-tapes.com\/fr\/wp-json\/wp\/v2\/product_brand?post=60379"},{"taxonomy":"product_cat","embeddable":true,"href":"https:\/\/cardinal-tapes.com\/fr\/wp-json\/wp\/v2\/product_cat?post=60379"},{"taxonomy":"product_tag","embeddable":true,"href":"https:\/\/cardinal-tapes.com\/fr\/wp-json\/wp\/v2\/product_tag?post=60379"}],"curies":[{"name":"wp","href":"https:\/\/api.w.org\/{rel}","templated":true}]}}