{"id":60378,"date":"2017-12-22T15:40:08","date_gmt":"2017-12-22T14:40:08","guid":{"rendered":"https:\/\/cardinal.pixel-tal.de\/klebebaender\/non%20class\u00e9\/3m-dp-110-colle-de-construction-a-deux-composants-a-base-de-resine-epoxyde\/"},"modified":"2025-07-03T13:35:13","modified_gmt":"2025-07-03T11:35:13","slug":"3m-dp-110-colle-de-construction-bi-composant-a-base-de-resine-epoxy","status":"publish","type":"product","link":"https:\/\/cardinal-tapes.com\/fr\/rubans-adh\u00e9sifs\/colle-liquide\/adhesifs\/3m-dp-110-colle-de-construction-bi-composant-a-base-de-resine-epoxy\/","title":{"rendered":"3M\u2122 DP 110 Colle de construction \u00e0 deux composants \u00e0 base de r\u00e9sine \u00e9poxyde"},"content":{"rendered":"<p>Scotch-Weld\u2122 DP 110 est un adh\u00e9sif de construction bi-composant \u00e0 prise rapide qui durcit \u00e0 temp\u00e9rature ambiante. Il a \u00e9t\u00e9 d\u00e9velopp\u00e9 pour<br \/>\nle collage de m\u00e9taux tels que l&#8217;acier, l&#8217;aluminium, le cuivre, le laiton et de nombreux plastiques tels que le PC, le PVC rigide, le PRV, l&#8217;ABS, ainsi que d&#8217;autres mat\u00e9riaux. <\/p>\n<p><strong>Caract\u00e9ristiques<\/strong><\/p>\n<ul>\n<li class=\"sps2-pdp_details--highlights_item mds-font_paragraph\">r\u00e9siste \u00e0 de fortes charges dynamiques<\/li>\n<li class=\"sps2-pdp_details--highlights_item mds-font_paragraph\">Haute r\u00e9sistance au cisaillement et au pelage<\/li>\n<li>Bonne flexibilit\u00e9 \u00e0 l&#8217;\u00e9tat durci<\/li>\n<\/ul>\n<p><strong>Applications<\/strong><\/p>\n<ul>\n<li>Collage de l&#8217;aluminium<\/li>\n<li>Connexion ponctuelle<\/li>\n<li>Collage du m\u00e9tal<\/li>\n<li>Collage de mat\u00e9riaux composites<\/li>\n<\/ul>\n","protected":false},"excerpt":{"rendered":"<p>Scotch-Weld\u2122 DP 110 est un adh\u00e9sif de construction bi-composant \u00e0 prise rapide qui durcit \u00e0 temp\u00e9rature ambiante. Il a \u00e9t\u00e9 d\u00e9velopp\u00e9 pour le collage de m\u00e9taux tels que l&#8217;acier, l&#8217;aluminium, le cuivre, le laiton et de nombreux plastiques tels que le PC, le PVC rigide, le PRV, l&#8217;ABS, ainsi que d&#8217;autres mat\u00e9riaux. Caract\u00e9ristiques r\u00e9siste \u00e0 [&hellip;]<\/p>\n","protected":false},"featured_media":25540,"template":"","meta":{"_acf_changed":false},"pwb-brand":[2167],"product_brand":[],"product_cat":[1857],"product_tag":[],"class_list":{"0":"post-60378","1":"product","2":"type-product","3":"status-publish","4":"has-post-thumbnail","6":"pwb-brand-3m-fr","7":"product_cat-adhesifs","9":"first","10":"instock","11":"taxable","12":"shipping-taxable","13":"purchasable","14":"product-type-simple"},"acf":[],"yoast_head":"<!-- This site is optimized with the Yoast SEO plugin v27.3 - https:\/\/yoast.com\/product\/yoast-seo-wordpress\/ -->\n<title>3M DP 110 Colle de construction \u00e0 deux composants \u00e0 base de r\u00e9sine \u00e9poxyde<\/title>\n<meta name=\"description\" content=\"La colle de construction 3M DP 110 composants \u00e0 base de r\u00e9sine \u00e9poxy se caract\u00e9rise par sa t\u00e9nacit\u00e9 et sa facilit\u00e9 de mise en \u0153uvre. En savoir plus sur le 3M DP 110\" \/>\n<meta name=\"robots\" content=\"index, follow, max-snippet:-1, max-image-preview:large, max-video-preview:-1\" \/>\n<link rel=\"canonical\" href=\"https:\/\/cardinal-tapes.com\/fr\/rubans-adh\u00e9sifs\/colle-liquide\/adhesifs\/3m-dp-110-colle-de-construction-bi-composant-a-base-de-resine-epoxy\/\" \/>\n<meta property=\"og:locale\" content=\"fr_FR\" \/>\n<meta property=\"og:type\" content=\"article\" \/>\n<meta property=\"og:title\" content=\"3M DP 110 Colle de construction \u00e0 deux composants \u00e0 base de r\u00e9sine \u00e9poxyde\" \/>\n<meta property=\"og:description\" content=\"La colle de construction 3M DP 110 composants \u00e0 base de r\u00e9sine \u00e9poxy se caract\u00e9rise par sa t\u00e9nacit\u00e9 et sa facilit\u00e9 de mise en \u0153uvre. En savoir plus sur le 3M DP 110\" \/>\n<meta property=\"og:url\" content=\"https:\/\/cardinal-tapes.com\/fr\/rubans-adh\u00e9sifs\/colle-liquide\/adhesifs\/3m-dp-110-colle-de-construction-bi-composant-a-base-de-resine-epoxy\/\" \/>\n<meta property=\"og:site_name\" content=\"cardinal TAPES\" \/>\n<meta property=\"article:modified_time\" content=\"2025-07-03T11:35:13+00:00\" \/>\n<meta property=\"og:image\" content=\"https:\/\/cardinal-tapes.com\/wp-content\/uploads\/3m_zk-konstruktionsklebestoff_dp110.jpg\" \/>\n\t<meta property=\"og:image:width\" content=\"600\" \/>\n\t<meta property=\"og:image:height\" content=\"600\" \/>\n\t<meta property=\"og:image:type\" content=\"image\/jpeg\" \/>\n<meta name=\"twitter:card\" content=\"summary_large_image\" \/>\n<script type=\"application\/ld+json\" class=\"yoast-schema-graph\">{\"@context\":\"https:\\\/\\\/schema.org\",\"@graph\":[{\"@type\":\"WebPage\",\"@id\":\"https:\\\/\\\/cardinal-tapes.com\\\/fr\\\/rubans-adh\u00e9sifs\\\/colle-liquide\\\/adhesifs\\\/3m-dp-110-colle-de-construction-bi-composant-a-base-de-resine-epoxy\\\/\",\"url\":\"https:\\\/\\\/cardinal-tapes.com\\\/fr\\\/rubans-adh\u00e9sifs\\\/colle-liquide\\\/adhesifs\\\/3m-dp-110-colle-de-construction-bi-composant-a-base-de-resine-epoxy\\\/\",\"name\":\"3M DP 110 Colle de construction \u00e0 deux composants \u00e0 base de r\u00e9sine \u00e9poxyde\",\"isPartOf\":{\"@id\":\"https:\\\/\\\/cardinal-tapes.com\\\/#website\"},\"primaryImageOfPage\":{\"@id\":\"https:\\\/\\\/cardinal-tapes.com\\\/fr\\\/rubans-adh\u00e9sifs\\\/colle-liquide\\\/adhesifs\\\/3m-dp-110-colle-de-construction-bi-composant-a-base-de-resine-epoxy\\\/#primaryimage\"},\"image\":{\"@id\":\"https:\\\/\\\/cardinal-tapes.com\\\/fr\\\/rubans-adh\u00e9sifs\\\/colle-liquide\\\/adhesifs\\\/3m-dp-110-colle-de-construction-bi-composant-a-base-de-resine-epoxy\\\/#primaryimage\"},\"thumbnailUrl\":\"https:\\\/\\\/cardinal-tapes.com\\\/wp-content\\\/uploads\\\/3m_zk-konstruktionsklebestoff_dp110.jpg\",\"datePublished\":\"2017-12-22T14:40:08+00:00\",\"dateModified\":\"2025-07-03T11:35:13+00:00\",\"description\":\"La colle de construction 3M DP 110 composants \u00e0 base de r\u00e9sine \u00e9poxy se caract\u00e9rise par sa t\u00e9nacit\u00e9 et sa facilit\u00e9 de mise en \u0153uvre. En savoir plus sur le 3M DP 110\",\"breadcrumb\":{\"@id\":\"https:\\\/\\\/cardinal-tapes.com\\\/fr\\\/rubans-adh\u00e9sifs\\\/colle-liquide\\\/adhesifs\\\/3m-dp-110-colle-de-construction-bi-composant-a-base-de-resine-epoxy\\\/#breadcrumb\"},\"inLanguage\":\"fr-FR\",\"potentialAction\":[{\"@type\":\"ReadAction\",\"target\":[\"https:\\\/\\\/cardinal-tapes.com\\\/fr\\\/rubans-adh\u00e9sifs\\\/colle-liquide\\\/adhesifs\\\/3m-dp-110-colle-de-construction-bi-composant-a-base-de-resine-epoxy\\\/\"]}]},{\"@type\":\"ImageObject\",\"inLanguage\":\"fr-FR\",\"@id\":\"https:\\\/\\\/cardinal-tapes.com\\\/fr\\\/rubans-adh\u00e9sifs\\\/colle-liquide\\\/adhesifs\\\/3m-dp-110-colle-de-construction-bi-composant-a-base-de-resine-epoxy\\\/#primaryimage\",\"url\":\"https:\\\/\\\/cardinal-tapes.com\\\/wp-content\\\/uploads\\\/3m_zk-konstruktionsklebestoff_dp110.jpg\",\"contentUrl\":\"https:\\\/\\\/cardinal-tapes.com\\\/wp-content\\\/uploads\\\/3m_zk-konstruktionsklebestoff_dp110.jpg\",\"width\":600,\"height\":600,\"caption\":\"Colle de construction 3M DP110\"},{\"@type\":\"BreadcrumbList\",\"@id\":\"https:\\\/\\\/cardinal-tapes.com\\\/fr\\\/rubans-adh\u00e9sifs\\\/colle-liquide\\\/adhesifs\\\/3m-dp-110-colle-de-construction-bi-composant-a-base-de-resine-epoxy\\\/#breadcrumb\",\"itemListElement\":[{\"@type\":\"ListItem\",\"position\":1,\"name\":\"Startseite\",\"item\":\"https:\\\/\\\/cardinal-tapes.com\\\/fr\\\/accueil\\\/\"},{\"@type\":\"ListItem\",\"position\":2,\"name\":\"Rubans adh\u00e9sifs\",\"item\":\"https:\\\/\\\/cardinal-tapes.com\\\/fr\\\/rubans-adhesifs-fr\\\/\"},{\"@type\":\"ListItem\",\"position\":3,\"name\":\"Colle liquide\",\"item\":\"https:\\\/\\\/cardinal-tapes.com\\\/fr\\\/catgorie\\\/colle-liquide\\\/\"},{\"@type\":\"ListItem\",\"position\":4,\"name\":\"Adh\u00e9sifs\",\"item\":\"https:\\\/\\\/cardinal-tapes.com\\\/fr\\\/catgorie\\\/adhesifs\\\/\"},{\"@type\":\"ListItem\",\"position\":5,\"name\":\"3M\u2122 DP 110 Colle de construction \u00e0 deux composants \u00e0 base de r\u00e9sine \u00e9poxyde\"}]},{\"@type\":\"WebSite\",\"@id\":\"https:\\\/\\\/cardinal-tapes.com\\\/#website\",\"url\":\"https:\\\/\\\/cardinal-tapes.com\\\/\",\"name\":\"cardinal TAPES\",\"description\":\"Klebetechnik aus Wuppertal\",\"potentialAction\":[{\"@type\":\"SearchAction\",\"target\":{\"@type\":\"EntryPoint\",\"urlTemplate\":\"https:\\\/\\\/cardinal-tapes.com\\\/?s={search_term_string}\"},\"query-input\":{\"@type\":\"PropertyValueSpecification\",\"valueRequired\":true,\"valueName\":\"search_term_string\"}}],\"inLanguage\":\"fr-FR\"}]}<\/script>\n<!-- \/ Yoast SEO plugin. -->","yoast_head_json":{"title":"3M DP 110 Colle de construction \u00e0 deux composants \u00e0 base de r\u00e9sine \u00e9poxyde","description":"La colle de construction 3M DP 110 composants \u00e0 base de r\u00e9sine \u00e9poxy se caract\u00e9rise par sa t\u00e9nacit\u00e9 et sa facilit\u00e9 de mise en \u0153uvre. En savoir plus sur le 3M DP 110","robots":{"index":"index","follow":"follow","max-snippet":"max-snippet:-1","max-image-preview":"max-image-preview:large","max-video-preview":"max-video-preview:-1"},"canonical":"https:\/\/cardinal-tapes.com\/fr\/rubans-adh\u00e9sifs\/colle-liquide\/adhesifs\/3m-dp-110-colle-de-construction-bi-composant-a-base-de-resine-epoxy\/","og_locale":"fr_FR","og_type":"article","og_title":"3M DP 110 Colle de construction \u00e0 deux composants \u00e0 base de r\u00e9sine \u00e9poxyde","og_description":"La colle de construction 3M DP 110 composants \u00e0 base de r\u00e9sine \u00e9poxy se caract\u00e9rise par sa t\u00e9nacit\u00e9 et sa facilit\u00e9 de mise en \u0153uvre. En savoir plus sur le 3M DP 110","og_url":"https:\/\/cardinal-tapes.com\/fr\/rubans-adh\u00e9sifs\/colle-liquide\/adhesifs\/3m-dp-110-colle-de-construction-bi-composant-a-base-de-resine-epoxy\/","og_site_name":"cardinal TAPES","article_modified_time":"2025-07-03T11:35:13+00:00","og_image":[{"width":600,"height":600,"url":"https:\/\/cardinal-tapes.com\/wp-content\/uploads\/3m_zk-konstruktionsklebestoff_dp110.jpg","type":"image\/jpeg"}],"twitter_card":"summary_large_image","schema":{"@context":"https:\/\/schema.org","@graph":[{"@type":"WebPage","@id":"https:\/\/cardinal-tapes.com\/fr\/rubans-adh\u00e9sifs\/colle-liquide\/adhesifs\/3m-dp-110-colle-de-construction-bi-composant-a-base-de-resine-epoxy\/","url":"https:\/\/cardinal-tapes.com\/fr\/rubans-adh\u00e9sifs\/colle-liquide\/adhesifs\/3m-dp-110-colle-de-construction-bi-composant-a-base-de-resine-epoxy\/","name":"3M DP 110 Colle de construction \u00e0 deux composants \u00e0 base de r\u00e9sine \u00e9poxyde","isPartOf":{"@id":"https:\/\/cardinal-tapes.com\/#website"},"primaryImageOfPage":{"@id":"https:\/\/cardinal-tapes.com\/fr\/rubans-adh\u00e9sifs\/colle-liquide\/adhesifs\/3m-dp-110-colle-de-construction-bi-composant-a-base-de-resine-epoxy\/#primaryimage"},"image":{"@id":"https:\/\/cardinal-tapes.com\/fr\/rubans-adh\u00e9sifs\/colle-liquide\/adhesifs\/3m-dp-110-colle-de-construction-bi-composant-a-base-de-resine-epoxy\/#primaryimage"},"thumbnailUrl":"https:\/\/cardinal-tapes.com\/wp-content\/uploads\/3m_zk-konstruktionsklebestoff_dp110.jpg","datePublished":"2017-12-22T14:40:08+00:00","dateModified":"2025-07-03T11:35:13+00:00","description":"La colle de construction 3M DP 110 composants \u00e0 base de r\u00e9sine \u00e9poxy se caract\u00e9rise par sa t\u00e9nacit\u00e9 et sa facilit\u00e9 de mise en \u0153uvre. En savoir plus sur le 3M DP 110","breadcrumb":{"@id":"https:\/\/cardinal-tapes.com\/fr\/rubans-adh\u00e9sifs\/colle-liquide\/adhesifs\/3m-dp-110-colle-de-construction-bi-composant-a-base-de-resine-epoxy\/#breadcrumb"},"inLanguage":"fr-FR","potentialAction":[{"@type":"ReadAction","target":["https:\/\/cardinal-tapes.com\/fr\/rubans-adh\u00e9sifs\/colle-liquide\/adhesifs\/3m-dp-110-colle-de-construction-bi-composant-a-base-de-resine-epoxy\/"]}]},{"@type":"ImageObject","inLanguage":"fr-FR","@id":"https:\/\/cardinal-tapes.com\/fr\/rubans-adh\u00e9sifs\/colle-liquide\/adhesifs\/3m-dp-110-colle-de-construction-bi-composant-a-base-de-resine-epoxy\/#primaryimage","url":"https:\/\/cardinal-tapes.com\/wp-content\/uploads\/3m_zk-konstruktionsklebestoff_dp110.jpg","contentUrl":"https:\/\/cardinal-tapes.com\/wp-content\/uploads\/3m_zk-konstruktionsklebestoff_dp110.jpg","width":600,"height":600,"caption":"Colle de construction 3M DP110"},{"@type":"BreadcrumbList","@id":"https:\/\/cardinal-tapes.com\/fr\/rubans-adh\u00e9sifs\/colle-liquide\/adhesifs\/3m-dp-110-colle-de-construction-bi-composant-a-base-de-resine-epoxy\/#breadcrumb","itemListElement":[{"@type":"ListItem","position":1,"name":"Startseite","item":"https:\/\/cardinal-tapes.com\/fr\/accueil\/"},{"@type":"ListItem","position":2,"name":"Rubans adh\u00e9sifs","item":"https:\/\/cardinal-tapes.com\/fr\/rubans-adhesifs-fr\/"},{"@type":"ListItem","position":3,"name":"Colle liquide","item":"https:\/\/cardinal-tapes.com\/fr\/catgorie\/colle-liquide\/"},{"@type":"ListItem","position":4,"name":"Adh\u00e9sifs","item":"https:\/\/cardinal-tapes.com\/fr\/catgorie\/adhesifs\/"},{"@type":"ListItem","position":5,"name":"3M\u2122 DP 110 Colle de construction \u00e0 deux composants \u00e0 base de r\u00e9sine \u00e9poxyde"}]},{"@type":"WebSite","@id":"https:\/\/cardinal-tapes.com\/#website","url":"https:\/\/cardinal-tapes.com\/","name":"cardinal TAPES","description":"Klebetechnik aus Wuppertal","potentialAction":[{"@type":"SearchAction","target":{"@type":"EntryPoint","urlTemplate":"https:\/\/cardinal-tapes.com\/?s={search_term_string}"},"query-input":{"@type":"PropertyValueSpecification","valueRequired":true,"valueName":"search_term_string"}}],"inLanguage":"fr-FR"}]}},"brands":[{"id":2167,"name":"3M","slug":"3m-fr"}],"_links":{"self":[{"href":"https:\/\/cardinal-tapes.com\/fr\/wp-json\/wp\/v2\/product\/60378","targetHints":{"allow":["GET"]}}],"collection":[{"href":"https:\/\/cardinal-tapes.com\/fr\/wp-json\/wp\/v2\/product"}],"about":[{"href":"https:\/\/cardinal-tapes.com\/fr\/wp-json\/wp\/v2\/types\/product"}],"wp:featuredmedia":[{"embeddable":true,"href":"https:\/\/cardinal-tapes.com\/fr\/wp-json\/wp\/v2\/media\/25540"}],"wp:attachment":[{"href":"https:\/\/cardinal-tapes.com\/fr\/wp-json\/wp\/v2\/media?parent=60378"}],"wp:term":[{"taxonomy":"pwb-brand","embeddable":true,"href":"https:\/\/cardinal-tapes.com\/fr\/wp-json\/wp\/v2\/pwb-brand?post=60378"},{"taxonomy":"product_brand","embeddable":true,"href":"https:\/\/cardinal-tapes.com\/fr\/wp-json\/wp\/v2\/product_brand?post=60378"},{"taxonomy":"product_cat","embeddable":true,"href":"https:\/\/cardinal-tapes.com\/fr\/wp-json\/wp\/v2\/product_cat?post=60378"},{"taxonomy":"product_tag","embeddable":true,"href":"https:\/\/cardinal-tapes.com\/fr\/wp-json\/wp\/v2\/product_tag?post=60378"}],"curies":[{"name":"wp","href":"https:\/\/api.w.org\/{rel}","templated":true}]}}