{"id":60374,"date":"2017-12-22T15:42:13","date_gmt":"2017-12-22T14:42:13","guid":{"rendered":"https:\/\/cardinal.pixel-tal.de\/klebebaender\/non%20class\u00e9\/3m-dp-100-colle-de-construction-bi-composante-a-base-depoxyde\/"},"modified":"2025-07-03T13:43:06","modified_gmt":"2025-07-03T11:43:06","slug":"3m-dp-100-adhesif-de-construction-a-2-composants-a-base-depoxyde","status":"publish","type":"product","link":"https:\/\/cardinal-tapes.com\/fr\/rubans-adh\u00e9sifs\/colle-liquide\/adhesifs\/3m-dp-100-adhesif-de-construction-a-2-composants-a-base-depoxyde\/","title":{"rendered":"3M\u2122 DP 100 Colle de construction bi-composante \u00e0 base d&#8217;\u00e9poxyde"},"content":{"rendered":"<p class=\"mds-font_paragraph MMM--gapBottom\">Scotch-Weld\u2122 DP 100 est un adh\u00e9sif de construction \u00e0 deux composants \u00e0 durcissement rapide qui durcit \u00e0 temp\u00e9rature ambiante. Il a \u00e9t\u00e9 d\u00e9velopp\u00e9 pour le collage de m\u00e9taux tels que l&#8217;acier, l&#8217;aluminium, le cuivre, le laiton et d&#8217;une multitude de mati\u00e8res plastiques comme le PC, le PVC rigide, le GFK, l&#8217;ABS, ainsi que d&#8217;autres mat\u00e9riaux comme le verre, la c\u00e9ramique. <\/p>\n<p class=\"mds-font_paragraph\"><strong>Caract\u00e9ristiques<\/strong><\/p>\n<ul>\n<li>certifi\u00e9 UL 94 HB<\/li>\n<li class=\"sps2-pdp_details--highlights_item mds-font_paragraph\">Tr\u00e8s bonne fluidit\u00e9<\/li>\n<li class=\"sps2-pdp_details--highlights_item mds-font_paragraph\">Haute r\u00e9sistance au cisaillement<\/li>\n<li class=\"sps2-pdp_details--highlights_item mds-font_paragraph\">r\u00e9siste aux charges statiques<\/li>\n<\/ul>\n<p><strong>Applications<\/strong><\/p>\n<ul>\n<li>Fixation de bandeaux et de moulures<\/li>\n<li>Fixation de pi\u00e8ces moul\u00e9es et de rev\u00eatements<\/li>\n<li>Assemblage ponctuel de m\u00e9tal<\/li>\n<li>rCollage structurel<\/li>\n<\/ul>\n","protected":false},"excerpt":{"rendered":"<p>Scotch-Weld\u2122 DP 100 est un adh\u00e9sif de construction \u00e0 deux composants \u00e0 durcissement rapide qui durcit \u00e0 temp\u00e9rature ambiante. Il a \u00e9t\u00e9 d\u00e9velopp\u00e9 pour le collage de m\u00e9taux tels que l&#8217;acier, l&#8217;aluminium, le cuivre, le laiton et d&#8217;une multitude de mati\u00e8res plastiques comme le PC, le PVC rigide, le GFK, l&#8217;ABS, ainsi que d&#8217;autres mat\u00e9riaux [&hellip;]<\/p>\n","protected":false},"featured_media":25532,"template":"","meta":{"_acf_changed":false},"pwb-brand":[2167],"product_brand":[],"product_cat":[1857],"product_tag":[],"class_list":{"0":"post-60374","1":"product","2":"type-product","3":"status-publish","4":"has-post-thumbnail","6":"pwb-brand-3m-fr","7":"product_cat-adhesifs","9":"first","10":"instock","11":"taxable","12":"shipping-taxable","13":"purchasable","14":"product-type-simple"},"acf":[],"yoast_head":"<!-- This site is optimized with the Yoast SEO plugin v27.3 - https:\/\/yoast.com\/product\/yoast-seo-wordpress\/ -->\n<title>3M DP 100 Colle de construction bi-composante \u00e0 base d&#039;\u00e9poxyde<\/title>\n<meta name=\"description\" content=\"La colle de construction bi-composant 3M DP 100 \u00e0 base d&#039;\u00e9poxy est une colle \u00e0 durcissement rapide \u00e0 temp\u00e9rature ambiante. En savoir plus sur le 3M DP 100.\" \/>\n<meta name=\"robots\" content=\"index, follow, max-snippet:-1, max-image-preview:large, max-video-preview:-1\" \/>\n<link rel=\"canonical\" href=\"https:\/\/cardinal-tapes.com\/fr\/rubans-adh\u00e9sifs\/colle-liquide\/adhesifs\/3m-dp-100-adhesif-de-construction-a-2-composants-a-base-depoxyde\/\" \/>\n<meta property=\"og:locale\" content=\"fr_FR\" \/>\n<meta property=\"og:type\" content=\"article\" \/>\n<meta property=\"og:title\" content=\"3M DP 100 Colle de construction bi-composante \u00e0 base d&#039;\u00e9poxyde\" \/>\n<meta property=\"og:description\" content=\"La colle de construction bi-composant 3M DP 100 \u00e0 base d&#039;\u00e9poxy est une colle \u00e0 durcissement rapide \u00e0 temp\u00e9rature ambiante. En savoir plus sur le 3M DP 100.\" \/>\n<meta property=\"og:url\" content=\"https:\/\/cardinal-tapes.com\/fr\/rubans-adh\u00e9sifs\/colle-liquide\/adhesifs\/3m-dp-100-adhesif-de-construction-a-2-composants-a-base-depoxyde\/\" \/>\n<meta property=\"og:site_name\" content=\"cardinal TAPES\" \/>\n<meta property=\"article:modified_time\" content=\"2025-07-03T11:43:06+00:00\" \/>\n<meta property=\"og:image\" content=\"https:\/\/cardinal-tapes.com\/wp-content\/uploads\/3m_zk-konstruktionsklebestoff_dp100.jpg\" \/>\n\t<meta property=\"og:image:width\" content=\"600\" \/>\n\t<meta property=\"og:image:height\" content=\"600\" \/>\n\t<meta property=\"og:image:type\" content=\"image\/jpeg\" \/>\n<meta name=\"twitter:card\" content=\"summary_large_image\" \/>\n<meta name=\"twitter:label1\" content=\"Dur\u00e9e de lecture estim\u00e9e\" \/>\n\t<meta name=\"twitter:data1\" content=\"1 minute\" \/>\n<script type=\"application\/ld+json\" class=\"yoast-schema-graph\">{\"@context\":\"https:\\\/\\\/schema.org\",\"@graph\":[{\"@type\":\"WebPage\",\"@id\":\"https:\\\/\\\/cardinal-tapes.com\\\/fr\\\/rubans-adh\u00e9sifs\\\/colle-liquide\\\/adhesifs\\\/3m-dp-100-adhesif-de-construction-a-2-composants-a-base-depoxyde\\\/\",\"url\":\"https:\\\/\\\/cardinal-tapes.com\\\/fr\\\/rubans-adh\u00e9sifs\\\/colle-liquide\\\/adhesifs\\\/3m-dp-100-adhesif-de-construction-a-2-composants-a-base-depoxyde\\\/\",\"name\":\"3M DP 100 Colle de construction bi-composante \u00e0 base d'\u00e9poxyde\",\"isPartOf\":{\"@id\":\"https:\\\/\\\/cardinal-tapes.com\\\/#website\"},\"primaryImageOfPage\":{\"@id\":\"https:\\\/\\\/cardinal-tapes.com\\\/fr\\\/rubans-adh\u00e9sifs\\\/colle-liquide\\\/adhesifs\\\/3m-dp-100-adhesif-de-construction-a-2-composants-a-base-depoxyde\\\/#primaryimage\"},\"image\":{\"@id\":\"https:\\\/\\\/cardinal-tapes.com\\\/fr\\\/rubans-adh\u00e9sifs\\\/colle-liquide\\\/adhesifs\\\/3m-dp-100-adhesif-de-construction-a-2-composants-a-base-depoxyde\\\/#primaryimage\"},\"thumbnailUrl\":\"https:\\\/\\\/cardinal-tapes.com\\\/wp-content\\\/uploads\\\/3m_zk-konstruktionsklebestoff_dp100.jpg\",\"datePublished\":\"2017-12-22T14:42:13+00:00\",\"dateModified\":\"2025-07-03T11:43:06+00:00\",\"description\":\"La colle de construction bi-composant 3M DP 100 \u00e0 base d'\u00e9poxy est une colle \u00e0 durcissement rapide \u00e0 temp\u00e9rature ambiante. En savoir plus sur le 3M DP 100.\",\"breadcrumb\":{\"@id\":\"https:\\\/\\\/cardinal-tapes.com\\\/fr\\\/rubans-adh\u00e9sifs\\\/colle-liquide\\\/adhesifs\\\/3m-dp-100-adhesif-de-construction-a-2-composants-a-base-depoxyde\\\/#breadcrumb\"},\"inLanguage\":\"fr-FR\",\"potentialAction\":[{\"@type\":\"ReadAction\",\"target\":[\"https:\\\/\\\/cardinal-tapes.com\\\/fr\\\/rubans-adh\u00e9sifs\\\/colle-liquide\\\/adhesifs\\\/3m-dp-100-adhesif-de-construction-a-2-composants-a-base-depoxyde\\\/\"]}]},{\"@type\":\"ImageObject\",\"inLanguage\":\"fr-FR\",\"@id\":\"https:\\\/\\\/cardinal-tapes.com\\\/fr\\\/rubans-adh\u00e9sifs\\\/colle-liquide\\\/adhesifs\\\/3m-dp-100-adhesif-de-construction-a-2-composants-a-base-depoxyde\\\/#primaryimage\",\"url\":\"https:\\\/\\\/cardinal-tapes.com\\\/wp-content\\\/uploads\\\/3m_zk-konstruktionsklebestoff_dp100.jpg\",\"contentUrl\":\"https:\\\/\\\/cardinal-tapes.com\\\/wp-content\\\/uploads\\\/3m_zk-konstruktionsklebestoff_dp100.jpg\",\"width\":600,\"height\":600,\"caption\":\"Colle de construction 3M DP100\"},{\"@type\":\"BreadcrumbList\",\"@id\":\"https:\\\/\\\/cardinal-tapes.com\\\/fr\\\/rubans-adh\u00e9sifs\\\/colle-liquide\\\/adhesifs\\\/3m-dp-100-adhesif-de-construction-a-2-composants-a-base-depoxyde\\\/#breadcrumb\",\"itemListElement\":[{\"@type\":\"ListItem\",\"position\":1,\"name\":\"Startseite\",\"item\":\"https:\\\/\\\/cardinal-tapes.com\\\/fr\\\/accueil\\\/\"},{\"@type\":\"ListItem\",\"position\":2,\"name\":\"Rubans adh\u00e9sifs\",\"item\":\"https:\\\/\\\/cardinal-tapes.com\\\/fr\\\/rubans-adhesifs-fr\\\/\"},{\"@type\":\"ListItem\",\"position\":3,\"name\":\"Colle liquide\",\"item\":\"https:\\\/\\\/cardinal-tapes.com\\\/fr\\\/catgorie\\\/colle-liquide\\\/\"},{\"@type\":\"ListItem\",\"position\":4,\"name\":\"Adh\u00e9sifs\",\"item\":\"https:\\\/\\\/cardinal-tapes.com\\\/fr\\\/catgorie\\\/adhesifs\\\/\"},{\"@type\":\"ListItem\",\"position\":5,\"name\":\"3M\u2122 DP 100 Colle de construction bi-composante \u00e0 base d&#8217;\u00e9poxyde\"}]},{\"@type\":\"WebSite\",\"@id\":\"https:\\\/\\\/cardinal-tapes.com\\\/#website\",\"url\":\"https:\\\/\\\/cardinal-tapes.com\\\/\",\"name\":\"cardinal TAPES\",\"description\":\"Klebetechnik aus Wuppertal\",\"potentialAction\":[{\"@type\":\"SearchAction\",\"target\":{\"@type\":\"EntryPoint\",\"urlTemplate\":\"https:\\\/\\\/cardinal-tapes.com\\\/?s={search_term_string}\"},\"query-input\":{\"@type\":\"PropertyValueSpecification\",\"valueRequired\":true,\"valueName\":\"search_term_string\"}}],\"inLanguage\":\"fr-FR\"}]}<\/script>\n<!-- \/ Yoast SEO plugin. -->","yoast_head_json":{"title":"3M DP 100 Colle de construction bi-composante \u00e0 base d'\u00e9poxyde","description":"La colle de construction bi-composant 3M DP 100 \u00e0 base d'\u00e9poxy est une colle \u00e0 durcissement rapide \u00e0 temp\u00e9rature ambiante. En savoir plus sur le 3M DP 100.","robots":{"index":"index","follow":"follow","max-snippet":"max-snippet:-1","max-image-preview":"max-image-preview:large","max-video-preview":"max-video-preview:-1"},"canonical":"https:\/\/cardinal-tapes.com\/fr\/rubans-adh\u00e9sifs\/colle-liquide\/adhesifs\/3m-dp-100-adhesif-de-construction-a-2-composants-a-base-depoxyde\/","og_locale":"fr_FR","og_type":"article","og_title":"3M DP 100 Colle de construction bi-composante \u00e0 base d'\u00e9poxyde","og_description":"La colle de construction bi-composant 3M DP 100 \u00e0 base d'\u00e9poxy est une colle \u00e0 durcissement rapide \u00e0 temp\u00e9rature ambiante. En savoir plus sur le 3M DP 100.","og_url":"https:\/\/cardinal-tapes.com\/fr\/rubans-adh\u00e9sifs\/colle-liquide\/adhesifs\/3m-dp-100-adhesif-de-construction-a-2-composants-a-base-depoxyde\/","og_site_name":"cardinal TAPES","article_modified_time":"2025-07-03T11:43:06+00:00","og_image":[{"width":600,"height":600,"url":"https:\/\/cardinal-tapes.com\/wp-content\/uploads\/3m_zk-konstruktionsklebestoff_dp100.jpg","type":"image\/jpeg"}],"twitter_card":"summary_large_image","twitter_misc":{"Dur\u00e9e de lecture estim\u00e9e":"1 minute"},"schema":{"@context":"https:\/\/schema.org","@graph":[{"@type":"WebPage","@id":"https:\/\/cardinal-tapes.com\/fr\/rubans-adh\u00e9sifs\/colle-liquide\/adhesifs\/3m-dp-100-adhesif-de-construction-a-2-composants-a-base-depoxyde\/","url":"https:\/\/cardinal-tapes.com\/fr\/rubans-adh\u00e9sifs\/colle-liquide\/adhesifs\/3m-dp-100-adhesif-de-construction-a-2-composants-a-base-depoxyde\/","name":"3M DP 100 Colle de construction bi-composante \u00e0 base d'\u00e9poxyde","isPartOf":{"@id":"https:\/\/cardinal-tapes.com\/#website"},"primaryImageOfPage":{"@id":"https:\/\/cardinal-tapes.com\/fr\/rubans-adh\u00e9sifs\/colle-liquide\/adhesifs\/3m-dp-100-adhesif-de-construction-a-2-composants-a-base-depoxyde\/#primaryimage"},"image":{"@id":"https:\/\/cardinal-tapes.com\/fr\/rubans-adh\u00e9sifs\/colle-liquide\/adhesifs\/3m-dp-100-adhesif-de-construction-a-2-composants-a-base-depoxyde\/#primaryimage"},"thumbnailUrl":"https:\/\/cardinal-tapes.com\/wp-content\/uploads\/3m_zk-konstruktionsklebestoff_dp100.jpg","datePublished":"2017-12-22T14:42:13+00:00","dateModified":"2025-07-03T11:43:06+00:00","description":"La colle de construction bi-composant 3M DP 100 \u00e0 base d'\u00e9poxy est une colle \u00e0 durcissement rapide \u00e0 temp\u00e9rature ambiante. En savoir plus sur le 3M DP 100.","breadcrumb":{"@id":"https:\/\/cardinal-tapes.com\/fr\/rubans-adh\u00e9sifs\/colle-liquide\/adhesifs\/3m-dp-100-adhesif-de-construction-a-2-composants-a-base-depoxyde\/#breadcrumb"},"inLanguage":"fr-FR","potentialAction":[{"@type":"ReadAction","target":["https:\/\/cardinal-tapes.com\/fr\/rubans-adh\u00e9sifs\/colle-liquide\/adhesifs\/3m-dp-100-adhesif-de-construction-a-2-composants-a-base-depoxyde\/"]}]},{"@type":"ImageObject","inLanguage":"fr-FR","@id":"https:\/\/cardinal-tapes.com\/fr\/rubans-adh\u00e9sifs\/colle-liquide\/adhesifs\/3m-dp-100-adhesif-de-construction-a-2-composants-a-base-depoxyde\/#primaryimage","url":"https:\/\/cardinal-tapes.com\/wp-content\/uploads\/3m_zk-konstruktionsklebestoff_dp100.jpg","contentUrl":"https:\/\/cardinal-tapes.com\/wp-content\/uploads\/3m_zk-konstruktionsklebestoff_dp100.jpg","width":600,"height":600,"caption":"Colle de construction 3M DP100"},{"@type":"BreadcrumbList","@id":"https:\/\/cardinal-tapes.com\/fr\/rubans-adh\u00e9sifs\/colle-liquide\/adhesifs\/3m-dp-100-adhesif-de-construction-a-2-composants-a-base-depoxyde\/#breadcrumb","itemListElement":[{"@type":"ListItem","position":1,"name":"Startseite","item":"https:\/\/cardinal-tapes.com\/fr\/accueil\/"},{"@type":"ListItem","position":2,"name":"Rubans adh\u00e9sifs","item":"https:\/\/cardinal-tapes.com\/fr\/rubans-adhesifs-fr\/"},{"@type":"ListItem","position":3,"name":"Colle liquide","item":"https:\/\/cardinal-tapes.com\/fr\/catgorie\/colle-liquide\/"},{"@type":"ListItem","position":4,"name":"Adh\u00e9sifs","item":"https:\/\/cardinal-tapes.com\/fr\/catgorie\/adhesifs\/"},{"@type":"ListItem","position":5,"name":"3M\u2122 DP 100 Colle de construction bi-composante \u00e0 base d&#8217;\u00e9poxyde"}]},{"@type":"WebSite","@id":"https:\/\/cardinal-tapes.com\/#website","url":"https:\/\/cardinal-tapes.com\/","name":"cardinal TAPES","description":"Klebetechnik aus Wuppertal","potentialAction":[{"@type":"SearchAction","target":{"@type":"EntryPoint","urlTemplate":"https:\/\/cardinal-tapes.com\/?s={search_term_string}"},"query-input":{"@type":"PropertyValueSpecification","valueRequired":true,"valueName":"search_term_string"}}],"inLanguage":"fr-FR"}]}},"brands":[{"id":2167,"name":"3M","slug":"3m-fr"}],"_links":{"self":[{"href":"https:\/\/cardinal-tapes.com\/fr\/wp-json\/wp\/v2\/product\/60374","targetHints":{"allow":["GET"]}}],"collection":[{"href":"https:\/\/cardinal-tapes.com\/fr\/wp-json\/wp\/v2\/product"}],"about":[{"href":"https:\/\/cardinal-tapes.com\/fr\/wp-json\/wp\/v2\/types\/product"}],"wp:featuredmedia":[{"embeddable":true,"href":"https:\/\/cardinal-tapes.com\/fr\/wp-json\/wp\/v2\/media\/25532"}],"wp:attachment":[{"href":"https:\/\/cardinal-tapes.com\/fr\/wp-json\/wp\/v2\/media?parent=60374"}],"wp:term":[{"taxonomy":"pwb-brand","embeddable":true,"href":"https:\/\/cardinal-tapes.com\/fr\/wp-json\/wp\/v2\/pwb-brand?post=60374"},{"taxonomy":"product_brand","embeddable":true,"href":"https:\/\/cardinal-tapes.com\/fr\/wp-json\/wp\/v2\/product_brand?post=60374"},{"taxonomy":"product_cat","embeddable":true,"href":"https:\/\/cardinal-tapes.com\/fr\/wp-json\/wp\/v2\/product_cat?post=60374"},{"taxonomy":"product_tag","embeddable":true,"href":"https:\/\/cardinal-tapes.com\/fr\/wp-json\/wp\/v2\/product_tag?post=60374"}],"curies":[{"name":"wp","href":"https:\/\/api.w.org\/{rel}","templated":true}]}}