{"id":60329,"date":"2017-12-22T16:01:50","date_gmt":"2023-06-06T07:50:44","guid":{"rendered":"https:\/\/cardinal.pixel-tal.de\/klebebaender\/non class\u00e9\/3m-80-adhesif-en-aerosol-a-base-de-polychloroprene\/"},"modified":"2023-06-06T09:50:44","modified_gmt":"2023-06-06T07:50:44","slug":"3m-80-aaerosol-adhesive-based-polychloroprene","status":"publish","type":"product","link":"https:\/\/cardinal-tapes.com\/fr\/rubans-adh\u00e9sifs\/colle-liquide\/adhesifs\/3m-80-aaerosol-adhesive-based-polychloroprene\/","title":{"rendered":"3M\u2122 80 Adh\u00e9sif en a\u00e9rosol \u00e0 base de polychloropr\u00e8ne"},"content":{"rendered":"<p>Le Spray 80 de 3M\u2122 est un adh\u00e9sif en a\u00e9rosol \u00e0 base de polychloropr\u00e8ne et est principalement utilis\u00e9 pour le collage du PVC, des plastiques et de bien d&#8217;autres mat\u00e9riaux. Ce faisant, une application fine et r\u00e9guli\u00e8re de la colle permet un travail propre et pr\u00e9cis. Cela fait du spray 3M\u2122 un outil utile pour les applications les plus diverses.<\/p>\n","protected":false},"excerpt":{"rendered":"<p>Le Spray 80 de 3M\u2122 est un adh\u00e9sif en a\u00e9rosol \u00e0 base de polychloropr\u00e8ne et est principalement utilis\u00e9 pour le collage du PVC, des plastiques et de bien d&#8217;autres mat\u00e9riaux. Ce faisant, une application fine et r\u00e9guli\u00e8re de la colle permet un travail propre et pr\u00e9cis. Cela fait du spray 3M\u2122 un outil utile pour [&hellip;]<\/p>\n","protected":false},"featured_media":25480,"template":"","meta":{"_acf_changed":false},"pwb-brand":[2167],"product_brand":[],"product_cat":[1857],"product_tag":[],"class_list":{"0":"post-60329","1":"product","2":"type-product","3":"status-publish","4":"has-post-thumbnail","6":"pwb-brand-3m-fr","7":"product_cat-adhesifs","9":"first","10":"instock","11":"taxable","12":"shipping-taxable","13":"purchasable","14":"product-type-simple"},"acf":[],"yoast_head":"<!-- This site is optimized with the Yoast SEO plugin v27.3 - https:\/\/yoast.com\/product\/yoast-seo-wordpress\/ -->\n<title>3M 80 Adh\u00e9sif en a\u00e9rosol \u00e0 base de polychloropr\u00e8ne | Cardinal TAPES<\/title>\n<meta name=\"description\" content=\"Le Spray 80 de 3M est une colle en a\u00e9rosol. 3M 80 colle de mani\u00e8re fiable le PVC, les mati\u00e8res plastiques et bien plus encore. Apprenez-en plus sur le 3M 80 ici.\" \/>\n<meta name=\"robots\" content=\"index, follow, max-snippet:-1, max-image-preview:large, max-video-preview:-1\" \/>\n<link rel=\"canonical\" href=\"https:\/\/cardinal-tapes.com\/fr\/rubans-adh\u00e9sifs\/adhesifs\/3m-80-aaerosol-adhesive-based-polychloroprene\/\" \/>\n<meta property=\"og:locale\" content=\"fr_FR\" \/>\n<meta property=\"og:type\" content=\"article\" \/>\n<meta property=\"og:title\" content=\"3M 80 Adh\u00e9sif en a\u00e9rosol \u00e0 base de polychloropr\u00e8ne | Cardinal TAPES\" \/>\n<meta property=\"og:description\" content=\"Le Spray 80 de 3M est une colle en a\u00e9rosol. 3M 80 colle de mani\u00e8re fiable le PVC, les mati\u00e8res plastiques et bien plus encore. Apprenez-en plus sur le 3M 80 ici.\" \/>\n<meta property=\"og:url\" content=\"https:\/\/cardinal-tapes.com\/fr\/rubans-adh\u00e9sifs\/adhesifs\/3m-80-aaerosol-adhesive-based-polychloroprene\/\" \/>\n<meta property=\"og:site_name\" content=\"cardinal TAPES\" \/>\n<meta property=\"og:image\" content=\"https:\/\/cardinal-tapes.com\/wp-content\/uploads\/3m_aerosol-klebstoff_80.jpg\" \/>\n\t<meta property=\"og:image:width\" content=\"600\" \/>\n\t<meta property=\"og:image:height\" content=\"600\" \/>\n\t<meta property=\"og:image:type\" content=\"image\/jpeg\" \/>\n<meta name=\"twitter:card\" content=\"summary_large_image\" \/>\n<script type=\"application\/ld+json\" class=\"yoast-schema-graph\">{\"@context\":\"https:\\\/\\\/schema.org\",\"@graph\":[{\"@type\":\"WebPage\",\"@id\":\"https:\\\/\\\/cardinal-tapes.com\\\/fr\\\/rubans-adh\u00e9sifs\\\/adhesifs\\\/3m-80-aaerosol-adhesive-based-polychloroprene\\\/\",\"url\":\"https:\\\/\\\/cardinal-tapes.com\\\/fr\\\/rubans-adh\u00e9sifs\\\/adhesifs\\\/3m-80-aaerosol-adhesive-based-polychloroprene\\\/\",\"name\":\"3M 80 Adh\u00e9sif en a\u00e9rosol \u00e0 base de polychloropr\u00e8ne | Cardinal TAPES\",\"isPartOf\":{\"@id\":\"https:\\\/\\\/cardinal-tapes.com\\\/#website\"},\"primaryImageOfPage\":{\"@id\":\"https:\\\/\\\/cardinal-tapes.com\\\/fr\\\/rubans-adh\u00e9sifs\\\/adhesifs\\\/3m-80-aaerosol-adhesive-based-polychloroprene\\\/#primaryimage\"},\"image\":{\"@id\":\"https:\\\/\\\/cardinal-tapes.com\\\/fr\\\/rubans-adh\u00e9sifs\\\/adhesifs\\\/3m-80-aaerosol-adhesive-based-polychloroprene\\\/#primaryimage\"},\"thumbnailUrl\":\"https:\\\/\\\/cardinal-tapes.com\\\/wp-content\\\/uploads\\\/3m_aerosol-klebstoff_80.jpg\",\"datePublished\":\"2023-06-06T07:50:44+00:00\",\"description\":\"Le Spray 80 de 3M est une colle en a\u00e9rosol. 3M 80 colle de mani\u00e8re fiable le PVC, les mati\u00e8res plastiques et bien plus encore. Apprenez-en plus sur le 3M 80 ici.\",\"breadcrumb\":{\"@id\":\"https:\\\/\\\/cardinal-tapes.com\\\/fr\\\/rubans-adh\u00e9sifs\\\/adhesifs\\\/3m-80-aaerosol-adhesive-based-polychloroprene\\\/#breadcrumb\"},\"inLanguage\":\"fr-FR\",\"potentialAction\":[{\"@type\":\"ReadAction\",\"target\":[\"https:\\\/\\\/cardinal-tapes.com\\\/fr\\\/rubans-adh\u00e9sifs\\\/adhesifs\\\/3m-80-aaerosol-adhesive-based-polychloroprene\\\/\"]}]},{\"@type\":\"ImageObject\",\"inLanguage\":\"fr-FR\",\"@id\":\"https:\\\/\\\/cardinal-tapes.com\\\/fr\\\/rubans-adh\u00e9sifs\\\/adhesifs\\\/3m-80-aaerosol-adhesive-based-polychloroprene\\\/#primaryimage\",\"url\":\"https:\\\/\\\/cardinal-tapes.com\\\/wp-content\\\/uploads\\\/3m_aerosol-klebstoff_80.jpg\",\"contentUrl\":\"https:\\\/\\\/cardinal-tapes.com\\\/wp-content\\\/uploads\\\/3m_aerosol-klebstoff_80.jpg\",\"width\":600,\"height\":600,\"caption\":\"Colle a\u00e9rosol 3M 80\"},{\"@type\":\"BreadcrumbList\",\"@id\":\"https:\\\/\\\/cardinal-tapes.com\\\/fr\\\/rubans-adh\u00e9sifs\\\/adhesifs\\\/3m-80-aaerosol-adhesive-based-polychloroprene\\\/#breadcrumb\",\"itemListElement\":[{\"@type\":\"ListItem\",\"position\":1,\"name\":\"Startseite\",\"item\":\"https:\\\/\\\/cardinal-tapes.com\\\/fr\\\/accueil\\\/\"},{\"@type\":\"ListItem\",\"position\":2,\"name\":\"Rubans adh\u00e9sifs\",\"item\":\"https:\\\/\\\/cardinal-tapes.com\\\/fr\\\/rubans-adhesifs-fr\\\/\"},{\"@type\":\"ListItem\",\"position\":3,\"name\":\"Adh\u00e9sifs\",\"item\":\"https:\\\/\\\/cardinal-tapes.com\\\/fr\\\/catgorie\\\/adhesifs\\\/\"},{\"@type\":\"ListItem\",\"position\":4,\"name\":\"3M\u2122 80 Adh\u00e9sif en a\u00e9rosol \u00e0 base de polychloropr\u00e8ne\"}]},{\"@type\":\"WebSite\",\"@id\":\"https:\\\/\\\/cardinal-tapes.com\\\/#website\",\"url\":\"https:\\\/\\\/cardinal-tapes.com\\\/\",\"name\":\"cardinal TAPES\",\"description\":\"Klebetechnik aus Wuppertal\",\"potentialAction\":[{\"@type\":\"SearchAction\",\"target\":{\"@type\":\"EntryPoint\",\"urlTemplate\":\"https:\\\/\\\/cardinal-tapes.com\\\/?s={search_term_string}\"},\"query-input\":{\"@type\":\"PropertyValueSpecification\",\"valueRequired\":true,\"valueName\":\"search_term_string\"}}],\"inLanguage\":\"fr-FR\"}]}<\/script>\n<!-- \/ Yoast SEO plugin. -->","yoast_head_json":{"title":"3M 80 Adh\u00e9sif en a\u00e9rosol \u00e0 base de polychloropr\u00e8ne | Cardinal TAPES","description":"Le Spray 80 de 3M est une colle en a\u00e9rosol. 3M 80 colle de mani\u00e8re fiable le PVC, les mati\u00e8res plastiques et bien plus encore. Apprenez-en plus sur le 3M 80 ici.","robots":{"index":"index","follow":"follow","max-snippet":"max-snippet:-1","max-image-preview":"max-image-preview:large","max-video-preview":"max-video-preview:-1"},"canonical":"https:\/\/cardinal-tapes.com\/fr\/rubans-adh\u00e9sifs\/adhesifs\/3m-80-aaerosol-adhesive-based-polychloroprene\/","og_locale":"fr_FR","og_type":"article","og_title":"3M 80 Adh\u00e9sif en a\u00e9rosol \u00e0 base de polychloropr\u00e8ne | Cardinal TAPES","og_description":"Le Spray 80 de 3M est une colle en a\u00e9rosol. 3M 80 colle de mani\u00e8re fiable le PVC, les mati\u00e8res plastiques et bien plus encore. Apprenez-en plus sur le 3M 80 ici.","og_url":"https:\/\/cardinal-tapes.com\/fr\/rubans-adh\u00e9sifs\/adhesifs\/3m-80-aaerosol-adhesive-based-polychloroprene\/","og_site_name":"cardinal TAPES","og_image":[{"width":600,"height":600,"url":"https:\/\/cardinal-tapes.com\/wp-content\/uploads\/3m_aerosol-klebstoff_80.jpg","type":"image\/jpeg"}],"twitter_card":"summary_large_image","schema":{"@context":"https:\/\/schema.org","@graph":[{"@type":"WebPage","@id":"https:\/\/cardinal-tapes.com\/fr\/rubans-adh\u00e9sifs\/adhesifs\/3m-80-aaerosol-adhesive-based-polychloroprene\/","url":"https:\/\/cardinal-tapes.com\/fr\/rubans-adh\u00e9sifs\/adhesifs\/3m-80-aaerosol-adhesive-based-polychloroprene\/","name":"3M 80 Adh\u00e9sif en a\u00e9rosol \u00e0 base de polychloropr\u00e8ne | Cardinal TAPES","isPartOf":{"@id":"https:\/\/cardinal-tapes.com\/#website"},"primaryImageOfPage":{"@id":"https:\/\/cardinal-tapes.com\/fr\/rubans-adh\u00e9sifs\/adhesifs\/3m-80-aaerosol-adhesive-based-polychloroprene\/#primaryimage"},"image":{"@id":"https:\/\/cardinal-tapes.com\/fr\/rubans-adh\u00e9sifs\/adhesifs\/3m-80-aaerosol-adhesive-based-polychloroprene\/#primaryimage"},"thumbnailUrl":"https:\/\/cardinal-tapes.com\/wp-content\/uploads\/3m_aerosol-klebstoff_80.jpg","datePublished":"2023-06-06T07:50:44+00:00","description":"Le Spray 80 de 3M est une colle en a\u00e9rosol. 3M 80 colle de mani\u00e8re fiable le PVC, les mati\u00e8res plastiques et bien plus encore. Apprenez-en plus sur le 3M 80 ici.","breadcrumb":{"@id":"https:\/\/cardinal-tapes.com\/fr\/rubans-adh\u00e9sifs\/adhesifs\/3m-80-aaerosol-adhesive-based-polychloroprene\/#breadcrumb"},"inLanguage":"fr-FR","potentialAction":[{"@type":"ReadAction","target":["https:\/\/cardinal-tapes.com\/fr\/rubans-adh\u00e9sifs\/adhesifs\/3m-80-aaerosol-adhesive-based-polychloroprene\/"]}]},{"@type":"ImageObject","inLanguage":"fr-FR","@id":"https:\/\/cardinal-tapes.com\/fr\/rubans-adh\u00e9sifs\/adhesifs\/3m-80-aaerosol-adhesive-based-polychloroprene\/#primaryimage","url":"https:\/\/cardinal-tapes.com\/wp-content\/uploads\/3m_aerosol-klebstoff_80.jpg","contentUrl":"https:\/\/cardinal-tapes.com\/wp-content\/uploads\/3m_aerosol-klebstoff_80.jpg","width":600,"height":600,"caption":"Colle a\u00e9rosol 3M 80"},{"@type":"BreadcrumbList","@id":"https:\/\/cardinal-tapes.com\/fr\/rubans-adh\u00e9sifs\/adhesifs\/3m-80-aaerosol-adhesive-based-polychloroprene\/#breadcrumb","itemListElement":[{"@type":"ListItem","position":1,"name":"Startseite","item":"https:\/\/cardinal-tapes.com\/fr\/accueil\/"},{"@type":"ListItem","position":2,"name":"Rubans adh\u00e9sifs","item":"https:\/\/cardinal-tapes.com\/fr\/rubans-adhesifs-fr\/"},{"@type":"ListItem","position":3,"name":"Adh\u00e9sifs","item":"https:\/\/cardinal-tapes.com\/fr\/catgorie\/adhesifs\/"},{"@type":"ListItem","position":4,"name":"3M\u2122 80 Adh\u00e9sif en a\u00e9rosol \u00e0 base de polychloropr\u00e8ne"}]},{"@type":"WebSite","@id":"https:\/\/cardinal-tapes.com\/#website","url":"https:\/\/cardinal-tapes.com\/","name":"cardinal TAPES","description":"Klebetechnik aus Wuppertal","potentialAction":[{"@type":"SearchAction","target":{"@type":"EntryPoint","urlTemplate":"https:\/\/cardinal-tapes.com\/?s={search_term_string}"},"query-input":{"@type":"PropertyValueSpecification","valueRequired":true,"valueName":"search_term_string"}}],"inLanguage":"fr-FR"}]}},"brands":[{"id":2167,"name":"3M","slug":"3m-fr"}],"_links":{"self":[{"href":"https:\/\/cardinal-tapes.com\/fr\/wp-json\/wp\/v2\/product\/60329","targetHints":{"allow":["GET"]}}],"collection":[{"href":"https:\/\/cardinal-tapes.com\/fr\/wp-json\/wp\/v2\/product"}],"about":[{"href":"https:\/\/cardinal-tapes.com\/fr\/wp-json\/wp\/v2\/types\/product"}],"wp:featuredmedia":[{"embeddable":true,"href":"https:\/\/cardinal-tapes.com\/fr\/wp-json\/wp\/v2\/media\/25480"}],"wp:attachment":[{"href":"https:\/\/cardinal-tapes.com\/fr\/wp-json\/wp\/v2\/media?parent=60329"}],"wp:term":[{"taxonomy":"pwb-brand","embeddable":true,"href":"https:\/\/cardinal-tapes.com\/fr\/wp-json\/wp\/v2\/pwb-brand?post=60329"},{"taxonomy":"product_brand","embeddable":true,"href":"https:\/\/cardinal-tapes.com\/fr\/wp-json\/wp\/v2\/product_brand?post=60329"},{"taxonomy":"product_cat","embeddable":true,"href":"https:\/\/cardinal-tapes.com\/fr\/wp-json\/wp\/v2\/product_cat?post=60329"},{"taxonomy":"product_tag","embeddable":true,"href":"https:\/\/cardinal-tapes.com\/fr\/wp-json\/wp\/v2\/product_tag?post=60329"}],"curies":[{"name":"wp","href":"https:\/\/api.w.org\/{rel}","templated":true}]}}