{"id":60325,"date":"2017-12-22T16:00:58","date_gmt":"2023-06-06T07:50:44","guid":{"rendered":"https:\/\/cardinal.pixel-tal.de\/klebebaender\/non class\u00e9\/3m-76-adhesif-en-aerosol-a-base-delastomeres-synthetiques\/"},"modified":"2023-06-06T09:50:44","modified_gmt":"2023-06-06T07:50:44","slug":"3m-76-aerosol-adhesif-sur-base-elastomere-synthetique","status":"publish","type":"product","link":"https:\/\/cardinal-tapes.com\/fr\/rubans-adh\u00e9sifs\/colle-liquide\/adhesifs\/3m-76-aerosol-adhesif-sur-base-elastomere-synthetique\/","title":{"rendered":"3M\u2122 76 Adh\u00e9sif en a\u00e9rosol \u00e0 base d&#8217;\u00e9lastom\u00e8res synth\u00e9tiques"},"content":{"rendered":"<p>Le spray 76 de 3M\u2122 convient pour le collage des m\u00e9taux, du bois, du carton, du caoutchouc et de divers plastiques. Dans ce contexte, le spray avec sa colle en a\u00e9rosol \u00e0 base d&#8217;\u00e9lastom\u00e8res synth\u00e9tiques se distingue par ses collages sur de grandes surfaces et sa grande r\u00e9sistance apr\u00e8s un court laps de temps. L&#8217;application du 3M\u2122 76 est particuli\u00e8rement simple et sa largeur de pulv\u00e9risation r\u00e9glable lui conf\u00e8re une grande souplesse. De plus, le spray offre une r\u00e9sistance \u00e0 la temp\u00e9rature jusqu&#8217;\u00e0 80 degr\u00e9s.<\/p>\n","protected":false},"excerpt":{"rendered":"<p>Le spray 76 de 3M\u2122 convient pour le collage des m\u00e9taux, du bois, du carton, du caoutchouc et de divers plastiques. Dans ce contexte, le spray avec sa colle en a\u00e9rosol \u00e0 base d&#8217;\u00e9lastom\u00e8res synth\u00e9tiques se distingue par ses collages sur de grandes surfaces et sa grande r\u00e9sistance apr\u00e8s un court laps de temps. L&#8217;application [&hellip;]<\/p>\n","protected":false},"featured_media":25460,"template":"","meta":{"_acf_changed":false},"pwb-brand":[2167],"product_brand":[],"product_cat":[1857],"product_tag":[],"class_list":{"0":"post-60325","1":"product","2":"type-product","3":"status-publish","4":"has-post-thumbnail","6":"pwb-brand-3m-fr","7":"product_cat-adhesifs","9":"first","10":"instock","11":"taxable","12":"shipping-taxable","13":"purchasable","14":"product-type-simple"},"acf":[],"yoast_head":"<!-- This site is optimized with the Yoast SEO plugin v27.3 - https:\/\/yoast.com\/product\/yoast-seo-wordpress\/ -->\n<title>3M 76 Colle a\u00e9rosol \u00e0 base d&#039;\u00e9lastom\u00e8res synth\u00e9tiques | Cardinal TAPES<\/title>\n<meta name=\"description\" content=\"Le Spray 76 de 3M convient pour le collage des m\u00e9taux, du bois, du carton, du caoutchouc et de divers plastiques. Apprenez-en plus sur le 3M 76 ici.\" \/>\n<meta name=\"robots\" content=\"index, follow, max-snippet:-1, max-image-preview:large, max-video-preview:-1\" \/>\n<link rel=\"canonical\" href=\"https:\/\/cardinal-tapes.com\/fr\/rubans-adh\u00e9sifs\/adhesifs\/3m-76-aerosol-adhesif-sur-base-elastomere-synthetique\/\" \/>\n<meta property=\"og:locale\" content=\"fr_FR\" \/>\n<meta property=\"og:type\" content=\"article\" \/>\n<meta property=\"og:title\" content=\"3M 76 Colle a\u00e9rosol \u00e0 base d&#039;\u00e9lastom\u00e8res synth\u00e9tiques | Cardinal TAPES\" \/>\n<meta property=\"og:description\" content=\"Le Spray 76 de 3M convient pour le collage des m\u00e9taux, du bois, du carton, du caoutchouc et de divers plastiques. Apprenez-en plus sur le 3M 76 ici.\" \/>\n<meta property=\"og:url\" content=\"https:\/\/cardinal-tapes.com\/fr\/rubans-adh\u00e9sifs\/adhesifs\/3m-76-aerosol-adhesif-sur-base-elastomere-synthetique\/\" \/>\n<meta property=\"og:site_name\" content=\"cardinal TAPES\" \/>\n<meta property=\"og:image\" content=\"https:\/\/cardinal-tapes.com\/wp-content\/uploads\/3m_aerosol-klebstoff_76.jpg\" \/>\n\t<meta property=\"og:image:width\" content=\"600\" \/>\n\t<meta property=\"og:image:height\" content=\"600\" \/>\n\t<meta property=\"og:image:type\" content=\"image\/jpeg\" \/>\n<meta name=\"twitter:card\" content=\"summary_large_image\" \/>\n<script type=\"application\/ld+json\" class=\"yoast-schema-graph\">{\"@context\":\"https:\\\/\\\/schema.org\",\"@graph\":[{\"@type\":\"WebPage\",\"@id\":\"https:\\\/\\\/cardinal-tapes.com\\\/fr\\\/rubans-adh\u00e9sifs\\\/adhesifs\\\/3m-76-aerosol-adhesif-sur-base-elastomere-synthetique\\\/\",\"url\":\"https:\\\/\\\/cardinal-tapes.com\\\/fr\\\/rubans-adh\u00e9sifs\\\/adhesifs\\\/3m-76-aerosol-adhesif-sur-base-elastomere-synthetique\\\/\",\"name\":\"3M 76 Colle a\u00e9rosol \u00e0 base d'\u00e9lastom\u00e8res synth\u00e9tiques | Cardinal TAPES\",\"isPartOf\":{\"@id\":\"https:\\\/\\\/cardinal-tapes.com\\\/#website\"},\"primaryImageOfPage\":{\"@id\":\"https:\\\/\\\/cardinal-tapes.com\\\/fr\\\/rubans-adh\u00e9sifs\\\/adhesifs\\\/3m-76-aerosol-adhesif-sur-base-elastomere-synthetique\\\/#primaryimage\"},\"image\":{\"@id\":\"https:\\\/\\\/cardinal-tapes.com\\\/fr\\\/rubans-adh\u00e9sifs\\\/adhesifs\\\/3m-76-aerosol-adhesif-sur-base-elastomere-synthetique\\\/#primaryimage\"},\"thumbnailUrl\":\"https:\\\/\\\/cardinal-tapes.com\\\/wp-content\\\/uploads\\\/3m_aerosol-klebstoff_76.jpg\",\"datePublished\":\"2023-06-06T07:50:44+00:00\",\"description\":\"Le Spray 76 de 3M convient pour le collage des m\u00e9taux, du bois, du carton, du caoutchouc et de divers plastiques. Apprenez-en plus sur le 3M 76 ici.\",\"breadcrumb\":{\"@id\":\"https:\\\/\\\/cardinal-tapes.com\\\/fr\\\/rubans-adh\u00e9sifs\\\/adhesifs\\\/3m-76-aerosol-adhesif-sur-base-elastomere-synthetique\\\/#breadcrumb\"},\"inLanguage\":\"fr-FR\",\"potentialAction\":[{\"@type\":\"ReadAction\",\"target\":[\"https:\\\/\\\/cardinal-tapes.com\\\/fr\\\/rubans-adh\u00e9sifs\\\/adhesifs\\\/3m-76-aerosol-adhesif-sur-base-elastomere-synthetique\\\/\"]}]},{\"@type\":\"ImageObject\",\"inLanguage\":\"fr-FR\",\"@id\":\"https:\\\/\\\/cardinal-tapes.com\\\/fr\\\/rubans-adh\u00e9sifs\\\/adhesifs\\\/3m-76-aerosol-adhesif-sur-base-elastomere-synthetique\\\/#primaryimage\",\"url\":\"https:\\\/\\\/cardinal-tapes.com\\\/wp-content\\\/uploads\\\/3m_aerosol-klebstoff_76.jpg\",\"contentUrl\":\"https:\\\/\\\/cardinal-tapes.com\\\/wp-content\\\/uploads\\\/3m_aerosol-klebstoff_76.jpg\",\"width\":600,\"height\":600,\"caption\":\"Colle a\u00e9rosol 3M 76\"},{\"@type\":\"BreadcrumbList\",\"@id\":\"https:\\\/\\\/cardinal-tapes.com\\\/fr\\\/rubans-adh\u00e9sifs\\\/adhesifs\\\/3m-76-aerosol-adhesif-sur-base-elastomere-synthetique\\\/#breadcrumb\",\"itemListElement\":[{\"@type\":\"ListItem\",\"position\":1,\"name\":\"Startseite\",\"item\":\"https:\\\/\\\/cardinal-tapes.com\\\/fr\\\/accueil\\\/\"},{\"@type\":\"ListItem\",\"position\":2,\"name\":\"Rubans adh\u00e9sifs\",\"item\":\"https:\\\/\\\/cardinal-tapes.com\\\/fr\\\/rubans-adhesifs-fr\\\/\"},{\"@type\":\"ListItem\",\"position\":3,\"name\":\"Adh\u00e9sifs\",\"item\":\"https:\\\/\\\/cardinal-tapes.com\\\/fr\\\/catgorie\\\/adhesifs\\\/\"},{\"@type\":\"ListItem\",\"position\":4,\"name\":\"3M\u2122 76 Adh\u00e9sif en a\u00e9rosol \u00e0 base d&rsquo;\u00e9lastom\u00e8res synth\u00e9tiques\"}]},{\"@type\":\"WebSite\",\"@id\":\"https:\\\/\\\/cardinal-tapes.com\\\/#website\",\"url\":\"https:\\\/\\\/cardinal-tapes.com\\\/\",\"name\":\"cardinal TAPES\",\"description\":\"Klebetechnik aus Wuppertal\",\"potentialAction\":[{\"@type\":\"SearchAction\",\"target\":{\"@type\":\"EntryPoint\",\"urlTemplate\":\"https:\\\/\\\/cardinal-tapes.com\\\/?s={search_term_string}\"},\"query-input\":{\"@type\":\"PropertyValueSpecification\",\"valueRequired\":true,\"valueName\":\"search_term_string\"}}],\"inLanguage\":\"fr-FR\"}]}<\/script>\n<!-- \/ Yoast SEO plugin. -->","yoast_head_json":{"title":"3M 76 Colle a\u00e9rosol \u00e0 base d'\u00e9lastom\u00e8res synth\u00e9tiques | Cardinal TAPES","description":"Le Spray 76 de 3M convient pour le collage des m\u00e9taux, du bois, du carton, du caoutchouc et de divers plastiques. Apprenez-en plus sur le 3M 76 ici.","robots":{"index":"index","follow":"follow","max-snippet":"max-snippet:-1","max-image-preview":"max-image-preview:large","max-video-preview":"max-video-preview:-1"},"canonical":"https:\/\/cardinal-tapes.com\/fr\/rubans-adh\u00e9sifs\/adhesifs\/3m-76-aerosol-adhesif-sur-base-elastomere-synthetique\/","og_locale":"fr_FR","og_type":"article","og_title":"3M 76 Colle a\u00e9rosol \u00e0 base d'\u00e9lastom\u00e8res synth\u00e9tiques | Cardinal TAPES","og_description":"Le Spray 76 de 3M convient pour le collage des m\u00e9taux, du bois, du carton, du caoutchouc et de divers plastiques. Apprenez-en plus sur le 3M 76 ici.","og_url":"https:\/\/cardinal-tapes.com\/fr\/rubans-adh\u00e9sifs\/adhesifs\/3m-76-aerosol-adhesif-sur-base-elastomere-synthetique\/","og_site_name":"cardinal TAPES","og_image":[{"width":600,"height":600,"url":"https:\/\/cardinal-tapes.com\/wp-content\/uploads\/3m_aerosol-klebstoff_76.jpg","type":"image\/jpeg"}],"twitter_card":"summary_large_image","schema":{"@context":"https:\/\/schema.org","@graph":[{"@type":"WebPage","@id":"https:\/\/cardinal-tapes.com\/fr\/rubans-adh\u00e9sifs\/adhesifs\/3m-76-aerosol-adhesif-sur-base-elastomere-synthetique\/","url":"https:\/\/cardinal-tapes.com\/fr\/rubans-adh\u00e9sifs\/adhesifs\/3m-76-aerosol-adhesif-sur-base-elastomere-synthetique\/","name":"3M 76 Colle a\u00e9rosol \u00e0 base d'\u00e9lastom\u00e8res synth\u00e9tiques | Cardinal TAPES","isPartOf":{"@id":"https:\/\/cardinal-tapes.com\/#website"},"primaryImageOfPage":{"@id":"https:\/\/cardinal-tapes.com\/fr\/rubans-adh\u00e9sifs\/adhesifs\/3m-76-aerosol-adhesif-sur-base-elastomere-synthetique\/#primaryimage"},"image":{"@id":"https:\/\/cardinal-tapes.com\/fr\/rubans-adh\u00e9sifs\/adhesifs\/3m-76-aerosol-adhesif-sur-base-elastomere-synthetique\/#primaryimage"},"thumbnailUrl":"https:\/\/cardinal-tapes.com\/wp-content\/uploads\/3m_aerosol-klebstoff_76.jpg","datePublished":"2023-06-06T07:50:44+00:00","description":"Le Spray 76 de 3M convient pour le collage des m\u00e9taux, du bois, du carton, du caoutchouc et de divers plastiques. Apprenez-en plus sur le 3M 76 ici.","breadcrumb":{"@id":"https:\/\/cardinal-tapes.com\/fr\/rubans-adh\u00e9sifs\/adhesifs\/3m-76-aerosol-adhesif-sur-base-elastomere-synthetique\/#breadcrumb"},"inLanguage":"fr-FR","potentialAction":[{"@type":"ReadAction","target":["https:\/\/cardinal-tapes.com\/fr\/rubans-adh\u00e9sifs\/adhesifs\/3m-76-aerosol-adhesif-sur-base-elastomere-synthetique\/"]}]},{"@type":"ImageObject","inLanguage":"fr-FR","@id":"https:\/\/cardinal-tapes.com\/fr\/rubans-adh\u00e9sifs\/adhesifs\/3m-76-aerosol-adhesif-sur-base-elastomere-synthetique\/#primaryimage","url":"https:\/\/cardinal-tapes.com\/wp-content\/uploads\/3m_aerosol-klebstoff_76.jpg","contentUrl":"https:\/\/cardinal-tapes.com\/wp-content\/uploads\/3m_aerosol-klebstoff_76.jpg","width":600,"height":600,"caption":"Colle a\u00e9rosol 3M 76"},{"@type":"BreadcrumbList","@id":"https:\/\/cardinal-tapes.com\/fr\/rubans-adh\u00e9sifs\/adhesifs\/3m-76-aerosol-adhesif-sur-base-elastomere-synthetique\/#breadcrumb","itemListElement":[{"@type":"ListItem","position":1,"name":"Startseite","item":"https:\/\/cardinal-tapes.com\/fr\/accueil\/"},{"@type":"ListItem","position":2,"name":"Rubans adh\u00e9sifs","item":"https:\/\/cardinal-tapes.com\/fr\/rubans-adhesifs-fr\/"},{"@type":"ListItem","position":3,"name":"Adh\u00e9sifs","item":"https:\/\/cardinal-tapes.com\/fr\/catgorie\/adhesifs\/"},{"@type":"ListItem","position":4,"name":"3M\u2122 76 Adh\u00e9sif en a\u00e9rosol \u00e0 base d&rsquo;\u00e9lastom\u00e8res synth\u00e9tiques"}]},{"@type":"WebSite","@id":"https:\/\/cardinal-tapes.com\/#website","url":"https:\/\/cardinal-tapes.com\/","name":"cardinal TAPES","description":"Klebetechnik aus Wuppertal","potentialAction":[{"@type":"SearchAction","target":{"@type":"EntryPoint","urlTemplate":"https:\/\/cardinal-tapes.com\/?s={search_term_string}"},"query-input":{"@type":"PropertyValueSpecification","valueRequired":true,"valueName":"search_term_string"}}],"inLanguage":"fr-FR"}]}},"brands":[{"id":2167,"name":"3M","slug":"3m-fr"}],"_links":{"self":[{"href":"https:\/\/cardinal-tapes.com\/fr\/wp-json\/wp\/v2\/product\/60325","targetHints":{"allow":["GET"]}}],"collection":[{"href":"https:\/\/cardinal-tapes.com\/fr\/wp-json\/wp\/v2\/product"}],"about":[{"href":"https:\/\/cardinal-tapes.com\/fr\/wp-json\/wp\/v2\/types\/product"}],"wp:featuredmedia":[{"embeddable":true,"href":"https:\/\/cardinal-tapes.com\/fr\/wp-json\/wp\/v2\/media\/25460"}],"wp:attachment":[{"href":"https:\/\/cardinal-tapes.com\/fr\/wp-json\/wp\/v2\/media?parent=60325"}],"wp:term":[{"taxonomy":"pwb-brand","embeddable":true,"href":"https:\/\/cardinal-tapes.com\/fr\/wp-json\/wp\/v2\/pwb-brand?post=60325"},{"taxonomy":"product_brand","embeddable":true,"href":"https:\/\/cardinal-tapes.com\/fr\/wp-json\/wp\/v2\/product_brand?post=60325"},{"taxonomy":"product_cat","embeddable":true,"href":"https:\/\/cardinal-tapes.com\/fr\/wp-json\/wp\/v2\/product_cat?post=60325"},{"taxonomy":"product_tag","embeddable":true,"href":"https:\/\/cardinal-tapes.com\/fr\/wp-json\/wp\/v2\/product_tag?post=60325"}],"curies":[{"name":"wp","href":"https:\/\/api.w.org\/{rel}","templated":true}]}}