{"id":60324,"date":"2017-12-22T15:55:06","date_gmt":"2023-06-06T07:50:44","guid":{"rendered":"https:\/\/cardinal.pixel-tal.de\/klebebaender\/non class\u00e9\/3m-rt-5000b-adhesif-cyanoacrylate\/"},"modified":"2023-06-06T09:50:44","modified_gmt":"2023-06-06T07:50:44","slug":"colle-cyanoacrylate-3m-rt-5000b","status":"publish","type":"product","link":"https:\/\/cardinal-tapes.com\/fr\/rubans-adh\u00e9sifs\/colle-liquide\/adhesifs\/colle-cyanoacrylate-3m-rt-5000b\/","title":{"rendered":"3M\u2122 RT 5000B Adh\u00e9sif cyanoacrylate"},"content":{"rendered":"<p>L&#8217;adh\u00e9sif cyanoacrylate 3M\u2122 RT 5000B se caract\u00e9rise par une tr\u00e8s bonne r\u00e9sistance au pelage et aux chocs. Le produit est surtout utilis\u00e9 sur les circuits imprim\u00e9s pour soulager les points de soudure des composants plus grands. Pour ce domaine, la colle est tr\u00e8s bien adapt\u00e9e, car elle reste stable m\u00eame en cas de changements de temp\u00e9rature, de vibrations et d&#8217;humidit\u00e9 \u00e9lev\u00e9e.<\/p>\n","protected":false},"excerpt":{"rendered":"<p>L&#8217;adh\u00e9sif cyanoacrylate 3M\u2122 RT 5000B se caract\u00e9rise par une tr\u00e8s bonne r\u00e9sistance au pelage et aux chocs. Le produit est surtout utilis\u00e9 sur les circuits imprim\u00e9s pour soulager les points de soudure des composants plus grands. Pour ce domaine, la colle est tr\u00e8s bien adapt\u00e9e, car elle reste stable m\u00eame en cas de changements de [&hellip;]<\/p>\n","protected":false},"featured_media":25500,"template":"","meta":{"_acf_changed":false},"pwb-brand":[2167],"product_brand":[],"product_cat":[1857],"product_tag":[],"class_list":{"0":"post-60324","1":"product","2":"type-product","3":"status-publish","4":"has-post-thumbnail","6":"pwb-brand-3m-fr","7":"product_cat-adhesifs","9":"first","10":"instock","11":"taxable","12":"shipping-taxable","13":"purchasable","14":"product-type-simple"},"acf":[],"yoast_head":"<!-- This site is optimized with the Yoast SEO plugin v27.3 - https:\/\/yoast.com\/product\/yoast-seo-wordpress\/ -->\n<title>3M RT 5000B Adh\u00e9sif cyanoacrylate | Cardinal TAPES<\/title>\n<meta name=\"description\" content=\"La colle cyanoacrylate 3M RT 5000B se caract\u00e9rise par une tr\u00e8s bonne r\u00e9sistance au pelage et aux chocs. En savoir plus ici.\" \/>\n<meta name=\"robots\" content=\"index, follow, max-snippet:-1, max-image-preview:large, max-video-preview:-1\" \/>\n<link rel=\"canonical\" href=\"https:\/\/cardinal-tapes.com\/fr\/rubans-adh\u00e9sifs\/adhesifs\/colle-cyanoacrylate-3m-rt-5000b\/\" \/>\n<meta property=\"og:locale\" content=\"fr_FR\" \/>\n<meta property=\"og:type\" content=\"article\" \/>\n<meta property=\"og:title\" content=\"3M RT 5000B Adh\u00e9sif cyanoacrylate | Cardinal TAPES\" \/>\n<meta property=\"og:description\" content=\"La colle cyanoacrylate 3M RT 5000B se caract\u00e9rise par une tr\u00e8s bonne r\u00e9sistance au pelage et aux chocs. En savoir plus ici.\" \/>\n<meta property=\"og:url\" content=\"https:\/\/cardinal-tapes.com\/fr\/rubans-adh\u00e9sifs\/adhesifs\/colle-cyanoacrylate-3m-rt-5000b\/\" \/>\n<meta property=\"og:site_name\" content=\"cardinal TAPES\" \/>\n<meta property=\"og:image\" content=\"https:\/\/cardinal-tapes.com\/wp-content\/uploads\/3m_cyanacrylat-klebstoff_rt5000b.jpg\" \/>\n\t<meta property=\"og:image:width\" content=\"600\" \/>\n\t<meta property=\"og:image:height\" content=\"600\" \/>\n\t<meta property=\"og:image:type\" content=\"image\/jpeg\" \/>\n<meta name=\"twitter:card\" content=\"summary_large_image\" \/>\n<script type=\"application\/ld+json\" class=\"yoast-schema-graph\">{\"@context\":\"https:\\\/\\\/schema.org\",\"@graph\":[{\"@type\":\"WebPage\",\"@id\":\"https:\\\/\\\/cardinal-tapes.com\\\/fr\\\/rubans-adh\u00e9sifs\\\/adhesifs\\\/colle-cyanoacrylate-3m-rt-5000b\\\/\",\"url\":\"https:\\\/\\\/cardinal-tapes.com\\\/fr\\\/rubans-adh\u00e9sifs\\\/adhesifs\\\/colle-cyanoacrylate-3m-rt-5000b\\\/\",\"name\":\"3M RT 5000B Adh\u00e9sif cyanoacrylate | Cardinal TAPES\",\"isPartOf\":{\"@id\":\"https:\\\/\\\/cardinal-tapes.com\\\/#website\"},\"primaryImageOfPage\":{\"@id\":\"https:\\\/\\\/cardinal-tapes.com\\\/fr\\\/rubans-adh\u00e9sifs\\\/adhesifs\\\/colle-cyanoacrylate-3m-rt-5000b\\\/#primaryimage\"},\"image\":{\"@id\":\"https:\\\/\\\/cardinal-tapes.com\\\/fr\\\/rubans-adh\u00e9sifs\\\/adhesifs\\\/colle-cyanoacrylate-3m-rt-5000b\\\/#primaryimage\"},\"thumbnailUrl\":\"https:\\\/\\\/cardinal-tapes.com\\\/wp-content\\\/uploads\\\/3m_cyanacrylat-klebstoff_rt5000b.jpg\",\"datePublished\":\"2023-06-06T07:50:44+00:00\",\"description\":\"La colle cyanoacrylate 3M RT 5000B se caract\u00e9rise par une tr\u00e8s bonne r\u00e9sistance au pelage et aux chocs. En savoir plus ici.\",\"breadcrumb\":{\"@id\":\"https:\\\/\\\/cardinal-tapes.com\\\/fr\\\/rubans-adh\u00e9sifs\\\/adhesifs\\\/colle-cyanoacrylate-3m-rt-5000b\\\/#breadcrumb\"},\"inLanguage\":\"fr-FR\",\"potentialAction\":[{\"@type\":\"ReadAction\",\"target\":[\"https:\\\/\\\/cardinal-tapes.com\\\/fr\\\/rubans-adh\u00e9sifs\\\/adhesifs\\\/colle-cyanoacrylate-3m-rt-5000b\\\/\"]}]},{\"@type\":\"ImageObject\",\"inLanguage\":\"fr-FR\",\"@id\":\"https:\\\/\\\/cardinal-tapes.com\\\/fr\\\/rubans-adh\u00e9sifs\\\/adhesifs\\\/colle-cyanoacrylate-3m-rt-5000b\\\/#primaryimage\",\"url\":\"https:\\\/\\\/cardinal-tapes.com\\\/wp-content\\\/uploads\\\/3m_cyanacrylat-klebstoff_rt5000b.jpg\",\"contentUrl\":\"https:\\\/\\\/cardinal-tapes.com\\\/wp-content\\\/uploads\\\/3m_cyanacrylat-klebstoff_rt5000b.jpg\",\"width\":600,\"height\":600,\"caption\":\"Colle cyanoacrylate 3M RT5000B\"},{\"@type\":\"BreadcrumbList\",\"@id\":\"https:\\\/\\\/cardinal-tapes.com\\\/fr\\\/rubans-adh\u00e9sifs\\\/adhesifs\\\/colle-cyanoacrylate-3m-rt-5000b\\\/#breadcrumb\",\"itemListElement\":[{\"@type\":\"ListItem\",\"position\":1,\"name\":\"Startseite\",\"item\":\"https:\\\/\\\/cardinal-tapes.com\\\/fr\\\/accueil\\\/\"},{\"@type\":\"ListItem\",\"position\":2,\"name\":\"Rubans adh\u00e9sifs\",\"item\":\"https:\\\/\\\/cardinal-tapes.com\\\/fr\\\/rubans-adhesifs-fr\\\/\"},{\"@type\":\"ListItem\",\"position\":3,\"name\":\"Adh\u00e9sifs\",\"item\":\"https:\\\/\\\/cardinal-tapes.com\\\/fr\\\/catgorie\\\/adhesifs\\\/\"},{\"@type\":\"ListItem\",\"position\":4,\"name\":\"3M\u2122 RT 5000B Adh\u00e9sif cyanoacrylate\"}]},{\"@type\":\"WebSite\",\"@id\":\"https:\\\/\\\/cardinal-tapes.com\\\/#website\",\"url\":\"https:\\\/\\\/cardinal-tapes.com\\\/\",\"name\":\"cardinal TAPES\",\"description\":\"Klebetechnik aus Wuppertal\",\"potentialAction\":[{\"@type\":\"SearchAction\",\"target\":{\"@type\":\"EntryPoint\",\"urlTemplate\":\"https:\\\/\\\/cardinal-tapes.com\\\/?s={search_term_string}\"},\"query-input\":{\"@type\":\"PropertyValueSpecification\",\"valueRequired\":true,\"valueName\":\"search_term_string\"}}],\"inLanguage\":\"fr-FR\"}]}<\/script>\n<!-- \/ Yoast SEO plugin. -->","yoast_head_json":{"title":"3M RT 5000B Adh\u00e9sif cyanoacrylate | Cardinal TAPES","description":"La colle cyanoacrylate 3M RT 5000B se caract\u00e9rise par une tr\u00e8s bonne r\u00e9sistance au pelage et aux chocs. En savoir plus ici.","robots":{"index":"index","follow":"follow","max-snippet":"max-snippet:-1","max-image-preview":"max-image-preview:large","max-video-preview":"max-video-preview:-1"},"canonical":"https:\/\/cardinal-tapes.com\/fr\/rubans-adh\u00e9sifs\/adhesifs\/colle-cyanoacrylate-3m-rt-5000b\/","og_locale":"fr_FR","og_type":"article","og_title":"3M RT 5000B Adh\u00e9sif cyanoacrylate | Cardinal TAPES","og_description":"La colle cyanoacrylate 3M RT 5000B se caract\u00e9rise par une tr\u00e8s bonne r\u00e9sistance au pelage et aux chocs. En savoir plus ici.","og_url":"https:\/\/cardinal-tapes.com\/fr\/rubans-adh\u00e9sifs\/adhesifs\/colle-cyanoacrylate-3m-rt-5000b\/","og_site_name":"cardinal TAPES","og_image":[{"width":600,"height":600,"url":"https:\/\/cardinal-tapes.com\/wp-content\/uploads\/3m_cyanacrylat-klebstoff_rt5000b.jpg","type":"image\/jpeg"}],"twitter_card":"summary_large_image","schema":{"@context":"https:\/\/schema.org","@graph":[{"@type":"WebPage","@id":"https:\/\/cardinal-tapes.com\/fr\/rubans-adh\u00e9sifs\/adhesifs\/colle-cyanoacrylate-3m-rt-5000b\/","url":"https:\/\/cardinal-tapes.com\/fr\/rubans-adh\u00e9sifs\/adhesifs\/colle-cyanoacrylate-3m-rt-5000b\/","name":"3M RT 5000B Adh\u00e9sif cyanoacrylate | Cardinal TAPES","isPartOf":{"@id":"https:\/\/cardinal-tapes.com\/#website"},"primaryImageOfPage":{"@id":"https:\/\/cardinal-tapes.com\/fr\/rubans-adh\u00e9sifs\/adhesifs\/colle-cyanoacrylate-3m-rt-5000b\/#primaryimage"},"image":{"@id":"https:\/\/cardinal-tapes.com\/fr\/rubans-adh\u00e9sifs\/adhesifs\/colle-cyanoacrylate-3m-rt-5000b\/#primaryimage"},"thumbnailUrl":"https:\/\/cardinal-tapes.com\/wp-content\/uploads\/3m_cyanacrylat-klebstoff_rt5000b.jpg","datePublished":"2023-06-06T07:50:44+00:00","description":"La colle cyanoacrylate 3M RT 5000B se caract\u00e9rise par une tr\u00e8s bonne r\u00e9sistance au pelage et aux chocs. En savoir plus ici.","breadcrumb":{"@id":"https:\/\/cardinal-tapes.com\/fr\/rubans-adh\u00e9sifs\/adhesifs\/colle-cyanoacrylate-3m-rt-5000b\/#breadcrumb"},"inLanguage":"fr-FR","potentialAction":[{"@type":"ReadAction","target":["https:\/\/cardinal-tapes.com\/fr\/rubans-adh\u00e9sifs\/adhesifs\/colle-cyanoacrylate-3m-rt-5000b\/"]}]},{"@type":"ImageObject","inLanguage":"fr-FR","@id":"https:\/\/cardinal-tapes.com\/fr\/rubans-adh\u00e9sifs\/adhesifs\/colle-cyanoacrylate-3m-rt-5000b\/#primaryimage","url":"https:\/\/cardinal-tapes.com\/wp-content\/uploads\/3m_cyanacrylat-klebstoff_rt5000b.jpg","contentUrl":"https:\/\/cardinal-tapes.com\/wp-content\/uploads\/3m_cyanacrylat-klebstoff_rt5000b.jpg","width":600,"height":600,"caption":"Colle cyanoacrylate 3M RT5000B"},{"@type":"BreadcrumbList","@id":"https:\/\/cardinal-tapes.com\/fr\/rubans-adh\u00e9sifs\/adhesifs\/colle-cyanoacrylate-3m-rt-5000b\/#breadcrumb","itemListElement":[{"@type":"ListItem","position":1,"name":"Startseite","item":"https:\/\/cardinal-tapes.com\/fr\/accueil\/"},{"@type":"ListItem","position":2,"name":"Rubans adh\u00e9sifs","item":"https:\/\/cardinal-tapes.com\/fr\/rubans-adhesifs-fr\/"},{"@type":"ListItem","position":3,"name":"Adh\u00e9sifs","item":"https:\/\/cardinal-tapes.com\/fr\/catgorie\/adhesifs\/"},{"@type":"ListItem","position":4,"name":"3M\u2122 RT 5000B Adh\u00e9sif cyanoacrylate"}]},{"@type":"WebSite","@id":"https:\/\/cardinal-tapes.com\/#website","url":"https:\/\/cardinal-tapes.com\/","name":"cardinal TAPES","description":"Klebetechnik aus Wuppertal","potentialAction":[{"@type":"SearchAction","target":{"@type":"EntryPoint","urlTemplate":"https:\/\/cardinal-tapes.com\/?s={search_term_string}"},"query-input":{"@type":"PropertyValueSpecification","valueRequired":true,"valueName":"search_term_string"}}],"inLanguage":"fr-FR"}]}},"brands":[{"id":2167,"name":"3M","slug":"3m-fr"}],"_links":{"self":[{"href":"https:\/\/cardinal-tapes.com\/fr\/wp-json\/wp\/v2\/product\/60324","targetHints":{"allow":["GET"]}}],"collection":[{"href":"https:\/\/cardinal-tapes.com\/fr\/wp-json\/wp\/v2\/product"}],"about":[{"href":"https:\/\/cardinal-tapes.com\/fr\/wp-json\/wp\/v2\/types\/product"}],"wp:featuredmedia":[{"embeddable":true,"href":"https:\/\/cardinal-tapes.com\/fr\/wp-json\/wp\/v2\/media\/25500"}],"wp:attachment":[{"href":"https:\/\/cardinal-tapes.com\/fr\/wp-json\/wp\/v2\/media?parent=60324"}],"wp:term":[{"taxonomy":"pwb-brand","embeddable":true,"href":"https:\/\/cardinal-tapes.com\/fr\/wp-json\/wp\/v2\/pwb-brand?post=60324"},{"taxonomy":"product_brand","embeddable":true,"href":"https:\/\/cardinal-tapes.com\/fr\/wp-json\/wp\/v2\/product_brand?post=60324"},{"taxonomy":"product_cat","embeddable":true,"href":"https:\/\/cardinal-tapes.com\/fr\/wp-json\/wp\/v2\/product_cat?post=60324"},{"taxonomy":"product_tag","embeddable":true,"href":"https:\/\/cardinal-tapes.com\/fr\/wp-json\/wp\/v2\/product_tag?post=60324"}],"curies":[{"name":"wp","href":"https:\/\/api.w.org\/{rel}","templated":true}]}}