{"id":60199,"date":"2017-12-08T09:38:11","date_gmt":"2023-06-05T15:34:43","guid":{"rendered":"https:\/\/cardinal.pixel-tal.de\/klebebaender\/non%20class\u00e9\/3m-ruban-adhesif-galvanique-470\/"},"modified":"2025-07-07T13:09:15","modified_gmt":"2025-07-07T11:09:15","slug":"ruban-adhesif-galvanique-3m-470","status":"publish","type":"product","link":"https:\/\/cardinal-tapes.com\/fr\/rubans-adh\u00e9sifs\/rubans-adhesifs-simple-face\/ruban-adhesif-galvanique-3m-470\/","title":{"rendered":"3M\u2122 Ruban adh\u00e9sif galvanique 470"},"content":{"rendered":"<p>Le ruban adh\u00e9sif de galvanisation 3M\u2122 470 est con\u00e7u pour r\u00e9sister aux conditions intenses et difficiles associ\u00e9es aux processus de galvanisation et d&#8217;anodisation. Le support en vinyle r\u00e9siste \u00e0 la plupart des solvants, mais peut \u00eatre attaqu\u00e9 par les c\u00e9tones, les hydrocarbures chlor\u00e9s et les esters. Le ruban ne doit donc pas entrer en contact avec des d\u00e9graissants, des d\u00e9capants pour peinture, des diluants pour peinture, etc.<\/p>\n<p><strong>Caract\u00e9ristiques<br \/>\n<\/strong>L&#8217;adh\u00e9sif galvanique est construit sur un support flexible en PVC qui s&#8217;adapte aux surfaces de forme tridimensionnelle ou incurv\u00e9es. Il r\u00e9siste \u00e0 la plupart des solvants courants et pr\u00e9sente une excellente r\u00e9sistance aux produits chimiques utilis\u00e9s pour la galvanisation et l&#8217;anodisation. Le ruban adh\u00e9sif 470 r\u00e9siste \u00e0 des temp\u00e9ratures allant jusqu&#8217;\u00e0 76\u00b0C et peut \u00eatre retir\u00e9 proprement de la plupart des surfaces apr\u00e8s application.<\/p>\n<p><strong>Applications<br \/>\n<\/strong>&#8211; Travaux de masquage lors de la galvanisation<br \/>\n&#8211; Enrobage et masquage de surfaces irr\u00e9guli\u00e8res<\/p>\n","protected":false},"excerpt":{"rendered":"<p>Le ruban adh\u00e9sif de galvanisation 3M\u2122 470 est con\u00e7u pour r\u00e9sister aux conditions intenses et difficiles associ\u00e9es aux processus de galvanisation et d&#8217;anodisation. Le support en vinyle r\u00e9siste \u00e0 la plupart des solvants, mais peut \u00eatre attaqu\u00e9 par les c\u00e9tones, les hydrocarbures chlor\u00e9s et les esters. Le ruban ne doit donc pas entrer en contact [&hellip;]<\/p>\n","protected":false},"featured_media":24420,"template":"","meta":{"_acf_changed":false},"pwb-brand":[2167],"product_brand":[],"product_cat":[1836],"product_tag":[],"class_list":{"0":"post-60199","1":"product","2":"type-product","3":"status-publish","4":"has-post-thumbnail","6":"pwb-brand-3m-fr","7":"product_cat-rubans-adhesifs-simple-face","9":"first","10":"instock","11":"taxable","12":"shipping-taxable","13":"purchasable","14":"product-type-variable"},"acf":[],"yoast_head":"<!-- This site is optimized with the Yoast SEO plugin v27.3 - https:\/\/yoast.com\/product\/yoast-seo-wordpress\/ -->\n<title>3M\u2122 470 Ruban adh\u00e9sif galvanique | Cardinal TAPES<\/title>\n<meta name=\"description\" content=\"Le ruban adh\u00e9sif 3M\u2122 470 Galvanik est un ruban adh\u00e9sif en PVC souple, r\u00e9sistant \u00e0 l&#039;abrasion et tr\u00e8s extensible.\" \/>\n<meta name=\"robots\" content=\"index, follow, max-snippet:-1, max-image-preview:large, max-video-preview:-1\" \/>\n<link rel=\"canonical\" href=\"https:\/\/cardinal-tapes.com\/fr\/rubans-adh\u00e9sifs\/rubans-adhesifs-simple-face\/ruban-adhesif-galvanique-3m-470\/\" \/>\n<meta property=\"og:locale\" content=\"fr_FR\" \/>\n<meta property=\"og:type\" content=\"article\" \/>\n<meta property=\"og:title\" content=\"3M\u2122 470 Ruban adh\u00e9sif galvanique | Cardinal TAPES\" \/>\n<meta property=\"og:description\" content=\"Le ruban adh\u00e9sif 3M\u2122 470 Galvanik est un ruban adh\u00e9sif en PVC souple, r\u00e9sistant \u00e0 l&#039;abrasion et tr\u00e8s extensible.\" \/>\n<meta property=\"og:url\" content=\"https:\/\/cardinal-tapes.com\/fr\/rubans-adh\u00e9sifs\/rubans-adhesifs-simple-face\/ruban-adhesif-galvanique-3m-470\/\" \/>\n<meta property=\"og:site_name\" content=\"cardinal TAPES\" \/>\n<meta property=\"article:modified_time\" content=\"2025-07-07T11:09:15+00:00\" \/>\n<meta property=\"og:image\" content=\"https:\/\/cardinal-tapes.com\/wp-content\/uploads\/3m_galvanikklebeband_470.jpg\" \/>\n\t<meta property=\"og:image:width\" content=\"600\" \/>\n\t<meta property=\"og:image:height\" content=\"600\" \/>\n\t<meta property=\"og:image:type\" content=\"image\/jpeg\" \/>\n<meta name=\"twitter:card\" content=\"summary_large_image\" \/>\n<meta name=\"twitter:label1\" content=\"Dur\u00e9e de lecture estim\u00e9e\" \/>\n\t<meta name=\"twitter:data1\" content=\"1 minute\" \/>\n<script type=\"application\/ld+json\" class=\"yoast-schema-graph\">{\"@context\":\"https:\\\/\\\/schema.org\",\"@graph\":[{\"@type\":\"WebPage\",\"@id\":\"https:\\\/\\\/cardinal-tapes.com\\\/fr\\\/rubans-adh\u00e9sifs\\\/rubans-adhesifs-simple-face\\\/ruban-adhesif-galvanique-3m-470\\\/\",\"url\":\"https:\\\/\\\/cardinal-tapes.com\\\/fr\\\/rubans-adh\u00e9sifs\\\/rubans-adhesifs-simple-face\\\/ruban-adhesif-galvanique-3m-470\\\/\",\"name\":\"3M\u2122 470 Ruban adh\u00e9sif galvanique | Cardinal TAPES\",\"isPartOf\":{\"@id\":\"https:\\\/\\\/cardinal-tapes.com\\\/#website\"},\"primaryImageOfPage\":{\"@id\":\"https:\\\/\\\/cardinal-tapes.com\\\/fr\\\/rubans-adh\u00e9sifs\\\/rubans-adhesifs-simple-face\\\/ruban-adhesif-galvanique-3m-470\\\/#primaryimage\"},\"image\":{\"@id\":\"https:\\\/\\\/cardinal-tapes.com\\\/fr\\\/rubans-adh\u00e9sifs\\\/rubans-adhesifs-simple-face\\\/ruban-adhesif-galvanique-3m-470\\\/#primaryimage\"},\"thumbnailUrl\":\"https:\\\/\\\/cardinal-tapes.com\\\/wp-content\\\/uploads\\\/3m_galvanikklebeband_470.jpg\",\"datePublished\":\"2023-06-05T15:34:43+00:00\",\"dateModified\":\"2025-07-07T11:09:15+00:00\",\"description\":\"Le ruban adh\u00e9sif 3M\u2122 470 Galvanik est un ruban adh\u00e9sif en PVC souple, r\u00e9sistant \u00e0 l'abrasion et tr\u00e8s extensible.\",\"breadcrumb\":{\"@id\":\"https:\\\/\\\/cardinal-tapes.com\\\/fr\\\/rubans-adh\u00e9sifs\\\/rubans-adhesifs-simple-face\\\/ruban-adhesif-galvanique-3m-470\\\/#breadcrumb\"},\"inLanguage\":\"fr-FR\",\"potentialAction\":[{\"@type\":\"ReadAction\",\"target\":[\"https:\\\/\\\/cardinal-tapes.com\\\/fr\\\/rubans-adh\u00e9sifs\\\/rubans-adhesifs-simple-face\\\/ruban-adhesif-galvanique-3m-470\\\/\"]}]},{\"@type\":\"ImageObject\",\"inLanguage\":\"fr-FR\",\"@id\":\"https:\\\/\\\/cardinal-tapes.com\\\/fr\\\/rubans-adh\u00e9sifs\\\/rubans-adhesifs-simple-face\\\/ruban-adhesif-galvanique-3m-470\\\/#primaryimage\",\"url\":\"https:\\\/\\\/cardinal-tapes.com\\\/wp-content\\\/uploads\\\/3m_galvanikklebeband_470.jpg\",\"contentUrl\":\"https:\\\/\\\/cardinal-tapes.com\\\/wp-content\\\/uploads\\\/3m_galvanikklebeband_470.jpg\",\"width\":600,\"height\":600,\"caption\":\"Ruban adh\u00e9sif galvanique 3M 470\"},{\"@type\":\"BreadcrumbList\",\"@id\":\"https:\\\/\\\/cardinal-tapes.com\\\/fr\\\/rubans-adh\u00e9sifs\\\/rubans-adhesifs-simple-face\\\/ruban-adhesif-galvanique-3m-470\\\/#breadcrumb\",\"itemListElement\":[{\"@type\":\"ListItem\",\"position\":1,\"name\":\"Startseite\",\"item\":\"https:\\\/\\\/cardinal-tapes.com\\\/fr\\\/accueil\\\/\"},{\"@type\":\"ListItem\",\"position\":2,\"name\":\"Rubans adh\u00e9sifs\",\"item\":\"https:\\\/\\\/cardinal-tapes.com\\\/fr\\\/rubans-adhesifs-fr\\\/\"},{\"@type\":\"ListItem\",\"position\":3,\"name\":\"Rubans adh\u00e9sifs simple face\",\"item\":\"https:\\\/\\\/cardinal-tapes.com\\\/fr\\\/catgorie\\\/rubans-adhesifs-simple-face\\\/\"},{\"@type\":\"ListItem\",\"position\":4,\"name\":\"3M\u2122 Ruban adh\u00e9sif galvanique 470\"}]},{\"@type\":\"WebSite\",\"@id\":\"https:\\\/\\\/cardinal-tapes.com\\\/#website\",\"url\":\"https:\\\/\\\/cardinal-tapes.com\\\/\",\"name\":\"cardinal TAPES\",\"description\":\"Klebetechnik aus Wuppertal\",\"potentialAction\":[{\"@type\":\"SearchAction\",\"target\":{\"@type\":\"EntryPoint\",\"urlTemplate\":\"https:\\\/\\\/cardinal-tapes.com\\\/?s={search_term_string}\"},\"query-input\":{\"@type\":\"PropertyValueSpecification\",\"valueRequired\":true,\"valueName\":\"search_term_string\"}}],\"inLanguage\":\"fr-FR\"}]}<\/script>\n<!-- \/ Yoast SEO plugin. -->","yoast_head_json":{"title":"3M\u2122 470 Ruban adh\u00e9sif galvanique | Cardinal TAPES","description":"Le ruban adh\u00e9sif 3M\u2122 470 Galvanik est un ruban adh\u00e9sif en PVC souple, r\u00e9sistant \u00e0 l'abrasion et tr\u00e8s extensible.","robots":{"index":"index","follow":"follow","max-snippet":"max-snippet:-1","max-image-preview":"max-image-preview:large","max-video-preview":"max-video-preview:-1"},"canonical":"https:\/\/cardinal-tapes.com\/fr\/rubans-adh\u00e9sifs\/rubans-adhesifs-simple-face\/ruban-adhesif-galvanique-3m-470\/","og_locale":"fr_FR","og_type":"article","og_title":"3M\u2122 470 Ruban adh\u00e9sif galvanique | Cardinal TAPES","og_description":"Le ruban adh\u00e9sif 3M\u2122 470 Galvanik est un ruban adh\u00e9sif en PVC souple, r\u00e9sistant \u00e0 l'abrasion et tr\u00e8s extensible.","og_url":"https:\/\/cardinal-tapes.com\/fr\/rubans-adh\u00e9sifs\/rubans-adhesifs-simple-face\/ruban-adhesif-galvanique-3m-470\/","og_site_name":"cardinal TAPES","article_modified_time":"2025-07-07T11:09:15+00:00","og_image":[{"width":600,"height":600,"url":"https:\/\/cardinal-tapes.com\/wp-content\/uploads\/3m_galvanikklebeband_470.jpg","type":"image\/jpeg"}],"twitter_card":"summary_large_image","twitter_misc":{"Dur\u00e9e de lecture estim\u00e9e":"1 minute"},"schema":{"@context":"https:\/\/schema.org","@graph":[{"@type":"WebPage","@id":"https:\/\/cardinal-tapes.com\/fr\/rubans-adh\u00e9sifs\/rubans-adhesifs-simple-face\/ruban-adhesif-galvanique-3m-470\/","url":"https:\/\/cardinal-tapes.com\/fr\/rubans-adh\u00e9sifs\/rubans-adhesifs-simple-face\/ruban-adhesif-galvanique-3m-470\/","name":"3M\u2122 470 Ruban adh\u00e9sif galvanique | Cardinal TAPES","isPartOf":{"@id":"https:\/\/cardinal-tapes.com\/#website"},"primaryImageOfPage":{"@id":"https:\/\/cardinal-tapes.com\/fr\/rubans-adh\u00e9sifs\/rubans-adhesifs-simple-face\/ruban-adhesif-galvanique-3m-470\/#primaryimage"},"image":{"@id":"https:\/\/cardinal-tapes.com\/fr\/rubans-adh\u00e9sifs\/rubans-adhesifs-simple-face\/ruban-adhesif-galvanique-3m-470\/#primaryimage"},"thumbnailUrl":"https:\/\/cardinal-tapes.com\/wp-content\/uploads\/3m_galvanikklebeband_470.jpg","datePublished":"2023-06-05T15:34:43+00:00","dateModified":"2025-07-07T11:09:15+00:00","description":"Le ruban adh\u00e9sif 3M\u2122 470 Galvanik est un ruban adh\u00e9sif en PVC souple, r\u00e9sistant \u00e0 l'abrasion et tr\u00e8s extensible.","breadcrumb":{"@id":"https:\/\/cardinal-tapes.com\/fr\/rubans-adh\u00e9sifs\/rubans-adhesifs-simple-face\/ruban-adhesif-galvanique-3m-470\/#breadcrumb"},"inLanguage":"fr-FR","potentialAction":[{"@type":"ReadAction","target":["https:\/\/cardinal-tapes.com\/fr\/rubans-adh\u00e9sifs\/rubans-adhesifs-simple-face\/ruban-adhesif-galvanique-3m-470\/"]}]},{"@type":"ImageObject","inLanguage":"fr-FR","@id":"https:\/\/cardinal-tapes.com\/fr\/rubans-adh\u00e9sifs\/rubans-adhesifs-simple-face\/ruban-adhesif-galvanique-3m-470\/#primaryimage","url":"https:\/\/cardinal-tapes.com\/wp-content\/uploads\/3m_galvanikklebeband_470.jpg","contentUrl":"https:\/\/cardinal-tapes.com\/wp-content\/uploads\/3m_galvanikklebeband_470.jpg","width":600,"height":600,"caption":"Ruban adh\u00e9sif galvanique 3M 470"},{"@type":"BreadcrumbList","@id":"https:\/\/cardinal-tapes.com\/fr\/rubans-adh\u00e9sifs\/rubans-adhesifs-simple-face\/ruban-adhesif-galvanique-3m-470\/#breadcrumb","itemListElement":[{"@type":"ListItem","position":1,"name":"Startseite","item":"https:\/\/cardinal-tapes.com\/fr\/accueil\/"},{"@type":"ListItem","position":2,"name":"Rubans adh\u00e9sifs","item":"https:\/\/cardinal-tapes.com\/fr\/rubans-adhesifs-fr\/"},{"@type":"ListItem","position":3,"name":"Rubans adh\u00e9sifs simple face","item":"https:\/\/cardinal-tapes.com\/fr\/catgorie\/rubans-adhesifs-simple-face\/"},{"@type":"ListItem","position":4,"name":"3M\u2122 Ruban adh\u00e9sif galvanique 470"}]},{"@type":"WebSite","@id":"https:\/\/cardinal-tapes.com\/#website","url":"https:\/\/cardinal-tapes.com\/","name":"cardinal TAPES","description":"Klebetechnik aus Wuppertal","potentialAction":[{"@type":"SearchAction","target":{"@type":"EntryPoint","urlTemplate":"https:\/\/cardinal-tapes.com\/?s={search_term_string}"},"query-input":{"@type":"PropertyValueSpecification","valueRequired":true,"valueName":"search_term_string"}}],"inLanguage":"fr-FR"}]}},"brands":[{"id":2167,"name":"3M","slug":"3m-fr"}],"_links":{"self":[{"href":"https:\/\/cardinal-tapes.com\/fr\/wp-json\/wp\/v2\/product\/60199","targetHints":{"allow":["GET"]}}],"collection":[{"href":"https:\/\/cardinal-tapes.com\/fr\/wp-json\/wp\/v2\/product"}],"about":[{"href":"https:\/\/cardinal-tapes.com\/fr\/wp-json\/wp\/v2\/types\/product"}],"wp:featuredmedia":[{"embeddable":true,"href":"https:\/\/cardinal-tapes.com\/fr\/wp-json\/wp\/v2\/media\/24420"}],"wp:attachment":[{"href":"https:\/\/cardinal-tapes.com\/fr\/wp-json\/wp\/v2\/media?parent=60199"}],"wp:term":[{"taxonomy":"pwb-brand","embeddable":true,"href":"https:\/\/cardinal-tapes.com\/fr\/wp-json\/wp\/v2\/pwb-brand?post=60199"},{"taxonomy":"product_brand","embeddable":true,"href":"https:\/\/cardinal-tapes.com\/fr\/wp-json\/wp\/v2\/product_brand?post=60199"},{"taxonomy":"product_cat","embeddable":true,"href":"https:\/\/cardinal-tapes.com\/fr\/wp-json\/wp\/v2\/product_cat?post=60199"},{"taxonomy":"product_tag","embeddable":true,"href":"https:\/\/cardinal-tapes.com\/fr\/wp-json\/wp\/v2\/product_tag?post=60199"}],"curies":[{"name":"wp","href":"https:\/\/api.w.org\/{rel}","templated":true}]}}