{"id":60198,"date":"2017-12-08T09:36:05","date_gmt":"2023-06-05T15:34:43","guid":{"rendered":"https:\/\/cardinal.pixel-tal.de\/klebebaender\/non%20class\u00e9\/3m-ruban-adhesif-elastique-en-polyurethane-9343\/"},"modified":"2025-07-07T13:08:59","modified_gmt":"2025-07-07T11:08:59","slug":"3m-9343-polyurethan-klebeband-2","status":"publish","type":"product","link":"https:\/\/cardinal-tapes.com\/fr\/rubans-adh\u00e9sifs\/rubans-adhesifs-simple-face\/3m-9343-polyurethan-klebeband-2\/","title":{"rendered":"3M\u2122 Ruban adh\u00e9sif \u00e9lastique en polyur\u00e9thane 9343"},"content":{"rendered":"<p>Le ruban adh\u00e9sif \u00e9lastique en polyur\u00e9thane 3M\u2122 9343 a \u00e9t\u00e9 sp\u00e9cialement con\u00e7u pour r\u00e9duire le bruit, les vibrations, les grincements et les cliquetis dans l&#8217;habitacle des v\u00e9hicules. Les mat\u00e9riaux actuellement disponibles pour ces applications, comme le tissu floqu\u00e9 et\/ou le feutre, ne sont pas \u00e9lastiques, ce qui limite leur utilisation sur des surfaces planes. Le support unique en microfibres non tiss\u00e9es offre une combinaison d&#8217;adaptabilit\u00e9, d&#8217;\u00e9lasticit\u00e9, de compressibilit\u00e9 et de durabilit\u00e9.<\/p>\n<p><strong>Caract\u00e9ristiques<\/strong><br \/>\nLe ruban adh\u00e9sif 9343 peut \u00eatre utilis\u00e9 sans probl\u00e8me sur des surfaces irr\u00e9guli\u00e8res et pour isoler des pi\u00e8ces contigu\u00ebs. De plus, gr\u00e2ce \u00e0 l&#8217;adh\u00e9sif acrylique, le ruban est tr\u00e8s performant et a une longue dur\u00e9e de vie.<\/p>\n<p><strong>Applications<\/strong><br \/>\n&#8211; Isolation phonique \u00e0 l&#8217;int\u00e9rieur du v\u00e9hicule, par exemple, isolation des composants adjacents au niveau du tableau de bord et des moulures<br \/>\n&#8211; Pr\u00e9vention de l&#8217;usure des pi\u00e8ces adjacentes <\/p>\n","protected":false},"excerpt":{"rendered":"<p>Le ruban adh\u00e9sif \u00e9lastique en polyur\u00e9thane 3M\u2122 9343 a \u00e9t\u00e9 sp\u00e9cialement con\u00e7u pour r\u00e9duire le bruit, les vibrations, les grincements et les cliquetis dans l&#8217;habitacle des v\u00e9hicules. Les mat\u00e9riaux actuellement disponibles pour ces applications, comme le tissu floqu\u00e9 et\/ou le feutre, ne sont pas \u00e9lastiques, ce qui limite leur utilisation sur des surfaces planes. Le [&hellip;]<\/p>\n","protected":false},"featured_media":24424,"template":"","meta":{"_acf_changed":false},"pwb-brand":[2167],"product_brand":[],"product_cat":[1836],"product_tag":[],"class_list":{"0":"post-60198","1":"product","2":"type-product","3":"status-publish","4":"has-post-thumbnail","6":"pwb-brand-3m-fr","7":"product_cat-rubans-adhesifs-simple-face","9":"first","10":"instock","11":"taxable","12":"shipping-taxable","13":"purchasable","14":"product-type-variable"},"acf":[],"yoast_head":"<!-- This site is optimized with the Yoast SEO plugin v27.3 - https:\/\/yoast.com\/product\/yoast-seo-wordpress\/ -->\n<title>3M\u2122 9343 Ruban adh\u00e9sif \u00e9lastique en polyur\u00e9thane | Cardinal TAPES<\/title>\n<meta name=\"description\" content=\"Le ruban adh\u00e9sif \u00e9lastique en polyur\u00e9thane 3M\u2122 9343 a \u00e9t\u00e9 sp\u00e9cialement con\u00e7u pour r\u00e9duire le bruit, les vibrations, les grincements et les cliquetis dans l&#039;habitacle des v\u00e9hicules.\" \/>\n<meta name=\"robots\" content=\"index, follow, max-snippet:-1, max-image-preview:large, max-video-preview:-1\" \/>\n<link rel=\"canonical\" href=\"https:\/\/cardinal-tapes.com\/fr\/rubans-adh\u00e9sifs\/rubans-adhesifs-simple-face\/3m-9343-polyurethan-klebeband-2\/\" \/>\n<meta property=\"og:locale\" content=\"fr_FR\" \/>\n<meta property=\"og:type\" content=\"article\" \/>\n<meta property=\"og:title\" content=\"3M\u2122 9343 Ruban adh\u00e9sif \u00e9lastique en polyur\u00e9thane | Cardinal TAPES\" \/>\n<meta property=\"og:description\" content=\"Le ruban adh\u00e9sif \u00e9lastique en polyur\u00e9thane 3M\u2122 9343 a \u00e9t\u00e9 sp\u00e9cialement con\u00e7u pour r\u00e9duire le bruit, les vibrations, les grincements et les cliquetis dans l&#039;habitacle des v\u00e9hicules.\" \/>\n<meta property=\"og:url\" content=\"https:\/\/cardinal-tapes.com\/fr\/rubans-adh\u00e9sifs\/rubans-adhesifs-simple-face\/3m-9343-polyurethan-klebeband-2\/\" \/>\n<meta property=\"og:site_name\" content=\"cardinal TAPES\" \/>\n<meta property=\"article:modified_time\" content=\"2025-07-07T11:08:59+00:00\" \/>\n<meta property=\"og:image\" content=\"https:\/\/cardinal-tapes.com\/wp-content\/uploads\/3m_eleastisches_polyurethanklebeband_9343.jpg\" \/>\n\t<meta property=\"og:image:width\" content=\"600\" \/>\n\t<meta property=\"og:image:height\" content=\"600\" \/>\n\t<meta property=\"og:image:type\" content=\"image\/jpeg\" \/>\n<meta name=\"twitter:card\" content=\"summary_large_image\" \/>\n<meta name=\"twitter:label1\" content=\"Dur\u00e9e de lecture estim\u00e9e\" \/>\n\t<meta name=\"twitter:data1\" content=\"1 minute\" \/>\n<script type=\"application\/ld+json\" class=\"yoast-schema-graph\">{\"@context\":\"https:\\\/\\\/schema.org\",\"@graph\":[{\"@type\":\"WebPage\",\"@id\":\"https:\\\/\\\/cardinal-tapes.com\\\/fr\\\/rubans-adh\u00e9sifs\\\/rubans-adhesifs-simple-face\\\/3m-9343-polyurethan-klebeband-2\\\/\",\"url\":\"https:\\\/\\\/cardinal-tapes.com\\\/fr\\\/rubans-adh\u00e9sifs\\\/rubans-adhesifs-simple-face\\\/3m-9343-polyurethan-klebeband-2\\\/\",\"name\":\"3M\u2122 9343 Ruban adh\u00e9sif \u00e9lastique en polyur\u00e9thane | Cardinal TAPES\",\"isPartOf\":{\"@id\":\"https:\\\/\\\/cardinal-tapes.com\\\/#website\"},\"primaryImageOfPage\":{\"@id\":\"https:\\\/\\\/cardinal-tapes.com\\\/fr\\\/rubans-adh\u00e9sifs\\\/rubans-adhesifs-simple-face\\\/3m-9343-polyurethan-klebeband-2\\\/#primaryimage\"},\"image\":{\"@id\":\"https:\\\/\\\/cardinal-tapes.com\\\/fr\\\/rubans-adh\u00e9sifs\\\/rubans-adhesifs-simple-face\\\/3m-9343-polyurethan-klebeband-2\\\/#primaryimage\"},\"thumbnailUrl\":\"https:\\\/\\\/cardinal-tapes.com\\\/wp-content\\\/uploads\\\/3m_eleastisches_polyurethanklebeband_9343.jpg\",\"datePublished\":\"2023-06-05T15:34:43+00:00\",\"dateModified\":\"2025-07-07T11:08:59+00:00\",\"description\":\"Le ruban adh\u00e9sif \u00e9lastique en polyur\u00e9thane 3M\u2122 9343 a \u00e9t\u00e9 sp\u00e9cialement con\u00e7u pour r\u00e9duire le bruit, les vibrations, les grincements et les cliquetis dans l'habitacle des v\u00e9hicules.\",\"breadcrumb\":{\"@id\":\"https:\\\/\\\/cardinal-tapes.com\\\/fr\\\/rubans-adh\u00e9sifs\\\/rubans-adhesifs-simple-face\\\/3m-9343-polyurethan-klebeband-2\\\/#breadcrumb\"},\"inLanguage\":\"fr-FR\",\"potentialAction\":[{\"@type\":\"ReadAction\",\"target\":[\"https:\\\/\\\/cardinal-tapes.com\\\/fr\\\/rubans-adh\u00e9sifs\\\/rubans-adhesifs-simple-face\\\/3m-9343-polyurethan-klebeband-2\\\/\"]}]},{\"@type\":\"ImageObject\",\"inLanguage\":\"fr-FR\",\"@id\":\"https:\\\/\\\/cardinal-tapes.com\\\/fr\\\/rubans-adh\u00e9sifs\\\/rubans-adhesifs-simple-face\\\/3m-9343-polyurethan-klebeband-2\\\/#primaryimage\",\"url\":\"https:\\\/\\\/cardinal-tapes.com\\\/wp-content\\\/uploads\\\/3m_eleastisches_polyurethanklebeband_9343.jpg\",\"contentUrl\":\"https:\\\/\\\/cardinal-tapes.com\\\/wp-content\\\/uploads\\\/3m_eleastisches_polyurethanklebeband_9343.jpg\",\"width\":600,\"height\":600,\"caption\":\"Ruban adh\u00e9sif en polyur\u00e9thane 3M 9343\"},{\"@type\":\"BreadcrumbList\",\"@id\":\"https:\\\/\\\/cardinal-tapes.com\\\/fr\\\/rubans-adh\u00e9sifs\\\/rubans-adhesifs-simple-face\\\/3m-9343-polyurethan-klebeband-2\\\/#breadcrumb\",\"itemListElement\":[{\"@type\":\"ListItem\",\"position\":1,\"name\":\"Startseite\",\"item\":\"https:\\\/\\\/cardinal-tapes.com\\\/fr\\\/accueil\\\/\"},{\"@type\":\"ListItem\",\"position\":2,\"name\":\"Rubans adh\u00e9sifs\",\"item\":\"https:\\\/\\\/cardinal-tapes.com\\\/fr\\\/rubans-adhesifs-fr\\\/\"},{\"@type\":\"ListItem\",\"position\":3,\"name\":\"Rubans adh\u00e9sifs simple face\",\"item\":\"https:\\\/\\\/cardinal-tapes.com\\\/fr\\\/catgorie\\\/rubans-adhesifs-simple-face\\\/\"},{\"@type\":\"ListItem\",\"position\":4,\"name\":\"3M\u2122 Ruban adh\u00e9sif \u00e9lastique en polyur\u00e9thane 9343\"}]},{\"@type\":\"WebSite\",\"@id\":\"https:\\\/\\\/cardinal-tapes.com\\\/#website\",\"url\":\"https:\\\/\\\/cardinal-tapes.com\\\/\",\"name\":\"cardinal TAPES\",\"description\":\"Klebetechnik aus Wuppertal\",\"potentialAction\":[{\"@type\":\"SearchAction\",\"target\":{\"@type\":\"EntryPoint\",\"urlTemplate\":\"https:\\\/\\\/cardinal-tapes.com\\\/?s={search_term_string}\"},\"query-input\":{\"@type\":\"PropertyValueSpecification\",\"valueRequired\":true,\"valueName\":\"search_term_string\"}}],\"inLanguage\":\"fr-FR\"}]}<\/script>\n<!-- \/ Yoast SEO plugin. -->","yoast_head_json":{"title":"3M\u2122 9343 Ruban adh\u00e9sif \u00e9lastique en polyur\u00e9thane | Cardinal TAPES","description":"Le ruban adh\u00e9sif \u00e9lastique en polyur\u00e9thane 3M\u2122 9343 a \u00e9t\u00e9 sp\u00e9cialement con\u00e7u pour r\u00e9duire le bruit, les vibrations, les grincements et les cliquetis dans l'habitacle des v\u00e9hicules.","robots":{"index":"index","follow":"follow","max-snippet":"max-snippet:-1","max-image-preview":"max-image-preview:large","max-video-preview":"max-video-preview:-1"},"canonical":"https:\/\/cardinal-tapes.com\/fr\/rubans-adh\u00e9sifs\/rubans-adhesifs-simple-face\/3m-9343-polyurethan-klebeband-2\/","og_locale":"fr_FR","og_type":"article","og_title":"3M\u2122 9343 Ruban adh\u00e9sif \u00e9lastique en polyur\u00e9thane | Cardinal TAPES","og_description":"Le ruban adh\u00e9sif \u00e9lastique en polyur\u00e9thane 3M\u2122 9343 a \u00e9t\u00e9 sp\u00e9cialement con\u00e7u pour r\u00e9duire le bruit, les vibrations, les grincements et les cliquetis dans l'habitacle des v\u00e9hicules.","og_url":"https:\/\/cardinal-tapes.com\/fr\/rubans-adh\u00e9sifs\/rubans-adhesifs-simple-face\/3m-9343-polyurethan-klebeband-2\/","og_site_name":"cardinal TAPES","article_modified_time":"2025-07-07T11:08:59+00:00","og_image":[{"width":600,"height":600,"url":"https:\/\/cardinal-tapes.com\/wp-content\/uploads\/3m_eleastisches_polyurethanklebeband_9343.jpg","type":"image\/jpeg"}],"twitter_card":"summary_large_image","twitter_misc":{"Dur\u00e9e de lecture estim\u00e9e":"1 minute"},"schema":{"@context":"https:\/\/schema.org","@graph":[{"@type":"WebPage","@id":"https:\/\/cardinal-tapes.com\/fr\/rubans-adh\u00e9sifs\/rubans-adhesifs-simple-face\/3m-9343-polyurethan-klebeband-2\/","url":"https:\/\/cardinal-tapes.com\/fr\/rubans-adh\u00e9sifs\/rubans-adhesifs-simple-face\/3m-9343-polyurethan-klebeband-2\/","name":"3M\u2122 9343 Ruban adh\u00e9sif \u00e9lastique en polyur\u00e9thane | Cardinal TAPES","isPartOf":{"@id":"https:\/\/cardinal-tapes.com\/#website"},"primaryImageOfPage":{"@id":"https:\/\/cardinal-tapes.com\/fr\/rubans-adh\u00e9sifs\/rubans-adhesifs-simple-face\/3m-9343-polyurethan-klebeband-2\/#primaryimage"},"image":{"@id":"https:\/\/cardinal-tapes.com\/fr\/rubans-adh\u00e9sifs\/rubans-adhesifs-simple-face\/3m-9343-polyurethan-klebeband-2\/#primaryimage"},"thumbnailUrl":"https:\/\/cardinal-tapes.com\/wp-content\/uploads\/3m_eleastisches_polyurethanklebeband_9343.jpg","datePublished":"2023-06-05T15:34:43+00:00","dateModified":"2025-07-07T11:08:59+00:00","description":"Le ruban adh\u00e9sif \u00e9lastique en polyur\u00e9thane 3M\u2122 9343 a \u00e9t\u00e9 sp\u00e9cialement con\u00e7u pour r\u00e9duire le bruit, les vibrations, les grincements et les cliquetis dans l'habitacle des v\u00e9hicules.","breadcrumb":{"@id":"https:\/\/cardinal-tapes.com\/fr\/rubans-adh\u00e9sifs\/rubans-adhesifs-simple-face\/3m-9343-polyurethan-klebeband-2\/#breadcrumb"},"inLanguage":"fr-FR","potentialAction":[{"@type":"ReadAction","target":["https:\/\/cardinal-tapes.com\/fr\/rubans-adh\u00e9sifs\/rubans-adhesifs-simple-face\/3m-9343-polyurethan-klebeband-2\/"]}]},{"@type":"ImageObject","inLanguage":"fr-FR","@id":"https:\/\/cardinal-tapes.com\/fr\/rubans-adh\u00e9sifs\/rubans-adhesifs-simple-face\/3m-9343-polyurethan-klebeband-2\/#primaryimage","url":"https:\/\/cardinal-tapes.com\/wp-content\/uploads\/3m_eleastisches_polyurethanklebeband_9343.jpg","contentUrl":"https:\/\/cardinal-tapes.com\/wp-content\/uploads\/3m_eleastisches_polyurethanklebeband_9343.jpg","width":600,"height":600,"caption":"Ruban adh\u00e9sif en polyur\u00e9thane 3M 9343"},{"@type":"BreadcrumbList","@id":"https:\/\/cardinal-tapes.com\/fr\/rubans-adh\u00e9sifs\/rubans-adhesifs-simple-face\/3m-9343-polyurethan-klebeband-2\/#breadcrumb","itemListElement":[{"@type":"ListItem","position":1,"name":"Startseite","item":"https:\/\/cardinal-tapes.com\/fr\/accueil\/"},{"@type":"ListItem","position":2,"name":"Rubans adh\u00e9sifs","item":"https:\/\/cardinal-tapes.com\/fr\/rubans-adhesifs-fr\/"},{"@type":"ListItem","position":3,"name":"Rubans adh\u00e9sifs simple face","item":"https:\/\/cardinal-tapes.com\/fr\/catgorie\/rubans-adhesifs-simple-face\/"},{"@type":"ListItem","position":4,"name":"3M\u2122 Ruban adh\u00e9sif \u00e9lastique en polyur\u00e9thane 9343"}]},{"@type":"WebSite","@id":"https:\/\/cardinal-tapes.com\/#website","url":"https:\/\/cardinal-tapes.com\/","name":"cardinal TAPES","description":"Klebetechnik aus Wuppertal","potentialAction":[{"@type":"SearchAction","target":{"@type":"EntryPoint","urlTemplate":"https:\/\/cardinal-tapes.com\/?s={search_term_string}"},"query-input":{"@type":"PropertyValueSpecification","valueRequired":true,"valueName":"search_term_string"}}],"inLanguage":"fr-FR"}]}},"brands":[{"id":2167,"name":"3M","slug":"3m-fr"}],"_links":{"self":[{"href":"https:\/\/cardinal-tapes.com\/fr\/wp-json\/wp\/v2\/product\/60198","targetHints":{"allow":["GET"]}}],"collection":[{"href":"https:\/\/cardinal-tapes.com\/fr\/wp-json\/wp\/v2\/product"}],"about":[{"href":"https:\/\/cardinal-tapes.com\/fr\/wp-json\/wp\/v2\/types\/product"}],"wp:featuredmedia":[{"embeddable":true,"href":"https:\/\/cardinal-tapes.com\/fr\/wp-json\/wp\/v2\/media\/24424"}],"wp:attachment":[{"href":"https:\/\/cardinal-tapes.com\/fr\/wp-json\/wp\/v2\/media?parent=60198"}],"wp:term":[{"taxonomy":"pwb-brand","embeddable":true,"href":"https:\/\/cardinal-tapes.com\/fr\/wp-json\/wp\/v2\/pwb-brand?post=60198"},{"taxonomy":"product_brand","embeddable":true,"href":"https:\/\/cardinal-tapes.com\/fr\/wp-json\/wp\/v2\/product_brand?post=60198"},{"taxonomy":"product_cat","embeddable":true,"href":"https:\/\/cardinal-tapes.com\/fr\/wp-json\/wp\/v2\/product_cat?post=60198"},{"taxonomy":"product_tag","embeddable":true,"href":"https:\/\/cardinal-tapes.com\/fr\/wp-json\/wp\/v2\/product_tag?post=60198"}],"curies":[{"name":"wp","href":"https:\/\/api.w.org\/{rel}","templated":true}]}}