{"id":60197,"date":"2017-12-08T09:31:32","date_gmt":"2023-06-05T15:34:43","guid":{"rendered":"https:\/\/cardinal.pixel-tal.de\/klebebaender\/non%20class\u00e9\/ruban-adhesif-en-polyester-3m-8992-l\/"},"modified":"2025-07-07T12:37:50","modified_gmt":"2025-07-07T10:37:50","slug":"3m-8992-bandes-adhesives-en-polyester","status":"publish","type":"product","link":"https:\/\/cardinal-tapes.com\/fr\/rubans-adh\u00e9sifs\/rubans-adhesifs-simple-face\/3m-8992-bandes-adhesives-en-polyester\/","title":{"rendered":"Ruban adh\u00e9sif en polyester 3M\u2122 8992 L"},"content":{"rendered":"<p>Le ruban adh\u00e9sif en polyester 3M\u2122 8992 peut \u00eatre utilis\u00e9 de mani\u00e8re universelle. Il convient parfaitement comme ruban de masquage dans les applications o\u00f9 des temp\u00e9ratures \u00e9lev\u00e9es sont appliqu\u00e9es. Le ruban adh\u00e9sif rev\u00eatu d&#8217;une colle au silicone produit des bords de couleur nets et convient donc tr\u00e8s bien, entre autres, pour le masquage de pi\u00e8ces lors du rev\u00eatement par poudre. Il se d\u00e9tache proprement et en une seule fois de la plupart des surfaces, sans s&#8217;effilocher ni se d\u00e9chirer.<\/p>\n<p><strong>Caract\u00e9ristiques<\/strong><br \/>\nLe ruban adh\u00e9sif 8992 dispose d&#8217;un film polyester qui r\u00e9siste aux solvants, \u00e0 la chaleur, \u00e0 l&#8217;abrasion et au r\u00e9tr\u00e9cissement. La coloration verte assure une bonne visibilit\u00e9 du ruban adh\u00e9sif lors de l&#8217;application et du retrait, et le support fin garantit un bord de couleur propre. en outre, l&#8217;adh\u00e9sif silicone extr\u00eamement r\u00e9sistant permet une utilisation \u00e0 haute temp\u00e9rature. L&#8217;adh\u00e9sif silicone peut \u00eatre retir\u00e9 de nombreuses surfaces sans laisser de traces.<\/p>\n<p><strong>Applications<\/strong><br \/>\n&#8211; Masquage de pi\u00e8ces lors du rev\u00eatement par poudre<br \/>\n&#8211; Collage de mat\u00e9riaux composites<br \/>\n&#8211; Couverture de surfaces m\u00e9talliques dans des bains d&#8217;acide ou de gravure<br \/>\n&#8211; Comme protection de surface contre les rayures lors de la manipulation et du transport<br \/>\n&#8211; Comme aide \u00e0 l&#8217;\u00e9bavurage lors du collage de m\u00e9taux, o\u00f9 le mat\u00e9riau exc\u00e9dentaire (\u00e9poxyde) s&#8217;\u00e9coule sur le ruban adh\u00e9sif<\/p>\n","protected":false},"excerpt":{"rendered":"<p>Le ruban adh\u00e9sif en polyester 3M\u2122 8992 peut \u00eatre utilis\u00e9 de mani\u00e8re universelle. Il convient parfaitement comme ruban de masquage dans les applications o\u00f9 des temp\u00e9ratures \u00e9lev\u00e9es sont appliqu\u00e9es. Le ruban adh\u00e9sif rev\u00eatu d&#8217;une colle au silicone produit des bords de couleur nets et convient donc tr\u00e8s bien, entre autres, pour le masquage de pi\u00e8ces [&hellip;]<\/p>\n","protected":false},"featured_media":24428,"template":"","meta":{"_acf_changed":false},"pwb-brand":[2167],"product_brand":[],"product_cat":[1836],"product_tag":[],"class_list":{"0":"post-60197","1":"product","2":"type-product","3":"status-publish","4":"has-post-thumbnail","6":"pwb-brand-3m-fr","7":"product_cat-rubans-adhesifs-simple-face","9":"first","10":"instock","11":"taxable","12":"shipping-taxable","13":"purchasable","14":"product-type-variable"},"acf":[],"yoast_head":"<!-- This site is optimized with the Yoast SEO plugin v27.3 - https:\/\/yoast.com\/product\/yoast-seo-wordpress\/ -->\n<title>3M\u2122 8992L Ruban adh\u00e9sif en polyester | Cardinal Tapes<\/title>\n<meta name=\"description\" content=\"Le ruban adh\u00e9sif en polyester 3M\u2122 8992 peut \u00eatre utilis\u00e9 de mani\u00e8re universelle. Il convient \u00e9galement parfaitement comme ruban de masquage dans les applications o\u00f9 des temp\u00e9ratures \u00e9lev\u00e9es sont appliqu\u00e9es.\" \/>\n<meta name=\"robots\" content=\"index, follow, max-snippet:-1, max-image-preview:large, max-video-preview:-1\" \/>\n<link rel=\"canonical\" href=\"https:\/\/cardinal-tapes.com\/fr\/rubans-adh\u00e9sifs\/rubans-adhesifs-simple-face\/3m-8992-bandes-adhesives-en-polyester\/\" \/>\n<meta property=\"og:locale\" content=\"fr_FR\" \/>\n<meta property=\"og:type\" content=\"article\" \/>\n<meta property=\"og:title\" content=\"3M\u2122 8992L Ruban adh\u00e9sif en polyester | Cardinal Tapes\" \/>\n<meta property=\"og:description\" content=\"Le ruban adh\u00e9sif en polyester 3M\u2122 8992 peut \u00eatre utilis\u00e9 de mani\u00e8re universelle. Il convient \u00e9galement parfaitement comme ruban de masquage dans les applications o\u00f9 des temp\u00e9ratures \u00e9lev\u00e9es sont appliqu\u00e9es.\" \/>\n<meta property=\"og:url\" content=\"https:\/\/cardinal-tapes.com\/fr\/rubans-adh\u00e9sifs\/rubans-adhesifs-simple-face\/3m-8992-bandes-adhesives-en-polyester\/\" \/>\n<meta property=\"og:site_name\" content=\"cardinal TAPES\" \/>\n<meta property=\"article:modified_time\" content=\"2025-07-07T10:37:50+00:00\" \/>\n<meta property=\"og:image\" content=\"https:\/\/cardinal-tapes.com\/wp-content\/uploads\/3m_polyesterklebeband_8992.jpg\" \/>\n\t<meta property=\"og:image:width\" content=\"600\" \/>\n\t<meta property=\"og:image:height\" content=\"600\" \/>\n\t<meta property=\"og:image:type\" content=\"image\/jpeg\" \/>\n<meta name=\"twitter:card\" content=\"summary_large_image\" \/>\n<meta name=\"twitter:label1\" content=\"Dur\u00e9e de lecture estim\u00e9e\" \/>\n\t<meta name=\"twitter:data1\" content=\"1 minute\" \/>\n<script type=\"application\/ld+json\" class=\"yoast-schema-graph\">{\"@context\":\"https:\\\/\\\/schema.org\",\"@graph\":[{\"@type\":\"WebPage\",\"@id\":\"https:\\\/\\\/cardinal-tapes.com\\\/fr\\\/rubans-adh\u00e9sifs\\\/rubans-adhesifs-simple-face\\\/3m-8992-bandes-adhesives-en-polyester\\\/\",\"url\":\"https:\\\/\\\/cardinal-tapes.com\\\/fr\\\/rubans-adh\u00e9sifs\\\/rubans-adhesifs-simple-face\\\/3m-8992-bandes-adhesives-en-polyester\\\/\",\"name\":\"3M\u2122 8992L Ruban adh\u00e9sif en polyester | Cardinal Tapes\",\"isPartOf\":{\"@id\":\"https:\\\/\\\/cardinal-tapes.com\\\/#website\"},\"primaryImageOfPage\":{\"@id\":\"https:\\\/\\\/cardinal-tapes.com\\\/fr\\\/rubans-adh\u00e9sifs\\\/rubans-adhesifs-simple-face\\\/3m-8992-bandes-adhesives-en-polyester\\\/#primaryimage\"},\"image\":{\"@id\":\"https:\\\/\\\/cardinal-tapes.com\\\/fr\\\/rubans-adh\u00e9sifs\\\/rubans-adhesifs-simple-face\\\/3m-8992-bandes-adhesives-en-polyester\\\/#primaryimage\"},\"thumbnailUrl\":\"https:\\\/\\\/cardinal-tapes.com\\\/wp-content\\\/uploads\\\/3m_polyesterklebeband_8992.jpg\",\"datePublished\":\"2023-06-05T15:34:43+00:00\",\"dateModified\":\"2025-07-07T10:37:50+00:00\",\"description\":\"Le ruban adh\u00e9sif en polyester 3M\u2122 8992 peut \u00eatre utilis\u00e9 de mani\u00e8re universelle. Il convient \u00e9galement parfaitement comme ruban de masquage dans les applications o\u00f9 des temp\u00e9ratures \u00e9lev\u00e9es sont appliqu\u00e9es.\",\"breadcrumb\":{\"@id\":\"https:\\\/\\\/cardinal-tapes.com\\\/fr\\\/rubans-adh\u00e9sifs\\\/rubans-adhesifs-simple-face\\\/3m-8992-bandes-adhesives-en-polyester\\\/#breadcrumb\"},\"inLanguage\":\"fr-FR\",\"potentialAction\":[{\"@type\":\"ReadAction\",\"target\":[\"https:\\\/\\\/cardinal-tapes.com\\\/fr\\\/rubans-adh\u00e9sifs\\\/rubans-adhesifs-simple-face\\\/3m-8992-bandes-adhesives-en-polyester\\\/\"]}]},{\"@type\":\"ImageObject\",\"inLanguage\":\"fr-FR\",\"@id\":\"https:\\\/\\\/cardinal-tapes.com\\\/fr\\\/rubans-adh\u00e9sifs\\\/rubans-adhesifs-simple-face\\\/3m-8992-bandes-adhesives-en-polyester\\\/#primaryimage\",\"url\":\"https:\\\/\\\/cardinal-tapes.com\\\/wp-content\\\/uploads\\\/3m_polyesterklebeband_8992.jpg\",\"contentUrl\":\"https:\\\/\\\/cardinal-tapes.com\\\/wp-content\\\/uploads\\\/3m_polyesterklebeband_8992.jpg\",\"width\":600,\"height\":600,\"caption\":\"Ruban adh\u00e9sif en polyester 3M 8992\"},{\"@type\":\"BreadcrumbList\",\"@id\":\"https:\\\/\\\/cardinal-tapes.com\\\/fr\\\/rubans-adh\u00e9sifs\\\/rubans-adhesifs-simple-face\\\/3m-8992-bandes-adhesives-en-polyester\\\/#breadcrumb\",\"itemListElement\":[{\"@type\":\"ListItem\",\"position\":1,\"name\":\"Startseite\",\"item\":\"https:\\\/\\\/cardinal-tapes.com\\\/fr\\\/accueil\\\/\"},{\"@type\":\"ListItem\",\"position\":2,\"name\":\"Rubans adh\u00e9sifs\",\"item\":\"https:\\\/\\\/cardinal-tapes.com\\\/fr\\\/rubans-adhesifs-fr\\\/\"},{\"@type\":\"ListItem\",\"position\":3,\"name\":\"Rubans adh\u00e9sifs simple face\",\"item\":\"https:\\\/\\\/cardinal-tapes.com\\\/fr\\\/catgorie\\\/rubans-adhesifs-simple-face\\\/\"},{\"@type\":\"ListItem\",\"position\":4,\"name\":\"Ruban adh\u00e9sif en polyester 3M\u2122 8992 L\"}]},{\"@type\":\"WebSite\",\"@id\":\"https:\\\/\\\/cardinal-tapes.com\\\/#website\",\"url\":\"https:\\\/\\\/cardinal-tapes.com\\\/\",\"name\":\"cardinal TAPES\",\"description\":\"Klebetechnik aus Wuppertal\",\"potentialAction\":[{\"@type\":\"SearchAction\",\"target\":{\"@type\":\"EntryPoint\",\"urlTemplate\":\"https:\\\/\\\/cardinal-tapes.com\\\/?s={search_term_string}\"},\"query-input\":{\"@type\":\"PropertyValueSpecification\",\"valueRequired\":true,\"valueName\":\"search_term_string\"}}],\"inLanguage\":\"fr-FR\"}]}<\/script>\n<!-- \/ Yoast SEO plugin. -->","yoast_head_json":{"title":"3M\u2122 8992L Ruban adh\u00e9sif en polyester | Cardinal Tapes","description":"Le ruban adh\u00e9sif en polyester 3M\u2122 8992 peut \u00eatre utilis\u00e9 de mani\u00e8re universelle. Il convient \u00e9galement parfaitement comme ruban de masquage dans les applications o\u00f9 des temp\u00e9ratures \u00e9lev\u00e9es sont appliqu\u00e9es.","robots":{"index":"index","follow":"follow","max-snippet":"max-snippet:-1","max-image-preview":"max-image-preview:large","max-video-preview":"max-video-preview:-1"},"canonical":"https:\/\/cardinal-tapes.com\/fr\/rubans-adh\u00e9sifs\/rubans-adhesifs-simple-face\/3m-8992-bandes-adhesives-en-polyester\/","og_locale":"fr_FR","og_type":"article","og_title":"3M\u2122 8992L Ruban adh\u00e9sif en polyester | Cardinal Tapes","og_description":"Le ruban adh\u00e9sif en polyester 3M\u2122 8992 peut \u00eatre utilis\u00e9 de mani\u00e8re universelle. Il convient \u00e9galement parfaitement comme ruban de masquage dans les applications o\u00f9 des temp\u00e9ratures \u00e9lev\u00e9es sont appliqu\u00e9es.","og_url":"https:\/\/cardinal-tapes.com\/fr\/rubans-adh\u00e9sifs\/rubans-adhesifs-simple-face\/3m-8992-bandes-adhesives-en-polyester\/","og_site_name":"cardinal TAPES","article_modified_time":"2025-07-07T10:37:50+00:00","og_image":[{"width":600,"height":600,"url":"https:\/\/cardinal-tapes.com\/wp-content\/uploads\/3m_polyesterklebeband_8992.jpg","type":"image\/jpeg"}],"twitter_card":"summary_large_image","twitter_misc":{"Dur\u00e9e de lecture estim\u00e9e":"1 minute"},"schema":{"@context":"https:\/\/schema.org","@graph":[{"@type":"WebPage","@id":"https:\/\/cardinal-tapes.com\/fr\/rubans-adh\u00e9sifs\/rubans-adhesifs-simple-face\/3m-8992-bandes-adhesives-en-polyester\/","url":"https:\/\/cardinal-tapes.com\/fr\/rubans-adh\u00e9sifs\/rubans-adhesifs-simple-face\/3m-8992-bandes-adhesives-en-polyester\/","name":"3M\u2122 8992L Ruban adh\u00e9sif en polyester | Cardinal Tapes","isPartOf":{"@id":"https:\/\/cardinal-tapes.com\/#website"},"primaryImageOfPage":{"@id":"https:\/\/cardinal-tapes.com\/fr\/rubans-adh\u00e9sifs\/rubans-adhesifs-simple-face\/3m-8992-bandes-adhesives-en-polyester\/#primaryimage"},"image":{"@id":"https:\/\/cardinal-tapes.com\/fr\/rubans-adh\u00e9sifs\/rubans-adhesifs-simple-face\/3m-8992-bandes-adhesives-en-polyester\/#primaryimage"},"thumbnailUrl":"https:\/\/cardinal-tapes.com\/wp-content\/uploads\/3m_polyesterklebeband_8992.jpg","datePublished":"2023-06-05T15:34:43+00:00","dateModified":"2025-07-07T10:37:50+00:00","description":"Le ruban adh\u00e9sif en polyester 3M\u2122 8992 peut \u00eatre utilis\u00e9 de mani\u00e8re universelle. Il convient \u00e9galement parfaitement comme ruban de masquage dans les applications o\u00f9 des temp\u00e9ratures \u00e9lev\u00e9es sont appliqu\u00e9es.","breadcrumb":{"@id":"https:\/\/cardinal-tapes.com\/fr\/rubans-adh\u00e9sifs\/rubans-adhesifs-simple-face\/3m-8992-bandes-adhesives-en-polyester\/#breadcrumb"},"inLanguage":"fr-FR","potentialAction":[{"@type":"ReadAction","target":["https:\/\/cardinal-tapes.com\/fr\/rubans-adh\u00e9sifs\/rubans-adhesifs-simple-face\/3m-8992-bandes-adhesives-en-polyester\/"]}]},{"@type":"ImageObject","inLanguage":"fr-FR","@id":"https:\/\/cardinal-tapes.com\/fr\/rubans-adh\u00e9sifs\/rubans-adhesifs-simple-face\/3m-8992-bandes-adhesives-en-polyester\/#primaryimage","url":"https:\/\/cardinal-tapes.com\/wp-content\/uploads\/3m_polyesterklebeband_8992.jpg","contentUrl":"https:\/\/cardinal-tapes.com\/wp-content\/uploads\/3m_polyesterklebeband_8992.jpg","width":600,"height":600,"caption":"Ruban adh\u00e9sif en polyester 3M 8992"},{"@type":"BreadcrumbList","@id":"https:\/\/cardinal-tapes.com\/fr\/rubans-adh\u00e9sifs\/rubans-adhesifs-simple-face\/3m-8992-bandes-adhesives-en-polyester\/#breadcrumb","itemListElement":[{"@type":"ListItem","position":1,"name":"Startseite","item":"https:\/\/cardinal-tapes.com\/fr\/accueil\/"},{"@type":"ListItem","position":2,"name":"Rubans adh\u00e9sifs","item":"https:\/\/cardinal-tapes.com\/fr\/rubans-adhesifs-fr\/"},{"@type":"ListItem","position":3,"name":"Rubans adh\u00e9sifs simple face","item":"https:\/\/cardinal-tapes.com\/fr\/catgorie\/rubans-adhesifs-simple-face\/"},{"@type":"ListItem","position":4,"name":"Ruban adh\u00e9sif en polyester 3M\u2122 8992 L"}]},{"@type":"WebSite","@id":"https:\/\/cardinal-tapes.com\/#website","url":"https:\/\/cardinal-tapes.com\/","name":"cardinal TAPES","description":"Klebetechnik aus Wuppertal","potentialAction":[{"@type":"SearchAction","target":{"@type":"EntryPoint","urlTemplate":"https:\/\/cardinal-tapes.com\/?s={search_term_string}"},"query-input":{"@type":"PropertyValueSpecification","valueRequired":true,"valueName":"search_term_string"}}],"inLanguage":"fr-FR"}]}},"brands":[{"id":2167,"name":"3M","slug":"3m-fr"}],"_links":{"self":[{"href":"https:\/\/cardinal-tapes.com\/fr\/wp-json\/wp\/v2\/product\/60197","targetHints":{"allow":["GET"]}}],"collection":[{"href":"https:\/\/cardinal-tapes.com\/fr\/wp-json\/wp\/v2\/product"}],"about":[{"href":"https:\/\/cardinal-tapes.com\/fr\/wp-json\/wp\/v2\/types\/product"}],"wp:featuredmedia":[{"embeddable":true,"href":"https:\/\/cardinal-tapes.com\/fr\/wp-json\/wp\/v2\/media\/24428"}],"wp:attachment":[{"href":"https:\/\/cardinal-tapes.com\/fr\/wp-json\/wp\/v2\/media?parent=60197"}],"wp:term":[{"taxonomy":"pwb-brand","embeddable":true,"href":"https:\/\/cardinal-tapes.com\/fr\/wp-json\/wp\/v2\/pwb-brand?post=60197"},{"taxonomy":"product_brand","embeddable":true,"href":"https:\/\/cardinal-tapes.com\/fr\/wp-json\/wp\/v2\/product_brand?post=60197"},{"taxonomy":"product_cat","embeddable":true,"href":"https:\/\/cardinal-tapes.com\/fr\/wp-json\/wp\/v2\/product_cat?post=60197"},{"taxonomy":"product_tag","embeddable":true,"href":"https:\/\/cardinal-tapes.com\/fr\/wp-json\/wp\/v2\/product_tag?post=60197"}],"curies":[{"name":"wp","href":"https:\/\/api.w.org\/{rel}","templated":true}]}}