{"id":59810,"date":"2018-02-07T11:12:41","date_gmt":"2023-06-05T15:29:39","guid":{"rendered":"https:\/\/cardinal.pixel-tal.de\/klebebaender\/non%20class\u00e9\/tesakrepp-4322-ruban-de-masquage-universel-en-papier\/"},"modified":"2023-06-05T17:33:09","modified_gmt":"2023-06-05T15:33:09","slug":"tesa-4322-ruban-de-masquage-universel-en-papier","status":"publish","type":"product","link":"https:\/\/cardinal-tapes.com\/fr\/rubans-adh\u00e9sifs\/domaines-dapplication\/industrie-automobile\/tesa-4322-ruban-de-masquage-universel-en-papier\/","title":{"rendered":"tesakrepp\u00ae 4322 Ruban de masquage universel en papier"},"content":{"rendered":"<p><sup>tesakrepp\u00ae<\/sup> 4322 est un ruban de masquage universel en papier fortement cr\u00eap\u00e9 avec un pouvoir adh\u00e9sif tr\u00e8s \u00e9lev\u00e9. La r\u00e9serve d&#8217;allongement exceptionnellement \u00e9lev\u00e9e du support souple permet un collage parfait et solide m\u00eame dans les courbes \u00e0 petits rayons, sur les supports rugueux ou les formes difficiles.<\/p>\n<p><strong>Caract\u00e9ristiques<\/strong><br \/>\n&#8211; R\u00e9sistant \u00e0 la temp\u00e9rature<br \/>\n&#8211; Bonne adh\u00e9rence sur les peintures<br \/>\n&#8211; D\u00e9chirable \u00e0 la main<\/p>\n<p><strong>Applications-<br \/>\n<\/strong>&#8211; Couvrir lors de travaux de peinture avec des laques s\u00e9chant \u00e0 l&#8217;air.<br \/>\n&#8211; Fixation de masques en papier.<br \/>\n&#8211; Emballer et botteler.<br \/>\n&#8211; Couverture avant la pulv\u00e9risation du dessous de caisse de l&#8217;automobile.<br \/>\n&#8211; Collage des coutures (bande de renfort) dans l&#8217;industrie de la chaussure.<\/p>\n<p>&nbsp;<\/p>\n<p>&nbsp;<\/p>\n","protected":false},"excerpt":{"rendered":"<p>tesakrepp\u00ae 4322 est un ruban de masquage universel en papier fortement cr\u00eap\u00e9 avec un pouvoir adh\u00e9sif tr\u00e8s \u00e9lev\u00e9. La r\u00e9serve d&#8217;allongement exceptionnellement \u00e9lev\u00e9e du support souple permet un collage parfait et solide m\u00eame dans les courbes \u00e0 petits rayons, sur les supports rugueux ou les formes difficiles. Caract\u00e9ristiques &#8211; R\u00e9sistant \u00e0 la temp\u00e9rature &#8211; Bonne [&hellip;]<\/p>\n","protected":false},"featured_media":26216,"template":"","meta":{"_acf_changed":false},"pwb-brand":[2165],"product_brand":[],"product_cat":[1667,1766,1836],"product_tag":[],"class_list":{"0":"post-59810","1":"product","2":"type-product","3":"status-publish","4":"has-post-thumbnail","6":"pwb-brand-tesa-fr","7":"product_cat-industrie-automobile","8":"product_cat-ruban-adhesif-en-papier","9":"product_cat-rubans-adhesifs-simple-face","11":"first","12":"instock","13":"taxable","14":"shipping-taxable","15":"purchasable","16":"product-type-variable"},"acf":[],"yoast_head":"<!-- This site is optimized with the Yoast SEO plugin v27.3 - https:\/\/yoast.com\/product\/yoast-seo-wordpress\/ -->\n<title>tesa 4322 ruban de masquage universel pour papier | Cardinal TAPES<\/title>\n<meta name=\"description\" content=\"tesa 4322 est un ruban de masquage universel en papier fortement cr\u00eap\u00e9. Il offre un pouvoir adh\u00e9sif tr\u00e8s \u00e9lev\u00e9 ainsi qu&#039;une r\u00e9serve d&#039;allongement exceptionnelle.\" \/>\n<meta name=\"robots\" content=\"index, follow, max-snippet:-1, max-image-preview:large, max-video-preview:-1\" \/>\n<link rel=\"canonical\" href=\"https:\/\/cardinal-tapes.com\/fr\/rubans-adh\u00e9sifs\/industrie-automobile\/tesa-4322-ruban-de-masquage-universel-en-papier\/\" \/>\n<meta property=\"og:locale\" content=\"fr_FR\" \/>\n<meta property=\"og:type\" content=\"article\" \/>\n<meta property=\"og:title\" content=\"tesa 4322 ruban de masquage universel pour papier | Cardinal TAPES\" \/>\n<meta property=\"og:description\" content=\"tesa 4322 est un ruban de masquage universel en papier fortement cr\u00eap\u00e9. Il offre un pouvoir adh\u00e9sif tr\u00e8s \u00e9lev\u00e9 ainsi qu&#039;une r\u00e9serve d&#039;allongement exceptionnelle.\" \/>\n<meta property=\"og:url\" content=\"https:\/\/cardinal-tapes.com\/fr\/rubans-adh\u00e9sifs\/industrie-automobile\/tesa-4322-ruban-de-masquage-universel-en-papier\/\" \/>\n<meta property=\"og:site_name\" content=\"cardinal TAPES\" \/>\n<meta property=\"article:modified_time\" content=\"2023-06-05T15:33:09+00:00\" \/>\n<meta property=\"og:image\" content=\"https:\/\/cardinal-tapes.com\/wp-content\/uploads\/tesa-04322.jpg\" \/>\n\t<meta property=\"og:image:width\" content=\"600\" \/>\n\t<meta property=\"og:image:height\" content=\"600\" \/>\n\t<meta property=\"og:image:type\" content=\"image\/jpeg\" \/>\n<meta name=\"twitter:card\" content=\"summary_large_image\" \/>\n<meta name=\"twitter:label1\" content=\"Dur\u00e9e de lecture estim\u00e9e\" \/>\n\t<meta name=\"twitter:data1\" content=\"1 minute\" \/>\n<script type=\"application\/ld+json\" class=\"yoast-schema-graph\">{\"@context\":\"https:\\\/\\\/schema.org\",\"@graph\":[{\"@type\":\"WebPage\",\"@id\":\"https:\\\/\\\/cardinal-tapes.com\\\/fr\\\/rubans-adh\u00e9sifs\\\/industrie-automobile\\\/tesa-4322-ruban-de-masquage-universel-en-papier\\\/\",\"url\":\"https:\\\/\\\/cardinal-tapes.com\\\/fr\\\/rubans-adh\u00e9sifs\\\/industrie-automobile\\\/tesa-4322-ruban-de-masquage-universel-en-papier\\\/\",\"name\":\"tesa 4322 ruban de masquage universel pour papier | Cardinal TAPES\",\"isPartOf\":{\"@id\":\"https:\\\/\\\/cardinal-tapes.com\\\/#website\"},\"primaryImageOfPage\":{\"@id\":\"https:\\\/\\\/cardinal-tapes.com\\\/fr\\\/rubans-adh\u00e9sifs\\\/industrie-automobile\\\/tesa-4322-ruban-de-masquage-universel-en-papier\\\/#primaryimage\"},\"image\":{\"@id\":\"https:\\\/\\\/cardinal-tapes.com\\\/fr\\\/rubans-adh\u00e9sifs\\\/industrie-automobile\\\/tesa-4322-ruban-de-masquage-universel-en-papier\\\/#primaryimage\"},\"thumbnailUrl\":\"https:\\\/\\\/cardinal-tapes.com\\\/wp-content\\\/uploads\\\/tesa-04322.jpg\",\"datePublished\":\"2023-06-05T15:29:39+00:00\",\"dateModified\":\"2023-06-05T15:33:09+00:00\",\"description\":\"tesa 4322 est un ruban de masquage universel en papier fortement cr\u00eap\u00e9. Il offre un pouvoir adh\u00e9sif tr\u00e8s \u00e9lev\u00e9 ainsi qu'une r\u00e9serve d'allongement exceptionnelle.\",\"breadcrumb\":{\"@id\":\"https:\\\/\\\/cardinal-tapes.com\\\/fr\\\/rubans-adh\u00e9sifs\\\/industrie-automobile\\\/tesa-4322-ruban-de-masquage-universel-en-papier\\\/#breadcrumb\"},\"inLanguage\":\"fr-FR\",\"potentialAction\":[{\"@type\":\"ReadAction\",\"target\":[\"https:\\\/\\\/cardinal-tapes.com\\\/fr\\\/rubans-adh\u00e9sifs\\\/industrie-automobile\\\/tesa-4322-ruban-de-masquage-universel-en-papier\\\/\"]}]},{\"@type\":\"ImageObject\",\"inLanguage\":\"fr-FR\",\"@id\":\"https:\\\/\\\/cardinal-tapes.com\\\/fr\\\/rubans-adh\u00e9sifs\\\/industrie-automobile\\\/tesa-4322-ruban-de-masquage-universel-en-papier\\\/#primaryimage\",\"url\":\"https:\\\/\\\/cardinal-tapes.com\\\/wp-content\\\/uploads\\\/tesa-04322.jpg\",\"contentUrl\":\"https:\\\/\\\/cardinal-tapes.com\\\/wp-content\\\/uploads\\\/tesa-04322.jpg\",\"width\":600,\"height\":600,\"caption\":\"tesa 4322\"},{\"@type\":\"BreadcrumbList\",\"@id\":\"https:\\\/\\\/cardinal-tapes.com\\\/fr\\\/rubans-adh\u00e9sifs\\\/industrie-automobile\\\/tesa-4322-ruban-de-masquage-universel-en-papier\\\/#breadcrumb\",\"itemListElement\":[{\"@type\":\"ListItem\",\"position\":1,\"name\":\"Startseite\",\"item\":\"https:\\\/\\\/cardinal-tapes.com\\\/fr\\\/accueil\\\/\"},{\"@type\":\"ListItem\",\"position\":2,\"name\":\"Rubans adh\u00e9sifs\",\"item\":\"https:\\\/\\\/cardinal-tapes.com\\\/fr\\\/rubans-adhesifs-fr\\\/\"},{\"@type\":\"ListItem\",\"position\":3,\"name\":\"Industrie automobile\",\"item\":\"https:\\\/\\\/cardinal-tapes.com\\\/fr\\\/catgorie\\\/industrie-automobile\\\/\"},{\"@type\":\"ListItem\",\"position\":4,\"name\":\"tesakrepp\u00ae 4322 Ruban de masquage universel en papier\"}]},{\"@type\":\"WebSite\",\"@id\":\"https:\\\/\\\/cardinal-tapes.com\\\/#website\",\"url\":\"https:\\\/\\\/cardinal-tapes.com\\\/\",\"name\":\"cardinal TAPES\",\"description\":\"Klebetechnik aus Wuppertal\",\"potentialAction\":[{\"@type\":\"SearchAction\",\"target\":{\"@type\":\"EntryPoint\",\"urlTemplate\":\"https:\\\/\\\/cardinal-tapes.com\\\/?s={search_term_string}\"},\"query-input\":{\"@type\":\"PropertyValueSpecification\",\"valueRequired\":true,\"valueName\":\"search_term_string\"}}],\"inLanguage\":\"fr-FR\"}]}<\/script>\n<!-- \/ Yoast SEO plugin. -->","yoast_head_json":{"title":"tesa 4322 ruban de masquage universel pour papier | Cardinal TAPES","description":"tesa 4322 est un ruban de masquage universel en papier fortement cr\u00eap\u00e9. Il offre un pouvoir adh\u00e9sif tr\u00e8s \u00e9lev\u00e9 ainsi qu'une r\u00e9serve d'allongement exceptionnelle.","robots":{"index":"index","follow":"follow","max-snippet":"max-snippet:-1","max-image-preview":"max-image-preview:large","max-video-preview":"max-video-preview:-1"},"canonical":"https:\/\/cardinal-tapes.com\/fr\/rubans-adh\u00e9sifs\/industrie-automobile\/tesa-4322-ruban-de-masquage-universel-en-papier\/","og_locale":"fr_FR","og_type":"article","og_title":"tesa 4322 ruban de masquage universel pour papier | Cardinal TAPES","og_description":"tesa 4322 est un ruban de masquage universel en papier fortement cr\u00eap\u00e9. Il offre un pouvoir adh\u00e9sif tr\u00e8s \u00e9lev\u00e9 ainsi qu'une r\u00e9serve d'allongement exceptionnelle.","og_url":"https:\/\/cardinal-tapes.com\/fr\/rubans-adh\u00e9sifs\/industrie-automobile\/tesa-4322-ruban-de-masquage-universel-en-papier\/","og_site_name":"cardinal TAPES","article_modified_time":"2023-06-05T15:33:09+00:00","og_image":[{"width":600,"height":600,"url":"https:\/\/cardinal-tapes.com\/wp-content\/uploads\/tesa-04322.jpg","type":"image\/jpeg"}],"twitter_card":"summary_large_image","twitter_misc":{"Dur\u00e9e de lecture estim\u00e9e":"1 minute"},"schema":{"@context":"https:\/\/schema.org","@graph":[{"@type":"WebPage","@id":"https:\/\/cardinal-tapes.com\/fr\/rubans-adh\u00e9sifs\/industrie-automobile\/tesa-4322-ruban-de-masquage-universel-en-papier\/","url":"https:\/\/cardinal-tapes.com\/fr\/rubans-adh\u00e9sifs\/industrie-automobile\/tesa-4322-ruban-de-masquage-universel-en-papier\/","name":"tesa 4322 ruban de masquage universel pour papier | Cardinal TAPES","isPartOf":{"@id":"https:\/\/cardinal-tapes.com\/#website"},"primaryImageOfPage":{"@id":"https:\/\/cardinal-tapes.com\/fr\/rubans-adh\u00e9sifs\/industrie-automobile\/tesa-4322-ruban-de-masquage-universel-en-papier\/#primaryimage"},"image":{"@id":"https:\/\/cardinal-tapes.com\/fr\/rubans-adh\u00e9sifs\/industrie-automobile\/tesa-4322-ruban-de-masquage-universel-en-papier\/#primaryimage"},"thumbnailUrl":"https:\/\/cardinal-tapes.com\/wp-content\/uploads\/tesa-04322.jpg","datePublished":"2023-06-05T15:29:39+00:00","dateModified":"2023-06-05T15:33:09+00:00","description":"tesa 4322 est un ruban de masquage universel en papier fortement cr\u00eap\u00e9. Il offre un pouvoir adh\u00e9sif tr\u00e8s \u00e9lev\u00e9 ainsi qu'une r\u00e9serve d'allongement exceptionnelle.","breadcrumb":{"@id":"https:\/\/cardinal-tapes.com\/fr\/rubans-adh\u00e9sifs\/industrie-automobile\/tesa-4322-ruban-de-masquage-universel-en-papier\/#breadcrumb"},"inLanguage":"fr-FR","potentialAction":[{"@type":"ReadAction","target":["https:\/\/cardinal-tapes.com\/fr\/rubans-adh\u00e9sifs\/industrie-automobile\/tesa-4322-ruban-de-masquage-universel-en-papier\/"]}]},{"@type":"ImageObject","inLanguage":"fr-FR","@id":"https:\/\/cardinal-tapes.com\/fr\/rubans-adh\u00e9sifs\/industrie-automobile\/tesa-4322-ruban-de-masquage-universel-en-papier\/#primaryimage","url":"https:\/\/cardinal-tapes.com\/wp-content\/uploads\/tesa-04322.jpg","contentUrl":"https:\/\/cardinal-tapes.com\/wp-content\/uploads\/tesa-04322.jpg","width":600,"height":600,"caption":"tesa 4322"},{"@type":"BreadcrumbList","@id":"https:\/\/cardinal-tapes.com\/fr\/rubans-adh\u00e9sifs\/industrie-automobile\/tesa-4322-ruban-de-masquage-universel-en-papier\/#breadcrumb","itemListElement":[{"@type":"ListItem","position":1,"name":"Startseite","item":"https:\/\/cardinal-tapes.com\/fr\/accueil\/"},{"@type":"ListItem","position":2,"name":"Rubans adh\u00e9sifs","item":"https:\/\/cardinal-tapes.com\/fr\/rubans-adhesifs-fr\/"},{"@type":"ListItem","position":3,"name":"Industrie automobile","item":"https:\/\/cardinal-tapes.com\/fr\/catgorie\/industrie-automobile\/"},{"@type":"ListItem","position":4,"name":"tesakrepp\u00ae 4322 Ruban de masquage universel en papier"}]},{"@type":"WebSite","@id":"https:\/\/cardinal-tapes.com\/#website","url":"https:\/\/cardinal-tapes.com\/","name":"cardinal TAPES","description":"Klebetechnik aus Wuppertal","potentialAction":[{"@type":"SearchAction","target":{"@type":"EntryPoint","urlTemplate":"https:\/\/cardinal-tapes.com\/?s={search_term_string}"},"query-input":{"@type":"PropertyValueSpecification","valueRequired":true,"valueName":"search_term_string"}}],"inLanguage":"fr-FR"}]}},"brands":[{"id":2165,"name":"tesa","slug":"tesa-fr"}],"_links":{"self":[{"href":"https:\/\/cardinal-tapes.com\/fr\/wp-json\/wp\/v2\/product\/59810","targetHints":{"allow":["GET"]}}],"collection":[{"href":"https:\/\/cardinal-tapes.com\/fr\/wp-json\/wp\/v2\/product"}],"about":[{"href":"https:\/\/cardinal-tapes.com\/fr\/wp-json\/wp\/v2\/types\/product"}],"wp:featuredmedia":[{"embeddable":true,"href":"https:\/\/cardinal-tapes.com\/fr\/wp-json\/wp\/v2\/media\/26216"}],"wp:attachment":[{"href":"https:\/\/cardinal-tapes.com\/fr\/wp-json\/wp\/v2\/media?parent=59810"}],"wp:term":[{"taxonomy":"pwb-brand","embeddable":true,"href":"https:\/\/cardinal-tapes.com\/fr\/wp-json\/wp\/v2\/pwb-brand?post=59810"},{"taxonomy":"product_brand","embeddable":true,"href":"https:\/\/cardinal-tapes.com\/fr\/wp-json\/wp\/v2\/product_brand?post=59810"},{"taxonomy":"product_cat","embeddable":true,"href":"https:\/\/cardinal-tapes.com\/fr\/wp-json\/wp\/v2\/product_cat?post=59810"},{"taxonomy":"product_tag","embeddable":true,"href":"https:\/\/cardinal-tapes.com\/fr\/wp-json\/wp\/v2\/product_tag?post=59810"}],"curies":[{"name":"wp","href":"https:\/\/api.w.org\/{rel}","templated":true}]}}